{"id":67177,"date":"2025-06-05T13:59:42","date_gmt":"2025-06-05T12:59:42","guid":{"rendered":"https:\/\/truusk.store\/product\/fatolj-med-pall-oronlappstol-med-hog-ryggstod-traben-loungestol-med-tuftad-design-cord-utseende-for-vardagsrum-brun\/"},"modified":"2026-03-12T09:43:18","modified_gmt":"2026-03-12T08:43:18","slug":"truusk-loungestol-med-pall-hog-ryggstod-traben-tuftad-design-cord-utseende-brun","status":"publish","type":"product","link":"https:\/\/truusk.store\/sv\/produkt\/truusk-loungestol-med-pall-hog-ryggstod-traben-tuftad-design-cord-utseende-brun\/","title":{"rendered":"TRUUSK Loungestol med Pall &#8211; H\u00f6g Ryggst\u00f6d &#8211; Tr\u00e4ben &#8211; Tuftad Design &#8211; Cord-utseende &#8211; Brun"},"content":{"rendered":"<p>S\u00e4tt ditt hem i stil med detta set av loungestol och ottoman fr\u00e5n TRUUSK. Den tjockt vadderade sittytan ger mycket komfort, medan du kan lyfta upp f\u00f6tterna p\u00e5 den extra pall. Denna stol \u00e4r en vacker och bekv\u00e4m sittplats f\u00f6r att l\u00e4sa en bok, slappa med en v\u00e4n eller bara tillbringa tid med dig sj\u00e4lv &#8211; med setet av l\u00e4sstol och pall blir kv\u00e4llen mysig.<\/p>\n<p>Beskrivning:<\/p>\n<ul>\n<li> Set best\u00e5ende av vardagsrumsstol och ottoman<\/li>\n<li> Anv\u00e4nd ottomanen som fotpall eller som extra sittplats<\/li>\n<li> Ovandel i cord-look och boktr\u00e4ben ger ditt hem en glamor\u00f6s touch<\/li>\n<li> Vadderade kuddar och ergonomiska armst\u00f6d p\u00e5 stolen ger h\u00f6g komfort<\/li>\n<li> Inbyggd st\u00e5lram och justerbara golvskydd p\u00e5 stolbenen ger mer stabilitet<\/li>\n<li> Idealisk f\u00f6r vardagsrum, sovrum, studierum och mer<\/li>\n<li> Montering kr\u00e4vs<\/li>\n<\/ul>\n<p> Tekniska data:<\/p>\n<ul>\n<li> F\u00e4rg: Brun<\/li>\n<li> Material: Bok, skum, cord (100% polyester)<\/li>\n<li> Stolens dimensioner: 72L x 80B x 101H cm<\/li>\n<li> Ottomanens dimensioner: 65B x 43T x 38H cm<\/li>\n<li> Sitsstorlek: 46B x 53T x 45H cm<\/li>\n<li> Kuddens tjocklek: 11 cm<\/li>\n<li> Storlek p\u00e5 ryggst\u00f6det: 70L x 72B x 62H cm<\/li>\n<li> Viktkapacitet: 150 kg (stol), 80 kg (ottoman)<\/li>\n<\/ul>\n<p>Leveransinneh\u00e5ll:<\/p>\n<ul>\n<li> 1 x Stol<\/li>\n<li> 1 x Ottoman<\/li>\n<li> 1 x Handbok<\/li>\n<\/ul>\n","protected":false},"excerpt":{"rendered":"<p>S\u00e4tt ditt hem i stil med detta set av loungestol och ottoman fr\u00e5n TRUUSK. Den tjockt vadderade sittytan ger mycket&#8230;<\/p>\n","protected":false},"featured_media":67168,"template":"","meta":[],"product_brand":[],"product_cat":[521,871,920,910],"product_tag":[],"class_list":{"0":"post-67177","1":"product","2":"type-product","3":"status-publish","4":"has-post-thumbnail","6":"product_cat-fatolj","7":"product_cat-hus-hem","8":"product_cat-relaxsessel-mit-hocker","9":"product_cat-vardagsrum","11":"first","12":"instock","13":"sale","14":"taxable","15":"shipping-taxable","16":"purchasable","17":"product-type-simple"},"yoast_head":"<!-- This site is optimized with the Yoast SEO plugin v25.4 - https:\/\/yoast.com\/wordpress\/plugins\/seo\/ -->\n<title>TRUUSK Loungestol med Pall - H\u00f6g Ryggst\u00f6d - Tr\u00e4ben - Tuftad Design - Cord-utseende - Brun - TRUUSK - Hem, Tr\u00e4dg\u00e5rd &amp; Fritid<\/title>\n<meta name=\"robots\" content=\"index, follow, max-snippet:-1, max-image-preview:large, max-video-preview:-1\" \/>\n<link rel=\"canonical\" href=\"https:\/\/truusk.store\/sv\/produkt\/truusk-loungestol-med-pall-hog-ryggstod-traben-tuftad-design-cord-utseende-brun\/\" \/>\n<meta property=\"og:locale\" content=\"sv_SE\" \/>\n<meta property=\"og:type\" content=\"article\" \/>\n<meta property=\"og:title\" content=\"TRUUSK Loungestol med Pall - H\u00f6g Ryggst\u00f6d - Tr\u00e4ben - Tuftad Design - Cord-utseende - Brun - TRUUSK - Hem, Tr\u00e4dg\u00e5rd &amp; Fritid\" \/>\n<meta property=\"og:description\" content=\"S\u00e4tt ditt hem i stil med detta set av loungestol och ottoman fr\u00e5n TRUUSK. Den tjockt vadderade sittytan ger mycket...\" \/>\n<meta property=\"og:url\" content=\"https:\/\/truusk.store\/sv\/produkt\/truusk-loungestol-med-pall-hog-ryggstod-traben-tuftad-design-cord-utseende-brun\/\" \/>\n<meta property=\"og:site_name\" content=\"TRUUSK - Hem, Tr\u00e4dg\u00e5rd &amp; Fritid\" \/>\n<meta property=\"article:modified_time\" content=\"2026-03-12T08:43:18+00:00\" \/>\n<meta property=\"og:image\" content=\"https:\/\/i0.wp.com\/truusk.se\/wp-content\/uploads\/2025\/06\/fatolj-med-pall-oronlappstol-med-hog-ryggstod-traben-loungestol-med-tuftad-design-cord-utseende-for-vardagsrum-brun-1.webp?fit=2000%2C2000&ssl=1\" \/>\n\t<meta property=\"og:image:width\" content=\"2000\" \/>\n\t<meta property=\"og:image:height\" content=\"2000\" \/>\n\t<meta property=\"og:image:type\" content=\"image\/webp\" \/>\n<meta name=\"twitter:card\" content=\"summary_large_image\" \/>\n<meta name=\"twitter:label1\" content=\"Ber\u00e4knad l\u00e4stid\" \/>\n\t<meta name=\"twitter:data1\" content=\"1 minut\" \/>\n<!-- \/ Yoast SEO plugin. -->","yoast_head_json":{"title":"TRUUSK Loungestol med Pall - H\u00f6g Ryggst\u00f6d - Tr\u00e4ben - Tuftad Design - Cord-utseende - Brun - TRUUSK - Hem, Tr\u00e4dg\u00e5rd &amp; Fritid","robots":{"index":"index","follow":"follow","max-snippet":"max-snippet:-1","max-image-preview":"max-image-preview:large","max-video-preview":"max-video-preview:-1"},"canonical":"https:\/\/truusk.store\/sv\/produkt\/truusk-loungestol-med-pall-hog-ryggstod-traben-tuftad-design-cord-utseende-brun\/","og_locale":"sv_SE","og_type":"article","og_title":"TRUUSK Loungestol med Pall - H\u00f6g Ryggst\u00f6d - Tr\u00e4ben - Tuftad Design - Cord-utseende - Brun - TRUUSK - Hem, Tr\u00e4dg\u00e5rd &amp; Fritid","og_description":"S\u00e4tt ditt hem i stil med detta set av loungestol och ottoman fr\u00e5n TRUUSK. Den tjockt vadderade sittytan ger mycket...","og_url":"https:\/\/truusk.store\/sv\/produkt\/truusk-loungestol-med-pall-hog-ryggstod-traben-tuftad-design-cord-utseende-brun\/","og_site_name":"TRUUSK - Hem, Tr\u00e4dg\u00e5rd &amp; Fritid","article_modified_time":"2026-03-12T08:43:18+00:00","og_image":[{"width":2000,"height":2000,"url":"https:\/\/i0.wp.com\/truusk.se\/wp-content\/uploads\/2025\/06\/fatolj-med-pall-oronlappstol-med-hog-ryggstod-traben-loungestol-med-tuftad-design-cord-utseende-for-vardagsrum-brun-1.webp?fit=2000%2C2000&ssl=1","type":"image\/webp"}],"twitter_card":"summary_large_image","twitter_misc":{"Ber\u00e4knad l\u00e4stid":"1 minut"},"schema":{"@context":"https:\/\/schema.org","@graph":[{"@type":"WebPage","@id":"https:\/\/truusk.store\/sv\/produkt\/truusk-loungestol-med-pall-hog-ryggstod-traben-tuftad-design-cord-utseende-brun\/","url":"https:\/\/truusk.store\/sv\/produkt\/truusk-loungestol-med-pall-hog-ryggstod-traben-tuftad-design-cord-utseende-brun\/","name":"TRUUSK Loungestol med Pall - H\u00f6g Ryggst\u00f6d - Tr\u00e4ben - Tuftad Design - Cord-utseende - Brun - TRUUSK - Hem, Tr\u00e4dg\u00e5rd &amp; Fritid","isPartOf":{"@id":"https:\/\/truusk.store\/sv\/#website"},"primaryImageOfPage":{"@id":"https:\/\/truusk.store\/sv\/produkt\/truusk-loungestol-med-pall-hog-ryggstod-traben-tuftad-design-cord-utseende-brun\/#primaryimage"},"image":{"@id":"https:\/\/truusk.store\/sv\/produkt\/truusk-loungestol-med-pall-hog-ryggstod-traben-tuftad-design-cord-utseende-brun\/#primaryimage"},"thumbnailUrl":"https:\/\/i0.wp.com\/truusk.store\/wp-content\/uploads\/2025\/06\/fatolj-med-pall-oronlappstol-med-hog-ryggstod-traben-loungestol-med-tuftad-design-cord-utseende-for-vardagsrum-brun-1.webp?fit=2000%2C2000&ssl=1","datePublished":"2025-06-05T12:59:42+00:00","dateModified":"2026-03-12T08:43:18+00:00","breadcrumb":{"@id":"https:\/\/truusk.store\/sv\/produkt\/truusk-loungestol-med-pall-hog-ryggstod-traben-tuftad-design-cord-utseende-brun\/#breadcrumb"},"inLanguage":"sv-SE","potentialAction":[{"@type":"ReadAction","target":["https:\/\/truusk.store\/sv\/produkt\/truusk-loungestol-med-pall-hog-ryggstod-traben-tuftad-design-cord-utseende-brun\/"]}]},{"@type":"ImageObject","inLanguage":"sv-SE","@id":"https:\/\/truusk.store\/sv\/produkt\/truusk-loungestol-med-pall-hog-ryggstod-traben-tuftad-design-cord-utseende-brun\/#primaryimage","url":"https:\/\/i0.wp.com\/truusk.store\/wp-content\/uploads\/2025\/06\/fatolj-med-pall-oronlappstol-med-hog-ryggstod-traben-loungestol-med-tuftad-design-cord-utseende-for-vardagsrum-brun-1.webp?fit=2000%2C2000&ssl=1","contentUrl":"https:\/\/i0.wp.com\/truusk.store\/wp-content\/uploads\/2025\/06\/fatolj-med-pall-oronlappstol-med-hog-ryggstod-traben-loungestol-med-tuftad-design-cord-utseende-for-vardagsrum-brun-1.webp?fit=2000%2C2000&ssl=1","width":2000,"height":2000},{"@type":"BreadcrumbList","@id":"https:\/\/truusk.store\/sv\/produkt\/truusk-loungestol-med-pall-hog-ryggstod-traben-tuftad-design-cord-utseende-brun\/#breadcrumb","itemListElement":[{"@type":"ListItem","position":1,"name":"Home","item":"https:\/\/truusk.store\/sv\/"},{"@type":"ListItem","position":2,"name":"Shop","item":"https:\/\/truusk.store\/shop\/"},{"@type":"ListItem","position":3,"name":"TRUUSK Loungestol med Pall &#8211; H\u00f6g Ryggst\u00f6d &#8211; Tr\u00e4ben &#8211; Tuftad Design &#8211; Cord-utseende &#8211; Brun"}]},{"@type":"WebSite","@id":"https:\/\/truusk.store\/sv\/#website","url":"https:\/\/truusk.store\/sv\/","name":"TRUUSK - Hem, Tr\u00e4dg\u00e5rd & Fritid","description":"","publisher":{"@id":"https:\/\/truusk.store\/sv\/#organization"},"potentialAction":[{"@type":"SearchAction","target":{"@type":"EntryPoint","urlTemplate":"https:\/\/truusk.store\/sv\/?s={search_term_string}"},"query-input":{"@type":"PropertyValueSpecification","valueRequired":true,"valueName":"search_term_string"}}],"inLanguage":"sv-SE"},{"@type":"Organization","@id":"https:\/\/truusk.store\/sv\/#organization","name":"TRUUSK - Hem, Tr\u00e4dg\u00e5rd & Fritid","url":"https:\/\/truusk.store\/sv\/","logo":{"@type":"ImageObject","inLanguage":"sv-SE","@id":"https:\/\/truusk.store\/sv\/#\/schema\/logo\/image\/","url":"https:\/\/i0.wp.com\/truusk.store\/wp-content\/uploads\/2026\/03\/cropped-TRUUSK.png?fit=2032%2C917&ssl=1","contentUrl":"https:\/\/i0.wp.com\/truusk.store\/wp-content\/uploads\/2026\/03\/cropped-TRUUSK.png?fit=2032%2C917&ssl=1","width":2032,"height":917,"caption":"TRUUSK - Hem, Tr\u00e4dg\u00e5rd & Fritid"},"image":{"@id":"https:\/\/truusk.store\/sv\/#\/schema\/logo\/image\/"}}]}},"jetpack_sharing_enabled":true,"_links":{"self":[{"href":"https:\/\/truusk.store\/sv\/wp-json\/wp\/v2\/product\/67177","targetHints":{"allow":["GET"]}}],"collection":[{"href":"https:\/\/truusk.store\/sv\/wp-json\/wp\/v2\/product"}],"about":[{"href":"https:\/\/truusk.store\/sv\/wp-json\/wp\/v2\/types\/product"}],"wp:featuredmedia":[{"embeddable":true,"href":"https:\/\/truusk.store\/sv\/wp-json\/wp\/v2\/media\/67168"}],"wp:attachment":[{"href":"https:\/\/truusk.store\/sv\/wp-json\/wp\/v2\/media?parent=67177"}],"wp:term":[{"taxonomy":"product_brand","embeddable":true,"href":"https:\/\/truusk.store\/sv\/wp-json\/wp\/v2\/product_brand?post=67177"},{"taxonomy":"product_cat","embeddable":true,"href":"https:\/\/truusk.store\/sv\/wp-json\/wp\/v2\/product_cat?post=67177"},{"taxonomy":"product_tag","embeddable":true,"href":"https:\/\/truusk.store\/sv\/wp-json\/wp\/v2\/product_tag?post=67177"}],"curies":[{"name":"wp","href":"https:\/\/api.w.org\/{rel}","templated":true}]}}