{"id":67197,"date":"2025-06-05T14:01:45","date_gmt":"2025-06-05T13:01:45","guid":{"rendered":"https:\/\/truusk.store\/product\/hogbadd-i-stal-planteringsbadd-tidig-badd-tradgardsbadd-blomlada-stapelbar-planteringslada-planteringskruka-180x90x60cm-for-tradgard-balkong-terrass-gronsaksbadd-for-blommor-vaxter-frukt-2\/"},"modified":"2026-03-12T09:16:23","modified_gmt":"2026-03-12T08:16:23","slug":"truusk-hogbadd-i-stal-180x90x60cm-stapelbar-planteringsbadd-for-tradgard-balkong-gronsaksbadd-for-vaxter-frukt","status":"publish","type":"product","link":"https:\/\/truusk.store\/sv\/produkt\/truusk-hogbadd-i-stal-180x90x60cm-stapelbar-planteringsbadd-for-tradgard-balkong-gronsaksbadd-for-vaxter-frukt\/","title":{"rendered":"TRUUSK H\u00f6gb\u00e4dd i St\u00e5l 180x90x60cm &#8211; Stapelbar Planteringsb\u00e4dd &#8211; F\u00f6r Tr\u00e4dg\u00e5rd &amp; Balkong &#8211; Gr\u00f6nsaksb\u00e4dd f\u00f6r V\u00e4xter &amp; Frukt"},"content":{"rendered":"<p>Med denna h\u00f6gkvarter f\u00f6r tr\u00e4dg\u00e5rd kan du odla v\u00e4xter, gr\u00f6nsaker eller blommor var du vill. Tillverkad av st\u00e5l med skyddande bel\u00e4ggning, garanterar denna h\u00f6gkvarter f\u00f6r balkong l\u00e5ng livsl\u00e4ngd och \u00e4r l\u00e4mplig f\u00f6r inomhus och utomhus. Med 180 x 90 cm erbjuder denna blomsterb\u00e4dd tillr\u00e4ckligt med utrymme f\u00f6r rottillv\u00e4xt och bidrar till att livligg\u00f6ra din milj\u00f6.<\/p>\n<p>Beskrivning:<\/p>\n<ul>\n<li> St\u00e5lram med skyddande bel\u00e4ggning<\/li>\n<li> L\u00e4mplig f\u00f6r inomhus och utomhus<\/li>\n<li> Storlek p\u00e5 180 x 90 cm erbjuder mycket utrymme<\/li>\n<li> \u00d6ppen inre botten av v\u00e4xtl\u00e5dan f\u00f6r r\u00f6tter och jord<\/li>\n<li> Denna blomsterb\u00e4dd \u00e4r l\u00e4mplig f\u00f6r odling av v\u00e4xter, gr\u00f6nsaker, \u00f6rter och mer<\/li>\n<li> Enkel montering<\/li>\n<\/ul>\n<p> Tekniska data:<\/p>\n<ul>\n<li> F\u00e4rg: Ljusgr\u00e5<\/li>\n<li> Material: F\u00f6rzinkat st\u00e5l<\/li>\n<li> Totala dimensioner: 180L x 90B x 59H cm<\/li>\n<li> Inre dimensioner: 179L x 88B x 59H cm<\/li>\n<\/ul>\n<p>Leveransinneh\u00e5ll:<\/p>\n<ul>\n<li> 1 x H\u00f6gkvarter<\/li>\n<li> 1 x Bruksanvisning<\/li>\n<\/ul>\n","protected":false},"excerpt":{"rendered":"<p>Med denna h\u00f6gkvarter f\u00f6r tr\u00e4dg\u00e5rd kan du odla v\u00e4xter, gr\u00f6nsaker eller blommor var du vill. Tillverkad av st\u00e5l med skyddande&#8230;<\/p>\n","protected":false},"featured_media":67188,"template":"","meta":[],"product_brand":[],"product_cat":[924,858,443],"product_tag":[],"class_list":{"0":"post-67197","1":"product","2":"type-product","3":"status-publish","4":"has-post-thumbnail","6":"product_cat-plantkarl","7":"product_cat-tradgard-terrass","8":"product_cat-vaxthus-tradgardsskotsel","10":"first","11":"instock","12":"sale","13":"taxable","14":"shipping-taxable","15":"purchasable","16":"product-type-simple"},"yoast_head":"<!-- This site is optimized with the Yoast SEO plugin v25.4 - https:\/\/yoast.com\/wordpress\/plugins\/seo\/ -->\n<title>TRUUSK H\u00f6gb\u00e4dd i St\u00e5l 180x90x60cm - Stapelbar Planteringsb\u00e4dd - F\u00f6r Tr\u00e4dg\u00e5rd &amp; Balkong - Gr\u00f6nsaksb\u00e4dd f\u00f6r V\u00e4xter &amp; Frukt - TRUUSK - Hem, Tr\u00e4dg\u00e5rd &amp; Fritid<\/title>\n<meta name=\"robots\" content=\"index, follow, max-snippet:-1, max-image-preview:large, max-video-preview:-1\" \/>\n<link rel=\"canonical\" href=\"https:\/\/truusk.store\/sv\/produkt\/truusk-hogbadd-i-stal-180x90x60cm-stapelbar-planteringsbadd-for-tradgard-balkong-gronsaksbadd-for-vaxter-frukt\/\" \/>\n<meta property=\"og:locale\" content=\"sv_SE\" \/>\n<meta property=\"og:type\" content=\"article\" \/>\n<meta property=\"og:title\" content=\"TRUUSK H\u00f6gb\u00e4dd i St\u00e5l 180x90x60cm - Stapelbar Planteringsb\u00e4dd - F\u00f6r Tr\u00e4dg\u00e5rd &amp; Balkong - Gr\u00f6nsaksb\u00e4dd f\u00f6r V\u00e4xter &amp; Frukt - TRUUSK - Hem, Tr\u00e4dg\u00e5rd &amp; Fritid\" \/>\n<meta property=\"og:description\" content=\"Med denna h\u00f6gkvarter f\u00f6r tr\u00e4dg\u00e5rd kan du odla v\u00e4xter, gr\u00f6nsaker eller blommor var du vill. Tillverkad av st\u00e5l med skyddande...\" \/>\n<meta property=\"og:url\" content=\"https:\/\/truusk.store\/sv\/produkt\/truusk-hogbadd-i-stal-180x90x60cm-stapelbar-planteringsbadd-for-tradgard-balkong-gronsaksbadd-for-vaxter-frukt\/\" \/>\n<meta property=\"og:site_name\" content=\"TRUUSK - Hem, Tr\u00e4dg\u00e5rd &amp; Fritid\" \/>\n<meta property=\"article:modified_time\" content=\"2026-03-12T08:16:23+00:00\" \/>\n<meta property=\"og:image\" content=\"https:\/\/i0.wp.com\/truusk.se\/wp-content\/uploads\/2025\/06\/hogbadd-i-stal-planteringsbadd-tidig-badd-tradgardsbadd-blomlada-stapelbar-planteringslada-planteringskruka-180x90x60cm-for-tradgard-balkong-terrass-gronsaksbadd-for-blommor-vaxter-frukt-1-1.webp?fit=2000%2C2000&ssl=1\" \/>\n\t<meta property=\"og:image:width\" content=\"2000\" \/>\n\t<meta property=\"og:image:height\" content=\"2000\" \/>\n\t<meta property=\"og:image:type\" content=\"image\/webp\" \/>\n<meta name=\"twitter:card\" content=\"summary_large_image\" \/>\n<meta name=\"twitter:label1\" content=\"Ber\u00e4knad l\u00e4stid\" \/>\n\t<meta name=\"twitter:data1\" content=\"1 minut\" \/>\n<!-- \/ Yoast SEO plugin. -->","yoast_head_json":{"title":"TRUUSK H\u00f6gb\u00e4dd i St\u00e5l 180x90x60cm - Stapelbar Planteringsb\u00e4dd - F\u00f6r Tr\u00e4dg\u00e5rd &amp; Balkong - Gr\u00f6nsaksb\u00e4dd f\u00f6r V\u00e4xter &amp; Frukt - TRUUSK - Hem, Tr\u00e4dg\u00e5rd &amp; Fritid","robots":{"index":"index","follow":"follow","max-snippet":"max-snippet:-1","max-image-preview":"max-image-preview:large","max-video-preview":"max-video-preview:-1"},"canonical":"https:\/\/truusk.store\/sv\/produkt\/truusk-hogbadd-i-stal-180x90x60cm-stapelbar-planteringsbadd-for-tradgard-balkong-gronsaksbadd-for-vaxter-frukt\/","og_locale":"sv_SE","og_type":"article","og_title":"TRUUSK H\u00f6gb\u00e4dd i St\u00e5l 180x90x60cm - Stapelbar Planteringsb\u00e4dd - F\u00f6r Tr\u00e4dg\u00e5rd &amp; Balkong - Gr\u00f6nsaksb\u00e4dd f\u00f6r V\u00e4xter &amp; Frukt - TRUUSK - Hem, Tr\u00e4dg\u00e5rd &amp; Fritid","og_description":"Med denna h\u00f6gkvarter f\u00f6r tr\u00e4dg\u00e5rd kan du odla v\u00e4xter, gr\u00f6nsaker eller blommor var du vill. Tillverkad av st\u00e5l med skyddande...","og_url":"https:\/\/truusk.store\/sv\/produkt\/truusk-hogbadd-i-stal-180x90x60cm-stapelbar-planteringsbadd-for-tradgard-balkong-gronsaksbadd-for-vaxter-frukt\/","og_site_name":"TRUUSK - Hem, Tr\u00e4dg\u00e5rd &amp; Fritid","article_modified_time":"2026-03-12T08:16:23+00:00","og_image":[{"width":2000,"height":2000,"url":"https:\/\/i0.wp.com\/truusk.se\/wp-content\/uploads\/2025\/06\/hogbadd-i-stal-planteringsbadd-tidig-badd-tradgardsbadd-blomlada-stapelbar-planteringslada-planteringskruka-180x90x60cm-for-tradgard-balkong-terrass-gronsaksbadd-for-blommor-vaxter-frukt-1-1.webp?fit=2000%2C2000&ssl=1","type":"image\/webp"}],"twitter_card":"summary_large_image","twitter_misc":{"Ber\u00e4knad l\u00e4stid":"1 minut"},"schema":{"@context":"https:\/\/schema.org","@graph":[{"@type":"WebPage","@id":"https:\/\/truusk.store\/sv\/produkt\/truusk-hogbadd-i-stal-180x90x60cm-stapelbar-planteringsbadd-for-tradgard-balkong-gronsaksbadd-for-vaxter-frukt\/","url":"https:\/\/truusk.store\/sv\/produkt\/truusk-hogbadd-i-stal-180x90x60cm-stapelbar-planteringsbadd-for-tradgard-balkong-gronsaksbadd-for-vaxter-frukt\/","name":"TRUUSK H\u00f6gb\u00e4dd i St\u00e5l 180x90x60cm - Stapelbar Planteringsb\u00e4dd - F\u00f6r Tr\u00e4dg\u00e5rd &amp; Balkong - Gr\u00f6nsaksb\u00e4dd f\u00f6r V\u00e4xter &amp; Frukt - TRUUSK - Hem, Tr\u00e4dg\u00e5rd &amp; Fritid","isPartOf":{"@id":"https:\/\/truusk.store\/sv\/#website"},"primaryImageOfPage":{"@id":"https:\/\/truusk.store\/sv\/produkt\/truusk-hogbadd-i-stal-180x90x60cm-stapelbar-planteringsbadd-for-tradgard-balkong-gronsaksbadd-for-vaxter-frukt\/#primaryimage"},"image":{"@id":"https:\/\/truusk.store\/sv\/produkt\/truusk-hogbadd-i-stal-180x90x60cm-stapelbar-planteringsbadd-for-tradgard-balkong-gronsaksbadd-for-vaxter-frukt\/#primaryimage"},"thumbnailUrl":"https:\/\/i0.wp.com\/truusk.store\/wp-content\/uploads\/2025\/06\/hogbadd-i-stal-planteringsbadd-tidig-badd-tradgardsbadd-blomlada-stapelbar-planteringslada-planteringskruka-180x90x60cm-for-tradgard-balkong-terrass-gronsaksbadd-for-blommor-vaxter-frukt-1-1.webp?fit=2000%2C2000&ssl=1","datePublished":"2025-06-05T13:01:45+00:00","dateModified":"2026-03-12T08:16:23+00:00","breadcrumb":{"@id":"https:\/\/truusk.store\/sv\/produkt\/truusk-hogbadd-i-stal-180x90x60cm-stapelbar-planteringsbadd-for-tradgard-balkong-gronsaksbadd-for-vaxter-frukt\/#breadcrumb"},"inLanguage":"sv-SE","potentialAction":[{"@type":"ReadAction","target":["https:\/\/truusk.store\/sv\/produkt\/truusk-hogbadd-i-stal-180x90x60cm-stapelbar-planteringsbadd-for-tradgard-balkong-gronsaksbadd-for-vaxter-frukt\/"]}]},{"@type":"ImageObject","inLanguage":"sv-SE","@id":"https:\/\/truusk.store\/sv\/produkt\/truusk-hogbadd-i-stal-180x90x60cm-stapelbar-planteringsbadd-for-tradgard-balkong-gronsaksbadd-for-vaxter-frukt\/#primaryimage","url":"https:\/\/i0.wp.com\/truusk.store\/wp-content\/uploads\/2025\/06\/hogbadd-i-stal-planteringsbadd-tidig-badd-tradgardsbadd-blomlada-stapelbar-planteringslada-planteringskruka-180x90x60cm-for-tradgard-balkong-terrass-gronsaksbadd-for-blommor-vaxter-frukt-1-1.webp?fit=2000%2C2000&ssl=1","contentUrl":"https:\/\/i0.wp.com\/truusk.store\/wp-content\/uploads\/2025\/06\/hogbadd-i-stal-planteringsbadd-tidig-badd-tradgardsbadd-blomlada-stapelbar-planteringslada-planteringskruka-180x90x60cm-for-tradgard-balkong-terrass-gronsaksbadd-for-blommor-vaxter-frukt-1-1.webp?fit=2000%2C2000&ssl=1","width":2000,"height":2000},{"@type":"BreadcrumbList","@id":"https:\/\/truusk.store\/sv\/produkt\/truusk-hogbadd-i-stal-180x90x60cm-stapelbar-planteringsbadd-for-tradgard-balkong-gronsaksbadd-for-vaxter-frukt\/#breadcrumb","itemListElement":[{"@type":"ListItem","position":1,"name":"Home","item":"https:\/\/truusk.store\/sv\/"},{"@type":"ListItem","position":2,"name":"Shop","item":"https:\/\/truusk.store\/shop\/"},{"@type":"ListItem","position":3,"name":"TRUUSK H\u00f6gb\u00e4dd i St\u00e5l 180x90x60cm &#8211; Stapelbar Planteringsb\u00e4dd &#8211; F\u00f6r Tr\u00e4dg\u00e5rd &amp; Balkong &#8211; Gr\u00f6nsaksb\u00e4dd f\u00f6r V\u00e4xter &amp; Frukt"}]},{"@type":"WebSite","@id":"https:\/\/truusk.store\/sv\/#website","url":"https:\/\/truusk.store\/sv\/","name":"TRUUSK - Hem, Tr\u00e4dg\u00e5rd & Fritid","description":"","publisher":{"@id":"https:\/\/truusk.store\/sv\/#organization"},"potentialAction":[{"@type":"SearchAction","target":{"@type":"EntryPoint","urlTemplate":"https:\/\/truusk.store\/sv\/?s={search_term_string}"},"query-input":{"@type":"PropertyValueSpecification","valueRequired":true,"valueName":"search_term_string"}}],"inLanguage":"sv-SE"},{"@type":"Organization","@id":"https:\/\/truusk.store\/sv\/#organization","name":"TRUUSK - Hem, Tr\u00e4dg\u00e5rd & Fritid","url":"https:\/\/truusk.store\/sv\/","logo":{"@type":"ImageObject","inLanguage":"sv-SE","@id":"https:\/\/truusk.store\/sv\/#\/schema\/logo\/image\/","url":"https:\/\/i0.wp.com\/truusk.store\/wp-content\/uploads\/2026\/03\/cropped-TRUUSK.png?fit=2032%2C917&ssl=1","contentUrl":"https:\/\/i0.wp.com\/truusk.store\/wp-content\/uploads\/2026\/03\/cropped-TRUUSK.png?fit=2032%2C917&ssl=1","width":2032,"height":917,"caption":"TRUUSK - Hem, Tr\u00e4dg\u00e5rd & Fritid"},"image":{"@id":"https:\/\/truusk.store\/sv\/#\/schema\/logo\/image\/"}}]}},"jetpack_sharing_enabled":true,"_links":{"self":[{"href":"https:\/\/truusk.store\/sv\/wp-json\/wp\/v2\/product\/67197","targetHints":{"allow":["GET"]}}],"collection":[{"href":"https:\/\/truusk.store\/sv\/wp-json\/wp\/v2\/product"}],"about":[{"href":"https:\/\/truusk.store\/sv\/wp-json\/wp\/v2\/types\/product"}],"wp:featuredmedia":[{"embeddable":true,"href":"https:\/\/truusk.store\/sv\/wp-json\/wp\/v2\/media\/67188"}],"wp:attachment":[{"href":"https:\/\/truusk.store\/sv\/wp-json\/wp\/v2\/media?parent=67197"}],"wp:term":[{"taxonomy":"product_brand","embeddable":true,"href":"https:\/\/truusk.store\/sv\/wp-json\/wp\/v2\/product_brand?post=67197"},{"taxonomy":"product_cat","embeddable":true,"href":"https:\/\/truusk.store\/sv\/wp-json\/wp\/v2\/product_cat?post=67197"},{"taxonomy":"product_tag","embeddable":true,"href":"https:\/\/truusk.store\/sv\/wp-json\/wp\/v2\/product_tag?post=67197"}],"curies":[{"name":"wp","href":"https:\/\/api.w.org\/{rel}","templated":true}]}}