{"id":67208,"date":"2025-06-05T14:03:01","date_gmt":"2025-06-05T13:03:01","guid":{"rendered":"https:\/\/truusk.store\/product\/hundvagn-3-i-1-hundvagn-vikbar-hundbur-hopfallbar-transportvaska-med-dryckeshallare-hundvagn-kattvagn-med-360-hjul-kattvagn-for-mini-hundar-under-4-kg-gra\/"},"modified":"2026-03-12T08:42:23","modified_gmt":"2026-03-12T07:42:23","slug":"truusk-3-i-1-hundvagn-vikbar-hundbur-hopfallbar-transportvaska-med-dryckeshallare-360-hjul-for-mini-hundar-under-4-kg","status":"publish","type":"product","link":"https:\/\/truusk.store\/sv\/produkt\/truusk-3-i-1-hundvagn-vikbar-hundbur-hopfallbar-transportvaska-med-dryckeshallare-360-hjul-for-mini-hundar-under-4-kg\/","title":{"rendered":"TRUUSK 3-i-1 Hundvagn &#8211; Vikbar Hundbur &#8211; Hopf\u00e4llbar Transportv\u00e4ska &#8211; Med Dryckesh\u00e5llare &#8211; 360\u00b0 Hjul &#8211; F\u00f6r Mini Hundar Under 4 Kg"},"content":{"rendered":"<p>Uppt\u00e4ck TRUUSK hundvagn med praktisk 3-i-1-design! Hundvagnen omvandlas enkelt fr\u00e5n en mysig husdjursvagn till en bilbarnstol eller en b\u00e4rbar djurb\u00e4rare. Idealisk f\u00f6r husdjur upp till 4 kg, g\u00f6r dess avtagbara h\u00f6lje resandet l\u00e4ttare. Tack vare den enkla enhandsf\u00e4llningsmekanismen \u00e4r utflykter en barnlek. S\u00e4kert n\u00e4ttyg och en tv\u00e4ttbar, bekv\u00e4m kudde i hundvagnen ger bekymmersfria, flexibla och mysiga \u00e4ventyr med din fyrbenta v\u00e4n.<\/p>\n<p>Beskrivning:<\/p>\n<ul>\n<li> 3-i-1-designen p\u00e5 hundvagnen omvandlas till en bilbarnstol eller en b\u00e4rbar v\u00e4ska<\/li>\n<li> Enhandf\u00e4llbar design p\u00e5 hundvagnen f\u00f6r enkel f\u00f6rvaring<\/li>\n<li> Designad f\u00f6r sm\u00e5 hundar och katter under 35 cm och 4 kg<\/li>\n<li> 600D Oxford-tyg p\u00e5 kattvagnen garanterar h\u00e5llbarhet och l\u00e5ng livsl\u00e4ngd<\/li>\n<li> N\u00e4ttyg och tv\u00e4ttbar kudde f\u00f6r husdjurets komfort<\/li>\n<li> Inkluderar tv\u00e5 s\u00e4kerhetslinor f\u00f6r s\u00e4kra resor<\/li>\n<li> Underkorg och muggst\u00e4ll \u00f6kar lagringskapaciteten<\/li>\n<li> 7-tums hjul med universellt framhjul och bromsat bakhjul<\/li>\n<\/ul>\n<p> Tekniska data:<\/p>\n<ul>\n<li> F\u00e4rg: Gr\u00e5<\/li>\n<li> Material: 600D Oxford-tyg (100% polyester), st\u00e5l<\/li>\n<li> Totala dimensioner: 76L x 50B x 102H cm<\/li>\n<li> Hyttstorlek: 53L x 34B x 46\/26H cm (med\/utan baldakin)<\/li>\n<li> Framre maskd\u00f6rr: 26B x 18H cm<\/li>\n<li> F\u00f6rvaringsv\u00e4ska: 22B x 15H cm<\/li>\n<li> F\u00f6rvaringskorg: 44L x 30B x 13H cm<\/li>\n<li> Muggst\u00e4ll: 8L x 8B x 10H cm<\/li>\n<li> Ramens f\u00e4llda storlek: 85L x 50B x 24H cm<\/li>\n<li> Hyttens f\u00e4llda storlek: 53L x 34B x 15H cm<\/li>\n<li> S\u00e4kerhetslina: 28-50L cm<\/li>\n<li> Kudde: 51L x 31B x 2T cm<\/li>\n<li> Hjul: \u00d87&#8243;<\/li>\n<\/ul>\n<p>Leveransinneh\u00e5ll:<\/p>\n<ul>\n<li> 1 x Hundvagn<\/li>\n<li> 1 x Kudde<\/li>\n<li> 2 x Linor<\/li>\n<li> 1 x Bruksanvisning<\/li>\n<\/ul>\n","protected":false},"excerpt":{"rendered":"<p>Uppt\u00e4ck TRUUSK hundvagn med praktisk 3-i-1-design! Hundvagnen omvandlas enkelt fr\u00e5n en mysig husdjursvagn till en bilbarnstol eller en b\u00e4rbar djurb\u00e4rare&#8230;.<\/p>\n","protected":false},"featured_media":67198,"template":"","meta":[],"product_brand":[],"product_cat":[947,574,579],"product_tag":[],"class_list":{"0":"post-67208","1":"product","2":"type-product","3":"status-publish","4":"has-post-thumbnail","6":"product_cat-djurtillbehor","7":"product_cat-hundtillbehor","8":"product_cat-hundvagn","10":"first","11":"instock","12":"sale","13":"taxable","14":"shipping-taxable","15":"purchasable","16":"product-type-simple"},"yoast_head":"<!-- This site is optimized with the Yoast SEO plugin v25.4 - https:\/\/yoast.com\/wordpress\/plugins\/seo\/ -->\n<title>TRUUSK 3-i-1 Hundvagn - Vikbar Hundbur - Hopf\u00e4llbar Transportv\u00e4ska - Med Dryckesh\u00e5llare - 360\u00b0 Hjul - F\u00f6r Mini Hundar Under 4 Kg - TRUUSK - Hem, Tr\u00e4dg\u00e5rd &amp; Fritid<\/title>\n<meta name=\"robots\" content=\"index, follow, max-snippet:-1, max-image-preview:large, max-video-preview:-1\" \/>\n<link rel=\"canonical\" href=\"https:\/\/truusk.store\/sv\/produkt\/truusk-3-i-1-hundvagn-vikbar-hundbur-hopfallbar-transportvaska-med-dryckeshallare-360-hjul-for-mini-hundar-under-4-kg\/\" \/>\n<meta property=\"og:locale\" content=\"sv_SE\" \/>\n<meta property=\"og:type\" content=\"article\" \/>\n<meta property=\"og:title\" content=\"TRUUSK 3-i-1 Hundvagn - Vikbar Hundbur - Hopf\u00e4llbar Transportv\u00e4ska - Med Dryckesh\u00e5llare - 360\u00b0 Hjul - F\u00f6r Mini Hundar Under 4 Kg - TRUUSK - Hem, Tr\u00e4dg\u00e5rd &amp; Fritid\" \/>\n<meta property=\"og:description\" content=\"Uppt\u00e4ck TRUUSK hundvagn med praktisk 3-i-1-design! Hundvagnen omvandlas enkelt fr\u00e5n en mysig husdjursvagn till en bilbarnstol eller en b\u00e4rbar djurb\u00e4rare....\" \/>\n<meta property=\"og:url\" content=\"https:\/\/truusk.store\/sv\/produkt\/truusk-3-i-1-hundvagn-vikbar-hundbur-hopfallbar-transportvaska-med-dryckeshallare-360-hjul-for-mini-hundar-under-4-kg\/\" \/>\n<meta property=\"og:site_name\" content=\"TRUUSK - Hem, Tr\u00e4dg\u00e5rd &amp; Fritid\" \/>\n<meta property=\"article:modified_time\" content=\"2026-03-12T07:42:23+00:00\" \/>\n<meta property=\"og:image\" content=\"https:\/\/i0.wp.com\/truusk.se\/wp-content\/uploads\/2025\/06\/hundvagn-3-i-1-hundvagn-vikbar-hundbur-hopfallbar-transportvaska-med-dryckeshallare-hundvagn-kattvagn-med-360-hjul-kattvagn-for-mini-hundar-under-4-kg-gra-1.webp?fit=2000%2C2000&ssl=1\" \/>\n\t<meta property=\"og:image:width\" content=\"2000\" \/>\n\t<meta property=\"og:image:height\" content=\"2000\" \/>\n\t<meta property=\"og:image:type\" content=\"image\/webp\" \/>\n<meta name=\"twitter:card\" content=\"summary_large_image\" \/>\n<meta name=\"twitter:label1\" content=\"Ber\u00e4knad l\u00e4stid\" \/>\n\t<meta name=\"twitter:data1\" content=\"1 minut\" \/>\n<!-- \/ Yoast SEO plugin. -->","yoast_head_json":{"title":"TRUUSK 3-i-1 Hundvagn - Vikbar Hundbur - Hopf\u00e4llbar Transportv\u00e4ska - Med Dryckesh\u00e5llare - 360\u00b0 Hjul - F\u00f6r Mini Hundar Under 4 Kg - TRUUSK - Hem, Tr\u00e4dg\u00e5rd &amp; Fritid","robots":{"index":"index","follow":"follow","max-snippet":"max-snippet:-1","max-image-preview":"max-image-preview:large","max-video-preview":"max-video-preview:-1"},"canonical":"https:\/\/truusk.store\/sv\/produkt\/truusk-3-i-1-hundvagn-vikbar-hundbur-hopfallbar-transportvaska-med-dryckeshallare-360-hjul-for-mini-hundar-under-4-kg\/","og_locale":"sv_SE","og_type":"article","og_title":"TRUUSK 3-i-1 Hundvagn - Vikbar Hundbur - Hopf\u00e4llbar Transportv\u00e4ska - Med Dryckesh\u00e5llare - 360\u00b0 Hjul - F\u00f6r Mini Hundar Under 4 Kg - TRUUSK - Hem, Tr\u00e4dg\u00e5rd &amp; Fritid","og_description":"Uppt\u00e4ck TRUUSK hundvagn med praktisk 3-i-1-design! Hundvagnen omvandlas enkelt fr\u00e5n en mysig husdjursvagn till en bilbarnstol eller en b\u00e4rbar djurb\u00e4rare....","og_url":"https:\/\/truusk.store\/sv\/produkt\/truusk-3-i-1-hundvagn-vikbar-hundbur-hopfallbar-transportvaska-med-dryckeshallare-360-hjul-for-mini-hundar-under-4-kg\/","og_site_name":"TRUUSK - Hem, Tr\u00e4dg\u00e5rd &amp; Fritid","article_modified_time":"2026-03-12T07:42:23+00:00","og_image":[{"width":2000,"height":2000,"url":"https:\/\/i0.wp.com\/truusk.se\/wp-content\/uploads\/2025\/06\/hundvagn-3-i-1-hundvagn-vikbar-hundbur-hopfallbar-transportvaska-med-dryckeshallare-hundvagn-kattvagn-med-360-hjul-kattvagn-for-mini-hundar-under-4-kg-gra-1.webp?fit=2000%2C2000&ssl=1","type":"image\/webp"}],"twitter_card":"summary_large_image","twitter_misc":{"Ber\u00e4knad l\u00e4stid":"1 minut"},"schema":{"@context":"https:\/\/schema.org","@graph":[{"@type":"WebPage","@id":"https:\/\/truusk.store\/sv\/produkt\/truusk-3-i-1-hundvagn-vikbar-hundbur-hopfallbar-transportvaska-med-dryckeshallare-360-hjul-for-mini-hundar-under-4-kg\/","url":"https:\/\/truusk.store\/sv\/produkt\/truusk-3-i-1-hundvagn-vikbar-hundbur-hopfallbar-transportvaska-med-dryckeshallare-360-hjul-for-mini-hundar-under-4-kg\/","name":"TRUUSK 3-i-1 Hundvagn - Vikbar Hundbur - Hopf\u00e4llbar Transportv\u00e4ska - Med Dryckesh\u00e5llare - 360\u00b0 Hjul - F\u00f6r Mini Hundar Under 4 Kg - TRUUSK - Hem, Tr\u00e4dg\u00e5rd &amp; Fritid","isPartOf":{"@id":"https:\/\/truusk.store\/sv\/#website"},"primaryImageOfPage":{"@id":"https:\/\/truusk.store\/sv\/produkt\/truusk-3-i-1-hundvagn-vikbar-hundbur-hopfallbar-transportvaska-med-dryckeshallare-360-hjul-for-mini-hundar-under-4-kg\/#primaryimage"},"image":{"@id":"https:\/\/truusk.store\/sv\/produkt\/truusk-3-i-1-hundvagn-vikbar-hundbur-hopfallbar-transportvaska-med-dryckeshallare-360-hjul-for-mini-hundar-under-4-kg\/#primaryimage"},"thumbnailUrl":"https:\/\/i0.wp.com\/truusk.store\/wp-content\/uploads\/2025\/06\/hundvagn-3-i-1-hundvagn-vikbar-hundbur-hopfallbar-transportvaska-med-dryckeshallare-hundvagn-kattvagn-med-360-hjul-kattvagn-for-mini-hundar-under-4-kg-gra-1.webp?fit=2000%2C2000&ssl=1","datePublished":"2025-06-05T13:03:01+00:00","dateModified":"2026-03-12T07:42:23+00:00","breadcrumb":{"@id":"https:\/\/truusk.store\/sv\/produkt\/truusk-3-i-1-hundvagn-vikbar-hundbur-hopfallbar-transportvaska-med-dryckeshallare-360-hjul-for-mini-hundar-under-4-kg\/#breadcrumb"},"inLanguage":"sv-SE","potentialAction":[{"@type":"ReadAction","target":["https:\/\/truusk.store\/sv\/produkt\/truusk-3-i-1-hundvagn-vikbar-hundbur-hopfallbar-transportvaska-med-dryckeshallare-360-hjul-for-mini-hundar-under-4-kg\/"]}]},{"@type":"ImageObject","inLanguage":"sv-SE","@id":"https:\/\/truusk.store\/sv\/produkt\/truusk-3-i-1-hundvagn-vikbar-hundbur-hopfallbar-transportvaska-med-dryckeshallare-360-hjul-for-mini-hundar-under-4-kg\/#primaryimage","url":"https:\/\/i0.wp.com\/truusk.store\/wp-content\/uploads\/2025\/06\/hundvagn-3-i-1-hundvagn-vikbar-hundbur-hopfallbar-transportvaska-med-dryckeshallare-hundvagn-kattvagn-med-360-hjul-kattvagn-for-mini-hundar-under-4-kg-gra-1.webp?fit=2000%2C2000&ssl=1","contentUrl":"https:\/\/i0.wp.com\/truusk.store\/wp-content\/uploads\/2025\/06\/hundvagn-3-i-1-hundvagn-vikbar-hundbur-hopfallbar-transportvaska-med-dryckeshallare-hundvagn-kattvagn-med-360-hjul-kattvagn-for-mini-hundar-under-4-kg-gra-1.webp?fit=2000%2C2000&ssl=1","width":2000,"height":2000},{"@type":"BreadcrumbList","@id":"https:\/\/truusk.store\/sv\/produkt\/truusk-3-i-1-hundvagn-vikbar-hundbur-hopfallbar-transportvaska-med-dryckeshallare-360-hjul-for-mini-hundar-under-4-kg\/#breadcrumb","itemListElement":[{"@type":"ListItem","position":1,"name":"Home","item":"https:\/\/truusk.store\/sv\/"},{"@type":"ListItem","position":2,"name":"Shop","item":"https:\/\/truusk.store\/shop\/"},{"@type":"ListItem","position":3,"name":"TRUUSK 3-i-1 Hundvagn &#8211; Vikbar Hundbur &#8211; Hopf\u00e4llbar Transportv\u00e4ska &#8211; Med Dryckesh\u00e5llare &#8211; 360\u00b0 Hjul &#8211; F\u00f6r Mini Hundar Under 4 Kg"}]},{"@type":"WebSite","@id":"https:\/\/truusk.store\/sv\/#website","url":"https:\/\/truusk.store\/sv\/","name":"TRUUSK - Hem, Tr\u00e4dg\u00e5rd & Fritid","description":"","publisher":{"@id":"https:\/\/truusk.store\/sv\/#organization"},"potentialAction":[{"@type":"SearchAction","target":{"@type":"EntryPoint","urlTemplate":"https:\/\/truusk.store\/sv\/?s={search_term_string}"},"query-input":{"@type":"PropertyValueSpecification","valueRequired":true,"valueName":"search_term_string"}}],"inLanguage":"sv-SE"},{"@type":"Organization","@id":"https:\/\/truusk.store\/sv\/#organization","name":"TRUUSK - Hem, Tr\u00e4dg\u00e5rd & Fritid","url":"https:\/\/truusk.store\/sv\/","logo":{"@type":"ImageObject","inLanguage":"sv-SE","@id":"https:\/\/truusk.store\/sv\/#\/schema\/logo\/image\/","url":"https:\/\/i0.wp.com\/truusk.store\/wp-content\/uploads\/2026\/03\/cropped-TRUUSK.png?fit=2032%2C917&ssl=1","contentUrl":"https:\/\/i0.wp.com\/truusk.store\/wp-content\/uploads\/2026\/03\/cropped-TRUUSK.png?fit=2032%2C917&ssl=1","width":2032,"height":917,"caption":"TRUUSK - Hem, Tr\u00e4dg\u00e5rd & Fritid"},"image":{"@id":"https:\/\/truusk.store\/sv\/#\/schema\/logo\/image\/"}}]}},"jetpack_sharing_enabled":true,"_links":{"self":[{"href":"https:\/\/truusk.store\/sv\/wp-json\/wp\/v2\/product\/67208","targetHints":{"allow":["GET"]}}],"collection":[{"href":"https:\/\/truusk.store\/sv\/wp-json\/wp\/v2\/product"}],"about":[{"href":"https:\/\/truusk.store\/sv\/wp-json\/wp\/v2\/types\/product"}],"wp:featuredmedia":[{"embeddable":true,"href":"https:\/\/truusk.store\/sv\/wp-json\/wp\/v2\/media\/67198"}],"wp:attachment":[{"href":"https:\/\/truusk.store\/sv\/wp-json\/wp\/v2\/media?parent=67208"}],"wp:term":[{"taxonomy":"product_brand","embeddable":true,"href":"https:\/\/truusk.store\/sv\/wp-json\/wp\/v2\/product_brand?post=67208"},{"taxonomy":"product_cat","embeddable":true,"href":"https:\/\/truusk.store\/sv\/wp-json\/wp\/v2\/product_cat?post=67208"},{"taxonomy":"product_tag","embeddable":true,"href":"https:\/\/truusk.store\/sv\/wp-json\/wp\/v2\/product_tag?post=67208"}],"curies":[{"name":"wp","href":"https:\/\/api.w.org\/{rel}","templated":true}]}}