{"id":67217,"date":"2025-06-05T14:03:44","date_gmt":"2025-06-05T13:03:44","guid":{"rendered":"https:\/\/truusk.store\/product\/konstgjord-palm-190-cm-konstvaxt-plast-konstgjorda-vaxter-i-kruka-konstpalm-falsk-vaxt-for-vardagsrum-sovrum-kontor-tradgard-modern-dekoration-present\/"},"modified":"2026-03-12T09:18:29","modified_gmt":"2026-03-12T08:18:29","slug":"truusk-konstpalm-190-cm-plastkonstvaxt-i-kruka-modern-dekoration-for-hem-och-kontor-falsk-vaxt-for-tradgard-presentide","status":"publish","type":"product","link":"https:\/\/truusk.store\/sv\/produkt\/truusk-konstpalm-190-cm-plastkonstvaxt-i-kruka-modern-dekoration-for-hem-och-kontor-falsk-vaxt-for-tradgard-presentide\/","title":{"rendered":"TRUUSK Konstpalm 190 cm &#8211; Plastkonstv\u00e4xt i kruka &#8211; Modern dekoration f\u00f6r hem och kontor &#8211; Falsk v\u00e4xt f\u00f6r tr\u00e4dg\u00e5rd &#8211; Presentid\u00e9"},"content":{"rendered":"<p>Vill du f\u00f6rsk\u00f6na ditt hem med v\u00e4xter men har inte tid f\u00f6r sk\u00f6tsel? Den konstgjorda palmen fr\u00e5n TRUUSK beh\u00f6ver bara torkas av med en fuktig trasa! Perfekt f\u00f6r inomhus och utomhus, den beh\u00f6ver varken regelbunden vattning eller besk\u00e4rning och \u00e4r dessutom allergiv\u00e4nlig. Lev upp din inredning med konstgjorda men bedr\u00e4gligt verkliga v\u00e4xter.<\/p>\n<p>Beskrivning:<\/p>\n<ul>\n<li> Vacker konstgjord palm med ett trestamsdesign och realistiskt utseende<\/li>\n<li> Denna stora konstgjorda v\u00e4xt passar b\u00e5de f\u00f6r inomhus och utomhus<\/li>\n<li> Idealisk f\u00f6r hemmabruk, hemma eller p\u00e5 kontoret<\/li>\n<li> Denna stora v\u00e4xt best\u00e5r av 30 blad f\u00f6r att autentiskt \u00e5terskapa det naturliga utseendet<\/li>\n<li> Till skillnad fr\u00e5n naturliga v\u00e4xter beh\u00f6ver den varken vattning eller besk\u00e4rning, vissnar inte och kan \u00e4ven placeras p\u00e5 ljusfria platser<\/li>\n<li> Robust kruka med cementf\u00f6rst\u00e4rkt bas och skum p\u00e5 det \u00f6versta lagret<\/li>\n<li> L\u00e4tt att reng\u00f6ra och underh\u00e5llsfri<\/li>\n<li> Ingen montering kr\u00e4vs<\/li>\n<\/ul>\n<p> Tekniska data:<\/p>\n<ul>\n<li> F\u00e4rg: Gr\u00f6n<\/li>\n<li> Material: Plast<\/li>\n<li> Typ: Palma Areca<\/li>\n<li> Total h\u00f6jd: 190 cm<\/li>\n<li> Krukans dimensioner: \u00d819,5 x 17,5H cm<\/li>\n<\/ul>\n<p>Leveransinneh\u00e5ll:<\/p>\n<ul>\n<li> 1 x Konstgjord v\u00e4xt;<\/li>\n<\/ul>\n","protected":false},"excerpt":{"rendered":"<p>Vill du f\u00f6rsk\u00f6na ditt hem med v\u00e4xter men har inte tid f\u00f6r sk\u00f6tsel? Den konstgjorda palmen fr\u00e5n TRUUSK beh\u00f6ver bara&#8230;<\/p>\n","protected":false},"featured_media":67207,"template":"","meta":[],"product_brand":[],"product_cat":[962,871,681],"product_tag":[],"class_list":{"0":"post-67217","1":"product","2":"type-product","3":"status-publish","4":"has-post-thumbnail","6":"product_cat-dekoration","7":"product_cat-hus-hem","8":"product_cat-konstgjorda-vaxter","10":"first","11":"instock","12":"sale","13":"taxable","14":"shipping-taxable","15":"purchasable","16":"product-type-simple"},"yoast_head":"<!-- This site is optimized with the Yoast SEO plugin v25.4 - https:\/\/yoast.com\/wordpress\/plugins\/seo\/ -->\n<title>TRUUSK Konstpalm 190 cm - Plastkonstv\u00e4xt i kruka - Modern dekoration f\u00f6r hem och kontor - Falsk v\u00e4xt f\u00f6r tr\u00e4dg\u00e5rd - Presentid\u00e9 - TRUUSK - Hem, Tr\u00e4dg\u00e5rd &amp; Fritid<\/title>\n<meta name=\"robots\" content=\"index, follow, max-snippet:-1, max-image-preview:large, max-video-preview:-1\" \/>\n<link rel=\"canonical\" href=\"https:\/\/truusk.store\/sv\/produkt\/truusk-konstpalm-190-cm-plastkonstvaxt-i-kruka-modern-dekoration-for-hem-och-kontor-falsk-vaxt-for-tradgard-presentide\/\" \/>\n<meta property=\"og:locale\" content=\"sv_SE\" \/>\n<meta property=\"og:type\" content=\"article\" \/>\n<meta property=\"og:title\" content=\"TRUUSK Konstpalm 190 cm - Plastkonstv\u00e4xt i kruka - Modern dekoration f\u00f6r hem och kontor - Falsk v\u00e4xt f\u00f6r tr\u00e4dg\u00e5rd - Presentid\u00e9 - TRUUSK - Hem, Tr\u00e4dg\u00e5rd &amp; Fritid\" \/>\n<meta property=\"og:description\" content=\"Vill du f\u00f6rsk\u00f6na ditt hem med v\u00e4xter men har inte tid f\u00f6r sk\u00f6tsel? Den konstgjorda palmen fr\u00e5n TRUUSK beh\u00f6ver bara...\" \/>\n<meta property=\"og:url\" content=\"https:\/\/truusk.store\/sv\/produkt\/truusk-konstpalm-190-cm-plastkonstvaxt-i-kruka-modern-dekoration-for-hem-och-kontor-falsk-vaxt-for-tradgard-presentide\/\" \/>\n<meta property=\"og:site_name\" content=\"TRUUSK - Hem, Tr\u00e4dg\u00e5rd &amp; Fritid\" \/>\n<meta property=\"article:modified_time\" content=\"2026-03-12T08:18:29+00:00\" \/>\n<meta property=\"og:image\" content=\"https:\/\/i0.wp.com\/truusk.se\/wp-content\/uploads\/2025\/06\/konstgjord-palm-190-cm-konstvaxt-plast-konstgjorda-vaxter-i-kruka-konstpalm-falsk-vaxt-for-vardagsrum-sovrum-kontor-tradgard-modern-dekoration-present-1.webp?fit=2000%2C2000&ssl=1\" \/>\n\t<meta property=\"og:image:width\" content=\"2000\" \/>\n\t<meta property=\"og:image:height\" content=\"2000\" \/>\n\t<meta property=\"og:image:type\" content=\"image\/webp\" \/>\n<meta name=\"twitter:card\" content=\"summary_large_image\" \/>\n<meta name=\"twitter:label1\" content=\"Ber\u00e4knad l\u00e4stid\" \/>\n\t<meta name=\"twitter:data1\" content=\"1 minut\" \/>\n<!-- \/ Yoast SEO plugin. -->","yoast_head_json":{"title":"TRUUSK Konstpalm 190 cm - Plastkonstv\u00e4xt i kruka - Modern dekoration f\u00f6r hem och kontor - Falsk v\u00e4xt f\u00f6r tr\u00e4dg\u00e5rd - Presentid\u00e9 - TRUUSK - Hem, Tr\u00e4dg\u00e5rd &amp; Fritid","robots":{"index":"index","follow":"follow","max-snippet":"max-snippet:-1","max-image-preview":"max-image-preview:large","max-video-preview":"max-video-preview:-1"},"canonical":"https:\/\/truusk.store\/sv\/produkt\/truusk-konstpalm-190-cm-plastkonstvaxt-i-kruka-modern-dekoration-for-hem-och-kontor-falsk-vaxt-for-tradgard-presentide\/","og_locale":"sv_SE","og_type":"article","og_title":"TRUUSK Konstpalm 190 cm - Plastkonstv\u00e4xt i kruka - Modern dekoration f\u00f6r hem och kontor - Falsk v\u00e4xt f\u00f6r tr\u00e4dg\u00e5rd - Presentid\u00e9 - TRUUSK - Hem, Tr\u00e4dg\u00e5rd &amp; Fritid","og_description":"Vill du f\u00f6rsk\u00f6na ditt hem med v\u00e4xter men har inte tid f\u00f6r sk\u00f6tsel? Den konstgjorda palmen fr\u00e5n TRUUSK beh\u00f6ver bara...","og_url":"https:\/\/truusk.store\/sv\/produkt\/truusk-konstpalm-190-cm-plastkonstvaxt-i-kruka-modern-dekoration-for-hem-och-kontor-falsk-vaxt-for-tradgard-presentide\/","og_site_name":"TRUUSK - Hem, Tr\u00e4dg\u00e5rd &amp; Fritid","article_modified_time":"2026-03-12T08:18:29+00:00","og_image":[{"width":2000,"height":2000,"url":"https:\/\/i0.wp.com\/truusk.se\/wp-content\/uploads\/2025\/06\/konstgjord-palm-190-cm-konstvaxt-plast-konstgjorda-vaxter-i-kruka-konstpalm-falsk-vaxt-for-vardagsrum-sovrum-kontor-tradgard-modern-dekoration-present-1.webp?fit=2000%2C2000&ssl=1","type":"image\/webp"}],"twitter_card":"summary_large_image","twitter_misc":{"Ber\u00e4knad l\u00e4stid":"1 minut"},"schema":{"@context":"https:\/\/schema.org","@graph":[{"@type":"WebPage","@id":"https:\/\/truusk.store\/sv\/produkt\/truusk-konstpalm-190-cm-plastkonstvaxt-i-kruka-modern-dekoration-for-hem-och-kontor-falsk-vaxt-for-tradgard-presentide\/","url":"https:\/\/truusk.store\/sv\/produkt\/truusk-konstpalm-190-cm-plastkonstvaxt-i-kruka-modern-dekoration-for-hem-och-kontor-falsk-vaxt-for-tradgard-presentide\/","name":"TRUUSK Konstpalm 190 cm - Plastkonstv\u00e4xt i kruka - Modern dekoration f\u00f6r hem och kontor - Falsk v\u00e4xt f\u00f6r tr\u00e4dg\u00e5rd - Presentid\u00e9 - TRUUSK - Hem, Tr\u00e4dg\u00e5rd &amp; Fritid","isPartOf":{"@id":"https:\/\/truusk.store\/sv\/#website"},"primaryImageOfPage":{"@id":"https:\/\/truusk.store\/sv\/produkt\/truusk-konstpalm-190-cm-plastkonstvaxt-i-kruka-modern-dekoration-for-hem-och-kontor-falsk-vaxt-for-tradgard-presentide\/#primaryimage"},"image":{"@id":"https:\/\/truusk.store\/sv\/produkt\/truusk-konstpalm-190-cm-plastkonstvaxt-i-kruka-modern-dekoration-for-hem-och-kontor-falsk-vaxt-for-tradgard-presentide\/#primaryimage"},"thumbnailUrl":"https:\/\/i0.wp.com\/truusk.store\/wp-content\/uploads\/2025\/06\/konstgjord-palm-190-cm-konstvaxt-plast-konstgjorda-vaxter-i-kruka-konstpalm-falsk-vaxt-for-vardagsrum-sovrum-kontor-tradgard-modern-dekoration-present-1.webp?fit=2000%2C2000&ssl=1","datePublished":"2025-06-05T13:03:44+00:00","dateModified":"2026-03-12T08:18:29+00:00","breadcrumb":{"@id":"https:\/\/truusk.store\/sv\/produkt\/truusk-konstpalm-190-cm-plastkonstvaxt-i-kruka-modern-dekoration-for-hem-och-kontor-falsk-vaxt-for-tradgard-presentide\/#breadcrumb"},"inLanguage":"sv-SE","potentialAction":[{"@type":"ReadAction","target":["https:\/\/truusk.store\/sv\/produkt\/truusk-konstpalm-190-cm-plastkonstvaxt-i-kruka-modern-dekoration-for-hem-och-kontor-falsk-vaxt-for-tradgard-presentide\/"]}]},{"@type":"ImageObject","inLanguage":"sv-SE","@id":"https:\/\/truusk.store\/sv\/produkt\/truusk-konstpalm-190-cm-plastkonstvaxt-i-kruka-modern-dekoration-for-hem-och-kontor-falsk-vaxt-for-tradgard-presentide\/#primaryimage","url":"https:\/\/i0.wp.com\/truusk.store\/wp-content\/uploads\/2025\/06\/konstgjord-palm-190-cm-konstvaxt-plast-konstgjorda-vaxter-i-kruka-konstpalm-falsk-vaxt-for-vardagsrum-sovrum-kontor-tradgard-modern-dekoration-present-1.webp?fit=2000%2C2000&ssl=1","contentUrl":"https:\/\/i0.wp.com\/truusk.store\/wp-content\/uploads\/2025\/06\/konstgjord-palm-190-cm-konstvaxt-plast-konstgjorda-vaxter-i-kruka-konstpalm-falsk-vaxt-for-vardagsrum-sovrum-kontor-tradgard-modern-dekoration-present-1.webp?fit=2000%2C2000&ssl=1","width":2000,"height":2000},{"@type":"BreadcrumbList","@id":"https:\/\/truusk.store\/sv\/produkt\/truusk-konstpalm-190-cm-plastkonstvaxt-i-kruka-modern-dekoration-for-hem-och-kontor-falsk-vaxt-for-tradgard-presentide\/#breadcrumb","itemListElement":[{"@type":"ListItem","position":1,"name":"Home","item":"https:\/\/truusk.store\/sv\/"},{"@type":"ListItem","position":2,"name":"Shop","item":"https:\/\/truusk.store\/shop\/"},{"@type":"ListItem","position":3,"name":"TRUUSK Konstpalm 190 cm &#8211; Plastkonstv\u00e4xt i kruka &#8211; Modern dekoration f\u00f6r hem och kontor &#8211; Falsk v\u00e4xt f\u00f6r tr\u00e4dg\u00e5rd &#8211; Presentid\u00e9"}]},{"@type":"WebSite","@id":"https:\/\/truusk.store\/sv\/#website","url":"https:\/\/truusk.store\/sv\/","name":"TRUUSK - Hem, Tr\u00e4dg\u00e5rd & Fritid","description":"","publisher":{"@id":"https:\/\/truusk.store\/sv\/#organization"},"potentialAction":[{"@type":"SearchAction","target":{"@type":"EntryPoint","urlTemplate":"https:\/\/truusk.store\/sv\/?s={search_term_string}"},"query-input":{"@type":"PropertyValueSpecification","valueRequired":true,"valueName":"search_term_string"}}],"inLanguage":"sv-SE"},{"@type":"Organization","@id":"https:\/\/truusk.store\/sv\/#organization","name":"TRUUSK - Hem, Tr\u00e4dg\u00e5rd & Fritid","url":"https:\/\/truusk.store\/sv\/","logo":{"@type":"ImageObject","inLanguage":"sv-SE","@id":"https:\/\/truusk.store\/sv\/#\/schema\/logo\/image\/","url":"https:\/\/i0.wp.com\/truusk.store\/wp-content\/uploads\/2026\/03\/cropped-TRUUSK.png?fit=2032%2C917&ssl=1","contentUrl":"https:\/\/i0.wp.com\/truusk.store\/wp-content\/uploads\/2026\/03\/cropped-TRUUSK.png?fit=2032%2C917&ssl=1","width":2032,"height":917,"caption":"TRUUSK - Hem, Tr\u00e4dg\u00e5rd & Fritid"},"image":{"@id":"https:\/\/truusk.store\/sv\/#\/schema\/logo\/image\/"}}]}},"jetpack_sharing_enabled":true,"_links":{"self":[{"href":"https:\/\/truusk.store\/sv\/wp-json\/wp\/v2\/product\/67217","targetHints":{"allow":["GET"]}}],"collection":[{"href":"https:\/\/truusk.store\/sv\/wp-json\/wp\/v2\/product"}],"about":[{"href":"https:\/\/truusk.store\/sv\/wp-json\/wp\/v2\/types\/product"}],"wp:featuredmedia":[{"embeddable":true,"href":"https:\/\/truusk.store\/sv\/wp-json\/wp\/v2\/media\/67207"}],"wp:attachment":[{"href":"https:\/\/truusk.store\/sv\/wp-json\/wp\/v2\/media?parent=67217"}],"wp:term":[{"taxonomy":"product_brand","embeddable":true,"href":"https:\/\/truusk.store\/sv\/wp-json\/wp\/v2\/product_brand?post=67217"},{"taxonomy":"product_cat","embeddable":true,"href":"https:\/\/truusk.store\/sv\/wp-json\/wp\/v2\/product_cat?post=67217"},{"taxonomy":"product_tag","embeddable":true,"href":"https:\/\/truusk.store\/sv\/wp-json\/wp\/v2\/product_tag?post=67217"}],"curies":[{"name":"wp","href":"https:\/\/api.w.org\/{rel}","templated":true}]}}