{"id":67227,"date":"2025-06-05T14:04:44","date_gmt":"2025-06-05T13:04:44","guid":{"rendered":"https:\/\/truusk.store\/product\/byra-i-tyg-forvaringsskap-med-3-lador-hylla-byraskap-med-stalram-skap-for-sovrum-vardagsrum-rustikt-brun\/"},"modified":"2026-03-12T09:15:12","modified_gmt":"2026-03-12T08:15:12","slug":"truusk-byra-i-tyg-forvaringsskap-med-3-lador-stalram-sovrum-vardagsrum-rustikt-brun","status":"publish","type":"product","link":"https:\/\/truusk.store\/sv\/produkt\/truusk-byra-i-tyg-forvaringsskap-med-3-lador-stalram-sovrum-vardagsrum-rustikt-brun\/","title":{"rendered":"TRUUSK Byr\u00e5 i Tyg &#8211; F\u00f6rvaringssk\u00e5p med 3 l\u00e5dor &#8211; St\u00e5lram &#8211; Sovrum &#8211; Vardagsrum &#8211; Rustikt Brun"},"content":{"rendered":"<p>Detta eleganta TRUUSK f\u00f6rvaringssk\u00e5p i industriell stil \u00e4r idealiskt f\u00f6r ordnade hush\u00e5ll. Robust byggd med en st\u00e5lram och h\u00e5llbara MDF-hyllor, erbjuder den daglig tillf\u00f6rlitlighet. Tre rymliga tygl\u00e5dor erbjuder mycket f\u00f6rvaringsutrymme och \u00e4r l\u00e4tta att ta bort. Inkluderar praktiskt justerbara f\u00f6tter.<\/p>\n<p>Beskrivning:<\/p>\n<ul>\n<li> Vardagsrumssk\u00e5pet har tv\u00e5 \u00f6vre hyllor och tre l\u00e5dor<\/li>\n<li> Tygl\u00e5dorna \u00e4r l\u00e4tta att ta bort och vika ihop<\/li>\n<li> St\u00e5lram f\u00f6r en stark, st\u00f6djande struktur<\/li>\n<li> Anti-tip-remmar ing\u00e5r<\/li>\n<li> Justerbara f\u00f6tter f\u00f6r balans<\/li>\n<li> Montering kr\u00e4vs<\/li>\n<\/ul>\n<p> Tekniska specifikationer:<\/p>\n<ul>\n<li> F\u00e4rg: Rustik brun<\/li>\n<li> Material: Polyester, st\u00e5l, MDF<\/li>\n<li> M\u00e5tt: 44B x 29D x 92H cm<\/li>\n<li> \u00d6vre hylla: 44,5B x 20,5D cm<\/li>\n<li> Mellersta hylla: 41B x 27,5D x 17,5H cm<\/li>\n<li> Inre l\u00e5dm\u00e5tt: 39,5B x 27,5D x 20H cm<\/li>\n<li> Belastningskapacitet: 3 kg (l\u00e5da), 5 kg (\u00f6vre), 10 kg (mellersta hylla)<\/li>\n<\/ul>\n<p>Leverans inneh\u00e5ller:<\/p>\n<ul>\n<li> 1 x Sk\u00e5p<\/li>\n<li> 1 x Bruksanvisning<\/li>\n<\/ul>\n","protected":false},"excerpt":{"rendered":"<p>Detta eleganta TRUUSK f\u00f6rvaringssk\u00e5p i industriell stil \u00e4r idealiskt f\u00f6r ordnade hush\u00e5ll. Robust byggd med en st\u00e5lram och h\u00e5llbara MDF-hyllor,&#8230;<\/p>\n","protected":false},"featured_media":67218,"template":"","meta":[],"product_brand":[],"product_cat":[956,871,910],"product_tag":[],"class_list":{"0":"post-67227","1":"product","2":"type-product","3":"status-publish","4":"has-post-thumbnail","6":"product_cat-byraer-sideboards","7":"product_cat-hus-hem","8":"product_cat-vardagsrum","10":"first","11":"instock","12":"sale","13":"taxable","14":"shipping-taxable","15":"purchasable","16":"product-type-simple"},"yoast_head":"<!-- This site is optimized with the Yoast SEO plugin v25.4 - https:\/\/yoast.com\/wordpress\/plugins\/seo\/ -->\n<title>TRUUSK Byr\u00e5 i Tyg - F\u00f6rvaringssk\u00e5p med 3 l\u00e5dor - St\u00e5lram - Sovrum - Vardagsrum - Rustikt Brun - TRUUSK - Hem, Tr\u00e4dg\u00e5rd &amp; Fritid<\/title>\n<meta name=\"robots\" content=\"index, follow, max-snippet:-1, max-image-preview:large, max-video-preview:-1\" \/>\n<link rel=\"canonical\" href=\"https:\/\/truusk.store\/sv\/produkt\/truusk-byra-i-tyg-forvaringsskap-med-3-lador-stalram-sovrum-vardagsrum-rustikt-brun\/\" \/>\n<meta property=\"og:locale\" content=\"sv_SE\" \/>\n<meta property=\"og:type\" content=\"article\" \/>\n<meta property=\"og:title\" content=\"TRUUSK Byr\u00e5 i Tyg - F\u00f6rvaringssk\u00e5p med 3 l\u00e5dor - St\u00e5lram - Sovrum - Vardagsrum - Rustikt Brun - TRUUSK - Hem, Tr\u00e4dg\u00e5rd &amp; Fritid\" \/>\n<meta property=\"og:description\" content=\"Detta eleganta TRUUSK f\u00f6rvaringssk\u00e5p i industriell stil \u00e4r idealiskt f\u00f6r ordnade hush\u00e5ll. Robust byggd med en st\u00e5lram och h\u00e5llbara MDF-hyllor,...\" \/>\n<meta property=\"og:url\" content=\"https:\/\/truusk.store\/sv\/produkt\/truusk-byra-i-tyg-forvaringsskap-med-3-lador-stalram-sovrum-vardagsrum-rustikt-brun\/\" \/>\n<meta property=\"og:site_name\" content=\"TRUUSK - Hem, Tr\u00e4dg\u00e5rd &amp; Fritid\" \/>\n<meta property=\"article:modified_time\" content=\"2026-03-12T08:15:12+00:00\" \/>\n<meta property=\"og:image\" content=\"https:\/\/i0.wp.com\/truusk.se\/wp-content\/uploads\/2025\/06\/byra-i-tyg-forvaringsskap-med-3-lador-hylla-byraskap-med-stalram-skap-for-sovrum-vardagsrum-rustikt-brun-1.webp?fit=2000%2C2000&ssl=1\" \/>\n\t<meta property=\"og:image:width\" content=\"2000\" \/>\n\t<meta property=\"og:image:height\" content=\"2000\" \/>\n\t<meta property=\"og:image:type\" content=\"image\/webp\" \/>\n<meta name=\"twitter:card\" content=\"summary_large_image\" \/>\n<meta name=\"twitter:label1\" content=\"Ber\u00e4knad l\u00e4stid\" \/>\n\t<meta name=\"twitter:data1\" content=\"1 minut\" \/>\n<!-- \/ Yoast SEO plugin. -->","yoast_head_json":{"title":"TRUUSK Byr\u00e5 i Tyg - F\u00f6rvaringssk\u00e5p med 3 l\u00e5dor - St\u00e5lram - Sovrum - Vardagsrum - Rustikt Brun - TRUUSK - Hem, Tr\u00e4dg\u00e5rd &amp; Fritid","robots":{"index":"index","follow":"follow","max-snippet":"max-snippet:-1","max-image-preview":"max-image-preview:large","max-video-preview":"max-video-preview:-1"},"canonical":"https:\/\/truusk.store\/sv\/produkt\/truusk-byra-i-tyg-forvaringsskap-med-3-lador-stalram-sovrum-vardagsrum-rustikt-brun\/","og_locale":"sv_SE","og_type":"article","og_title":"TRUUSK Byr\u00e5 i Tyg - F\u00f6rvaringssk\u00e5p med 3 l\u00e5dor - St\u00e5lram - Sovrum - Vardagsrum - Rustikt Brun - TRUUSK - Hem, Tr\u00e4dg\u00e5rd &amp; Fritid","og_description":"Detta eleganta TRUUSK f\u00f6rvaringssk\u00e5p i industriell stil \u00e4r idealiskt f\u00f6r ordnade hush\u00e5ll. Robust byggd med en st\u00e5lram och h\u00e5llbara MDF-hyllor,...","og_url":"https:\/\/truusk.store\/sv\/produkt\/truusk-byra-i-tyg-forvaringsskap-med-3-lador-stalram-sovrum-vardagsrum-rustikt-brun\/","og_site_name":"TRUUSK - Hem, Tr\u00e4dg\u00e5rd &amp; Fritid","article_modified_time":"2026-03-12T08:15:12+00:00","og_image":[{"width":2000,"height":2000,"url":"https:\/\/i0.wp.com\/truusk.se\/wp-content\/uploads\/2025\/06\/byra-i-tyg-forvaringsskap-med-3-lador-hylla-byraskap-med-stalram-skap-for-sovrum-vardagsrum-rustikt-brun-1.webp?fit=2000%2C2000&ssl=1","type":"image\/webp"}],"twitter_card":"summary_large_image","twitter_misc":{"Ber\u00e4knad l\u00e4stid":"1 minut"},"schema":{"@context":"https:\/\/schema.org","@graph":[{"@type":"WebPage","@id":"https:\/\/truusk.store\/sv\/produkt\/truusk-byra-i-tyg-forvaringsskap-med-3-lador-stalram-sovrum-vardagsrum-rustikt-brun\/","url":"https:\/\/truusk.store\/sv\/produkt\/truusk-byra-i-tyg-forvaringsskap-med-3-lador-stalram-sovrum-vardagsrum-rustikt-brun\/","name":"TRUUSK Byr\u00e5 i Tyg - F\u00f6rvaringssk\u00e5p med 3 l\u00e5dor - St\u00e5lram - Sovrum - Vardagsrum - Rustikt Brun - TRUUSK - Hem, Tr\u00e4dg\u00e5rd &amp; Fritid","isPartOf":{"@id":"https:\/\/truusk.store\/sv\/#website"},"primaryImageOfPage":{"@id":"https:\/\/truusk.store\/sv\/produkt\/truusk-byra-i-tyg-forvaringsskap-med-3-lador-stalram-sovrum-vardagsrum-rustikt-brun\/#primaryimage"},"image":{"@id":"https:\/\/truusk.store\/sv\/produkt\/truusk-byra-i-tyg-forvaringsskap-med-3-lador-stalram-sovrum-vardagsrum-rustikt-brun\/#primaryimage"},"thumbnailUrl":"https:\/\/i0.wp.com\/truusk.store\/wp-content\/uploads\/2025\/06\/byra-i-tyg-forvaringsskap-med-3-lador-hylla-byraskap-med-stalram-skap-for-sovrum-vardagsrum-rustikt-brun-1.webp?fit=2000%2C2000&ssl=1","datePublished":"2025-06-05T13:04:44+00:00","dateModified":"2026-03-12T08:15:12+00:00","breadcrumb":{"@id":"https:\/\/truusk.store\/sv\/produkt\/truusk-byra-i-tyg-forvaringsskap-med-3-lador-stalram-sovrum-vardagsrum-rustikt-brun\/#breadcrumb"},"inLanguage":"sv-SE","potentialAction":[{"@type":"ReadAction","target":["https:\/\/truusk.store\/sv\/produkt\/truusk-byra-i-tyg-forvaringsskap-med-3-lador-stalram-sovrum-vardagsrum-rustikt-brun\/"]}]},{"@type":"ImageObject","inLanguage":"sv-SE","@id":"https:\/\/truusk.store\/sv\/produkt\/truusk-byra-i-tyg-forvaringsskap-med-3-lador-stalram-sovrum-vardagsrum-rustikt-brun\/#primaryimage","url":"https:\/\/i0.wp.com\/truusk.store\/wp-content\/uploads\/2025\/06\/byra-i-tyg-forvaringsskap-med-3-lador-hylla-byraskap-med-stalram-skap-for-sovrum-vardagsrum-rustikt-brun-1.webp?fit=2000%2C2000&ssl=1","contentUrl":"https:\/\/i0.wp.com\/truusk.store\/wp-content\/uploads\/2025\/06\/byra-i-tyg-forvaringsskap-med-3-lador-hylla-byraskap-med-stalram-skap-for-sovrum-vardagsrum-rustikt-brun-1.webp?fit=2000%2C2000&ssl=1","width":2000,"height":2000},{"@type":"BreadcrumbList","@id":"https:\/\/truusk.store\/sv\/produkt\/truusk-byra-i-tyg-forvaringsskap-med-3-lador-stalram-sovrum-vardagsrum-rustikt-brun\/#breadcrumb","itemListElement":[{"@type":"ListItem","position":1,"name":"Home","item":"https:\/\/truusk.store\/sv\/"},{"@type":"ListItem","position":2,"name":"Shop","item":"https:\/\/truusk.store\/shop\/"},{"@type":"ListItem","position":3,"name":"TRUUSK Byr\u00e5 i Tyg &#8211; F\u00f6rvaringssk\u00e5p med 3 l\u00e5dor &#8211; St\u00e5lram &#8211; Sovrum &#8211; Vardagsrum &#8211; Rustikt Brun"}]},{"@type":"WebSite","@id":"https:\/\/truusk.store\/sv\/#website","url":"https:\/\/truusk.store\/sv\/","name":"TRUUSK - Hem, Tr\u00e4dg\u00e5rd & Fritid","description":"","publisher":{"@id":"https:\/\/truusk.store\/sv\/#organization"},"potentialAction":[{"@type":"SearchAction","target":{"@type":"EntryPoint","urlTemplate":"https:\/\/truusk.store\/sv\/?s={search_term_string}"},"query-input":{"@type":"PropertyValueSpecification","valueRequired":true,"valueName":"search_term_string"}}],"inLanguage":"sv-SE"},{"@type":"Organization","@id":"https:\/\/truusk.store\/sv\/#organization","name":"TRUUSK - Hem, Tr\u00e4dg\u00e5rd & Fritid","url":"https:\/\/truusk.store\/sv\/","logo":{"@type":"ImageObject","inLanguage":"sv-SE","@id":"https:\/\/truusk.store\/sv\/#\/schema\/logo\/image\/","url":"https:\/\/i0.wp.com\/truusk.store\/wp-content\/uploads\/2026\/03\/cropped-TRUUSK.png?fit=2032%2C917&ssl=1","contentUrl":"https:\/\/i0.wp.com\/truusk.store\/wp-content\/uploads\/2026\/03\/cropped-TRUUSK.png?fit=2032%2C917&ssl=1","width":2032,"height":917,"caption":"TRUUSK - Hem, Tr\u00e4dg\u00e5rd & Fritid"},"image":{"@id":"https:\/\/truusk.store\/sv\/#\/schema\/logo\/image\/"}}]}},"jetpack_sharing_enabled":true,"_links":{"self":[{"href":"https:\/\/truusk.store\/sv\/wp-json\/wp\/v2\/product\/67227","targetHints":{"allow":["GET"]}}],"collection":[{"href":"https:\/\/truusk.store\/sv\/wp-json\/wp\/v2\/product"}],"about":[{"href":"https:\/\/truusk.store\/sv\/wp-json\/wp\/v2\/types\/product"}],"wp:featuredmedia":[{"embeddable":true,"href":"https:\/\/truusk.store\/sv\/wp-json\/wp\/v2\/media\/67218"}],"wp:attachment":[{"href":"https:\/\/truusk.store\/sv\/wp-json\/wp\/v2\/media?parent=67227"}],"wp:term":[{"taxonomy":"product_brand","embeddable":true,"href":"https:\/\/truusk.store\/sv\/wp-json\/wp\/v2\/product_brand?post=67227"},{"taxonomy":"product_cat","embeddable":true,"href":"https:\/\/truusk.store\/sv\/wp-json\/wp\/v2\/product_cat?post=67227"},{"taxonomy":"product_tag","embeddable":true,"href":"https:\/\/truusk.store\/sv\/wp-json\/wp\/v2\/product_tag?post=67227"}],"curies":[{"name":"wp","href":"https:\/\/api.w.org\/{rel}","templated":true}]}}