{"id":67325,"date":"2025-06-05T14:14:37","date_gmt":"2025-06-05T13:14:37","guid":{"rendered":"https:\/\/truusk.store\/product\/konstgjorda-vaxter-2-pack-stora-67-cm-konstvaxt-med-2-bollar-plast-konsttrad-i-kruka-konsttrad-som-ser-akta-ut-for-vardagsrum-sovrum-kontor-tradgard-modern-dekoration-present\/"},"modified":"2026-03-12T08:57:35","modified_gmt":"2026-03-12T07:57:35","slug":"truusk-konstgjorda-vaxter-2-pack-stora-67-cm-konstvaxt-med-2-bollar-plast-konsttrad-i-kruka-akta-utseende-modern","status":"publish","type":"product","link":"https:\/\/truusk.store\/sv\/produkt\/truusk-konstgjorda-vaxter-2-pack-stora-67-cm-konstvaxt-med-2-bollar-plast-konsttrad-i-kruka-akta-utseende-modern\/","title":{"rendered":"TRUUSK Konstgjorda V\u00e4xter 2-pack Stora 67 cm &#8211; Konstv\u00e4xt med 2 Bollar &#8211; Plast Konsttr\u00e4d i Kruka &#8211; \u00c4kta Utseende &#8211; Modern"},"content":{"rendered":"<p>Ge ditt hem en ny look med de krukv\u00e4xterna fr\u00e5n TRUUSK. Tillg\u00e4ngliga i ett set om tv\u00e5, kommer varje v\u00e4xt i en unik, h\u00f6g dubbelklotdesign som omedelbart livar upp din omgivning. Fyllda med cement, h\u00e5ller de svarta krukorna de konstgjorda tr\u00e4den stabilt p\u00e5 plats och \u00e4r redo att anv\u00e4ndas direkt eftersom de levereras helt monterade. Ta in uppfriskande gr\u00f6nt i din milj\u00f6, helt utan underh\u00e5ll.<\/p>\n<p>Beskrivning:<\/p>\n<ul>\n<li> Set om 2 f\u00f6r ett samordnat utseende i ditt hem eller kontor<\/li>\n<li> Konstgjord design, kr\u00e4ver ingen vattning eller underh\u00e5ll &#8211; idealiskt om du \u00e4r borta under en l\u00e4ngre tid<\/li>\n<li> Svart golvkruka, fylld med cement, ser till att v\u00e4xten st\u00e5r uppr\u00e4tt hela dagen<\/li>\n<li> Unik design med tv\u00e5 bollar i livfullt gr\u00f6nt ger mycket f\u00e4rg till din omgivning<\/li>\n<li> Grenarna kan b\u00f6jas efter \u00f6nskem\u00e5l<\/li>\n<li> Kommer f\u00e4rdigmonterad: Placera bara d\u00e4r du vill ha den<\/li>\n<\/ul>\n<p> Tekniska data:<\/p>\n<ul>\n<li> F\u00e4rg: Gr\u00f6n+Svart<\/li>\n<li> Material: Plast, Cement<\/li>\n<li> Totala dimensioner: \u00d823 x 67H cm<\/li>\n<li> Blomkruka storlek: \u00d817 x 15H cm<\/li>\n<\/ul>\n<p>Leveransinneh\u00e5ll:<\/p>\n<ul>\n<li> 2 x Konstgjorda v\u00e4xter;<\/li>\n<\/ul>\n","protected":false},"excerpt":{"rendered":"<p>Ge ditt hem en ny look med de krukv\u00e4xterna fr\u00e5n TRUUSK. Tillg\u00e4ngliga i ett set om tv\u00e5, kommer varje v\u00e4xt&#8230;<\/p>\n","protected":false},"featured_media":67314,"template":"","meta":[],"product_brand":[],"product_cat":[962,871,681],"product_tag":[],"class_list":{"0":"post-67325","1":"product","2":"type-product","3":"status-publish","4":"has-post-thumbnail","6":"product_cat-dekoration","7":"product_cat-hus-hem","8":"product_cat-konstgjorda-vaxter","10":"first","11":"instock","12":"sale","13":"taxable","14":"shipping-taxable","15":"purchasable","16":"product-type-simple"},"yoast_head":"<!-- This site is optimized with the Yoast SEO plugin v25.4 - https:\/\/yoast.com\/wordpress\/plugins\/seo\/ -->\n<title>TRUUSK Konstgjorda V\u00e4xter 2-pack Stora 67 cm - Konstv\u00e4xt med 2 Bollar - Plast Konsttr\u00e4d i Kruka - \u00c4kta Utseende - Modern - TRUUSK - Hem, Tr\u00e4dg\u00e5rd &amp; Fritid<\/title>\n<meta name=\"robots\" content=\"index, follow, max-snippet:-1, max-image-preview:large, max-video-preview:-1\" \/>\n<link rel=\"canonical\" href=\"https:\/\/truusk.store\/sv\/produkt\/truusk-konstgjorda-vaxter-2-pack-stora-67-cm-konstvaxt-med-2-bollar-plast-konsttrad-i-kruka-akta-utseende-modern\/\" \/>\n<meta property=\"og:locale\" content=\"sv_SE\" \/>\n<meta property=\"og:type\" content=\"article\" \/>\n<meta property=\"og:title\" content=\"TRUUSK Konstgjorda V\u00e4xter 2-pack Stora 67 cm - Konstv\u00e4xt med 2 Bollar - Plast Konsttr\u00e4d i Kruka - \u00c4kta Utseende - Modern - TRUUSK - Hem, Tr\u00e4dg\u00e5rd &amp; Fritid\" \/>\n<meta property=\"og:description\" content=\"Ge ditt hem en ny look med de krukv\u00e4xterna fr\u00e5n TRUUSK. Tillg\u00e4ngliga i ett set om tv\u00e5, kommer varje v\u00e4xt...\" \/>\n<meta property=\"og:url\" content=\"https:\/\/truusk.store\/sv\/produkt\/truusk-konstgjorda-vaxter-2-pack-stora-67-cm-konstvaxt-med-2-bollar-plast-konsttrad-i-kruka-akta-utseende-modern\/\" \/>\n<meta property=\"og:site_name\" content=\"TRUUSK - Hem, Tr\u00e4dg\u00e5rd &amp; Fritid\" \/>\n<meta property=\"article:modified_time\" content=\"2026-03-12T07:57:35+00:00\" \/>\n<meta property=\"og:image\" content=\"https:\/\/i0.wp.com\/truusk.se\/wp-content\/uploads\/2025\/06\/konstgjorda-vaxter-2-pack-stora-67-cm-konstvaxt-med-2-bollar-plast-konsttrad-i-kruka-konsttrad-som-ser-akta-ut-for-vardagsrum-sovrum-kontor-tradgard-modern-dekoration-present-1.webp?fit=1600%2C1600&ssl=1\" \/>\n\t<meta property=\"og:image:width\" content=\"1600\" \/>\n\t<meta property=\"og:image:height\" content=\"1600\" \/>\n\t<meta property=\"og:image:type\" content=\"image\/webp\" \/>\n<meta name=\"twitter:card\" content=\"summary_large_image\" \/>\n<meta name=\"twitter:label1\" content=\"Ber\u00e4knad l\u00e4stid\" \/>\n\t<meta name=\"twitter:data1\" content=\"1 minut\" \/>\n<!-- \/ Yoast SEO plugin. -->","yoast_head_json":{"title":"TRUUSK Konstgjorda V\u00e4xter 2-pack Stora 67 cm - Konstv\u00e4xt med 2 Bollar - Plast Konsttr\u00e4d i Kruka - \u00c4kta Utseende - Modern - TRUUSK - Hem, Tr\u00e4dg\u00e5rd &amp; Fritid","robots":{"index":"index","follow":"follow","max-snippet":"max-snippet:-1","max-image-preview":"max-image-preview:large","max-video-preview":"max-video-preview:-1"},"canonical":"https:\/\/truusk.store\/sv\/produkt\/truusk-konstgjorda-vaxter-2-pack-stora-67-cm-konstvaxt-med-2-bollar-plast-konsttrad-i-kruka-akta-utseende-modern\/","og_locale":"sv_SE","og_type":"article","og_title":"TRUUSK Konstgjorda V\u00e4xter 2-pack Stora 67 cm - Konstv\u00e4xt med 2 Bollar - Plast Konsttr\u00e4d i Kruka - \u00c4kta Utseende - Modern - TRUUSK - Hem, Tr\u00e4dg\u00e5rd &amp; Fritid","og_description":"Ge ditt hem en ny look med de krukv\u00e4xterna fr\u00e5n TRUUSK. Tillg\u00e4ngliga i ett set om tv\u00e5, kommer varje v\u00e4xt...","og_url":"https:\/\/truusk.store\/sv\/produkt\/truusk-konstgjorda-vaxter-2-pack-stora-67-cm-konstvaxt-med-2-bollar-plast-konsttrad-i-kruka-akta-utseende-modern\/","og_site_name":"TRUUSK - Hem, Tr\u00e4dg\u00e5rd &amp; Fritid","article_modified_time":"2026-03-12T07:57:35+00:00","og_image":[{"width":1600,"height":1600,"url":"https:\/\/i0.wp.com\/truusk.se\/wp-content\/uploads\/2025\/06\/konstgjorda-vaxter-2-pack-stora-67-cm-konstvaxt-med-2-bollar-plast-konsttrad-i-kruka-konsttrad-som-ser-akta-ut-for-vardagsrum-sovrum-kontor-tradgard-modern-dekoration-present-1.webp?fit=1600%2C1600&ssl=1","type":"image\/webp"}],"twitter_card":"summary_large_image","twitter_misc":{"Ber\u00e4knad l\u00e4stid":"1 minut"},"schema":{"@context":"https:\/\/schema.org","@graph":[{"@type":"WebPage","@id":"https:\/\/truusk.store\/sv\/produkt\/truusk-konstgjorda-vaxter-2-pack-stora-67-cm-konstvaxt-med-2-bollar-plast-konsttrad-i-kruka-akta-utseende-modern\/","url":"https:\/\/truusk.store\/sv\/produkt\/truusk-konstgjorda-vaxter-2-pack-stora-67-cm-konstvaxt-med-2-bollar-plast-konsttrad-i-kruka-akta-utseende-modern\/","name":"TRUUSK Konstgjorda V\u00e4xter 2-pack Stora 67 cm - Konstv\u00e4xt med 2 Bollar - Plast Konsttr\u00e4d i Kruka - \u00c4kta Utseende - Modern - TRUUSK - Hem, Tr\u00e4dg\u00e5rd &amp; Fritid","isPartOf":{"@id":"https:\/\/truusk.store\/sv\/#website"},"primaryImageOfPage":{"@id":"https:\/\/truusk.store\/sv\/produkt\/truusk-konstgjorda-vaxter-2-pack-stora-67-cm-konstvaxt-med-2-bollar-plast-konsttrad-i-kruka-akta-utseende-modern\/#primaryimage"},"image":{"@id":"https:\/\/truusk.store\/sv\/produkt\/truusk-konstgjorda-vaxter-2-pack-stora-67-cm-konstvaxt-med-2-bollar-plast-konsttrad-i-kruka-akta-utseende-modern\/#primaryimage"},"thumbnailUrl":"https:\/\/i0.wp.com\/truusk.store\/wp-content\/uploads\/2025\/06\/konstgjorda-vaxter-2-pack-stora-67-cm-konstvaxt-med-2-bollar-plast-konsttrad-i-kruka-konsttrad-som-ser-akta-ut-for-vardagsrum-sovrum-kontor-tradgard-modern-dekoration-present-1.webp?fit=1600%2C1600&ssl=1","datePublished":"2025-06-05T13:14:37+00:00","dateModified":"2026-03-12T07:57:35+00:00","breadcrumb":{"@id":"https:\/\/truusk.store\/sv\/produkt\/truusk-konstgjorda-vaxter-2-pack-stora-67-cm-konstvaxt-med-2-bollar-plast-konsttrad-i-kruka-akta-utseende-modern\/#breadcrumb"},"inLanguage":"sv-SE","potentialAction":[{"@type":"ReadAction","target":["https:\/\/truusk.store\/sv\/produkt\/truusk-konstgjorda-vaxter-2-pack-stora-67-cm-konstvaxt-med-2-bollar-plast-konsttrad-i-kruka-akta-utseende-modern\/"]}]},{"@type":"ImageObject","inLanguage":"sv-SE","@id":"https:\/\/truusk.store\/sv\/produkt\/truusk-konstgjorda-vaxter-2-pack-stora-67-cm-konstvaxt-med-2-bollar-plast-konsttrad-i-kruka-akta-utseende-modern\/#primaryimage","url":"https:\/\/i0.wp.com\/truusk.store\/wp-content\/uploads\/2025\/06\/konstgjorda-vaxter-2-pack-stora-67-cm-konstvaxt-med-2-bollar-plast-konsttrad-i-kruka-konsttrad-som-ser-akta-ut-for-vardagsrum-sovrum-kontor-tradgard-modern-dekoration-present-1.webp?fit=1600%2C1600&ssl=1","contentUrl":"https:\/\/i0.wp.com\/truusk.store\/wp-content\/uploads\/2025\/06\/konstgjorda-vaxter-2-pack-stora-67-cm-konstvaxt-med-2-bollar-plast-konsttrad-i-kruka-konsttrad-som-ser-akta-ut-for-vardagsrum-sovrum-kontor-tradgard-modern-dekoration-present-1.webp?fit=1600%2C1600&ssl=1","width":1600,"height":1600},{"@type":"BreadcrumbList","@id":"https:\/\/truusk.store\/sv\/produkt\/truusk-konstgjorda-vaxter-2-pack-stora-67-cm-konstvaxt-med-2-bollar-plast-konsttrad-i-kruka-akta-utseende-modern\/#breadcrumb","itemListElement":[{"@type":"ListItem","position":1,"name":"Home","item":"https:\/\/truusk.store\/sv\/"},{"@type":"ListItem","position":2,"name":"Shop","item":"https:\/\/truusk.store\/shop\/"},{"@type":"ListItem","position":3,"name":"TRUUSK Konstgjorda V\u00e4xter 2-pack Stora 67 cm &#8211; Konstv\u00e4xt med 2 Bollar &#8211; Plast Konsttr\u00e4d i Kruka &#8211; \u00c4kta Utseende &#8211; Modern"}]},{"@type":"WebSite","@id":"https:\/\/truusk.store\/sv\/#website","url":"https:\/\/truusk.store\/sv\/","name":"TRUUSK - Hem, Tr\u00e4dg\u00e5rd & Fritid","description":"","publisher":{"@id":"https:\/\/truusk.store\/sv\/#organization"},"potentialAction":[{"@type":"SearchAction","target":{"@type":"EntryPoint","urlTemplate":"https:\/\/truusk.store\/sv\/?s={search_term_string}"},"query-input":{"@type":"PropertyValueSpecification","valueRequired":true,"valueName":"search_term_string"}}],"inLanguage":"sv-SE"},{"@type":"Organization","@id":"https:\/\/truusk.store\/sv\/#organization","name":"TRUUSK - Hem, Tr\u00e4dg\u00e5rd & Fritid","url":"https:\/\/truusk.store\/sv\/","logo":{"@type":"ImageObject","inLanguage":"sv-SE","@id":"https:\/\/truusk.store\/sv\/#\/schema\/logo\/image\/","url":"https:\/\/i0.wp.com\/truusk.store\/wp-content\/uploads\/2026\/03\/cropped-TRUUSK.png?fit=2032%2C917&ssl=1","contentUrl":"https:\/\/i0.wp.com\/truusk.store\/wp-content\/uploads\/2026\/03\/cropped-TRUUSK.png?fit=2032%2C917&ssl=1","width":2032,"height":917,"caption":"TRUUSK - Hem, Tr\u00e4dg\u00e5rd & Fritid"},"image":{"@id":"https:\/\/truusk.store\/sv\/#\/schema\/logo\/image\/"}}]}},"jetpack_sharing_enabled":true,"_links":{"self":[{"href":"https:\/\/truusk.store\/sv\/wp-json\/wp\/v2\/product\/67325","targetHints":{"allow":["GET"]}}],"collection":[{"href":"https:\/\/truusk.store\/sv\/wp-json\/wp\/v2\/product"}],"about":[{"href":"https:\/\/truusk.store\/sv\/wp-json\/wp\/v2\/types\/product"}],"wp:featuredmedia":[{"embeddable":true,"href":"https:\/\/truusk.store\/sv\/wp-json\/wp\/v2\/media\/67314"}],"wp:attachment":[{"href":"https:\/\/truusk.store\/sv\/wp-json\/wp\/v2\/media?parent=67325"}],"wp:term":[{"taxonomy":"product_brand","embeddable":true,"href":"https:\/\/truusk.store\/sv\/wp-json\/wp\/v2\/product_brand?post=67325"},{"taxonomy":"product_cat","embeddable":true,"href":"https:\/\/truusk.store\/sv\/wp-json\/wp\/v2\/product_cat?post=67325"},{"taxonomy":"product_tag","embeddable":true,"href":"https:\/\/truusk.store\/sv\/wp-json\/wp\/v2\/product_tag?post=67325"}],"curies":[{"name":"wp","href":"https:\/\/api.w.org\/{rel}","templated":true}]}}