{"id":67385,"date":"2025-06-05T14:20:41","date_gmt":"2025-06-05T13:20:41","guid":{"rendered":"https:\/\/truusk.store\/product\/sidobord-tradgard-vaderbestandigt-tradgardsbord-med-upphojd-kant-balkongbord-av-stal-runt-kaffebord-med-20kg-kapacitet-o40x50h-cm-soffbord-for-utomhus-inomhus-balkong-terrass-rott\/"},"modified":"2026-03-12T09:35:33","modified_gmt":"2026-03-12T08:35:33","slug":"truusk-sidobord-tradgard-vaderbestandigt-upphojd-kant-stal-runt-kaffebord-20kg-kapacitet-o40x50h-cm-soffbord","status":"publish","type":"product","link":"https:\/\/truusk.store\/sv\/produkt\/truusk-sidobord-tradgard-vaderbestandigt-upphojd-kant-stal-runt-kaffebord-20kg-kapacitet-o40x50h-cm-soffbord\/","title":{"rendered":"TRUUSK Sidobord Tr\u00e4dg\u00e5rd &#8211; V\u00e4derbest\u00e4ndigt &#8211; Upph\u00f6jd Kant &#8211; St\u00e5l &#8211; Runt Kaffebord &#8211; 20kg Kapacitet &#8211; \u00d840x50H Cm &#8211; Soffbord"},"content":{"rendered":"<p>Den h\u00e4r utomhus sidobordet fr\u00e5n TRUUSK \u00e4r det perfekta tillskottet till ditt hem. Oavsett om du beh\u00f6ver ett utomhus balkongbord f\u00f6r mysiga kv\u00e4llar utomhus eller en praktisk avlastningsyta bredvid soffan, \u00e4r detta balkongbord utm\u00e4rkt f\u00f6r alla tillf\u00e4llen. Skyddskanten p\u00e5 bordsskivan f\u00f6rhindrar ocks\u00e5 att f\u00f6rem\u00e5l glider av. Tillverkad av robust st\u00e5l, \u00e4r detta bord extremt h\u00e5llbart och v\u00e4derbest\u00e4ndigt.<\/p>\n<p>Beskrivning:<\/p>\n<ul>\n<li> M\u00e5ngsidig anv\u00e4ndning: Kan anv\u00e4ndas som soffbord eller utomhus sidobord<\/li>\n<li> Modern design som sm\u00e4lter s\u00f6ml\u00f6st in i din inredning<\/li>\n<li> Den upph\u00f6jda kanten p\u00e5 det runda tr\u00e4dg\u00e5rdsbordet f\u00f6rhindrar att f\u00f6rem\u00e5l faller av<\/li>\n<li> Det lilla tr\u00e4dg\u00e5rdsbordet \u00e4r tillverkat av rostfritt st\u00e5l och l\u00e4mpar sig f\u00f6r utomhusbruk<\/li>\n<li> Perfekt f\u00f6r vardagsrum, balkong, veranda, poolomr\u00e5de och tr\u00e4dg\u00e5rd<\/li>\n<li> Enkel montering kr\u00e4vs<\/li>\n<\/ul>\n<p> Tekniska data:<\/p>\n<ul>\n<li> F\u00e4rg: R\u00f6d<\/li>\n<li> Material: St\u00e5l<\/li>\n<li> Totala dimensioner: \u00d840 x 50H cm<\/li>\n<li> Dimensioner p\u00e5 bordsskivan: \u00d840 x 2H cm<\/li>\n<li> Maximal belastningskapacitet: 20 kg<\/li>\n<\/ul>\n<p>Leveransinneh\u00e5ll:<\/p>\n<ul>\n<li> 1 x Sidobord<\/li>\n<li> 1 x Handbok<\/li>\n<\/ul>\n","protected":false},"excerpt":{"rendered":"<p>Den h\u00e4r utomhus sidobordet fr\u00e5n TRUUSK \u00e4r det perfekta tillskottet till ditt hem. Oavsett om du beh\u00f6ver ett utomhus balkongbord&#8230;<\/p>\n","protected":false},"featured_media":67376,"template":"","meta":[],"product_brand":[],"product_cat":[858,457,450],"product_tag":[],"class_list":{"0":"post-67385","1":"product","2":"type-product","3":"status-publish","4":"has-post-thumbnail","6":"product_cat-tradgard-terrass","7":"product_cat-tradgardsbord","8":"product_cat-tradgardsmobler","10":"first","11":"instock","12":"sale","13":"taxable","14":"shipping-taxable","15":"purchasable","16":"product-type-simple"},"yoast_head":"<!-- This site is optimized with the Yoast SEO plugin v25.4 - https:\/\/yoast.com\/wordpress\/plugins\/seo\/ -->\n<title>TRUUSK Sidobord Tr\u00e4dg\u00e5rd - V\u00e4derbest\u00e4ndigt - Upph\u00f6jd Kant - St\u00e5l - Runt Kaffebord - 20kg Kapacitet - \u00d840x50H Cm - Soffbord - TRUUSK - Hem, Tr\u00e4dg\u00e5rd &amp; Fritid<\/title>\n<meta name=\"robots\" content=\"index, follow, max-snippet:-1, max-image-preview:large, max-video-preview:-1\" \/>\n<link rel=\"canonical\" href=\"https:\/\/truusk.store\/sv\/produkt\/truusk-sidobord-tradgard-vaderbestandigt-upphojd-kant-stal-runt-kaffebord-20kg-kapacitet-o40x50h-cm-soffbord\/\" \/>\n<meta property=\"og:locale\" content=\"sv_SE\" \/>\n<meta property=\"og:type\" content=\"article\" \/>\n<meta property=\"og:title\" content=\"TRUUSK Sidobord Tr\u00e4dg\u00e5rd - V\u00e4derbest\u00e4ndigt - Upph\u00f6jd Kant - St\u00e5l - Runt Kaffebord - 20kg Kapacitet - \u00d840x50H Cm - Soffbord - TRUUSK - Hem, Tr\u00e4dg\u00e5rd &amp; Fritid\" \/>\n<meta property=\"og:description\" content=\"Den h\u00e4r utomhus sidobordet fr\u00e5n TRUUSK \u00e4r det perfekta tillskottet till ditt hem. Oavsett om du beh\u00f6ver ett utomhus balkongbord...\" \/>\n<meta property=\"og:url\" content=\"https:\/\/truusk.store\/sv\/produkt\/truusk-sidobord-tradgard-vaderbestandigt-upphojd-kant-stal-runt-kaffebord-20kg-kapacitet-o40x50h-cm-soffbord\/\" \/>\n<meta property=\"og:site_name\" content=\"TRUUSK - Hem, Tr\u00e4dg\u00e5rd &amp; Fritid\" \/>\n<meta property=\"article:modified_time\" content=\"2026-03-12T08:35:33+00:00\" \/>\n<meta property=\"og:image\" content=\"https:\/\/i0.wp.com\/truusk.se\/wp-content\/uploads\/2025\/06\/sidobord-tradgard-vaderbestandigt-tradgardsbord-med-upphojd-kant-balkongbord-av-stal-runt-kaffebord-med-20kg-kapacitet-o40x50h-cm-soffbord-for-utomhus-inomhus-balkong-terrass-rott-1.webp?fit=2000%2C2000&ssl=1\" \/>\n\t<meta property=\"og:image:width\" content=\"2000\" \/>\n\t<meta property=\"og:image:height\" content=\"2000\" \/>\n\t<meta property=\"og:image:type\" content=\"image\/webp\" \/>\n<meta name=\"twitter:card\" content=\"summary_large_image\" \/>\n<meta name=\"twitter:label1\" content=\"Ber\u00e4knad l\u00e4stid\" \/>\n\t<meta name=\"twitter:data1\" content=\"1 minut\" \/>\n<!-- \/ Yoast SEO plugin. -->","yoast_head_json":{"title":"TRUUSK Sidobord Tr\u00e4dg\u00e5rd - V\u00e4derbest\u00e4ndigt - Upph\u00f6jd Kant - St\u00e5l - Runt Kaffebord - 20kg Kapacitet - \u00d840x50H Cm - Soffbord - TRUUSK - Hem, Tr\u00e4dg\u00e5rd &amp; Fritid","robots":{"index":"index","follow":"follow","max-snippet":"max-snippet:-1","max-image-preview":"max-image-preview:large","max-video-preview":"max-video-preview:-1"},"canonical":"https:\/\/truusk.store\/sv\/produkt\/truusk-sidobord-tradgard-vaderbestandigt-upphojd-kant-stal-runt-kaffebord-20kg-kapacitet-o40x50h-cm-soffbord\/","og_locale":"sv_SE","og_type":"article","og_title":"TRUUSK Sidobord Tr\u00e4dg\u00e5rd - V\u00e4derbest\u00e4ndigt - Upph\u00f6jd Kant - St\u00e5l - Runt Kaffebord - 20kg Kapacitet - \u00d840x50H Cm - Soffbord - TRUUSK - Hem, Tr\u00e4dg\u00e5rd &amp; Fritid","og_description":"Den h\u00e4r utomhus sidobordet fr\u00e5n TRUUSK \u00e4r det perfekta tillskottet till ditt hem. Oavsett om du beh\u00f6ver ett utomhus balkongbord...","og_url":"https:\/\/truusk.store\/sv\/produkt\/truusk-sidobord-tradgard-vaderbestandigt-upphojd-kant-stal-runt-kaffebord-20kg-kapacitet-o40x50h-cm-soffbord\/","og_site_name":"TRUUSK - Hem, Tr\u00e4dg\u00e5rd &amp; Fritid","article_modified_time":"2026-03-12T08:35:33+00:00","og_image":[{"width":2000,"height":2000,"url":"https:\/\/i0.wp.com\/truusk.se\/wp-content\/uploads\/2025\/06\/sidobord-tradgard-vaderbestandigt-tradgardsbord-med-upphojd-kant-balkongbord-av-stal-runt-kaffebord-med-20kg-kapacitet-o40x50h-cm-soffbord-for-utomhus-inomhus-balkong-terrass-rott-1.webp?fit=2000%2C2000&ssl=1","type":"image\/webp"}],"twitter_card":"summary_large_image","twitter_misc":{"Ber\u00e4knad l\u00e4stid":"1 minut"},"schema":{"@context":"https:\/\/schema.org","@graph":[{"@type":"WebPage","@id":"https:\/\/truusk.store\/sv\/produkt\/truusk-sidobord-tradgard-vaderbestandigt-upphojd-kant-stal-runt-kaffebord-20kg-kapacitet-o40x50h-cm-soffbord\/","url":"https:\/\/truusk.store\/sv\/produkt\/truusk-sidobord-tradgard-vaderbestandigt-upphojd-kant-stal-runt-kaffebord-20kg-kapacitet-o40x50h-cm-soffbord\/","name":"TRUUSK Sidobord Tr\u00e4dg\u00e5rd - V\u00e4derbest\u00e4ndigt - Upph\u00f6jd Kant - St\u00e5l - Runt Kaffebord - 20kg Kapacitet - \u00d840x50H Cm - Soffbord - TRUUSK - Hem, Tr\u00e4dg\u00e5rd &amp; Fritid","isPartOf":{"@id":"https:\/\/truusk.store\/sv\/#website"},"primaryImageOfPage":{"@id":"https:\/\/truusk.store\/sv\/produkt\/truusk-sidobord-tradgard-vaderbestandigt-upphojd-kant-stal-runt-kaffebord-20kg-kapacitet-o40x50h-cm-soffbord\/#primaryimage"},"image":{"@id":"https:\/\/truusk.store\/sv\/produkt\/truusk-sidobord-tradgard-vaderbestandigt-upphojd-kant-stal-runt-kaffebord-20kg-kapacitet-o40x50h-cm-soffbord\/#primaryimage"},"thumbnailUrl":"https:\/\/i0.wp.com\/truusk.store\/wp-content\/uploads\/2025\/06\/sidobord-tradgard-vaderbestandigt-tradgardsbord-med-upphojd-kant-balkongbord-av-stal-runt-kaffebord-med-20kg-kapacitet-o40x50h-cm-soffbord-for-utomhus-inomhus-balkong-terrass-rott-1.webp?fit=2000%2C2000&ssl=1","datePublished":"2025-06-05T13:20:41+00:00","dateModified":"2026-03-12T08:35:33+00:00","breadcrumb":{"@id":"https:\/\/truusk.store\/sv\/produkt\/truusk-sidobord-tradgard-vaderbestandigt-upphojd-kant-stal-runt-kaffebord-20kg-kapacitet-o40x50h-cm-soffbord\/#breadcrumb"},"inLanguage":"sv-SE","potentialAction":[{"@type":"ReadAction","target":["https:\/\/truusk.store\/sv\/produkt\/truusk-sidobord-tradgard-vaderbestandigt-upphojd-kant-stal-runt-kaffebord-20kg-kapacitet-o40x50h-cm-soffbord\/"]}]},{"@type":"ImageObject","inLanguage":"sv-SE","@id":"https:\/\/truusk.store\/sv\/produkt\/truusk-sidobord-tradgard-vaderbestandigt-upphojd-kant-stal-runt-kaffebord-20kg-kapacitet-o40x50h-cm-soffbord\/#primaryimage","url":"https:\/\/i0.wp.com\/truusk.store\/wp-content\/uploads\/2025\/06\/sidobord-tradgard-vaderbestandigt-tradgardsbord-med-upphojd-kant-balkongbord-av-stal-runt-kaffebord-med-20kg-kapacitet-o40x50h-cm-soffbord-for-utomhus-inomhus-balkong-terrass-rott-1.webp?fit=2000%2C2000&ssl=1","contentUrl":"https:\/\/i0.wp.com\/truusk.store\/wp-content\/uploads\/2025\/06\/sidobord-tradgard-vaderbestandigt-tradgardsbord-med-upphojd-kant-balkongbord-av-stal-runt-kaffebord-med-20kg-kapacitet-o40x50h-cm-soffbord-for-utomhus-inomhus-balkong-terrass-rott-1.webp?fit=2000%2C2000&ssl=1","width":2000,"height":2000},{"@type":"BreadcrumbList","@id":"https:\/\/truusk.store\/sv\/produkt\/truusk-sidobord-tradgard-vaderbestandigt-upphojd-kant-stal-runt-kaffebord-20kg-kapacitet-o40x50h-cm-soffbord\/#breadcrumb","itemListElement":[{"@type":"ListItem","position":1,"name":"Home","item":"https:\/\/truusk.store\/sv\/"},{"@type":"ListItem","position":2,"name":"Shop","item":"https:\/\/truusk.store\/shop\/"},{"@type":"ListItem","position":3,"name":"TRUUSK Sidobord Tr\u00e4dg\u00e5rd &#8211; V\u00e4derbest\u00e4ndigt &#8211; Upph\u00f6jd Kant &#8211; St\u00e5l &#8211; Runt Kaffebord &#8211; 20kg Kapacitet &#8211; \u00d840x50H Cm &#8211; Soffbord"}]},{"@type":"WebSite","@id":"https:\/\/truusk.store\/sv\/#website","url":"https:\/\/truusk.store\/sv\/","name":"TRUUSK - Hem, Tr\u00e4dg\u00e5rd & Fritid","description":"","publisher":{"@id":"https:\/\/truusk.store\/sv\/#organization"},"potentialAction":[{"@type":"SearchAction","target":{"@type":"EntryPoint","urlTemplate":"https:\/\/truusk.store\/sv\/?s={search_term_string}"},"query-input":{"@type":"PropertyValueSpecification","valueRequired":true,"valueName":"search_term_string"}}],"inLanguage":"sv-SE"},{"@type":"Organization","@id":"https:\/\/truusk.store\/sv\/#organization","name":"TRUUSK - Hem, Tr\u00e4dg\u00e5rd & Fritid","url":"https:\/\/truusk.store\/sv\/","logo":{"@type":"ImageObject","inLanguage":"sv-SE","@id":"https:\/\/truusk.store\/sv\/#\/schema\/logo\/image\/","url":"https:\/\/i0.wp.com\/truusk.store\/wp-content\/uploads\/2026\/03\/cropped-TRUUSK.png?fit=2032%2C917&ssl=1","contentUrl":"https:\/\/i0.wp.com\/truusk.store\/wp-content\/uploads\/2026\/03\/cropped-TRUUSK.png?fit=2032%2C917&ssl=1","width":2032,"height":917,"caption":"TRUUSK - Hem, Tr\u00e4dg\u00e5rd & Fritid"},"image":{"@id":"https:\/\/truusk.store\/sv\/#\/schema\/logo\/image\/"}}]}},"jetpack_sharing_enabled":true,"_links":{"self":[{"href":"https:\/\/truusk.store\/sv\/wp-json\/wp\/v2\/product\/67385","targetHints":{"allow":["GET"]}}],"collection":[{"href":"https:\/\/truusk.store\/sv\/wp-json\/wp\/v2\/product"}],"about":[{"href":"https:\/\/truusk.store\/sv\/wp-json\/wp\/v2\/types\/product"}],"wp:featuredmedia":[{"embeddable":true,"href":"https:\/\/truusk.store\/sv\/wp-json\/wp\/v2\/media\/67376"}],"wp:attachment":[{"href":"https:\/\/truusk.store\/sv\/wp-json\/wp\/v2\/media?parent=67385"}],"wp:term":[{"taxonomy":"product_brand","embeddable":true,"href":"https:\/\/truusk.store\/sv\/wp-json\/wp\/v2\/product_brand?post=67385"},{"taxonomy":"product_cat","embeddable":true,"href":"https:\/\/truusk.store\/sv\/wp-json\/wp\/v2\/product_cat?post=67385"},{"taxonomy":"product_tag","embeddable":true,"href":"https:\/\/truusk.store\/sv\/wp-json\/wp\/v2\/product_tag?post=67385"}],"curies":[{"name":"wp","href":"https:\/\/api.w.org\/{rel}","templated":true}]}}