{"id":67435,"date":"2025-06-05T14:25:48","date_gmt":"2025-06-05T13:25:48","guid":{"rendered":"https:\/\/truusk.store\/product\/kupoltalt-for-4-personer-latt-stabilt-vattentatt-uv-50-pop-up-campingtalt-med-krokar-dorr-fonster-markduk-familjetalt-med-1000mm-vattenpelare-talt-for-camping-resor-trekking-tradgard\/"},"modified":"2026-03-12T09:11:30","modified_gmt":"2026-03-12T08:11:30","slug":"truusk-pop-up-campingtalt-for-4-personer-latt-och-stabilt-vattentatt-med-uv-50-skydd-krokar-dorr-och-fonster-1000mm","status":"publish","type":"product","link":"https:\/\/truusk.store\/sv\/produkt\/truusk-pop-up-campingtalt-for-4-personer-latt-och-stabilt-vattentatt-med-uv-50-skydd-krokar-dorr-och-fonster-1000mm\/","title":{"rendered":"TRUUSK Pop Up Campingt\u00e4lt f\u00f6r 4 Personer &#8211; L\u00e4tt och Stabilt &#8211; Vattent\u00e4tt med UV 50+ Skydd &#8211; Krokar, D\u00f6rr och F\u00f6nster &#8211; 1000mm"},"content":{"rendered":"<p>TRUUSK 3-s\u00e4songers campingt\u00e4lt \u00e4r idealiskt f\u00f6r dagsutflykter, \u00f6vernattningar och nyb\u00f6rjar-backpacking. Tack vare f\u00f6rmonterade st\u00e4nger kan detta kupolt\u00e4lt enkelt f\u00e4llas upp och f\u00f6rvandlas till ett skyddande tak redo f\u00f6r anv\u00e4ndning! F\u00f6r att f\u00e4lla ihop f\u00f6r f\u00f6rvaring eller transport, tryck helt enkelt p\u00e5 knappen p\u00e5 t\u00e4ltets topp. Upplev naturen med detta utm\u00e4rkta TRUUSK kupolt\u00e4lt! OBS: Inte l\u00e4mpligt f\u00f6r extremt v\u00e4der som stark vind, kraftigt regn eller sn\u00f6.<\/p>\n<p>Beskrivning:<\/p>\n<ul>\n<li> Automatisk upp- och nedmontering av kupolt\u00e4ltet med yttre solskydd<\/li>\n<li> Tillr\u00e4ckligt stor f\u00f6r 4 personer med komfort<\/li>\n<li> H\u00e5llbart, vattenavvisande polyester tyg 190T, designat f\u00f6r l\u00e5ngvarig anv\u00e4ndning \u00f6ver m\u00e5nga s\u00e4songer<\/li>\n<li> Har 4 d\u00f6rrar med f\u00f6nster f\u00f6r obegr\u00e4nsade vyer och ventilation<\/li>\n<li> 2 f\u00f6rvaringsfickor i campingt\u00e4ltet f\u00f6r praktisk f\u00f6rvaring<\/li>\n<li> 8 markpinnar till campingt\u00e4ltet ing\u00e5r f\u00f6r \u00f6kad stabilitet<\/li>\n<li> Resv\u00e4ska f\u00f6r bekv\u00e4m transport och f\u00f6rvaring<\/li>\n<li> Vattenresistent och UV-best\u00e4ndig, men inte l\u00e4mplig f\u00f6r anv\u00e4ndning i extremt v\u00e4der<\/li>\n<\/ul>\n<p> Tekniska data:<\/p>\n<ul>\n<li> F\u00e4rger: Ljusgr\u00e5<\/li>\n<li> Material: Polyester, plast, n\u00e4t, glasfiber<\/li>\n<li> Totala dimensioner: 2,4L x 2,4B x 2H m<\/li>\n<li> Nettovikt: 6,2 kg<\/li>\n<\/ul>\n<p>Inneh\u00e5ll:<\/p>\n<ul>\n<li> 1x T\u00e4lt<\/li>\n<li> 1 x B\u00e4rp\u00e5se<\/li>\n<li> 8 x Markpinnar<\/li>\n<\/ul>\n","protected":false},"excerpt":{"rendered":"<p>TRUUSK 3-s\u00e4songers campingt\u00e4lt \u00e4r idealiskt f\u00f6r dagsutflykter, \u00f6vernattningar och nyb\u00f6rjar-backpacking. Tack vare f\u00f6rmonterade st\u00e4nger kan detta kupolt\u00e4lt enkelt f\u00e4llas upp&#8230;<\/p>\n","protected":false},"featured_media":67426,"template":"","meta":[],"product_brand":[],"product_cat":[648,647,650],"product_tag":[],"class_list":{"0":"post-67435","1":"product","2":"type-product","3":"status-publish","4":"has-post-thumbnail","6":"product_cat-camping-tillbehor","7":"product_cat-sport-fritid","8":"product_cat-talt","10":"first","11":"instock","12":"sale","13":"taxable","14":"shipping-taxable","15":"purchasable","16":"product-type-simple"},"yoast_head":"<!-- This site is optimized with the Yoast SEO plugin v25.4 - https:\/\/yoast.com\/wordpress\/plugins\/seo\/ -->\n<title>TRUUSK Pop Up Campingt\u00e4lt f\u00f6r 4 Personer - L\u00e4tt och Stabilt - Vattent\u00e4tt med UV 50+ Skydd - Krokar, D\u00f6rr och F\u00f6nster - 1000mm - TRUUSK - Hem, Tr\u00e4dg\u00e5rd &amp; Fritid<\/title>\n<meta name=\"robots\" content=\"index, follow, max-snippet:-1, max-image-preview:large, max-video-preview:-1\" \/>\n<link rel=\"canonical\" href=\"https:\/\/truusk.store\/sv\/produkt\/truusk-pop-up-campingtalt-for-4-personer-latt-och-stabilt-vattentatt-med-uv-50-skydd-krokar-dorr-och-fonster-1000mm\/\" \/>\n<meta property=\"og:locale\" content=\"sv_SE\" \/>\n<meta property=\"og:type\" content=\"article\" \/>\n<meta property=\"og:title\" content=\"TRUUSK Pop Up Campingt\u00e4lt f\u00f6r 4 Personer - L\u00e4tt och Stabilt - Vattent\u00e4tt med UV 50+ Skydd - Krokar, D\u00f6rr och F\u00f6nster - 1000mm - TRUUSK - Hem, Tr\u00e4dg\u00e5rd &amp; Fritid\" \/>\n<meta property=\"og:description\" content=\"TRUUSK 3-s\u00e4songers campingt\u00e4lt \u00e4r idealiskt f\u00f6r dagsutflykter, \u00f6vernattningar och nyb\u00f6rjar-backpacking. Tack vare f\u00f6rmonterade st\u00e4nger kan detta kupolt\u00e4lt enkelt f\u00e4llas upp...\" \/>\n<meta property=\"og:url\" content=\"https:\/\/truusk.store\/sv\/produkt\/truusk-pop-up-campingtalt-for-4-personer-latt-och-stabilt-vattentatt-med-uv-50-skydd-krokar-dorr-och-fonster-1000mm\/\" \/>\n<meta property=\"og:site_name\" content=\"TRUUSK - Hem, Tr\u00e4dg\u00e5rd &amp; Fritid\" \/>\n<meta property=\"article:modified_time\" content=\"2026-03-12T08:11:30+00:00\" \/>\n<meta property=\"og:image\" content=\"https:\/\/i0.wp.com\/truusk.se\/wp-content\/uploads\/2025\/06\/kupoltalt-for-4-personer-latt-stabilt-vattentatt-uv-50-pop-up-campingtalt-med-krokar-dorr-fonster-markduk-familjetalt-med-1000mm-vattenpelare-talt-for-camping-resor-trekking-tradgard-1.webp?fit=2000%2C2000&ssl=1\" \/>\n\t<meta property=\"og:image:width\" content=\"2000\" \/>\n\t<meta property=\"og:image:height\" content=\"2000\" \/>\n\t<meta property=\"og:image:type\" content=\"image\/webp\" \/>\n<meta name=\"twitter:card\" content=\"summary_large_image\" \/>\n<meta name=\"twitter:label1\" content=\"Ber\u00e4knad l\u00e4stid\" \/>\n\t<meta name=\"twitter:data1\" content=\"1 minut\" \/>\n<!-- \/ Yoast SEO plugin. -->","yoast_head_json":{"title":"TRUUSK Pop Up Campingt\u00e4lt f\u00f6r 4 Personer - L\u00e4tt och Stabilt - Vattent\u00e4tt med UV 50+ Skydd - Krokar, D\u00f6rr och F\u00f6nster - 1000mm - TRUUSK - Hem, Tr\u00e4dg\u00e5rd &amp; Fritid","robots":{"index":"index","follow":"follow","max-snippet":"max-snippet:-1","max-image-preview":"max-image-preview:large","max-video-preview":"max-video-preview:-1"},"canonical":"https:\/\/truusk.store\/sv\/produkt\/truusk-pop-up-campingtalt-for-4-personer-latt-och-stabilt-vattentatt-med-uv-50-skydd-krokar-dorr-och-fonster-1000mm\/","og_locale":"sv_SE","og_type":"article","og_title":"TRUUSK Pop Up Campingt\u00e4lt f\u00f6r 4 Personer - L\u00e4tt och Stabilt - Vattent\u00e4tt med UV 50+ Skydd - Krokar, D\u00f6rr och F\u00f6nster - 1000mm - TRUUSK - Hem, Tr\u00e4dg\u00e5rd &amp; Fritid","og_description":"TRUUSK 3-s\u00e4songers campingt\u00e4lt \u00e4r idealiskt f\u00f6r dagsutflykter, \u00f6vernattningar och nyb\u00f6rjar-backpacking. Tack vare f\u00f6rmonterade st\u00e4nger kan detta kupolt\u00e4lt enkelt f\u00e4llas upp...","og_url":"https:\/\/truusk.store\/sv\/produkt\/truusk-pop-up-campingtalt-for-4-personer-latt-och-stabilt-vattentatt-med-uv-50-skydd-krokar-dorr-och-fonster-1000mm\/","og_site_name":"TRUUSK - Hem, Tr\u00e4dg\u00e5rd &amp; Fritid","article_modified_time":"2026-03-12T08:11:30+00:00","og_image":[{"width":2000,"height":2000,"url":"https:\/\/i0.wp.com\/truusk.se\/wp-content\/uploads\/2025\/06\/kupoltalt-for-4-personer-latt-stabilt-vattentatt-uv-50-pop-up-campingtalt-med-krokar-dorr-fonster-markduk-familjetalt-med-1000mm-vattenpelare-talt-for-camping-resor-trekking-tradgard-1.webp?fit=2000%2C2000&ssl=1","type":"image\/webp"}],"twitter_card":"summary_large_image","twitter_misc":{"Ber\u00e4knad l\u00e4stid":"1 minut"},"schema":{"@context":"https:\/\/schema.org","@graph":[{"@type":"WebPage","@id":"https:\/\/truusk.store\/sv\/produkt\/truusk-pop-up-campingtalt-for-4-personer-latt-och-stabilt-vattentatt-med-uv-50-skydd-krokar-dorr-och-fonster-1000mm\/","url":"https:\/\/truusk.store\/sv\/produkt\/truusk-pop-up-campingtalt-for-4-personer-latt-och-stabilt-vattentatt-med-uv-50-skydd-krokar-dorr-och-fonster-1000mm\/","name":"TRUUSK Pop Up Campingt\u00e4lt f\u00f6r 4 Personer - L\u00e4tt och Stabilt - Vattent\u00e4tt med UV 50+ Skydd - Krokar, D\u00f6rr och F\u00f6nster - 1000mm - TRUUSK - Hem, Tr\u00e4dg\u00e5rd &amp; Fritid","isPartOf":{"@id":"https:\/\/truusk.store\/sv\/#website"},"primaryImageOfPage":{"@id":"https:\/\/truusk.store\/sv\/produkt\/truusk-pop-up-campingtalt-for-4-personer-latt-och-stabilt-vattentatt-med-uv-50-skydd-krokar-dorr-och-fonster-1000mm\/#primaryimage"},"image":{"@id":"https:\/\/truusk.store\/sv\/produkt\/truusk-pop-up-campingtalt-for-4-personer-latt-och-stabilt-vattentatt-med-uv-50-skydd-krokar-dorr-och-fonster-1000mm\/#primaryimage"},"thumbnailUrl":"https:\/\/i0.wp.com\/truusk.store\/wp-content\/uploads\/2025\/06\/kupoltalt-for-4-personer-latt-stabilt-vattentatt-uv-50-pop-up-campingtalt-med-krokar-dorr-fonster-markduk-familjetalt-med-1000mm-vattenpelare-talt-for-camping-resor-trekking-tradgard-1.webp?fit=2000%2C2000&ssl=1","datePublished":"2025-06-05T13:25:48+00:00","dateModified":"2026-03-12T08:11:30+00:00","breadcrumb":{"@id":"https:\/\/truusk.store\/sv\/produkt\/truusk-pop-up-campingtalt-for-4-personer-latt-och-stabilt-vattentatt-med-uv-50-skydd-krokar-dorr-och-fonster-1000mm\/#breadcrumb"},"inLanguage":"sv-SE","potentialAction":[{"@type":"ReadAction","target":["https:\/\/truusk.store\/sv\/produkt\/truusk-pop-up-campingtalt-for-4-personer-latt-och-stabilt-vattentatt-med-uv-50-skydd-krokar-dorr-och-fonster-1000mm\/"]}]},{"@type":"ImageObject","inLanguage":"sv-SE","@id":"https:\/\/truusk.store\/sv\/produkt\/truusk-pop-up-campingtalt-for-4-personer-latt-och-stabilt-vattentatt-med-uv-50-skydd-krokar-dorr-och-fonster-1000mm\/#primaryimage","url":"https:\/\/i0.wp.com\/truusk.store\/wp-content\/uploads\/2025\/06\/kupoltalt-for-4-personer-latt-stabilt-vattentatt-uv-50-pop-up-campingtalt-med-krokar-dorr-fonster-markduk-familjetalt-med-1000mm-vattenpelare-talt-for-camping-resor-trekking-tradgard-1.webp?fit=2000%2C2000&ssl=1","contentUrl":"https:\/\/i0.wp.com\/truusk.store\/wp-content\/uploads\/2025\/06\/kupoltalt-for-4-personer-latt-stabilt-vattentatt-uv-50-pop-up-campingtalt-med-krokar-dorr-fonster-markduk-familjetalt-med-1000mm-vattenpelare-talt-for-camping-resor-trekking-tradgard-1.webp?fit=2000%2C2000&ssl=1","width":2000,"height":2000},{"@type":"BreadcrumbList","@id":"https:\/\/truusk.store\/sv\/produkt\/truusk-pop-up-campingtalt-for-4-personer-latt-och-stabilt-vattentatt-med-uv-50-skydd-krokar-dorr-och-fonster-1000mm\/#breadcrumb","itemListElement":[{"@type":"ListItem","position":1,"name":"Home","item":"https:\/\/truusk.store\/sv\/"},{"@type":"ListItem","position":2,"name":"Shop","item":"https:\/\/truusk.store\/shop\/"},{"@type":"ListItem","position":3,"name":"TRUUSK Pop Up Campingt\u00e4lt f\u00f6r 4 Personer &#8211; L\u00e4tt och Stabilt &#8211; Vattent\u00e4tt med UV 50+ Skydd &#8211; Krokar, D\u00f6rr och F\u00f6nster &#8211; 1000mm"}]},{"@type":"WebSite","@id":"https:\/\/truusk.store\/sv\/#website","url":"https:\/\/truusk.store\/sv\/","name":"TRUUSK - Hem, Tr\u00e4dg\u00e5rd & Fritid","description":"","publisher":{"@id":"https:\/\/truusk.store\/sv\/#organization"},"potentialAction":[{"@type":"SearchAction","target":{"@type":"EntryPoint","urlTemplate":"https:\/\/truusk.store\/sv\/?s={search_term_string}"},"query-input":{"@type":"PropertyValueSpecification","valueRequired":true,"valueName":"search_term_string"}}],"inLanguage":"sv-SE"},{"@type":"Organization","@id":"https:\/\/truusk.store\/sv\/#organization","name":"TRUUSK - Hem, Tr\u00e4dg\u00e5rd & Fritid","url":"https:\/\/truusk.store\/sv\/","logo":{"@type":"ImageObject","inLanguage":"sv-SE","@id":"https:\/\/truusk.store\/sv\/#\/schema\/logo\/image\/","url":"https:\/\/i0.wp.com\/truusk.store\/wp-content\/uploads\/2026\/03\/cropped-TRUUSK.png?fit=2032%2C917&ssl=1","contentUrl":"https:\/\/i0.wp.com\/truusk.store\/wp-content\/uploads\/2026\/03\/cropped-TRUUSK.png?fit=2032%2C917&ssl=1","width":2032,"height":917,"caption":"TRUUSK - Hem, Tr\u00e4dg\u00e5rd & Fritid"},"image":{"@id":"https:\/\/truusk.store\/sv\/#\/schema\/logo\/image\/"}}]}},"jetpack_sharing_enabled":true,"_links":{"self":[{"href":"https:\/\/truusk.store\/sv\/wp-json\/wp\/v2\/product\/67435","targetHints":{"allow":["GET"]}}],"collection":[{"href":"https:\/\/truusk.store\/sv\/wp-json\/wp\/v2\/product"}],"about":[{"href":"https:\/\/truusk.store\/sv\/wp-json\/wp\/v2\/types\/product"}],"wp:featuredmedia":[{"embeddable":true,"href":"https:\/\/truusk.store\/sv\/wp-json\/wp\/v2\/media\/67426"}],"wp:attachment":[{"href":"https:\/\/truusk.store\/sv\/wp-json\/wp\/v2\/media?parent=67435"}],"wp:term":[{"taxonomy":"product_brand","embeddable":true,"href":"https:\/\/truusk.store\/sv\/wp-json\/wp\/v2\/product_brand?post=67435"},{"taxonomy":"product_cat","embeddable":true,"href":"https:\/\/truusk.store\/sv\/wp-json\/wp\/v2\/product_cat?post=67435"},{"taxonomy":"product_tag","embeddable":true,"href":"https:\/\/truusk.store\/sv\/wp-json\/wp\/v2\/product_tag?post=67435"}],"curies":[{"name":"wp","href":"https:\/\/api.w.org\/{rel}","templated":true}]}}