{"id":67465,"date":"2025-06-05T14:28:41","date_gmt":"2025-06-05T13:28:41","guid":{"rendered":"https:\/\/truusk.store\/product\/golvlampa-for-vardagsrummet-i-modern-svart-metall-med-lampskarm-och-180-cm-kabel-64-x-38-x-1635-cm\/"},"modified":"2026-03-12T09:08:29","modified_gmt":"2026-03-12T08:08:29","slug":"truusk-modern-golvlampa-i-svart-metall-med-lampskarm-180-cm-kabel-storlek-64-x-38-x-1635-cm","status":"publish","type":"product","link":"https:\/\/truusk.store\/sv\/produkt\/truusk-modern-golvlampa-i-svart-metall-med-lampskarm-180-cm-kabel-storlek-64-x-38-x-1635-cm\/","title":{"rendered":"TRUUSK Modern Golvlampa i Svart Metall &#8211; Med Lampsk\u00e4rm &#8211; 180 cm Kabel &#8211; Storlek 64 x 38 x 163,5 cm"},"content":{"rendered":"<p>Letar du efter en l\u00e4mplig lampa f\u00f6r ditt vardagsrum? TRUUSK golvlampan erbjuder idealisk belysning och ger varje rum en varm och inbjudande atmosf\u00e4r. Perfekt f\u00f6r l\u00e4somr\u00e5den, garanterar dess robusta st\u00e5lstruktur med rund bas h\u00f6gsta stabilitet och utstr\u00e5lar elegans och modernitet. Lampsk\u00e4rmen p\u00e5 golvlampan av syntetiskt linne mjukar upp ljuset och skapar en mysig atmosf\u00e4r.<\/p>\n<p>Beskrivning:<\/p>\n<ul>\n<li> Modern, l\u00e4tt b\u00f6jd golvlampa med en trumsk\u00e4rm i linneeffekttyg och st\u00e5lstruktur<\/li>\n<li> Dekorativ omgivningsbelysning<\/li>\n<li> Bekv\u00e4mt p\u00e5 och av med fotomkopplare<\/li>\n<li> L\u00e5ng str\u00f6mkabel f\u00f6r enkel anslutning till eln\u00e4tet<\/li>\n<li> Golvlampa med en robust, stabil st\u00e5lstruktur, idealisk f\u00f6r l\u00e5ngvarig och s\u00e4ker anv\u00e4ndning<\/li>\n<li> Ljusk\u00e4lla ing\u00e5r inte, men \u00e4r kompatibel med LED-, halogen-, gl\u00f6dlampor etc.<\/li>\n<li> Lampsk\u00e4rmen \u00e4r en K\/D lampsk\u00e4rm och m\u00e5ste monteras sj\u00e4lv.<\/li>\n<\/ul>\n<p> Tekniska data:<\/p>\n<ul>\n<li> F\u00e4rg: Vit+Svart<\/li>\n<li> Material: St\u00e5l, linneimitation (100% polyester)<\/li>\n<li> Totala dimensioner: 64L x 38B x 163,5H cm<\/li>\n<li> Lampsk\u00e4rmsstorlek: \u00d838 x 24H cm<\/li>\n<li> Basstorlek: \u00d826 x 2,5H cm<\/li>\n<li> Str\u00f6mkabel: 1,8 m<\/li>\n<li> Sockel: E27 (gl\u00f6dlampa ing\u00e5r inte)<\/li>\n<li> Gl\u00f6dlampans effekt: 40 W<\/li>\n<li> Sp\u00e4nning: 220-240V\/50Hz<\/li>\n<\/ul>\n<p>Leveransinneh\u00e5ll:<\/p>\n<ul>\n<li> 1 x Golvlampa<\/li>\n<li> 1 x Instruktioner<\/li>\n<\/ul>\n","protected":false},"excerpt":{"rendered":"<p>Letar du efter en l\u00e4mplig lampa f\u00f6r ditt vardagsrum? TRUUSK golvlampan erbjuder idealisk belysning och ger varje rum en varm&#8230;<\/p>\n","protected":false},"featured_media":67456,"template":"","meta":[],"product_brand":[],"product_cat":[486,907,871],"product_tag":[],"class_list":{"0":"post-67465","1":"product","2":"type-product","3":"status-publish","4":"has-post-thumbnail","6":"product_cat-belysning","7":"product_cat-golvlampor","8":"product_cat-hus-hem","10":"first","11":"instock","12":"sale","13":"taxable","14":"shipping-taxable","15":"purchasable","16":"product-type-simple"},"yoast_head":"<!-- This site is optimized with the Yoast SEO plugin v25.4 - https:\/\/yoast.com\/wordpress\/plugins\/seo\/ -->\n<title>TRUUSK Modern Golvlampa i Svart Metall - Med Lampsk\u00e4rm - 180 cm Kabel - Storlek 64 x 38 x 163,5 cm - TRUUSK - Hem, Tr\u00e4dg\u00e5rd &amp; Fritid<\/title>\n<meta name=\"robots\" content=\"index, follow, max-snippet:-1, max-image-preview:large, max-video-preview:-1\" \/>\n<link rel=\"canonical\" href=\"https:\/\/truusk.store\/sv\/produkt\/truusk-modern-golvlampa-i-svart-metall-med-lampskarm-180-cm-kabel-storlek-64-x-38-x-1635-cm\/\" \/>\n<meta property=\"og:locale\" content=\"sv_SE\" \/>\n<meta property=\"og:type\" content=\"article\" \/>\n<meta property=\"og:title\" content=\"TRUUSK Modern Golvlampa i Svart Metall - Med Lampsk\u00e4rm - 180 cm Kabel - Storlek 64 x 38 x 163,5 cm - TRUUSK - Hem, Tr\u00e4dg\u00e5rd &amp; Fritid\" \/>\n<meta property=\"og:description\" content=\"Letar du efter en l\u00e4mplig lampa f\u00f6r ditt vardagsrum? TRUUSK golvlampan erbjuder idealisk belysning och ger varje rum en varm...\" \/>\n<meta property=\"og:url\" content=\"https:\/\/truusk.store\/sv\/produkt\/truusk-modern-golvlampa-i-svart-metall-med-lampskarm-180-cm-kabel-storlek-64-x-38-x-1635-cm\/\" \/>\n<meta property=\"og:site_name\" content=\"TRUUSK - Hem, Tr\u00e4dg\u00e5rd &amp; Fritid\" \/>\n<meta property=\"article:modified_time\" content=\"2026-03-12T08:08:29+00:00\" \/>\n<meta property=\"og:image\" content=\"https:\/\/i0.wp.com\/truusk.se\/wp-content\/uploads\/2025\/06\/golvlampa-for-vardagsrummet-i-modern-svart-metall-med-lampskarm-och-180-cm-kabel-64-x-38-x-1635-cm-1.webp?fit=2000%2C2000&ssl=1\" \/>\n\t<meta property=\"og:image:width\" content=\"2000\" \/>\n\t<meta property=\"og:image:height\" content=\"2000\" \/>\n\t<meta property=\"og:image:type\" content=\"image\/webp\" \/>\n<meta name=\"twitter:card\" content=\"summary_large_image\" \/>\n<meta name=\"twitter:label1\" content=\"Ber\u00e4knad l\u00e4stid\" \/>\n\t<meta name=\"twitter:data1\" content=\"1 minut\" \/>\n<!-- \/ Yoast SEO plugin. -->","yoast_head_json":{"title":"TRUUSK Modern Golvlampa i Svart Metall - Med Lampsk\u00e4rm - 180 cm Kabel - Storlek 64 x 38 x 163,5 cm - TRUUSK - Hem, Tr\u00e4dg\u00e5rd &amp; Fritid","robots":{"index":"index","follow":"follow","max-snippet":"max-snippet:-1","max-image-preview":"max-image-preview:large","max-video-preview":"max-video-preview:-1"},"canonical":"https:\/\/truusk.store\/sv\/produkt\/truusk-modern-golvlampa-i-svart-metall-med-lampskarm-180-cm-kabel-storlek-64-x-38-x-1635-cm\/","og_locale":"sv_SE","og_type":"article","og_title":"TRUUSK Modern Golvlampa i Svart Metall - Med Lampsk\u00e4rm - 180 cm Kabel - Storlek 64 x 38 x 163,5 cm - TRUUSK - Hem, Tr\u00e4dg\u00e5rd &amp; Fritid","og_description":"Letar du efter en l\u00e4mplig lampa f\u00f6r ditt vardagsrum? TRUUSK golvlampan erbjuder idealisk belysning och ger varje rum en varm...","og_url":"https:\/\/truusk.store\/sv\/produkt\/truusk-modern-golvlampa-i-svart-metall-med-lampskarm-180-cm-kabel-storlek-64-x-38-x-1635-cm\/","og_site_name":"TRUUSK - Hem, Tr\u00e4dg\u00e5rd &amp; Fritid","article_modified_time":"2026-03-12T08:08:29+00:00","og_image":[{"width":2000,"height":2000,"url":"https:\/\/i0.wp.com\/truusk.se\/wp-content\/uploads\/2025\/06\/golvlampa-for-vardagsrummet-i-modern-svart-metall-med-lampskarm-och-180-cm-kabel-64-x-38-x-1635-cm-1.webp?fit=2000%2C2000&ssl=1","type":"image\/webp"}],"twitter_card":"summary_large_image","twitter_misc":{"Ber\u00e4knad l\u00e4stid":"1 minut"},"schema":{"@context":"https:\/\/schema.org","@graph":[{"@type":"WebPage","@id":"https:\/\/truusk.store\/sv\/produkt\/truusk-modern-golvlampa-i-svart-metall-med-lampskarm-180-cm-kabel-storlek-64-x-38-x-1635-cm\/","url":"https:\/\/truusk.store\/sv\/produkt\/truusk-modern-golvlampa-i-svart-metall-med-lampskarm-180-cm-kabel-storlek-64-x-38-x-1635-cm\/","name":"TRUUSK Modern Golvlampa i Svart Metall - Med Lampsk\u00e4rm - 180 cm Kabel - Storlek 64 x 38 x 163,5 cm - TRUUSK - Hem, Tr\u00e4dg\u00e5rd &amp; Fritid","isPartOf":{"@id":"https:\/\/truusk.store\/sv\/#website"},"primaryImageOfPage":{"@id":"https:\/\/truusk.store\/sv\/produkt\/truusk-modern-golvlampa-i-svart-metall-med-lampskarm-180-cm-kabel-storlek-64-x-38-x-1635-cm\/#primaryimage"},"image":{"@id":"https:\/\/truusk.store\/sv\/produkt\/truusk-modern-golvlampa-i-svart-metall-med-lampskarm-180-cm-kabel-storlek-64-x-38-x-1635-cm\/#primaryimage"},"thumbnailUrl":"https:\/\/i0.wp.com\/truusk.store\/wp-content\/uploads\/2025\/06\/golvlampa-for-vardagsrummet-i-modern-svart-metall-med-lampskarm-och-180-cm-kabel-64-x-38-x-1635-cm-1.webp?fit=2000%2C2000&ssl=1","datePublished":"2025-06-05T13:28:41+00:00","dateModified":"2026-03-12T08:08:29+00:00","breadcrumb":{"@id":"https:\/\/truusk.store\/sv\/produkt\/truusk-modern-golvlampa-i-svart-metall-med-lampskarm-180-cm-kabel-storlek-64-x-38-x-1635-cm\/#breadcrumb"},"inLanguage":"sv-SE","potentialAction":[{"@type":"ReadAction","target":["https:\/\/truusk.store\/sv\/produkt\/truusk-modern-golvlampa-i-svart-metall-med-lampskarm-180-cm-kabel-storlek-64-x-38-x-1635-cm\/"]}]},{"@type":"ImageObject","inLanguage":"sv-SE","@id":"https:\/\/truusk.store\/sv\/produkt\/truusk-modern-golvlampa-i-svart-metall-med-lampskarm-180-cm-kabel-storlek-64-x-38-x-1635-cm\/#primaryimage","url":"https:\/\/i0.wp.com\/truusk.store\/wp-content\/uploads\/2025\/06\/golvlampa-for-vardagsrummet-i-modern-svart-metall-med-lampskarm-och-180-cm-kabel-64-x-38-x-1635-cm-1.webp?fit=2000%2C2000&ssl=1","contentUrl":"https:\/\/i0.wp.com\/truusk.store\/wp-content\/uploads\/2025\/06\/golvlampa-for-vardagsrummet-i-modern-svart-metall-med-lampskarm-och-180-cm-kabel-64-x-38-x-1635-cm-1.webp?fit=2000%2C2000&ssl=1","width":2000,"height":2000},{"@type":"BreadcrumbList","@id":"https:\/\/truusk.store\/sv\/produkt\/truusk-modern-golvlampa-i-svart-metall-med-lampskarm-180-cm-kabel-storlek-64-x-38-x-1635-cm\/#breadcrumb","itemListElement":[{"@type":"ListItem","position":1,"name":"Home","item":"https:\/\/truusk.store\/sv\/"},{"@type":"ListItem","position":2,"name":"Shop","item":"https:\/\/truusk.store\/shop\/"},{"@type":"ListItem","position":3,"name":"TRUUSK Modern Golvlampa i Svart Metall &#8211; Med Lampsk\u00e4rm &#8211; 180 cm Kabel &#8211; Storlek 64 x 38 x 163,5 cm"}]},{"@type":"WebSite","@id":"https:\/\/truusk.store\/sv\/#website","url":"https:\/\/truusk.store\/sv\/","name":"TRUUSK - Hem, Tr\u00e4dg\u00e5rd & Fritid","description":"","publisher":{"@id":"https:\/\/truusk.store\/sv\/#organization"},"potentialAction":[{"@type":"SearchAction","target":{"@type":"EntryPoint","urlTemplate":"https:\/\/truusk.store\/sv\/?s={search_term_string}"},"query-input":{"@type":"PropertyValueSpecification","valueRequired":true,"valueName":"search_term_string"}}],"inLanguage":"sv-SE"},{"@type":"Organization","@id":"https:\/\/truusk.store\/sv\/#organization","name":"TRUUSK - Hem, Tr\u00e4dg\u00e5rd & Fritid","url":"https:\/\/truusk.store\/sv\/","logo":{"@type":"ImageObject","inLanguage":"sv-SE","@id":"https:\/\/truusk.store\/sv\/#\/schema\/logo\/image\/","url":"https:\/\/i0.wp.com\/truusk.store\/wp-content\/uploads\/2026\/03\/cropped-TRUUSK.png?fit=2032%2C917&ssl=1","contentUrl":"https:\/\/i0.wp.com\/truusk.store\/wp-content\/uploads\/2026\/03\/cropped-TRUUSK.png?fit=2032%2C917&ssl=1","width":2032,"height":917,"caption":"TRUUSK - Hem, Tr\u00e4dg\u00e5rd & Fritid"},"image":{"@id":"https:\/\/truusk.store\/sv\/#\/schema\/logo\/image\/"}}]}},"jetpack_sharing_enabled":true,"_links":{"self":[{"href":"https:\/\/truusk.store\/sv\/wp-json\/wp\/v2\/product\/67465","targetHints":{"allow":["GET"]}}],"collection":[{"href":"https:\/\/truusk.store\/sv\/wp-json\/wp\/v2\/product"}],"about":[{"href":"https:\/\/truusk.store\/sv\/wp-json\/wp\/v2\/types\/product"}],"wp:featuredmedia":[{"embeddable":true,"href":"https:\/\/truusk.store\/sv\/wp-json\/wp\/v2\/media\/67456"}],"wp:attachment":[{"href":"https:\/\/truusk.store\/sv\/wp-json\/wp\/v2\/media?parent=67465"}],"wp:term":[{"taxonomy":"product_brand","embeddable":true,"href":"https:\/\/truusk.store\/sv\/wp-json\/wp\/v2\/product_brand?post=67465"},{"taxonomy":"product_cat","embeddable":true,"href":"https:\/\/truusk.store\/sv\/wp-json\/wp\/v2\/product_cat?post=67465"},{"taxonomy":"product_tag","embeddable":true,"href":"https:\/\/truusk.store\/sv\/wp-json\/wp\/v2\/product_tag?post=67465"}],"curies":[{"name":"wp","href":"https:\/\/api.w.org\/{rel}","templated":true}]}}