{"id":67502,"date":"2025-06-05T14:32:24","date_gmt":"2025-06-05T13:32:24","guid":{"rendered":"https:\/\/truusk.store\/product\/fagelfoderstation-dekorativ-fagelfoderstation-for-vilda-faglar-med-4-krokar-545-x-545-x-208-cm-svart\/"},"modified":"2026-03-12T09:10:33","modified_gmt":"2026-03-12T08:10:33","slug":"truusk-dekorativ-fagelfoderstation-med-4-krokar-545-x-545-x-208-cm-for-vilda-faglar-svart","status":"publish","type":"product","link":"https:\/\/truusk.store\/sv\/produkt\/truusk-dekorativ-fagelfoderstation-med-4-krokar-545-x-545-x-208-cm-for-vilda-faglar-svart\/","title":{"rendered":"TRUUSK Dekorativ F\u00e5gelfoderstation &#8211; Med 4 Krokar &#8211; 54,5 x 54,5 x 208 cm &#8211; F\u00f6r Vilda F\u00e5glar &#8211; Svart"},"content":{"rendered":"<p>Locka m\u00e5nga f\u00e5glar med TRUUSK F\u00e5gelmatare Station Kit. Den har 2 stora krokar f\u00f6r tratt- och r\u00f6rmatare och 2 sm\u00e5 krokar f\u00f6r mindre matare. St\u00e4ll den n\u00e4ra ett f\u00f6nster eller p\u00e5 din uteplats och njut av timmar av njutbar observation.<\/p>\n<p>Beskrivning:<\/p>\n<ul>\n<li> 2 stora krokar f\u00f6r tratt- och r\u00f6rmatare samt 2 extra krokar f\u00f6r mindre matare ing\u00e5r<\/li>\n<li> De extra krokarna kan justeras p\u00e5 valfri plats p\u00e5 stolpen enligt dina vanor<\/li>\n<li> 4 baser p\u00e5 23 cm kan s\u00e4ttas djupt in i gr\u00e4set f\u00f6r att s\u00e4kerst\u00e4lla stabilitet<\/li>\n<li> Tillverkad av st\u00e5l, denna f\u00e5gelmatare \u00e4r h\u00e5llbar f\u00f6r utomhusbruk f\u00f6r daglig anv\u00e4ndning<\/li>\n<li> Montering kr\u00e4vs<\/li>\n<\/ul>\n<p> Tekniska data:<\/p>\n<ul>\n<li> F\u00e4rg: Svart<\/li>\n<li> Material: St\u00e5l<\/li>\n<li> Totala dimensioner: 54,5L x 54,5B x 208H cm<\/li>\n<li> Krokdimensioner: 19L x 24H cm (stor), 14L x 19H cm (liten)<\/li>\n<li> Notera:1. Den faktiska storleken beror p\u00e5 installationspositionen f\u00f6r kroken<\/li>\n<li>2. F\u00e5gelmatare ing\u00e5r inte<\/li>\n<\/ul>\n<p>Leveransinneh\u00e5ll:<\/p>\n<ul>\n<li> 1 x F\u00e5gelmatare station<\/li>\n<li> 1 x Manual<\/li>\n<\/ul>\n","protected":false},"excerpt":{"rendered":"<p>Locka m\u00e5nga f\u00e5glar med TRUUSK F\u00e5gelmatare Station Kit. Den har 2 stora krokar f\u00f6r tratt- och r\u00f6rmatare och 2 sm\u00e5&#8230;<\/p>\n","protected":false},"featured_media":67496,"template":"","meta":[],"product_brand":[],"product_cat":[878,604,601],"product_tag":[],"class_list":{"0":"post-67502","1":"product","2":"type-product","3":"status-publish","4":"has-post-thumbnail","6":"product_cat-djurbehov","7":"product_cat-fagelburar","8":"product_cat-fageltillbehor","10":"first","11":"instock","12":"sale","13":"taxable","14":"shipping-taxable","15":"purchasable","16":"product-type-simple"},"yoast_head":"<!-- This site is optimized with the Yoast SEO plugin v25.4 - https:\/\/yoast.com\/wordpress\/plugins\/seo\/ -->\n<title>TRUUSK Dekorativ F\u00e5gelfoderstation - Med 4 Krokar - 54,5 x 54,5 x 208 cm - F\u00f6r Vilda F\u00e5glar - Svart - TRUUSK - Hem, Tr\u00e4dg\u00e5rd &amp; Fritid<\/title>\n<meta name=\"robots\" content=\"index, follow, max-snippet:-1, max-image-preview:large, max-video-preview:-1\" \/>\n<link rel=\"canonical\" href=\"https:\/\/truusk.store\/sv\/produkt\/truusk-dekorativ-fagelfoderstation-med-4-krokar-545-x-545-x-208-cm-for-vilda-faglar-svart\/\" \/>\n<meta property=\"og:locale\" content=\"sv_SE\" \/>\n<meta property=\"og:type\" content=\"article\" \/>\n<meta property=\"og:title\" content=\"TRUUSK Dekorativ F\u00e5gelfoderstation - Med 4 Krokar - 54,5 x 54,5 x 208 cm - F\u00f6r Vilda F\u00e5glar - Svart - TRUUSK - Hem, Tr\u00e4dg\u00e5rd &amp; Fritid\" \/>\n<meta property=\"og:description\" content=\"Locka m\u00e5nga f\u00e5glar med TRUUSK F\u00e5gelmatare Station Kit. Den har 2 stora krokar f\u00f6r tratt- och r\u00f6rmatare och 2 sm\u00e5...\" \/>\n<meta property=\"og:url\" content=\"https:\/\/truusk.store\/sv\/produkt\/truusk-dekorativ-fagelfoderstation-med-4-krokar-545-x-545-x-208-cm-for-vilda-faglar-svart\/\" \/>\n<meta property=\"og:site_name\" content=\"TRUUSK - Hem, Tr\u00e4dg\u00e5rd &amp; Fritid\" \/>\n<meta property=\"article:modified_time\" content=\"2026-03-12T08:10:33+00:00\" \/>\n<meta property=\"og:image\" content=\"https:\/\/i0.wp.com\/truusk.se\/wp-content\/uploads\/2025\/06\/fagelfoderstation-dekorativ-fagelfoderstation-for-vilda-faglar-med-4-krokar-545-x-545-x-208-cm-svart-1.webp?fit=2000%2C2000&ssl=1\" \/>\n\t<meta property=\"og:image:width\" content=\"2000\" \/>\n\t<meta property=\"og:image:height\" content=\"2000\" \/>\n\t<meta property=\"og:image:type\" content=\"image\/webp\" \/>\n<meta name=\"twitter:card\" content=\"summary_large_image\" \/>\n<meta name=\"twitter:label1\" content=\"Ber\u00e4knad l\u00e4stid\" \/>\n\t<meta name=\"twitter:data1\" content=\"1 minut\" \/>\n<!-- \/ Yoast SEO plugin. -->","yoast_head_json":{"title":"TRUUSK Dekorativ F\u00e5gelfoderstation - Med 4 Krokar - 54,5 x 54,5 x 208 cm - F\u00f6r Vilda F\u00e5glar - Svart - TRUUSK - Hem, Tr\u00e4dg\u00e5rd &amp; Fritid","robots":{"index":"index","follow":"follow","max-snippet":"max-snippet:-1","max-image-preview":"max-image-preview:large","max-video-preview":"max-video-preview:-1"},"canonical":"https:\/\/truusk.store\/sv\/produkt\/truusk-dekorativ-fagelfoderstation-med-4-krokar-545-x-545-x-208-cm-for-vilda-faglar-svart\/","og_locale":"sv_SE","og_type":"article","og_title":"TRUUSK Dekorativ F\u00e5gelfoderstation - Med 4 Krokar - 54,5 x 54,5 x 208 cm - F\u00f6r Vilda F\u00e5glar - Svart - TRUUSK - Hem, Tr\u00e4dg\u00e5rd &amp; Fritid","og_description":"Locka m\u00e5nga f\u00e5glar med TRUUSK F\u00e5gelmatare Station Kit. Den har 2 stora krokar f\u00f6r tratt- och r\u00f6rmatare och 2 sm\u00e5...","og_url":"https:\/\/truusk.store\/sv\/produkt\/truusk-dekorativ-fagelfoderstation-med-4-krokar-545-x-545-x-208-cm-for-vilda-faglar-svart\/","og_site_name":"TRUUSK - Hem, Tr\u00e4dg\u00e5rd &amp; Fritid","article_modified_time":"2026-03-12T08:10:33+00:00","og_image":[{"width":2000,"height":2000,"url":"https:\/\/i0.wp.com\/truusk.se\/wp-content\/uploads\/2025\/06\/fagelfoderstation-dekorativ-fagelfoderstation-for-vilda-faglar-med-4-krokar-545-x-545-x-208-cm-svart-1.webp?fit=2000%2C2000&ssl=1","type":"image\/webp"}],"twitter_card":"summary_large_image","twitter_misc":{"Ber\u00e4knad l\u00e4stid":"1 minut"},"schema":{"@context":"https:\/\/schema.org","@graph":[{"@type":"WebPage","@id":"https:\/\/truusk.store\/sv\/produkt\/truusk-dekorativ-fagelfoderstation-med-4-krokar-545-x-545-x-208-cm-for-vilda-faglar-svart\/","url":"https:\/\/truusk.store\/sv\/produkt\/truusk-dekorativ-fagelfoderstation-med-4-krokar-545-x-545-x-208-cm-for-vilda-faglar-svart\/","name":"TRUUSK Dekorativ F\u00e5gelfoderstation - Med 4 Krokar - 54,5 x 54,5 x 208 cm - F\u00f6r Vilda F\u00e5glar - Svart - TRUUSK - Hem, Tr\u00e4dg\u00e5rd &amp; Fritid","isPartOf":{"@id":"https:\/\/truusk.store\/sv\/#website"},"primaryImageOfPage":{"@id":"https:\/\/truusk.store\/sv\/produkt\/truusk-dekorativ-fagelfoderstation-med-4-krokar-545-x-545-x-208-cm-for-vilda-faglar-svart\/#primaryimage"},"image":{"@id":"https:\/\/truusk.store\/sv\/produkt\/truusk-dekorativ-fagelfoderstation-med-4-krokar-545-x-545-x-208-cm-for-vilda-faglar-svart\/#primaryimage"},"thumbnailUrl":"https:\/\/i0.wp.com\/truusk.store\/wp-content\/uploads\/2025\/06\/fagelfoderstation-dekorativ-fagelfoderstation-for-vilda-faglar-med-4-krokar-545-x-545-x-208-cm-svart-1.webp?fit=2000%2C2000&ssl=1","datePublished":"2025-06-05T13:32:24+00:00","dateModified":"2026-03-12T08:10:33+00:00","breadcrumb":{"@id":"https:\/\/truusk.store\/sv\/produkt\/truusk-dekorativ-fagelfoderstation-med-4-krokar-545-x-545-x-208-cm-for-vilda-faglar-svart\/#breadcrumb"},"inLanguage":"sv-SE","potentialAction":[{"@type":"ReadAction","target":["https:\/\/truusk.store\/sv\/produkt\/truusk-dekorativ-fagelfoderstation-med-4-krokar-545-x-545-x-208-cm-for-vilda-faglar-svart\/"]}]},{"@type":"ImageObject","inLanguage":"sv-SE","@id":"https:\/\/truusk.store\/sv\/produkt\/truusk-dekorativ-fagelfoderstation-med-4-krokar-545-x-545-x-208-cm-for-vilda-faglar-svart\/#primaryimage","url":"https:\/\/i0.wp.com\/truusk.store\/wp-content\/uploads\/2025\/06\/fagelfoderstation-dekorativ-fagelfoderstation-for-vilda-faglar-med-4-krokar-545-x-545-x-208-cm-svart-1.webp?fit=2000%2C2000&ssl=1","contentUrl":"https:\/\/i0.wp.com\/truusk.store\/wp-content\/uploads\/2025\/06\/fagelfoderstation-dekorativ-fagelfoderstation-for-vilda-faglar-med-4-krokar-545-x-545-x-208-cm-svart-1.webp?fit=2000%2C2000&ssl=1","width":2000,"height":2000},{"@type":"BreadcrumbList","@id":"https:\/\/truusk.store\/sv\/produkt\/truusk-dekorativ-fagelfoderstation-med-4-krokar-545-x-545-x-208-cm-for-vilda-faglar-svart\/#breadcrumb","itemListElement":[{"@type":"ListItem","position":1,"name":"Home","item":"https:\/\/truusk.store\/sv\/"},{"@type":"ListItem","position":2,"name":"Shop","item":"https:\/\/truusk.store\/shop\/"},{"@type":"ListItem","position":3,"name":"TRUUSK Dekorativ F\u00e5gelfoderstation &#8211; Med 4 Krokar &#8211; 54,5 x 54,5 x 208 cm &#8211; F\u00f6r Vilda F\u00e5glar &#8211; Svart"}]},{"@type":"WebSite","@id":"https:\/\/truusk.store\/sv\/#website","url":"https:\/\/truusk.store\/sv\/","name":"TRUUSK - Hem, Tr\u00e4dg\u00e5rd & Fritid","description":"","publisher":{"@id":"https:\/\/truusk.store\/sv\/#organization"},"potentialAction":[{"@type":"SearchAction","target":{"@type":"EntryPoint","urlTemplate":"https:\/\/truusk.store\/sv\/?s={search_term_string}"},"query-input":{"@type":"PropertyValueSpecification","valueRequired":true,"valueName":"search_term_string"}}],"inLanguage":"sv-SE"},{"@type":"Organization","@id":"https:\/\/truusk.store\/sv\/#organization","name":"TRUUSK - Hem, Tr\u00e4dg\u00e5rd & Fritid","url":"https:\/\/truusk.store\/sv\/","logo":{"@type":"ImageObject","inLanguage":"sv-SE","@id":"https:\/\/truusk.store\/sv\/#\/schema\/logo\/image\/","url":"https:\/\/i0.wp.com\/truusk.store\/wp-content\/uploads\/2026\/03\/cropped-TRUUSK.png?fit=2032%2C917&ssl=1","contentUrl":"https:\/\/i0.wp.com\/truusk.store\/wp-content\/uploads\/2026\/03\/cropped-TRUUSK.png?fit=2032%2C917&ssl=1","width":2032,"height":917,"caption":"TRUUSK - Hem, Tr\u00e4dg\u00e5rd & Fritid"},"image":{"@id":"https:\/\/truusk.store\/sv\/#\/schema\/logo\/image\/"}}]}},"jetpack_sharing_enabled":true,"_links":{"self":[{"href":"https:\/\/truusk.store\/sv\/wp-json\/wp\/v2\/product\/67502","targetHints":{"allow":["GET"]}}],"collection":[{"href":"https:\/\/truusk.store\/sv\/wp-json\/wp\/v2\/product"}],"about":[{"href":"https:\/\/truusk.store\/sv\/wp-json\/wp\/v2\/types\/product"}],"wp:featuredmedia":[{"embeddable":true,"href":"https:\/\/truusk.store\/sv\/wp-json\/wp\/v2\/media\/67496"}],"wp:attachment":[{"href":"https:\/\/truusk.store\/sv\/wp-json\/wp\/v2\/media?parent=67502"}],"wp:term":[{"taxonomy":"product_brand","embeddable":true,"href":"https:\/\/truusk.store\/sv\/wp-json\/wp\/v2\/product_brand?post=67502"},{"taxonomy":"product_cat","embeddable":true,"href":"https:\/\/truusk.store\/sv\/wp-json\/wp\/v2\/product_cat?post=67502"},{"taxonomy":"product_tag","embeddable":true,"href":"https:\/\/truusk.store\/sv\/wp-json\/wp\/v2\/product_tag?post=67502"}],"curies":[{"name":"wp","href":"https:\/\/api.w.org\/{rel}","templated":true}]}}