{"id":67582,"date":"2025-06-05T14:40:57","date_gmt":"2025-06-05T13:40:57","guid":{"rendered":"https:\/\/truusk.store\/product\/vaxthus-3-x-2-x-2-m-med-4-fonster-dorr-rullbara-sidovaggar-uv-resistent-folietunnel-tomatvaxthus-med-galvaniserade-stalramar-vit\/"},"modified":"2026-03-12T09:46:23","modified_gmt":"2026-03-12T08:46:23","slug":"truusk-vaxthus-3x2x2-m-4-fonster-dorr-rullbara-sidovaggar-uv-resistent-folietunnel-galvaniserade-stalramar-vit","status":"publish","type":"product","link":"https:\/\/truusk.store\/sv\/produkt\/truusk-vaxthus-3x2x2-m-4-fonster-dorr-rullbara-sidovaggar-uv-resistent-folietunnel-galvaniserade-stalramar-vit\/","title":{"rendered":"TRUUSK V\u00e4xthus 3x2x2 m &#8211; 4 f\u00f6nster &amp; d\u00f6rr &#8211; Rullbara sidov\u00e4ggar &#8211; UV-resistent folietunnel &#8211; Galvaniserade st\u00e5lramar &#8211; Vit"},"content":{"rendered":"<p>Upplev tr\u00e4dg\u00e5rdssk\u00f6tsel \u00e5ret runt med det rymliga v\u00e4xthuset fr\u00e5n TRUUSK. Det har flera \u00f6ppningar med n\u00e4tinsatser f\u00f6r optimal ventilation och enkel tillg\u00e5ng, s\u00e5 att dina v\u00e4xter trivs utm\u00e4rkt under alla v\u00e4derf\u00f6rh\u00e5llanden. Den stabila 140\u202fg\/m\u00b2-filmen p\u00e5 tunnelv\u00e4xthuset sl\u00e4pper igenom 85\u202f% av solljuset och skyddar mot skadliga UV-str\u00e5lar. Perfekt f\u00f6r tr\u00e4dg\u00e5rdsentusiaster som s\u00f6ker ett gener\u00f6st tunnelv\u00e4xthus f\u00f6r att odla sitt tr\u00e4dg\u00e5rdsparadis!<\/p>\n<p>Beskrivning:<\/p>\n<ul>\n<li> Den upprullbara dragkedjed\u00f6rren, sidov\u00e4ggarna och f\u00f6nstren f\u00f6rb\u00e4ttrar ventilationen och tillg\u00e4ngligheten<\/li>\n<li> N\u00e4tinsatser h\u00e5ller insekter borta<\/li>\n<li> 140 g\/m\u00b2 PE-\u00f6verdrag till\u00e5ter 85 % solljusgenomsl\u00e4pplighet, \u00e4r UV-resistent<\/li>\n<li> F\u00f6rst\u00e4rkningsn\u00e4t f\u00f6rhindrar att \u00f6verdraget spricker och f\u00f6rl\u00e4nger livsl\u00e4ngden<\/li>\n<li> F\u00f6rzinkad st\u00e5lram p\u00e5 v\u00e4xthuset med stag f\u00f6r robust stabilitet<\/li>\n<li> Jordspett och f\u00f6rankringslinor \u00f6kar vindmotst\u00e5ndet<\/li>\n<li> Ut\u00f6kad \u00f6verdrag f\u00f6rb\u00e4ttrar stabiliteten och luftt\u00e4theten, blockerar ogr\u00e4sens intr\u00e5ng<\/li>\n<li> Montering kr\u00e4vs<\/li>\n<\/ul>\n<p> Tekniska data:<\/p>\n<ul>\n<li> F\u00e4rg: Vit<\/li>\n<li> Material: Plast, f\u00f6rzinkat st\u00e5l<\/li>\n<li> Totala dimensioner: 300L x 200B x 200H cm<\/li>\n<li> F\u00f6nsterstorlek: 40B x 47H cm<\/li>\n<li> Yttre PE-d\u00f6rrstorlek: 110B x 180H cm<\/li>\n<li> Inre n\u00e4tverksd\u00f6rrstorlek: 90B x 185H cm<\/li>\n<li> Kantsbredd: 15 cm<\/li>\n<li> Vindfast: Niv\u00e5 4 (vindhastighet under 28 km\/h)<\/li>\n<li> Montering kr\u00e4vs: Rekommenderas f\u00f6r 3-4 personer<\/li>\n<\/ul>\n<p>Leveransinneh\u00e5ll:<\/p>\n<ul>\n<li> 1 x V\u00e4xthus<\/li>\n<li> 4 x F\u00f6rankringslina<\/li>\n<li> 4 x Jordspett<\/li>\n<li> 1 x Handbok<\/li>\n<\/ul>\n","protected":false},"excerpt":{"rendered":"<p>Upplev tr\u00e4dg\u00e5rdssk\u00f6tsel \u00e5ret runt med det rymliga v\u00e4xthuset fr\u00e5n TRUUSK. Det har flera \u00f6ppningar med n\u00e4tinsatser f\u00f6r optimal ventilation och&#8230;<\/p>\n","protected":false},"featured_media":67573,"template":"","meta":[],"product_brand":[],"product_cat":[923,858,443],"product_tag":[],"class_list":{"0":"post-67582","1":"product","2":"type-product","3":"status-publish","4":"has-post-thumbnail","6":"product_cat-plastfilm-vaxthus","7":"product_cat-tradgard-terrass","8":"product_cat-vaxthus-tradgardsskotsel","10":"first","11":"instock","12":"sale","13":"taxable","14":"shipping-taxable","15":"purchasable","16":"product-type-simple"},"yoast_head":"<!-- This site is optimized with the Yoast SEO plugin v25.4 - https:\/\/yoast.com\/wordpress\/plugins\/seo\/ -->\n<title>TRUUSK V\u00e4xthus 3x2x2 m - 4 f\u00f6nster &amp; d\u00f6rr - Rullbara sidov\u00e4ggar - UV-resistent folietunnel - Galvaniserade st\u00e5lramar - Vit - TRUUSK - Hem, Tr\u00e4dg\u00e5rd &amp; Fritid<\/title>\n<meta name=\"robots\" content=\"index, follow, max-snippet:-1, max-image-preview:large, max-video-preview:-1\" \/>\n<link rel=\"canonical\" href=\"https:\/\/truusk.store\/sv\/produkt\/truusk-vaxthus-3x2x2-m-4-fonster-dorr-rullbara-sidovaggar-uv-resistent-folietunnel-galvaniserade-stalramar-vit\/\" \/>\n<meta property=\"og:locale\" content=\"sv_SE\" \/>\n<meta property=\"og:type\" content=\"article\" \/>\n<meta property=\"og:title\" content=\"TRUUSK V\u00e4xthus 3x2x2 m - 4 f\u00f6nster &amp; d\u00f6rr - Rullbara sidov\u00e4ggar - UV-resistent folietunnel - Galvaniserade st\u00e5lramar - Vit - TRUUSK - Hem, Tr\u00e4dg\u00e5rd &amp; Fritid\" \/>\n<meta property=\"og:description\" content=\"Upplev tr\u00e4dg\u00e5rdssk\u00f6tsel \u00e5ret runt med det rymliga v\u00e4xthuset fr\u00e5n TRUUSK. Det har flera \u00f6ppningar med n\u00e4tinsatser f\u00f6r optimal ventilation och...\" \/>\n<meta property=\"og:url\" content=\"https:\/\/truusk.store\/sv\/produkt\/truusk-vaxthus-3x2x2-m-4-fonster-dorr-rullbara-sidovaggar-uv-resistent-folietunnel-galvaniserade-stalramar-vit\/\" \/>\n<meta property=\"og:site_name\" content=\"TRUUSK - Hem, Tr\u00e4dg\u00e5rd &amp; Fritid\" \/>\n<meta property=\"article:modified_time\" content=\"2026-03-12T08:46:23+00:00\" \/>\n<meta property=\"og:image\" content=\"https:\/\/i0.wp.com\/truusk.se\/wp-content\/uploads\/2025\/06\/vaxthus-3-x-2-x-2-m-med-4-fonster-dorr-rullbara-sidovaggar-uv-resistent-folietunnel-tomatvaxthus-med-galvaniserade-stalramar-vit-1.webp?fit=2000%2C2000&ssl=1\" \/>\n\t<meta property=\"og:image:width\" content=\"2000\" \/>\n\t<meta property=\"og:image:height\" content=\"2000\" \/>\n\t<meta property=\"og:image:type\" content=\"image\/webp\" \/>\n<meta name=\"twitter:card\" content=\"summary_large_image\" \/>\n<meta name=\"twitter:label1\" content=\"Ber\u00e4knad l\u00e4stid\" \/>\n\t<meta name=\"twitter:data1\" content=\"1 minut\" \/>\n<!-- \/ Yoast SEO plugin. -->","yoast_head_json":{"title":"TRUUSK V\u00e4xthus 3x2x2 m - 4 f\u00f6nster &amp; d\u00f6rr - Rullbara sidov\u00e4ggar - UV-resistent folietunnel - Galvaniserade st\u00e5lramar - Vit - TRUUSK - Hem, Tr\u00e4dg\u00e5rd &amp; Fritid","robots":{"index":"index","follow":"follow","max-snippet":"max-snippet:-1","max-image-preview":"max-image-preview:large","max-video-preview":"max-video-preview:-1"},"canonical":"https:\/\/truusk.store\/sv\/produkt\/truusk-vaxthus-3x2x2-m-4-fonster-dorr-rullbara-sidovaggar-uv-resistent-folietunnel-galvaniserade-stalramar-vit\/","og_locale":"sv_SE","og_type":"article","og_title":"TRUUSK V\u00e4xthus 3x2x2 m - 4 f\u00f6nster &amp; d\u00f6rr - Rullbara sidov\u00e4ggar - UV-resistent folietunnel - Galvaniserade st\u00e5lramar - Vit - TRUUSK - Hem, Tr\u00e4dg\u00e5rd &amp; Fritid","og_description":"Upplev tr\u00e4dg\u00e5rdssk\u00f6tsel \u00e5ret runt med det rymliga v\u00e4xthuset fr\u00e5n TRUUSK. Det har flera \u00f6ppningar med n\u00e4tinsatser f\u00f6r optimal ventilation och...","og_url":"https:\/\/truusk.store\/sv\/produkt\/truusk-vaxthus-3x2x2-m-4-fonster-dorr-rullbara-sidovaggar-uv-resistent-folietunnel-galvaniserade-stalramar-vit\/","og_site_name":"TRUUSK - Hem, Tr\u00e4dg\u00e5rd &amp; Fritid","article_modified_time":"2026-03-12T08:46:23+00:00","og_image":[{"width":2000,"height":2000,"url":"https:\/\/i0.wp.com\/truusk.se\/wp-content\/uploads\/2025\/06\/vaxthus-3-x-2-x-2-m-med-4-fonster-dorr-rullbara-sidovaggar-uv-resistent-folietunnel-tomatvaxthus-med-galvaniserade-stalramar-vit-1.webp?fit=2000%2C2000&ssl=1","type":"image\/webp"}],"twitter_card":"summary_large_image","twitter_misc":{"Ber\u00e4knad l\u00e4stid":"1 minut"},"schema":{"@context":"https:\/\/schema.org","@graph":[{"@type":"WebPage","@id":"https:\/\/truusk.store\/sv\/produkt\/truusk-vaxthus-3x2x2-m-4-fonster-dorr-rullbara-sidovaggar-uv-resistent-folietunnel-galvaniserade-stalramar-vit\/","url":"https:\/\/truusk.store\/sv\/produkt\/truusk-vaxthus-3x2x2-m-4-fonster-dorr-rullbara-sidovaggar-uv-resistent-folietunnel-galvaniserade-stalramar-vit\/","name":"TRUUSK V\u00e4xthus 3x2x2 m - 4 f\u00f6nster &amp; d\u00f6rr - Rullbara sidov\u00e4ggar - UV-resistent folietunnel - Galvaniserade st\u00e5lramar - Vit - TRUUSK - Hem, Tr\u00e4dg\u00e5rd &amp; Fritid","isPartOf":{"@id":"https:\/\/truusk.store\/sv\/#website"},"primaryImageOfPage":{"@id":"https:\/\/truusk.store\/sv\/produkt\/truusk-vaxthus-3x2x2-m-4-fonster-dorr-rullbara-sidovaggar-uv-resistent-folietunnel-galvaniserade-stalramar-vit\/#primaryimage"},"image":{"@id":"https:\/\/truusk.store\/sv\/produkt\/truusk-vaxthus-3x2x2-m-4-fonster-dorr-rullbara-sidovaggar-uv-resistent-folietunnel-galvaniserade-stalramar-vit\/#primaryimage"},"thumbnailUrl":"https:\/\/i0.wp.com\/truusk.store\/wp-content\/uploads\/2025\/06\/vaxthus-3-x-2-x-2-m-med-4-fonster-dorr-rullbara-sidovaggar-uv-resistent-folietunnel-tomatvaxthus-med-galvaniserade-stalramar-vit-1.webp?fit=2000%2C2000&ssl=1","datePublished":"2025-06-05T13:40:57+00:00","dateModified":"2026-03-12T08:46:23+00:00","breadcrumb":{"@id":"https:\/\/truusk.store\/sv\/produkt\/truusk-vaxthus-3x2x2-m-4-fonster-dorr-rullbara-sidovaggar-uv-resistent-folietunnel-galvaniserade-stalramar-vit\/#breadcrumb"},"inLanguage":"sv-SE","potentialAction":[{"@type":"ReadAction","target":["https:\/\/truusk.store\/sv\/produkt\/truusk-vaxthus-3x2x2-m-4-fonster-dorr-rullbara-sidovaggar-uv-resistent-folietunnel-galvaniserade-stalramar-vit\/"]}]},{"@type":"ImageObject","inLanguage":"sv-SE","@id":"https:\/\/truusk.store\/sv\/produkt\/truusk-vaxthus-3x2x2-m-4-fonster-dorr-rullbara-sidovaggar-uv-resistent-folietunnel-galvaniserade-stalramar-vit\/#primaryimage","url":"https:\/\/i0.wp.com\/truusk.store\/wp-content\/uploads\/2025\/06\/vaxthus-3-x-2-x-2-m-med-4-fonster-dorr-rullbara-sidovaggar-uv-resistent-folietunnel-tomatvaxthus-med-galvaniserade-stalramar-vit-1.webp?fit=2000%2C2000&ssl=1","contentUrl":"https:\/\/i0.wp.com\/truusk.store\/wp-content\/uploads\/2025\/06\/vaxthus-3-x-2-x-2-m-med-4-fonster-dorr-rullbara-sidovaggar-uv-resistent-folietunnel-tomatvaxthus-med-galvaniserade-stalramar-vit-1.webp?fit=2000%2C2000&ssl=1","width":2000,"height":2000},{"@type":"BreadcrumbList","@id":"https:\/\/truusk.store\/sv\/produkt\/truusk-vaxthus-3x2x2-m-4-fonster-dorr-rullbara-sidovaggar-uv-resistent-folietunnel-galvaniserade-stalramar-vit\/#breadcrumb","itemListElement":[{"@type":"ListItem","position":1,"name":"Home","item":"https:\/\/truusk.store\/sv\/"},{"@type":"ListItem","position":2,"name":"Shop","item":"https:\/\/truusk.store\/shop\/"},{"@type":"ListItem","position":3,"name":"TRUUSK V\u00e4xthus 3x2x2 m &#8211; 4 f\u00f6nster &amp; d\u00f6rr &#8211; Rullbara sidov\u00e4ggar &#8211; UV-resistent folietunnel &#8211; Galvaniserade st\u00e5lramar &#8211; Vit"}]},{"@type":"WebSite","@id":"https:\/\/truusk.store\/sv\/#website","url":"https:\/\/truusk.store\/sv\/","name":"TRUUSK - Hem, Tr\u00e4dg\u00e5rd & Fritid","description":"","publisher":{"@id":"https:\/\/truusk.store\/sv\/#organization"},"potentialAction":[{"@type":"SearchAction","target":{"@type":"EntryPoint","urlTemplate":"https:\/\/truusk.store\/sv\/?s={search_term_string}"},"query-input":{"@type":"PropertyValueSpecification","valueRequired":true,"valueName":"search_term_string"}}],"inLanguage":"sv-SE"},{"@type":"Organization","@id":"https:\/\/truusk.store\/sv\/#organization","name":"TRUUSK - Hem, Tr\u00e4dg\u00e5rd & Fritid","url":"https:\/\/truusk.store\/sv\/","logo":{"@type":"ImageObject","inLanguage":"sv-SE","@id":"https:\/\/truusk.store\/sv\/#\/schema\/logo\/image\/","url":"https:\/\/i0.wp.com\/truusk.store\/wp-content\/uploads\/2026\/03\/cropped-TRUUSK.png?fit=2032%2C917&ssl=1","contentUrl":"https:\/\/i0.wp.com\/truusk.store\/wp-content\/uploads\/2026\/03\/cropped-TRUUSK.png?fit=2032%2C917&ssl=1","width":2032,"height":917,"caption":"TRUUSK - Hem, Tr\u00e4dg\u00e5rd & Fritid"},"image":{"@id":"https:\/\/truusk.store\/sv\/#\/schema\/logo\/image\/"}}]}},"jetpack_sharing_enabled":true,"_links":{"self":[{"href":"https:\/\/truusk.store\/sv\/wp-json\/wp\/v2\/product\/67582","targetHints":{"allow":["GET"]}}],"collection":[{"href":"https:\/\/truusk.store\/sv\/wp-json\/wp\/v2\/product"}],"about":[{"href":"https:\/\/truusk.store\/sv\/wp-json\/wp\/v2\/types\/product"}],"wp:featuredmedia":[{"embeddable":true,"href":"https:\/\/truusk.store\/sv\/wp-json\/wp\/v2\/media\/67573"}],"wp:attachment":[{"href":"https:\/\/truusk.store\/sv\/wp-json\/wp\/v2\/media?parent=67582"}],"wp:term":[{"taxonomy":"product_brand","embeddable":true,"href":"https:\/\/truusk.store\/sv\/wp-json\/wp\/v2\/product_brand?post=67582"},{"taxonomy":"product_cat","embeddable":true,"href":"https:\/\/truusk.store\/sv\/wp-json\/wp\/v2\/product_cat?post=67582"},{"taxonomy":"product_tag","embeddable":true,"href":"https:\/\/truusk.store\/sv\/wp-json\/wp\/v2\/product_tag?post=67582"}],"curies":[{"name":"wp","href":"https:\/\/api.w.org\/{rel}","templated":true}]}}