{"id":67592,"date":"2025-06-05T14:41:46","date_gmt":"2025-06-05T13:41:46","guid":{"rendered":"https:\/\/truusk.store\/product\/avsparrningsgrind-hund-justerbar-skyddsgrind-med-fotter-432-x-70-cm-tra-hundgrind-hopfallbar-trappskyddsgrind-hundavsparrningsgrind-for-trappor-dorrar-korridor-6-paneler-vit\/"},"modified":"2026-03-12T09:10:11","modified_gmt":"2026-03-12T08:10:11","slug":"truusk-avsparrningsgrind-hund-justerbar-skyddsgrind-med-fotter-432-x-70-cm-tra-hundgrind-hopfallbar-trappskyddsgrind","status":"publish","type":"product","link":"https:\/\/truusk.store\/sv\/produkt\/truusk-avsparrningsgrind-hund-justerbar-skyddsgrind-med-fotter-432-x-70-cm-tra-hundgrind-hopfallbar-trappskyddsgrind\/","title":{"rendered":"TRUUSK Avsp\u00e4rrningsgrind Hund &#8211; Justerbar Skyddsgrind med F\u00f6tter &#8211; 432 x 70 cm &#8211; Tr\u00e4 &#8211; Hundgrind Hopf\u00e4llbar &#8211; Trappskyddsgrind &#8211;"},"content":{"rendered":"<p>Detta TRUUSK-s\u00e4kerhetsstaket i tr\u00e4 \u00e4r ett s\u00e4kert och effektivt s\u00e4tt att h\u00e5lla dina husdjur inom ett omr\u00e5de samtidigt som det ger en dekorativ touch till ditt hem. Detta justerbara hunds\u00e4kerhetsstaket best\u00e5r av sex element som \u00e4r f\u00f6rbundna med stabila g\u00e5ngj\u00e4rn, kan f\u00e4llas ihop eller st\u00e4llas upp frist\u00e5ende. Breda st\u00f6df\u00f6tter i \u00e4ndarna ger optimal balans. Detta tr\u00e4 s\u00e4kerhetsstaket f\u00f6r hund passar i alla omr\u00e5den av ditt hus.<\/p>\n<p>Beskrivning:<\/p>\n<ul>\n<li> Tillverkad av furutr\u00e4 och metall<\/li>\n<li> Best\u00e5r av 6 hunds\u00e4kerhetsgallerpaneler som \u00e4r f\u00f6rbundna med robusta g\u00e5ngj\u00e4rn<\/li>\n<li> 2 st\u00f6df\u00f6tter p\u00e5 hunds\u00e4kerhetsgallret garanterar utm\u00e4rkt stabilitet<\/li>\n<li> Flexibla anslutningar till\u00e5ter arrangemang av paneler i olika konfigurationer<\/li>\n<li> L\u00e4mpligt detta hundgaller f\u00f6r stora d\u00f6rr\u00f6ppningar, korridorer, sovrum och trapphus<\/li>\n<li> L\u00e4tt att f\u00e4lla ihop, kr\u00e4ver lite f\u00f6rvaringsutrymme<\/li>\n<li> L\u00e4mplig f\u00f6r hundar med en axelh\u00f6jd p\u00e5 upp till 48 cm<\/li>\n<\/ul>\n<p> Tekniska data:<\/p>\n<ul>\n<li> F\u00e4rg: Vit<\/li>\n<li> Material: Furutr\u00e4, st\u00e5l<\/li>\n<li> Totala dimensioner: 432L x 36B x 70H cm<\/li>\n<li> M\u00e5tt per panel: 70B x 70H cm<\/li>\n<li> F\u00e4llm\u00e5tt: 70L x 70H x 12T cm<\/li>\n<li> St\u00f6dfot: 36L x 9,5B x 2T cm<\/li>\n<li> Maskstorlek: 2,2 cm<\/li>\n<li> Obs: Det rekommenderas att placera dem i zigzag f\u00f6r att \u00f6ka produktstabiliteten<\/li>\n<\/ul>\n<p>Leveransinneh\u00e5ll:<\/p>\n<ul>\n<li> 1 x S\u00e4kerhetsstaket<\/li>\n<li> 1 x Instruktioner<\/li>\n<\/ul>\n","protected":false},"excerpt":{"rendered":"<p>Detta TRUUSK-s\u00e4kerhetsstaket i tr\u00e4 \u00e4r ett s\u00e4kert och effektivt s\u00e4tt att h\u00e5lla dina husdjur inom ett omr\u00e5de samtidigt som det&#8230;<\/p>\n","protected":false},"featured_media":67583,"template":"","meta":[],"product_brand":[],"product_cat":[878,948,574],"product_tag":[],"class_list":{"0":"post-67592","1":"product","2":"type-product","3":"status-publish","4":"has-post-thumbnail","6":"product_cat-djurbehov","7":"product_cat-hundgaller-skiljevaggar","8":"product_cat-hundtillbehor","10":"first","11":"instock","12":"sale","13":"taxable","14":"shipping-taxable","15":"purchasable","16":"product-type-simple"},"yoast_head":"<!-- This site is optimized with the Yoast SEO plugin v25.4 - https:\/\/yoast.com\/wordpress\/plugins\/seo\/ -->\n<title>TRUUSK Avsp\u00e4rrningsgrind Hund - Justerbar Skyddsgrind med F\u00f6tter - 432 x 70 cm - Tr\u00e4 - Hundgrind Hopf\u00e4llbar - Trappskyddsgrind - TRUUSK - Hem, Tr\u00e4dg\u00e5rd &amp; Fritid<\/title>\n<meta name=\"robots\" content=\"index, follow, max-snippet:-1, max-image-preview:large, max-video-preview:-1\" \/>\n<link rel=\"canonical\" href=\"https:\/\/truusk.store\/sv\/produkt\/truusk-avsparrningsgrind-hund-justerbar-skyddsgrind-med-fotter-432-x-70-cm-tra-hundgrind-hopfallbar-trappskyddsgrind\/\" \/>\n<meta property=\"og:locale\" content=\"sv_SE\" \/>\n<meta property=\"og:type\" content=\"article\" \/>\n<meta property=\"og:title\" content=\"TRUUSK Avsp\u00e4rrningsgrind Hund - Justerbar Skyddsgrind med F\u00f6tter - 432 x 70 cm - Tr\u00e4 - Hundgrind Hopf\u00e4llbar - Trappskyddsgrind - TRUUSK - Hem, Tr\u00e4dg\u00e5rd &amp; Fritid\" \/>\n<meta property=\"og:description\" content=\"Detta TRUUSK-s\u00e4kerhetsstaket i tr\u00e4 \u00e4r ett s\u00e4kert och effektivt s\u00e4tt att h\u00e5lla dina husdjur inom ett omr\u00e5de samtidigt som det...\" \/>\n<meta property=\"og:url\" content=\"https:\/\/truusk.store\/sv\/produkt\/truusk-avsparrningsgrind-hund-justerbar-skyddsgrind-med-fotter-432-x-70-cm-tra-hundgrind-hopfallbar-trappskyddsgrind\/\" \/>\n<meta property=\"og:site_name\" content=\"TRUUSK - Hem, Tr\u00e4dg\u00e5rd &amp; Fritid\" \/>\n<meta property=\"article:modified_time\" content=\"2026-03-12T08:10:11+00:00\" \/>\n<meta property=\"og:image\" content=\"https:\/\/i0.wp.com\/truusk.se\/wp-content\/uploads\/2025\/06\/avsparrningsgrind-hund-justerbar-skyddsgrind-med-fotter-432-x-70-cm-tra-hundgrind-hopfallbar-trappskyddsgrind-hundavsparrningsgrind-for-trappor-dorrar-korridor-6-paneler-vit-1.webp?fit=2000%2C2000&ssl=1\" \/>\n\t<meta property=\"og:image:width\" content=\"2000\" \/>\n\t<meta property=\"og:image:height\" content=\"2000\" \/>\n\t<meta property=\"og:image:type\" content=\"image\/webp\" \/>\n<meta name=\"twitter:card\" content=\"summary_large_image\" \/>\n<meta name=\"twitter:label1\" content=\"Ber\u00e4knad l\u00e4stid\" \/>\n\t<meta name=\"twitter:data1\" content=\"1 minut\" \/>\n<!-- \/ Yoast SEO plugin. -->","yoast_head_json":{"title":"TRUUSK Avsp\u00e4rrningsgrind Hund - Justerbar Skyddsgrind med F\u00f6tter - 432 x 70 cm - Tr\u00e4 - Hundgrind Hopf\u00e4llbar - Trappskyddsgrind - TRUUSK - Hem, Tr\u00e4dg\u00e5rd &amp; Fritid","robots":{"index":"index","follow":"follow","max-snippet":"max-snippet:-1","max-image-preview":"max-image-preview:large","max-video-preview":"max-video-preview:-1"},"canonical":"https:\/\/truusk.store\/sv\/produkt\/truusk-avsparrningsgrind-hund-justerbar-skyddsgrind-med-fotter-432-x-70-cm-tra-hundgrind-hopfallbar-trappskyddsgrind\/","og_locale":"sv_SE","og_type":"article","og_title":"TRUUSK Avsp\u00e4rrningsgrind Hund - Justerbar Skyddsgrind med F\u00f6tter - 432 x 70 cm - Tr\u00e4 - Hundgrind Hopf\u00e4llbar - Trappskyddsgrind - TRUUSK - Hem, Tr\u00e4dg\u00e5rd &amp; Fritid","og_description":"Detta TRUUSK-s\u00e4kerhetsstaket i tr\u00e4 \u00e4r ett s\u00e4kert och effektivt s\u00e4tt att h\u00e5lla dina husdjur inom ett omr\u00e5de samtidigt som det...","og_url":"https:\/\/truusk.store\/sv\/produkt\/truusk-avsparrningsgrind-hund-justerbar-skyddsgrind-med-fotter-432-x-70-cm-tra-hundgrind-hopfallbar-trappskyddsgrind\/","og_site_name":"TRUUSK - Hem, Tr\u00e4dg\u00e5rd &amp; Fritid","article_modified_time":"2026-03-12T08:10:11+00:00","og_image":[{"width":2000,"height":2000,"url":"https:\/\/i0.wp.com\/truusk.se\/wp-content\/uploads\/2025\/06\/avsparrningsgrind-hund-justerbar-skyddsgrind-med-fotter-432-x-70-cm-tra-hundgrind-hopfallbar-trappskyddsgrind-hundavsparrningsgrind-for-trappor-dorrar-korridor-6-paneler-vit-1.webp?fit=2000%2C2000&ssl=1","type":"image\/webp"}],"twitter_card":"summary_large_image","twitter_misc":{"Ber\u00e4knad l\u00e4stid":"1 minut"},"schema":{"@context":"https:\/\/schema.org","@graph":[{"@type":"WebPage","@id":"https:\/\/truusk.store\/sv\/produkt\/truusk-avsparrningsgrind-hund-justerbar-skyddsgrind-med-fotter-432-x-70-cm-tra-hundgrind-hopfallbar-trappskyddsgrind\/","url":"https:\/\/truusk.store\/sv\/produkt\/truusk-avsparrningsgrind-hund-justerbar-skyddsgrind-med-fotter-432-x-70-cm-tra-hundgrind-hopfallbar-trappskyddsgrind\/","name":"TRUUSK Avsp\u00e4rrningsgrind Hund - Justerbar Skyddsgrind med F\u00f6tter - 432 x 70 cm - Tr\u00e4 - Hundgrind Hopf\u00e4llbar - Trappskyddsgrind - TRUUSK - Hem, Tr\u00e4dg\u00e5rd &amp; Fritid","isPartOf":{"@id":"https:\/\/truusk.store\/sv\/#website"},"primaryImageOfPage":{"@id":"https:\/\/truusk.store\/sv\/produkt\/truusk-avsparrningsgrind-hund-justerbar-skyddsgrind-med-fotter-432-x-70-cm-tra-hundgrind-hopfallbar-trappskyddsgrind\/#primaryimage"},"image":{"@id":"https:\/\/truusk.store\/sv\/produkt\/truusk-avsparrningsgrind-hund-justerbar-skyddsgrind-med-fotter-432-x-70-cm-tra-hundgrind-hopfallbar-trappskyddsgrind\/#primaryimage"},"thumbnailUrl":"https:\/\/i0.wp.com\/truusk.store\/wp-content\/uploads\/2025\/06\/avsparrningsgrind-hund-justerbar-skyddsgrind-med-fotter-432-x-70-cm-tra-hundgrind-hopfallbar-trappskyddsgrind-hundavsparrningsgrind-for-trappor-dorrar-korridor-6-paneler-vit-1.webp?fit=2000%2C2000&ssl=1","datePublished":"2025-06-05T13:41:46+00:00","dateModified":"2026-03-12T08:10:11+00:00","breadcrumb":{"@id":"https:\/\/truusk.store\/sv\/produkt\/truusk-avsparrningsgrind-hund-justerbar-skyddsgrind-med-fotter-432-x-70-cm-tra-hundgrind-hopfallbar-trappskyddsgrind\/#breadcrumb"},"inLanguage":"sv-SE","potentialAction":[{"@type":"ReadAction","target":["https:\/\/truusk.store\/sv\/produkt\/truusk-avsparrningsgrind-hund-justerbar-skyddsgrind-med-fotter-432-x-70-cm-tra-hundgrind-hopfallbar-trappskyddsgrind\/"]}]},{"@type":"ImageObject","inLanguage":"sv-SE","@id":"https:\/\/truusk.store\/sv\/produkt\/truusk-avsparrningsgrind-hund-justerbar-skyddsgrind-med-fotter-432-x-70-cm-tra-hundgrind-hopfallbar-trappskyddsgrind\/#primaryimage","url":"https:\/\/i0.wp.com\/truusk.store\/wp-content\/uploads\/2025\/06\/avsparrningsgrind-hund-justerbar-skyddsgrind-med-fotter-432-x-70-cm-tra-hundgrind-hopfallbar-trappskyddsgrind-hundavsparrningsgrind-for-trappor-dorrar-korridor-6-paneler-vit-1.webp?fit=2000%2C2000&ssl=1","contentUrl":"https:\/\/i0.wp.com\/truusk.store\/wp-content\/uploads\/2025\/06\/avsparrningsgrind-hund-justerbar-skyddsgrind-med-fotter-432-x-70-cm-tra-hundgrind-hopfallbar-trappskyddsgrind-hundavsparrningsgrind-for-trappor-dorrar-korridor-6-paneler-vit-1.webp?fit=2000%2C2000&ssl=1","width":2000,"height":2000},{"@type":"BreadcrumbList","@id":"https:\/\/truusk.store\/sv\/produkt\/truusk-avsparrningsgrind-hund-justerbar-skyddsgrind-med-fotter-432-x-70-cm-tra-hundgrind-hopfallbar-trappskyddsgrind\/#breadcrumb","itemListElement":[{"@type":"ListItem","position":1,"name":"Home","item":"https:\/\/truusk.store\/sv\/"},{"@type":"ListItem","position":2,"name":"Shop","item":"https:\/\/truusk.store\/shop\/"},{"@type":"ListItem","position":3,"name":"TRUUSK Avsp\u00e4rrningsgrind Hund &#8211; Justerbar Skyddsgrind med F\u00f6tter &#8211; 432 x 70 cm &#8211; Tr\u00e4 &#8211; Hundgrind Hopf\u00e4llbar &#8211; Trappskyddsgrind &#8211;"}]},{"@type":"WebSite","@id":"https:\/\/truusk.store\/sv\/#website","url":"https:\/\/truusk.store\/sv\/","name":"TRUUSK - Hem, Tr\u00e4dg\u00e5rd & Fritid","description":"","publisher":{"@id":"https:\/\/truusk.store\/sv\/#organization"},"potentialAction":[{"@type":"SearchAction","target":{"@type":"EntryPoint","urlTemplate":"https:\/\/truusk.store\/sv\/?s={search_term_string}"},"query-input":{"@type":"PropertyValueSpecification","valueRequired":true,"valueName":"search_term_string"}}],"inLanguage":"sv-SE"},{"@type":"Organization","@id":"https:\/\/truusk.store\/sv\/#organization","name":"TRUUSK - Hem, Tr\u00e4dg\u00e5rd & Fritid","url":"https:\/\/truusk.store\/sv\/","logo":{"@type":"ImageObject","inLanguage":"sv-SE","@id":"https:\/\/truusk.store\/sv\/#\/schema\/logo\/image\/","url":"https:\/\/i0.wp.com\/truusk.store\/wp-content\/uploads\/2026\/03\/cropped-TRUUSK.png?fit=2032%2C917&ssl=1","contentUrl":"https:\/\/i0.wp.com\/truusk.store\/wp-content\/uploads\/2026\/03\/cropped-TRUUSK.png?fit=2032%2C917&ssl=1","width":2032,"height":917,"caption":"TRUUSK - Hem, Tr\u00e4dg\u00e5rd & Fritid"},"image":{"@id":"https:\/\/truusk.store\/sv\/#\/schema\/logo\/image\/"}}]}},"jetpack_sharing_enabled":true,"_links":{"self":[{"href":"https:\/\/truusk.store\/sv\/wp-json\/wp\/v2\/product\/67592","targetHints":{"allow":["GET"]}}],"collection":[{"href":"https:\/\/truusk.store\/sv\/wp-json\/wp\/v2\/product"}],"about":[{"href":"https:\/\/truusk.store\/sv\/wp-json\/wp\/v2\/types\/product"}],"wp:featuredmedia":[{"embeddable":true,"href":"https:\/\/truusk.store\/sv\/wp-json\/wp\/v2\/media\/67583"}],"wp:attachment":[{"href":"https:\/\/truusk.store\/sv\/wp-json\/wp\/v2\/media?parent=67592"}],"wp:term":[{"taxonomy":"product_brand","embeddable":true,"href":"https:\/\/truusk.store\/sv\/wp-json\/wp\/v2\/product_brand?post=67592"},{"taxonomy":"product_cat","embeddable":true,"href":"https:\/\/truusk.store\/sv\/wp-json\/wp\/v2\/product_cat?post=67592"},{"taxonomy":"product_tag","embeddable":true,"href":"https:\/\/truusk.store\/sv\/wp-json\/wp\/v2\/product_tag?post=67592"}],"curies":[{"name":"wp","href":"https:\/\/api.w.org\/{rel}","templated":true}]}}