{"id":67602,"date":"2025-06-05T14:42:47","date_gmt":"2025-06-05T13:42:47","guid":{"rendered":"https:\/\/truusk.store\/product\/smadjurshus-smadjursbur-med-rastgard-marsvinsstall-frigangshagn-vinterfast-utomhus-djurstall-grantra-gra-150-cm-x-52-cm-x-68-cm\/"},"modified":"2026-03-12T09:32:18","modified_gmt":"2026-03-12T08:32:18","slug":"truusk-smadjursbur-med-rastgard-vinterfast-utomhus-djurstall-grantra-gra-150-cm-x-52-cm-x-68-cm","status":"publish","type":"product","link":"https:\/\/truusk.store\/sv\/produkt\/truusk-smadjursbur-med-rastgard-vinterfast-utomhus-djurstall-grantra-gra-150-cm-x-52-cm-x-68-cm\/","title":{"rendered":"TRUUSK Sm\u00e5djursbur Med Rastg\u00e5rd &#8211; Vinterfast &#8211; Utomhus Djurstall &#8211; Grantr\u00e4 &#8211; Gr\u00e5 &#8211; 150 cm X 52 cm X 68 cm"},"content":{"rendered":"<p>Detta vinterfasta utomhuskaninbur fr\u00e5n TRUUSK best\u00e5r av tv\u00e5 delar: huvudhuset och ett stort utomhusomr\u00e5de. Den vinterfasta utomhuskaninburen har ett stort huvudrum d\u00e4r man kan r\u00f6ra sig fritt, en ramp f\u00f6r enkel tillg\u00e5ng, ett \u00f6ppningsbart tak, en lutande och utdragbar hylla som \u00e4r l\u00e4tt att reng\u00f6ra, och en gr\u00e5 och vit vattent\u00e4t f\u00e4rg. Utomhuskaninburen \u00e4r utrustad med ett h\u00f6gt metallstaket f\u00f6r utomhusomr\u00e5det, s\u00e5 att de \u00e4r s\u00e4kra medan de njuter av frisk luft utomhus.<\/p>\n<p>Beskrivning:<\/p>\n<ul>\n<li> Den tv\u00e5v\u00e5nings utomhuskaninburen \u00e4r tillverkad av massivt tr\u00e4 f\u00f6r att garantera l\u00e5ng h\u00e5llbarhet och mycket utrymme f\u00f6r marsvin, och andra sm\u00e5 husdjur<\/li>\n<li> Utomhusomr\u00e5de d\u00e4r ditt husdjur f\u00e5r frisk luft, omgivet av ett h\u00f6gt n\u00e4tstaket f\u00f6r skydd mot rovdjur<\/li>\n<li> L\u00e4tt tillg\u00e5ng, med ett \u00f6ppningsbart tak p\u00e5 sidorummet, f\u00f6nster, en d\u00f6rr med sp\u00e4rr och utdragbar hylla f\u00f6r reng\u00f6ring och mer<\/li>\n<li> Lutande tak av tj\u00e4rpapp p\u00e5 kaninburen f\u00f6r att undvika ansamlingar, hj\u00e4lper till att undvika skador fr\u00e5n vatten och UV-str\u00e5lning<\/li>\n<li> Ramp till huset f\u00f6r enkel in- och utg\u00e5ng<\/li>\n<li> Montering kr\u00e4vs<\/li>\n<li> L\u00e4mplig f\u00f6r utomhusbruk<\/li>\n<\/ul>\n<p> Tekniska data:<\/p>\n<ul>\n<li> F\u00e4rg: Gr\u00e5<\/li>\n<li> Material: Grantr\u00e4<\/li>\n<li> Totala dimensioner: 150L x 52B x 68H cm<\/li>\n<li> M\u00e5tt p\u00e5 huvudhuset: 72L x 45B x 38H cm<\/li>\n<li> M\u00e5tt p\u00e5 sidorummet: 76L x 45B x 53H cm<\/li>\n<li> M\u00e5tt p\u00e5 det nedre rummet: 72L x 45B x 27H cm<\/li>\n<\/ul>\n<p>Leveransinneh\u00e5ll:<\/p>\n<ul>\n<li> 1 x Sm\u00e5djursbur<\/li>\n<li> 1 x Instruktioner<\/li>\n<\/ul>\n","protected":false},"excerpt":{"rendered":"<p>Detta vinterfasta utomhuskaninbur fr\u00e5n TRUUSK best\u00e5r av tv\u00e5 delar: huvudhuset och ett stort utomhusomr\u00e5de. Den vinterfasta utomhuskaninburen har ett stort&#8230;<\/p>\n","protected":false},"featured_media":67593,"template":"","meta":[],"product_brand":[],"product_cat":[878,598,597],"product_tag":[],"class_list":{"0":"post-67602","1":"product","2":"type-product","3":"status-publish","4":"has-post-thumbnail","6":"product_cat-djurbehov","7":"product_cat-sma-djurstallar","8":"product_cat-sma-djurtillbehor","10":"first","11":"instock","12":"sale","13":"taxable","14":"shipping-taxable","15":"purchasable","16":"product-type-simple"},"yoast_head":"<!-- This site is optimized with the Yoast SEO plugin v25.4 - https:\/\/yoast.com\/wordpress\/plugins\/seo\/ -->\n<title>TRUUSK Sm\u00e5djursbur Med Rastg\u00e5rd - Vinterfast - Utomhus Djurstall - Grantr\u00e4 - Gr\u00e5 - 150 cm X 52 cm X 68 cm - TRUUSK - Hem, Tr\u00e4dg\u00e5rd &amp; Fritid<\/title>\n<meta name=\"robots\" content=\"index, follow, max-snippet:-1, max-image-preview:large, max-video-preview:-1\" \/>\n<link rel=\"canonical\" href=\"https:\/\/truusk.store\/sv\/produkt\/truusk-smadjursbur-med-rastgard-vinterfast-utomhus-djurstall-grantra-gra-150-cm-x-52-cm-x-68-cm\/\" \/>\n<meta property=\"og:locale\" content=\"sv_SE\" \/>\n<meta property=\"og:type\" content=\"article\" \/>\n<meta property=\"og:title\" content=\"TRUUSK Sm\u00e5djursbur Med Rastg\u00e5rd - Vinterfast - Utomhus Djurstall - Grantr\u00e4 - Gr\u00e5 - 150 cm X 52 cm X 68 cm - TRUUSK - Hem, Tr\u00e4dg\u00e5rd &amp; Fritid\" \/>\n<meta property=\"og:description\" content=\"Detta vinterfasta utomhuskaninbur fr\u00e5n TRUUSK best\u00e5r av tv\u00e5 delar: huvudhuset och ett stort utomhusomr\u00e5de. Den vinterfasta utomhuskaninburen har ett stort...\" \/>\n<meta property=\"og:url\" content=\"https:\/\/truusk.store\/sv\/produkt\/truusk-smadjursbur-med-rastgard-vinterfast-utomhus-djurstall-grantra-gra-150-cm-x-52-cm-x-68-cm\/\" \/>\n<meta property=\"og:site_name\" content=\"TRUUSK - Hem, Tr\u00e4dg\u00e5rd &amp; Fritid\" \/>\n<meta property=\"article:modified_time\" content=\"2026-03-12T08:32:18+00:00\" \/>\n<meta property=\"og:image\" content=\"https:\/\/i0.wp.com\/truusk.se\/wp-content\/uploads\/2025\/06\/smadjurshus-smadjursbur-med-rastgard-marsvinsstall-frigangshagn-vinterfast-utomhus-djurstall-grantra-gra-150-cm-x-52-cm-x-68-cm-1.webp?fit=2000%2C2000&ssl=1\" \/>\n\t<meta property=\"og:image:width\" content=\"2000\" \/>\n\t<meta property=\"og:image:height\" content=\"2000\" \/>\n\t<meta property=\"og:image:type\" content=\"image\/webp\" \/>\n<meta name=\"twitter:card\" content=\"summary_large_image\" \/>\n<meta name=\"twitter:label1\" content=\"Ber\u00e4knad l\u00e4stid\" \/>\n\t<meta name=\"twitter:data1\" content=\"1 minut\" \/>\n<!-- \/ Yoast SEO plugin. -->","yoast_head_json":{"title":"TRUUSK Sm\u00e5djursbur Med Rastg\u00e5rd - Vinterfast - Utomhus Djurstall - Grantr\u00e4 - Gr\u00e5 - 150 cm X 52 cm X 68 cm - TRUUSK - Hem, Tr\u00e4dg\u00e5rd &amp; Fritid","robots":{"index":"index","follow":"follow","max-snippet":"max-snippet:-1","max-image-preview":"max-image-preview:large","max-video-preview":"max-video-preview:-1"},"canonical":"https:\/\/truusk.store\/sv\/produkt\/truusk-smadjursbur-med-rastgard-vinterfast-utomhus-djurstall-grantra-gra-150-cm-x-52-cm-x-68-cm\/","og_locale":"sv_SE","og_type":"article","og_title":"TRUUSK Sm\u00e5djursbur Med Rastg\u00e5rd - Vinterfast - Utomhus Djurstall - Grantr\u00e4 - Gr\u00e5 - 150 cm X 52 cm X 68 cm - TRUUSK - Hem, Tr\u00e4dg\u00e5rd &amp; Fritid","og_description":"Detta vinterfasta utomhuskaninbur fr\u00e5n TRUUSK best\u00e5r av tv\u00e5 delar: huvudhuset och ett stort utomhusomr\u00e5de. Den vinterfasta utomhuskaninburen har ett stort...","og_url":"https:\/\/truusk.store\/sv\/produkt\/truusk-smadjursbur-med-rastgard-vinterfast-utomhus-djurstall-grantra-gra-150-cm-x-52-cm-x-68-cm\/","og_site_name":"TRUUSK - Hem, Tr\u00e4dg\u00e5rd &amp; Fritid","article_modified_time":"2026-03-12T08:32:18+00:00","og_image":[{"width":2000,"height":2000,"url":"https:\/\/i0.wp.com\/truusk.se\/wp-content\/uploads\/2025\/06\/smadjurshus-smadjursbur-med-rastgard-marsvinsstall-frigangshagn-vinterfast-utomhus-djurstall-grantra-gra-150-cm-x-52-cm-x-68-cm-1.webp?fit=2000%2C2000&ssl=1","type":"image\/webp"}],"twitter_card":"summary_large_image","twitter_misc":{"Ber\u00e4knad l\u00e4stid":"1 minut"},"schema":{"@context":"https:\/\/schema.org","@graph":[{"@type":"WebPage","@id":"https:\/\/truusk.store\/sv\/produkt\/truusk-smadjursbur-med-rastgard-vinterfast-utomhus-djurstall-grantra-gra-150-cm-x-52-cm-x-68-cm\/","url":"https:\/\/truusk.store\/sv\/produkt\/truusk-smadjursbur-med-rastgard-vinterfast-utomhus-djurstall-grantra-gra-150-cm-x-52-cm-x-68-cm\/","name":"TRUUSK Sm\u00e5djursbur Med Rastg\u00e5rd - Vinterfast - Utomhus Djurstall - Grantr\u00e4 - Gr\u00e5 - 150 cm X 52 cm X 68 cm - TRUUSK - Hem, Tr\u00e4dg\u00e5rd &amp; Fritid","isPartOf":{"@id":"https:\/\/truusk.store\/sv\/#website"},"primaryImageOfPage":{"@id":"https:\/\/truusk.store\/sv\/produkt\/truusk-smadjursbur-med-rastgard-vinterfast-utomhus-djurstall-grantra-gra-150-cm-x-52-cm-x-68-cm\/#primaryimage"},"image":{"@id":"https:\/\/truusk.store\/sv\/produkt\/truusk-smadjursbur-med-rastgard-vinterfast-utomhus-djurstall-grantra-gra-150-cm-x-52-cm-x-68-cm\/#primaryimage"},"thumbnailUrl":"https:\/\/i0.wp.com\/truusk.store\/wp-content\/uploads\/2025\/06\/smadjurshus-smadjursbur-med-rastgard-marsvinsstall-frigangshagn-vinterfast-utomhus-djurstall-grantra-gra-150-cm-x-52-cm-x-68-cm-1.webp?fit=2000%2C2000&ssl=1","datePublished":"2025-06-05T13:42:47+00:00","dateModified":"2026-03-12T08:32:18+00:00","breadcrumb":{"@id":"https:\/\/truusk.store\/sv\/produkt\/truusk-smadjursbur-med-rastgard-vinterfast-utomhus-djurstall-grantra-gra-150-cm-x-52-cm-x-68-cm\/#breadcrumb"},"inLanguage":"sv-SE","potentialAction":[{"@type":"ReadAction","target":["https:\/\/truusk.store\/sv\/produkt\/truusk-smadjursbur-med-rastgard-vinterfast-utomhus-djurstall-grantra-gra-150-cm-x-52-cm-x-68-cm\/"]}]},{"@type":"ImageObject","inLanguage":"sv-SE","@id":"https:\/\/truusk.store\/sv\/produkt\/truusk-smadjursbur-med-rastgard-vinterfast-utomhus-djurstall-grantra-gra-150-cm-x-52-cm-x-68-cm\/#primaryimage","url":"https:\/\/i0.wp.com\/truusk.store\/wp-content\/uploads\/2025\/06\/smadjurshus-smadjursbur-med-rastgard-marsvinsstall-frigangshagn-vinterfast-utomhus-djurstall-grantra-gra-150-cm-x-52-cm-x-68-cm-1.webp?fit=2000%2C2000&ssl=1","contentUrl":"https:\/\/i0.wp.com\/truusk.store\/wp-content\/uploads\/2025\/06\/smadjurshus-smadjursbur-med-rastgard-marsvinsstall-frigangshagn-vinterfast-utomhus-djurstall-grantra-gra-150-cm-x-52-cm-x-68-cm-1.webp?fit=2000%2C2000&ssl=1","width":2000,"height":2000},{"@type":"BreadcrumbList","@id":"https:\/\/truusk.store\/sv\/produkt\/truusk-smadjursbur-med-rastgard-vinterfast-utomhus-djurstall-grantra-gra-150-cm-x-52-cm-x-68-cm\/#breadcrumb","itemListElement":[{"@type":"ListItem","position":1,"name":"Home","item":"https:\/\/truusk.store\/sv\/"},{"@type":"ListItem","position":2,"name":"Shop","item":"https:\/\/truusk.store\/shop\/"},{"@type":"ListItem","position":3,"name":"TRUUSK Sm\u00e5djursbur Med Rastg\u00e5rd &#8211; Vinterfast &#8211; Utomhus Djurstall &#8211; Grantr\u00e4 &#8211; Gr\u00e5 &#8211; 150 cm X 52 cm X 68 cm"}]},{"@type":"WebSite","@id":"https:\/\/truusk.store\/sv\/#website","url":"https:\/\/truusk.store\/sv\/","name":"TRUUSK - Hem, Tr\u00e4dg\u00e5rd & Fritid","description":"","publisher":{"@id":"https:\/\/truusk.store\/sv\/#organization"},"potentialAction":[{"@type":"SearchAction","target":{"@type":"EntryPoint","urlTemplate":"https:\/\/truusk.store\/sv\/?s={search_term_string}"},"query-input":{"@type":"PropertyValueSpecification","valueRequired":true,"valueName":"search_term_string"}}],"inLanguage":"sv-SE"},{"@type":"Organization","@id":"https:\/\/truusk.store\/sv\/#organization","name":"TRUUSK - Hem, Tr\u00e4dg\u00e5rd & Fritid","url":"https:\/\/truusk.store\/sv\/","logo":{"@type":"ImageObject","inLanguage":"sv-SE","@id":"https:\/\/truusk.store\/sv\/#\/schema\/logo\/image\/","url":"https:\/\/i0.wp.com\/truusk.store\/wp-content\/uploads\/2026\/03\/cropped-TRUUSK.png?fit=2032%2C917&ssl=1","contentUrl":"https:\/\/i0.wp.com\/truusk.store\/wp-content\/uploads\/2026\/03\/cropped-TRUUSK.png?fit=2032%2C917&ssl=1","width":2032,"height":917,"caption":"TRUUSK - Hem, Tr\u00e4dg\u00e5rd & Fritid"},"image":{"@id":"https:\/\/truusk.store\/sv\/#\/schema\/logo\/image\/"}}]}},"jetpack_sharing_enabled":true,"_links":{"self":[{"href":"https:\/\/truusk.store\/sv\/wp-json\/wp\/v2\/product\/67602","targetHints":{"allow":["GET"]}}],"collection":[{"href":"https:\/\/truusk.store\/sv\/wp-json\/wp\/v2\/product"}],"about":[{"href":"https:\/\/truusk.store\/sv\/wp-json\/wp\/v2\/types\/product"}],"wp:featuredmedia":[{"embeddable":true,"href":"https:\/\/truusk.store\/sv\/wp-json\/wp\/v2\/media\/67593"}],"wp:attachment":[{"href":"https:\/\/truusk.store\/sv\/wp-json\/wp\/v2\/media?parent=67602"}],"wp:term":[{"taxonomy":"product_brand","embeddable":true,"href":"https:\/\/truusk.store\/sv\/wp-json\/wp\/v2\/product_brand?post=67602"},{"taxonomy":"product_cat","embeddable":true,"href":"https:\/\/truusk.store\/sv\/wp-json\/wp\/v2\/product_cat?post=67602"},{"taxonomy":"product_tag","embeddable":true,"href":"https:\/\/truusk.store\/sv\/wp-json\/wp\/v2\/product_tag?post=67602"}],"curies":[{"name":"wp","href":"https:\/\/api.w.org\/{rel}","templated":true}]}}