{"id":67632,"date":"2025-06-05T14:45:50","date_gmt":"2025-06-05T13:45:50","guid":{"rendered":"https:\/\/truusk.store\/product\/hogbadd-med-hylla-upphojd-ortbadd-med-draneringshal-planteringslada-i-tra-vaderbestandig-gronsaksbadd-tradgardsbadd-planteringsbadd-for-tradgard-balkong-terrass-91-x-51-x-76-cm-gron\/"},"modified":"2026-03-12T09:10:43","modified_gmt":"2026-03-12T08:10:43","slug":"truusk-hogbadd-med-hylla-upphojd-ortbadd-draneringshal-planteringslada-i-tra-vaderbestandig-tradgardsbadd-for","status":"publish","type":"product","link":"https:\/\/truusk.store\/sv\/produkt\/truusk-hogbadd-med-hylla-upphojd-ortbadd-draneringshal-planteringslada-i-tra-vaderbestandig-tradgardsbadd-for\/","title":{"rendered":"TRUUSK H\u00f6gb\u00e4dd Med Hylla &#8211; Upph\u00f6jd \u00f6rtb\u00e4dd &#8211; Dr\u00e4neringsh\u00e5l &#8211; Planteringsl\u00e5da I Tr\u00e4 &#8211; V\u00e4derbest\u00e4ndig &#8211; Tr\u00e4dg\u00e5rdsb\u00e4dd &#8211; F\u00f6r"},"content":{"rendered":"<p>Vill du f\u00f6rsk\u00f6na din tr\u00e4dg\u00e5rd p\u00e5 ett utrymmeseffektivt s\u00e4tt? Denna upph\u00f6jda tr\u00e4dg\u00e5rdsb\u00e4dd i tr\u00e4 fr\u00e5n TRUUSK g\u00f6r det m\u00f6jligt: Tillverkad av robust massivt tr\u00e4, stabilt och h\u00e5llbart. Den nedre hyllan p\u00e5 bloml\u00e5dan erbjuder plats f\u00f6r hinkar, verktyg och mer. Tack vare den upph\u00f6jda konstruktionen beh\u00f6ver du inte huka dig n\u00e4r du sk\u00f6ter dina v\u00e4xter. Denna upph\u00f6jda tr\u00e4dg\u00e5rdsb\u00e4dd i tr\u00e4 passar med sina kompakta m\u00e5tt bekv\u00e4mt p\u00e5 balkongen, p\u00e5 terrassen och i varje v\u00e4xthus.<\/p>\n<p>Beskrivning:<\/p>\n<ul>\n<li> Den upph\u00f6jda tr\u00e4dg\u00e5rdsb\u00e4dden f\u00f6r balkongen erbjuder mycket plats f\u00f6r dina v\u00e4xter<\/li>\n<li> Tillverkad av robust grantr\u00e4. Kan m\u00e5las i din favoritf\u00e4rg<\/li>\n<li> Upph\u00f6jda ben p\u00e5 tr\u00e4dg\u00e5rdsb\u00e4dden f\u00f6r att f\u00f6rebygga ryggproblem under sk\u00f6tseln<\/li>\n<li> P\u00e5 den nedre hyllan kan tillbeh\u00f6r och verktyg placeras<\/li>\n<li> Med h\u00e5l f\u00f6r bra dr\u00e4nering och ventilation<\/li>\n<li> L\u00e4tt konstruktion, g\u00f6r bloml\u00e5dan enkel att transportera<\/li>\n<li> Montering kr\u00e4vs<\/li>\n<\/ul>\n<p> Tekniska data:<\/p>\n<ul>\n<li> F\u00e4rg: Ljusgr\u00f6n<\/li>\n<li> Material: Grantr\u00e4<\/li>\n<li> Totala m\u00e5tt: 91L x 51B x 76H cm<\/li>\n<li> Planteringsb\u00e4dd: 84L x 44B x 19H cm, 39,5 cm (fr\u00e5n golv till hylla)<\/li>\n<li> Hylla: 79,5L x 50B x 13,5H cm<\/li>\n<li> B\u00e4rkapacitet: (Planteringsl\u00e5da) 80 kg, (Hylla) 20 kg<\/li>\n<li> Volym: 70 L<\/li>\n<\/ul>\n<p>Leverans inneh\u00e5ller:<\/p>\n<ul>\n<li> 1 x Upph\u00f6jd tr\u00e4dg\u00e5rdsb\u00e4dd<\/li>\n<li> 1 x Bruksanvisning<\/li>\n<\/ul>\n","protected":false},"excerpt":{"rendered":"<p>Vill du f\u00f6rsk\u00f6na din tr\u00e4dg\u00e5rd p\u00e5 ett utrymmeseffektivt s\u00e4tt? Denna upph\u00f6jda tr\u00e4dg\u00e5rdsb\u00e4dd i tr\u00e4 fr\u00e5n TRUUSK g\u00f6r det m\u00f6jligt: Tillverkad&#8230;<\/p>\n","protected":false},"featured_media":67623,"template":"","meta":[],"product_brand":[],"product_cat":[922,858,443],"product_tag":[],"class_list":{"0":"post-67632","1":"product","2":"type-product","3":"status-publish","4":"has-post-thumbnail","6":"product_cat-planteringskarl","7":"product_cat-tradgard-terrass","8":"product_cat-vaxthus-tradgardsskotsel","10":"first","11":"instock","12":"sale","13":"taxable","14":"shipping-taxable","15":"purchasable","16":"product-type-simple"},"yoast_head":"<!-- This site is optimized with the Yoast SEO plugin v25.4 - https:\/\/yoast.com\/wordpress\/plugins\/seo\/ -->\n<title>TRUUSK H\u00f6gb\u00e4dd Med Hylla - Upph\u00f6jd \u00f6rtb\u00e4dd - Dr\u00e4neringsh\u00e5l - Planteringsl\u00e5da I Tr\u00e4 - V\u00e4derbest\u00e4ndig - Tr\u00e4dg\u00e5rdsb\u00e4dd - F\u00f6r - TRUUSK - Hem, Tr\u00e4dg\u00e5rd &amp; Fritid<\/title>\n<meta name=\"robots\" content=\"index, follow, max-snippet:-1, max-image-preview:large, max-video-preview:-1\" \/>\n<link rel=\"canonical\" href=\"https:\/\/truusk.store\/sv\/produkt\/truusk-hogbadd-med-hylla-upphojd-ortbadd-draneringshal-planteringslada-i-tra-vaderbestandig-tradgardsbadd-for\/\" \/>\n<meta property=\"og:locale\" content=\"sv_SE\" \/>\n<meta property=\"og:type\" content=\"article\" \/>\n<meta property=\"og:title\" content=\"TRUUSK H\u00f6gb\u00e4dd Med Hylla - Upph\u00f6jd \u00f6rtb\u00e4dd - Dr\u00e4neringsh\u00e5l - Planteringsl\u00e5da I Tr\u00e4 - V\u00e4derbest\u00e4ndig - Tr\u00e4dg\u00e5rdsb\u00e4dd - F\u00f6r - TRUUSK - Hem, Tr\u00e4dg\u00e5rd &amp; Fritid\" \/>\n<meta property=\"og:description\" content=\"Vill du f\u00f6rsk\u00f6na din tr\u00e4dg\u00e5rd p\u00e5 ett utrymmeseffektivt s\u00e4tt? Denna upph\u00f6jda tr\u00e4dg\u00e5rdsb\u00e4dd i tr\u00e4 fr\u00e5n TRUUSK g\u00f6r det m\u00f6jligt: Tillverkad...\" \/>\n<meta property=\"og:url\" content=\"https:\/\/truusk.store\/sv\/produkt\/truusk-hogbadd-med-hylla-upphojd-ortbadd-draneringshal-planteringslada-i-tra-vaderbestandig-tradgardsbadd-for\/\" \/>\n<meta property=\"og:site_name\" content=\"TRUUSK - Hem, Tr\u00e4dg\u00e5rd &amp; Fritid\" \/>\n<meta property=\"article:modified_time\" content=\"2026-03-12T08:10:43+00:00\" \/>\n<meta property=\"og:image\" content=\"https:\/\/i0.wp.com\/truusk.se\/wp-content\/uploads\/2025\/06\/hogbadd-med-hylla-upphojd-ortbadd-med-draneringshal-planteringslada-i-tra-vaderbestandig-gronsaksbadd-tradgardsbadd-planteringsbadd-for-tradgard-balkong-terrass-91-x-51-x-76-cm-gron-1.webp?fit=2000%2C2000&ssl=1\" \/>\n\t<meta property=\"og:image:width\" content=\"2000\" \/>\n\t<meta property=\"og:image:height\" content=\"2000\" \/>\n\t<meta property=\"og:image:type\" content=\"image\/webp\" \/>\n<meta name=\"twitter:card\" content=\"summary_large_image\" \/>\n<meta name=\"twitter:label1\" content=\"Ber\u00e4knad l\u00e4stid\" \/>\n\t<meta name=\"twitter:data1\" content=\"1 minut\" \/>\n<!-- \/ Yoast SEO plugin. -->","yoast_head_json":{"title":"TRUUSK H\u00f6gb\u00e4dd Med Hylla - Upph\u00f6jd \u00f6rtb\u00e4dd - Dr\u00e4neringsh\u00e5l - Planteringsl\u00e5da I Tr\u00e4 - V\u00e4derbest\u00e4ndig - Tr\u00e4dg\u00e5rdsb\u00e4dd - F\u00f6r - TRUUSK - Hem, Tr\u00e4dg\u00e5rd &amp; Fritid","robots":{"index":"index","follow":"follow","max-snippet":"max-snippet:-1","max-image-preview":"max-image-preview:large","max-video-preview":"max-video-preview:-1"},"canonical":"https:\/\/truusk.store\/sv\/produkt\/truusk-hogbadd-med-hylla-upphojd-ortbadd-draneringshal-planteringslada-i-tra-vaderbestandig-tradgardsbadd-for\/","og_locale":"sv_SE","og_type":"article","og_title":"TRUUSK H\u00f6gb\u00e4dd Med Hylla - Upph\u00f6jd \u00f6rtb\u00e4dd - Dr\u00e4neringsh\u00e5l - Planteringsl\u00e5da I Tr\u00e4 - V\u00e4derbest\u00e4ndig - Tr\u00e4dg\u00e5rdsb\u00e4dd - F\u00f6r - TRUUSK - Hem, Tr\u00e4dg\u00e5rd &amp; Fritid","og_description":"Vill du f\u00f6rsk\u00f6na din tr\u00e4dg\u00e5rd p\u00e5 ett utrymmeseffektivt s\u00e4tt? Denna upph\u00f6jda tr\u00e4dg\u00e5rdsb\u00e4dd i tr\u00e4 fr\u00e5n TRUUSK g\u00f6r det m\u00f6jligt: Tillverkad...","og_url":"https:\/\/truusk.store\/sv\/produkt\/truusk-hogbadd-med-hylla-upphojd-ortbadd-draneringshal-planteringslada-i-tra-vaderbestandig-tradgardsbadd-for\/","og_site_name":"TRUUSK - Hem, Tr\u00e4dg\u00e5rd &amp; Fritid","article_modified_time":"2026-03-12T08:10:43+00:00","og_image":[{"width":2000,"height":2000,"url":"https:\/\/i0.wp.com\/truusk.se\/wp-content\/uploads\/2025\/06\/hogbadd-med-hylla-upphojd-ortbadd-med-draneringshal-planteringslada-i-tra-vaderbestandig-gronsaksbadd-tradgardsbadd-planteringsbadd-for-tradgard-balkong-terrass-91-x-51-x-76-cm-gron-1.webp?fit=2000%2C2000&ssl=1","type":"image\/webp"}],"twitter_card":"summary_large_image","twitter_misc":{"Ber\u00e4knad l\u00e4stid":"1 minut"},"schema":{"@context":"https:\/\/schema.org","@graph":[{"@type":"WebPage","@id":"https:\/\/truusk.store\/sv\/produkt\/truusk-hogbadd-med-hylla-upphojd-ortbadd-draneringshal-planteringslada-i-tra-vaderbestandig-tradgardsbadd-for\/","url":"https:\/\/truusk.store\/sv\/produkt\/truusk-hogbadd-med-hylla-upphojd-ortbadd-draneringshal-planteringslada-i-tra-vaderbestandig-tradgardsbadd-for\/","name":"TRUUSK H\u00f6gb\u00e4dd Med Hylla - Upph\u00f6jd \u00f6rtb\u00e4dd - Dr\u00e4neringsh\u00e5l - Planteringsl\u00e5da I Tr\u00e4 - V\u00e4derbest\u00e4ndig - Tr\u00e4dg\u00e5rdsb\u00e4dd - F\u00f6r - TRUUSK - Hem, Tr\u00e4dg\u00e5rd &amp; Fritid","isPartOf":{"@id":"https:\/\/truusk.store\/sv\/#website"},"primaryImageOfPage":{"@id":"https:\/\/truusk.store\/sv\/produkt\/truusk-hogbadd-med-hylla-upphojd-ortbadd-draneringshal-planteringslada-i-tra-vaderbestandig-tradgardsbadd-for\/#primaryimage"},"image":{"@id":"https:\/\/truusk.store\/sv\/produkt\/truusk-hogbadd-med-hylla-upphojd-ortbadd-draneringshal-planteringslada-i-tra-vaderbestandig-tradgardsbadd-for\/#primaryimage"},"thumbnailUrl":"https:\/\/i0.wp.com\/truusk.store\/wp-content\/uploads\/2025\/06\/hogbadd-med-hylla-upphojd-ortbadd-med-draneringshal-planteringslada-i-tra-vaderbestandig-gronsaksbadd-tradgardsbadd-planteringsbadd-for-tradgard-balkong-terrass-91-x-51-x-76-cm-gron-1.webp?fit=2000%2C2000&ssl=1","datePublished":"2025-06-05T13:45:50+00:00","dateModified":"2026-03-12T08:10:43+00:00","breadcrumb":{"@id":"https:\/\/truusk.store\/sv\/produkt\/truusk-hogbadd-med-hylla-upphojd-ortbadd-draneringshal-planteringslada-i-tra-vaderbestandig-tradgardsbadd-for\/#breadcrumb"},"inLanguage":"sv-SE","potentialAction":[{"@type":"ReadAction","target":["https:\/\/truusk.store\/sv\/produkt\/truusk-hogbadd-med-hylla-upphojd-ortbadd-draneringshal-planteringslada-i-tra-vaderbestandig-tradgardsbadd-for\/"]}]},{"@type":"ImageObject","inLanguage":"sv-SE","@id":"https:\/\/truusk.store\/sv\/produkt\/truusk-hogbadd-med-hylla-upphojd-ortbadd-draneringshal-planteringslada-i-tra-vaderbestandig-tradgardsbadd-for\/#primaryimage","url":"https:\/\/i0.wp.com\/truusk.store\/wp-content\/uploads\/2025\/06\/hogbadd-med-hylla-upphojd-ortbadd-med-draneringshal-planteringslada-i-tra-vaderbestandig-gronsaksbadd-tradgardsbadd-planteringsbadd-for-tradgard-balkong-terrass-91-x-51-x-76-cm-gron-1.webp?fit=2000%2C2000&ssl=1","contentUrl":"https:\/\/i0.wp.com\/truusk.store\/wp-content\/uploads\/2025\/06\/hogbadd-med-hylla-upphojd-ortbadd-med-draneringshal-planteringslada-i-tra-vaderbestandig-gronsaksbadd-tradgardsbadd-planteringsbadd-for-tradgard-balkong-terrass-91-x-51-x-76-cm-gron-1.webp?fit=2000%2C2000&ssl=1","width":2000,"height":2000},{"@type":"BreadcrumbList","@id":"https:\/\/truusk.store\/sv\/produkt\/truusk-hogbadd-med-hylla-upphojd-ortbadd-draneringshal-planteringslada-i-tra-vaderbestandig-tradgardsbadd-for\/#breadcrumb","itemListElement":[{"@type":"ListItem","position":1,"name":"Home","item":"https:\/\/truusk.store\/sv\/"},{"@type":"ListItem","position":2,"name":"Shop","item":"https:\/\/truusk.store\/shop\/"},{"@type":"ListItem","position":3,"name":"TRUUSK H\u00f6gb\u00e4dd Med Hylla &#8211; Upph\u00f6jd \u00f6rtb\u00e4dd &#8211; Dr\u00e4neringsh\u00e5l &#8211; Planteringsl\u00e5da I Tr\u00e4 &#8211; V\u00e4derbest\u00e4ndig &#8211; Tr\u00e4dg\u00e5rdsb\u00e4dd &#8211; F\u00f6r"}]},{"@type":"WebSite","@id":"https:\/\/truusk.store\/sv\/#website","url":"https:\/\/truusk.store\/sv\/","name":"TRUUSK - Hem, Tr\u00e4dg\u00e5rd & Fritid","description":"","publisher":{"@id":"https:\/\/truusk.store\/sv\/#organization"},"potentialAction":[{"@type":"SearchAction","target":{"@type":"EntryPoint","urlTemplate":"https:\/\/truusk.store\/sv\/?s={search_term_string}"},"query-input":{"@type":"PropertyValueSpecification","valueRequired":true,"valueName":"search_term_string"}}],"inLanguage":"sv-SE"},{"@type":"Organization","@id":"https:\/\/truusk.store\/sv\/#organization","name":"TRUUSK - Hem, Tr\u00e4dg\u00e5rd & Fritid","url":"https:\/\/truusk.store\/sv\/","logo":{"@type":"ImageObject","inLanguage":"sv-SE","@id":"https:\/\/truusk.store\/sv\/#\/schema\/logo\/image\/","url":"https:\/\/i0.wp.com\/truusk.store\/wp-content\/uploads\/2026\/03\/cropped-TRUUSK.png?fit=2032%2C917&ssl=1","contentUrl":"https:\/\/i0.wp.com\/truusk.store\/wp-content\/uploads\/2026\/03\/cropped-TRUUSK.png?fit=2032%2C917&ssl=1","width":2032,"height":917,"caption":"TRUUSK - Hem, Tr\u00e4dg\u00e5rd & Fritid"},"image":{"@id":"https:\/\/truusk.store\/sv\/#\/schema\/logo\/image\/"}}]}},"jetpack_sharing_enabled":true,"_links":{"self":[{"href":"https:\/\/truusk.store\/sv\/wp-json\/wp\/v2\/product\/67632","targetHints":{"allow":["GET"]}}],"collection":[{"href":"https:\/\/truusk.store\/sv\/wp-json\/wp\/v2\/product"}],"about":[{"href":"https:\/\/truusk.store\/sv\/wp-json\/wp\/v2\/types\/product"}],"wp:featuredmedia":[{"embeddable":true,"href":"https:\/\/truusk.store\/sv\/wp-json\/wp\/v2\/media\/67623"}],"wp:attachment":[{"href":"https:\/\/truusk.store\/sv\/wp-json\/wp\/v2\/media?parent=67632"}],"wp:term":[{"taxonomy":"product_brand","embeddable":true,"href":"https:\/\/truusk.store\/sv\/wp-json\/wp\/v2\/product_brand?post=67632"},{"taxonomy":"product_cat","embeddable":true,"href":"https:\/\/truusk.store\/sv\/wp-json\/wp\/v2\/product_cat?post=67632"},{"taxonomy":"product_tag","embeddable":true,"href":"https:\/\/truusk.store\/sv\/wp-json\/wp\/v2\/product_tag?post=67632"}],"curies":[{"name":"wp","href":"https:\/\/api.w.org\/{rel}","templated":true}]}}