{"id":67689,"date":"2025-06-05T14:51:42","date_gmt":"2025-06-05T13:51:42","guid":{"rendered":"https:\/\/truusk.store\/product\/campingstol-vikbar-tradgardsstol-med-sidoficka-stalbensstod-fallstol-med-barvaska-for-pool-strand-oxford-svart\/"},"modified":"2026-03-12T09:24:24","modified_gmt":"2026-03-12T08:24:24","slug":"truusk-vikbar-campingstol-med-sidoficka-stalbensstod-fallbar-barvaska-for-pool-strand-oxford-svart","status":"publish","type":"product","link":"https:\/\/truusk.store\/sv\/produkt\/truusk-vikbar-campingstol-med-sidoficka-stalbensstod-fallbar-barvaska-for-pool-strand-oxford-svart\/","title":{"rendered":"TRUUSK Vikbar Campingstol &#8211; Med Sidoficka &#8211; St\u00e5lbensst\u00f6d &#8211; F\u00e4llbar &#8211; B\u00e4rv\u00e4ska &#8211; F\u00f6r Pool, Strand &#8211; Oxford &#8211; Svart"},"content":{"rendered":"<p>Den kompakta TRUUSK-campingstolen \u00e4r idealisk f\u00f6r en m\u00e4ngd aktiviteter: campingutflykter, picknick, festivaler eller att titta p\u00e5 ditt barns sport. Dess st\u00e5lram ger robust st\u00f6d, och tack vare den hopf\u00e4llbara designen \u00e4r den l\u00e4tt att transportera. Tygs\u00e4tet med plastbel\u00e4ggning skyddar mot l\u00e4tt till m\u00e5ttligt v\u00e4der och har en sidoficka i n\u00e4t.<\/p>\n<p>Beskrivning:<\/p>\n<ul>\n<li> Campingstolen \u00e4r hopf\u00e4llbar &#8211; l\u00e4tt att flytta och b\u00e4ra. V\u00e4ska ing\u00e5r<\/li>\n<li> St\u00e5lram f\u00f6r st\u00f6d vid sittning<\/li>\n<li> Tygsits: bekv\u00e4m att sitta p\u00e5, med skyddande PVC-bel\u00e4ggning<\/li>\n<li> Halkfria fotdynor<\/li>\n<li> Praktisk sidoficka i n\u00e4t<\/li>\n<li> Maximal belastning 110 kg<\/li>\n<\/ul>\n<p> Tekniska data:<\/p>\n<ul>\n<li> F\u00e4rg: Svart<\/li>\n<li> Material: Oxford, St\u00e5l<\/li>\n<li> Totala dimensioner: 61L x 54B x 66H cm<\/li>\n<li> Hopf\u00e4llda dimensioner: 66L x 16B x 15H cm<\/li>\n<li> Sitsstorlek: 39B x 40T x 30H cm<\/li>\n<li> Ryggstorlek: 52L x 39B cm<\/li>\n<li> Max belastning: 110 kg<\/li>\n<\/ul>\n<p>Leveransinneh\u00e5ll:<\/p>\n<ul>\n<li> 1 x Campingstol<\/li>\n<li> 1 x B\u00e4rp\u00e5se<\/li>\n<li> 1 x Bruksanvisning<\/li>\n<\/ul>\n","protected":false},"excerpt":{"rendered":"<p>Den kompakta TRUUSK-campingstolen \u00e4r idealisk f\u00f6r en m\u00e4ngd aktiviteter: campingutflykter, picknick, festivaler eller att titta p\u00e5 ditt barns sport. Dess&#8230;<\/p>\n","protected":false},"featured_media":67680,"template":"","meta":[],"product_brand":[],"product_cat":[648,461,647],"product_tag":[],"class_list":{"0":"post-67689","1":"product","2":"type-product","3":"status-publish","4":"has-post-thumbnail","6":"product_cat-camping-tillbehor","7":"product_cat-camping-stolar","8":"product_cat-sport-fritid","10":"first","11":"instock","12":"sale","13":"taxable","14":"shipping-taxable","15":"purchasable","16":"product-type-simple"},"yoast_head":"<!-- This site is optimized with the Yoast SEO plugin v25.4 - https:\/\/yoast.com\/wordpress\/plugins\/seo\/ -->\n<title>TRUUSK Vikbar Campingstol - Med Sidoficka - St\u00e5lbensst\u00f6d - F\u00e4llbar - B\u00e4rv\u00e4ska - F\u00f6r Pool, Strand - Oxford - Svart - TRUUSK - Hem, Tr\u00e4dg\u00e5rd &amp; Fritid<\/title>\n<meta name=\"robots\" content=\"index, follow, max-snippet:-1, max-image-preview:large, max-video-preview:-1\" \/>\n<link rel=\"canonical\" href=\"https:\/\/truusk.store\/sv\/produkt\/truusk-vikbar-campingstol-med-sidoficka-stalbensstod-fallbar-barvaska-for-pool-strand-oxford-svart\/\" \/>\n<meta property=\"og:locale\" content=\"sv_SE\" \/>\n<meta property=\"og:type\" content=\"article\" \/>\n<meta property=\"og:title\" content=\"TRUUSK Vikbar Campingstol - Med Sidoficka - St\u00e5lbensst\u00f6d - F\u00e4llbar - B\u00e4rv\u00e4ska - F\u00f6r Pool, Strand - Oxford - Svart - TRUUSK - Hem, Tr\u00e4dg\u00e5rd &amp; Fritid\" \/>\n<meta property=\"og:description\" content=\"Den kompakta TRUUSK-campingstolen \u00e4r idealisk f\u00f6r en m\u00e4ngd aktiviteter: campingutflykter, picknick, festivaler eller att titta p\u00e5 ditt barns sport. Dess...\" \/>\n<meta property=\"og:url\" content=\"https:\/\/truusk.store\/sv\/produkt\/truusk-vikbar-campingstol-med-sidoficka-stalbensstod-fallbar-barvaska-for-pool-strand-oxford-svart\/\" \/>\n<meta property=\"og:site_name\" content=\"TRUUSK - Hem, Tr\u00e4dg\u00e5rd &amp; Fritid\" \/>\n<meta property=\"article:modified_time\" content=\"2026-03-12T08:24:24+00:00\" \/>\n<meta property=\"og:image\" content=\"https:\/\/i0.wp.com\/truusk.se\/wp-content\/uploads\/2025\/06\/campingstol-vikbar-tradgardsstol-med-sidoficka-stalbensstod-fallstol-med-barvaska-for-pool-strand-oxford-svart-1.webp?fit=2000%2C2000&ssl=1\" \/>\n\t<meta property=\"og:image:width\" content=\"2000\" \/>\n\t<meta property=\"og:image:height\" content=\"2000\" \/>\n\t<meta property=\"og:image:type\" content=\"image\/webp\" \/>\n<meta name=\"twitter:card\" content=\"summary_large_image\" \/>\n<meta name=\"twitter:label1\" content=\"Ber\u00e4knad l\u00e4stid\" \/>\n\t<meta name=\"twitter:data1\" content=\"1 minut\" \/>\n<!-- \/ Yoast SEO plugin. -->","yoast_head_json":{"title":"TRUUSK Vikbar Campingstol - Med Sidoficka - St\u00e5lbensst\u00f6d - F\u00e4llbar - B\u00e4rv\u00e4ska - F\u00f6r Pool, Strand - Oxford - Svart - TRUUSK - Hem, Tr\u00e4dg\u00e5rd &amp; Fritid","robots":{"index":"index","follow":"follow","max-snippet":"max-snippet:-1","max-image-preview":"max-image-preview:large","max-video-preview":"max-video-preview:-1"},"canonical":"https:\/\/truusk.store\/sv\/produkt\/truusk-vikbar-campingstol-med-sidoficka-stalbensstod-fallbar-barvaska-for-pool-strand-oxford-svart\/","og_locale":"sv_SE","og_type":"article","og_title":"TRUUSK Vikbar Campingstol - Med Sidoficka - St\u00e5lbensst\u00f6d - F\u00e4llbar - B\u00e4rv\u00e4ska - F\u00f6r Pool, Strand - Oxford - Svart - TRUUSK - Hem, Tr\u00e4dg\u00e5rd &amp; Fritid","og_description":"Den kompakta TRUUSK-campingstolen \u00e4r idealisk f\u00f6r en m\u00e4ngd aktiviteter: campingutflykter, picknick, festivaler eller att titta p\u00e5 ditt barns sport. Dess...","og_url":"https:\/\/truusk.store\/sv\/produkt\/truusk-vikbar-campingstol-med-sidoficka-stalbensstod-fallbar-barvaska-for-pool-strand-oxford-svart\/","og_site_name":"TRUUSK - Hem, Tr\u00e4dg\u00e5rd &amp; Fritid","article_modified_time":"2026-03-12T08:24:24+00:00","og_image":[{"width":2000,"height":2000,"url":"https:\/\/i0.wp.com\/truusk.se\/wp-content\/uploads\/2025\/06\/campingstol-vikbar-tradgardsstol-med-sidoficka-stalbensstod-fallstol-med-barvaska-for-pool-strand-oxford-svart-1.webp?fit=2000%2C2000&ssl=1","type":"image\/webp"}],"twitter_card":"summary_large_image","twitter_misc":{"Ber\u00e4knad l\u00e4stid":"1 minut"},"schema":{"@context":"https:\/\/schema.org","@graph":[{"@type":"WebPage","@id":"https:\/\/truusk.store\/sv\/produkt\/truusk-vikbar-campingstol-med-sidoficka-stalbensstod-fallbar-barvaska-for-pool-strand-oxford-svart\/","url":"https:\/\/truusk.store\/sv\/produkt\/truusk-vikbar-campingstol-med-sidoficka-stalbensstod-fallbar-barvaska-for-pool-strand-oxford-svart\/","name":"TRUUSK Vikbar Campingstol - Med Sidoficka - St\u00e5lbensst\u00f6d - F\u00e4llbar - B\u00e4rv\u00e4ska - F\u00f6r Pool, Strand - Oxford - Svart - TRUUSK - Hem, Tr\u00e4dg\u00e5rd &amp; Fritid","isPartOf":{"@id":"https:\/\/truusk.store\/sv\/#website"},"primaryImageOfPage":{"@id":"https:\/\/truusk.store\/sv\/produkt\/truusk-vikbar-campingstol-med-sidoficka-stalbensstod-fallbar-barvaska-for-pool-strand-oxford-svart\/#primaryimage"},"image":{"@id":"https:\/\/truusk.store\/sv\/produkt\/truusk-vikbar-campingstol-med-sidoficka-stalbensstod-fallbar-barvaska-for-pool-strand-oxford-svart\/#primaryimage"},"thumbnailUrl":"https:\/\/i0.wp.com\/truusk.store\/wp-content\/uploads\/2025\/06\/campingstol-vikbar-tradgardsstol-med-sidoficka-stalbensstod-fallstol-med-barvaska-for-pool-strand-oxford-svart-1.webp?fit=2000%2C2000&ssl=1","datePublished":"2025-06-05T13:51:42+00:00","dateModified":"2026-03-12T08:24:24+00:00","breadcrumb":{"@id":"https:\/\/truusk.store\/sv\/produkt\/truusk-vikbar-campingstol-med-sidoficka-stalbensstod-fallbar-barvaska-for-pool-strand-oxford-svart\/#breadcrumb"},"inLanguage":"sv-SE","potentialAction":[{"@type":"ReadAction","target":["https:\/\/truusk.store\/sv\/produkt\/truusk-vikbar-campingstol-med-sidoficka-stalbensstod-fallbar-barvaska-for-pool-strand-oxford-svart\/"]}]},{"@type":"ImageObject","inLanguage":"sv-SE","@id":"https:\/\/truusk.store\/sv\/produkt\/truusk-vikbar-campingstol-med-sidoficka-stalbensstod-fallbar-barvaska-for-pool-strand-oxford-svart\/#primaryimage","url":"https:\/\/i0.wp.com\/truusk.store\/wp-content\/uploads\/2025\/06\/campingstol-vikbar-tradgardsstol-med-sidoficka-stalbensstod-fallstol-med-barvaska-for-pool-strand-oxford-svart-1.webp?fit=2000%2C2000&ssl=1","contentUrl":"https:\/\/i0.wp.com\/truusk.store\/wp-content\/uploads\/2025\/06\/campingstol-vikbar-tradgardsstol-med-sidoficka-stalbensstod-fallstol-med-barvaska-for-pool-strand-oxford-svart-1.webp?fit=2000%2C2000&ssl=1","width":2000,"height":2000},{"@type":"BreadcrumbList","@id":"https:\/\/truusk.store\/sv\/produkt\/truusk-vikbar-campingstol-med-sidoficka-stalbensstod-fallbar-barvaska-for-pool-strand-oxford-svart\/#breadcrumb","itemListElement":[{"@type":"ListItem","position":1,"name":"Home","item":"https:\/\/truusk.store\/sv\/"},{"@type":"ListItem","position":2,"name":"Shop","item":"https:\/\/truusk.store\/shop\/"},{"@type":"ListItem","position":3,"name":"TRUUSK Vikbar Campingstol &#8211; Med Sidoficka &#8211; St\u00e5lbensst\u00f6d &#8211; F\u00e4llbar &#8211; B\u00e4rv\u00e4ska &#8211; F\u00f6r Pool, Strand &#8211; Oxford &#8211; Svart"}]},{"@type":"WebSite","@id":"https:\/\/truusk.store\/sv\/#website","url":"https:\/\/truusk.store\/sv\/","name":"TRUUSK - Hem, Tr\u00e4dg\u00e5rd & Fritid","description":"","publisher":{"@id":"https:\/\/truusk.store\/sv\/#organization"},"potentialAction":[{"@type":"SearchAction","target":{"@type":"EntryPoint","urlTemplate":"https:\/\/truusk.store\/sv\/?s={search_term_string}"},"query-input":{"@type":"PropertyValueSpecification","valueRequired":true,"valueName":"search_term_string"}}],"inLanguage":"sv-SE"},{"@type":"Organization","@id":"https:\/\/truusk.store\/sv\/#organization","name":"TRUUSK - Hem, Tr\u00e4dg\u00e5rd & Fritid","url":"https:\/\/truusk.store\/sv\/","logo":{"@type":"ImageObject","inLanguage":"sv-SE","@id":"https:\/\/truusk.store\/sv\/#\/schema\/logo\/image\/","url":"https:\/\/i0.wp.com\/truusk.store\/wp-content\/uploads\/2026\/03\/cropped-TRUUSK.png?fit=2032%2C917&ssl=1","contentUrl":"https:\/\/i0.wp.com\/truusk.store\/wp-content\/uploads\/2026\/03\/cropped-TRUUSK.png?fit=2032%2C917&ssl=1","width":2032,"height":917,"caption":"TRUUSK - Hem, Tr\u00e4dg\u00e5rd & Fritid"},"image":{"@id":"https:\/\/truusk.store\/sv\/#\/schema\/logo\/image\/"}}]}},"jetpack_sharing_enabled":true,"_links":{"self":[{"href":"https:\/\/truusk.store\/sv\/wp-json\/wp\/v2\/product\/67689","targetHints":{"allow":["GET"]}}],"collection":[{"href":"https:\/\/truusk.store\/sv\/wp-json\/wp\/v2\/product"}],"about":[{"href":"https:\/\/truusk.store\/sv\/wp-json\/wp\/v2\/types\/product"}],"wp:featuredmedia":[{"embeddable":true,"href":"https:\/\/truusk.store\/sv\/wp-json\/wp\/v2\/media\/67680"}],"wp:attachment":[{"href":"https:\/\/truusk.store\/sv\/wp-json\/wp\/v2\/media?parent=67689"}],"wp:term":[{"taxonomy":"product_brand","embeddable":true,"href":"https:\/\/truusk.store\/sv\/wp-json\/wp\/v2\/product_brand?post=67689"},{"taxonomy":"product_cat","embeddable":true,"href":"https:\/\/truusk.store\/sv\/wp-json\/wp\/v2\/product_cat?post=67689"},{"taxonomy":"product_tag","embeddable":true,"href":"https:\/\/truusk.store\/sv\/wp-json\/wp\/v2\/product_tag?post=67689"}],"curies":[{"name":"wp","href":"https:\/\/api.w.org\/{rel}","templated":true}]}}