{"id":67709,"date":"2025-06-05T14:53:40","date_gmt":"2025-06-05T13:53:40","guid":{"rendered":"https:\/\/truusk.store\/product\/campingstol-2-pack-vikbar-tradgardsstol-med-stalram-trautseende-hopfallbar-stol-for-pool-strand-oxford-morkgra\/"},"modified":"2026-03-12T09:37:32","modified_gmt":"2026-03-12T08:37:32","slug":"truusk-2-pack-hopfallbara-campingstolar-stalram-trautseende-for-pool-strand-morkgra","status":"publish","type":"product","link":"https:\/\/truusk.store\/sv\/produkt\/truusk-2-pack-hopfallbara-campingstolar-stalram-trautseende-for-pool-strand-morkgra\/","title":{"rendered":"TRUUSK 2-pack Hopf\u00e4llbara Campingstolar &#8211; St\u00e5lram &#8211; Tr\u00e4utseende &#8211; F\u00f6r Pool, Strand &#8211; M\u00f6rkgr\u00e5"},"content":{"rendered":"<p>Ta med dig din bekv\u00e4ma stol \u00f6verallt, tack vare en snabbt hopf\u00e4llbar design och ett praktiskt b\u00e4rhandtag som f\u00f6renklar resandet. Den har en greppv\u00e4nlig, metallisk yta och v\u00e4ger bara cirka 2,7 kg. Den robusta konstruktionen av starkt st\u00e5lstomme garanterar en tjock, belastningsbar sp\u00e4nning och s\u00e4ker st\u00e5nd. Njut av avkopplande stunder med tr\u00e4dg\u00e5rdsstolarna fr\u00e5n TRUUSK.<\/p>\n<p>Beskrivning:<\/p>\n<ul>\n<li> 2-pack<\/li>\n<li> Snabbt hopf\u00e4llbar till en l\u00e4tt b\u00e4rbar stil med ett b\u00e4rhandtag upptill<\/li>\n<li> L\u00e4ttvikt p\u00e5 2,7 kg f\u00f6r mindre anstr\u00e4ngande resor<\/li>\n<li> H\u00e5llbart, starkt st\u00e5lst\u00f6dsystem f\u00f6r upp till 130 kg<\/li>\n<li> Robust och slitstarkt, tungt Oxford-tyg \u00e4r slitstarkt, rivbest\u00e4ndigt, \u00e5ldersbest\u00e4ndigt och UV-best\u00e4ndigt<\/li>\n<\/ul>\n<p> Tekniska data:<\/p>\n<ul>\n<li> F\u00e4rg: M\u00f6rkgr\u00e5<\/li>\n<li> Material: Oxford, St\u00e5l<\/li>\n<li> Totala dimensioner: 54L x 59B x 78H cm<\/li>\n<li> Hopf\u00e4llda dimensioner: 71L x 53B x 6H cm<\/li>\n<li> Sitsstorlek: 47B x 36T x 39H cm<\/li>\n<li> Maximal belastning: 130 kg<\/li>\n<\/ul>\n<p>Leveransinneh\u00e5ll:<\/p>\n<ul>\n<li> 2 x b\u00e4rbara campingstolar<\/li>\n<li> 1 x handbok<\/li>\n<\/ul>\n","protected":false},"excerpt":{"rendered":"<p>Ta med dig din bekv\u00e4ma stol \u00f6verallt, tack vare en snabbt hopf\u00e4llbar design och ett praktiskt b\u00e4rhandtag som f\u00f6renklar resandet&#8230;.<\/p>\n","protected":false},"featured_media":67700,"template":"","meta":[],"product_brand":[],"product_cat":[648,461,647],"product_tag":[],"class_list":{"0":"post-67709","1":"product","2":"type-product","3":"status-publish","4":"has-post-thumbnail","6":"product_cat-camping-tillbehor","7":"product_cat-camping-stolar","8":"product_cat-sport-fritid","10":"first","11":"instock","12":"sale","13":"taxable","14":"shipping-taxable","15":"purchasable","16":"product-type-simple"},"yoast_head":"<!-- This site is optimized with the Yoast SEO plugin v25.4 - https:\/\/yoast.com\/wordpress\/plugins\/seo\/ -->\n<title>TRUUSK 2-pack Hopf\u00e4llbara Campingstolar - St\u00e5lram - Tr\u00e4utseende - F\u00f6r Pool, Strand - M\u00f6rkgr\u00e5 - TRUUSK - Hem, Tr\u00e4dg\u00e5rd &amp; Fritid<\/title>\n<meta name=\"robots\" content=\"index, follow, max-snippet:-1, max-image-preview:large, max-video-preview:-1\" \/>\n<link rel=\"canonical\" href=\"https:\/\/truusk.store\/sv\/produkt\/truusk-2-pack-hopfallbara-campingstolar-stalram-trautseende-for-pool-strand-morkgra\/\" \/>\n<meta property=\"og:locale\" content=\"sv_SE\" \/>\n<meta property=\"og:type\" content=\"article\" \/>\n<meta property=\"og:title\" content=\"TRUUSK 2-pack Hopf\u00e4llbara Campingstolar - St\u00e5lram - Tr\u00e4utseende - F\u00f6r Pool, Strand - M\u00f6rkgr\u00e5 - TRUUSK - Hem, Tr\u00e4dg\u00e5rd &amp; Fritid\" \/>\n<meta property=\"og:description\" content=\"Ta med dig din bekv\u00e4ma stol \u00f6verallt, tack vare en snabbt hopf\u00e4llbar design och ett praktiskt b\u00e4rhandtag som f\u00f6renklar resandet....\" \/>\n<meta property=\"og:url\" content=\"https:\/\/truusk.store\/sv\/produkt\/truusk-2-pack-hopfallbara-campingstolar-stalram-trautseende-for-pool-strand-morkgra\/\" \/>\n<meta property=\"og:site_name\" content=\"TRUUSK - Hem, Tr\u00e4dg\u00e5rd &amp; Fritid\" \/>\n<meta property=\"article:modified_time\" content=\"2026-03-12T08:37:32+00:00\" \/>\n<meta property=\"og:image\" content=\"https:\/\/i0.wp.com\/truusk.se\/wp-content\/uploads\/2025\/06\/campingstol-2-pack-vikbar-tradgardsstol-med-stalram-trautseende-hopfallbar-stol-for-pool-strand-oxford-morkgra-1.webp?fit=2000%2C2000&ssl=1\" \/>\n\t<meta property=\"og:image:width\" content=\"2000\" \/>\n\t<meta property=\"og:image:height\" content=\"2000\" \/>\n\t<meta property=\"og:image:type\" content=\"image\/webp\" \/>\n<meta name=\"twitter:card\" content=\"summary_large_image\" \/>\n<meta name=\"twitter:label1\" content=\"Ber\u00e4knad l\u00e4stid\" \/>\n\t<meta name=\"twitter:data1\" content=\"1 minut\" \/>\n<!-- \/ Yoast SEO plugin. -->","yoast_head_json":{"title":"TRUUSK 2-pack Hopf\u00e4llbara Campingstolar - St\u00e5lram - Tr\u00e4utseende - F\u00f6r Pool, Strand - M\u00f6rkgr\u00e5 - TRUUSK - Hem, Tr\u00e4dg\u00e5rd &amp; Fritid","robots":{"index":"index","follow":"follow","max-snippet":"max-snippet:-1","max-image-preview":"max-image-preview:large","max-video-preview":"max-video-preview:-1"},"canonical":"https:\/\/truusk.store\/sv\/produkt\/truusk-2-pack-hopfallbara-campingstolar-stalram-trautseende-for-pool-strand-morkgra\/","og_locale":"sv_SE","og_type":"article","og_title":"TRUUSK 2-pack Hopf\u00e4llbara Campingstolar - St\u00e5lram - Tr\u00e4utseende - F\u00f6r Pool, Strand - M\u00f6rkgr\u00e5 - TRUUSK - Hem, Tr\u00e4dg\u00e5rd &amp; Fritid","og_description":"Ta med dig din bekv\u00e4ma stol \u00f6verallt, tack vare en snabbt hopf\u00e4llbar design och ett praktiskt b\u00e4rhandtag som f\u00f6renklar resandet....","og_url":"https:\/\/truusk.store\/sv\/produkt\/truusk-2-pack-hopfallbara-campingstolar-stalram-trautseende-for-pool-strand-morkgra\/","og_site_name":"TRUUSK - Hem, Tr\u00e4dg\u00e5rd &amp; Fritid","article_modified_time":"2026-03-12T08:37:32+00:00","og_image":[{"width":2000,"height":2000,"url":"https:\/\/i0.wp.com\/truusk.se\/wp-content\/uploads\/2025\/06\/campingstol-2-pack-vikbar-tradgardsstol-med-stalram-trautseende-hopfallbar-stol-for-pool-strand-oxford-morkgra-1.webp?fit=2000%2C2000&ssl=1","type":"image\/webp"}],"twitter_card":"summary_large_image","twitter_misc":{"Ber\u00e4knad l\u00e4stid":"1 minut"},"schema":{"@context":"https:\/\/schema.org","@graph":[{"@type":"WebPage","@id":"https:\/\/truusk.store\/sv\/produkt\/truusk-2-pack-hopfallbara-campingstolar-stalram-trautseende-for-pool-strand-morkgra\/","url":"https:\/\/truusk.store\/sv\/produkt\/truusk-2-pack-hopfallbara-campingstolar-stalram-trautseende-for-pool-strand-morkgra\/","name":"TRUUSK 2-pack Hopf\u00e4llbara Campingstolar - St\u00e5lram - Tr\u00e4utseende - F\u00f6r Pool, Strand - M\u00f6rkgr\u00e5 - TRUUSK - Hem, Tr\u00e4dg\u00e5rd &amp; Fritid","isPartOf":{"@id":"https:\/\/truusk.store\/sv\/#website"},"primaryImageOfPage":{"@id":"https:\/\/truusk.store\/sv\/produkt\/truusk-2-pack-hopfallbara-campingstolar-stalram-trautseende-for-pool-strand-morkgra\/#primaryimage"},"image":{"@id":"https:\/\/truusk.store\/sv\/produkt\/truusk-2-pack-hopfallbara-campingstolar-stalram-trautseende-for-pool-strand-morkgra\/#primaryimage"},"thumbnailUrl":"https:\/\/i0.wp.com\/truusk.store\/wp-content\/uploads\/2025\/06\/campingstol-2-pack-vikbar-tradgardsstol-med-stalram-trautseende-hopfallbar-stol-for-pool-strand-oxford-morkgra-1.webp?fit=2000%2C2000&ssl=1","datePublished":"2025-06-05T13:53:40+00:00","dateModified":"2026-03-12T08:37:32+00:00","breadcrumb":{"@id":"https:\/\/truusk.store\/sv\/produkt\/truusk-2-pack-hopfallbara-campingstolar-stalram-trautseende-for-pool-strand-morkgra\/#breadcrumb"},"inLanguage":"sv-SE","potentialAction":[{"@type":"ReadAction","target":["https:\/\/truusk.store\/sv\/produkt\/truusk-2-pack-hopfallbara-campingstolar-stalram-trautseende-for-pool-strand-morkgra\/"]}]},{"@type":"ImageObject","inLanguage":"sv-SE","@id":"https:\/\/truusk.store\/sv\/produkt\/truusk-2-pack-hopfallbara-campingstolar-stalram-trautseende-for-pool-strand-morkgra\/#primaryimage","url":"https:\/\/i0.wp.com\/truusk.store\/wp-content\/uploads\/2025\/06\/campingstol-2-pack-vikbar-tradgardsstol-med-stalram-trautseende-hopfallbar-stol-for-pool-strand-oxford-morkgra-1.webp?fit=2000%2C2000&ssl=1","contentUrl":"https:\/\/i0.wp.com\/truusk.store\/wp-content\/uploads\/2025\/06\/campingstol-2-pack-vikbar-tradgardsstol-med-stalram-trautseende-hopfallbar-stol-for-pool-strand-oxford-morkgra-1.webp?fit=2000%2C2000&ssl=1","width":2000,"height":2000},{"@type":"BreadcrumbList","@id":"https:\/\/truusk.store\/sv\/produkt\/truusk-2-pack-hopfallbara-campingstolar-stalram-trautseende-for-pool-strand-morkgra\/#breadcrumb","itemListElement":[{"@type":"ListItem","position":1,"name":"Home","item":"https:\/\/truusk.store\/sv\/"},{"@type":"ListItem","position":2,"name":"Shop","item":"https:\/\/truusk.store\/shop\/"},{"@type":"ListItem","position":3,"name":"TRUUSK 2-pack Hopf\u00e4llbara Campingstolar &#8211; St\u00e5lram &#8211; Tr\u00e4utseende &#8211; F\u00f6r Pool, Strand &#8211; M\u00f6rkgr\u00e5"}]},{"@type":"WebSite","@id":"https:\/\/truusk.store\/sv\/#website","url":"https:\/\/truusk.store\/sv\/","name":"TRUUSK - Hem, Tr\u00e4dg\u00e5rd & Fritid","description":"","publisher":{"@id":"https:\/\/truusk.store\/sv\/#organization"},"potentialAction":[{"@type":"SearchAction","target":{"@type":"EntryPoint","urlTemplate":"https:\/\/truusk.store\/sv\/?s={search_term_string}"},"query-input":{"@type":"PropertyValueSpecification","valueRequired":true,"valueName":"search_term_string"}}],"inLanguage":"sv-SE"},{"@type":"Organization","@id":"https:\/\/truusk.store\/sv\/#organization","name":"TRUUSK - Hem, Tr\u00e4dg\u00e5rd & Fritid","url":"https:\/\/truusk.store\/sv\/","logo":{"@type":"ImageObject","inLanguage":"sv-SE","@id":"https:\/\/truusk.store\/sv\/#\/schema\/logo\/image\/","url":"https:\/\/i0.wp.com\/truusk.store\/wp-content\/uploads\/2026\/03\/cropped-TRUUSK.png?fit=2032%2C917&ssl=1","contentUrl":"https:\/\/i0.wp.com\/truusk.store\/wp-content\/uploads\/2026\/03\/cropped-TRUUSK.png?fit=2032%2C917&ssl=1","width":2032,"height":917,"caption":"TRUUSK - Hem, Tr\u00e4dg\u00e5rd & Fritid"},"image":{"@id":"https:\/\/truusk.store\/sv\/#\/schema\/logo\/image\/"}}]}},"jetpack_sharing_enabled":true,"_links":{"self":[{"href":"https:\/\/truusk.store\/sv\/wp-json\/wp\/v2\/product\/67709","targetHints":{"allow":["GET"]}}],"collection":[{"href":"https:\/\/truusk.store\/sv\/wp-json\/wp\/v2\/product"}],"about":[{"href":"https:\/\/truusk.store\/sv\/wp-json\/wp\/v2\/types\/product"}],"wp:featuredmedia":[{"embeddable":true,"href":"https:\/\/truusk.store\/sv\/wp-json\/wp\/v2\/media\/67700"}],"wp:attachment":[{"href":"https:\/\/truusk.store\/sv\/wp-json\/wp\/v2\/media?parent=67709"}],"wp:term":[{"taxonomy":"product_brand","embeddable":true,"href":"https:\/\/truusk.store\/sv\/wp-json\/wp\/v2\/product_brand?post=67709"},{"taxonomy":"product_cat","embeddable":true,"href":"https:\/\/truusk.store\/sv\/wp-json\/wp\/v2\/product_cat?post=67709"},{"taxonomy":"product_tag","embeddable":true,"href":"https:\/\/truusk.store\/sv\/wp-json\/wp\/v2\/product_tag?post=67709"}],"curies":[{"name":"wp","href":"https:\/\/api.w.org\/{rel}","templated":true}]}}