{"id":67739,"date":"2025-06-05T14:56:46","date_gmt":"2025-06-05T13:56:46","guid":{"rendered":"https:\/\/truusk.store\/product\/2-i-1-hundgunga-hundagilitygunga-i-tra-hundagilityramp-for-sma-medelstora-hundar-under-15-kg-for-balans-sjalvfortroende-80-x-395-x-20-cm-naturligt-tra\/"},"modified":"2026-03-12T09:46:36","modified_gmt":"2026-03-12T08:46:36","slug":"truusk-2-i-1-hundgunga-och-agilityramp-i-tra-for-sma-och-medelstora-hundar-for-balans-och-sjalvfortroende-naturligt-tra","status":"publish","type":"product","link":"https:\/\/truusk.store\/sv\/produkt\/truusk-2-i-1-hundgunga-och-agilityramp-i-tra-for-sma-och-medelstora-hundar-for-balans-och-sjalvfortroende-naturligt-tra\/","title":{"rendered":"TRUUSK 2-i-1 Hundgunga och Agilityramp i Tr\u00e4 &#8211; F\u00f6r Sm\u00e5 och Medelstora Hundar &#8211; F\u00f6r Balans och Sj\u00e4lvf\u00f6rtroende &#8211; Naturligt Tr\u00e4 &#8211;"},"content":{"rendered":"<p>Upplev spelgl\u00e4dje och st\u00f6d f\u00f6r din fyrbenta v\u00e4n med TRUUSK hundagilitetsramp! 2-i-1-konstruktionen av hundgungan fungerar b\u00e5de som en dynamisk hundgunga och som en hj\u00e4lpsam hundtrappa, idealisk f\u00f6r \u00e4ldre eller sjuka hundar. Den mjuka, halkfria mattbel\u00e4ggningen p\u00e5 hundgungan garanterar komfort och s\u00e4kerhet, skonar lederna och f\u00f6rb\u00e4ttrar balans och smidighet.<\/p>\n<p>Beskrivning:<\/p>\n<ul>\n<li> 2-i-1-designen av hundgungan fungerar b\u00e5de som en gunga och som en trappa<\/li>\n<li> Speciellt designad f\u00f6r husdjur, s\u00e4rskilt f\u00f6r \u00e4ldre eller sjuka djur<\/li>\n<li> Halkfri mattbel\u00e4ggning p\u00e5 hundgungan skyddar mot belastning p\u00e5 lederna<\/li>\n<li> Tr\u00e4ramen p\u00e5 hundgungan ger stabilitet<\/li>\n<li> L\u00e4mplig f\u00f6r sm\u00e5 till medelstora hundar upp till 15 kg och med en kroppsl\u00e4ngd p\u00e5 40 cm<\/li>\n<li> \u00d6kar husdjurets sj\u00e4lvf\u00f6rtroende, balans och r\u00f6rlighet<\/li>\n<li> Montering kr\u00e4vs.<\/li>\n<\/ul>\n<p> Tekniska data:<\/p>\n<ul>\n<li> F\u00e4rg: Naturtr\u00e4+Svart<\/li>\n<li> Material: Grantr\u00e4, mattmaterial<\/li>\n<li> Totala dimensioner: 80L x 39,5B x 20H cm<\/li>\n<li> Varje steg (nedifr\u00e5n och upp): 76\/48\/20,5L x 35,5B cm<\/li>\n<li> Avst\u00e5nd mellan stegen: 2 cm, 8 cm, 8 cm (nedifr\u00e5n och upp)<\/li>\n<\/ul>\n<p> Leveransinneh\u00e5ll:<\/p>\n<ul>\n<li> 1 x Husdjursagilitetsgunga<\/li>\n<li> 1 x Bruksanvisning<\/li>\n<\/ul>\n","protected":false},"excerpt":{"rendered":"<p>Upplev spelgl\u00e4dje och st\u00f6d f\u00f6r din fyrbenta v\u00e4n med TRUUSK hundagilitetsramp! 2-i-1-konstruktionen av hundgungan fungerar b\u00e5de som en dynamisk hundgunga&#8230;<\/p>\n","protected":false},"featured_media":67730,"template":"","meta":[],"product_brand":[],"product_cat":[578,878,574],"product_tag":[],"class_list":{"0":"post-67739","1":"product","2":"type-product","3":"status-publish","4":"has-post-thumbnail","6":"product_cat-agility-set","7":"product_cat-djurbehov","8":"product_cat-hundtillbehor","10":"first","11":"instock","12":"sale","13":"taxable","14":"shipping-taxable","15":"purchasable","16":"product-type-simple"},"yoast_head":"<!-- This site is optimized with the Yoast SEO plugin v25.4 - https:\/\/yoast.com\/wordpress\/plugins\/seo\/ -->\n<title>TRUUSK 2-i-1 Hundgunga och Agilityramp i Tr\u00e4 - F\u00f6r Sm\u00e5 och Medelstora Hundar - F\u00f6r Balans och Sj\u00e4lvf\u00f6rtroende - Naturligt Tr\u00e4 - TRUUSK - Hem, Tr\u00e4dg\u00e5rd &amp; Fritid<\/title>\n<meta name=\"robots\" content=\"index, follow, max-snippet:-1, max-image-preview:large, max-video-preview:-1\" \/>\n<link rel=\"canonical\" href=\"https:\/\/truusk.store\/sv\/produkt\/truusk-2-i-1-hundgunga-och-agilityramp-i-tra-for-sma-och-medelstora-hundar-for-balans-och-sjalvfortroende-naturligt-tra\/\" \/>\n<meta property=\"og:locale\" content=\"sv_SE\" \/>\n<meta property=\"og:type\" content=\"article\" \/>\n<meta property=\"og:title\" content=\"TRUUSK 2-i-1 Hundgunga och Agilityramp i Tr\u00e4 - F\u00f6r Sm\u00e5 och Medelstora Hundar - F\u00f6r Balans och Sj\u00e4lvf\u00f6rtroende - Naturligt Tr\u00e4 - TRUUSK - Hem, Tr\u00e4dg\u00e5rd &amp; Fritid\" \/>\n<meta property=\"og:description\" content=\"Upplev spelgl\u00e4dje och st\u00f6d f\u00f6r din fyrbenta v\u00e4n med TRUUSK hundagilitetsramp! 2-i-1-konstruktionen av hundgungan fungerar b\u00e5de som en dynamisk hundgunga...\" \/>\n<meta property=\"og:url\" content=\"https:\/\/truusk.store\/sv\/produkt\/truusk-2-i-1-hundgunga-och-agilityramp-i-tra-for-sma-och-medelstora-hundar-for-balans-och-sjalvfortroende-naturligt-tra\/\" \/>\n<meta property=\"og:site_name\" content=\"TRUUSK - Hem, Tr\u00e4dg\u00e5rd &amp; Fritid\" \/>\n<meta property=\"article:modified_time\" content=\"2026-03-12T08:46:36+00:00\" \/>\n<meta property=\"og:image\" content=\"https:\/\/i0.wp.com\/truusk.se\/wp-content\/uploads\/2025\/06\/2-i-1-hundgunga-hundagilitygunga-i-tra-hundagilityramp-for-sma-medelstora-hundar-under-15-kg-for-balans-sjalvfortroende-80-x-395-x-20-cm-naturligt-tra-1.webp?fit=2000%2C2000&ssl=1\" \/>\n\t<meta property=\"og:image:width\" content=\"2000\" \/>\n\t<meta property=\"og:image:height\" content=\"2000\" \/>\n\t<meta property=\"og:image:type\" content=\"image\/webp\" \/>\n<meta name=\"twitter:card\" content=\"summary_large_image\" \/>\n<meta name=\"twitter:label1\" content=\"Ber\u00e4knad l\u00e4stid\" \/>\n\t<meta name=\"twitter:data1\" content=\"1 minut\" \/>\n<!-- \/ Yoast SEO plugin. -->","yoast_head_json":{"title":"TRUUSK 2-i-1 Hundgunga och Agilityramp i Tr\u00e4 - F\u00f6r Sm\u00e5 och Medelstora Hundar - F\u00f6r Balans och Sj\u00e4lvf\u00f6rtroende - Naturligt Tr\u00e4 - TRUUSK - Hem, Tr\u00e4dg\u00e5rd &amp; Fritid","robots":{"index":"index","follow":"follow","max-snippet":"max-snippet:-1","max-image-preview":"max-image-preview:large","max-video-preview":"max-video-preview:-1"},"canonical":"https:\/\/truusk.store\/sv\/produkt\/truusk-2-i-1-hundgunga-och-agilityramp-i-tra-for-sma-och-medelstora-hundar-for-balans-och-sjalvfortroende-naturligt-tra\/","og_locale":"sv_SE","og_type":"article","og_title":"TRUUSK 2-i-1 Hundgunga och Agilityramp i Tr\u00e4 - F\u00f6r Sm\u00e5 och Medelstora Hundar - F\u00f6r Balans och Sj\u00e4lvf\u00f6rtroende - Naturligt Tr\u00e4 - TRUUSK - Hem, Tr\u00e4dg\u00e5rd &amp; Fritid","og_description":"Upplev spelgl\u00e4dje och st\u00f6d f\u00f6r din fyrbenta v\u00e4n med TRUUSK hundagilitetsramp! 2-i-1-konstruktionen av hundgungan fungerar b\u00e5de som en dynamisk hundgunga...","og_url":"https:\/\/truusk.store\/sv\/produkt\/truusk-2-i-1-hundgunga-och-agilityramp-i-tra-for-sma-och-medelstora-hundar-for-balans-och-sjalvfortroende-naturligt-tra\/","og_site_name":"TRUUSK - Hem, Tr\u00e4dg\u00e5rd &amp; Fritid","article_modified_time":"2026-03-12T08:46:36+00:00","og_image":[{"width":2000,"height":2000,"url":"https:\/\/i0.wp.com\/truusk.se\/wp-content\/uploads\/2025\/06\/2-i-1-hundgunga-hundagilitygunga-i-tra-hundagilityramp-for-sma-medelstora-hundar-under-15-kg-for-balans-sjalvfortroende-80-x-395-x-20-cm-naturligt-tra-1.webp?fit=2000%2C2000&ssl=1","type":"image\/webp"}],"twitter_card":"summary_large_image","twitter_misc":{"Ber\u00e4knad l\u00e4stid":"1 minut"},"schema":{"@context":"https:\/\/schema.org","@graph":[{"@type":"WebPage","@id":"https:\/\/truusk.store\/sv\/produkt\/truusk-2-i-1-hundgunga-och-agilityramp-i-tra-for-sma-och-medelstora-hundar-for-balans-och-sjalvfortroende-naturligt-tra\/","url":"https:\/\/truusk.store\/sv\/produkt\/truusk-2-i-1-hundgunga-och-agilityramp-i-tra-for-sma-och-medelstora-hundar-for-balans-och-sjalvfortroende-naturligt-tra\/","name":"TRUUSK 2-i-1 Hundgunga och Agilityramp i Tr\u00e4 - F\u00f6r Sm\u00e5 och Medelstora Hundar - F\u00f6r Balans och Sj\u00e4lvf\u00f6rtroende - Naturligt Tr\u00e4 - TRUUSK - Hem, Tr\u00e4dg\u00e5rd &amp; Fritid","isPartOf":{"@id":"https:\/\/truusk.store\/sv\/#website"},"primaryImageOfPage":{"@id":"https:\/\/truusk.store\/sv\/produkt\/truusk-2-i-1-hundgunga-och-agilityramp-i-tra-for-sma-och-medelstora-hundar-for-balans-och-sjalvfortroende-naturligt-tra\/#primaryimage"},"image":{"@id":"https:\/\/truusk.store\/sv\/produkt\/truusk-2-i-1-hundgunga-och-agilityramp-i-tra-for-sma-och-medelstora-hundar-for-balans-och-sjalvfortroende-naturligt-tra\/#primaryimage"},"thumbnailUrl":"https:\/\/i0.wp.com\/truusk.store\/wp-content\/uploads\/2025\/06\/2-i-1-hundgunga-hundagilitygunga-i-tra-hundagilityramp-for-sma-medelstora-hundar-under-15-kg-for-balans-sjalvfortroende-80-x-395-x-20-cm-naturligt-tra-1.webp?fit=2000%2C2000&ssl=1","datePublished":"2025-06-05T13:56:46+00:00","dateModified":"2026-03-12T08:46:36+00:00","breadcrumb":{"@id":"https:\/\/truusk.store\/sv\/produkt\/truusk-2-i-1-hundgunga-och-agilityramp-i-tra-for-sma-och-medelstora-hundar-for-balans-och-sjalvfortroende-naturligt-tra\/#breadcrumb"},"inLanguage":"sv-SE","potentialAction":[{"@type":"ReadAction","target":["https:\/\/truusk.store\/sv\/produkt\/truusk-2-i-1-hundgunga-och-agilityramp-i-tra-for-sma-och-medelstora-hundar-for-balans-och-sjalvfortroende-naturligt-tra\/"]}]},{"@type":"ImageObject","inLanguage":"sv-SE","@id":"https:\/\/truusk.store\/sv\/produkt\/truusk-2-i-1-hundgunga-och-agilityramp-i-tra-for-sma-och-medelstora-hundar-for-balans-och-sjalvfortroende-naturligt-tra\/#primaryimage","url":"https:\/\/i0.wp.com\/truusk.store\/wp-content\/uploads\/2025\/06\/2-i-1-hundgunga-hundagilitygunga-i-tra-hundagilityramp-for-sma-medelstora-hundar-under-15-kg-for-balans-sjalvfortroende-80-x-395-x-20-cm-naturligt-tra-1.webp?fit=2000%2C2000&ssl=1","contentUrl":"https:\/\/i0.wp.com\/truusk.store\/wp-content\/uploads\/2025\/06\/2-i-1-hundgunga-hundagilitygunga-i-tra-hundagilityramp-for-sma-medelstora-hundar-under-15-kg-for-balans-sjalvfortroende-80-x-395-x-20-cm-naturligt-tra-1.webp?fit=2000%2C2000&ssl=1","width":2000,"height":2000},{"@type":"BreadcrumbList","@id":"https:\/\/truusk.store\/sv\/produkt\/truusk-2-i-1-hundgunga-och-agilityramp-i-tra-for-sma-och-medelstora-hundar-for-balans-och-sjalvfortroende-naturligt-tra\/#breadcrumb","itemListElement":[{"@type":"ListItem","position":1,"name":"Home","item":"https:\/\/truusk.store\/sv\/"},{"@type":"ListItem","position":2,"name":"Shop","item":"https:\/\/truusk.store\/shop\/"},{"@type":"ListItem","position":3,"name":"TRUUSK 2-i-1 Hundgunga och Agilityramp i Tr\u00e4 &#8211; F\u00f6r Sm\u00e5 och Medelstora Hundar &#8211; F\u00f6r Balans och Sj\u00e4lvf\u00f6rtroende &#8211; Naturligt Tr\u00e4 &#8211;"}]},{"@type":"WebSite","@id":"https:\/\/truusk.store\/sv\/#website","url":"https:\/\/truusk.store\/sv\/","name":"TRUUSK - Hem, Tr\u00e4dg\u00e5rd & Fritid","description":"","publisher":{"@id":"https:\/\/truusk.store\/sv\/#organization"},"potentialAction":[{"@type":"SearchAction","target":{"@type":"EntryPoint","urlTemplate":"https:\/\/truusk.store\/sv\/?s={search_term_string}"},"query-input":{"@type":"PropertyValueSpecification","valueRequired":true,"valueName":"search_term_string"}}],"inLanguage":"sv-SE"},{"@type":"Organization","@id":"https:\/\/truusk.store\/sv\/#organization","name":"TRUUSK - Hem, Tr\u00e4dg\u00e5rd & Fritid","url":"https:\/\/truusk.store\/sv\/","logo":{"@type":"ImageObject","inLanguage":"sv-SE","@id":"https:\/\/truusk.store\/sv\/#\/schema\/logo\/image\/","url":"https:\/\/i0.wp.com\/truusk.store\/wp-content\/uploads\/2026\/03\/cropped-TRUUSK.png?fit=2032%2C917&ssl=1","contentUrl":"https:\/\/i0.wp.com\/truusk.store\/wp-content\/uploads\/2026\/03\/cropped-TRUUSK.png?fit=2032%2C917&ssl=1","width":2032,"height":917,"caption":"TRUUSK - Hem, Tr\u00e4dg\u00e5rd & Fritid"},"image":{"@id":"https:\/\/truusk.store\/sv\/#\/schema\/logo\/image\/"}}]}},"jetpack_sharing_enabled":true,"_links":{"self":[{"href":"https:\/\/truusk.store\/sv\/wp-json\/wp\/v2\/product\/67739","targetHints":{"allow":["GET"]}}],"collection":[{"href":"https:\/\/truusk.store\/sv\/wp-json\/wp\/v2\/product"}],"about":[{"href":"https:\/\/truusk.store\/sv\/wp-json\/wp\/v2\/types\/product"}],"wp:featuredmedia":[{"embeddable":true,"href":"https:\/\/truusk.store\/sv\/wp-json\/wp\/v2\/media\/67730"}],"wp:attachment":[{"href":"https:\/\/truusk.store\/sv\/wp-json\/wp\/v2\/media?parent=67739"}],"wp:term":[{"taxonomy":"product_brand","embeddable":true,"href":"https:\/\/truusk.store\/sv\/wp-json\/wp\/v2\/product_brand?post=67739"},{"taxonomy":"product_cat","embeddable":true,"href":"https:\/\/truusk.store\/sv\/wp-json\/wp\/v2\/product_cat?post=67739"},{"taxonomy":"product_tag","embeddable":true,"href":"https:\/\/truusk.store\/sv\/wp-json\/wp\/v2\/product_tag?post=67739"}],"curies":[{"name":"wp","href":"https:\/\/api.w.org\/{rel}","templated":true}]}}