{"id":67759,"date":"2025-06-05T14:58:47","date_gmt":"2025-06-05T13:58:47","guid":{"rendered":"https:\/\/truusk.store\/product\/kontorsstol-med-lutningsfunktion-vadderad-skrivbordsstol-hojdjusterbar-snurrstol-med-fotstod-upp-till-120-kg-belastning-konstlader-for-kontor-arbetsrum-vit\/"},"modified":"2026-03-12T09:44:12","modified_gmt":"2026-03-12T08:44:12","slug":"truusk-kontorsstol-med-lutningsfunktion-vadderad-skrivbordsstol-hojdjusterbar-snurrstol-fotstod-upp-till-120-kg","status":"publish","type":"product","link":"https:\/\/truusk.store\/sv\/produkt\/truusk-kontorsstol-med-lutningsfunktion-vadderad-skrivbordsstol-hojdjusterbar-snurrstol-fotstod-upp-till-120-kg\/","title":{"rendered":"TRUUSK Kontorsstol med Lutningsfunktion &#8211; Vadderad Skrivbordsstol &#8211; H\u00f6jdjusterbar Snurrstol &#8211; Fotst\u00f6d &#8211; Upp till 120 kg"},"content":{"rendered":"<p>Optimera din arbetsplats med TRUUSK snurrstolen med hjul, som genom en gaslyft m\u00f6jligg\u00f6r justering av sitth\u00f6jden fr\u00e5n 49 cm till 59 cm och erbjuder en lutningsfunktion som till\u00e5ter en behaglig gungning under arbetet. Datorstolens tv\u00e5skiktiga kuddar och breda armst\u00f6d i mjukt konstl\u00e4der garanterar komfort och datorstolens konstl\u00e4derhjul glider smidigt p\u00e5 alla typer av golv.<\/p>\n<p>Beskrivning:<\/p>\n<ul>\n<li> Den justerbara sitth\u00f6jden p\u00e5 PC-stolen garanterar optimal inriktning vid skrivbordet<\/li>\n<li> Skrivbordsstolens gaslyft m\u00f6jligg\u00f6r en mjuk och s\u00e4ker h\u00f6jdjustering<\/li>\n<li> Kontorsstolens lutningsfunktion m\u00f6jligg\u00f6r en vagga r\u00f6relse f\u00f6r mer komfort<\/li>\n<li> Dubbelskiktiga kuddar och utflippade armst\u00f6d f\u00f6rb\u00e4ttrar sittkomforten<\/li>\n<li> H\u00f6gkvalitativt konstl\u00e4der \u00e4r l\u00e4tt att underh\u00e5lla<\/li>\n<li> Snurrande sits f\u00f6r smidig 360-graders r\u00f6relse<\/li>\n<li> Konstl\u00e4derhjul glider tyst p\u00e5 olika typer av golv<\/li>\n<li> Montering kr\u00e4vs<\/li>\n<\/ul>\n<p> Tekniska data:<\/p>\n<ul>\n<li> F\u00e4rg: Vit<\/li>\n<li> Material: Konstl\u00e4der, skum, flerskiktsplatta<\/li>\n<li> Totala dimensioner: 65L x 64B x 88-98H cm<\/li>\n<li> Sitsstorlek: 44L x 49B x 49-59H cm<\/li>\n<li> Sitt tjocklek: 11 cm<\/li>\n<li> Ryggstorlek: 45L x 46B cm<\/li>\n<li> Rygg tjocklek: 13 cm<\/li>\n<li> Armst\u00f6dsstorlek: 30L x 10B x 14H cm (h\u00f6jd till sits)<\/li>\n<li> B\u00e4rkapacitet: 120 kg<\/li>\n<\/ul>\n<p>Leveransinneh\u00e5ll:<\/p>\n<ul>\n<li> 1 x Kontorsstol<\/li>\n<li> 1 x Handbok<\/li>\n<\/ul>\n","protected":false},"excerpt":{"rendered":"<p>Optimera din arbetsplats med TRUUSK snurrstolen med hjul, som genom en gaslyft m\u00f6jligg\u00f6r justering av sitth\u00f6jden fr\u00e5n 49 cm till&#8230;<\/p>\n","protected":false},"featured_media":67750,"template":"","meta":[],"product_brand":[],"product_cat":[872,871,516],"product_tag":[],"class_list":{"0":"post-67759","1":"product","2":"type-product","3":"status-publish","4":"has-post-thumbnail","6":"product_cat-hemmakontor-arbetsplats","7":"product_cat-hus-hem","8":"product_cat-kontorsstolar","10":"first","11":"instock","12":"sale","13":"taxable","14":"shipping-taxable","15":"purchasable","16":"product-type-simple"},"yoast_head":"<!-- This site is optimized with the Yoast SEO plugin v25.4 - https:\/\/yoast.com\/wordpress\/plugins\/seo\/ -->\n<title>TRUUSK Kontorsstol med Lutningsfunktion - Vadderad Skrivbordsstol - H\u00f6jdjusterbar Snurrstol - Fotst\u00f6d - Upp till 120 kg - TRUUSK - Hem, Tr\u00e4dg\u00e5rd &amp; Fritid<\/title>\n<meta name=\"robots\" content=\"index, follow, max-snippet:-1, max-image-preview:large, max-video-preview:-1\" \/>\n<link rel=\"canonical\" href=\"https:\/\/truusk.store\/sv\/produkt\/truusk-kontorsstol-med-lutningsfunktion-vadderad-skrivbordsstol-hojdjusterbar-snurrstol-fotstod-upp-till-120-kg\/\" \/>\n<meta property=\"og:locale\" content=\"sv_SE\" \/>\n<meta property=\"og:type\" content=\"article\" \/>\n<meta property=\"og:title\" content=\"TRUUSK Kontorsstol med Lutningsfunktion - Vadderad Skrivbordsstol - H\u00f6jdjusterbar Snurrstol - Fotst\u00f6d - Upp till 120 kg - TRUUSK - Hem, Tr\u00e4dg\u00e5rd &amp; Fritid\" \/>\n<meta property=\"og:description\" content=\"Optimera din arbetsplats med TRUUSK snurrstolen med hjul, som genom en gaslyft m\u00f6jligg\u00f6r justering av sitth\u00f6jden fr\u00e5n 49 cm till...\" \/>\n<meta property=\"og:url\" content=\"https:\/\/truusk.store\/sv\/produkt\/truusk-kontorsstol-med-lutningsfunktion-vadderad-skrivbordsstol-hojdjusterbar-snurrstol-fotstod-upp-till-120-kg\/\" \/>\n<meta property=\"og:site_name\" content=\"TRUUSK - Hem, Tr\u00e4dg\u00e5rd &amp; Fritid\" \/>\n<meta property=\"article:modified_time\" content=\"2026-03-12T08:44:12+00:00\" \/>\n<meta property=\"og:image\" content=\"https:\/\/i0.wp.com\/truusk.se\/wp-content\/uploads\/2025\/06\/kontorsstol-med-lutningsfunktion-vadderad-skrivbordsstol-hojdjusterbar-snurrstol-med-fotstod-upp-till-120-kg-belastning-konstlader-for-kontor-arbetsrum-vit-1.webp?fit=2000%2C2000&ssl=1\" \/>\n\t<meta property=\"og:image:width\" content=\"2000\" \/>\n\t<meta property=\"og:image:height\" content=\"2000\" \/>\n\t<meta property=\"og:image:type\" content=\"image\/webp\" \/>\n<meta name=\"twitter:card\" content=\"summary_large_image\" \/>\n<meta name=\"twitter:label1\" content=\"Ber\u00e4knad l\u00e4stid\" \/>\n\t<meta name=\"twitter:data1\" content=\"1 minut\" \/>\n<!-- \/ Yoast SEO plugin. -->","yoast_head_json":{"title":"TRUUSK Kontorsstol med Lutningsfunktion - Vadderad Skrivbordsstol - H\u00f6jdjusterbar Snurrstol - Fotst\u00f6d - Upp till 120 kg - TRUUSK - Hem, Tr\u00e4dg\u00e5rd &amp; Fritid","robots":{"index":"index","follow":"follow","max-snippet":"max-snippet:-1","max-image-preview":"max-image-preview:large","max-video-preview":"max-video-preview:-1"},"canonical":"https:\/\/truusk.store\/sv\/produkt\/truusk-kontorsstol-med-lutningsfunktion-vadderad-skrivbordsstol-hojdjusterbar-snurrstol-fotstod-upp-till-120-kg\/","og_locale":"sv_SE","og_type":"article","og_title":"TRUUSK Kontorsstol med Lutningsfunktion - Vadderad Skrivbordsstol - H\u00f6jdjusterbar Snurrstol - Fotst\u00f6d - Upp till 120 kg - TRUUSK - Hem, Tr\u00e4dg\u00e5rd &amp; Fritid","og_description":"Optimera din arbetsplats med TRUUSK snurrstolen med hjul, som genom en gaslyft m\u00f6jligg\u00f6r justering av sitth\u00f6jden fr\u00e5n 49 cm till...","og_url":"https:\/\/truusk.store\/sv\/produkt\/truusk-kontorsstol-med-lutningsfunktion-vadderad-skrivbordsstol-hojdjusterbar-snurrstol-fotstod-upp-till-120-kg\/","og_site_name":"TRUUSK - Hem, Tr\u00e4dg\u00e5rd &amp; Fritid","article_modified_time":"2026-03-12T08:44:12+00:00","og_image":[{"width":2000,"height":2000,"url":"https:\/\/i0.wp.com\/truusk.se\/wp-content\/uploads\/2025\/06\/kontorsstol-med-lutningsfunktion-vadderad-skrivbordsstol-hojdjusterbar-snurrstol-med-fotstod-upp-till-120-kg-belastning-konstlader-for-kontor-arbetsrum-vit-1.webp?fit=2000%2C2000&ssl=1","type":"image\/webp"}],"twitter_card":"summary_large_image","twitter_misc":{"Ber\u00e4knad l\u00e4stid":"1 minut"},"schema":{"@context":"https:\/\/schema.org","@graph":[{"@type":"WebPage","@id":"https:\/\/truusk.store\/sv\/produkt\/truusk-kontorsstol-med-lutningsfunktion-vadderad-skrivbordsstol-hojdjusterbar-snurrstol-fotstod-upp-till-120-kg\/","url":"https:\/\/truusk.store\/sv\/produkt\/truusk-kontorsstol-med-lutningsfunktion-vadderad-skrivbordsstol-hojdjusterbar-snurrstol-fotstod-upp-till-120-kg\/","name":"TRUUSK Kontorsstol med Lutningsfunktion - Vadderad Skrivbordsstol - H\u00f6jdjusterbar Snurrstol - Fotst\u00f6d - Upp till 120 kg - TRUUSK - Hem, Tr\u00e4dg\u00e5rd &amp; Fritid","isPartOf":{"@id":"https:\/\/truusk.store\/sv\/#website"},"primaryImageOfPage":{"@id":"https:\/\/truusk.store\/sv\/produkt\/truusk-kontorsstol-med-lutningsfunktion-vadderad-skrivbordsstol-hojdjusterbar-snurrstol-fotstod-upp-till-120-kg\/#primaryimage"},"image":{"@id":"https:\/\/truusk.store\/sv\/produkt\/truusk-kontorsstol-med-lutningsfunktion-vadderad-skrivbordsstol-hojdjusterbar-snurrstol-fotstod-upp-till-120-kg\/#primaryimage"},"thumbnailUrl":"https:\/\/i0.wp.com\/truusk.store\/wp-content\/uploads\/2025\/06\/kontorsstol-med-lutningsfunktion-vadderad-skrivbordsstol-hojdjusterbar-snurrstol-med-fotstod-upp-till-120-kg-belastning-konstlader-for-kontor-arbetsrum-vit-1.webp?fit=2000%2C2000&ssl=1","datePublished":"2025-06-05T13:58:47+00:00","dateModified":"2026-03-12T08:44:12+00:00","breadcrumb":{"@id":"https:\/\/truusk.store\/sv\/produkt\/truusk-kontorsstol-med-lutningsfunktion-vadderad-skrivbordsstol-hojdjusterbar-snurrstol-fotstod-upp-till-120-kg\/#breadcrumb"},"inLanguage":"sv-SE","potentialAction":[{"@type":"ReadAction","target":["https:\/\/truusk.store\/sv\/produkt\/truusk-kontorsstol-med-lutningsfunktion-vadderad-skrivbordsstol-hojdjusterbar-snurrstol-fotstod-upp-till-120-kg\/"]}]},{"@type":"ImageObject","inLanguage":"sv-SE","@id":"https:\/\/truusk.store\/sv\/produkt\/truusk-kontorsstol-med-lutningsfunktion-vadderad-skrivbordsstol-hojdjusterbar-snurrstol-fotstod-upp-till-120-kg\/#primaryimage","url":"https:\/\/i0.wp.com\/truusk.store\/wp-content\/uploads\/2025\/06\/kontorsstol-med-lutningsfunktion-vadderad-skrivbordsstol-hojdjusterbar-snurrstol-med-fotstod-upp-till-120-kg-belastning-konstlader-for-kontor-arbetsrum-vit-1.webp?fit=2000%2C2000&ssl=1","contentUrl":"https:\/\/i0.wp.com\/truusk.store\/wp-content\/uploads\/2025\/06\/kontorsstol-med-lutningsfunktion-vadderad-skrivbordsstol-hojdjusterbar-snurrstol-med-fotstod-upp-till-120-kg-belastning-konstlader-for-kontor-arbetsrum-vit-1.webp?fit=2000%2C2000&ssl=1","width":2000,"height":2000},{"@type":"BreadcrumbList","@id":"https:\/\/truusk.store\/sv\/produkt\/truusk-kontorsstol-med-lutningsfunktion-vadderad-skrivbordsstol-hojdjusterbar-snurrstol-fotstod-upp-till-120-kg\/#breadcrumb","itemListElement":[{"@type":"ListItem","position":1,"name":"Home","item":"https:\/\/truusk.store\/sv\/"},{"@type":"ListItem","position":2,"name":"Shop","item":"https:\/\/truusk.store\/shop\/"},{"@type":"ListItem","position":3,"name":"TRUUSK Kontorsstol med Lutningsfunktion &#8211; Vadderad Skrivbordsstol &#8211; H\u00f6jdjusterbar Snurrstol &#8211; Fotst\u00f6d &#8211; Upp till 120 kg"}]},{"@type":"WebSite","@id":"https:\/\/truusk.store\/sv\/#website","url":"https:\/\/truusk.store\/sv\/","name":"TRUUSK - Hem, Tr\u00e4dg\u00e5rd & Fritid","description":"","publisher":{"@id":"https:\/\/truusk.store\/sv\/#organization"},"potentialAction":[{"@type":"SearchAction","target":{"@type":"EntryPoint","urlTemplate":"https:\/\/truusk.store\/sv\/?s={search_term_string}"},"query-input":{"@type":"PropertyValueSpecification","valueRequired":true,"valueName":"search_term_string"}}],"inLanguage":"sv-SE"},{"@type":"Organization","@id":"https:\/\/truusk.store\/sv\/#organization","name":"TRUUSK - Hem, Tr\u00e4dg\u00e5rd & Fritid","url":"https:\/\/truusk.store\/sv\/","logo":{"@type":"ImageObject","inLanguage":"sv-SE","@id":"https:\/\/truusk.store\/sv\/#\/schema\/logo\/image\/","url":"https:\/\/i0.wp.com\/truusk.store\/wp-content\/uploads\/2026\/03\/cropped-TRUUSK.png?fit=2032%2C917&ssl=1","contentUrl":"https:\/\/i0.wp.com\/truusk.store\/wp-content\/uploads\/2026\/03\/cropped-TRUUSK.png?fit=2032%2C917&ssl=1","width":2032,"height":917,"caption":"TRUUSK - Hem, Tr\u00e4dg\u00e5rd & Fritid"},"image":{"@id":"https:\/\/truusk.store\/sv\/#\/schema\/logo\/image\/"}}]}},"jetpack_sharing_enabled":true,"_links":{"self":[{"href":"https:\/\/truusk.store\/sv\/wp-json\/wp\/v2\/product\/67759","targetHints":{"allow":["GET"]}}],"collection":[{"href":"https:\/\/truusk.store\/sv\/wp-json\/wp\/v2\/product"}],"about":[{"href":"https:\/\/truusk.store\/sv\/wp-json\/wp\/v2\/types\/product"}],"wp:featuredmedia":[{"embeddable":true,"href":"https:\/\/truusk.store\/sv\/wp-json\/wp\/v2\/media\/67750"}],"wp:attachment":[{"href":"https:\/\/truusk.store\/sv\/wp-json\/wp\/v2\/media?parent=67759"}],"wp:term":[{"taxonomy":"product_brand","embeddable":true,"href":"https:\/\/truusk.store\/sv\/wp-json\/wp\/v2\/product_brand?post=67759"},{"taxonomy":"product_cat","embeddable":true,"href":"https:\/\/truusk.store\/sv\/wp-json\/wp\/v2\/product_cat?post=67759"},{"taxonomy":"product_tag","embeddable":true,"href":"https:\/\/truusk.store\/sv\/wp-json\/wp\/v2\/product_tag?post=67759"}],"curies":[{"name":"wp","href":"https:\/\/api.w.org\/{rel}","templated":true}]}}