{"id":67779,"date":"2025-06-05T15:00:43","date_gmt":"2025-06-05T14:00:43","guid":{"rendered":"https:\/\/truusk.store\/product\/nattduksbord-med-lador-sidobord-nattskap-med-hylla-nattduksbord-for-sovrum-vardagsrum-40-x-30-x-46-cm-svart\/"},"modified":"2026-03-12T09:47:03","modified_gmt":"2026-03-12T08:47:03","slug":"truusk-nattduksbord-med-lador-sidobord-med-hylla-for-sovrum-och-vardagsrum-40x30x46-cm-svart","status":"publish","type":"product","link":"https:\/\/truusk.store\/sv\/produkt\/truusk-nattduksbord-med-lador-sidobord-med-hylla-for-sovrum-och-vardagsrum-40x30x46-cm-svart\/","title":{"rendered":"TRUUSK Nattduksbord Med L\u00e5dor &#8211; Sidobord Med Hylla &#8211; F\u00f6r Sovrum och Vardagsrum &#8211; 40x30x46 cm &#8211; Svart"},"content":{"rendered":"<p>Upplev den eleganta stilen med TRUUSK nattduksbord, en perfekt blandning av modern design och praktisk funktionalitet. Dra nytta av en dold l\u00e5da i nattduksbordet f\u00f6r dina privata saker och ett \u00f6ppet lagringsutrymme med partition f\u00f6r b\u00f6cker och dekorationer. Oavsett om det anv\u00e4nds som ett stilfullt nattduksbord eller sidobord, sparar denna m\u00f6bel utrymme och berikar atmosf\u00e4ren i ditt hem.<\/p>\n<p>Beskrivning:<\/p>\n<ul>\n<li> Modern design av nattduksbordet berikar alla samtida rums estetik<\/li>\n<li> Dold l\u00e5da f\u00f6rvarar privata f\u00f6rem\u00e5l diskret och s\u00e4kert<\/li>\n<li> Snedst\u00e4lld botten av nattduksbordet fungerar som ett dolt l\u00e5dhandtag<\/li>\n<li> \u00d6ppet lagringsutrymme med partition organiserar vardagliga f\u00f6rem\u00e5l<\/li>\n<li> Multifunktionell, fungerar som nattduksbord eller soffbord<\/li>\n<li> Kompakt storlek, idealisk f\u00f6r att spara utrymme i sm\u00e5 l\u00e4genheter<\/li>\n<li> Melaminbelagd yta p\u00e5 sp\u00e5nskiva f\u00f6r h\u00e5llbarhet och enkel reng\u00f6ring<\/li>\n<li> Montering kr\u00e4vs<\/li>\n<\/ul>\n<p> Tekniska data:<\/p>\n<ul>\n<li> F\u00e4rg: Svart<\/li>\n<li> Material: Sp\u00e5nskiva<\/li>\n<li> Totala dimensioner: 40L x 30B x 46H cm<\/li>\n<li> Inre storlek p\u00e5 l\u00e5dan: 34,5L x 26B x 3,5H cm<\/li>\n<li> Storlek p\u00e5 det \u00f6ppna facket: 40L x 28,5B x 28H cm<\/li>\n<li> Storlek p\u00e5 den mellersta partitionen: 12T x 27H cm<\/li>\n<li> Avst\u00e5nd fr\u00e5n botten till golvet: 8 cm<\/li>\n<li> B\u00e4rkapacitet: 11 kg (totalt), 5 kg (\u00f6vre\/undre botten), 1 kg (l\u00e5da)<\/li>\n<\/ul>\n<p> Leverans inneh\u00e5ller:<\/p>\n<ul>\n<li> 1 x Nattduksbord<\/li>\n<li> 1 x Handbok<\/li>\n<\/ul>\n","protected":false},"excerpt":{"rendered":"<p>Upplev den eleganta stilen med TRUUSK nattduksbord, en perfekt blandning av modern design och praktisk funktionalitet. Dra nytta av en&#8230;<\/p>\n","protected":false},"featured_media":67770,"template":"","meta":[],"product_brand":[],"product_cat":[871,506,897],"product_tag":[],"class_list":{"0":"post-67779","1":"product","2":"type-product","3":"status-publish","4":"has-post-thumbnail","6":"product_cat-hus-hem","7":"product_cat-nattduksbord","8":"product_cat-sovrum","10":"first","11":"instock","12":"sale","13":"taxable","14":"shipping-taxable","15":"purchasable","16":"product-type-simple"},"yoast_head":"<!-- This site is optimized with the Yoast SEO plugin v25.4 - https:\/\/yoast.com\/wordpress\/plugins\/seo\/ -->\n<title>TRUUSK Nattduksbord Med L\u00e5dor - Sidobord Med Hylla - F\u00f6r Sovrum och Vardagsrum - 40x30x46 cm - Svart - TRUUSK - Hem, Tr\u00e4dg\u00e5rd &amp; Fritid<\/title>\n<meta name=\"robots\" content=\"index, follow, max-snippet:-1, max-image-preview:large, max-video-preview:-1\" \/>\n<link rel=\"canonical\" href=\"https:\/\/truusk.store\/sv\/produkt\/truusk-nattduksbord-med-lador-sidobord-med-hylla-for-sovrum-och-vardagsrum-40x30x46-cm-svart\/\" \/>\n<meta property=\"og:locale\" content=\"sv_SE\" \/>\n<meta property=\"og:type\" content=\"article\" \/>\n<meta property=\"og:title\" content=\"TRUUSK Nattduksbord Med L\u00e5dor - Sidobord Med Hylla - F\u00f6r Sovrum och Vardagsrum - 40x30x46 cm - Svart - TRUUSK - Hem, Tr\u00e4dg\u00e5rd &amp; Fritid\" \/>\n<meta property=\"og:description\" content=\"Upplev den eleganta stilen med TRUUSK nattduksbord, en perfekt blandning av modern design och praktisk funktionalitet. Dra nytta av en...\" \/>\n<meta property=\"og:url\" content=\"https:\/\/truusk.store\/sv\/produkt\/truusk-nattduksbord-med-lador-sidobord-med-hylla-for-sovrum-och-vardagsrum-40x30x46-cm-svart\/\" \/>\n<meta property=\"og:site_name\" content=\"TRUUSK - Hem, Tr\u00e4dg\u00e5rd &amp; Fritid\" \/>\n<meta property=\"article:modified_time\" content=\"2026-03-12T08:47:03+00:00\" \/>\n<meta property=\"og:image\" content=\"https:\/\/i0.wp.com\/truusk.se\/wp-content\/uploads\/2025\/06\/nattduksbord-med-lador-sidobord-nattskap-med-hylla-nattduksbord-for-sovrum-vardagsrum-40-x-30-x-46-cm-svart-1.webp?fit=2000%2C2000&ssl=1\" \/>\n\t<meta property=\"og:image:width\" content=\"2000\" \/>\n\t<meta property=\"og:image:height\" content=\"2000\" \/>\n\t<meta property=\"og:image:type\" content=\"image\/webp\" \/>\n<meta name=\"twitter:card\" content=\"summary_large_image\" \/>\n<meta name=\"twitter:label1\" content=\"Ber\u00e4knad l\u00e4stid\" \/>\n\t<meta name=\"twitter:data1\" content=\"1 minut\" \/>\n<!-- \/ Yoast SEO plugin. -->","yoast_head_json":{"title":"TRUUSK Nattduksbord Med L\u00e5dor - Sidobord Med Hylla - F\u00f6r Sovrum och Vardagsrum - 40x30x46 cm - Svart - TRUUSK - Hem, Tr\u00e4dg\u00e5rd &amp; Fritid","robots":{"index":"index","follow":"follow","max-snippet":"max-snippet:-1","max-image-preview":"max-image-preview:large","max-video-preview":"max-video-preview:-1"},"canonical":"https:\/\/truusk.store\/sv\/produkt\/truusk-nattduksbord-med-lador-sidobord-med-hylla-for-sovrum-och-vardagsrum-40x30x46-cm-svart\/","og_locale":"sv_SE","og_type":"article","og_title":"TRUUSK Nattduksbord Med L\u00e5dor - Sidobord Med Hylla - F\u00f6r Sovrum och Vardagsrum - 40x30x46 cm - Svart - TRUUSK - Hem, Tr\u00e4dg\u00e5rd &amp; Fritid","og_description":"Upplev den eleganta stilen med TRUUSK nattduksbord, en perfekt blandning av modern design och praktisk funktionalitet. Dra nytta av en...","og_url":"https:\/\/truusk.store\/sv\/produkt\/truusk-nattduksbord-med-lador-sidobord-med-hylla-for-sovrum-och-vardagsrum-40x30x46-cm-svart\/","og_site_name":"TRUUSK - Hem, Tr\u00e4dg\u00e5rd &amp; Fritid","article_modified_time":"2026-03-12T08:47:03+00:00","og_image":[{"width":2000,"height":2000,"url":"https:\/\/i0.wp.com\/truusk.se\/wp-content\/uploads\/2025\/06\/nattduksbord-med-lador-sidobord-nattskap-med-hylla-nattduksbord-for-sovrum-vardagsrum-40-x-30-x-46-cm-svart-1.webp?fit=2000%2C2000&ssl=1","type":"image\/webp"}],"twitter_card":"summary_large_image","twitter_misc":{"Ber\u00e4knad l\u00e4stid":"1 minut"},"schema":{"@context":"https:\/\/schema.org","@graph":[{"@type":"WebPage","@id":"https:\/\/truusk.store\/sv\/produkt\/truusk-nattduksbord-med-lador-sidobord-med-hylla-for-sovrum-och-vardagsrum-40x30x46-cm-svart\/","url":"https:\/\/truusk.store\/sv\/produkt\/truusk-nattduksbord-med-lador-sidobord-med-hylla-for-sovrum-och-vardagsrum-40x30x46-cm-svart\/","name":"TRUUSK Nattduksbord Med L\u00e5dor - Sidobord Med Hylla - F\u00f6r Sovrum och Vardagsrum - 40x30x46 cm - Svart - TRUUSK - Hem, Tr\u00e4dg\u00e5rd &amp; Fritid","isPartOf":{"@id":"https:\/\/truusk.store\/sv\/#website"},"primaryImageOfPage":{"@id":"https:\/\/truusk.store\/sv\/produkt\/truusk-nattduksbord-med-lador-sidobord-med-hylla-for-sovrum-och-vardagsrum-40x30x46-cm-svart\/#primaryimage"},"image":{"@id":"https:\/\/truusk.store\/sv\/produkt\/truusk-nattduksbord-med-lador-sidobord-med-hylla-for-sovrum-och-vardagsrum-40x30x46-cm-svart\/#primaryimage"},"thumbnailUrl":"https:\/\/i0.wp.com\/truusk.store\/wp-content\/uploads\/2025\/06\/nattduksbord-med-lador-sidobord-nattskap-med-hylla-nattduksbord-for-sovrum-vardagsrum-40-x-30-x-46-cm-svart-1.webp?fit=2000%2C2000&ssl=1","datePublished":"2025-06-05T14:00:43+00:00","dateModified":"2026-03-12T08:47:03+00:00","breadcrumb":{"@id":"https:\/\/truusk.store\/sv\/produkt\/truusk-nattduksbord-med-lador-sidobord-med-hylla-for-sovrum-och-vardagsrum-40x30x46-cm-svart\/#breadcrumb"},"inLanguage":"sv-SE","potentialAction":[{"@type":"ReadAction","target":["https:\/\/truusk.store\/sv\/produkt\/truusk-nattduksbord-med-lador-sidobord-med-hylla-for-sovrum-och-vardagsrum-40x30x46-cm-svart\/"]}]},{"@type":"ImageObject","inLanguage":"sv-SE","@id":"https:\/\/truusk.store\/sv\/produkt\/truusk-nattduksbord-med-lador-sidobord-med-hylla-for-sovrum-och-vardagsrum-40x30x46-cm-svart\/#primaryimage","url":"https:\/\/i0.wp.com\/truusk.store\/wp-content\/uploads\/2025\/06\/nattduksbord-med-lador-sidobord-nattskap-med-hylla-nattduksbord-for-sovrum-vardagsrum-40-x-30-x-46-cm-svart-1.webp?fit=2000%2C2000&ssl=1","contentUrl":"https:\/\/i0.wp.com\/truusk.store\/wp-content\/uploads\/2025\/06\/nattduksbord-med-lador-sidobord-nattskap-med-hylla-nattduksbord-for-sovrum-vardagsrum-40-x-30-x-46-cm-svart-1.webp?fit=2000%2C2000&ssl=1","width":2000,"height":2000},{"@type":"BreadcrumbList","@id":"https:\/\/truusk.store\/sv\/produkt\/truusk-nattduksbord-med-lador-sidobord-med-hylla-for-sovrum-och-vardagsrum-40x30x46-cm-svart\/#breadcrumb","itemListElement":[{"@type":"ListItem","position":1,"name":"Home","item":"https:\/\/truusk.store\/sv\/"},{"@type":"ListItem","position":2,"name":"Shop","item":"https:\/\/truusk.store\/shop\/"},{"@type":"ListItem","position":3,"name":"TRUUSK Nattduksbord Med L\u00e5dor &#8211; Sidobord Med Hylla &#8211; F\u00f6r Sovrum och Vardagsrum &#8211; 40x30x46 cm &#8211; Svart"}]},{"@type":"WebSite","@id":"https:\/\/truusk.store\/sv\/#website","url":"https:\/\/truusk.store\/sv\/","name":"TRUUSK - Hem, Tr\u00e4dg\u00e5rd & Fritid","description":"","publisher":{"@id":"https:\/\/truusk.store\/sv\/#organization"},"potentialAction":[{"@type":"SearchAction","target":{"@type":"EntryPoint","urlTemplate":"https:\/\/truusk.store\/sv\/?s={search_term_string}"},"query-input":{"@type":"PropertyValueSpecification","valueRequired":true,"valueName":"search_term_string"}}],"inLanguage":"sv-SE"},{"@type":"Organization","@id":"https:\/\/truusk.store\/sv\/#organization","name":"TRUUSK - Hem, Tr\u00e4dg\u00e5rd & Fritid","url":"https:\/\/truusk.store\/sv\/","logo":{"@type":"ImageObject","inLanguage":"sv-SE","@id":"https:\/\/truusk.store\/sv\/#\/schema\/logo\/image\/","url":"https:\/\/i0.wp.com\/truusk.store\/wp-content\/uploads\/2026\/03\/cropped-TRUUSK.png?fit=2032%2C917&ssl=1","contentUrl":"https:\/\/i0.wp.com\/truusk.store\/wp-content\/uploads\/2026\/03\/cropped-TRUUSK.png?fit=2032%2C917&ssl=1","width":2032,"height":917,"caption":"TRUUSK - Hem, Tr\u00e4dg\u00e5rd & Fritid"},"image":{"@id":"https:\/\/truusk.store\/sv\/#\/schema\/logo\/image\/"}}]}},"jetpack_sharing_enabled":true,"_links":{"self":[{"href":"https:\/\/truusk.store\/sv\/wp-json\/wp\/v2\/product\/67779","targetHints":{"allow":["GET"]}}],"collection":[{"href":"https:\/\/truusk.store\/sv\/wp-json\/wp\/v2\/product"}],"about":[{"href":"https:\/\/truusk.store\/sv\/wp-json\/wp\/v2\/types\/product"}],"wp:featuredmedia":[{"embeddable":true,"href":"https:\/\/truusk.store\/sv\/wp-json\/wp\/v2\/media\/67770"}],"wp:attachment":[{"href":"https:\/\/truusk.store\/sv\/wp-json\/wp\/v2\/media?parent=67779"}],"wp:term":[{"taxonomy":"product_brand","embeddable":true,"href":"https:\/\/truusk.store\/sv\/wp-json\/wp\/v2\/product_brand?post=67779"},{"taxonomy":"product_cat","embeddable":true,"href":"https:\/\/truusk.store\/sv\/wp-json\/wp\/v2\/product_cat?post=67779"},{"taxonomy":"product_tag","embeddable":true,"href":"https:\/\/truusk.store\/sv\/wp-json\/wp\/v2\/product_tag?post=67779"}],"curies":[{"name":"wp","href":"https:\/\/api.w.org\/{rel}","templated":true}]}}