{"id":67799,"date":"2025-06-05T15:02:54","date_gmt":"2025-06-05T14:02:54","guid":{"rendered":"https:\/\/truusk.store\/product\/aiyaplay-12v-barn-bumper-car-med-24-g-fjarrkontroll-elektrisk-bumper-med-musik-och-ljus-15-3-km-h-barns-elektriska-bil-med-360-rotation-for-barn-3-5-ar-bla\/"},"modified":"2026-03-12T09:46:21","modified_gmt":"2026-03-12T08:46:21","slug":"truusk-elektrisk-bumperbil-for-barn-12v-med-24-g-fjarrkontroll-musik-och-ljus-360-rotation-for-barn-3-5-ar-bla","status":"publish","type":"product","link":"https:\/\/truusk.store\/sv\/produkt\/truusk-elektrisk-bumperbil-for-barn-12v-med-24-g-fjarrkontroll-musik-och-ljus-360-rotation-for-barn-3-5-ar-bla\/","title":{"rendered":"TRUUSK Elektrisk Bumperbil f\u00f6r Barn &#8211; 12V med 2,4 G Fj\u00e4rrkontroll &#8211; Musik och Ljus &#8211; 360\u00b0 Rotation &#8211; F\u00f6r Barn 3-5 \u00e5r &#8211; Bl\u00e5"},"content":{"rendered":"<p>Uppt\u00e4ck det ultimata spelet med AIYAPLAY Angry Bird barns elektriska bil! Upplev sp\u00e4nnande 360\u00b0-rotationer och v\u00e4lj mellan tv\u00e5 praktiska styrningsalternativ f\u00f6r barnets elektriska bil: med fj\u00e4rrkontroll eller manuellt, med robusta joysticks. Den s\u00e4kra plastskalen och de mjuka st\u00f6tf\u00e5ngarna p\u00e5 barnets elektriska bil garanterar bekymmersfri njutning. Med inbyggd musik, USB-anslutning och LED-lampor blir varje speltid en lysande upplevelse.<\/p>\n<p>Beskrivning:<\/p>\n<ul>\n<li> 360\u00b0 rotation av barnets elektriska bil f\u00f6r dynamisk man\u00f6vrering<\/li>\n<li> Fj\u00e4rrkontroll eller joystick-styrning av barnets elektriska bil \u00f6kar flexibiliteten vid k\u00f6rning<\/li>\n<li> Mjuka st\u00f6tf\u00e5ngare p\u00e5 barnets elektriska bil skyddar mot st\u00f6tar<\/li>\n<li> USB, musik och LED-lampor f\u00f6r underh\u00e5llande turer<\/li>\n<li> Tv\u00e5 motorer, 12V batteri ger en timmes speltid<\/li>\n<li> 3 hastigheter (1,5 till 3 km\/h) i fj\u00e4rrstyrningsl\u00e4ge, 3 km\/h i sj\u00e4lvk\u00f6rningsl\u00e4ge<\/li>\n<li> Underbar present till barn, fr\u00e4mjar gl\u00e4dje och spel<\/li>\n<\/ul>\n<p> Tekniska data:<\/p>\n<ul>\n<li> F\u00e4rg: Bl\u00e5<\/li>\n<li> Material: Plast, Metall<\/li>\n<li> Totala dimensioner: 73L x 73B x 44H cm<\/li>\n<li> Sitsstorlek: 31B x 17T cm<\/li>\n<li> Sitth\u00f6jd: 27 cm (fr\u00e5n golvet)<\/li>\n<li> Fj\u00e4rrkontroll: 15 m<\/li>\n<li> Batteri: 12V 4,5AH<\/li>\n<li> Motor: 2 x 12V<\/li>\n<li> Laddningstid: 4-6 timmar (f\u00f6rsta g\u00e5ngen), 8-12 timmar (regelbundet)<\/li>\n<li> Drifttid: 60 min<\/li>\n<li> Hastighet: 1,5-3 km\/h<\/li>\n<li> Belastningskapacitet: 30 kg<\/li>\n<li> Godk\u00e4nd \u00e5lder: 3-8 \u00e5r<\/li>\n<li> Rekommenderad \u00e5lder: 3-5 \u00e5r<\/li>\n<li> Sitskapacitet: 1 f\u00f6rare<\/li>\n<li> Not 1: \u00d6vervaka alltid dina barn n\u00e4r de k\u00f6r<\/li>\n<li> Not 2: 2 x 1,5V AA-batterier kr\u00e4vs f\u00f6r fj\u00e4rrkontrollen (ing\u00e5r ej)<\/li>\n<\/ul>\n<p> Leveransinneh\u00e5ll:<\/p>\n<ul>\n<li> 1 x Bumper car<\/li>\n<li> 1 x Fj\u00e4rrkontroll<\/li>\n<li> 1 x Bruksanvisning<\/li>\n<\/ul>\n","protected":false},"excerpt":{"rendered":"<p>Uppt\u00e4ck det ultimata spelet med AIYAPLAY Angry Bird barns elektriska bil! Upplev sp\u00e4nnande 360\u00b0-rotationer och v\u00e4lj mellan tv\u00e5 praktiska styrningsalternativ&#8230;<\/p>\n","protected":false},"featured_media":67790,"template":"","meta":[],"product_brand":[],"product_cat":[880,610,925],"product_tag":[],"class_list":{"0":"post-67799","1":"product","2":"type-product","3":"status-publish","4":"has-post-thumbnail","6":"product_cat-baby-barn-2","7":"product_cat-barnfordon","8":"product_cat-barns-elektriska-fordon","10":"first","11":"instock","12":"sale","13":"taxable","14":"shipping-taxable","15":"purchasable","16":"product-type-simple"},"yoast_head":"<!-- This site is optimized with the Yoast SEO plugin v25.4 - https:\/\/yoast.com\/wordpress\/plugins\/seo\/ -->\n<title>TRUUSK Elektrisk Bumperbil f\u00f6r Barn - 12V med 2,4 G Fj\u00e4rrkontroll - Musik och Ljus - 360\u00b0 Rotation - F\u00f6r Barn 3-5 \u00e5r - Bl\u00e5 - TRUUSK - Hem, Tr\u00e4dg\u00e5rd &amp; Fritid<\/title>\n<meta name=\"robots\" content=\"index, follow, max-snippet:-1, max-image-preview:large, max-video-preview:-1\" \/>\n<link rel=\"canonical\" href=\"https:\/\/truusk.store\/sv\/produkt\/truusk-elektrisk-bumperbil-for-barn-12v-med-24-g-fjarrkontroll-musik-och-ljus-360-rotation-for-barn-3-5-ar-bla\/\" \/>\n<meta property=\"og:locale\" content=\"sv_SE\" \/>\n<meta property=\"og:type\" content=\"article\" \/>\n<meta property=\"og:title\" content=\"TRUUSK Elektrisk Bumperbil f\u00f6r Barn - 12V med 2,4 G Fj\u00e4rrkontroll - Musik och Ljus - 360\u00b0 Rotation - F\u00f6r Barn 3-5 \u00e5r - Bl\u00e5 - TRUUSK - Hem, Tr\u00e4dg\u00e5rd &amp; Fritid\" \/>\n<meta property=\"og:description\" content=\"Uppt\u00e4ck det ultimata spelet med AIYAPLAY Angry Bird barns elektriska bil! Upplev sp\u00e4nnande 360\u00b0-rotationer och v\u00e4lj mellan tv\u00e5 praktiska styrningsalternativ...\" \/>\n<meta property=\"og:url\" content=\"https:\/\/truusk.store\/sv\/produkt\/truusk-elektrisk-bumperbil-for-barn-12v-med-24-g-fjarrkontroll-musik-och-ljus-360-rotation-for-barn-3-5-ar-bla\/\" \/>\n<meta property=\"og:site_name\" content=\"TRUUSK - Hem, Tr\u00e4dg\u00e5rd &amp; Fritid\" \/>\n<meta property=\"article:modified_time\" content=\"2026-03-12T08:46:21+00:00\" \/>\n<meta property=\"og:image\" content=\"https:\/\/i0.wp.com\/truusk.se\/wp-content\/uploads\/2025\/06\/aiyaplay-12v-barn-bumper-car-med-24-g-fjarrkontroll-elektrisk-bumper-med-musik-och-ljus-15-3-km-h-barns-elektriska-bil-med-360-rotation-for-barn-3-5-ar-bla-1.webp?fit=2000%2C2000&ssl=1\" \/>\n\t<meta property=\"og:image:width\" content=\"2000\" \/>\n\t<meta property=\"og:image:height\" content=\"2000\" \/>\n\t<meta property=\"og:image:type\" content=\"image\/webp\" \/>\n<meta name=\"twitter:card\" content=\"summary_large_image\" \/>\n<meta name=\"twitter:label1\" content=\"Ber\u00e4knad l\u00e4stid\" \/>\n\t<meta name=\"twitter:data1\" content=\"1 minut\" \/>\n<!-- \/ Yoast SEO plugin. -->","yoast_head_json":{"title":"TRUUSK Elektrisk Bumperbil f\u00f6r Barn - 12V med 2,4 G Fj\u00e4rrkontroll - Musik och Ljus - 360\u00b0 Rotation - F\u00f6r Barn 3-5 \u00e5r - Bl\u00e5 - TRUUSK - Hem, Tr\u00e4dg\u00e5rd &amp; Fritid","robots":{"index":"index","follow":"follow","max-snippet":"max-snippet:-1","max-image-preview":"max-image-preview:large","max-video-preview":"max-video-preview:-1"},"canonical":"https:\/\/truusk.store\/sv\/produkt\/truusk-elektrisk-bumperbil-for-barn-12v-med-24-g-fjarrkontroll-musik-och-ljus-360-rotation-for-barn-3-5-ar-bla\/","og_locale":"sv_SE","og_type":"article","og_title":"TRUUSK Elektrisk Bumperbil f\u00f6r Barn - 12V med 2,4 G Fj\u00e4rrkontroll - Musik och Ljus - 360\u00b0 Rotation - F\u00f6r Barn 3-5 \u00e5r - Bl\u00e5 - TRUUSK - Hem, Tr\u00e4dg\u00e5rd &amp; Fritid","og_description":"Uppt\u00e4ck det ultimata spelet med AIYAPLAY Angry Bird barns elektriska bil! Upplev sp\u00e4nnande 360\u00b0-rotationer och v\u00e4lj mellan tv\u00e5 praktiska styrningsalternativ...","og_url":"https:\/\/truusk.store\/sv\/produkt\/truusk-elektrisk-bumperbil-for-barn-12v-med-24-g-fjarrkontroll-musik-och-ljus-360-rotation-for-barn-3-5-ar-bla\/","og_site_name":"TRUUSK - Hem, Tr\u00e4dg\u00e5rd &amp; Fritid","article_modified_time":"2026-03-12T08:46:21+00:00","og_image":[{"width":2000,"height":2000,"url":"https:\/\/i0.wp.com\/truusk.se\/wp-content\/uploads\/2025\/06\/aiyaplay-12v-barn-bumper-car-med-24-g-fjarrkontroll-elektrisk-bumper-med-musik-och-ljus-15-3-km-h-barns-elektriska-bil-med-360-rotation-for-barn-3-5-ar-bla-1.webp?fit=2000%2C2000&ssl=1","type":"image\/webp"}],"twitter_card":"summary_large_image","twitter_misc":{"Ber\u00e4knad l\u00e4stid":"1 minut"},"schema":{"@context":"https:\/\/schema.org","@graph":[{"@type":"WebPage","@id":"https:\/\/truusk.store\/sv\/produkt\/truusk-elektrisk-bumperbil-for-barn-12v-med-24-g-fjarrkontroll-musik-och-ljus-360-rotation-for-barn-3-5-ar-bla\/","url":"https:\/\/truusk.store\/sv\/produkt\/truusk-elektrisk-bumperbil-for-barn-12v-med-24-g-fjarrkontroll-musik-och-ljus-360-rotation-for-barn-3-5-ar-bla\/","name":"TRUUSK Elektrisk Bumperbil f\u00f6r Barn - 12V med 2,4 G Fj\u00e4rrkontroll - Musik och Ljus - 360\u00b0 Rotation - F\u00f6r Barn 3-5 \u00e5r - Bl\u00e5 - TRUUSK - Hem, Tr\u00e4dg\u00e5rd &amp; Fritid","isPartOf":{"@id":"https:\/\/truusk.store\/sv\/#website"},"primaryImageOfPage":{"@id":"https:\/\/truusk.store\/sv\/produkt\/truusk-elektrisk-bumperbil-for-barn-12v-med-24-g-fjarrkontroll-musik-och-ljus-360-rotation-for-barn-3-5-ar-bla\/#primaryimage"},"image":{"@id":"https:\/\/truusk.store\/sv\/produkt\/truusk-elektrisk-bumperbil-for-barn-12v-med-24-g-fjarrkontroll-musik-och-ljus-360-rotation-for-barn-3-5-ar-bla\/#primaryimage"},"thumbnailUrl":"https:\/\/i0.wp.com\/truusk.store\/wp-content\/uploads\/2025\/06\/aiyaplay-12v-barn-bumper-car-med-24-g-fjarrkontroll-elektrisk-bumper-med-musik-och-ljus-15-3-km-h-barns-elektriska-bil-med-360-rotation-for-barn-3-5-ar-bla-1.webp?fit=2000%2C2000&ssl=1","datePublished":"2025-06-05T14:02:54+00:00","dateModified":"2026-03-12T08:46:21+00:00","breadcrumb":{"@id":"https:\/\/truusk.store\/sv\/produkt\/truusk-elektrisk-bumperbil-for-barn-12v-med-24-g-fjarrkontroll-musik-och-ljus-360-rotation-for-barn-3-5-ar-bla\/#breadcrumb"},"inLanguage":"sv-SE","potentialAction":[{"@type":"ReadAction","target":["https:\/\/truusk.store\/sv\/produkt\/truusk-elektrisk-bumperbil-for-barn-12v-med-24-g-fjarrkontroll-musik-och-ljus-360-rotation-for-barn-3-5-ar-bla\/"]}]},{"@type":"ImageObject","inLanguage":"sv-SE","@id":"https:\/\/truusk.store\/sv\/produkt\/truusk-elektrisk-bumperbil-for-barn-12v-med-24-g-fjarrkontroll-musik-och-ljus-360-rotation-for-barn-3-5-ar-bla\/#primaryimage","url":"https:\/\/i0.wp.com\/truusk.store\/wp-content\/uploads\/2025\/06\/aiyaplay-12v-barn-bumper-car-med-24-g-fjarrkontroll-elektrisk-bumper-med-musik-och-ljus-15-3-km-h-barns-elektriska-bil-med-360-rotation-for-barn-3-5-ar-bla-1.webp?fit=2000%2C2000&ssl=1","contentUrl":"https:\/\/i0.wp.com\/truusk.store\/wp-content\/uploads\/2025\/06\/aiyaplay-12v-barn-bumper-car-med-24-g-fjarrkontroll-elektrisk-bumper-med-musik-och-ljus-15-3-km-h-barns-elektriska-bil-med-360-rotation-for-barn-3-5-ar-bla-1.webp?fit=2000%2C2000&ssl=1","width":2000,"height":2000},{"@type":"BreadcrumbList","@id":"https:\/\/truusk.store\/sv\/produkt\/truusk-elektrisk-bumperbil-for-barn-12v-med-24-g-fjarrkontroll-musik-och-ljus-360-rotation-for-barn-3-5-ar-bla\/#breadcrumb","itemListElement":[{"@type":"ListItem","position":1,"name":"Home","item":"https:\/\/truusk.store\/sv\/"},{"@type":"ListItem","position":2,"name":"Shop","item":"https:\/\/truusk.store\/shop\/"},{"@type":"ListItem","position":3,"name":"TRUUSK Elektrisk Bumperbil f\u00f6r Barn &#8211; 12V med 2,4 G Fj\u00e4rrkontroll &#8211; Musik och Ljus &#8211; 360\u00b0 Rotation &#8211; F\u00f6r Barn 3-5 \u00e5r &#8211; Bl\u00e5"}]},{"@type":"WebSite","@id":"https:\/\/truusk.store\/sv\/#website","url":"https:\/\/truusk.store\/sv\/","name":"TRUUSK - Hem, Tr\u00e4dg\u00e5rd & Fritid","description":"","publisher":{"@id":"https:\/\/truusk.store\/sv\/#organization"},"potentialAction":[{"@type":"SearchAction","target":{"@type":"EntryPoint","urlTemplate":"https:\/\/truusk.store\/sv\/?s={search_term_string}"},"query-input":{"@type":"PropertyValueSpecification","valueRequired":true,"valueName":"search_term_string"}}],"inLanguage":"sv-SE"},{"@type":"Organization","@id":"https:\/\/truusk.store\/sv\/#organization","name":"TRUUSK - Hem, Tr\u00e4dg\u00e5rd & Fritid","url":"https:\/\/truusk.store\/sv\/","logo":{"@type":"ImageObject","inLanguage":"sv-SE","@id":"https:\/\/truusk.store\/sv\/#\/schema\/logo\/image\/","url":"https:\/\/i0.wp.com\/truusk.store\/wp-content\/uploads\/2026\/03\/cropped-TRUUSK.png?fit=2032%2C917&ssl=1","contentUrl":"https:\/\/i0.wp.com\/truusk.store\/wp-content\/uploads\/2026\/03\/cropped-TRUUSK.png?fit=2032%2C917&ssl=1","width":2032,"height":917,"caption":"TRUUSK - Hem, Tr\u00e4dg\u00e5rd & Fritid"},"image":{"@id":"https:\/\/truusk.store\/sv\/#\/schema\/logo\/image\/"}}]}},"jetpack_sharing_enabled":true,"_links":{"self":[{"href":"https:\/\/truusk.store\/sv\/wp-json\/wp\/v2\/product\/67799","targetHints":{"allow":["GET"]}}],"collection":[{"href":"https:\/\/truusk.store\/sv\/wp-json\/wp\/v2\/product"}],"about":[{"href":"https:\/\/truusk.store\/sv\/wp-json\/wp\/v2\/types\/product"}],"wp:featuredmedia":[{"embeddable":true,"href":"https:\/\/truusk.store\/sv\/wp-json\/wp\/v2\/media\/67790"}],"wp:attachment":[{"href":"https:\/\/truusk.store\/sv\/wp-json\/wp\/v2\/media?parent=67799"}],"wp:term":[{"taxonomy":"product_brand","embeddable":true,"href":"https:\/\/truusk.store\/sv\/wp-json\/wp\/v2\/product_brand?post=67799"},{"taxonomy":"product_cat","embeddable":true,"href":"https:\/\/truusk.store\/sv\/wp-json\/wp\/v2\/product_cat?post=67799"},{"taxonomy":"product_tag","embeddable":true,"href":"https:\/\/truusk.store\/sv\/wp-json\/wp\/v2\/product_tag?post=67799"}],"curies":[{"name":"wp","href":"https:\/\/api.w.org\/{rel}","templated":true}]}}