{"id":67859,"date":"2025-06-05T15:08:49","date_gmt":"2025-06-05T14:08:49","guid":{"rendered":"https:\/\/truusk.store\/product\/outsuuny-ersattnings-tak-for-paviljong-3-x-3-m-vattentatt-paviljongtak-ersattningsoverdrag-for-tradgardspaviljong-reservdelar-i-oxford-tyg-370-g-m%c2%b2-morkgra\/"},"modified":"2026-03-12T09:46:29","modified_gmt":"2026-03-12T08:46:29","slug":"truusk-ersattningstak-for-paviljong-3x3m-vattentatt-paviljongtak-oxford-tyg-370g-m%c2%b2-morkgra","status":"publish","type":"product","link":"https:\/\/truusk.store\/sv\/produkt\/truusk-ersattningstak-for-paviljong-3x3m-vattentatt-paviljongtak-oxford-tyg-370g-m%c2%b2-morkgra\/","title":{"rendered":"TRUUSK Ers\u00e4ttningstak f\u00f6r Paviljong 3x3m &#8211; Vattent\u00e4tt Paviljongtak &#8211; Oxford-tyg 370g\/m\u00b2 &#8211; M\u00f6rkgr\u00e5"},"content":{"rendered":"<p>Med TRUUSK paviljongers\u00e4ttningsd\u00e4cket kan du \u00e4ntligen v\u00e4lkomna dina g\u00e4ster utomhus igen! Speciellt designad f\u00f6r 3 x 3 m paviljonger (TRUUSK SKU 84C-303), har detta paviljongers\u00e4ttningsd\u00e4ck belagt polyester f\u00f6r UPF30+ solskydd och regnavloppsh\u00e5l f\u00f6r att undvika vattenansamlingar. Perfekt n\u00e4r en presenning helt enkelt inte r\u00e4cker till. F\u00f6r det \u00e4r aldrig fel att ha ett paviljongers\u00e4ttningsd\u00e4ck till hands f\u00f6r alla eventualiteter.<\/p>\n<p>Beskrivning:<\/p>\n<ul>\n<li> Passar ENDAST p\u00e5 3 x 3 m paviljonger, TRUUSK 84C-303-serien. Var v\u00e4nlig och titta noggrant p\u00e5 produktbilden med m\u00e5tten och m\u00e4t ditt paviljongram f\u00f6r att s\u00e4kerst\u00e4lla en bra passform<\/li>\n<li> Belagt polyestertyg p\u00e5 paviljongd\u00e4cket \u00e4r tjockt och robust, erbjuder UPF30+ skydd<\/li>\n<li> Kardborreband p\u00e5 paviljongd\u00e4cket f\u00f6r enkel montering och demontering<\/li>\n<li> Vattenavloppsh\u00e5l p\u00e5 paviljongd\u00e4cket f\u00f6r regn<\/li>\n<li> Tv\u00e5 personer kan montera det inom 5 minuter<\/li>\n<\/ul>\n<p> Tekniska data:<\/p>\n<ul>\n<li> F\u00e4rg: M\u00f6rkgr\u00e5<\/li>\n<li> Material: 600D Oxford-tyg (100% polyester)<\/li>\n<li> Totala dimensioner: 298L x 298B cm<\/li>\n<li> Passar f\u00f6r 3 x 3 m paviljonger<\/li>\n<\/ul>\n<p>Leveransinneh\u00e5ll:<\/p>\n<ul>\n<li> 1 x Ers\u00e4ttningsd\u00e4ck f\u00f6r paviljong<\/li>\n<li> 1 x Bruksanvisning<\/li>\n<\/ul>\n","protected":false},"excerpt":{"rendered":"<p>Med TRUUSK paviljongers\u00e4ttningsd\u00e4cket kan du \u00e4ntligen v\u00e4lkomna dina g\u00e4ster utomhus igen! Speciellt designad f\u00f6r 3 x 3 m paviljonger (TRUUSK&#8230;<\/p>\n","protected":false},"featured_media":67850,"template":"","meta":[],"product_brand":[],"product_cat":[479,858,476],"product_tag":[],"class_list":{"0":"post-67859","1":"product","2":"type-product","3":"status-publish","4":"has-post-thumbnail","6":"product_cat-paviljongtak","7":"product_cat-tradgard-terrass","8":"product_cat-tradgardspaviljonger","10":"first","11":"instock","12":"sale","13":"taxable","14":"shipping-taxable","15":"purchasable","16":"product-type-simple"},"yoast_head":"<!-- This site is optimized with the Yoast SEO plugin v25.4 - https:\/\/yoast.com\/wordpress\/plugins\/seo\/ -->\n<title>TRUUSK Ers\u00e4ttningstak f\u00f6r Paviljong 3x3m - Vattent\u00e4tt Paviljongtak - Oxford-tyg 370g\/m\u00b2 - M\u00f6rkgr\u00e5 - TRUUSK - Hem, Tr\u00e4dg\u00e5rd &amp; Fritid<\/title>\n<meta name=\"robots\" content=\"index, follow, max-snippet:-1, max-image-preview:large, max-video-preview:-1\" \/>\n<link rel=\"canonical\" href=\"https:\/\/truusk.store\/sv\/produkt\/truusk-ersattningstak-for-paviljong-3x3m-vattentatt-paviljongtak-oxford-tyg-370g-m%c2%b2-morkgra\/\" \/>\n<meta property=\"og:locale\" content=\"sv_SE\" \/>\n<meta property=\"og:type\" content=\"article\" \/>\n<meta property=\"og:title\" content=\"TRUUSK Ers\u00e4ttningstak f\u00f6r Paviljong 3x3m - Vattent\u00e4tt Paviljongtak - Oxford-tyg 370g\/m\u00b2 - M\u00f6rkgr\u00e5 - TRUUSK - Hem, Tr\u00e4dg\u00e5rd &amp; Fritid\" \/>\n<meta property=\"og:description\" content=\"Med TRUUSK paviljongers\u00e4ttningsd\u00e4cket kan du \u00e4ntligen v\u00e4lkomna dina g\u00e4ster utomhus igen! Speciellt designad f\u00f6r 3 x 3 m paviljonger (TRUUSK...\" \/>\n<meta property=\"og:url\" content=\"https:\/\/truusk.store\/sv\/produkt\/truusk-ersattningstak-for-paviljong-3x3m-vattentatt-paviljongtak-oxford-tyg-370g-m%c2%b2-morkgra\/\" \/>\n<meta property=\"og:site_name\" content=\"TRUUSK - Hem, Tr\u00e4dg\u00e5rd &amp; Fritid\" \/>\n<meta property=\"article:modified_time\" content=\"2026-03-12T08:46:29+00:00\" \/>\n<meta property=\"og:image\" content=\"https:\/\/i0.wp.com\/truusk.se\/wp-content\/uploads\/2025\/06\/outsuuny-ersattnings-tak-for-paviljong-3-x-3-m-vattentatt-paviljongtak-ersattningsoverdrag-for-tradgardspaviljong-reservdelar-i-oxford-tyg-370-g-mc2b2-morkgra-1.webp?fit=2000%2C2000&ssl=1\" \/>\n\t<meta property=\"og:image:width\" content=\"2000\" \/>\n\t<meta property=\"og:image:height\" content=\"2000\" \/>\n\t<meta property=\"og:image:type\" content=\"image\/webp\" \/>\n<meta name=\"twitter:card\" content=\"summary_large_image\" \/>\n<meta name=\"twitter:label1\" content=\"Ber\u00e4knad l\u00e4stid\" \/>\n\t<meta name=\"twitter:data1\" content=\"1 minut\" \/>\n<!-- \/ Yoast SEO plugin. -->","yoast_head_json":{"title":"TRUUSK Ers\u00e4ttningstak f\u00f6r Paviljong 3x3m - Vattent\u00e4tt Paviljongtak - Oxford-tyg 370g\/m\u00b2 - M\u00f6rkgr\u00e5 - TRUUSK - Hem, Tr\u00e4dg\u00e5rd &amp; Fritid","robots":{"index":"index","follow":"follow","max-snippet":"max-snippet:-1","max-image-preview":"max-image-preview:large","max-video-preview":"max-video-preview:-1"},"canonical":"https:\/\/truusk.store\/sv\/produkt\/truusk-ersattningstak-for-paviljong-3x3m-vattentatt-paviljongtak-oxford-tyg-370g-m%c2%b2-morkgra\/","og_locale":"sv_SE","og_type":"article","og_title":"TRUUSK Ers\u00e4ttningstak f\u00f6r Paviljong 3x3m - Vattent\u00e4tt Paviljongtak - Oxford-tyg 370g\/m\u00b2 - M\u00f6rkgr\u00e5 - TRUUSK - Hem, Tr\u00e4dg\u00e5rd &amp; Fritid","og_description":"Med TRUUSK paviljongers\u00e4ttningsd\u00e4cket kan du \u00e4ntligen v\u00e4lkomna dina g\u00e4ster utomhus igen! Speciellt designad f\u00f6r 3 x 3 m paviljonger (TRUUSK...","og_url":"https:\/\/truusk.store\/sv\/produkt\/truusk-ersattningstak-for-paviljong-3x3m-vattentatt-paviljongtak-oxford-tyg-370g-m%c2%b2-morkgra\/","og_site_name":"TRUUSK - Hem, Tr\u00e4dg\u00e5rd &amp; Fritid","article_modified_time":"2026-03-12T08:46:29+00:00","og_image":[{"width":2000,"height":2000,"url":"https:\/\/i0.wp.com\/truusk.se\/wp-content\/uploads\/2025\/06\/outsuuny-ersattnings-tak-for-paviljong-3-x-3-m-vattentatt-paviljongtak-ersattningsoverdrag-for-tradgardspaviljong-reservdelar-i-oxford-tyg-370-g-mc2b2-morkgra-1.webp?fit=2000%2C2000&ssl=1","type":"image\/webp"}],"twitter_card":"summary_large_image","twitter_misc":{"Ber\u00e4knad l\u00e4stid":"1 minut"},"schema":{"@context":"https:\/\/schema.org","@graph":[{"@type":"WebPage","@id":"https:\/\/truusk.store\/sv\/produkt\/truusk-ersattningstak-for-paviljong-3x3m-vattentatt-paviljongtak-oxford-tyg-370g-m%c2%b2-morkgra\/","url":"https:\/\/truusk.store\/sv\/produkt\/truusk-ersattningstak-for-paviljong-3x3m-vattentatt-paviljongtak-oxford-tyg-370g-m%c2%b2-morkgra\/","name":"TRUUSK Ers\u00e4ttningstak f\u00f6r Paviljong 3x3m - Vattent\u00e4tt Paviljongtak - Oxford-tyg 370g\/m\u00b2 - M\u00f6rkgr\u00e5 - TRUUSK - Hem, Tr\u00e4dg\u00e5rd &amp; Fritid","isPartOf":{"@id":"https:\/\/truusk.store\/sv\/#website"},"primaryImageOfPage":{"@id":"https:\/\/truusk.store\/sv\/produkt\/truusk-ersattningstak-for-paviljong-3x3m-vattentatt-paviljongtak-oxford-tyg-370g-m%c2%b2-morkgra\/#primaryimage"},"image":{"@id":"https:\/\/truusk.store\/sv\/produkt\/truusk-ersattningstak-for-paviljong-3x3m-vattentatt-paviljongtak-oxford-tyg-370g-m%c2%b2-morkgra\/#primaryimage"},"thumbnailUrl":"https:\/\/i0.wp.com\/truusk.store\/wp-content\/uploads\/2025\/06\/outsuuny-ersattnings-tak-for-paviljong-3-x-3-m-vattentatt-paviljongtak-ersattningsoverdrag-for-tradgardspaviljong-reservdelar-i-oxford-tyg-370-g-mc2b2-morkgra-1.webp?fit=2000%2C2000&ssl=1","datePublished":"2025-06-05T14:08:49+00:00","dateModified":"2026-03-12T08:46:29+00:00","breadcrumb":{"@id":"https:\/\/truusk.store\/sv\/produkt\/truusk-ersattningstak-for-paviljong-3x3m-vattentatt-paviljongtak-oxford-tyg-370g-m%c2%b2-morkgra\/#breadcrumb"},"inLanguage":"sv-SE","potentialAction":[{"@type":"ReadAction","target":["https:\/\/truusk.store\/sv\/produkt\/truusk-ersattningstak-for-paviljong-3x3m-vattentatt-paviljongtak-oxford-tyg-370g-m%c2%b2-morkgra\/"]}]},{"@type":"ImageObject","inLanguage":"sv-SE","@id":"https:\/\/truusk.store\/sv\/produkt\/truusk-ersattningstak-for-paviljong-3x3m-vattentatt-paviljongtak-oxford-tyg-370g-m%c2%b2-morkgra\/#primaryimage","url":"https:\/\/i0.wp.com\/truusk.store\/wp-content\/uploads\/2025\/06\/outsuuny-ersattnings-tak-for-paviljong-3-x-3-m-vattentatt-paviljongtak-ersattningsoverdrag-for-tradgardspaviljong-reservdelar-i-oxford-tyg-370-g-mc2b2-morkgra-1.webp?fit=2000%2C2000&ssl=1","contentUrl":"https:\/\/i0.wp.com\/truusk.store\/wp-content\/uploads\/2025\/06\/outsuuny-ersattnings-tak-for-paviljong-3-x-3-m-vattentatt-paviljongtak-ersattningsoverdrag-for-tradgardspaviljong-reservdelar-i-oxford-tyg-370-g-mc2b2-morkgra-1.webp?fit=2000%2C2000&ssl=1","width":2000,"height":2000},{"@type":"BreadcrumbList","@id":"https:\/\/truusk.store\/sv\/produkt\/truusk-ersattningstak-for-paviljong-3x3m-vattentatt-paviljongtak-oxford-tyg-370g-m%c2%b2-morkgra\/#breadcrumb","itemListElement":[{"@type":"ListItem","position":1,"name":"Home","item":"https:\/\/truusk.store\/sv\/"},{"@type":"ListItem","position":2,"name":"Shop","item":"https:\/\/truusk.store\/shop\/"},{"@type":"ListItem","position":3,"name":"TRUUSK Ers\u00e4ttningstak f\u00f6r Paviljong 3x3m &#8211; Vattent\u00e4tt Paviljongtak &#8211; Oxford-tyg 370g\/m\u00b2 &#8211; M\u00f6rkgr\u00e5"}]},{"@type":"WebSite","@id":"https:\/\/truusk.store\/sv\/#website","url":"https:\/\/truusk.store\/sv\/","name":"TRUUSK - Hem, Tr\u00e4dg\u00e5rd & Fritid","description":"","publisher":{"@id":"https:\/\/truusk.store\/sv\/#organization"},"potentialAction":[{"@type":"SearchAction","target":{"@type":"EntryPoint","urlTemplate":"https:\/\/truusk.store\/sv\/?s={search_term_string}"},"query-input":{"@type":"PropertyValueSpecification","valueRequired":true,"valueName":"search_term_string"}}],"inLanguage":"sv-SE"},{"@type":"Organization","@id":"https:\/\/truusk.store\/sv\/#organization","name":"TRUUSK - Hem, Tr\u00e4dg\u00e5rd & Fritid","url":"https:\/\/truusk.store\/sv\/","logo":{"@type":"ImageObject","inLanguage":"sv-SE","@id":"https:\/\/truusk.store\/sv\/#\/schema\/logo\/image\/","url":"https:\/\/i0.wp.com\/truusk.store\/wp-content\/uploads\/2026\/03\/cropped-TRUUSK.png?fit=2032%2C917&ssl=1","contentUrl":"https:\/\/i0.wp.com\/truusk.store\/wp-content\/uploads\/2026\/03\/cropped-TRUUSK.png?fit=2032%2C917&ssl=1","width":2032,"height":917,"caption":"TRUUSK - Hem, Tr\u00e4dg\u00e5rd & Fritid"},"image":{"@id":"https:\/\/truusk.store\/sv\/#\/schema\/logo\/image\/"}}]}},"jetpack_sharing_enabled":true,"_links":{"self":[{"href":"https:\/\/truusk.store\/sv\/wp-json\/wp\/v2\/product\/67859","targetHints":{"allow":["GET"]}}],"collection":[{"href":"https:\/\/truusk.store\/sv\/wp-json\/wp\/v2\/product"}],"about":[{"href":"https:\/\/truusk.store\/sv\/wp-json\/wp\/v2\/types\/product"}],"wp:featuredmedia":[{"embeddable":true,"href":"https:\/\/truusk.store\/sv\/wp-json\/wp\/v2\/media\/67850"}],"wp:attachment":[{"href":"https:\/\/truusk.store\/sv\/wp-json\/wp\/v2\/media?parent=67859"}],"wp:term":[{"taxonomy":"product_brand","embeddable":true,"href":"https:\/\/truusk.store\/sv\/wp-json\/wp\/v2\/product_brand?post=67859"},{"taxonomy":"product_cat","embeddable":true,"href":"https:\/\/truusk.store\/sv\/wp-json\/wp\/v2\/product_cat?post=67859"},{"taxonomy":"product_tag","embeddable":true,"href":"https:\/\/truusk.store\/sv\/wp-json\/wp\/v2\/product_tag?post=67859"}],"curies":[{"name":"wp","href":"https:\/\/api.w.org\/{rel}","templated":true}]}}