{"id":67909,"date":"2025-06-05T15:13:44","date_gmt":"2025-06-05T14:13:44","guid":{"rendered":"https:\/\/truusk.store\/product\/2-pack-konstgjord-spiral-eukalyptus-90-cm-krukvaxt-konstvaxt-stora-dekorativa-vaxter-i-kruka-for-hemmet-kontoret-hallen-tradgarden-gron\/"},"modified":"2026-03-12T08:40:19","modified_gmt":"2026-03-12T07:40:19","slug":"truusk-2-pack-konstgjord-spiral-eukalyptus-90-cm-krukvaxt-stora-dekorativa-vaxter-i-kruka-gron-for-hemmet-kontoret","status":"publish","type":"product","link":"https:\/\/truusk.store\/sv\/produkt\/truusk-2-pack-konstgjord-spiral-eukalyptus-90-cm-krukvaxt-stora-dekorativa-vaxter-i-kruka-gron-for-hemmet-kontoret\/","title":{"rendered":"TRUUSK 2-pack Konstgjord Spiral-eukalyptus &#8211; 90 Cm Krukv\u00e4xt &#8211; Stora Dekorativa V\u00e4xter I Kruka &#8211; Gr\u00f6n &#8211; F\u00f6r Hemmet, Kontoret,"},"content":{"rendered":"<p>Ge liv \u00e5t din omgivning med TRUUSK 2-pack konstgjorda v\u00e4xter i kruka. Dessa UV-resistenta konstgjorda v\u00e4xter \u00e4r l\u00e4mpliga f\u00f6r inomhus och utomhusbruk och deras naturliga textur ger en bedr\u00e4gligt \u00e4kta utstr\u00e5lning. Upplev l\u00e4ttsk\u00f6tt gr\u00f6nska \u00e5ret runt och berika din inredning med deras best\u00e4ndiga elegans. Du kommer att ha mycket gl\u00e4dje av dessa stilfulla dekorativa konstgjorda v\u00e4xter under l\u00e5ng tid.<\/p>\n<p>Beskrivning:<\/p>\n<ul>\n<li> 2-pack<\/li>\n<li> Snygg konstgjord krukv\u00e4xt<\/li>\n<li> Den naturliga texturen hos konstv\u00e4xten ger en extremt realistisk utseende och k\u00e4nsla<\/li>\n<li> UV-skyddad, l\u00e4mplig f\u00f6r dekoration inomhus och utomhus<\/li>\n<li> L\u00e4mplig f\u00f6r hemmet, tr\u00e4dg\u00e5rden, kontoret eller verandan<\/li>\n<li> Konstgjord tillverkning av krukv\u00e4xten bevarar sk\u00f6nheten \u00e5ret runt med minimal sk\u00f6tsel<\/li>\n<li> Stabil kruka och st\u00e5lr\u00f6r ger stabilitet<\/li>\n<li> Ingen montering kr\u00e4vs<\/li>\n<\/ul>\n<p> Tekniska data:<\/p>\n<ul>\n<li> F\u00e4rg: Gr\u00f6n<\/li>\n<li> Material: Plast, st\u00e5l, cement<\/li>\n<li> Typ: Spiral-buxbom<\/li>\n<li> Total h\u00f6jd: 90 cm<\/li>\n<li> Krukstorlek: \u00d817,5 x 14 cm<\/li>\n<\/ul>\n<p>Leveransinneh\u00e5ll:<\/p>\n<ul>\n<li> 2 x Konstgjorda v\u00e4xter;<\/li>\n<\/ul>\n","protected":false},"excerpt":{"rendered":"<p>Ge liv \u00e5t din omgivning med TRUUSK 2-pack konstgjorda v\u00e4xter i kruka. Dessa UV-resistenta konstgjorda v\u00e4xter \u00e4r l\u00e4mpliga f\u00f6r inomhus&#8230;<\/p>\n","protected":false},"featured_media":67900,"template":"","meta":[],"product_brand":[],"product_cat":[962,871,681],"product_tag":[],"class_list":{"0":"post-67909","1":"product","2":"type-product","3":"status-publish","4":"has-post-thumbnail","6":"product_cat-dekoration","7":"product_cat-hus-hem","8":"product_cat-konstgjorda-vaxter","10":"first","11":"instock","12":"sale","13":"taxable","14":"shipping-taxable","15":"purchasable","16":"product-type-simple"},"yoast_head":"<!-- This site is optimized with the Yoast SEO plugin v25.4 - https:\/\/yoast.com\/wordpress\/plugins\/seo\/ -->\n<title>TRUUSK 2-pack Konstgjord Spiral-eukalyptus - 90 Cm Krukv\u00e4xt - Stora Dekorativa V\u00e4xter I Kruka - Gr\u00f6n - F\u00f6r Hemmet, Kontoret, - TRUUSK - Hem, Tr\u00e4dg\u00e5rd &amp; Fritid<\/title>\n<meta name=\"robots\" content=\"index, follow, max-snippet:-1, max-image-preview:large, max-video-preview:-1\" \/>\n<link rel=\"canonical\" href=\"https:\/\/truusk.store\/sv\/produkt\/truusk-2-pack-konstgjord-spiral-eukalyptus-90-cm-krukvaxt-stora-dekorativa-vaxter-i-kruka-gron-for-hemmet-kontoret\/\" \/>\n<meta property=\"og:locale\" content=\"sv_SE\" \/>\n<meta property=\"og:type\" content=\"article\" \/>\n<meta property=\"og:title\" content=\"TRUUSK 2-pack Konstgjord Spiral-eukalyptus - 90 Cm Krukv\u00e4xt - Stora Dekorativa V\u00e4xter I Kruka - Gr\u00f6n - F\u00f6r Hemmet, Kontoret, - TRUUSK - Hem, Tr\u00e4dg\u00e5rd &amp; Fritid\" \/>\n<meta property=\"og:description\" content=\"Ge liv \u00e5t din omgivning med TRUUSK 2-pack konstgjorda v\u00e4xter i kruka. Dessa UV-resistenta konstgjorda v\u00e4xter \u00e4r l\u00e4mpliga f\u00f6r inomhus...\" \/>\n<meta property=\"og:url\" content=\"https:\/\/truusk.store\/sv\/produkt\/truusk-2-pack-konstgjord-spiral-eukalyptus-90-cm-krukvaxt-stora-dekorativa-vaxter-i-kruka-gron-for-hemmet-kontoret\/\" \/>\n<meta property=\"og:site_name\" content=\"TRUUSK - Hem, Tr\u00e4dg\u00e5rd &amp; Fritid\" \/>\n<meta property=\"article:modified_time\" content=\"2026-03-12T07:40:19+00:00\" \/>\n<meta property=\"og:image\" content=\"https:\/\/i0.wp.com\/truusk.se\/wp-content\/uploads\/2025\/06\/2-pack-konstgjord-spiral-eukalyptus-90-cm-krukvaxt-konstvaxt-stora-dekorativa-vaxter-i-kruka-for-hemmet-kontoret-hallen-tradgarden-gron-1.webp?fit=2000%2C2000&ssl=1\" \/>\n\t<meta property=\"og:image:width\" content=\"2000\" \/>\n\t<meta property=\"og:image:height\" content=\"2000\" \/>\n\t<meta property=\"og:image:type\" content=\"image\/webp\" \/>\n<meta name=\"twitter:card\" content=\"summary_large_image\" \/>\n<meta name=\"twitter:label1\" content=\"Ber\u00e4knad l\u00e4stid\" \/>\n\t<meta name=\"twitter:data1\" content=\"1 minut\" \/>\n<!-- \/ Yoast SEO plugin. -->","yoast_head_json":{"title":"TRUUSK 2-pack Konstgjord Spiral-eukalyptus - 90 Cm Krukv\u00e4xt - Stora Dekorativa V\u00e4xter I Kruka - Gr\u00f6n - F\u00f6r Hemmet, Kontoret, - TRUUSK - Hem, Tr\u00e4dg\u00e5rd &amp; Fritid","robots":{"index":"index","follow":"follow","max-snippet":"max-snippet:-1","max-image-preview":"max-image-preview:large","max-video-preview":"max-video-preview:-1"},"canonical":"https:\/\/truusk.store\/sv\/produkt\/truusk-2-pack-konstgjord-spiral-eukalyptus-90-cm-krukvaxt-stora-dekorativa-vaxter-i-kruka-gron-for-hemmet-kontoret\/","og_locale":"sv_SE","og_type":"article","og_title":"TRUUSK 2-pack Konstgjord Spiral-eukalyptus - 90 Cm Krukv\u00e4xt - Stora Dekorativa V\u00e4xter I Kruka - Gr\u00f6n - F\u00f6r Hemmet, Kontoret, - TRUUSK - Hem, Tr\u00e4dg\u00e5rd &amp; Fritid","og_description":"Ge liv \u00e5t din omgivning med TRUUSK 2-pack konstgjorda v\u00e4xter i kruka. Dessa UV-resistenta konstgjorda v\u00e4xter \u00e4r l\u00e4mpliga f\u00f6r inomhus...","og_url":"https:\/\/truusk.store\/sv\/produkt\/truusk-2-pack-konstgjord-spiral-eukalyptus-90-cm-krukvaxt-stora-dekorativa-vaxter-i-kruka-gron-for-hemmet-kontoret\/","og_site_name":"TRUUSK - Hem, Tr\u00e4dg\u00e5rd &amp; Fritid","article_modified_time":"2026-03-12T07:40:19+00:00","og_image":[{"width":2000,"height":2000,"url":"https:\/\/i0.wp.com\/truusk.se\/wp-content\/uploads\/2025\/06\/2-pack-konstgjord-spiral-eukalyptus-90-cm-krukvaxt-konstvaxt-stora-dekorativa-vaxter-i-kruka-for-hemmet-kontoret-hallen-tradgarden-gron-1.webp?fit=2000%2C2000&ssl=1","type":"image\/webp"}],"twitter_card":"summary_large_image","twitter_misc":{"Ber\u00e4knad l\u00e4stid":"1 minut"},"schema":{"@context":"https:\/\/schema.org","@graph":[{"@type":"WebPage","@id":"https:\/\/truusk.store\/sv\/produkt\/truusk-2-pack-konstgjord-spiral-eukalyptus-90-cm-krukvaxt-stora-dekorativa-vaxter-i-kruka-gron-for-hemmet-kontoret\/","url":"https:\/\/truusk.store\/sv\/produkt\/truusk-2-pack-konstgjord-spiral-eukalyptus-90-cm-krukvaxt-stora-dekorativa-vaxter-i-kruka-gron-for-hemmet-kontoret\/","name":"TRUUSK 2-pack Konstgjord Spiral-eukalyptus - 90 Cm Krukv\u00e4xt - Stora Dekorativa V\u00e4xter I Kruka - Gr\u00f6n - F\u00f6r Hemmet, Kontoret, - TRUUSK - Hem, Tr\u00e4dg\u00e5rd &amp; Fritid","isPartOf":{"@id":"https:\/\/truusk.store\/sv\/#website"},"primaryImageOfPage":{"@id":"https:\/\/truusk.store\/sv\/produkt\/truusk-2-pack-konstgjord-spiral-eukalyptus-90-cm-krukvaxt-stora-dekorativa-vaxter-i-kruka-gron-for-hemmet-kontoret\/#primaryimage"},"image":{"@id":"https:\/\/truusk.store\/sv\/produkt\/truusk-2-pack-konstgjord-spiral-eukalyptus-90-cm-krukvaxt-stora-dekorativa-vaxter-i-kruka-gron-for-hemmet-kontoret\/#primaryimage"},"thumbnailUrl":"https:\/\/i0.wp.com\/truusk.store\/wp-content\/uploads\/2025\/06\/2-pack-konstgjord-spiral-eukalyptus-90-cm-krukvaxt-konstvaxt-stora-dekorativa-vaxter-i-kruka-for-hemmet-kontoret-hallen-tradgarden-gron-1.webp?fit=2000%2C2000&ssl=1","datePublished":"2025-06-05T14:13:44+00:00","dateModified":"2026-03-12T07:40:19+00:00","breadcrumb":{"@id":"https:\/\/truusk.store\/sv\/produkt\/truusk-2-pack-konstgjord-spiral-eukalyptus-90-cm-krukvaxt-stora-dekorativa-vaxter-i-kruka-gron-for-hemmet-kontoret\/#breadcrumb"},"inLanguage":"sv-SE","potentialAction":[{"@type":"ReadAction","target":["https:\/\/truusk.store\/sv\/produkt\/truusk-2-pack-konstgjord-spiral-eukalyptus-90-cm-krukvaxt-stora-dekorativa-vaxter-i-kruka-gron-for-hemmet-kontoret\/"]}]},{"@type":"ImageObject","inLanguage":"sv-SE","@id":"https:\/\/truusk.store\/sv\/produkt\/truusk-2-pack-konstgjord-spiral-eukalyptus-90-cm-krukvaxt-stora-dekorativa-vaxter-i-kruka-gron-for-hemmet-kontoret\/#primaryimage","url":"https:\/\/i0.wp.com\/truusk.store\/wp-content\/uploads\/2025\/06\/2-pack-konstgjord-spiral-eukalyptus-90-cm-krukvaxt-konstvaxt-stora-dekorativa-vaxter-i-kruka-for-hemmet-kontoret-hallen-tradgarden-gron-1.webp?fit=2000%2C2000&ssl=1","contentUrl":"https:\/\/i0.wp.com\/truusk.store\/wp-content\/uploads\/2025\/06\/2-pack-konstgjord-spiral-eukalyptus-90-cm-krukvaxt-konstvaxt-stora-dekorativa-vaxter-i-kruka-for-hemmet-kontoret-hallen-tradgarden-gron-1.webp?fit=2000%2C2000&ssl=1","width":2000,"height":2000},{"@type":"BreadcrumbList","@id":"https:\/\/truusk.store\/sv\/produkt\/truusk-2-pack-konstgjord-spiral-eukalyptus-90-cm-krukvaxt-stora-dekorativa-vaxter-i-kruka-gron-for-hemmet-kontoret\/#breadcrumb","itemListElement":[{"@type":"ListItem","position":1,"name":"Home","item":"https:\/\/truusk.store\/sv\/"},{"@type":"ListItem","position":2,"name":"Shop","item":"https:\/\/truusk.store\/shop\/"},{"@type":"ListItem","position":3,"name":"TRUUSK 2-pack Konstgjord Spiral-eukalyptus &#8211; 90 Cm Krukv\u00e4xt &#8211; Stora Dekorativa V\u00e4xter I Kruka &#8211; Gr\u00f6n &#8211; F\u00f6r Hemmet, Kontoret,"}]},{"@type":"WebSite","@id":"https:\/\/truusk.store\/sv\/#website","url":"https:\/\/truusk.store\/sv\/","name":"TRUUSK - Hem, Tr\u00e4dg\u00e5rd & Fritid","description":"","publisher":{"@id":"https:\/\/truusk.store\/sv\/#organization"},"potentialAction":[{"@type":"SearchAction","target":{"@type":"EntryPoint","urlTemplate":"https:\/\/truusk.store\/sv\/?s={search_term_string}"},"query-input":{"@type":"PropertyValueSpecification","valueRequired":true,"valueName":"search_term_string"}}],"inLanguage":"sv-SE"},{"@type":"Organization","@id":"https:\/\/truusk.store\/sv\/#organization","name":"TRUUSK - Hem, Tr\u00e4dg\u00e5rd & Fritid","url":"https:\/\/truusk.store\/sv\/","logo":{"@type":"ImageObject","inLanguage":"sv-SE","@id":"https:\/\/truusk.store\/sv\/#\/schema\/logo\/image\/","url":"https:\/\/i0.wp.com\/truusk.store\/wp-content\/uploads\/2026\/03\/cropped-TRUUSK.png?fit=2032%2C917&ssl=1","contentUrl":"https:\/\/i0.wp.com\/truusk.store\/wp-content\/uploads\/2026\/03\/cropped-TRUUSK.png?fit=2032%2C917&ssl=1","width":2032,"height":917,"caption":"TRUUSK - Hem, Tr\u00e4dg\u00e5rd & Fritid"},"image":{"@id":"https:\/\/truusk.store\/sv\/#\/schema\/logo\/image\/"}}]}},"jetpack_sharing_enabled":true,"_links":{"self":[{"href":"https:\/\/truusk.store\/sv\/wp-json\/wp\/v2\/product\/67909","targetHints":{"allow":["GET"]}}],"collection":[{"href":"https:\/\/truusk.store\/sv\/wp-json\/wp\/v2\/product"}],"about":[{"href":"https:\/\/truusk.store\/sv\/wp-json\/wp\/v2\/types\/product"}],"wp:featuredmedia":[{"embeddable":true,"href":"https:\/\/truusk.store\/sv\/wp-json\/wp\/v2\/media\/67900"}],"wp:attachment":[{"href":"https:\/\/truusk.store\/sv\/wp-json\/wp\/v2\/media?parent=67909"}],"wp:term":[{"taxonomy":"product_brand","embeddable":true,"href":"https:\/\/truusk.store\/sv\/wp-json\/wp\/v2\/product_brand?post=67909"},{"taxonomy":"product_cat","embeddable":true,"href":"https:\/\/truusk.store\/sv\/wp-json\/wp\/v2\/product_cat?post=67909"},{"taxonomy":"product_tag","embeddable":true,"href":"https:\/\/truusk.store\/sv\/wp-json\/wp\/v2\/product_tag?post=67909"}],"curies":[{"name":"wp","href":"https:\/\/api.w.org\/{rel}","templated":true}]}}