{"id":67939,"date":"2025-06-05T15:17:02","date_gmt":"2025-06-05T14:17:02","guid":{"rendered":"https:\/\/truusk.store\/product\/paviljong-25x25m-vattenavvisande-stabil-vinterfast-pop-up-vikpaviljong-uv-skydd-50-vikbar-partytalt-tradgardstalt-med-4-sidodelar-vaska-tradgardspaviljong-for-camping-tradgard-morkgra\/"},"modified":"2026-03-12T08:39:14","modified_gmt":"2026-03-12T07:39:14","slug":"truusk-paviljong-25x25m-vattenavvisande-vinterfast-pop-up-vikpaviljong-uv-skydd-50-vikbar-partytalt-tradgardstalt","status":"publish","type":"product","link":"https:\/\/truusk.store\/sv\/produkt\/truusk-paviljong-25x25m-vattenavvisande-vinterfast-pop-up-vikpaviljong-uv-skydd-50-vikbar-partytalt-tradgardstalt\/","title":{"rendered":"TRUUSK Paviljong 2,5&#215;2,5m &#8211; Vattenavvisande &#8211; Vinterfast &#8211; Pop-up Vikpaviljong &#8211; UV-skydd 50+ &#8211; Vikbar Partyt\u00e4lt &#8211; Tr\u00e4dg\u00e5rdst\u00e4lt"},"content":{"rendered":"<p>TRUUSK Pop-up-paviljongen med sidov\u00e4ggar optimerar varje utomhusevenemang. Denna snabbt utf\u00e4llbara tr\u00e4dg\u00e5rdspaviljong levereras med en praktisk rullv\u00e4ska som m\u00f6jligg\u00f6r enkel f\u00f6rvaring och transport. Partyt\u00e4ltets UPF50+ Oxford-tygtak ger 98% UV-skydd och rymmer upp till 6 personer &#8211; perfekt f\u00f6r tr\u00e4dg\u00e5rdsfester, marknader eller andra evenemang.<\/p>\n<p>Beskrivning:<\/p>\n<ul>\n<li> Pop-up-designen p\u00e5 campingpaviljongen garanterar en snabb och enkel installation<\/li>\n<li> Transportv\u00e4skan med hjul m\u00f6jligg\u00f6r enkel transport och enkel f\u00f6rvaring<\/li>\n<li> UPF50+ Oxford-tygtaket p\u00e5 den f\u00e4llbara paviljongen skyddar mot 98% av UV-str\u00e5larna<\/li>\n<li> Trefaldigt justerbara ben p\u00e5 den f\u00e4llbara paviljongen f\u00f6r olika h\u00f6jdinst\u00e4llningar<\/li>\n<li> Tv\u00e5 f\u00f6nster \u00f6kar ljusstyrkan inuti<\/li>\n<li> F\u00f6rankringslinor, markankare och sands\u00e4ckar f\u00f6rb\u00e4ttrar stabiliteten<\/li>\n<li> \u00c5tta dr\u00e4neringsh\u00e5l f\u00f6rhindrar vattenansamling<\/li>\n<li> Rymligt omr\u00e5de ger 4-6 personer bekv\u00e4m skugga<\/li>\n<\/ul>\n<p> Tekniska data:<\/p>\n<ul>\n<li> F\u00e4rg: M\u00f6rkgr\u00e5<\/li>\n<li> Material: Metall, Oxford-tyg (100% polyester)<\/li>\n<li> Totala dimensioner: 250L x 250B x 268H cm<\/li>\n<li> Vikt storlek: 20L x 20B x 115H cm<\/li>\n<li> D\u00f6rrh\u00f6jd: 180H cm<\/li>\n<li> Pelaravst\u00e5nd: 240L x 240B cm<\/li>\n<li> Sidov\u00e4ggsstorlek: 255B x 194H cm<\/li>\n<li> Vindstyrka: 4-5 (10,6-20,8 km\/h)<\/li>\n<li> Sn\u00f6lastkapacitet: 5 kg\/m\u00b2<\/li>\n<li> Obs: L\u00e4mna inte paviljongen uppsatt under sv\u00e5ra v\u00e4derf\u00f6rh\u00e5llanden. Anv\u00e4nd alltid b\u00e5de de medf\u00f6ljande t\u00e4ltpinnarna och f\u00f6rankringslinorna n\u00e4r du anv\u00e4nder den<\/li>\n<\/ul>\n<p>Leveransinneh\u00e5ll:<\/p>\n<ul>\n<li> 1 x F\u00e4llbar paviljong<\/li>\n<li> 4 x F\u00f6rankringslina<\/li>\n<li> 12 x Markpinnar<\/li>\n<li> 4 x Sands\u00e4ck<\/li>\n<li> 1 x Transportv\u00e4ska med hjul<\/li>\n<li> 1 x Bruksanvisning<\/li>\n<\/ul>\n","protected":false},"excerpt":{"rendered":"<p>TRUUSK Pop-up-paviljongen med sidov\u00e4ggar optimerar varje utomhusevenemang. Denna snabbt utf\u00e4llbara tr\u00e4dg\u00e5rdspaviljong levereras med en praktisk rullv\u00e4ska som m\u00f6jligg\u00f6r enkel f\u00f6rvaring&#8230;<\/p>\n","protected":false},"featured_media":67930,"template":"","meta":[],"product_brand":[],"product_cat":[477,858,476],"product_tag":[],"class_list":{"0":"post-67939","1":"product","2":"type-product","3":"status-publish","4":"has-post-thumbnail","6":"product_cat-paviljonger-partytalt","7":"product_cat-tradgard-terrass","8":"product_cat-tradgardspaviljonger","10":"first","11":"instock","12":"sale","13":"taxable","14":"shipping-taxable","15":"purchasable","16":"product-type-simple"},"yoast_head":"<!-- This site is optimized with the Yoast SEO plugin v25.4 - https:\/\/yoast.com\/wordpress\/plugins\/seo\/ -->\n<title>TRUUSK Paviljong 2,5x2,5m - Vattenavvisande - Vinterfast - Pop-up Vikpaviljong - UV-skydd 50+ - Vikbar Partyt\u00e4lt - Tr\u00e4dg\u00e5rdst\u00e4lt - TRUUSK - Hem, Tr\u00e4dg\u00e5rd &amp; Fritid<\/title>\n<meta name=\"robots\" content=\"index, follow, max-snippet:-1, max-image-preview:large, max-video-preview:-1\" \/>\n<link rel=\"canonical\" href=\"https:\/\/truusk.store\/sv\/produkt\/truusk-paviljong-25x25m-vattenavvisande-vinterfast-pop-up-vikpaviljong-uv-skydd-50-vikbar-partytalt-tradgardstalt\/\" \/>\n<meta property=\"og:locale\" content=\"sv_SE\" \/>\n<meta property=\"og:type\" content=\"article\" \/>\n<meta property=\"og:title\" content=\"TRUUSK Paviljong 2,5x2,5m - Vattenavvisande - Vinterfast - Pop-up Vikpaviljong - UV-skydd 50+ - Vikbar Partyt\u00e4lt - Tr\u00e4dg\u00e5rdst\u00e4lt - TRUUSK - Hem, Tr\u00e4dg\u00e5rd &amp; Fritid\" \/>\n<meta property=\"og:description\" content=\"TRUUSK Pop-up-paviljongen med sidov\u00e4ggar optimerar varje utomhusevenemang. Denna snabbt utf\u00e4llbara tr\u00e4dg\u00e5rdspaviljong levereras med en praktisk rullv\u00e4ska som m\u00f6jligg\u00f6r enkel f\u00f6rvaring...\" \/>\n<meta property=\"og:url\" content=\"https:\/\/truusk.store\/sv\/produkt\/truusk-paviljong-25x25m-vattenavvisande-vinterfast-pop-up-vikpaviljong-uv-skydd-50-vikbar-partytalt-tradgardstalt\/\" \/>\n<meta property=\"og:site_name\" content=\"TRUUSK - Hem, Tr\u00e4dg\u00e5rd &amp; Fritid\" \/>\n<meta property=\"article:modified_time\" content=\"2026-03-12T07:39:14+00:00\" \/>\n<meta property=\"og:image\" content=\"https:\/\/i0.wp.com\/truusk.se\/wp-content\/uploads\/2025\/06\/paviljong-25x25m-vattenavvisande-stabil-vinterfast-pop-up-vikpaviljong-uv-skydd-50-vikbar-partytalt-tradgardstalt-med-4-sidodelar-vaska-tradgardspaviljong-for-camping-tradgard-morkgra-1.webp?fit=2000%2C2000&ssl=1\" \/>\n\t<meta property=\"og:image:width\" content=\"2000\" \/>\n\t<meta property=\"og:image:height\" content=\"2000\" \/>\n\t<meta property=\"og:image:type\" content=\"image\/webp\" \/>\n<meta name=\"twitter:card\" content=\"summary_large_image\" \/>\n<meta name=\"twitter:label1\" content=\"Ber\u00e4knad l\u00e4stid\" \/>\n\t<meta name=\"twitter:data1\" content=\"1 minut\" \/>\n<!-- \/ Yoast SEO plugin. -->","yoast_head_json":{"title":"TRUUSK Paviljong 2,5x2,5m - Vattenavvisande - Vinterfast - Pop-up Vikpaviljong - UV-skydd 50+ - Vikbar Partyt\u00e4lt - Tr\u00e4dg\u00e5rdst\u00e4lt - TRUUSK - Hem, Tr\u00e4dg\u00e5rd &amp; Fritid","robots":{"index":"index","follow":"follow","max-snippet":"max-snippet:-1","max-image-preview":"max-image-preview:large","max-video-preview":"max-video-preview:-1"},"canonical":"https:\/\/truusk.store\/sv\/produkt\/truusk-paviljong-25x25m-vattenavvisande-vinterfast-pop-up-vikpaviljong-uv-skydd-50-vikbar-partytalt-tradgardstalt\/","og_locale":"sv_SE","og_type":"article","og_title":"TRUUSK Paviljong 2,5x2,5m - Vattenavvisande - Vinterfast - Pop-up Vikpaviljong - UV-skydd 50+ - Vikbar Partyt\u00e4lt - Tr\u00e4dg\u00e5rdst\u00e4lt - TRUUSK - Hem, Tr\u00e4dg\u00e5rd &amp; Fritid","og_description":"TRUUSK Pop-up-paviljongen med sidov\u00e4ggar optimerar varje utomhusevenemang. Denna snabbt utf\u00e4llbara tr\u00e4dg\u00e5rdspaviljong levereras med en praktisk rullv\u00e4ska som m\u00f6jligg\u00f6r enkel f\u00f6rvaring...","og_url":"https:\/\/truusk.store\/sv\/produkt\/truusk-paviljong-25x25m-vattenavvisande-vinterfast-pop-up-vikpaviljong-uv-skydd-50-vikbar-partytalt-tradgardstalt\/","og_site_name":"TRUUSK - Hem, Tr\u00e4dg\u00e5rd &amp; Fritid","article_modified_time":"2026-03-12T07:39:14+00:00","og_image":[{"width":2000,"height":2000,"url":"https:\/\/i0.wp.com\/truusk.se\/wp-content\/uploads\/2025\/06\/paviljong-25x25m-vattenavvisande-stabil-vinterfast-pop-up-vikpaviljong-uv-skydd-50-vikbar-partytalt-tradgardstalt-med-4-sidodelar-vaska-tradgardspaviljong-for-camping-tradgard-morkgra-1.webp?fit=2000%2C2000&ssl=1","type":"image\/webp"}],"twitter_card":"summary_large_image","twitter_misc":{"Ber\u00e4knad l\u00e4stid":"1 minut"},"schema":{"@context":"https:\/\/schema.org","@graph":[{"@type":"WebPage","@id":"https:\/\/truusk.store\/sv\/produkt\/truusk-paviljong-25x25m-vattenavvisande-vinterfast-pop-up-vikpaviljong-uv-skydd-50-vikbar-partytalt-tradgardstalt\/","url":"https:\/\/truusk.store\/sv\/produkt\/truusk-paviljong-25x25m-vattenavvisande-vinterfast-pop-up-vikpaviljong-uv-skydd-50-vikbar-partytalt-tradgardstalt\/","name":"TRUUSK Paviljong 2,5x2,5m - Vattenavvisande - Vinterfast - Pop-up Vikpaviljong - UV-skydd 50+ - Vikbar Partyt\u00e4lt - Tr\u00e4dg\u00e5rdst\u00e4lt - TRUUSK - Hem, Tr\u00e4dg\u00e5rd &amp; Fritid","isPartOf":{"@id":"https:\/\/truusk.store\/sv\/#website"},"primaryImageOfPage":{"@id":"https:\/\/truusk.store\/sv\/produkt\/truusk-paviljong-25x25m-vattenavvisande-vinterfast-pop-up-vikpaviljong-uv-skydd-50-vikbar-partytalt-tradgardstalt\/#primaryimage"},"image":{"@id":"https:\/\/truusk.store\/sv\/produkt\/truusk-paviljong-25x25m-vattenavvisande-vinterfast-pop-up-vikpaviljong-uv-skydd-50-vikbar-partytalt-tradgardstalt\/#primaryimage"},"thumbnailUrl":"https:\/\/i0.wp.com\/truusk.store\/wp-content\/uploads\/2025\/06\/paviljong-25x25m-vattenavvisande-stabil-vinterfast-pop-up-vikpaviljong-uv-skydd-50-vikbar-partytalt-tradgardstalt-med-4-sidodelar-vaska-tradgardspaviljong-for-camping-tradgard-morkgra-1.webp?fit=2000%2C2000&ssl=1","datePublished":"2025-06-05T14:17:02+00:00","dateModified":"2026-03-12T07:39:14+00:00","breadcrumb":{"@id":"https:\/\/truusk.store\/sv\/produkt\/truusk-paviljong-25x25m-vattenavvisande-vinterfast-pop-up-vikpaviljong-uv-skydd-50-vikbar-partytalt-tradgardstalt\/#breadcrumb"},"inLanguage":"sv-SE","potentialAction":[{"@type":"ReadAction","target":["https:\/\/truusk.store\/sv\/produkt\/truusk-paviljong-25x25m-vattenavvisande-vinterfast-pop-up-vikpaviljong-uv-skydd-50-vikbar-partytalt-tradgardstalt\/"]}]},{"@type":"ImageObject","inLanguage":"sv-SE","@id":"https:\/\/truusk.store\/sv\/produkt\/truusk-paviljong-25x25m-vattenavvisande-vinterfast-pop-up-vikpaviljong-uv-skydd-50-vikbar-partytalt-tradgardstalt\/#primaryimage","url":"https:\/\/i0.wp.com\/truusk.store\/wp-content\/uploads\/2025\/06\/paviljong-25x25m-vattenavvisande-stabil-vinterfast-pop-up-vikpaviljong-uv-skydd-50-vikbar-partytalt-tradgardstalt-med-4-sidodelar-vaska-tradgardspaviljong-for-camping-tradgard-morkgra-1.webp?fit=2000%2C2000&ssl=1","contentUrl":"https:\/\/i0.wp.com\/truusk.store\/wp-content\/uploads\/2025\/06\/paviljong-25x25m-vattenavvisande-stabil-vinterfast-pop-up-vikpaviljong-uv-skydd-50-vikbar-partytalt-tradgardstalt-med-4-sidodelar-vaska-tradgardspaviljong-for-camping-tradgard-morkgra-1.webp?fit=2000%2C2000&ssl=1","width":2000,"height":2000},{"@type":"BreadcrumbList","@id":"https:\/\/truusk.store\/sv\/produkt\/truusk-paviljong-25x25m-vattenavvisande-vinterfast-pop-up-vikpaviljong-uv-skydd-50-vikbar-partytalt-tradgardstalt\/#breadcrumb","itemListElement":[{"@type":"ListItem","position":1,"name":"Home","item":"https:\/\/truusk.store\/sv\/"},{"@type":"ListItem","position":2,"name":"Shop","item":"https:\/\/truusk.store\/shop\/"},{"@type":"ListItem","position":3,"name":"TRUUSK Paviljong 2,5&#215;2,5m &#8211; Vattenavvisande &#8211; Vinterfast &#8211; Pop-up Vikpaviljong &#8211; UV-skydd 50+ &#8211; Vikbar Partyt\u00e4lt &#8211; Tr\u00e4dg\u00e5rdst\u00e4lt"}]},{"@type":"WebSite","@id":"https:\/\/truusk.store\/sv\/#website","url":"https:\/\/truusk.store\/sv\/","name":"TRUUSK - Hem, Tr\u00e4dg\u00e5rd & Fritid","description":"","publisher":{"@id":"https:\/\/truusk.store\/sv\/#organization"},"potentialAction":[{"@type":"SearchAction","target":{"@type":"EntryPoint","urlTemplate":"https:\/\/truusk.store\/sv\/?s={search_term_string}"},"query-input":{"@type":"PropertyValueSpecification","valueRequired":true,"valueName":"search_term_string"}}],"inLanguage":"sv-SE"},{"@type":"Organization","@id":"https:\/\/truusk.store\/sv\/#organization","name":"TRUUSK - Hem, Tr\u00e4dg\u00e5rd & Fritid","url":"https:\/\/truusk.store\/sv\/","logo":{"@type":"ImageObject","inLanguage":"sv-SE","@id":"https:\/\/truusk.store\/sv\/#\/schema\/logo\/image\/","url":"https:\/\/i0.wp.com\/truusk.store\/wp-content\/uploads\/2026\/03\/cropped-TRUUSK.png?fit=2032%2C917&ssl=1","contentUrl":"https:\/\/i0.wp.com\/truusk.store\/wp-content\/uploads\/2026\/03\/cropped-TRUUSK.png?fit=2032%2C917&ssl=1","width":2032,"height":917,"caption":"TRUUSK - Hem, Tr\u00e4dg\u00e5rd & Fritid"},"image":{"@id":"https:\/\/truusk.store\/sv\/#\/schema\/logo\/image\/"}}]}},"jetpack_sharing_enabled":true,"_links":{"self":[{"href":"https:\/\/truusk.store\/sv\/wp-json\/wp\/v2\/product\/67939","targetHints":{"allow":["GET"]}}],"collection":[{"href":"https:\/\/truusk.store\/sv\/wp-json\/wp\/v2\/product"}],"about":[{"href":"https:\/\/truusk.store\/sv\/wp-json\/wp\/v2\/types\/product"}],"wp:featuredmedia":[{"embeddable":true,"href":"https:\/\/truusk.store\/sv\/wp-json\/wp\/v2\/media\/67930"}],"wp:attachment":[{"href":"https:\/\/truusk.store\/sv\/wp-json\/wp\/v2\/media?parent=67939"}],"wp:term":[{"taxonomy":"product_brand","embeddable":true,"href":"https:\/\/truusk.store\/sv\/wp-json\/wp\/v2\/product_brand?post=67939"},{"taxonomy":"product_cat","embeddable":true,"href":"https:\/\/truusk.store\/sv\/wp-json\/wp\/v2\/product_cat?post=67939"},{"taxonomy":"product_tag","embeddable":true,"href":"https:\/\/truusk.store\/sv\/wp-json\/wp\/v2\/product_tag?post=67939"}],"curies":[{"name":"wp","href":"https:\/\/api.w.org\/{rel}","templated":true}]}}