{"id":67969,"date":"2025-06-05T15:19:44","date_gmt":"2025-06-05T14:19:44","guid":{"rendered":"https:\/\/truusk.store\/product\/outsuuny-2-i-1-hollywood-svang-med-liggfunktion-3-sits-tradgardssvang-med-justerbart-solskydd-svangbank-belastar-upp-till-240kg-tradgardsliggare-for-tradgard-terrass-195x117x175-cm-beige\/"},"modified":"2026-03-12T09:38:37","modified_gmt":"2026-03-12T08:38:37","slug":"truusk-2-i-1-hollywood-svang-med-liggfunktion-justerbart-solskydd-belastar-upp-till-240kg-for-tradgard-terrass","status":"publish","type":"product","link":"https:\/\/truusk.store\/sv\/produkt\/truusk-2-i-1-hollywood-svang-med-liggfunktion-justerbart-solskydd-belastar-upp-till-240kg-for-tradgard-terrass\/","title":{"rendered":"TRUUSK 2-i-1 Hollywood-sv\u00e4ng med Liggfunktion &#8211; Justerbart Solskydd &#8211; Belastar upp till 240kg &#8211; F\u00f6r Tr\u00e4dg\u00e5rd, Terrass &#8211;"},"content":{"rendered":"<p>Njut av en avkopplande paus p\u00e5 denna bekv\u00e4ma tr\u00e4dg\u00e5rdsgunga f\u00f6r vuxna. Den robusta, pulverlackerade st\u00e5lramen p\u00e5 Hollywood-gungan \u00e4r utrustad med ett vattenavvisande baldakin som ger extra skugga. H\u00e4r tillbringar du trevliga timmar, antingen ensam eller med v\u00e4nner och familj. Omvandlad till en dagb\u00e4dd kan gungan dessutom l\u00e5sas f\u00f6r att f\u00f6rhindra o\u00f6nskad gungning.<\/p>\n<p>Beskrivning:<\/p>\n<ul>\n<li> Gungan rymmer bekv\u00e4mt upp till tre personer<\/li>\n<li> Kan omvandlas till en dagb\u00e4dd<\/li>\n<li> Inbyggd paviljong som skydd mot solen<\/li>\n<li> Robust och h\u00e5llbar gungst\u00e4llning av pulverlackerat st\u00e5l<\/li>\n<li> Bekv\u00e4mt vadderad sits<\/li>\n<li> Enkel montering kr\u00e4vs<\/li>\n<li> Justerbart baldakin med anti-UV och vattent\u00e4t polyesterduk p\u00e5 tr\u00e4dg\u00e5rdsgungan f\u00f6r optimalt solskydd<\/li>\n<\/ul>\n<p> Tekniska data:<\/p>\n<ul>\n<li> F\u00e4rg: Beige + Svart<\/li>\n<li> Material: St\u00e5l, Polyester, Andningsn\u00e4t<\/li>\n<li> Totala dimensioner: 195L x 117B x 175H cm<\/li>\n<li> Sitsstorlek: 106B x 50T cm<\/li>\n<li> Kuddstorlek: 106L x 50B x 7T cm<\/li>\n<li> Baldakinstorlek: 190L x 117,5B cm<\/li>\n<li> S\u00e4ngstorlek: 104L x 145B cm<\/li>\n<li> Sitsens h\u00f6jd fr\u00e5n golvet: 46H cm<\/li>\n<li> B\u00e4rkapacitet: 240 kg<\/li>\n<\/ul>\n<p>Leveransinneh\u00e5ll:<\/p>\n<ul>\n<li> 1 x Gungb\u00e4nk<\/li>\n<li> 1 x Handbok<\/li>\n<\/ul>\n","protected":false},"excerpt":{"rendered":"<p>Njut av en avkopplande paus p\u00e5 denna bekv\u00e4ma tr\u00e4dg\u00e5rdsgunga f\u00f6r vuxna. Den robusta, pulverlackerade st\u00e5lramen p\u00e5 Hollywood-gungan \u00e4r utrustad med&#8230;<\/p>\n","protected":false},"featured_media":67960,"template":"","meta":[],"product_brand":[],"product_cat":[453,858,450],"product_tag":[],"class_list":{"0":"post-67969","1":"product","2":"type-product","3":"status-publish","4":"has-post-thumbnail","6":"product_cat-hollywood-gungor","7":"product_cat-tradgard-terrass","8":"product_cat-tradgardsmobler","10":"first","11":"instock","12":"sale","13":"taxable","14":"shipping-taxable","15":"purchasable","16":"product-type-simple"},"yoast_head":"<!-- This site is optimized with the Yoast SEO plugin v25.4 - https:\/\/yoast.com\/wordpress\/plugins\/seo\/ -->\n<title>TRUUSK 2-i-1 Hollywood-sv\u00e4ng med Liggfunktion - Justerbart Solskydd - Belastar upp till 240kg - F\u00f6r Tr\u00e4dg\u00e5rd, Terrass - TRUUSK - Hem, Tr\u00e4dg\u00e5rd &amp; Fritid<\/title>\n<meta name=\"robots\" content=\"index, follow, max-snippet:-1, max-image-preview:large, max-video-preview:-1\" \/>\n<link rel=\"canonical\" href=\"https:\/\/truusk.store\/sv\/produkt\/truusk-2-i-1-hollywood-svang-med-liggfunktion-justerbart-solskydd-belastar-upp-till-240kg-for-tradgard-terrass\/\" \/>\n<meta property=\"og:locale\" content=\"sv_SE\" \/>\n<meta property=\"og:type\" content=\"article\" \/>\n<meta property=\"og:title\" content=\"TRUUSK 2-i-1 Hollywood-sv\u00e4ng med Liggfunktion - Justerbart Solskydd - Belastar upp till 240kg - F\u00f6r Tr\u00e4dg\u00e5rd, Terrass - TRUUSK - Hem, Tr\u00e4dg\u00e5rd &amp; Fritid\" \/>\n<meta property=\"og:description\" content=\"Njut av en avkopplande paus p\u00e5 denna bekv\u00e4ma tr\u00e4dg\u00e5rdsgunga f\u00f6r vuxna. Den robusta, pulverlackerade st\u00e5lramen p\u00e5 Hollywood-gungan \u00e4r utrustad med...\" \/>\n<meta property=\"og:url\" content=\"https:\/\/truusk.store\/sv\/produkt\/truusk-2-i-1-hollywood-svang-med-liggfunktion-justerbart-solskydd-belastar-upp-till-240kg-for-tradgard-terrass\/\" \/>\n<meta property=\"og:site_name\" content=\"TRUUSK - Hem, Tr\u00e4dg\u00e5rd &amp; Fritid\" \/>\n<meta property=\"article:modified_time\" content=\"2026-03-12T08:38:37+00:00\" \/>\n<meta property=\"og:image\" content=\"https:\/\/i0.wp.com\/truusk.se\/wp-content\/uploads\/2025\/06\/outsuuny-2-i-1-hollywood-svang-med-liggfunktion-3-sits-tradgardssvang-med-justerbart-solskydd-svangbank-belastar-upp-till-240kg-tradgardsliggare-for-tradgard-terrass-195x117x175-cm-beige-1.webp?fit=2000%2C2000&ssl=1\" \/>\n\t<meta property=\"og:image:width\" content=\"2000\" \/>\n\t<meta property=\"og:image:height\" content=\"2000\" \/>\n\t<meta property=\"og:image:type\" content=\"image\/webp\" \/>\n<meta name=\"twitter:card\" content=\"summary_large_image\" \/>\n<meta name=\"twitter:label1\" content=\"Ber\u00e4knad l\u00e4stid\" \/>\n\t<meta name=\"twitter:data1\" content=\"1 minut\" \/>\n<!-- \/ Yoast SEO plugin. -->","yoast_head_json":{"title":"TRUUSK 2-i-1 Hollywood-sv\u00e4ng med Liggfunktion - Justerbart Solskydd - Belastar upp till 240kg - F\u00f6r Tr\u00e4dg\u00e5rd, Terrass - TRUUSK - Hem, Tr\u00e4dg\u00e5rd &amp; Fritid","robots":{"index":"index","follow":"follow","max-snippet":"max-snippet:-1","max-image-preview":"max-image-preview:large","max-video-preview":"max-video-preview:-1"},"canonical":"https:\/\/truusk.store\/sv\/produkt\/truusk-2-i-1-hollywood-svang-med-liggfunktion-justerbart-solskydd-belastar-upp-till-240kg-for-tradgard-terrass\/","og_locale":"sv_SE","og_type":"article","og_title":"TRUUSK 2-i-1 Hollywood-sv\u00e4ng med Liggfunktion - Justerbart Solskydd - Belastar upp till 240kg - F\u00f6r Tr\u00e4dg\u00e5rd, Terrass - TRUUSK - Hem, Tr\u00e4dg\u00e5rd &amp; Fritid","og_description":"Njut av en avkopplande paus p\u00e5 denna bekv\u00e4ma tr\u00e4dg\u00e5rdsgunga f\u00f6r vuxna. Den robusta, pulverlackerade st\u00e5lramen p\u00e5 Hollywood-gungan \u00e4r utrustad med...","og_url":"https:\/\/truusk.store\/sv\/produkt\/truusk-2-i-1-hollywood-svang-med-liggfunktion-justerbart-solskydd-belastar-upp-till-240kg-for-tradgard-terrass\/","og_site_name":"TRUUSK - Hem, Tr\u00e4dg\u00e5rd &amp; Fritid","article_modified_time":"2026-03-12T08:38:37+00:00","og_image":[{"width":2000,"height":2000,"url":"https:\/\/i0.wp.com\/truusk.se\/wp-content\/uploads\/2025\/06\/outsuuny-2-i-1-hollywood-svang-med-liggfunktion-3-sits-tradgardssvang-med-justerbart-solskydd-svangbank-belastar-upp-till-240kg-tradgardsliggare-for-tradgard-terrass-195x117x175-cm-beige-1.webp?fit=2000%2C2000&ssl=1","type":"image\/webp"}],"twitter_card":"summary_large_image","twitter_misc":{"Ber\u00e4knad l\u00e4stid":"1 minut"},"schema":{"@context":"https:\/\/schema.org","@graph":[{"@type":"WebPage","@id":"https:\/\/truusk.store\/sv\/produkt\/truusk-2-i-1-hollywood-svang-med-liggfunktion-justerbart-solskydd-belastar-upp-till-240kg-for-tradgard-terrass\/","url":"https:\/\/truusk.store\/sv\/produkt\/truusk-2-i-1-hollywood-svang-med-liggfunktion-justerbart-solskydd-belastar-upp-till-240kg-for-tradgard-terrass\/","name":"TRUUSK 2-i-1 Hollywood-sv\u00e4ng med Liggfunktion - Justerbart Solskydd - Belastar upp till 240kg - F\u00f6r Tr\u00e4dg\u00e5rd, Terrass - TRUUSK - Hem, Tr\u00e4dg\u00e5rd &amp; Fritid","isPartOf":{"@id":"https:\/\/truusk.store\/sv\/#website"},"primaryImageOfPage":{"@id":"https:\/\/truusk.store\/sv\/produkt\/truusk-2-i-1-hollywood-svang-med-liggfunktion-justerbart-solskydd-belastar-upp-till-240kg-for-tradgard-terrass\/#primaryimage"},"image":{"@id":"https:\/\/truusk.store\/sv\/produkt\/truusk-2-i-1-hollywood-svang-med-liggfunktion-justerbart-solskydd-belastar-upp-till-240kg-for-tradgard-terrass\/#primaryimage"},"thumbnailUrl":"https:\/\/i0.wp.com\/truusk.store\/wp-content\/uploads\/2025\/06\/outsuuny-2-i-1-hollywood-svang-med-liggfunktion-3-sits-tradgardssvang-med-justerbart-solskydd-svangbank-belastar-upp-till-240kg-tradgardsliggare-for-tradgard-terrass-195x117x175-cm-beige-1.webp?fit=2000%2C2000&ssl=1","datePublished":"2025-06-05T14:19:44+00:00","dateModified":"2026-03-12T08:38:37+00:00","breadcrumb":{"@id":"https:\/\/truusk.store\/sv\/produkt\/truusk-2-i-1-hollywood-svang-med-liggfunktion-justerbart-solskydd-belastar-upp-till-240kg-for-tradgard-terrass\/#breadcrumb"},"inLanguage":"sv-SE","potentialAction":[{"@type":"ReadAction","target":["https:\/\/truusk.store\/sv\/produkt\/truusk-2-i-1-hollywood-svang-med-liggfunktion-justerbart-solskydd-belastar-upp-till-240kg-for-tradgard-terrass\/"]}]},{"@type":"ImageObject","inLanguage":"sv-SE","@id":"https:\/\/truusk.store\/sv\/produkt\/truusk-2-i-1-hollywood-svang-med-liggfunktion-justerbart-solskydd-belastar-upp-till-240kg-for-tradgard-terrass\/#primaryimage","url":"https:\/\/i0.wp.com\/truusk.store\/wp-content\/uploads\/2025\/06\/outsuuny-2-i-1-hollywood-svang-med-liggfunktion-3-sits-tradgardssvang-med-justerbart-solskydd-svangbank-belastar-upp-till-240kg-tradgardsliggare-for-tradgard-terrass-195x117x175-cm-beige-1.webp?fit=2000%2C2000&ssl=1","contentUrl":"https:\/\/i0.wp.com\/truusk.store\/wp-content\/uploads\/2025\/06\/outsuuny-2-i-1-hollywood-svang-med-liggfunktion-3-sits-tradgardssvang-med-justerbart-solskydd-svangbank-belastar-upp-till-240kg-tradgardsliggare-for-tradgard-terrass-195x117x175-cm-beige-1.webp?fit=2000%2C2000&ssl=1","width":2000,"height":2000},{"@type":"BreadcrumbList","@id":"https:\/\/truusk.store\/sv\/produkt\/truusk-2-i-1-hollywood-svang-med-liggfunktion-justerbart-solskydd-belastar-upp-till-240kg-for-tradgard-terrass\/#breadcrumb","itemListElement":[{"@type":"ListItem","position":1,"name":"Home","item":"https:\/\/truusk.store\/sv\/"},{"@type":"ListItem","position":2,"name":"Shop","item":"https:\/\/truusk.store\/shop\/"},{"@type":"ListItem","position":3,"name":"TRUUSK 2-i-1 Hollywood-sv\u00e4ng med Liggfunktion &#8211; Justerbart Solskydd &#8211; Belastar upp till 240kg &#8211; F\u00f6r Tr\u00e4dg\u00e5rd, Terrass &#8211;"}]},{"@type":"WebSite","@id":"https:\/\/truusk.store\/sv\/#website","url":"https:\/\/truusk.store\/sv\/","name":"TRUUSK - Hem, Tr\u00e4dg\u00e5rd & Fritid","description":"","publisher":{"@id":"https:\/\/truusk.store\/sv\/#organization"},"potentialAction":[{"@type":"SearchAction","target":{"@type":"EntryPoint","urlTemplate":"https:\/\/truusk.store\/sv\/?s={search_term_string}"},"query-input":{"@type":"PropertyValueSpecification","valueRequired":true,"valueName":"search_term_string"}}],"inLanguage":"sv-SE"},{"@type":"Organization","@id":"https:\/\/truusk.store\/sv\/#organization","name":"TRUUSK - Hem, Tr\u00e4dg\u00e5rd & Fritid","url":"https:\/\/truusk.store\/sv\/","logo":{"@type":"ImageObject","inLanguage":"sv-SE","@id":"https:\/\/truusk.store\/sv\/#\/schema\/logo\/image\/","url":"https:\/\/i0.wp.com\/truusk.store\/wp-content\/uploads\/2026\/03\/cropped-TRUUSK.png?fit=2032%2C917&ssl=1","contentUrl":"https:\/\/i0.wp.com\/truusk.store\/wp-content\/uploads\/2026\/03\/cropped-TRUUSK.png?fit=2032%2C917&ssl=1","width":2032,"height":917,"caption":"TRUUSK - Hem, Tr\u00e4dg\u00e5rd & Fritid"},"image":{"@id":"https:\/\/truusk.store\/sv\/#\/schema\/logo\/image\/"}}]}},"jetpack_sharing_enabled":true,"_links":{"self":[{"href":"https:\/\/truusk.store\/sv\/wp-json\/wp\/v2\/product\/67969","targetHints":{"allow":["GET"]}}],"collection":[{"href":"https:\/\/truusk.store\/sv\/wp-json\/wp\/v2\/product"}],"about":[{"href":"https:\/\/truusk.store\/sv\/wp-json\/wp\/v2\/types\/product"}],"wp:featuredmedia":[{"embeddable":true,"href":"https:\/\/truusk.store\/sv\/wp-json\/wp\/v2\/media\/67960"}],"wp:attachment":[{"href":"https:\/\/truusk.store\/sv\/wp-json\/wp\/v2\/media?parent=67969"}],"wp:term":[{"taxonomy":"product_brand","embeddable":true,"href":"https:\/\/truusk.store\/sv\/wp-json\/wp\/v2\/product_brand?post=67969"},{"taxonomy":"product_cat","embeddable":true,"href":"https:\/\/truusk.store\/sv\/wp-json\/wp\/v2\/product_cat?post=67969"},{"taxonomy":"product_tag","embeddable":true,"href":"https:\/\/truusk.store\/sv\/wp-json\/wp\/v2\/product_tag?post=67969"}],"curies":[{"name":"wp","href":"https:\/\/api.w.org\/{rel}","templated":true}]}}