{"id":67979,"date":"2025-06-05T15:20:46","date_gmt":"2025-06-05T14:20:46","guid":{"rendered":"https:\/\/truusk.store\/product\/minibakugn-21l-1400w-60-min-timer-liten-bakugn-med-justerbar-temperatur-100-c-230-c-miniugn-med-bakplat-tradhylla-bordugn-i-rostfritt-stal-gra\/"},"modified":"2026-03-12T08:40:47","modified_gmt":"2026-03-12T07:40:47","slug":"truusk-minibakugn-21l-1400w-60-min-timer-justerbar-temperatur-100-c-230-c-bakplat-tradhylla-rostfritt-stal-gra","status":"publish","type":"product","link":"https:\/\/truusk.store\/sv\/produkt\/truusk-minibakugn-21l-1400w-60-min-timer-justerbar-temperatur-100-c-230-c-bakplat-tradhylla-rostfritt-stal-gra\/","title":{"rendered":"TRUUSK Minibakugn 21L 1400W &#8211; 60 Min. Timer &#8211; Justerbar Temperatur 100 \u00b0C-230 \u00b0C &#8211; Bakpl\u00e5t &#8211; Tr\u00e5dhylla &#8211; Rostfritt St\u00e5l &#8211; Gr\u00e5"},"content":{"rendered":"<p>Vill du laga l\u00e4ckra r\u00e4tter till din familj? Varf\u00f6r v\u00e4ljer du d\u00e5 inte TRUUSKs minugn med kokplattor? Tack vare den justerbara temperaturen och tillagningstiden \u00e4r den lilla ugnen mycket m\u00e5ngsidig. Ugnen har 3 matlagningsl\u00e4gen och 3 insatspositioner, och de olika pannorna och pl\u00e5tarna ger mycket variation i matlagning och bakning.<\/p>\n<p>Beskrivning:<\/p>\n<ul>\n<li> Ugnen har en volym p\u00e5 21 L, l\u00e4mplig f\u00f6r 4 skivor br\u00f6d eller en 25 cm pizza<\/li>\n<li> Temperaturen p\u00e5 minugnen kan justeras fr\u00e5n 100 \u00b0C till 230 \u00b0C<\/li>\n<li> Tillagningstiden f\u00f6r den lilla ugnen kan st\u00e4llas in fr\u00e5n 0 till 60 minuter<\/li>\n<li> 3 matlagningsl\u00e4gen: \u00f6verv\u00e4rme, underv\u00e4rme och b\u00e5de \u00f6ver- och underv\u00e4rme att v\u00e4lja mellan<\/li>\n<li> Ett f\u00f6nster av klart glas g\u00f6r det m\u00f6jligt f\u00f6r dig att \u00f6vervaka tillagningsprocessen<\/li>\n<li> 3 hyllor och olika bakpl\u00e5tar \u00e4r perfekta f\u00f6r olika typer av r\u00e4tter<\/li>\n<\/ul>\n<p> Tekniska data:<\/p>\n<ul>\n<li> F\u00e4rg: Gr\u00e5<\/li>\n<li> Material: Metall, rostfritt st\u00e5l, h\u00e4rdat glas<\/li>\n<li> Totala dimensioner: 46,4L x 38B x 28,5H cm<\/li>\n<li> Inre dimensioner: 31,8L x 27,5B x 21,3H cm<\/li>\n<li> D\u00f6rrstorlek: 34L x 22B cm<\/li>\n<li> Sp\u00e4nning: 230V \/50HZ<\/li>\n<li> Kabell\u00e4ngd: 0,9 m<\/li>\n<\/ul>\n<p>Leveransinneh\u00e5ll:<\/p>\n<ul>\n<li> 1 x Miniugn<\/li>\n<li> 1 x Tr\u00e5dhylla<\/li>\n<li> 1 x Bakpl\u00e5t<\/li>\n<li> 1 x Handtag f\u00f6r brickan<\/li>\n<li> 1 x Smulbricka<\/li>\n<li> 1 x Bruksanvisning<\/li>\n<\/ul>\n","protected":false},"excerpt":{"rendered":"<p>Vill du laga l\u00e4ckra r\u00e4tter till din familj? Varf\u00f6r v\u00e4ljer du d\u00e5 inte TRUUSKs minugn med kokplattor? Tack vare den&#8230;<\/p>\n","protected":false},"featured_media":67970,"template":"","meta":[],"product_brand":[],"product_cat":[871,498,933,934],"product_tag":[],"class_list":{"0":"post-67979","1":"product","2":"type-product","3":"status-publish","4":"has-post-thumbnail","6":"product_cat-hus-hem","7":"product_cat-hushallsapparater","8":"product_cat-koksapparater","9":"product_cat-minibackofen","11":"first","12":"instock","13":"sale","14":"taxable","15":"shipping-taxable","16":"purchasable","17":"product-type-simple"},"yoast_head":"<!-- This site is optimized with the Yoast SEO plugin v25.4 - https:\/\/yoast.com\/wordpress\/plugins\/seo\/ -->\n<title>TRUUSK Minibakugn 21L 1400W - 60 Min. Timer - Justerbar Temperatur 100 \u00b0C-230 \u00b0C - Bakpl\u00e5t - Tr\u00e5dhylla - Rostfritt St\u00e5l - Gr\u00e5 - TRUUSK - Hem, Tr\u00e4dg\u00e5rd &amp; Fritid<\/title>\n<meta name=\"robots\" content=\"index, follow, max-snippet:-1, max-image-preview:large, max-video-preview:-1\" \/>\n<link rel=\"canonical\" href=\"https:\/\/truusk.store\/sv\/produkt\/truusk-minibakugn-21l-1400w-60-min-timer-justerbar-temperatur-100-c-230-c-bakplat-tradhylla-rostfritt-stal-gra\/\" \/>\n<meta property=\"og:locale\" content=\"sv_SE\" \/>\n<meta property=\"og:type\" content=\"article\" \/>\n<meta property=\"og:title\" content=\"TRUUSK Minibakugn 21L 1400W - 60 Min. Timer - Justerbar Temperatur 100 \u00b0C-230 \u00b0C - Bakpl\u00e5t - Tr\u00e5dhylla - Rostfritt St\u00e5l - Gr\u00e5 - TRUUSK - Hem, Tr\u00e4dg\u00e5rd &amp; Fritid\" \/>\n<meta property=\"og:description\" content=\"Vill du laga l\u00e4ckra r\u00e4tter till din familj? Varf\u00f6r v\u00e4ljer du d\u00e5 inte TRUUSKs minugn med kokplattor? Tack vare den...\" \/>\n<meta property=\"og:url\" content=\"https:\/\/truusk.store\/sv\/produkt\/truusk-minibakugn-21l-1400w-60-min-timer-justerbar-temperatur-100-c-230-c-bakplat-tradhylla-rostfritt-stal-gra\/\" \/>\n<meta property=\"og:site_name\" content=\"TRUUSK - Hem, Tr\u00e4dg\u00e5rd &amp; Fritid\" \/>\n<meta property=\"article:modified_time\" content=\"2026-03-12T07:40:47+00:00\" \/>\n<meta property=\"og:image\" content=\"https:\/\/i0.wp.com\/truusk.se\/wp-content\/uploads\/2025\/06\/minibakugn-21l-1400w-60-min-timer-liten-bakugn-med-justerbar-temperatur-100-c-230-c-miniugn-med-bakplat-tradhylla-bordugn-i-rostfritt-stal-gra-1.webp?fit=2000%2C2000&ssl=1\" \/>\n\t<meta property=\"og:image:width\" content=\"2000\" \/>\n\t<meta property=\"og:image:height\" content=\"2000\" \/>\n\t<meta property=\"og:image:type\" content=\"image\/webp\" \/>\n<meta name=\"twitter:card\" content=\"summary_large_image\" \/>\n<meta name=\"twitter:label1\" content=\"Ber\u00e4knad l\u00e4stid\" \/>\n\t<meta name=\"twitter:data1\" content=\"1 minut\" \/>\n<!-- \/ Yoast SEO plugin. -->","yoast_head_json":{"title":"TRUUSK Minibakugn 21L 1400W - 60 Min. Timer - Justerbar Temperatur 100 \u00b0C-230 \u00b0C - Bakpl\u00e5t - Tr\u00e5dhylla - Rostfritt St\u00e5l - Gr\u00e5 - TRUUSK - Hem, Tr\u00e4dg\u00e5rd &amp; Fritid","robots":{"index":"index","follow":"follow","max-snippet":"max-snippet:-1","max-image-preview":"max-image-preview:large","max-video-preview":"max-video-preview:-1"},"canonical":"https:\/\/truusk.store\/sv\/produkt\/truusk-minibakugn-21l-1400w-60-min-timer-justerbar-temperatur-100-c-230-c-bakplat-tradhylla-rostfritt-stal-gra\/","og_locale":"sv_SE","og_type":"article","og_title":"TRUUSK Minibakugn 21L 1400W - 60 Min. Timer - Justerbar Temperatur 100 \u00b0C-230 \u00b0C - Bakpl\u00e5t - Tr\u00e5dhylla - Rostfritt St\u00e5l - Gr\u00e5 - TRUUSK - Hem, Tr\u00e4dg\u00e5rd &amp; Fritid","og_description":"Vill du laga l\u00e4ckra r\u00e4tter till din familj? Varf\u00f6r v\u00e4ljer du d\u00e5 inte TRUUSKs minugn med kokplattor? Tack vare den...","og_url":"https:\/\/truusk.store\/sv\/produkt\/truusk-minibakugn-21l-1400w-60-min-timer-justerbar-temperatur-100-c-230-c-bakplat-tradhylla-rostfritt-stal-gra\/","og_site_name":"TRUUSK - Hem, Tr\u00e4dg\u00e5rd &amp; Fritid","article_modified_time":"2026-03-12T07:40:47+00:00","og_image":[{"width":2000,"height":2000,"url":"https:\/\/i0.wp.com\/truusk.se\/wp-content\/uploads\/2025\/06\/minibakugn-21l-1400w-60-min-timer-liten-bakugn-med-justerbar-temperatur-100-c-230-c-miniugn-med-bakplat-tradhylla-bordugn-i-rostfritt-stal-gra-1.webp?fit=2000%2C2000&ssl=1","type":"image\/webp"}],"twitter_card":"summary_large_image","twitter_misc":{"Ber\u00e4knad l\u00e4stid":"1 minut"},"schema":{"@context":"https:\/\/schema.org","@graph":[{"@type":"WebPage","@id":"https:\/\/truusk.store\/sv\/produkt\/truusk-minibakugn-21l-1400w-60-min-timer-justerbar-temperatur-100-c-230-c-bakplat-tradhylla-rostfritt-stal-gra\/","url":"https:\/\/truusk.store\/sv\/produkt\/truusk-minibakugn-21l-1400w-60-min-timer-justerbar-temperatur-100-c-230-c-bakplat-tradhylla-rostfritt-stal-gra\/","name":"TRUUSK Minibakugn 21L 1400W - 60 Min. Timer - Justerbar Temperatur 100 \u00b0C-230 \u00b0C - Bakpl\u00e5t - Tr\u00e5dhylla - Rostfritt St\u00e5l - Gr\u00e5 - TRUUSK - Hem, Tr\u00e4dg\u00e5rd &amp; Fritid","isPartOf":{"@id":"https:\/\/truusk.store\/sv\/#website"},"primaryImageOfPage":{"@id":"https:\/\/truusk.store\/sv\/produkt\/truusk-minibakugn-21l-1400w-60-min-timer-justerbar-temperatur-100-c-230-c-bakplat-tradhylla-rostfritt-stal-gra\/#primaryimage"},"image":{"@id":"https:\/\/truusk.store\/sv\/produkt\/truusk-minibakugn-21l-1400w-60-min-timer-justerbar-temperatur-100-c-230-c-bakplat-tradhylla-rostfritt-stal-gra\/#primaryimage"},"thumbnailUrl":"https:\/\/i0.wp.com\/truusk.store\/wp-content\/uploads\/2025\/06\/minibakugn-21l-1400w-60-min-timer-liten-bakugn-med-justerbar-temperatur-100-c-230-c-miniugn-med-bakplat-tradhylla-bordugn-i-rostfritt-stal-gra-1.webp?fit=2000%2C2000&ssl=1","datePublished":"2025-06-05T14:20:46+00:00","dateModified":"2026-03-12T07:40:47+00:00","breadcrumb":{"@id":"https:\/\/truusk.store\/sv\/produkt\/truusk-minibakugn-21l-1400w-60-min-timer-justerbar-temperatur-100-c-230-c-bakplat-tradhylla-rostfritt-stal-gra\/#breadcrumb"},"inLanguage":"sv-SE","potentialAction":[{"@type":"ReadAction","target":["https:\/\/truusk.store\/sv\/produkt\/truusk-minibakugn-21l-1400w-60-min-timer-justerbar-temperatur-100-c-230-c-bakplat-tradhylla-rostfritt-stal-gra\/"]}]},{"@type":"ImageObject","inLanguage":"sv-SE","@id":"https:\/\/truusk.store\/sv\/produkt\/truusk-minibakugn-21l-1400w-60-min-timer-justerbar-temperatur-100-c-230-c-bakplat-tradhylla-rostfritt-stal-gra\/#primaryimage","url":"https:\/\/i0.wp.com\/truusk.store\/wp-content\/uploads\/2025\/06\/minibakugn-21l-1400w-60-min-timer-liten-bakugn-med-justerbar-temperatur-100-c-230-c-miniugn-med-bakplat-tradhylla-bordugn-i-rostfritt-stal-gra-1.webp?fit=2000%2C2000&ssl=1","contentUrl":"https:\/\/i0.wp.com\/truusk.store\/wp-content\/uploads\/2025\/06\/minibakugn-21l-1400w-60-min-timer-liten-bakugn-med-justerbar-temperatur-100-c-230-c-miniugn-med-bakplat-tradhylla-bordugn-i-rostfritt-stal-gra-1.webp?fit=2000%2C2000&ssl=1","width":2000,"height":2000},{"@type":"BreadcrumbList","@id":"https:\/\/truusk.store\/sv\/produkt\/truusk-minibakugn-21l-1400w-60-min-timer-justerbar-temperatur-100-c-230-c-bakplat-tradhylla-rostfritt-stal-gra\/#breadcrumb","itemListElement":[{"@type":"ListItem","position":1,"name":"Home","item":"https:\/\/truusk.store\/sv\/"},{"@type":"ListItem","position":2,"name":"Shop","item":"https:\/\/truusk.store\/shop\/"},{"@type":"ListItem","position":3,"name":"TRUUSK Minibakugn 21L 1400W &#8211; 60 Min. Timer &#8211; Justerbar Temperatur 100 \u00b0C-230 \u00b0C &#8211; Bakpl\u00e5t &#8211; Tr\u00e5dhylla &#8211; Rostfritt St\u00e5l &#8211; Gr\u00e5"}]},{"@type":"WebSite","@id":"https:\/\/truusk.store\/sv\/#website","url":"https:\/\/truusk.store\/sv\/","name":"TRUUSK - Hem, Tr\u00e4dg\u00e5rd & Fritid","description":"","publisher":{"@id":"https:\/\/truusk.store\/sv\/#organization"},"potentialAction":[{"@type":"SearchAction","target":{"@type":"EntryPoint","urlTemplate":"https:\/\/truusk.store\/sv\/?s={search_term_string}"},"query-input":{"@type":"PropertyValueSpecification","valueRequired":true,"valueName":"search_term_string"}}],"inLanguage":"sv-SE"},{"@type":"Organization","@id":"https:\/\/truusk.store\/sv\/#organization","name":"TRUUSK - Hem, Tr\u00e4dg\u00e5rd & Fritid","url":"https:\/\/truusk.store\/sv\/","logo":{"@type":"ImageObject","inLanguage":"sv-SE","@id":"https:\/\/truusk.store\/sv\/#\/schema\/logo\/image\/","url":"https:\/\/i0.wp.com\/truusk.store\/wp-content\/uploads\/2026\/03\/cropped-TRUUSK.png?fit=2032%2C917&ssl=1","contentUrl":"https:\/\/i0.wp.com\/truusk.store\/wp-content\/uploads\/2026\/03\/cropped-TRUUSK.png?fit=2032%2C917&ssl=1","width":2032,"height":917,"caption":"TRUUSK - Hem, Tr\u00e4dg\u00e5rd & Fritid"},"image":{"@id":"https:\/\/truusk.store\/sv\/#\/schema\/logo\/image\/"}}]}},"jetpack_sharing_enabled":true,"_links":{"self":[{"href":"https:\/\/truusk.store\/sv\/wp-json\/wp\/v2\/product\/67979","targetHints":{"allow":["GET"]}}],"collection":[{"href":"https:\/\/truusk.store\/sv\/wp-json\/wp\/v2\/product"}],"about":[{"href":"https:\/\/truusk.store\/sv\/wp-json\/wp\/v2\/types\/product"}],"wp:featuredmedia":[{"embeddable":true,"href":"https:\/\/truusk.store\/sv\/wp-json\/wp\/v2\/media\/67970"}],"wp:attachment":[{"href":"https:\/\/truusk.store\/sv\/wp-json\/wp\/v2\/media?parent=67979"}],"wp:term":[{"taxonomy":"product_brand","embeddable":true,"href":"https:\/\/truusk.store\/sv\/wp-json\/wp\/v2\/product_brand?post=67979"},{"taxonomy":"product_cat","embeddable":true,"href":"https:\/\/truusk.store\/sv\/wp-json\/wp\/v2\/product_cat?post=67979"},{"taxonomy":"product_tag","embeddable":true,"href":"https:\/\/truusk.store\/sv\/wp-json\/wp\/v2\/product_tag?post=67979"}],"curies":[{"name":"wp","href":"https:\/\/api.w.org\/{rel}","templated":true}]}}