{"id":67999,"date":"2025-06-05T15:22:35","date_gmt":"2025-06-05T14:22:35","guid":{"rendered":"https:\/\/truusk.store\/product\/vaggsspegel-110-x-50-cm-dekorativ-spegel-med-metallram-rektangular-spegel-for-sovrum-badrum-guld\/"},"modified":"2026-03-12T09:40:33","modified_gmt":"2026-03-12T08:40:33","slug":"truusk-rektangular-vaggsspegel-110-x-50-cm-dekorativ-metallram-for-sovrum-och-badrum-guld","status":"publish","type":"product","link":"https:\/\/truusk.store\/sv\/produkt\/truusk-rektangular-vaggsspegel-110-x-50-cm-dekorativ-metallram-for-sovrum-och-badrum-guld\/","title":{"rendered":"TRUUSK Rektangul\u00e4r V\u00e4ggsspegel 110 X 50 cm &#8211; Dekorativ Metallram &#8211; F\u00f6r Sovrum och Badrum &#8211; Guld"},"content":{"rendered":"<p>Ge ditt rum en elegant touch med denna TRUUSK v\u00e4ggspegel. Den fungerar inte bara f\u00f6r att visa din spegelbild, utan ocks\u00e5 som ett dekorativt element p\u00e5 v\u00e4ggen. Montera spegeln med de fyra stabila bakre krokarna antingen horisontellt eller vertikalt. Den robusta metallramen skyddar spegeln ytterligare.<\/p>\n<p>Beskrivning:<\/p>\n<ul>\n<li> Guldf\u00e4rgade r\u00e4nder delas upp i nio f\u00e4lt<\/li>\n<li> Kan placeras vertikalt eller horisontellt, med krokar p\u00e5 baksidan f\u00f6r enkel upph\u00e4ngning<\/li>\n<li> Tjockt flerskiktsglas f\u00f6r en klar reflektion<\/li>\n<li> Splitterskyddande skyddsskikt garanterar s\u00e4ker anv\u00e4ndning<\/li>\n<li> Metallramen ger ett starkt och skyddande h\u00f6lje<\/li>\n<\/ul>\n<p> Tekniska data:<\/p>\n<ul>\n<li> F\u00e4rg: Guldton<\/li>\n<li> Material: Glas, metall, MDF<\/li>\n<li> Totala dimensioner: 110B x 2T x 50H cm<\/li>\n<li> Glasets tjocklek: 3 mm<\/li>\n<\/ul>\n<p>Leveransinneh\u00e5ll:<\/p>\n<ul>\n<li> 1 x V\u00e4ggspegel<\/li>\n<li> 4 x Krok<\/li>\n<li> 1 x Handbok<\/li>\n<\/ul>\n","protected":false},"excerpt":{"rendered":"<p>Ge ditt rum en elegant touch med denna TRUUSK v\u00e4ggspegel. Den fungerar inte bara f\u00f6r att visa din spegelbild, utan&#8230;<\/p>\n","protected":false},"featured_media":67990,"template":"","meta":[],"product_brand":[],"product_cat":[962,871,683],"product_tag":[],"class_list":{"0":"post-67999","1":"product","2":"type-product","3":"status-publish","4":"has-post-thumbnail","6":"product_cat-dekoration","7":"product_cat-hus-hem","8":"product_cat-vaggdekoration","10":"first","11":"instock","12":"sale","13":"taxable","14":"shipping-taxable","15":"purchasable","16":"product-type-simple"},"yoast_head":"<!-- This site is optimized with the Yoast SEO plugin v25.4 - https:\/\/yoast.com\/wordpress\/plugins\/seo\/ -->\n<title>TRUUSK Rektangul\u00e4r V\u00e4ggsspegel 110 X 50 cm - Dekorativ Metallram - F\u00f6r Sovrum och Badrum - Guld - TRUUSK - Hem, Tr\u00e4dg\u00e5rd &amp; Fritid<\/title>\n<meta name=\"robots\" content=\"index, follow, max-snippet:-1, max-image-preview:large, max-video-preview:-1\" \/>\n<link rel=\"canonical\" href=\"https:\/\/truusk.store\/sv\/produkt\/truusk-rektangular-vaggsspegel-110-x-50-cm-dekorativ-metallram-for-sovrum-och-badrum-guld\/\" \/>\n<meta property=\"og:locale\" content=\"sv_SE\" \/>\n<meta property=\"og:type\" content=\"article\" \/>\n<meta property=\"og:title\" content=\"TRUUSK Rektangul\u00e4r V\u00e4ggsspegel 110 X 50 cm - Dekorativ Metallram - F\u00f6r Sovrum och Badrum - Guld - TRUUSK - Hem, Tr\u00e4dg\u00e5rd &amp; Fritid\" \/>\n<meta property=\"og:description\" content=\"Ge ditt rum en elegant touch med denna TRUUSK v\u00e4ggspegel. Den fungerar inte bara f\u00f6r att visa din spegelbild, utan...\" \/>\n<meta property=\"og:url\" content=\"https:\/\/truusk.store\/sv\/produkt\/truusk-rektangular-vaggsspegel-110-x-50-cm-dekorativ-metallram-for-sovrum-och-badrum-guld\/\" \/>\n<meta property=\"og:site_name\" content=\"TRUUSK - Hem, Tr\u00e4dg\u00e5rd &amp; Fritid\" \/>\n<meta property=\"article:modified_time\" content=\"2026-03-12T08:40:33+00:00\" \/>\n<meta property=\"og:image\" content=\"https:\/\/i0.wp.com\/truusk.se\/wp-content\/uploads\/2025\/06\/vaggsspegel-110-x-50-cm-dekorativ-spegel-med-metallram-rektangular-spegel-for-sovrum-badrum-guld-1.webp?fit=2000%2C2000&ssl=1\" \/>\n\t<meta property=\"og:image:width\" content=\"2000\" \/>\n\t<meta property=\"og:image:height\" content=\"2000\" \/>\n\t<meta property=\"og:image:type\" content=\"image\/webp\" \/>\n<meta name=\"twitter:card\" content=\"summary_large_image\" \/>\n<meta name=\"twitter:label1\" content=\"Ber\u00e4knad l\u00e4stid\" \/>\n\t<meta name=\"twitter:data1\" content=\"1 minut\" \/>\n<!-- \/ Yoast SEO plugin. -->","yoast_head_json":{"title":"TRUUSK Rektangul\u00e4r V\u00e4ggsspegel 110 X 50 cm - Dekorativ Metallram - F\u00f6r Sovrum och Badrum - Guld - TRUUSK - Hem, Tr\u00e4dg\u00e5rd &amp; Fritid","robots":{"index":"index","follow":"follow","max-snippet":"max-snippet:-1","max-image-preview":"max-image-preview:large","max-video-preview":"max-video-preview:-1"},"canonical":"https:\/\/truusk.store\/sv\/produkt\/truusk-rektangular-vaggsspegel-110-x-50-cm-dekorativ-metallram-for-sovrum-och-badrum-guld\/","og_locale":"sv_SE","og_type":"article","og_title":"TRUUSK Rektangul\u00e4r V\u00e4ggsspegel 110 X 50 cm - Dekorativ Metallram - F\u00f6r Sovrum och Badrum - Guld - TRUUSK - Hem, Tr\u00e4dg\u00e5rd &amp; Fritid","og_description":"Ge ditt rum en elegant touch med denna TRUUSK v\u00e4ggspegel. Den fungerar inte bara f\u00f6r att visa din spegelbild, utan...","og_url":"https:\/\/truusk.store\/sv\/produkt\/truusk-rektangular-vaggsspegel-110-x-50-cm-dekorativ-metallram-for-sovrum-och-badrum-guld\/","og_site_name":"TRUUSK - Hem, Tr\u00e4dg\u00e5rd &amp; Fritid","article_modified_time":"2026-03-12T08:40:33+00:00","og_image":[{"width":2000,"height":2000,"url":"https:\/\/i0.wp.com\/truusk.se\/wp-content\/uploads\/2025\/06\/vaggsspegel-110-x-50-cm-dekorativ-spegel-med-metallram-rektangular-spegel-for-sovrum-badrum-guld-1.webp?fit=2000%2C2000&ssl=1","type":"image\/webp"}],"twitter_card":"summary_large_image","twitter_misc":{"Ber\u00e4knad l\u00e4stid":"1 minut"},"schema":{"@context":"https:\/\/schema.org","@graph":[{"@type":"WebPage","@id":"https:\/\/truusk.store\/sv\/produkt\/truusk-rektangular-vaggsspegel-110-x-50-cm-dekorativ-metallram-for-sovrum-och-badrum-guld\/","url":"https:\/\/truusk.store\/sv\/produkt\/truusk-rektangular-vaggsspegel-110-x-50-cm-dekorativ-metallram-for-sovrum-och-badrum-guld\/","name":"TRUUSK Rektangul\u00e4r V\u00e4ggsspegel 110 X 50 cm - Dekorativ Metallram - F\u00f6r Sovrum och Badrum - Guld - TRUUSK - Hem, Tr\u00e4dg\u00e5rd &amp; Fritid","isPartOf":{"@id":"https:\/\/truusk.store\/sv\/#website"},"primaryImageOfPage":{"@id":"https:\/\/truusk.store\/sv\/produkt\/truusk-rektangular-vaggsspegel-110-x-50-cm-dekorativ-metallram-for-sovrum-och-badrum-guld\/#primaryimage"},"image":{"@id":"https:\/\/truusk.store\/sv\/produkt\/truusk-rektangular-vaggsspegel-110-x-50-cm-dekorativ-metallram-for-sovrum-och-badrum-guld\/#primaryimage"},"thumbnailUrl":"https:\/\/i0.wp.com\/truusk.store\/wp-content\/uploads\/2025\/06\/vaggsspegel-110-x-50-cm-dekorativ-spegel-med-metallram-rektangular-spegel-for-sovrum-badrum-guld-1.webp?fit=2000%2C2000&ssl=1","datePublished":"2025-06-05T14:22:35+00:00","dateModified":"2026-03-12T08:40:33+00:00","breadcrumb":{"@id":"https:\/\/truusk.store\/sv\/produkt\/truusk-rektangular-vaggsspegel-110-x-50-cm-dekorativ-metallram-for-sovrum-och-badrum-guld\/#breadcrumb"},"inLanguage":"sv-SE","potentialAction":[{"@type":"ReadAction","target":["https:\/\/truusk.store\/sv\/produkt\/truusk-rektangular-vaggsspegel-110-x-50-cm-dekorativ-metallram-for-sovrum-och-badrum-guld\/"]}]},{"@type":"ImageObject","inLanguage":"sv-SE","@id":"https:\/\/truusk.store\/sv\/produkt\/truusk-rektangular-vaggsspegel-110-x-50-cm-dekorativ-metallram-for-sovrum-och-badrum-guld\/#primaryimage","url":"https:\/\/i0.wp.com\/truusk.store\/wp-content\/uploads\/2025\/06\/vaggsspegel-110-x-50-cm-dekorativ-spegel-med-metallram-rektangular-spegel-for-sovrum-badrum-guld-1.webp?fit=2000%2C2000&ssl=1","contentUrl":"https:\/\/i0.wp.com\/truusk.store\/wp-content\/uploads\/2025\/06\/vaggsspegel-110-x-50-cm-dekorativ-spegel-med-metallram-rektangular-spegel-for-sovrum-badrum-guld-1.webp?fit=2000%2C2000&ssl=1","width":2000,"height":2000},{"@type":"BreadcrumbList","@id":"https:\/\/truusk.store\/sv\/produkt\/truusk-rektangular-vaggsspegel-110-x-50-cm-dekorativ-metallram-for-sovrum-och-badrum-guld\/#breadcrumb","itemListElement":[{"@type":"ListItem","position":1,"name":"Home","item":"https:\/\/truusk.store\/sv\/"},{"@type":"ListItem","position":2,"name":"Shop","item":"https:\/\/truusk.store\/shop\/"},{"@type":"ListItem","position":3,"name":"TRUUSK Rektangul\u00e4r V\u00e4ggsspegel 110 X 50 cm &#8211; Dekorativ Metallram &#8211; F\u00f6r Sovrum och Badrum &#8211; Guld"}]},{"@type":"WebSite","@id":"https:\/\/truusk.store\/sv\/#website","url":"https:\/\/truusk.store\/sv\/","name":"TRUUSK - Hem, Tr\u00e4dg\u00e5rd & Fritid","description":"","publisher":{"@id":"https:\/\/truusk.store\/sv\/#organization"},"potentialAction":[{"@type":"SearchAction","target":{"@type":"EntryPoint","urlTemplate":"https:\/\/truusk.store\/sv\/?s={search_term_string}"},"query-input":{"@type":"PropertyValueSpecification","valueRequired":true,"valueName":"search_term_string"}}],"inLanguage":"sv-SE"},{"@type":"Organization","@id":"https:\/\/truusk.store\/sv\/#organization","name":"TRUUSK - Hem, Tr\u00e4dg\u00e5rd & Fritid","url":"https:\/\/truusk.store\/sv\/","logo":{"@type":"ImageObject","inLanguage":"sv-SE","@id":"https:\/\/truusk.store\/sv\/#\/schema\/logo\/image\/","url":"https:\/\/i0.wp.com\/truusk.store\/wp-content\/uploads\/2026\/03\/cropped-TRUUSK.png?fit=2032%2C917&ssl=1","contentUrl":"https:\/\/i0.wp.com\/truusk.store\/wp-content\/uploads\/2026\/03\/cropped-TRUUSK.png?fit=2032%2C917&ssl=1","width":2032,"height":917,"caption":"TRUUSK - Hem, Tr\u00e4dg\u00e5rd & Fritid"},"image":{"@id":"https:\/\/truusk.store\/sv\/#\/schema\/logo\/image\/"}}]}},"jetpack_sharing_enabled":true,"_links":{"self":[{"href":"https:\/\/truusk.store\/sv\/wp-json\/wp\/v2\/product\/67999","targetHints":{"allow":["GET"]}}],"collection":[{"href":"https:\/\/truusk.store\/sv\/wp-json\/wp\/v2\/product"}],"about":[{"href":"https:\/\/truusk.store\/sv\/wp-json\/wp\/v2\/types\/product"}],"wp:featuredmedia":[{"embeddable":true,"href":"https:\/\/truusk.store\/sv\/wp-json\/wp\/v2\/media\/67990"}],"wp:attachment":[{"href":"https:\/\/truusk.store\/sv\/wp-json\/wp\/v2\/media?parent=67999"}],"wp:term":[{"taxonomy":"product_brand","embeddable":true,"href":"https:\/\/truusk.store\/sv\/wp-json\/wp\/v2\/product_brand?post=67999"},{"taxonomy":"product_cat","embeddable":true,"href":"https:\/\/truusk.store\/sv\/wp-json\/wp\/v2\/product_cat?post=67999"},{"taxonomy":"product_tag","embeddable":true,"href":"https:\/\/truusk.store\/sv\/wp-json\/wp\/v2\/product_tag?post=67999"}],"curies":[{"name":"wp","href":"https:\/\/api.w.org\/{rel}","templated":true}]}}