{"id":68019,"date":"2025-06-05T15:24:47","date_gmt":"2025-06-05T14:24:47","guid":{"rendered":"https:\/\/truusk.store\/product\/outsuuny-hollywood-svang-3-sits-tradgardssvang-med-justerbart-solskydd-svangbank-belastar-upp-till-220kg-tradgardsliggare-for-tradgard-terrass-138-x-106-x-174-cm-beige\/"},"modified":"2026-03-12T09:38:39","modified_gmt":"2026-03-12T08:38:39","slug":"truusk-hollywood-svang-3-sits-tradgardssvang-justerbart-solskydd-belastar-upp-till-220kg-tradgardsliggare-for-tradgard","status":"publish","type":"product","link":"https:\/\/truusk.store\/sv\/produkt\/truusk-hollywood-svang-3-sits-tradgardssvang-justerbart-solskydd-belastar-upp-till-220kg-tradgardsliggare-for-tradgard\/","title":{"rendered":"TRUUSK Hollywood-sv\u00e4ng 3-sits Tr\u00e4dg\u00e5rdssv\u00e4ng &#8211; Justerbart Solskydd &#8211; Belastar Upp Till 220kg &#8211; Tr\u00e4dg\u00e5rdsliggare &#8211; F\u00f6r Tr\u00e4dg\u00e5rd,"},"content":{"rendered":"<p>G\u00f6r ditt utomhusomr\u00e5de vackert och inbjudande med en 3-sits Hollywood-sv\u00e4ng fr\u00e5n TRUUSK. Denna t\u00e4ckta gunga erbjuder en bekv\u00e4m sittplats f\u00f6r upp till tv\u00e5 personer. Ett pulverlackerat st\u00e5lram ger stabilitet och h\u00e5llbarhet och det justerbara solskyddet ger skydd mot sol och l\u00e4tt regn. Denna tr\u00e4dg\u00e5rdsgunga f\u00f6r vuxna \u00e4r ett utm\u00e4rkt tillskott till din tr\u00e4dg\u00e5rd, terrass eller innerg\u00e5rd!<\/p>\n<p>Beskrivning:<\/p>\n<ul>\n<li> Erbjuder bekv\u00e4mt utrymme f\u00f6r 2 personer<\/li>\n<li> Korrosionsbest\u00e4ndig, pulverlackerad st\u00e5lram f\u00f6r Hollywood-gungan f\u00f6r extra stabilitet och h\u00e5llbarhet<\/li>\n<li> Justerbart solskydd f\u00f6r tr\u00e4dg\u00e5rdsgungan ger skugga<\/li>\n<li> 2 tjockt vadderade och l\u00e4ttsk\u00f6tta kuddar f\u00f6r sv\u00e4ngs\u00e4ngen f\u00f6r ultimat komfort<\/li>\n<li> Idealisk f\u00f6r bakg\u00e5rd, pool, terrass, veranda, balkong eller andra utomhusomr\u00e5den<\/li>\n<li> Enkel montering kr\u00e4vs<\/li>\n<\/ul>\n<p>Tekniska data:<\/p>\n<ul>\n<li> F\u00e4rg: Beige<\/li>\n<li> Material: St\u00e5l, Polyester, N\u00e4ttyg<\/li>\n<li> Totala dimensioner: 138L x 106B x 174H cm<\/li>\n<li> Sitsstorlek: 102B x 46T cm<\/li>\n<li> Sitth\u00f6jd: 50 cm<\/li>\n<li> Baldakinstorlek: 138L x 60B cm<\/li>\n<li> Kuddtjocklek: 10 cm (sits), 8 cm (rygg)<\/li>\n<li> B\u00e4rf\u00f6rm\u00e5ga: 220 kg<\/li>\n<\/ul>\n<p>Leveransinneh\u00e5ll:<\/p>\n<ul>\n<li> 1 x Hollywood-gunga<\/li>\n<li> 1 x Instruktion<\/li>\n<\/ul>\n","protected":false},"excerpt":{"rendered":"<p>G\u00f6r ditt utomhusomr\u00e5de vackert och inbjudande med en 3-sits Hollywood-sv\u00e4ng fr\u00e5n TRUUSK. Denna t\u00e4ckta gunga erbjuder en bekv\u00e4m sittplats f\u00f6r&#8230;<\/p>\n","protected":false},"featured_media":68010,"template":"","meta":[],"product_brand":[],"product_cat":[453,858,450],"product_tag":[],"class_list":{"0":"post-68019","1":"product","2":"type-product","3":"status-publish","4":"has-post-thumbnail","6":"product_cat-hollywood-gungor","7":"product_cat-tradgard-terrass","8":"product_cat-tradgardsmobler","10":"first","11":"instock","12":"sale","13":"taxable","14":"shipping-taxable","15":"purchasable","16":"product-type-simple"},"yoast_head":"<!-- This site is optimized with the Yoast SEO plugin v25.4 - https:\/\/yoast.com\/wordpress\/plugins\/seo\/ -->\n<title>TRUUSK Hollywood-sv\u00e4ng 3-sits Tr\u00e4dg\u00e5rdssv\u00e4ng - Justerbart Solskydd - Belastar Upp Till 220kg - Tr\u00e4dg\u00e5rdsliggare - F\u00f6r Tr\u00e4dg\u00e5rd, - TRUUSK - Hem, Tr\u00e4dg\u00e5rd &amp; Fritid<\/title>\n<meta name=\"robots\" content=\"index, follow, max-snippet:-1, max-image-preview:large, max-video-preview:-1\" \/>\n<link rel=\"canonical\" href=\"https:\/\/truusk.store\/sv\/produkt\/truusk-hollywood-svang-3-sits-tradgardssvang-justerbart-solskydd-belastar-upp-till-220kg-tradgardsliggare-for-tradgard\/\" \/>\n<meta property=\"og:locale\" content=\"sv_SE\" \/>\n<meta property=\"og:type\" content=\"article\" \/>\n<meta property=\"og:title\" content=\"TRUUSK Hollywood-sv\u00e4ng 3-sits Tr\u00e4dg\u00e5rdssv\u00e4ng - Justerbart Solskydd - Belastar Upp Till 220kg - Tr\u00e4dg\u00e5rdsliggare - F\u00f6r Tr\u00e4dg\u00e5rd, - TRUUSK - Hem, Tr\u00e4dg\u00e5rd &amp; Fritid\" \/>\n<meta property=\"og:description\" content=\"G\u00f6r ditt utomhusomr\u00e5de vackert och inbjudande med en 3-sits Hollywood-sv\u00e4ng fr\u00e5n TRUUSK. Denna t\u00e4ckta gunga erbjuder en bekv\u00e4m sittplats f\u00f6r...\" \/>\n<meta property=\"og:url\" content=\"https:\/\/truusk.store\/sv\/produkt\/truusk-hollywood-svang-3-sits-tradgardssvang-justerbart-solskydd-belastar-upp-till-220kg-tradgardsliggare-for-tradgard\/\" \/>\n<meta property=\"og:site_name\" content=\"TRUUSK - Hem, Tr\u00e4dg\u00e5rd &amp; Fritid\" \/>\n<meta property=\"article:modified_time\" content=\"2026-03-12T08:38:39+00:00\" \/>\n<meta property=\"og:image\" content=\"https:\/\/i0.wp.com\/truusk.se\/wp-content\/uploads\/2025\/06\/outsuuny-hollywood-svang-3-sits-tradgardssvang-med-justerbart-solskydd-svangbank-belastar-upp-till-220kg-tradgardsliggare-for-tradgard-terrass-138-x-106-x-174-cm-beige-1.webp?fit=2000%2C2000&ssl=1\" \/>\n\t<meta property=\"og:image:width\" content=\"2000\" \/>\n\t<meta property=\"og:image:height\" content=\"2000\" \/>\n\t<meta property=\"og:image:type\" content=\"image\/webp\" \/>\n<meta name=\"twitter:card\" content=\"summary_large_image\" \/>\n<meta name=\"twitter:label1\" content=\"Ber\u00e4knad l\u00e4stid\" \/>\n\t<meta name=\"twitter:data1\" content=\"1 minut\" \/>\n<!-- \/ Yoast SEO plugin. -->","yoast_head_json":{"title":"TRUUSK Hollywood-sv\u00e4ng 3-sits Tr\u00e4dg\u00e5rdssv\u00e4ng - Justerbart Solskydd - Belastar Upp Till 220kg - Tr\u00e4dg\u00e5rdsliggare - F\u00f6r Tr\u00e4dg\u00e5rd, - TRUUSK - Hem, Tr\u00e4dg\u00e5rd &amp; Fritid","robots":{"index":"index","follow":"follow","max-snippet":"max-snippet:-1","max-image-preview":"max-image-preview:large","max-video-preview":"max-video-preview:-1"},"canonical":"https:\/\/truusk.store\/sv\/produkt\/truusk-hollywood-svang-3-sits-tradgardssvang-justerbart-solskydd-belastar-upp-till-220kg-tradgardsliggare-for-tradgard\/","og_locale":"sv_SE","og_type":"article","og_title":"TRUUSK Hollywood-sv\u00e4ng 3-sits Tr\u00e4dg\u00e5rdssv\u00e4ng - Justerbart Solskydd - Belastar Upp Till 220kg - Tr\u00e4dg\u00e5rdsliggare - F\u00f6r Tr\u00e4dg\u00e5rd, - TRUUSK - Hem, Tr\u00e4dg\u00e5rd &amp; Fritid","og_description":"G\u00f6r ditt utomhusomr\u00e5de vackert och inbjudande med en 3-sits Hollywood-sv\u00e4ng fr\u00e5n TRUUSK. Denna t\u00e4ckta gunga erbjuder en bekv\u00e4m sittplats f\u00f6r...","og_url":"https:\/\/truusk.store\/sv\/produkt\/truusk-hollywood-svang-3-sits-tradgardssvang-justerbart-solskydd-belastar-upp-till-220kg-tradgardsliggare-for-tradgard\/","og_site_name":"TRUUSK - Hem, Tr\u00e4dg\u00e5rd &amp; Fritid","article_modified_time":"2026-03-12T08:38:39+00:00","og_image":[{"width":2000,"height":2000,"url":"https:\/\/i0.wp.com\/truusk.se\/wp-content\/uploads\/2025\/06\/outsuuny-hollywood-svang-3-sits-tradgardssvang-med-justerbart-solskydd-svangbank-belastar-upp-till-220kg-tradgardsliggare-for-tradgard-terrass-138-x-106-x-174-cm-beige-1.webp?fit=2000%2C2000&ssl=1","type":"image\/webp"}],"twitter_card":"summary_large_image","twitter_misc":{"Ber\u00e4knad l\u00e4stid":"1 minut"},"schema":{"@context":"https:\/\/schema.org","@graph":[{"@type":"WebPage","@id":"https:\/\/truusk.store\/sv\/produkt\/truusk-hollywood-svang-3-sits-tradgardssvang-justerbart-solskydd-belastar-upp-till-220kg-tradgardsliggare-for-tradgard\/","url":"https:\/\/truusk.store\/sv\/produkt\/truusk-hollywood-svang-3-sits-tradgardssvang-justerbart-solskydd-belastar-upp-till-220kg-tradgardsliggare-for-tradgard\/","name":"TRUUSK Hollywood-sv\u00e4ng 3-sits Tr\u00e4dg\u00e5rdssv\u00e4ng - Justerbart Solskydd - Belastar Upp Till 220kg - Tr\u00e4dg\u00e5rdsliggare - F\u00f6r Tr\u00e4dg\u00e5rd, - TRUUSK - Hem, Tr\u00e4dg\u00e5rd &amp; Fritid","isPartOf":{"@id":"https:\/\/truusk.store\/sv\/#website"},"primaryImageOfPage":{"@id":"https:\/\/truusk.store\/sv\/produkt\/truusk-hollywood-svang-3-sits-tradgardssvang-justerbart-solskydd-belastar-upp-till-220kg-tradgardsliggare-for-tradgard\/#primaryimage"},"image":{"@id":"https:\/\/truusk.store\/sv\/produkt\/truusk-hollywood-svang-3-sits-tradgardssvang-justerbart-solskydd-belastar-upp-till-220kg-tradgardsliggare-for-tradgard\/#primaryimage"},"thumbnailUrl":"https:\/\/i0.wp.com\/truusk.store\/wp-content\/uploads\/2025\/06\/outsuuny-hollywood-svang-3-sits-tradgardssvang-med-justerbart-solskydd-svangbank-belastar-upp-till-220kg-tradgardsliggare-for-tradgard-terrass-138-x-106-x-174-cm-beige-1.webp?fit=2000%2C2000&ssl=1","datePublished":"2025-06-05T14:24:47+00:00","dateModified":"2026-03-12T08:38:39+00:00","breadcrumb":{"@id":"https:\/\/truusk.store\/sv\/produkt\/truusk-hollywood-svang-3-sits-tradgardssvang-justerbart-solskydd-belastar-upp-till-220kg-tradgardsliggare-for-tradgard\/#breadcrumb"},"inLanguage":"sv-SE","potentialAction":[{"@type":"ReadAction","target":["https:\/\/truusk.store\/sv\/produkt\/truusk-hollywood-svang-3-sits-tradgardssvang-justerbart-solskydd-belastar-upp-till-220kg-tradgardsliggare-for-tradgard\/"]}]},{"@type":"ImageObject","inLanguage":"sv-SE","@id":"https:\/\/truusk.store\/sv\/produkt\/truusk-hollywood-svang-3-sits-tradgardssvang-justerbart-solskydd-belastar-upp-till-220kg-tradgardsliggare-for-tradgard\/#primaryimage","url":"https:\/\/i0.wp.com\/truusk.store\/wp-content\/uploads\/2025\/06\/outsuuny-hollywood-svang-3-sits-tradgardssvang-med-justerbart-solskydd-svangbank-belastar-upp-till-220kg-tradgardsliggare-for-tradgard-terrass-138-x-106-x-174-cm-beige-1.webp?fit=2000%2C2000&ssl=1","contentUrl":"https:\/\/i0.wp.com\/truusk.store\/wp-content\/uploads\/2025\/06\/outsuuny-hollywood-svang-3-sits-tradgardssvang-med-justerbart-solskydd-svangbank-belastar-upp-till-220kg-tradgardsliggare-for-tradgard-terrass-138-x-106-x-174-cm-beige-1.webp?fit=2000%2C2000&ssl=1","width":2000,"height":2000},{"@type":"BreadcrumbList","@id":"https:\/\/truusk.store\/sv\/produkt\/truusk-hollywood-svang-3-sits-tradgardssvang-justerbart-solskydd-belastar-upp-till-220kg-tradgardsliggare-for-tradgard\/#breadcrumb","itemListElement":[{"@type":"ListItem","position":1,"name":"Home","item":"https:\/\/truusk.store\/sv\/"},{"@type":"ListItem","position":2,"name":"Shop","item":"https:\/\/truusk.store\/shop\/"},{"@type":"ListItem","position":3,"name":"TRUUSK Hollywood-sv\u00e4ng 3-sits Tr\u00e4dg\u00e5rdssv\u00e4ng &#8211; Justerbart Solskydd &#8211; Belastar Upp Till 220kg &#8211; Tr\u00e4dg\u00e5rdsliggare &#8211; F\u00f6r Tr\u00e4dg\u00e5rd,"}]},{"@type":"WebSite","@id":"https:\/\/truusk.store\/sv\/#website","url":"https:\/\/truusk.store\/sv\/","name":"TRUUSK - Hem, Tr\u00e4dg\u00e5rd & Fritid","description":"","publisher":{"@id":"https:\/\/truusk.store\/sv\/#organization"},"potentialAction":[{"@type":"SearchAction","target":{"@type":"EntryPoint","urlTemplate":"https:\/\/truusk.store\/sv\/?s={search_term_string}"},"query-input":{"@type":"PropertyValueSpecification","valueRequired":true,"valueName":"search_term_string"}}],"inLanguage":"sv-SE"},{"@type":"Organization","@id":"https:\/\/truusk.store\/sv\/#organization","name":"TRUUSK - Hem, Tr\u00e4dg\u00e5rd & Fritid","url":"https:\/\/truusk.store\/sv\/","logo":{"@type":"ImageObject","inLanguage":"sv-SE","@id":"https:\/\/truusk.store\/sv\/#\/schema\/logo\/image\/","url":"https:\/\/i0.wp.com\/truusk.store\/wp-content\/uploads\/2026\/03\/cropped-TRUUSK.png?fit=2032%2C917&ssl=1","contentUrl":"https:\/\/i0.wp.com\/truusk.store\/wp-content\/uploads\/2026\/03\/cropped-TRUUSK.png?fit=2032%2C917&ssl=1","width":2032,"height":917,"caption":"TRUUSK - Hem, Tr\u00e4dg\u00e5rd & Fritid"},"image":{"@id":"https:\/\/truusk.store\/sv\/#\/schema\/logo\/image\/"}}]}},"jetpack_sharing_enabled":true,"_links":{"self":[{"href":"https:\/\/truusk.store\/sv\/wp-json\/wp\/v2\/product\/68019","targetHints":{"allow":["GET"]}}],"collection":[{"href":"https:\/\/truusk.store\/sv\/wp-json\/wp\/v2\/product"}],"about":[{"href":"https:\/\/truusk.store\/sv\/wp-json\/wp\/v2\/types\/product"}],"wp:featuredmedia":[{"embeddable":true,"href":"https:\/\/truusk.store\/sv\/wp-json\/wp\/v2\/media\/68010"}],"wp:attachment":[{"href":"https:\/\/truusk.store\/sv\/wp-json\/wp\/v2\/media?parent=68019"}],"wp:term":[{"taxonomy":"product_brand","embeddable":true,"href":"https:\/\/truusk.store\/sv\/wp-json\/wp\/v2\/product_brand?post=68019"},{"taxonomy":"product_cat","embeddable":true,"href":"https:\/\/truusk.store\/sv\/wp-json\/wp\/v2\/product_cat?post=68019"},{"taxonomy":"product_tag","embeddable":true,"href":"https:\/\/truusk.store\/sv\/wp-json\/wp\/v2\/product_tag?post=68019"}],"curies":[{"name":"wp","href":"https:\/\/api.w.org\/{rel}","templated":true}]}}