{"id":68029,"date":"2025-06-05T15:25:43","date_gmt":"2025-06-05T14:25:43","guid":{"rendered":"https:\/\/truusk.store\/product\/konstgjord-bambu-stor-140-cm-konstvaxt-plastkonstvaxter-i-kruka-konstbambu-med-780-blad-som-ser-akta-ut-for-vardagsrum-sovrum-kontor-tradgard-modern-dekoration\/"},"modified":"2026-03-12T09:11:05","modified_gmt":"2026-03-12T08:11:05","slug":"truusk-konstgjord-bambu-140-cm-plastkonstvaxt-i-kruka-780-blad-akta-utseende-modern-dekoration-vardagsrum-sovrum","status":"publish","type":"product","link":"https:\/\/truusk.store\/sv\/produkt\/truusk-konstgjord-bambu-140-cm-plastkonstvaxt-i-kruka-780-blad-akta-utseende-modern-dekoration-vardagsrum-sovrum\/","title":{"rendered":"TRUUSK Konstgjord Bambu 140 cm &#8211; Plastkonstv\u00e4xt i Kruka &#8211; 780 Blad &#8211; \u00c4kta Utseende &#8211; Modern Dekoration &#8211; Vardagsrum, Sovrum,"},"content":{"rendered":"<p>V\u00e5rt konstgjorda bambutr\u00e4d f\u00f6rblir gr\u00f6nt i flera \u00e5r utan besk\u00e4rning eller formning. Det kr\u00e4ver ingen vattning eller g\u00f6dsling, s\u00e5 du kan resa utan bekymmer n\u00e4r som helst. De naturtrogna bladen p\u00e5 krukv\u00e4xten ger varje rum en naturlig atmosf\u00e4r och \u00e4r dessutom l\u00e4ttsk\u00f6tta. Redan inplanterad, redo att anv\u00e4ndas direkt och passar till alla inredningar, idealisk f\u00f6r inomhus och utomhus.<\/p>\n<p>Beskrivning:<\/p>\n<ul>\n<li> Vacker konstgjord bambu designv\u00e4xt<\/li>\n<li> L\u00e4mplig f\u00f6r hemmet, kontoret eller utomhus. Ger varje rum en speciell touch<\/li>\n<li> Denna konstv\u00e4xt har 780 blad<\/li>\n<li> En robust kruka f\u00f6r inomhusv\u00e4xten erbjuder en stabil bas<\/li>\n<li> Konstgjord mossa och cementbotten ing\u00e5r, vilket g\u00f6r st\u00e5ndet stabilare<\/li>\n<li> L\u00e5gt underh\u00e5ll kr\u00e4vs<\/li>\n<\/ul>\n<p> Tekniska data:<\/p>\n<ul>\n<li> F\u00e4rg: Gr\u00f6n<\/li>\n<li> Material: Silkesduk, plast, cement<\/li>\n<li> Typ: Bambu<\/li>\n<li> Total h\u00f6jd: 140 cm<\/li>\n<li> Krukstorlek: \u00d817 x 14,5H cm<\/li>\n<\/ul>\n<p>Leveransinneh\u00e5ll:<\/p>\n<ul>\n<li> 1 x konstgjord v\u00e4xt;<\/li>\n<\/ul>\n","protected":false},"excerpt":{"rendered":"<p>V\u00e5rt konstgjorda bambutr\u00e4d f\u00f6rblir gr\u00f6nt i flera \u00e5r utan besk\u00e4rning eller formning. Det kr\u00e4ver ingen vattning eller g\u00f6dsling, s\u00e5 du&#8230;<\/p>\n","protected":false},"featured_media":68020,"template":"","meta":[],"product_brand":[],"product_cat":[962,871,681],"product_tag":[],"class_list":{"0":"post-68029","1":"product","2":"type-product","3":"status-publish","4":"has-post-thumbnail","6":"product_cat-dekoration","7":"product_cat-hus-hem","8":"product_cat-konstgjorda-vaxter","10":"first","11":"instock","12":"sale","13":"taxable","14":"shipping-taxable","15":"purchasable","16":"product-type-simple"},"yoast_head":"<!-- This site is optimized with the Yoast SEO plugin v25.4 - https:\/\/yoast.com\/wordpress\/plugins\/seo\/ -->\n<title>TRUUSK Konstgjord Bambu 140 cm - Plastkonstv\u00e4xt i Kruka - 780 Blad - \u00c4kta Utseende - Modern Dekoration - Vardagsrum, Sovrum, - TRUUSK - Hem, Tr\u00e4dg\u00e5rd &amp; Fritid<\/title>\n<meta name=\"robots\" content=\"index, follow, max-snippet:-1, max-image-preview:large, max-video-preview:-1\" \/>\n<link rel=\"canonical\" href=\"https:\/\/truusk.store\/sv\/produkt\/truusk-konstgjord-bambu-140-cm-plastkonstvaxt-i-kruka-780-blad-akta-utseende-modern-dekoration-vardagsrum-sovrum\/\" \/>\n<meta property=\"og:locale\" content=\"sv_SE\" \/>\n<meta property=\"og:type\" content=\"article\" \/>\n<meta property=\"og:title\" content=\"TRUUSK Konstgjord Bambu 140 cm - Plastkonstv\u00e4xt i Kruka - 780 Blad - \u00c4kta Utseende - Modern Dekoration - Vardagsrum, Sovrum, - TRUUSK - Hem, Tr\u00e4dg\u00e5rd &amp; Fritid\" \/>\n<meta property=\"og:description\" content=\"V\u00e5rt konstgjorda bambutr\u00e4d f\u00f6rblir gr\u00f6nt i flera \u00e5r utan besk\u00e4rning eller formning. Det kr\u00e4ver ingen vattning eller g\u00f6dsling, s\u00e5 du...\" \/>\n<meta property=\"og:url\" content=\"https:\/\/truusk.store\/sv\/produkt\/truusk-konstgjord-bambu-140-cm-plastkonstvaxt-i-kruka-780-blad-akta-utseende-modern-dekoration-vardagsrum-sovrum\/\" \/>\n<meta property=\"og:site_name\" content=\"TRUUSK - Hem, Tr\u00e4dg\u00e5rd &amp; Fritid\" \/>\n<meta property=\"article:modified_time\" content=\"2026-03-12T08:11:05+00:00\" \/>\n<meta property=\"og:image\" content=\"https:\/\/i0.wp.com\/truusk.se\/wp-content\/uploads\/2025\/06\/konstgjord-bambu-stor-140-cm-konstvaxt-plastkonstvaxter-i-kruka-konstbambu-med-780-blad-som-ser-akta-ut-for-vardagsrum-sovrum-kontor-tradgard-modern-dekoration-1.webp?fit=2000%2C2000&ssl=1\" \/>\n\t<meta property=\"og:image:width\" content=\"2000\" \/>\n\t<meta property=\"og:image:height\" content=\"2000\" \/>\n\t<meta property=\"og:image:type\" content=\"image\/webp\" \/>\n<meta name=\"twitter:card\" content=\"summary_large_image\" \/>\n<meta name=\"twitter:label1\" content=\"Ber\u00e4knad l\u00e4stid\" \/>\n\t<meta name=\"twitter:data1\" content=\"1 minut\" \/>\n<!-- \/ Yoast SEO plugin. -->","yoast_head_json":{"title":"TRUUSK Konstgjord Bambu 140 cm - Plastkonstv\u00e4xt i Kruka - 780 Blad - \u00c4kta Utseende - Modern Dekoration - Vardagsrum, Sovrum, - TRUUSK - Hem, Tr\u00e4dg\u00e5rd &amp; Fritid","robots":{"index":"index","follow":"follow","max-snippet":"max-snippet:-1","max-image-preview":"max-image-preview:large","max-video-preview":"max-video-preview:-1"},"canonical":"https:\/\/truusk.store\/sv\/produkt\/truusk-konstgjord-bambu-140-cm-plastkonstvaxt-i-kruka-780-blad-akta-utseende-modern-dekoration-vardagsrum-sovrum\/","og_locale":"sv_SE","og_type":"article","og_title":"TRUUSK Konstgjord Bambu 140 cm - Plastkonstv\u00e4xt i Kruka - 780 Blad - \u00c4kta Utseende - Modern Dekoration - Vardagsrum, Sovrum, - TRUUSK - Hem, Tr\u00e4dg\u00e5rd &amp; Fritid","og_description":"V\u00e5rt konstgjorda bambutr\u00e4d f\u00f6rblir gr\u00f6nt i flera \u00e5r utan besk\u00e4rning eller formning. Det kr\u00e4ver ingen vattning eller g\u00f6dsling, s\u00e5 du...","og_url":"https:\/\/truusk.store\/sv\/produkt\/truusk-konstgjord-bambu-140-cm-plastkonstvaxt-i-kruka-780-blad-akta-utseende-modern-dekoration-vardagsrum-sovrum\/","og_site_name":"TRUUSK - Hem, Tr\u00e4dg\u00e5rd &amp; Fritid","article_modified_time":"2026-03-12T08:11:05+00:00","og_image":[{"width":2000,"height":2000,"url":"https:\/\/i0.wp.com\/truusk.se\/wp-content\/uploads\/2025\/06\/konstgjord-bambu-stor-140-cm-konstvaxt-plastkonstvaxter-i-kruka-konstbambu-med-780-blad-som-ser-akta-ut-for-vardagsrum-sovrum-kontor-tradgard-modern-dekoration-1.webp?fit=2000%2C2000&ssl=1","type":"image\/webp"}],"twitter_card":"summary_large_image","twitter_misc":{"Ber\u00e4knad l\u00e4stid":"1 minut"},"schema":{"@context":"https:\/\/schema.org","@graph":[{"@type":"WebPage","@id":"https:\/\/truusk.store\/sv\/produkt\/truusk-konstgjord-bambu-140-cm-plastkonstvaxt-i-kruka-780-blad-akta-utseende-modern-dekoration-vardagsrum-sovrum\/","url":"https:\/\/truusk.store\/sv\/produkt\/truusk-konstgjord-bambu-140-cm-plastkonstvaxt-i-kruka-780-blad-akta-utseende-modern-dekoration-vardagsrum-sovrum\/","name":"TRUUSK Konstgjord Bambu 140 cm - Plastkonstv\u00e4xt i Kruka - 780 Blad - \u00c4kta Utseende - Modern Dekoration - Vardagsrum, Sovrum, - TRUUSK - Hem, Tr\u00e4dg\u00e5rd &amp; Fritid","isPartOf":{"@id":"https:\/\/truusk.store\/sv\/#website"},"primaryImageOfPage":{"@id":"https:\/\/truusk.store\/sv\/produkt\/truusk-konstgjord-bambu-140-cm-plastkonstvaxt-i-kruka-780-blad-akta-utseende-modern-dekoration-vardagsrum-sovrum\/#primaryimage"},"image":{"@id":"https:\/\/truusk.store\/sv\/produkt\/truusk-konstgjord-bambu-140-cm-plastkonstvaxt-i-kruka-780-blad-akta-utseende-modern-dekoration-vardagsrum-sovrum\/#primaryimage"},"thumbnailUrl":"https:\/\/i0.wp.com\/truusk.store\/wp-content\/uploads\/2025\/06\/konstgjord-bambu-stor-140-cm-konstvaxt-plastkonstvaxter-i-kruka-konstbambu-med-780-blad-som-ser-akta-ut-for-vardagsrum-sovrum-kontor-tradgard-modern-dekoration-1.webp?fit=2000%2C2000&ssl=1","datePublished":"2025-06-05T14:25:43+00:00","dateModified":"2026-03-12T08:11:05+00:00","breadcrumb":{"@id":"https:\/\/truusk.store\/sv\/produkt\/truusk-konstgjord-bambu-140-cm-plastkonstvaxt-i-kruka-780-blad-akta-utseende-modern-dekoration-vardagsrum-sovrum\/#breadcrumb"},"inLanguage":"sv-SE","potentialAction":[{"@type":"ReadAction","target":["https:\/\/truusk.store\/sv\/produkt\/truusk-konstgjord-bambu-140-cm-plastkonstvaxt-i-kruka-780-blad-akta-utseende-modern-dekoration-vardagsrum-sovrum\/"]}]},{"@type":"ImageObject","inLanguage":"sv-SE","@id":"https:\/\/truusk.store\/sv\/produkt\/truusk-konstgjord-bambu-140-cm-plastkonstvaxt-i-kruka-780-blad-akta-utseende-modern-dekoration-vardagsrum-sovrum\/#primaryimage","url":"https:\/\/i0.wp.com\/truusk.store\/wp-content\/uploads\/2025\/06\/konstgjord-bambu-stor-140-cm-konstvaxt-plastkonstvaxter-i-kruka-konstbambu-med-780-blad-som-ser-akta-ut-for-vardagsrum-sovrum-kontor-tradgard-modern-dekoration-1.webp?fit=2000%2C2000&ssl=1","contentUrl":"https:\/\/i0.wp.com\/truusk.store\/wp-content\/uploads\/2025\/06\/konstgjord-bambu-stor-140-cm-konstvaxt-plastkonstvaxter-i-kruka-konstbambu-med-780-blad-som-ser-akta-ut-for-vardagsrum-sovrum-kontor-tradgard-modern-dekoration-1.webp?fit=2000%2C2000&ssl=1","width":2000,"height":2000},{"@type":"BreadcrumbList","@id":"https:\/\/truusk.store\/sv\/produkt\/truusk-konstgjord-bambu-140-cm-plastkonstvaxt-i-kruka-780-blad-akta-utseende-modern-dekoration-vardagsrum-sovrum\/#breadcrumb","itemListElement":[{"@type":"ListItem","position":1,"name":"Home","item":"https:\/\/truusk.store\/sv\/"},{"@type":"ListItem","position":2,"name":"Shop","item":"https:\/\/truusk.store\/shop\/"},{"@type":"ListItem","position":3,"name":"TRUUSK Konstgjord Bambu 140 cm &#8211; Plastkonstv\u00e4xt i Kruka &#8211; 780 Blad &#8211; \u00c4kta Utseende &#8211; Modern Dekoration &#8211; Vardagsrum, Sovrum,"}]},{"@type":"WebSite","@id":"https:\/\/truusk.store\/sv\/#website","url":"https:\/\/truusk.store\/sv\/","name":"TRUUSK - Hem, Tr\u00e4dg\u00e5rd & Fritid","description":"","publisher":{"@id":"https:\/\/truusk.store\/sv\/#organization"},"potentialAction":[{"@type":"SearchAction","target":{"@type":"EntryPoint","urlTemplate":"https:\/\/truusk.store\/sv\/?s={search_term_string}"},"query-input":{"@type":"PropertyValueSpecification","valueRequired":true,"valueName":"search_term_string"}}],"inLanguage":"sv-SE"},{"@type":"Organization","@id":"https:\/\/truusk.store\/sv\/#organization","name":"TRUUSK - Hem, Tr\u00e4dg\u00e5rd & Fritid","url":"https:\/\/truusk.store\/sv\/","logo":{"@type":"ImageObject","inLanguage":"sv-SE","@id":"https:\/\/truusk.store\/sv\/#\/schema\/logo\/image\/","url":"https:\/\/i0.wp.com\/truusk.store\/wp-content\/uploads\/2026\/03\/cropped-TRUUSK.png?fit=2032%2C917&ssl=1","contentUrl":"https:\/\/i0.wp.com\/truusk.store\/wp-content\/uploads\/2026\/03\/cropped-TRUUSK.png?fit=2032%2C917&ssl=1","width":2032,"height":917,"caption":"TRUUSK - Hem, Tr\u00e4dg\u00e5rd & Fritid"},"image":{"@id":"https:\/\/truusk.store\/sv\/#\/schema\/logo\/image\/"}}]}},"jetpack_sharing_enabled":true,"_links":{"self":[{"href":"https:\/\/truusk.store\/sv\/wp-json\/wp\/v2\/product\/68029","targetHints":{"allow":["GET"]}}],"collection":[{"href":"https:\/\/truusk.store\/sv\/wp-json\/wp\/v2\/product"}],"about":[{"href":"https:\/\/truusk.store\/sv\/wp-json\/wp\/v2\/types\/product"}],"wp:featuredmedia":[{"embeddable":true,"href":"https:\/\/truusk.store\/sv\/wp-json\/wp\/v2\/media\/68020"}],"wp:attachment":[{"href":"https:\/\/truusk.store\/sv\/wp-json\/wp\/v2\/media?parent=68029"}],"wp:term":[{"taxonomy":"product_brand","embeddable":true,"href":"https:\/\/truusk.store\/sv\/wp-json\/wp\/v2\/product_brand?post=68029"},{"taxonomy":"product_cat","embeddable":true,"href":"https:\/\/truusk.store\/sv\/wp-json\/wp\/v2\/product_cat?post=68029"},{"taxonomy":"product_tag","embeddable":true,"href":"https:\/\/truusk.store\/sv\/wp-json\/wp\/v2\/product_tag?post=68029"}],"curies":[{"name":"wp","href":"https:\/\/api.w.org\/{rel}","templated":true}]}}