{"id":68039,"date":"2025-06-05T15:26:47","date_gmt":"2025-06-05T14:26:47","guid":{"rendered":"https:\/\/truusk.store\/product\/konstgjord-lavendel-2-pack-stor-60-cm-konstvaxt-konstgjorda-vaxter-i-kruka-plastkonstblomma-som-ser-akta-ut-for-vardagsrum-sovrum-kontor-tradgard-modern-dekoration\/"},"modified":"2026-03-12T09:42:23","modified_gmt":"2026-03-12T08:42:23","slug":"truusk-2-pack-konstgjord-lavendel-stor-60-cm-konstvaxter-i-kruka-plastkonstblommor-akta-utseende-modern-dekoration","status":"publish","type":"product","link":"https:\/\/truusk.store\/sv\/produkt\/truusk-2-pack-konstgjord-lavendel-stor-60-cm-konstvaxter-i-kruka-plastkonstblommor-akta-utseende-modern-dekoration\/","title":{"rendered":"TRUUSK 2-pack Konstgjord Lavendel Stor 60 cm &#8211; Konstv\u00e4xter i Kruka &#8211; Plastkonstblommor &#8211; \u00c4kta Utseende &#8211; Modern Dekoration"},"content":{"rendered":"<p>Ge ditt hem en touch av elegans med v\u00e5ra konstfulla, livliga lavendeltr\u00e4d! Perfekt f\u00f6r alla som inte har gr\u00f6na fingrar, erbjuder dessa l\u00e4ttsk\u00f6tta konstv\u00e4xter \u00e5rtionden av sk\u00f6nhet utan vattning, g\u00f6dsling eller omplantering. De realistiskt utformade bladen skapar en inbjudande atmosf\u00e4r i varje rum. Redan med kruka och redo att anv\u00e4ndas, passar de perfekt till alla inredningar &#8211; b\u00e5de inomhus och utomhus.<\/p>\n<p>Beskrivning:<\/p>\n<ul>\n<li> Set med 2 konstgjorda lavendeltr\u00e4d f\u00f6r en stilfull dekoration<\/li>\n<li> L\u00e4mplig f\u00f6r alla typer av inomhus- och utomhusomr\u00e5den<\/li>\n<li>dessa konstv\u00e4xter piffar upp varje rum med sina naturliga accenter<\/li>\n<li> Varje konsttr\u00e4d best\u00e5r av 450 blad och 25 lavendelblommor<\/li>\n<li> Inklusive ytterkruka, PE-mossa och cementfyllning f\u00f6r stabilitet<\/li>\n<li> L\u00e4tt att sk\u00f6ta och h\u00e5llbar<\/li>\n<li>ingen bevattning, ingen g\u00f6dsling och ingen omplantering n\u00f6dv\u00e4ndig<\/li>\n<li> Ingen montering kr\u00e4vs<\/li>\n<li>konstv\u00e4xten levereras redan planterad och klar att anv\u00e4ndas<\/li>\n<\/ul>\n<p> Tekniska data:<\/p>\n<ul>\n<li> F\u00e4rg: Vit<\/li>\n<li> Material: PE, plast, cement<\/li>\n<li> Typ: Klotformigt tr\u00e4d med lavendelblommor<\/li>\n<li> Total storlek: \u00d824 cm<\/li>\n<li> Total h\u00f6jd: 60 cm<\/li>\n<li> Krukstorlek: \u00d814,5 x 13 cm<\/li>\n<\/ul>\n<p>Leveransinneh\u00e5ll:<\/p>\n<ul>\n<li> 2 x Konstgjorda v\u00e4xter<\/li>\n<li> 1 x Instruktioner<\/li>\n<\/ul>\n","protected":false},"excerpt":{"rendered":"<p>Ge ditt hem en touch av elegans med v\u00e5ra konstfulla, livliga lavendeltr\u00e4d! Perfekt f\u00f6r alla som inte har gr\u00f6na fingrar,&#8230;<\/p>\n","protected":false},"featured_media":68030,"template":"","meta":[],"product_brand":[],"product_cat":[962,871,681],"product_tag":[],"class_list":{"0":"post-68039","1":"product","2":"type-product","3":"status-publish","4":"has-post-thumbnail","6":"product_cat-dekoration","7":"product_cat-hus-hem","8":"product_cat-konstgjorda-vaxter","10":"first","11":"instock","12":"sale","13":"taxable","14":"shipping-taxable","15":"purchasable","16":"product-type-simple"},"yoast_head":"<!-- This site is optimized with the Yoast SEO plugin v25.4 - https:\/\/yoast.com\/wordpress\/plugins\/seo\/ -->\n<title>TRUUSK 2-pack Konstgjord Lavendel Stor 60 cm - Konstv\u00e4xter i Kruka - Plastkonstblommor - \u00c4kta Utseende - Modern Dekoration - TRUUSK - Hem, Tr\u00e4dg\u00e5rd &amp; Fritid<\/title>\n<meta name=\"robots\" content=\"index, follow, max-snippet:-1, max-image-preview:large, max-video-preview:-1\" \/>\n<link rel=\"canonical\" href=\"https:\/\/truusk.store\/sv\/produkt\/truusk-2-pack-konstgjord-lavendel-stor-60-cm-konstvaxter-i-kruka-plastkonstblommor-akta-utseende-modern-dekoration\/\" \/>\n<meta property=\"og:locale\" content=\"sv_SE\" \/>\n<meta property=\"og:type\" content=\"article\" \/>\n<meta property=\"og:title\" content=\"TRUUSK 2-pack Konstgjord Lavendel Stor 60 cm - Konstv\u00e4xter i Kruka - Plastkonstblommor - \u00c4kta Utseende - Modern Dekoration - TRUUSK - Hem, Tr\u00e4dg\u00e5rd &amp; Fritid\" \/>\n<meta property=\"og:description\" content=\"Ge ditt hem en touch av elegans med v\u00e5ra konstfulla, livliga lavendeltr\u00e4d! Perfekt f\u00f6r alla som inte har gr\u00f6na fingrar,...\" \/>\n<meta property=\"og:url\" content=\"https:\/\/truusk.store\/sv\/produkt\/truusk-2-pack-konstgjord-lavendel-stor-60-cm-konstvaxter-i-kruka-plastkonstblommor-akta-utseende-modern-dekoration\/\" \/>\n<meta property=\"og:site_name\" content=\"TRUUSK - Hem, Tr\u00e4dg\u00e5rd &amp; Fritid\" \/>\n<meta property=\"article:modified_time\" content=\"2026-03-12T08:42:23+00:00\" \/>\n<meta property=\"og:image\" content=\"https:\/\/i0.wp.com\/truusk.se\/wp-content\/uploads\/2025\/06\/konstgjord-lavendel-2-pack-stor-60-cm-konstvaxt-konstgjorda-vaxter-i-kruka-plastkonstblomma-som-ser-akta-ut-for-vardagsrum-sovrum-kontor-tradgard-modern-dekoration-1.webp?fit=2000%2C2000&ssl=1\" \/>\n\t<meta property=\"og:image:width\" content=\"2000\" \/>\n\t<meta property=\"og:image:height\" content=\"2000\" \/>\n\t<meta property=\"og:image:type\" content=\"image\/webp\" \/>\n<meta name=\"twitter:card\" content=\"summary_large_image\" \/>\n<meta name=\"twitter:label1\" content=\"Ber\u00e4knad l\u00e4stid\" \/>\n\t<meta name=\"twitter:data1\" content=\"1 minut\" \/>\n<!-- \/ Yoast SEO plugin. -->","yoast_head_json":{"title":"TRUUSK 2-pack Konstgjord Lavendel Stor 60 cm - Konstv\u00e4xter i Kruka - Plastkonstblommor - \u00c4kta Utseende - Modern Dekoration - TRUUSK - Hem, Tr\u00e4dg\u00e5rd &amp; Fritid","robots":{"index":"index","follow":"follow","max-snippet":"max-snippet:-1","max-image-preview":"max-image-preview:large","max-video-preview":"max-video-preview:-1"},"canonical":"https:\/\/truusk.store\/sv\/produkt\/truusk-2-pack-konstgjord-lavendel-stor-60-cm-konstvaxter-i-kruka-plastkonstblommor-akta-utseende-modern-dekoration\/","og_locale":"sv_SE","og_type":"article","og_title":"TRUUSK 2-pack Konstgjord Lavendel Stor 60 cm - Konstv\u00e4xter i Kruka - Plastkonstblommor - \u00c4kta Utseende - Modern Dekoration - TRUUSK - Hem, Tr\u00e4dg\u00e5rd &amp; Fritid","og_description":"Ge ditt hem en touch av elegans med v\u00e5ra konstfulla, livliga lavendeltr\u00e4d! Perfekt f\u00f6r alla som inte har gr\u00f6na fingrar,...","og_url":"https:\/\/truusk.store\/sv\/produkt\/truusk-2-pack-konstgjord-lavendel-stor-60-cm-konstvaxter-i-kruka-plastkonstblommor-akta-utseende-modern-dekoration\/","og_site_name":"TRUUSK - Hem, Tr\u00e4dg\u00e5rd &amp; Fritid","article_modified_time":"2026-03-12T08:42:23+00:00","og_image":[{"width":2000,"height":2000,"url":"https:\/\/i0.wp.com\/truusk.se\/wp-content\/uploads\/2025\/06\/konstgjord-lavendel-2-pack-stor-60-cm-konstvaxt-konstgjorda-vaxter-i-kruka-plastkonstblomma-som-ser-akta-ut-for-vardagsrum-sovrum-kontor-tradgard-modern-dekoration-1.webp?fit=2000%2C2000&ssl=1","type":"image\/webp"}],"twitter_card":"summary_large_image","twitter_misc":{"Ber\u00e4knad l\u00e4stid":"1 minut"},"schema":{"@context":"https:\/\/schema.org","@graph":[{"@type":"WebPage","@id":"https:\/\/truusk.store\/sv\/produkt\/truusk-2-pack-konstgjord-lavendel-stor-60-cm-konstvaxter-i-kruka-plastkonstblommor-akta-utseende-modern-dekoration\/","url":"https:\/\/truusk.store\/sv\/produkt\/truusk-2-pack-konstgjord-lavendel-stor-60-cm-konstvaxter-i-kruka-plastkonstblommor-akta-utseende-modern-dekoration\/","name":"TRUUSK 2-pack Konstgjord Lavendel Stor 60 cm - Konstv\u00e4xter i Kruka - Plastkonstblommor - \u00c4kta Utseende - Modern Dekoration - TRUUSK - Hem, Tr\u00e4dg\u00e5rd &amp; Fritid","isPartOf":{"@id":"https:\/\/truusk.store\/sv\/#website"},"primaryImageOfPage":{"@id":"https:\/\/truusk.store\/sv\/produkt\/truusk-2-pack-konstgjord-lavendel-stor-60-cm-konstvaxter-i-kruka-plastkonstblommor-akta-utseende-modern-dekoration\/#primaryimage"},"image":{"@id":"https:\/\/truusk.store\/sv\/produkt\/truusk-2-pack-konstgjord-lavendel-stor-60-cm-konstvaxter-i-kruka-plastkonstblommor-akta-utseende-modern-dekoration\/#primaryimage"},"thumbnailUrl":"https:\/\/i0.wp.com\/truusk.store\/wp-content\/uploads\/2025\/06\/konstgjord-lavendel-2-pack-stor-60-cm-konstvaxt-konstgjorda-vaxter-i-kruka-plastkonstblomma-som-ser-akta-ut-for-vardagsrum-sovrum-kontor-tradgard-modern-dekoration-1.webp?fit=2000%2C2000&ssl=1","datePublished":"2025-06-05T14:26:47+00:00","dateModified":"2026-03-12T08:42:23+00:00","breadcrumb":{"@id":"https:\/\/truusk.store\/sv\/produkt\/truusk-2-pack-konstgjord-lavendel-stor-60-cm-konstvaxter-i-kruka-plastkonstblommor-akta-utseende-modern-dekoration\/#breadcrumb"},"inLanguage":"sv-SE","potentialAction":[{"@type":"ReadAction","target":["https:\/\/truusk.store\/sv\/produkt\/truusk-2-pack-konstgjord-lavendel-stor-60-cm-konstvaxter-i-kruka-plastkonstblommor-akta-utseende-modern-dekoration\/"]}]},{"@type":"ImageObject","inLanguage":"sv-SE","@id":"https:\/\/truusk.store\/sv\/produkt\/truusk-2-pack-konstgjord-lavendel-stor-60-cm-konstvaxter-i-kruka-plastkonstblommor-akta-utseende-modern-dekoration\/#primaryimage","url":"https:\/\/i0.wp.com\/truusk.store\/wp-content\/uploads\/2025\/06\/konstgjord-lavendel-2-pack-stor-60-cm-konstvaxt-konstgjorda-vaxter-i-kruka-plastkonstblomma-som-ser-akta-ut-for-vardagsrum-sovrum-kontor-tradgard-modern-dekoration-1.webp?fit=2000%2C2000&ssl=1","contentUrl":"https:\/\/i0.wp.com\/truusk.store\/wp-content\/uploads\/2025\/06\/konstgjord-lavendel-2-pack-stor-60-cm-konstvaxt-konstgjorda-vaxter-i-kruka-plastkonstblomma-som-ser-akta-ut-for-vardagsrum-sovrum-kontor-tradgard-modern-dekoration-1.webp?fit=2000%2C2000&ssl=1","width":2000,"height":2000},{"@type":"BreadcrumbList","@id":"https:\/\/truusk.store\/sv\/produkt\/truusk-2-pack-konstgjord-lavendel-stor-60-cm-konstvaxter-i-kruka-plastkonstblommor-akta-utseende-modern-dekoration\/#breadcrumb","itemListElement":[{"@type":"ListItem","position":1,"name":"Home","item":"https:\/\/truusk.store\/sv\/"},{"@type":"ListItem","position":2,"name":"Shop","item":"https:\/\/truusk.store\/shop\/"},{"@type":"ListItem","position":3,"name":"TRUUSK 2-pack Konstgjord Lavendel Stor 60 cm &#8211; Konstv\u00e4xter i Kruka &#8211; Plastkonstblommor &#8211; \u00c4kta Utseende &#8211; Modern Dekoration"}]},{"@type":"WebSite","@id":"https:\/\/truusk.store\/sv\/#website","url":"https:\/\/truusk.store\/sv\/","name":"TRUUSK - Hem, Tr\u00e4dg\u00e5rd & Fritid","description":"","publisher":{"@id":"https:\/\/truusk.store\/sv\/#organization"},"potentialAction":[{"@type":"SearchAction","target":{"@type":"EntryPoint","urlTemplate":"https:\/\/truusk.store\/sv\/?s={search_term_string}"},"query-input":{"@type":"PropertyValueSpecification","valueRequired":true,"valueName":"search_term_string"}}],"inLanguage":"sv-SE"},{"@type":"Organization","@id":"https:\/\/truusk.store\/sv\/#organization","name":"TRUUSK - Hem, Tr\u00e4dg\u00e5rd & Fritid","url":"https:\/\/truusk.store\/sv\/","logo":{"@type":"ImageObject","inLanguage":"sv-SE","@id":"https:\/\/truusk.store\/sv\/#\/schema\/logo\/image\/","url":"https:\/\/i0.wp.com\/truusk.store\/wp-content\/uploads\/2026\/03\/cropped-TRUUSK.png?fit=2032%2C917&ssl=1","contentUrl":"https:\/\/i0.wp.com\/truusk.store\/wp-content\/uploads\/2026\/03\/cropped-TRUUSK.png?fit=2032%2C917&ssl=1","width":2032,"height":917,"caption":"TRUUSK - Hem, Tr\u00e4dg\u00e5rd & Fritid"},"image":{"@id":"https:\/\/truusk.store\/sv\/#\/schema\/logo\/image\/"}}]}},"jetpack_sharing_enabled":true,"_links":{"self":[{"href":"https:\/\/truusk.store\/sv\/wp-json\/wp\/v2\/product\/68039","targetHints":{"allow":["GET"]}}],"collection":[{"href":"https:\/\/truusk.store\/sv\/wp-json\/wp\/v2\/product"}],"about":[{"href":"https:\/\/truusk.store\/sv\/wp-json\/wp\/v2\/types\/product"}],"wp:featuredmedia":[{"embeddable":true,"href":"https:\/\/truusk.store\/sv\/wp-json\/wp\/v2\/media\/68030"}],"wp:attachment":[{"href":"https:\/\/truusk.store\/sv\/wp-json\/wp\/v2\/media?parent=68039"}],"wp:term":[{"taxonomy":"product_brand","embeddable":true,"href":"https:\/\/truusk.store\/sv\/wp-json\/wp\/v2\/product_brand?post=68039"},{"taxonomy":"product_cat","embeddable":true,"href":"https:\/\/truusk.store\/sv\/wp-json\/wp\/v2\/product_cat?post=68039"},{"taxonomy":"product_tag","embeddable":true,"href":"https:\/\/truusk.store\/sv\/wp-json\/wp\/v2\/product_tag?post=68039"}],"curies":[{"name":"wp","href":"https:\/\/api.w.org\/{rel}","templated":true}]}}