{"id":68049,"date":"2025-06-05T15:27:43","date_gmt":"2025-06-05T14:27:43","guid":{"rendered":"https:\/\/truusk.store\/product\/hamsterbur-i-tra-for-dvarghamstrar-gnagarbur-smadjursbur-med-2-hyddor-och-tillbehor-stor-musbur-bur-82-x-45-x-81-cm-gra\/"},"modified":"2026-03-12T09:18:45","modified_gmt":"2026-03-12T08:18:45","slug":"truusk-hamsterbur-i-tra-med-2-hyddor-tillbehor-inkluderade-stor-gnagarbur-82-x-45-x-81-cm-gra","status":"publish","type":"product","link":"https:\/\/truusk.store\/sv\/produkt\/truusk-hamsterbur-i-tra-med-2-hyddor-tillbehor-inkluderade-stor-gnagarbur-82-x-45-x-81-cm-gra\/","title":{"rendered":"TRUUSK Hamsterbur i tr\u00e4 med 2 hyddor &#8211; Tillbeh\u00f6r inkluderade &#8211; Stor gnagarbur 82 x 45 x 81 cm &#8211; Gr\u00e5"},"content":{"rendered":"<p>Den h\u00e4r TRUUSK dv\u00e4rghamsterburen erbjuder sm\u00e5 husdjur \u00f6ver 3000 cm\u00b2 s\u00e4kert och aktivt livsutrymme. Tv\u00e5 mysiga hyddor i gnagarburen inbjuder till lek och avkoppling. P\u00e5 den \u00f6vre hyllan kan du praktiskt f\u00f6rvara husdjurstillbeh\u00f6r. Tack vare skjutd\u00f6rrarna i akryl kan du alltid observera dina djur. Idealisk f\u00f6r dv\u00e4rghamstrar och liknande stora husdjur.<\/p>\n<p>Beskrivning:<\/p>\n<ul>\n<li> Inneh\u00e5ller tv\u00e5 hyddor<\/li>\n<li> Flyttbar \u00f6vre hylla f\u00f6r f\u00f6rvaring av f\u00f6rem\u00e5l<\/li>\n<li> Metallgallret i musburen kl\u00e4mmer inte<\/li>\n<li> Tv\u00e5 akrylskjutd\u00f6rrar i gnagarburen m\u00f6jligg\u00f6r enkel \u00e5tkomst och ger samtidigt insyn i buren<\/li>\n<li> Tr\u00e4konstruktion f\u00f6r stabilitet, tack vare vattenavvisning l\u00e4mplig f\u00f6r utomhusbruk<\/li>\n<li> Idealt hem f\u00f6r dv\u00e4rghamstrar och liknande husdjur<\/li>\n<li> Montering kr\u00e4vs<\/li>\n<\/ul>\n<p> Tekniska data:<\/p>\n<ul>\n<li> F\u00e4rg: M\u00f6rkgr\u00e5+Vit<\/li>\n<li> Material: Grantr\u00e4, galvaniserat metallgaller, akryl<\/li>\n<li> M\u00e5tt: 82L x 45B x 81H cm.<\/li>\n<li> Huvudhus: 80L x 45B x 45H cm.<\/li>\n<li> Innerm\u00e5tt: 75,5L x 41B x 40H cm.<\/li>\n<li> Skjutd\u00f6rr: 38B x 37H cm.<\/li>\n<li> Hydda: 20L x 15B x 16H cm\/28L x 15B x 16H cm.<\/li>\n<li> Hylla: 80L x 20B cm.<\/li>\n<li> Tr\u00e5ddiameteravst\u00e5nd: 12L x 12B mm<\/li>\n<\/ul>\n<p>Leveransinneh\u00e5ll:<\/p>\n<ul>\n<li> 1 x Dv\u00e4rghamsterbur<\/li>\n<li> 1 x Bruksanvisning<\/li>\n<\/ul>\n","protected":false},"excerpt":{"rendered":"<p>Den h\u00e4r TRUUSK dv\u00e4rghamsterburen erbjuder sm\u00e5 husdjur \u00f6ver 3000 cm\u00b2 s\u00e4kert och aktivt livsutrymme. Tv\u00e5 mysiga hyddor i gnagarburen inbjuder&#8230;<\/p>\n","protected":false},"featured_media":68040,"template":"","meta":[],"product_brand":[],"product_cat":[878,599,597],"product_tag":[],"class_list":{"0":"post-68049","1":"product","2":"type-product","3":"status-publish","4":"has-post-thumbnail","6":"product_cat-djurbehov","7":"product_cat-sma-djurburar","8":"product_cat-sma-djurtillbehor","10":"first","11":"instock","12":"sale","13":"taxable","14":"shipping-taxable","15":"purchasable","16":"product-type-simple"},"yoast_head":"<!-- This site is optimized with the Yoast SEO plugin v25.4 - https:\/\/yoast.com\/wordpress\/plugins\/seo\/ -->\n<title>TRUUSK Hamsterbur i tr\u00e4 med 2 hyddor - Tillbeh\u00f6r inkluderade - Stor gnagarbur 82 x 45 x 81 cm - Gr\u00e5 - TRUUSK - Hem, Tr\u00e4dg\u00e5rd &amp; Fritid<\/title>\n<meta name=\"robots\" content=\"index, follow, max-snippet:-1, max-image-preview:large, max-video-preview:-1\" \/>\n<link rel=\"canonical\" href=\"https:\/\/truusk.store\/sv\/produkt\/truusk-hamsterbur-i-tra-med-2-hyddor-tillbehor-inkluderade-stor-gnagarbur-82-x-45-x-81-cm-gra\/\" \/>\n<meta property=\"og:locale\" content=\"sv_SE\" \/>\n<meta property=\"og:type\" content=\"article\" \/>\n<meta property=\"og:title\" content=\"TRUUSK Hamsterbur i tr\u00e4 med 2 hyddor - Tillbeh\u00f6r inkluderade - Stor gnagarbur 82 x 45 x 81 cm - Gr\u00e5 - TRUUSK - Hem, Tr\u00e4dg\u00e5rd &amp; Fritid\" \/>\n<meta property=\"og:description\" content=\"Den h\u00e4r TRUUSK dv\u00e4rghamsterburen erbjuder sm\u00e5 husdjur \u00f6ver 3000 cm\u00b2 s\u00e4kert och aktivt livsutrymme. Tv\u00e5 mysiga hyddor i gnagarburen inbjuder...\" \/>\n<meta property=\"og:url\" content=\"https:\/\/truusk.store\/sv\/produkt\/truusk-hamsterbur-i-tra-med-2-hyddor-tillbehor-inkluderade-stor-gnagarbur-82-x-45-x-81-cm-gra\/\" \/>\n<meta property=\"og:site_name\" content=\"TRUUSK - Hem, Tr\u00e4dg\u00e5rd &amp; Fritid\" \/>\n<meta property=\"article:modified_time\" content=\"2026-03-12T08:18:45+00:00\" \/>\n<meta property=\"og:image\" content=\"https:\/\/i0.wp.com\/truusk.se\/wp-content\/uploads\/2025\/06\/hamsterbur-i-tra-for-dvarghamstrar-gnagarbur-smadjursbur-med-2-hyddor-och-tillbehor-stor-musbur-bur-82-x-45-x-81-cm-gra-1.webp?fit=2000%2C2000&ssl=1\" \/>\n\t<meta property=\"og:image:width\" content=\"2000\" \/>\n\t<meta property=\"og:image:height\" content=\"2000\" \/>\n\t<meta property=\"og:image:type\" content=\"image\/webp\" \/>\n<meta name=\"twitter:card\" content=\"summary_large_image\" \/>\n<meta name=\"twitter:label1\" content=\"Ber\u00e4knad l\u00e4stid\" \/>\n\t<meta name=\"twitter:data1\" content=\"1 minut\" \/>\n<!-- \/ Yoast SEO plugin. -->","yoast_head_json":{"title":"TRUUSK Hamsterbur i tr\u00e4 med 2 hyddor - Tillbeh\u00f6r inkluderade - Stor gnagarbur 82 x 45 x 81 cm - Gr\u00e5 - TRUUSK - Hem, Tr\u00e4dg\u00e5rd &amp; Fritid","robots":{"index":"index","follow":"follow","max-snippet":"max-snippet:-1","max-image-preview":"max-image-preview:large","max-video-preview":"max-video-preview:-1"},"canonical":"https:\/\/truusk.store\/sv\/produkt\/truusk-hamsterbur-i-tra-med-2-hyddor-tillbehor-inkluderade-stor-gnagarbur-82-x-45-x-81-cm-gra\/","og_locale":"sv_SE","og_type":"article","og_title":"TRUUSK Hamsterbur i tr\u00e4 med 2 hyddor - Tillbeh\u00f6r inkluderade - Stor gnagarbur 82 x 45 x 81 cm - Gr\u00e5 - TRUUSK - Hem, Tr\u00e4dg\u00e5rd &amp; Fritid","og_description":"Den h\u00e4r TRUUSK dv\u00e4rghamsterburen erbjuder sm\u00e5 husdjur \u00f6ver 3000 cm\u00b2 s\u00e4kert och aktivt livsutrymme. Tv\u00e5 mysiga hyddor i gnagarburen inbjuder...","og_url":"https:\/\/truusk.store\/sv\/produkt\/truusk-hamsterbur-i-tra-med-2-hyddor-tillbehor-inkluderade-stor-gnagarbur-82-x-45-x-81-cm-gra\/","og_site_name":"TRUUSK - Hem, Tr\u00e4dg\u00e5rd &amp; Fritid","article_modified_time":"2026-03-12T08:18:45+00:00","og_image":[{"width":2000,"height":2000,"url":"https:\/\/i0.wp.com\/truusk.se\/wp-content\/uploads\/2025\/06\/hamsterbur-i-tra-for-dvarghamstrar-gnagarbur-smadjursbur-med-2-hyddor-och-tillbehor-stor-musbur-bur-82-x-45-x-81-cm-gra-1.webp?fit=2000%2C2000&ssl=1","type":"image\/webp"}],"twitter_card":"summary_large_image","twitter_misc":{"Ber\u00e4knad l\u00e4stid":"1 minut"},"schema":{"@context":"https:\/\/schema.org","@graph":[{"@type":"WebPage","@id":"https:\/\/truusk.store\/sv\/produkt\/truusk-hamsterbur-i-tra-med-2-hyddor-tillbehor-inkluderade-stor-gnagarbur-82-x-45-x-81-cm-gra\/","url":"https:\/\/truusk.store\/sv\/produkt\/truusk-hamsterbur-i-tra-med-2-hyddor-tillbehor-inkluderade-stor-gnagarbur-82-x-45-x-81-cm-gra\/","name":"TRUUSK Hamsterbur i tr\u00e4 med 2 hyddor - Tillbeh\u00f6r inkluderade - Stor gnagarbur 82 x 45 x 81 cm - Gr\u00e5 - TRUUSK - Hem, Tr\u00e4dg\u00e5rd &amp; Fritid","isPartOf":{"@id":"https:\/\/truusk.store\/sv\/#website"},"primaryImageOfPage":{"@id":"https:\/\/truusk.store\/sv\/produkt\/truusk-hamsterbur-i-tra-med-2-hyddor-tillbehor-inkluderade-stor-gnagarbur-82-x-45-x-81-cm-gra\/#primaryimage"},"image":{"@id":"https:\/\/truusk.store\/sv\/produkt\/truusk-hamsterbur-i-tra-med-2-hyddor-tillbehor-inkluderade-stor-gnagarbur-82-x-45-x-81-cm-gra\/#primaryimage"},"thumbnailUrl":"https:\/\/i0.wp.com\/truusk.store\/wp-content\/uploads\/2025\/06\/hamsterbur-i-tra-for-dvarghamstrar-gnagarbur-smadjursbur-med-2-hyddor-och-tillbehor-stor-musbur-bur-82-x-45-x-81-cm-gra-1.webp?fit=2000%2C2000&ssl=1","datePublished":"2025-06-05T14:27:43+00:00","dateModified":"2026-03-12T08:18:45+00:00","breadcrumb":{"@id":"https:\/\/truusk.store\/sv\/produkt\/truusk-hamsterbur-i-tra-med-2-hyddor-tillbehor-inkluderade-stor-gnagarbur-82-x-45-x-81-cm-gra\/#breadcrumb"},"inLanguage":"sv-SE","potentialAction":[{"@type":"ReadAction","target":["https:\/\/truusk.store\/sv\/produkt\/truusk-hamsterbur-i-tra-med-2-hyddor-tillbehor-inkluderade-stor-gnagarbur-82-x-45-x-81-cm-gra\/"]}]},{"@type":"ImageObject","inLanguage":"sv-SE","@id":"https:\/\/truusk.store\/sv\/produkt\/truusk-hamsterbur-i-tra-med-2-hyddor-tillbehor-inkluderade-stor-gnagarbur-82-x-45-x-81-cm-gra\/#primaryimage","url":"https:\/\/i0.wp.com\/truusk.store\/wp-content\/uploads\/2025\/06\/hamsterbur-i-tra-for-dvarghamstrar-gnagarbur-smadjursbur-med-2-hyddor-och-tillbehor-stor-musbur-bur-82-x-45-x-81-cm-gra-1.webp?fit=2000%2C2000&ssl=1","contentUrl":"https:\/\/i0.wp.com\/truusk.store\/wp-content\/uploads\/2025\/06\/hamsterbur-i-tra-for-dvarghamstrar-gnagarbur-smadjursbur-med-2-hyddor-och-tillbehor-stor-musbur-bur-82-x-45-x-81-cm-gra-1.webp?fit=2000%2C2000&ssl=1","width":2000,"height":2000},{"@type":"BreadcrumbList","@id":"https:\/\/truusk.store\/sv\/produkt\/truusk-hamsterbur-i-tra-med-2-hyddor-tillbehor-inkluderade-stor-gnagarbur-82-x-45-x-81-cm-gra\/#breadcrumb","itemListElement":[{"@type":"ListItem","position":1,"name":"Home","item":"https:\/\/truusk.store\/sv\/"},{"@type":"ListItem","position":2,"name":"Shop","item":"https:\/\/truusk.store\/shop\/"},{"@type":"ListItem","position":3,"name":"TRUUSK Hamsterbur i tr\u00e4 med 2 hyddor &#8211; Tillbeh\u00f6r inkluderade &#8211; Stor gnagarbur 82 x 45 x 81 cm &#8211; Gr\u00e5"}]},{"@type":"WebSite","@id":"https:\/\/truusk.store\/sv\/#website","url":"https:\/\/truusk.store\/sv\/","name":"TRUUSK - Hem, Tr\u00e4dg\u00e5rd & Fritid","description":"","publisher":{"@id":"https:\/\/truusk.store\/sv\/#organization"},"potentialAction":[{"@type":"SearchAction","target":{"@type":"EntryPoint","urlTemplate":"https:\/\/truusk.store\/sv\/?s={search_term_string}"},"query-input":{"@type":"PropertyValueSpecification","valueRequired":true,"valueName":"search_term_string"}}],"inLanguage":"sv-SE"},{"@type":"Organization","@id":"https:\/\/truusk.store\/sv\/#organization","name":"TRUUSK - Hem, Tr\u00e4dg\u00e5rd & Fritid","url":"https:\/\/truusk.store\/sv\/","logo":{"@type":"ImageObject","inLanguage":"sv-SE","@id":"https:\/\/truusk.store\/sv\/#\/schema\/logo\/image\/","url":"https:\/\/i0.wp.com\/truusk.store\/wp-content\/uploads\/2026\/03\/cropped-TRUUSK.png?fit=2032%2C917&ssl=1","contentUrl":"https:\/\/i0.wp.com\/truusk.store\/wp-content\/uploads\/2026\/03\/cropped-TRUUSK.png?fit=2032%2C917&ssl=1","width":2032,"height":917,"caption":"TRUUSK - Hem, Tr\u00e4dg\u00e5rd & Fritid"},"image":{"@id":"https:\/\/truusk.store\/sv\/#\/schema\/logo\/image\/"}}]}},"jetpack_sharing_enabled":true,"_links":{"self":[{"href":"https:\/\/truusk.store\/sv\/wp-json\/wp\/v2\/product\/68049","targetHints":{"allow":["GET"]}}],"collection":[{"href":"https:\/\/truusk.store\/sv\/wp-json\/wp\/v2\/product"}],"about":[{"href":"https:\/\/truusk.store\/sv\/wp-json\/wp\/v2\/types\/product"}],"wp:featuredmedia":[{"embeddable":true,"href":"https:\/\/truusk.store\/sv\/wp-json\/wp\/v2\/media\/68040"}],"wp:attachment":[{"href":"https:\/\/truusk.store\/sv\/wp-json\/wp\/v2\/media?parent=68049"}],"wp:term":[{"taxonomy":"product_brand","embeddable":true,"href":"https:\/\/truusk.store\/sv\/wp-json\/wp\/v2\/product_brand?post=68049"},{"taxonomy":"product_cat","embeddable":true,"href":"https:\/\/truusk.store\/sv\/wp-json\/wp\/v2\/product_cat?post=68049"},{"taxonomy":"product_tag","embeddable":true,"href":"https:\/\/truusk.store\/sv\/wp-json\/wp\/v2\/product_tag?post=68049"}],"curies":[{"name":"wp","href":"https:\/\/api.w.org\/{rel}","templated":true}]}}