{"id":68070,"date":"2025-06-05T15:29:57","date_gmt":"2025-06-05T14:29:57","guid":{"rendered":"https:\/\/truusk.store\/product\/baddsoffa-2-sits-soffa-med-sovfunktion-justerbar-ryggstod-soffa-med-kuddar-sammet-look-baddsoffa-med-sanglada-for-vardagsrum-gastrum-ljusgra\/"},"modified":"2026-03-12T09:44:28","modified_gmt":"2026-03-12T08:44:28","slug":"truusk-baddsoffa-2-sits-med-sovfunktion-justerbar-ryggstod-kuddar-sammet-look-sanglada-ljusgra","status":"publish","type":"product","link":"https:\/\/truusk.store\/sv\/produkt\/truusk-baddsoffa-2-sits-med-sovfunktion-justerbar-ryggstod-kuddar-sammet-look-sanglada-ljusgra\/","title":{"rendered":"TRUUSK B\u00e4ddsoffa 2-sits Med Sovfunktion &#8211; Justerbar Ryggst\u00f6d &#8211; Kuddar &#8211; Sammet Look &#8211; S\u00e4ngl\u00e5da &#8211; Ljusgr\u00e5"},"content":{"rendered":"<p>TRUUSK 2-i-1 b\u00e4ddsoffa erbjuder dig en elegant soffa under dagen och en bekv\u00e4m g\u00e4sts\u00e4ng p\u00e5 natten. Ergonomiskt utformad och med en tredubbel justerbar ryggst\u00f6d, garanterar den optimal komfort och st\u00f6djer perfekt avkoppling. Idealisk f\u00f6r vardagsrum, sovrum eller kontor, \u00e4r det en \u00e5ret runt f\u00f6ljeslagare f\u00f6r avkopplande stunder. Upplev ultimat avkoppling n\u00e4r som helst och berika ditt hem med denna multifunktionella 2-sits soffa.<\/p>\n<p>Beskrivning:<\/p>\n<ul>\n<li> M\u00e5ngsidig 2-i-1 b\u00e4ddsoffa som enkelt kan omvandlas fr\u00e5n en soffa till en bekv\u00e4m s\u00e4ng<\/li>\n<li> Tidl\u00f6s design som passar perfekt i alla vardagsrum, sovrum, hobbyrum eller ungdomsrum<\/li>\n<li> Ryggst\u00f6det kan justeras i 3 steg och m\u00f6jligg\u00f6r s\u00e5 den ideala positionen f\u00f6r maximal avkoppling<\/li>\n<li> H\u00f6gkvalitativ stoppning av soffan med sovfunktion ger en f\u00f6rstklassig sitt- och liggk\u00e4nsla<\/li>\n<li> Inkluderar tv\u00e5 kuddar och armst\u00f6d f\u00f6r extra st\u00f6d<\/li>\n<li> Trevlig tyg\u00f6verdrag som ger extra komfort f\u00f6r den m\u00e4nskliga kroppen<\/li>\n<li> Robust ram av eukalyptustr\u00e4, belastbar upp till 200 kg<\/li>\n<li> Golvskyddande plastf\u00f6tter p\u00e5 b\u00e4ddsoffan, som f\u00f6rhindrar repor p\u00e5 k\u00e4nsliga ytor<\/li>\n<li> Enkel montering kr\u00e4vs<\/li>\n<\/ul>\n<p> Tekniska data:<\/p>\n<ul>\n<li> F\u00e4rg: Ljusgr\u00e5<\/li>\n<li> Material: Eukalyptustr\u00e4, sammet, skum<\/li>\n<li> Totala dimensioner: 155B x 90T x 88,5H cm<\/li>\n<li> Sitsstorlek: 129B x 57T cm<\/li>\n<li> Sitth\u00f6jd: 45 cm<\/li>\n<li> Armst\u00f6dsstorlek: 11B x 82T cm<\/li>\n<li> S\u00e4ngstorlek: 129B x 176T x 45H cm<\/li>\n<li> Kuddstorlek: 48B x 25T cm<\/li>\n<li> Belastningskapacitet: 200 kg<\/li>\n<\/ul>\n<p>Leveransinneh\u00e5ll:<\/p>\n<ul>\n<li> 1 x B\u00e4ddsoffa<\/li>\n<li> 1 x Handbok<\/li>\n<\/ul>\n","protected":false},"excerpt":{"rendered":"<p>TRUUSK 2-i-1 b\u00e4ddsoffa erbjuder dig en elegant soffa under dagen och en bekv\u00e4m g\u00e4sts\u00e4ng p\u00e5 natten. Ergonomiskt utformad och med&#8230;<\/p>\n","protected":false},"featured_media":68060,"template":"","meta":[],"product_brand":[],"product_cat":[936,943,937,910],"product_tag":[],"class_list":{"0":"post-68070","1":"product","2":"type-product","3":"status-publish","4":"has-post-thumbnail","6":"product_cat-hem-boende","7":"product_cat-schlafsofas","8":"product_cat-soffor","9":"product_cat-vardagsrum","11":"first","12":"instock","13":"sale","14":"taxable","15":"shipping-taxable","16":"purchasable","17":"product-type-simple"},"yoast_head":"<!-- This site is optimized with the Yoast SEO plugin v25.4 - https:\/\/yoast.com\/wordpress\/plugins\/seo\/ -->\n<title>TRUUSK B\u00e4ddsoffa 2-sits Med Sovfunktion - Justerbar Ryggst\u00f6d - Kuddar - Sammet Look - S\u00e4ngl\u00e5da - Ljusgr\u00e5 - TRUUSK - Hem, Tr\u00e4dg\u00e5rd &amp; Fritid<\/title>\n<meta name=\"robots\" content=\"index, follow, max-snippet:-1, max-image-preview:large, max-video-preview:-1\" \/>\n<link rel=\"canonical\" href=\"https:\/\/truusk.store\/sv\/produkt\/truusk-baddsoffa-2-sits-med-sovfunktion-justerbar-ryggstod-kuddar-sammet-look-sanglada-ljusgra\/\" \/>\n<meta property=\"og:locale\" content=\"sv_SE\" \/>\n<meta property=\"og:type\" content=\"article\" \/>\n<meta property=\"og:title\" content=\"TRUUSK B\u00e4ddsoffa 2-sits Med Sovfunktion - Justerbar Ryggst\u00f6d - Kuddar - Sammet Look - S\u00e4ngl\u00e5da - Ljusgr\u00e5 - TRUUSK - Hem, Tr\u00e4dg\u00e5rd &amp; Fritid\" \/>\n<meta property=\"og:description\" content=\"TRUUSK 2-i-1 b\u00e4ddsoffa erbjuder dig en elegant soffa under dagen och en bekv\u00e4m g\u00e4sts\u00e4ng p\u00e5 natten. Ergonomiskt utformad och med...\" \/>\n<meta property=\"og:url\" content=\"https:\/\/truusk.store\/sv\/produkt\/truusk-baddsoffa-2-sits-med-sovfunktion-justerbar-ryggstod-kuddar-sammet-look-sanglada-ljusgra\/\" \/>\n<meta property=\"og:site_name\" content=\"TRUUSK - Hem, Tr\u00e4dg\u00e5rd &amp; Fritid\" \/>\n<meta property=\"article:modified_time\" content=\"2026-03-12T08:44:28+00:00\" \/>\n<meta property=\"og:image\" content=\"https:\/\/i0.wp.com\/truusk.se\/wp-content\/uploads\/2025\/06\/baddsoffa-2-sits-soffa-med-sovfunktion-justerbar-ryggstod-soffa-med-kuddar-sammet-look-baddsoffa-med-sanglada-for-vardagsrum-gastrum-ljusgra-1.webp?fit=2000%2C2000&ssl=1\" \/>\n\t<meta property=\"og:image:width\" content=\"2000\" \/>\n\t<meta property=\"og:image:height\" content=\"2000\" \/>\n\t<meta property=\"og:image:type\" content=\"image\/webp\" \/>\n<meta name=\"twitter:card\" content=\"summary_large_image\" \/>\n<meta name=\"twitter:label1\" content=\"Ber\u00e4knad l\u00e4stid\" \/>\n\t<meta name=\"twitter:data1\" content=\"1 minut\" \/>\n<!-- \/ Yoast SEO plugin. -->","yoast_head_json":{"title":"TRUUSK B\u00e4ddsoffa 2-sits Med Sovfunktion - Justerbar Ryggst\u00f6d - Kuddar - Sammet Look - S\u00e4ngl\u00e5da - Ljusgr\u00e5 - TRUUSK - Hem, Tr\u00e4dg\u00e5rd &amp; Fritid","robots":{"index":"index","follow":"follow","max-snippet":"max-snippet:-1","max-image-preview":"max-image-preview:large","max-video-preview":"max-video-preview:-1"},"canonical":"https:\/\/truusk.store\/sv\/produkt\/truusk-baddsoffa-2-sits-med-sovfunktion-justerbar-ryggstod-kuddar-sammet-look-sanglada-ljusgra\/","og_locale":"sv_SE","og_type":"article","og_title":"TRUUSK B\u00e4ddsoffa 2-sits Med Sovfunktion - Justerbar Ryggst\u00f6d - Kuddar - Sammet Look - S\u00e4ngl\u00e5da - Ljusgr\u00e5 - TRUUSK - Hem, Tr\u00e4dg\u00e5rd &amp; Fritid","og_description":"TRUUSK 2-i-1 b\u00e4ddsoffa erbjuder dig en elegant soffa under dagen och en bekv\u00e4m g\u00e4sts\u00e4ng p\u00e5 natten. Ergonomiskt utformad och med...","og_url":"https:\/\/truusk.store\/sv\/produkt\/truusk-baddsoffa-2-sits-med-sovfunktion-justerbar-ryggstod-kuddar-sammet-look-sanglada-ljusgra\/","og_site_name":"TRUUSK - Hem, Tr\u00e4dg\u00e5rd &amp; Fritid","article_modified_time":"2026-03-12T08:44:28+00:00","og_image":[{"width":2000,"height":2000,"url":"https:\/\/i0.wp.com\/truusk.se\/wp-content\/uploads\/2025\/06\/baddsoffa-2-sits-soffa-med-sovfunktion-justerbar-ryggstod-soffa-med-kuddar-sammet-look-baddsoffa-med-sanglada-for-vardagsrum-gastrum-ljusgra-1.webp?fit=2000%2C2000&ssl=1","type":"image\/webp"}],"twitter_card":"summary_large_image","twitter_misc":{"Ber\u00e4knad l\u00e4stid":"1 minut"},"schema":{"@context":"https:\/\/schema.org","@graph":[{"@type":"WebPage","@id":"https:\/\/truusk.store\/sv\/produkt\/truusk-baddsoffa-2-sits-med-sovfunktion-justerbar-ryggstod-kuddar-sammet-look-sanglada-ljusgra\/","url":"https:\/\/truusk.store\/sv\/produkt\/truusk-baddsoffa-2-sits-med-sovfunktion-justerbar-ryggstod-kuddar-sammet-look-sanglada-ljusgra\/","name":"TRUUSK B\u00e4ddsoffa 2-sits Med Sovfunktion - Justerbar Ryggst\u00f6d - Kuddar - Sammet Look - S\u00e4ngl\u00e5da - Ljusgr\u00e5 - TRUUSK - Hem, Tr\u00e4dg\u00e5rd &amp; Fritid","isPartOf":{"@id":"https:\/\/truusk.store\/sv\/#website"},"primaryImageOfPage":{"@id":"https:\/\/truusk.store\/sv\/produkt\/truusk-baddsoffa-2-sits-med-sovfunktion-justerbar-ryggstod-kuddar-sammet-look-sanglada-ljusgra\/#primaryimage"},"image":{"@id":"https:\/\/truusk.store\/sv\/produkt\/truusk-baddsoffa-2-sits-med-sovfunktion-justerbar-ryggstod-kuddar-sammet-look-sanglada-ljusgra\/#primaryimage"},"thumbnailUrl":"https:\/\/i0.wp.com\/truusk.store\/wp-content\/uploads\/2025\/06\/baddsoffa-2-sits-soffa-med-sovfunktion-justerbar-ryggstod-soffa-med-kuddar-sammet-look-baddsoffa-med-sanglada-for-vardagsrum-gastrum-ljusgra-1.webp?fit=2000%2C2000&ssl=1","datePublished":"2025-06-05T14:29:57+00:00","dateModified":"2026-03-12T08:44:28+00:00","breadcrumb":{"@id":"https:\/\/truusk.store\/sv\/produkt\/truusk-baddsoffa-2-sits-med-sovfunktion-justerbar-ryggstod-kuddar-sammet-look-sanglada-ljusgra\/#breadcrumb"},"inLanguage":"sv-SE","potentialAction":[{"@type":"ReadAction","target":["https:\/\/truusk.store\/sv\/produkt\/truusk-baddsoffa-2-sits-med-sovfunktion-justerbar-ryggstod-kuddar-sammet-look-sanglada-ljusgra\/"]}]},{"@type":"ImageObject","inLanguage":"sv-SE","@id":"https:\/\/truusk.store\/sv\/produkt\/truusk-baddsoffa-2-sits-med-sovfunktion-justerbar-ryggstod-kuddar-sammet-look-sanglada-ljusgra\/#primaryimage","url":"https:\/\/i0.wp.com\/truusk.store\/wp-content\/uploads\/2025\/06\/baddsoffa-2-sits-soffa-med-sovfunktion-justerbar-ryggstod-soffa-med-kuddar-sammet-look-baddsoffa-med-sanglada-for-vardagsrum-gastrum-ljusgra-1.webp?fit=2000%2C2000&ssl=1","contentUrl":"https:\/\/i0.wp.com\/truusk.store\/wp-content\/uploads\/2025\/06\/baddsoffa-2-sits-soffa-med-sovfunktion-justerbar-ryggstod-soffa-med-kuddar-sammet-look-baddsoffa-med-sanglada-for-vardagsrum-gastrum-ljusgra-1.webp?fit=2000%2C2000&ssl=1","width":2000,"height":2000},{"@type":"BreadcrumbList","@id":"https:\/\/truusk.store\/sv\/produkt\/truusk-baddsoffa-2-sits-med-sovfunktion-justerbar-ryggstod-kuddar-sammet-look-sanglada-ljusgra\/#breadcrumb","itemListElement":[{"@type":"ListItem","position":1,"name":"Home","item":"https:\/\/truusk.store\/sv\/"},{"@type":"ListItem","position":2,"name":"Shop","item":"https:\/\/truusk.store\/shop\/"},{"@type":"ListItem","position":3,"name":"TRUUSK B\u00e4ddsoffa 2-sits Med Sovfunktion &#8211; Justerbar Ryggst\u00f6d &#8211; Kuddar &#8211; Sammet Look &#8211; S\u00e4ngl\u00e5da &#8211; Ljusgr\u00e5"}]},{"@type":"WebSite","@id":"https:\/\/truusk.store\/sv\/#website","url":"https:\/\/truusk.store\/sv\/","name":"TRUUSK - Hem, Tr\u00e4dg\u00e5rd & Fritid","description":"","publisher":{"@id":"https:\/\/truusk.store\/sv\/#organization"},"potentialAction":[{"@type":"SearchAction","target":{"@type":"EntryPoint","urlTemplate":"https:\/\/truusk.store\/sv\/?s={search_term_string}"},"query-input":{"@type":"PropertyValueSpecification","valueRequired":true,"valueName":"search_term_string"}}],"inLanguage":"sv-SE"},{"@type":"Organization","@id":"https:\/\/truusk.store\/sv\/#organization","name":"TRUUSK - Hem, Tr\u00e4dg\u00e5rd & Fritid","url":"https:\/\/truusk.store\/sv\/","logo":{"@type":"ImageObject","inLanguage":"sv-SE","@id":"https:\/\/truusk.store\/sv\/#\/schema\/logo\/image\/","url":"https:\/\/i0.wp.com\/truusk.store\/wp-content\/uploads\/2026\/03\/cropped-TRUUSK.png?fit=2032%2C917&ssl=1","contentUrl":"https:\/\/i0.wp.com\/truusk.store\/wp-content\/uploads\/2026\/03\/cropped-TRUUSK.png?fit=2032%2C917&ssl=1","width":2032,"height":917,"caption":"TRUUSK - Hem, Tr\u00e4dg\u00e5rd & Fritid"},"image":{"@id":"https:\/\/truusk.store\/sv\/#\/schema\/logo\/image\/"}}]}},"jetpack_sharing_enabled":true,"_links":{"self":[{"href":"https:\/\/truusk.store\/sv\/wp-json\/wp\/v2\/product\/68070","targetHints":{"allow":["GET"]}}],"collection":[{"href":"https:\/\/truusk.store\/sv\/wp-json\/wp\/v2\/product"}],"about":[{"href":"https:\/\/truusk.store\/sv\/wp-json\/wp\/v2\/types\/product"}],"wp:featuredmedia":[{"embeddable":true,"href":"https:\/\/truusk.store\/sv\/wp-json\/wp\/v2\/media\/68060"}],"wp:attachment":[{"href":"https:\/\/truusk.store\/sv\/wp-json\/wp\/v2\/media?parent=68070"}],"wp:term":[{"taxonomy":"product_brand","embeddable":true,"href":"https:\/\/truusk.store\/sv\/wp-json\/wp\/v2\/product_brand?post=68070"},{"taxonomy":"product_cat","embeddable":true,"href":"https:\/\/truusk.store\/sv\/wp-json\/wp\/v2\/product_cat?post=68070"},{"taxonomy":"product_tag","embeddable":true,"href":"https:\/\/truusk.store\/sv\/wp-json\/wp\/v2\/product_tag?post=68070"}],"curies":[{"name":"wp","href":"https:\/\/api.w.org\/{rel}","templated":true}]}}