{"id":68089,"date":"2025-06-05T15:31:51","date_gmt":"2025-06-05T14:31:51","guid":{"rendered":"https:\/\/truusk.store\/product\/tv-skap-lowboard-med-2-hyllor-lada-99-cm-lang-tv-bord-for-tv-tv-board-for-vardagsrum-vit\/"},"modified":"2026-03-12T08:41:06","modified_gmt":"2026-03-12T07:41:06","slug":"truusk-tv-bank-lowboard-2-hyllor-lada-99-cm-lang-for-vardagsrum-vit","status":"publish","type":"product","link":"https:\/\/truusk.store\/sv\/produkt\/truusk-tv-bank-lowboard-2-hyllor-lada-99-cm-lang-for-vardagsrum-vit\/","title":{"rendered":"TRUUSK TV-b\u00e4nk Lowboard &#8211; 2 Hyllor &#8211; L\u00e5da &#8211; 99 cm L\u00e5ng &#8211; F\u00f6r Vardagsrum &#8211; Vit"},"content":{"rendered":"<p>Denna TRUUSK TV-b\u00e4nk ger en stilfull och modern inredning till ditt vardagsrum eller sovrum. TV-b\u00e4nken \u00e4r tillverkad av h\u00e5llbara, h\u00f6gkvalitativa sp\u00e5nskivor med melaminhartsbel\u00e4ggning och kan b\u00e4ra upp till 60 kg. F\u00f6rvaringsutrymmena och l\u00e5dorna i TV-b\u00e4nken erbjuder ocks\u00e5 gott om plats f\u00f6r f\u00f6rvaring av videospel, DVD-skivor, fj\u00e4rrkontroller och mer.<\/p>\n<p>Beskrivning:<\/p>\n<ul>\n<li> Idealisk f\u00f6r vardagsrum, sovrum och mer<\/li>\n<li> 99 cm stor hylla f\u00f6r din platt-TV och andra dekorationer<\/li>\n<li> 2 hyllor och 2 l\u00e5dor i b\u00e4nken g\u00f6r det m\u00f6jligt f\u00f6r dig att f\u00f6rvara och visa upp CD-skivor, DVD-skivor eller andra f\u00f6rem\u00e5l<\/li>\n<li> H\u00e5llbar sp\u00e5nskiva med melaminyta p\u00e5 TV-bordet \u00e4r rept\u00e5lig och smutsavvisande<\/li>\n<li> 4 tr\u00e4ben p\u00e5 TV-hyllan ger extra stabilitet<\/li>\n<li> Montering kr\u00e4vs<\/li>\n<\/ul>\n<p> Tekniska data:<\/p>\n<ul>\n<li> F\u00e4rg: Vit<\/li>\n<li> Material: Sp\u00e5nskiva, grantr\u00e4<\/li>\n<li> Totala m\u00e5tt: 99L x 39B x 58H cm<\/li>\n<li> Storlek p\u00e5 varje hylla: 47L x 39B x 22H cm<\/li>\n<li> Inre storlek p\u00e5 l\u00e5dan: 42L x 29D x 8H cm<\/li>\n<li> B\u00e4rkapacitet: 60 kg (totalt), 10 kg (hylla), 10 kg (l\u00e5da)<\/li>\n<\/ul>\n<p>Leveransinneh\u00e5ll:<\/p>\n<ul>\n<li> 1 x TV-b\u00e4nk<\/li>\n<li> 1 x Instruktioner\uff1a<\/li>\n<\/ul>\n","protected":false},"excerpt":{"rendered":"<p>Denna TRUUSK TV-b\u00e4nk ger en stilfull och modern inredning till ditt vardagsrum eller sovrum. TV-b\u00e4nken \u00e4r tillverkad av h\u00e5llbara, h\u00f6gkvalitativa&#8230;<\/p>\n","protected":false},"featured_media":68080,"template":"","meta":[],"product_brand":[],"product_cat":[871,1007,910],"product_tag":[],"class_list":{"0":"post-68089","1":"product","2":"type-product","3":"status-publish","4":"has-post-thumbnail","6":"product_cat-hus-hem","7":"product_cat-tv-mobler","8":"product_cat-vardagsrum","10":"first","11":"instock","12":"sale","13":"taxable","14":"shipping-taxable","15":"purchasable","16":"product-type-simple"},"yoast_head":"<!-- This site is optimized with the Yoast SEO plugin v25.4 - https:\/\/yoast.com\/wordpress\/plugins\/seo\/ -->\n<title>TRUUSK TV-b\u00e4nk Lowboard - 2 Hyllor - L\u00e5da - 99 cm L\u00e5ng - F\u00f6r Vardagsrum - Vit - TRUUSK - Hem, Tr\u00e4dg\u00e5rd &amp; Fritid<\/title>\n<meta name=\"robots\" content=\"index, follow, max-snippet:-1, max-image-preview:large, max-video-preview:-1\" \/>\n<link rel=\"canonical\" href=\"https:\/\/truusk.store\/sv\/produkt\/truusk-tv-bank-lowboard-2-hyllor-lada-99-cm-lang-for-vardagsrum-vit\/\" \/>\n<meta property=\"og:locale\" content=\"sv_SE\" \/>\n<meta property=\"og:type\" content=\"article\" \/>\n<meta property=\"og:title\" content=\"TRUUSK TV-b\u00e4nk Lowboard - 2 Hyllor - L\u00e5da - 99 cm L\u00e5ng - F\u00f6r Vardagsrum - Vit - TRUUSK - Hem, Tr\u00e4dg\u00e5rd &amp; Fritid\" \/>\n<meta property=\"og:description\" content=\"Denna TRUUSK TV-b\u00e4nk ger en stilfull och modern inredning till ditt vardagsrum eller sovrum. TV-b\u00e4nken \u00e4r tillverkad av h\u00e5llbara, h\u00f6gkvalitativa...\" \/>\n<meta property=\"og:url\" content=\"https:\/\/truusk.store\/sv\/produkt\/truusk-tv-bank-lowboard-2-hyllor-lada-99-cm-lang-for-vardagsrum-vit\/\" \/>\n<meta property=\"og:site_name\" content=\"TRUUSK - Hem, Tr\u00e4dg\u00e5rd &amp; Fritid\" \/>\n<meta property=\"article:modified_time\" content=\"2026-03-12T07:41:06+00:00\" \/>\n<meta property=\"og:image\" content=\"https:\/\/i0.wp.com\/truusk.se\/wp-content\/uploads\/2025\/06\/tv-skap-lowboard-med-2-hyllor-lada-99-cm-lang-tv-bord-for-tv-tv-board-for-vardagsrum-vit-1.webp?fit=2000%2C2000&ssl=1\" \/>\n\t<meta property=\"og:image:width\" content=\"2000\" \/>\n\t<meta property=\"og:image:height\" content=\"2000\" \/>\n\t<meta property=\"og:image:type\" content=\"image\/webp\" \/>\n<meta name=\"twitter:card\" content=\"summary_large_image\" \/>\n<meta name=\"twitter:label1\" content=\"Ber\u00e4knad l\u00e4stid\" \/>\n\t<meta name=\"twitter:data1\" content=\"1 minut\" \/>\n<!-- \/ Yoast SEO plugin. -->","yoast_head_json":{"title":"TRUUSK TV-b\u00e4nk Lowboard - 2 Hyllor - L\u00e5da - 99 cm L\u00e5ng - F\u00f6r Vardagsrum - Vit - TRUUSK - Hem, Tr\u00e4dg\u00e5rd &amp; Fritid","robots":{"index":"index","follow":"follow","max-snippet":"max-snippet:-1","max-image-preview":"max-image-preview:large","max-video-preview":"max-video-preview:-1"},"canonical":"https:\/\/truusk.store\/sv\/produkt\/truusk-tv-bank-lowboard-2-hyllor-lada-99-cm-lang-for-vardagsrum-vit\/","og_locale":"sv_SE","og_type":"article","og_title":"TRUUSK TV-b\u00e4nk Lowboard - 2 Hyllor - L\u00e5da - 99 cm L\u00e5ng - F\u00f6r Vardagsrum - Vit - TRUUSK - Hem, Tr\u00e4dg\u00e5rd &amp; Fritid","og_description":"Denna TRUUSK TV-b\u00e4nk ger en stilfull och modern inredning till ditt vardagsrum eller sovrum. TV-b\u00e4nken \u00e4r tillverkad av h\u00e5llbara, h\u00f6gkvalitativa...","og_url":"https:\/\/truusk.store\/sv\/produkt\/truusk-tv-bank-lowboard-2-hyllor-lada-99-cm-lang-for-vardagsrum-vit\/","og_site_name":"TRUUSK - Hem, Tr\u00e4dg\u00e5rd &amp; Fritid","article_modified_time":"2026-03-12T07:41:06+00:00","og_image":[{"width":2000,"height":2000,"url":"https:\/\/i0.wp.com\/truusk.se\/wp-content\/uploads\/2025\/06\/tv-skap-lowboard-med-2-hyllor-lada-99-cm-lang-tv-bord-for-tv-tv-board-for-vardagsrum-vit-1.webp?fit=2000%2C2000&ssl=1","type":"image\/webp"}],"twitter_card":"summary_large_image","twitter_misc":{"Ber\u00e4knad l\u00e4stid":"1 minut"},"schema":{"@context":"https:\/\/schema.org","@graph":[{"@type":"WebPage","@id":"https:\/\/truusk.store\/sv\/produkt\/truusk-tv-bank-lowboard-2-hyllor-lada-99-cm-lang-for-vardagsrum-vit\/","url":"https:\/\/truusk.store\/sv\/produkt\/truusk-tv-bank-lowboard-2-hyllor-lada-99-cm-lang-for-vardagsrum-vit\/","name":"TRUUSK TV-b\u00e4nk Lowboard - 2 Hyllor - L\u00e5da - 99 cm L\u00e5ng - F\u00f6r Vardagsrum - Vit - TRUUSK - Hem, Tr\u00e4dg\u00e5rd &amp; Fritid","isPartOf":{"@id":"https:\/\/truusk.store\/sv\/#website"},"primaryImageOfPage":{"@id":"https:\/\/truusk.store\/sv\/produkt\/truusk-tv-bank-lowboard-2-hyllor-lada-99-cm-lang-for-vardagsrum-vit\/#primaryimage"},"image":{"@id":"https:\/\/truusk.store\/sv\/produkt\/truusk-tv-bank-lowboard-2-hyllor-lada-99-cm-lang-for-vardagsrum-vit\/#primaryimage"},"thumbnailUrl":"https:\/\/i0.wp.com\/truusk.store\/wp-content\/uploads\/2025\/06\/tv-skap-lowboard-med-2-hyllor-lada-99-cm-lang-tv-bord-for-tv-tv-board-for-vardagsrum-vit-1.webp?fit=2000%2C2000&ssl=1","datePublished":"2025-06-05T14:31:51+00:00","dateModified":"2026-03-12T07:41:06+00:00","breadcrumb":{"@id":"https:\/\/truusk.store\/sv\/produkt\/truusk-tv-bank-lowboard-2-hyllor-lada-99-cm-lang-for-vardagsrum-vit\/#breadcrumb"},"inLanguage":"sv-SE","potentialAction":[{"@type":"ReadAction","target":["https:\/\/truusk.store\/sv\/produkt\/truusk-tv-bank-lowboard-2-hyllor-lada-99-cm-lang-for-vardagsrum-vit\/"]}]},{"@type":"ImageObject","inLanguage":"sv-SE","@id":"https:\/\/truusk.store\/sv\/produkt\/truusk-tv-bank-lowboard-2-hyllor-lada-99-cm-lang-for-vardagsrum-vit\/#primaryimage","url":"https:\/\/i0.wp.com\/truusk.store\/wp-content\/uploads\/2025\/06\/tv-skap-lowboard-med-2-hyllor-lada-99-cm-lang-tv-bord-for-tv-tv-board-for-vardagsrum-vit-1.webp?fit=2000%2C2000&ssl=1","contentUrl":"https:\/\/i0.wp.com\/truusk.store\/wp-content\/uploads\/2025\/06\/tv-skap-lowboard-med-2-hyllor-lada-99-cm-lang-tv-bord-for-tv-tv-board-for-vardagsrum-vit-1.webp?fit=2000%2C2000&ssl=1","width":2000,"height":2000},{"@type":"BreadcrumbList","@id":"https:\/\/truusk.store\/sv\/produkt\/truusk-tv-bank-lowboard-2-hyllor-lada-99-cm-lang-for-vardagsrum-vit\/#breadcrumb","itemListElement":[{"@type":"ListItem","position":1,"name":"Home","item":"https:\/\/truusk.store\/sv\/"},{"@type":"ListItem","position":2,"name":"Shop","item":"https:\/\/truusk.store\/shop\/"},{"@type":"ListItem","position":3,"name":"TRUUSK TV-b\u00e4nk Lowboard &#8211; 2 Hyllor &#8211; L\u00e5da &#8211; 99 cm L\u00e5ng &#8211; F\u00f6r Vardagsrum &#8211; Vit"}]},{"@type":"WebSite","@id":"https:\/\/truusk.store\/sv\/#website","url":"https:\/\/truusk.store\/sv\/","name":"TRUUSK - Hem, Tr\u00e4dg\u00e5rd & Fritid","description":"","publisher":{"@id":"https:\/\/truusk.store\/sv\/#organization"},"potentialAction":[{"@type":"SearchAction","target":{"@type":"EntryPoint","urlTemplate":"https:\/\/truusk.store\/sv\/?s={search_term_string}"},"query-input":{"@type":"PropertyValueSpecification","valueRequired":true,"valueName":"search_term_string"}}],"inLanguage":"sv-SE"},{"@type":"Organization","@id":"https:\/\/truusk.store\/sv\/#organization","name":"TRUUSK - Hem, Tr\u00e4dg\u00e5rd & Fritid","url":"https:\/\/truusk.store\/sv\/","logo":{"@type":"ImageObject","inLanguage":"sv-SE","@id":"https:\/\/truusk.store\/sv\/#\/schema\/logo\/image\/","url":"https:\/\/i0.wp.com\/truusk.store\/wp-content\/uploads\/2026\/03\/cropped-TRUUSK.png?fit=2032%2C917&ssl=1","contentUrl":"https:\/\/i0.wp.com\/truusk.store\/wp-content\/uploads\/2026\/03\/cropped-TRUUSK.png?fit=2032%2C917&ssl=1","width":2032,"height":917,"caption":"TRUUSK - Hem, Tr\u00e4dg\u00e5rd & Fritid"},"image":{"@id":"https:\/\/truusk.store\/sv\/#\/schema\/logo\/image\/"}}]}},"jetpack_sharing_enabled":true,"_links":{"self":[{"href":"https:\/\/truusk.store\/sv\/wp-json\/wp\/v2\/product\/68089","targetHints":{"allow":["GET"]}}],"collection":[{"href":"https:\/\/truusk.store\/sv\/wp-json\/wp\/v2\/product"}],"about":[{"href":"https:\/\/truusk.store\/sv\/wp-json\/wp\/v2\/types\/product"}],"wp:featuredmedia":[{"embeddable":true,"href":"https:\/\/truusk.store\/sv\/wp-json\/wp\/v2\/media\/68080"}],"wp:attachment":[{"href":"https:\/\/truusk.store\/sv\/wp-json\/wp\/v2\/media?parent=68089"}],"wp:term":[{"taxonomy":"product_brand","embeddable":true,"href":"https:\/\/truusk.store\/sv\/wp-json\/wp\/v2\/product_brand?post=68089"},{"taxonomy":"product_cat","embeddable":true,"href":"https:\/\/truusk.store\/sv\/wp-json\/wp\/v2\/product_cat?post=68089"},{"taxonomy":"product_tag","embeddable":true,"href":"https:\/\/truusk.store\/sv\/wp-json\/wp\/v2\/product_tag?post=68089"}],"curies":[{"name":"wp","href":"https:\/\/api.w.org\/{rel}","templated":true}]}}