{"id":68109,"date":"2025-06-05T15:33:57","date_gmt":"2025-06-05T14:33:57","guid":{"rendered":"https:\/\/truusk.store\/product\/2-i-1-hundvagn-cykelvagn-for-hundar-hundvagn-med-reflektorer-hundbuggy-max-30-kg-cykelvagn-for-stora-hundar-oxford-tyg-gron\/"},"modified":"2026-03-12T09:19:22","modified_gmt":"2026-03-12T08:19:22","slug":"truusk-2-i-1-hundvagn-och-cykelvagn-reflekterande-max-30-kg-oxfordtyg-gron","status":"publish","type":"product","link":"https:\/\/truusk.store\/sv\/produkt\/truusk-2-i-1-hundvagn-och-cykelvagn-reflekterande-max-30-kg-oxfordtyg-gron\/","title":{"rendered":"TRUUSK 2-i-1 Hundvagn och Cykelvagn &#8211; Reflekterande &#8211; Max. 30 kg &#8211; Oxfordtyg &#8211; Gr\u00f6n"},"content":{"rendered":"<p>Upplev of\u00f6rgl\u00f6mliga utomhus\u00e4ventyr med din hund i den multifunktionella hundvagnen fr\u00e5n TRUUSK. Tv\u00e5 stora dragkedjed\u00f6rrar underl\u00e4ttar in- och utstigning, n\u00e4t f\u00f6nster ger frisk luft och fri sikt. Reflektorer och en r\u00f6d flagga \u00f6kar synligheten, avtagbara hjul g\u00f6r f\u00f6rvaringen enkel.<\/p>\n<p>Beskrivning:<\/p>\n<ul>\n<li> 2-i-1-design, kan anv\u00e4ndas som cykelvagn eller skjutvagn<\/li>\n<li> Fram och bak finns dragkedjed\u00f6rrar f\u00f6r enkel \u00e5tkomst<\/li>\n<li> Utformad med en fotst\u00f6d<\/li>\n<li> Rullbar transparent plast\u00f6verdrag<\/li>\n<li> F\u00f6rvaringsfickor finns<\/li>\n<li> Inkluderar dragkrok f\u00f6r fasts\u00e4ttning p\u00e5 cykeln<\/li>\n<li> L\u00e4mplig f\u00f6r stora hundar upp till en kroppsl\u00e4ngd p\u00e5 60 cm och en vikt p\u00e5 30 kg<\/li>\n<li> Montering kr\u00e4vs<\/li>\n<\/ul>\n<p> Tekniska data:<\/p>\n<ul>\n<li> F\u00e4rg: Gr\u00f6n<\/li>\n<li> Material: St\u00e5l, Oxfordtyg (100% polyester)<\/li>\n<li> Totala dimensioner: 170L x 77B x 90H cm (som sl\u00e4pvagn), 120L x 77B x 90H cm (som skjutvagn)<\/li>\n<li> Hyttens dimensioner: 85L x 62B x 63H cm, markavst\u00e5nd: 25 cm<\/li>\n<li> D\u00f6rrstorlek: 45B x 67H cm (fram), 45B x 48H cm (bak)<\/li>\n<li> M\u00e5tt p\u00e5 \u00f6verdrag: 49B x 70H cm<\/li>\n<li> F\u00f6nsterm\u00e5tt: 62B x 28H cm (sida), 45B x 29H cm (bak)<\/li>\n<li> M\u00e5tt p\u00e5 solskydd: 44B x 32H cm<\/li>\n<li> Fickans m\u00e5tt: 24,5L x 16B cm<\/li>\n<li> L\u00e4ngd s\u00e4kerhetslina: 55 cm<\/li>\n<li> Hjulm\u00e5tt: \u00d810&#8243; (fram), \u00d820&#8243; (bak)<\/li>\n<li> L\u00e4mplig cykelstorlek: \u00d824&#8243;-28&#8243;<\/li>\n<\/ul>\n<p> Leveransinneh\u00e5ll:<\/p>\n<ul>\n<li> 1 x Hundvagn<\/li>\n<li> 1 x Instruktioner<\/li>\n<\/ul>\n","protected":false},"excerpt":{"rendered":"<p>Upplev of\u00f6rgl\u00f6mliga utomhus\u00e4ventyr med din hund i den multifunktionella hundvagnen fr\u00e5n TRUUSK. Tv\u00e5 stora dragkedjed\u00f6rrar underl\u00e4ttar in- och utstigning, n\u00e4t&#8230;<\/p>\n","protected":false},"featured_media":68100,"template":"","meta":[],"product_brand":[],"product_cat":[878,574,579],"product_tag":[],"class_list":{"0":"post-68109","1":"product","2":"type-product","3":"status-publish","4":"has-post-thumbnail","6":"product_cat-djurbehov","7":"product_cat-hundtillbehor","8":"product_cat-hundvagn","10":"first","11":"instock","12":"sale","13":"taxable","14":"shipping-taxable","15":"purchasable","16":"product-type-simple"},"yoast_head":"<!-- This site is optimized with the Yoast SEO plugin v25.4 - https:\/\/yoast.com\/wordpress\/plugins\/seo\/ -->\n<title>TRUUSK 2-i-1 Hundvagn och Cykelvagn - Reflekterande - Max. 30 kg - Oxfordtyg - Gr\u00f6n - TRUUSK - Hem, Tr\u00e4dg\u00e5rd &amp; Fritid<\/title>\n<meta name=\"robots\" content=\"index, follow, max-snippet:-1, max-image-preview:large, max-video-preview:-1\" \/>\n<link rel=\"canonical\" href=\"https:\/\/truusk.store\/sv\/produkt\/truusk-2-i-1-hundvagn-och-cykelvagn-reflekterande-max-30-kg-oxfordtyg-gron\/\" \/>\n<meta property=\"og:locale\" content=\"sv_SE\" \/>\n<meta property=\"og:type\" content=\"article\" \/>\n<meta property=\"og:title\" content=\"TRUUSK 2-i-1 Hundvagn och Cykelvagn - Reflekterande - Max. 30 kg - Oxfordtyg - Gr\u00f6n - TRUUSK - Hem, Tr\u00e4dg\u00e5rd &amp; Fritid\" \/>\n<meta property=\"og:description\" content=\"Upplev of\u00f6rgl\u00f6mliga utomhus\u00e4ventyr med din hund i den multifunktionella hundvagnen fr\u00e5n TRUUSK. Tv\u00e5 stora dragkedjed\u00f6rrar underl\u00e4ttar in- och utstigning, n\u00e4t...\" \/>\n<meta property=\"og:url\" content=\"https:\/\/truusk.store\/sv\/produkt\/truusk-2-i-1-hundvagn-och-cykelvagn-reflekterande-max-30-kg-oxfordtyg-gron\/\" \/>\n<meta property=\"og:site_name\" content=\"TRUUSK - Hem, Tr\u00e4dg\u00e5rd &amp; Fritid\" \/>\n<meta property=\"article:modified_time\" content=\"2026-03-12T08:19:22+00:00\" \/>\n<meta property=\"og:image\" content=\"https:\/\/i0.wp.com\/truusk.se\/wp-content\/uploads\/2025\/06\/2-i-1-hundvagn-cykelvagn-for-hundar-hundvagn-med-reflektorer-hundbuggy-max-30-kg-cykelvagn-for-stora-hundar-oxford-tyg-gron-1.webp?fit=2000%2C2000&ssl=1\" \/>\n\t<meta property=\"og:image:width\" content=\"2000\" \/>\n\t<meta property=\"og:image:height\" content=\"2000\" \/>\n\t<meta property=\"og:image:type\" content=\"image\/webp\" \/>\n<meta name=\"twitter:card\" content=\"summary_large_image\" \/>\n<meta name=\"twitter:label1\" content=\"Ber\u00e4knad l\u00e4stid\" \/>\n\t<meta name=\"twitter:data1\" content=\"1 minut\" \/>\n<!-- \/ Yoast SEO plugin. -->","yoast_head_json":{"title":"TRUUSK 2-i-1 Hundvagn och Cykelvagn - Reflekterande - Max. 30 kg - Oxfordtyg - Gr\u00f6n - TRUUSK - Hem, Tr\u00e4dg\u00e5rd &amp; Fritid","robots":{"index":"index","follow":"follow","max-snippet":"max-snippet:-1","max-image-preview":"max-image-preview:large","max-video-preview":"max-video-preview:-1"},"canonical":"https:\/\/truusk.store\/sv\/produkt\/truusk-2-i-1-hundvagn-och-cykelvagn-reflekterande-max-30-kg-oxfordtyg-gron\/","og_locale":"sv_SE","og_type":"article","og_title":"TRUUSK 2-i-1 Hundvagn och Cykelvagn - Reflekterande - Max. 30 kg - Oxfordtyg - Gr\u00f6n - TRUUSK - Hem, Tr\u00e4dg\u00e5rd &amp; Fritid","og_description":"Upplev of\u00f6rgl\u00f6mliga utomhus\u00e4ventyr med din hund i den multifunktionella hundvagnen fr\u00e5n TRUUSK. Tv\u00e5 stora dragkedjed\u00f6rrar underl\u00e4ttar in- och utstigning, n\u00e4t...","og_url":"https:\/\/truusk.store\/sv\/produkt\/truusk-2-i-1-hundvagn-och-cykelvagn-reflekterande-max-30-kg-oxfordtyg-gron\/","og_site_name":"TRUUSK - Hem, Tr\u00e4dg\u00e5rd &amp; Fritid","article_modified_time":"2026-03-12T08:19:22+00:00","og_image":[{"width":2000,"height":2000,"url":"https:\/\/i0.wp.com\/truusk.se\/wp-content\/uploads\/2025\/06\/2-i-1-hundvagn-cykelvagn-for-hundar-hundvagn-med-reflektorer-hundbuggy-max-30-kg-cykelvagn-for-stora-hundar-oxford-tyg-gron-1.webp?fit=2000%2C2000&ssl=1","type":"image\/webp"}],"twitter_card":"summary_large_image","twitter_misc":{"Ber\u00e4knad l\u00e4stid":"1 minut"},"schema":{"@context":"https:\/\/schema.org","@graph":[{"@type":"WebPage","@id":"https:\/\/truusk.store\/sv\/produkt\/truusk-2-i-1-hundvagn-och-cykelvagn-reflekterande-max-30-kg-oxfordtyg-gron\/","url":"https:\/\/truusk.store\/sv\/produkt\/truusk-2-i-1-hundvagn-och-cykelvagn-reflekterande-max-30-kg-oxfordtyg-gron\/","name":"TRUUSK 2-i-1 Hundvagn och Cykelvagn - Reflekterande - Max. 30 kg - Oxfordtyg - Gr\u00f6n - TRUUSK - Hem, Tr\u00e4dg\u00e5rd &amp; Fritid","isPartOf":{"@id":"https:\/\/truusk.store\/sv\/#website"},"primaryImageOfPage":{"@id":"https:\/\/truusk.store\/sv\/produkt\/truusk-2-i-1-hundvagn-och-cykelvagn-reflekterande-max-30-kg-oxfordtyg-gron\/#primaryimage"},"image":{"@id":"https:\/\/truusk.store\/sv\/produkt\/truusk-2-i-1-hundvagn-och-cykelvagn-reflekterande-max-30-kg-oxfordtyg-gron\/#primaryimage"},"thumbnailUrl":"https:\/\/i0.wp.com\/truusk.store\/wp-content\/uploads\/2025\/06\/2-i-1-hundvagn-cykelvagn-for-hundar-hundvagn-med-reflektorer-hundbuggy-max-30-kg-cykelvagn-for-stora-hundar-oxford-tyg-gron-1.webp?fit=2000%2C2000&ssl=1","datePublished":"2025-06-05T14:33:57+00:00","dateModified":"2026-03-12T08:19:22+00:00","breadcrumb":{"@id":"https:\/\/truusk.store\/sv\/produkt\/truusk-2-i-1-hundvagn-och-cykelvagn-reflekterande-max-30-kg-oxfordtyg-gron\/#breadcrumb"},"inLanguage":"sv-SE","potentialAction":[{"@type":"ReadAction","target":["https:\/\/truusk.store\/sv\/produkt\/truusk-2-i-1-hundvagn-och-cykelvagn-reflekterande-max-30-kg-oxfordtyg-gron\/"]}]},{"@type":"ImageObject","inLanguage":"sv-SE","@id":"https:\/\/truusk.store\/sv\/produkt\/truusk-2-i-1-hundvagn-och-cykelvagn-reflekterande-max-30-kg-oxfordtyg-gron\/#primaryimage","url":"https:\/\/i0.wp.com\/truusk.store\/wp-content\/uploads\/2025\/06\/2-i-1-hundvagn-cykelvagn-for-hundar-hundvagn-med-reflektorer-hundbuggy-max-30-kg-cykelvagn-for-stora-hundar-oxford-tyg-gron-1.webp?fit=2000%2C2000&ssl=1","contentUrl":"https:\/\/i0.wp.com\/truusk.store\/wp-content\/uploads\/2025\/06\/2-i-1-hundvagn-cykelvagn-for-hundar-hundvagn-med-reflektorer-hundbuggy-max-30-kg-cykelvagn-for-stora-hundar-oxford-tyg-gron-1.webp?fit=2000%2C2000&ssl=1","width":2000,"height":2000},{"@type":"BreadcrumbList","@id":"https:\/\/truusk.store\/sv\/produkt\/truusk-2-i-1-hundvagn-och-cykelvagn-reflekterande-max-30-kg-oxfordtyg-gron\/#breadcrumb","itemListElement":[{"@type":"ListItem","position":1,"name":"Home","item":"https:\/\/truusk.store\/sv\/"},{"@type":"ListItem","position":2,"name":"Shop","item":"https:\/\/truusk.store\/shop\/"},{"@type":"ListItem","position":3,"name":"TRUUSK 2-i-1 Hundvagn och Cykelvagn &#8211; Reflekterande &#8211; Max. 30 kg &#8211; Oxfordtyg &#8211; Gr\u00f6n"}]},{"@type":"WebSite","@id":"https:\/\/truusk.store\/sv\/#website","url":"https:\/\/truusk.store\/sv\/","name":"TRUUSK - Hem, Tr\u00e4dg\u00e5rd & Fritid","description":"","publisher":{"@id":"https:\/\/truusk.store\/sv\/#organization"},"potentialAction":[{"@type":"SearchAction","target":{"@type":"EntryPoint","urlTemplate":"https:\/\/truusk.store\/sv\/?s={search_term_string}"},"query-input":{"@type":"PropertyValueSpecification","valueRequired":true,"valueName":"search_term_string"}}],"inLanguage":"sv-SE"},{"@type":"Organization","@id":"https:\/\/truusk.store\/sv\/#organization","name":"TRUUSK - Hem, Tr\u00e4dg\u00e5rd & Fritid","url":"https:\/\/truusk.store\/sv\/","logo":{"@type":"ImageObject","inLanguage":"sv-SE","@id":"https:\/\/truusk.store\/sv\/#\/schema\/logo\/image\/","url":"https:\/\/i0.wp.com\/truusk.store\/wp-content\/uploads\/2026\/03\/cropped-TRUUSK.png?fit=2032%2C917&ssl=1","contentUrl":"https:\/\/i0.wp.com\/truusk.store\/wp-content\/uploads\/2026\/03\/cropped-TRUUSK.png?fit=2032%2C917&ssl=1","width":2032,"height":917,"caption":"TRUUSK - Hem, Tr\u00e4dg\u00e5rd & Fritid"},"image":{"@id":"https:\/\/truusk.store\/sv\/#\/schema\/logo\/image\/"}}]}},"jetpack_sharing_enabled":true,"_links":{"self":[{"href":"https:\/\/truusk.store\/sv\/wp-json\/wp\/v2\/product\/68109","targetHints":{"allow":["GET"]}}],"collection":[{"href":"https:\/\/truusk.store\/sv\/wp-json\/wp\/v2\/product"}],"about":[{"href":"https:\/\/truusk.store\/sv\/wp-json\/wp\/v2\/types\/product"}],"wp:featuredmedia":[{"embeddable":true,"href":"https:\/\/truusk.store\/sv\/wp-json\/wp\/v2\/media\/68100"}],"wp:attachment":[{"href":"https:\/\/truusk.store\/sv\/wp-json\/wp\/v2\/media?parent=68109"}],"wp:term":[{"taxonomy":"product_brand","embeddable":true,"href":"https:\/\/truusk.store\/sv\/wp-json\/wp\/v2\/product_brand?post=68109"},{"taxonomy":"product_cat","embeddable":true,"href":"https:\/\/truusk.store\/sv\/wp-json\/wp\/v2\/product_cat?post=68109"},{"taxonomy":"product_tag","embeddable":true,"href":"https:\/\/truusk.store\/sv\/wp-json\/wp\/v2\/product_tag?post=68109"}],"curies":[{"name":"wp","href":"https:\/\/api.w.org\/{rel}","templated":true}]}}