{"id":68119,"date":"2025-06-05T15:34:56","date_gmt":"2025-06-05T14:34:56","guid":{"rendered":"https:\/\/truusk.store\/product\/minibackugn-9l-mini-ugn-med-bakplat-grillgaller-100-c-230-c-med-justerbar-temperatur-och-tillagningstid-60-min-timer-750w-rostfritt-stal-silver\/"},"modified":"2026-03-12T08:40:16","modified_gmt":"2026-03-12T07:40:16","slug":"truusk-minibackugn-9l-med-bakplat-och-grillgaller-justerbar-temperatur-60-min-timer-750w-rostfritt-stal-silver","status":"publish","type":"product","link":"https:\/\/truusk.store\/sv\/produkt\/truusk-minibackugn-9l-med-bakplat-och-grillgaller-justerbar-temperatur-60-min-timer-750w-rostfritt-stal-silver\/","title":{"rendered":"TRUUSK Minibackugn 9L &#8211; Med Bakpl\u00e5t och Grillgaller &#8211; Justerbar Temperatur &#8211; 60 Min. Timer &#8211; 750W &#8211; Rostfritt St\u00e5l &#8211; Silver"},"content":{"rendered":"<p>Letar du efter en effektiv matlagningsl\u00f6sning f\u00f6r ditt hem? TRUUSK elektriska minugn med kokplattor \u00e4r svaret: temperaturen och tillagningstiden f\u00f6r den lilla ugnen kan enkelt justeras f\u00f6r att m\u00f6ta alla dina kulinariska behov. Med en ugnskapacitet p\u00e5 9 liter kan du snabbt f\u00f6rbereda m\u00e5ltider f\u00f6r dig sj\u00e4lv eller din familj och samtidigt spara mycket utrymme p\u00e5 din arbetsyta tack vare den kompakta designen.<\/p>\n<p>Beskrivning:<\/p>\n<ul>\n<li> Elektrisk minugn med en kapacitet p\u00e5 9 L<\/li>\n<li> Temperaturen kan st\u00e4llas in fr\u00e5n 100\u202f\u00b0C till 230\u202f\u00b0C<\/li>\n<li> Tillagningstiden kan st\u00e4llas in fr\u00e5n 0 till 60 minuter<\/li>\n<li> Inneh\u00e5ller 1 grillgaller och 1 bakpl\u00e5t, b\u00e5da \u00e4r diskmaskinss\u00e4kra<\/li>\n<li> Ett glasf\u00f6nster g\u00f6r att du kan f\u00f6lja tillagningsprocessen utifr\u00e5n<\/li>\n<li> Olika beh\u00e5llare kan skjutas in p\u00e5 tv\u00e5 olika h\u00f6jder<\/li>\n<li> Brickan i botten av minugnen kan dras ut f\u00f6r att underl\u00e4tta reng\u00f6ring<\/li>\n<li> Denna miniugn har 2 S-formade rostfria v\u00e4rmepipor uppe och nere, f\u00f6r en j\u00e4mnare bakprestanda<\/li>\n<\/ul>\n<p> Tekniska data:<\/p>\n<ul>\n<li> F\u00e4rg: Silver<\/li>\n<li> Material: Metall, rostfritt st\u00e5l, h\u00e4rdat glas<\/li>\n<li> Totala dimensioner: 35L x 24,6B x 20H cm<\/li>\n<li> Inre dimensioner: 25,3L x 19,8B x 16,4H cm<\/li>\n<li> D\u00f6rrdimensioner: 27L x 17B cm<\/li>\n<li> Storlek p\u00e5 bakpl\u00e5ten: 25L x 20B cm<\/li>\n<li> Storlek p\u00e5 grillen: 24,8L x 19,1B cm<\/li>\n<li> Sp\u00e4nning: 230V \/ 50HZ<\/li>\n<li> Kabell\u00e4ngd: 0,9 m<\/li>\n<li> Effekt: 750 W<\/li>\n<\/ul>\n<p>Leverans inneh\u00e5ller:<\/p>\n<ul>\n<li> 1 x Miniugn<\/li>\n<li> 1 x Grillgaller<\/li>\n<li> 1 x Bakpl\u00e5t<\/li>\n<li> 1 x Bruksanvisning<\/li>\n<\/ul>\n","protected":false},"excerpt":{"rendered":"<p>Letar du efter en effektiv matlagningsl\u00f6sning f\u00f6r ditt hem? TRUUSK elektriska minugn med kokplattor \u00e4r svaret: temperaturen och tillagningstiden f\u00f6r&#8230;<\/p>\n","protected":false},"featured_media":68110,"template":"","meta":[],"product_brand":[],"product_cat":[871,498,933,934],"product_tag":[],"class_list":{"0":"post-68119","1":"product","2":"type-product","3":"status-publish","4":"has-post-thumbnail","6":"product_cat-hus-hem","7":"product_cat-hushallsapparater","8":"product_cat-koksapparater","9":"product_cat-minibackofen","11":"first","12":"instock","13":"sale","14":"taxable","15":"shipping-taxable","16":"purchasable","17":"product-type-simple"},"yoast_head":"<!-- This site is optimized with the Yoast SEO plugin v25.4 - https:\/\/yoast.com\/wordpress\/plugins\/seo\/ -->\n<title>TRUUSK Minibackugn 9L - Med Bakpl\u00e5t och Grillgaller - Justerbar Temperatur - 60 Min. Timer - 750W - Rostfritt St\u00e5l - Silver - TRUUSK - Hem, Tr\u00e4dg\u00e5rd &amp; Fritid<\/title>\n<meta name=\"robots\" content=\"index, follow, max-snippet:-1, max-image-preview:large, max-video-preview:-1\" \/>\n<link rel=\"canonical\" href=\"https:\/\/truusk.store\/sv\/produkt\/truusk-minibackugn-9l-med-bakplat-och-grillgaller-justerbar-temperatur-60-min-timer-750w-rostfritt-stal-silver\/\" \/>\n<meta property=\"og:locale\" content=\"sv_SE\" \/>\n<meta property=\"og:type\" content=\"article\" \/>\n<meta property=\"og:title\" content=\"TRUUSK Minibackugn 9L - Med Bakpl\u00e5t och Grillgaller - Justerbar Temperatur - 60 Min. Timer - 750W - Rostfritt St\u00e5l - Silver - TRUUSK - Hem, Tr\u00e4dg\u00e5rd &amp; Fritid\" \/>\n<meta property=\"og:description\" content=\"Letar du efter en effektiv matlagningsl\u00f6sning f\u00f6r ditt hem? TRUUSK elektriska minugn med kokplattor \u00e4r svaret: temperaturen och tillagningstiden f\u00f6r...\" \/>\n<meta property=\"og:url\" content=\"https:\/\/truusk.store\/sv\/produkt\/truusk-minibackugn-9l-med-bakplat-och-grillgaller-justerbar-temperatur-60-min-timer-750w-rostfritt-stal-silver\/\" \/>\n<meta property=\"og:site_name\" content=\"TRUUSK - Hem, Tr\u00e4dg\u00e5rd &amp; Fritid\" \/>\n<meta property=\"article:modified_time\" content=\"2026-03-12T07:40:16+00:00\" \/>\n<meta property=\"og:image\" content=\"https:\/\/i0.wp.com\/truusk.se\/wp-content\/uploads\/2025\/06\/minibackugn-9l-mini-ugn-med-bakplat-grillgaller-100-c-230-c-med-justerbar-temperatur-och-tillagningstid-60-min-timer-750w-rostfritt-stal-silver-1.webp?fit=2000%2C2000&ssl=1\" \/>\n\t<meta property=\"og:image:width\" content=\"2000\" \/>\n\t<meta property=\"og:image:height\" content=\"2000\" \/>\n\t<meta property=\"og:image:type\" content=\"image\/webp\" \/>\n<meta name=\"twitter:card\" content=\"summary_large_image\" \/>\n<meta name=\"twitter:label1\" content=\"Ber\u00e4knad l\u00e4stid\" \/>\n\t<meta name=\"twitter:data1\" content=\"1 minut\" \/>\n<!-- \/ Yoast SEO plugin. -->","yoast_head_json":{"title":"TRUUSK Minibackugn 9L - Med Bakpl\u00e5t och Grillgaller - Justerbar Temperatur - 60 Min. Timer - 750W - Rostfritt St\u00e5l - Silver - TRUUSK - Hem, Tr\u00e4dg\u00e5rd &amp; Fritid","robots":{"index":"index","follow":"follow","max-snippet":"max-snippet:-1","max-image-preview":"max-image-preview:large","max-video-preview":"max-video-preview:-1"},"canonical":"https:\/\/truusk.store\/sv\/produkt\/truusk-minibackugn-9l-med-bakplat-och-grillgaller-justerbar-temperatur-60-min-timer-750w-rostfritt-stal-silver\/","og_locale":"sv_SE","og_type":"article","og_title":"TRUUSK Minibackugn 9L - Med Bakpl\u00e5t och Grillgaller - Justerbar Temperatur - 60 Min. Timer - 750W - Rostfritt St\u00e5l - Silver - TRUUSK - Hem, Tr\u00e4dg\u00e5rd &amp; Fritid","og_description":"Letar du efter en effektiv matlagningsl\u00f6sning f\u00f6r ditt hem? TRUUSK elektriska minugn med kokplattor \u00e4r svaret: temperaturen och tillagningstiden f\u00f6r...","og_url":"https:\/\/truusk.store\/sv\/produkt\/truusk-minibackugn-9l-med-bakplat-och-grillgaller-justerbar-temperatur-60-min-timer-750w-rostfritt-stal-silver\/","og_site_name":"TRUUSK - Hem, Tr\u00e4dg\u00e5rd &amp; Fritid","article_modified_time":"2026-03-12T07:40:16+00:00","og_image":[{"width":2000,"height":2000,"url":"https:\/\/i0.wp.com\/truusk.se\/wp-content\/uploads\/2025\/06\/minibackugn-9l-mini-ugn-med-bakplat-grillgaller-100-c-230-c-med-justerbar-temperatur-och-tillagningstid-60-min-timer-750w-rostfritt-stal-silver-1.webp?fit=2000%2C2000&ssl=1","type":"image\/webp"}],"twitter_card":"summary_large_image","twitter_misc":{"Ber\u00e4knad l\u00e4stid":"1 minut"},"schema":{"@context":"https:\/\/schema.org","@graph":[{"@type":"WebPage","@id":"https:\/\/truusk.store\/sv\/produkt\/truusk-minibackugn-9l-med-bakplat-och-grillgaller-justerbar-temperatur-60-min-timer-750w-rostfritt-stal-silver\/","url":"https:\/\/truusk.store\/sv\/produkt\/truusk-minibackugn-9l-med-bakplat-och-grillgaller-justerbar-temperatur-60-min-timer-750w-rostfritt-stal-silver\/","name":"TRUUSK Minibackugn 9L - Med Bakpl\u00e5t och Grillgaller - Justerbar Temperatur - 60 Min. Timer - 750W - Rostfritt St\u00e5l - Silver - TRUUSK - Hem, Tr\u00e4dg\u00e5rd &amp; Fritid","isPartOf":{"@id":"https:\/\/truusk.store\/sv\/#website"},"primaryImageOfPage":{"@id":"https:\/\/truusk.store\/sv\/produkt\/truusk-minibackugn-9l-med-bakplat-och-grillgaller-justerbar-temperatur-60-min-timer-750w-rostfritt-stal-silver\/#primaryimage"},"image":{"@id":"https:\/\/truusk.store\/sv\/produkt\/truusk-minibackugn-9l-med-bakplat-och-grillgaller-justerbar-temperatur-60-min-timer-750w-rostfritt-stal-silver\/#primaryimage"},"thumbnailUrl":"https:\/\/i0.wp.com\/truusk.store\/wp-content\/uploads\/2025\/06\/minibackugn-9l-mini-ugn-med-bakplat-grillgaller-100-c-230-c-med-justerbar-temperatur-och-tillagningstid-60-min-timer-750w-rostfritt-stal-silver-1.webp?fit=2000%2C2000&ssl=1","datePublished":"2025-06-05T14:34:56+00:00","dateModified":"2026-03-12T07:40:16+00:00","breadcrumb":{"@id":"https:\/\/truusk.store\/sv\/produkt\/truusk-minibackugn-9l-med-bakplat-och-grillgaller-justerbar-temperatur-60-min-timer-750w-rostfritt-stal-silver\/#breadcrumb"},"inLanguage":"sv-SE","potentialAction":[{"@type":"ReadAction","target":["https:\/\/truusk.store\/sv\/produkt\/truusk-minibackugn-9l-med-bakplat-och-grillgaller-justerbar-temperatur-60-min-timer-750w-rostfritt-stal-silver\/"]}]},{"@type":"ImageObject","inLanguage":"sv-SE","@id":"https:\/\/truusk.store\/sv\/produkt\/truusk-minibackugn-9l-med-bakplat-och-grillgaller-justerbar-temperatur-60-min-timer-750w-rostfritt-stal-silver\/#primaryimage","url":"https:\/\/i0.wp.com\/truusk.store\/wp-content\/uploads\/2025\/06\/minibackugn-9l-mini-ugn-med-bakplat-grillgaller-100-c-230-c-med-justerbar-temperatur-och-tillagningstid-60-min-timer-750w-rostfritt-stal-silver-1.webp?fit=2000%2C2000&ssl=1","contentUrl":"https:\/\/i0.wp.com\/truusk.store\/wp-content\/uploads\/2025\/06\/minibackugn-9l-mini-ugn-med-bakplat-grillgaller-100-c-230-c-med-justerbar-temperatur-och-tillagningstid-60-min-timer-750w-rostfritt-stal-silver-1.webp?fit=2000%2C2000&ssl=1","width":2000,"height":2000},{"@type":"BreadcrumbList","@id":"https:\/\/truusk.store\/sv\/produkt\/truusk-minibackugn-9l-med-bakplat-och-grillgaller-justerbar-temperatur-60-min-timer-750w-rostfritt-stal-silver\/#breadcrumb","itemListElement":[{"@type":"ListItem","position":1,"name":"Home","item":"https:\/\/truusk.store\/sv\/"},{"@type":"ListItem","position":2,"name":"Shop","item":"https:\/\/truusk.store\/shop\/"},{"@type":"ListItem","position":3,"name":"TRUUSK Minibackugn 9L &#8211; Med Bakpl\u00e5t och Grillgaller &#8211; Justerbar Temperatur &#8211; 60 Min. Timer &#8211; 750W &#8211; Rostfritt St\u00e5l &#8211; Silver"}]},{"@type":"WebSite","@id":"https:\/\/truusk.store\/sv\/#website","url":"https:\/\/truusk.store\/sv\/","name":"TRUUSK - Hem, Tr\u00e4dg\u00e5rd & Fritid","description":"","publisher":{"@id":"https:\/\/truusk.store\/sv\/#organization"},"potentialAction":[{"@type":"SearchAction","target":{"@type":"EntryPoint","urlTemplate":"https:\/\/truusk.store\/sv\/?s={search_term_string}"},"query-input":{"@type":"PropertyValueSpecification","valueRequired":true,"valueName":"search_term_string"}}],"inLanguage":"sv-SE"},{"@type":"Organization","@id":"https:\/\/truusk.store\/sv\/#organization","name":"TRUUSK - Hem, Tr\u00e4dg\u00e5rd & Fritid","url":"https:\/\/truusk.store\/sv\/","logo":{"@type":"ImageObject","inLanguage":"sv-SE","@id":"https:\/\/truusk.store\/sv\/#\/schema\/logo\/image\/","url":"https:\/\/i0.wp.com\/truusk.store\/wp-content\/uploads\/2026\/03\/cropped-TRUUSK.png?fit=2032%2C917&ssl=1","contentUrl":"https:\/\/i0.wp.com\/truusk.store\/wp-content\/uploads\/2026\/03\/cropped-TRUUSK.png?fit=2032%2C917&ssl=1","width":2032,"height":917,"caption":"TRUUSK - Hem, Tr\u00e4dg\u00e5rd & Fritid"},"image":{"@id":"https:\/\/truusk.store\/sv\/#\/schema\/logo\/image\/"}}]}},"jetpack_sharing_enabled":true,"_links":{"self":[{"href":"https:\/\/truusk.store\/sv\/wp-json\/wp\/v2\/product\/68119","targetHints":{"allow":["GET"]}}],"collection":[{"href":"https:\/\/truusk.store\/sv\/wp-json\/wp\/v2\/product"}],"about":[{"href":"https:\/\/truusk.store\/sv\/wp-json\/wp\/v2\/types\/product"}],"wp:featuredmedia":[{"embeddable":true,"href":"https:\/\/truusk.store\/sv\/wp-json\/wp\/v2\/media\/68110"}],"wp:attachment":[{"href":"https:\/\/truusk.store\/sv\/wp-json\/wp\/v2\/media?parent=68119"}],"wp:term":[{"taxonomy":"product_brand","embeddable":true,"href":"https:\/\/truusk.store\/sv\/wp-json\/wp\/v2\/product_brand?post=68119"},{"taxonomy":"product_cat","embeddable":true,"href":"https:\/\/truusk.store\/sv\/wp-json\/wp\/v2\/product_cat?post=68119"},{"taxonomy":"product_tag","embeddable":true,"href":"https:\/\/truusk.store\/sv\/wp-json\/wp\/v2\/product_tag?post=68119"}],"curies":[{"name":"wp","href":"https:\/\/api.w.org\/{rel}","templated":true}]}}