{"id":68209,"date":"2025-06-05T15:43:49","date_gmt":"2025-06-05T14:43:49","guid":{"rendered":"https:\/\/truusk.store\/product\/hundbur-mobel-hundbur-med-dorr-och-fonster-sidobord-for-hemmet-hundhus-for-stora-hundar-under-30-kg-stal-106-x-60-x-76-cm-ek\/"},"modified":"2026-03-12T09:41:32","modified_gmt":"2026-03-12T08:41:32","slug":"truusk-hundbur-mobel-med-dorr-och-fonster-sidobord-for-hemmet-stal-106-x-60-x-76-cm-for-stora-hundar-under-30-kg-ek","status":"publish","type":"product","link":"https:\/\/truusk.store\/sv\/produkt\/truusk-hundbur-mobel-med-dorr-och-fonster-sidobord-for-hemmet-stal-106-x-60-x-76-cm-for-stora-hundar-under-30-kg-ek\/","title":{"rendered":"TRUUSK Hundbur M\u00f6bel &#8211; Med D\u00f6rr och F\u00f6nster &#8211; Sidobord f\u00f6r Hemmet &#8211; St\u00e5l &#8211; 106 x 60 x 76 cm &#8211; F\u00f6r Stora Hundar under 30 kg &#8211; Ek"},"content":{"rendered":"<p>Denna hundbur f\u00f6r hemmet fr\u00e5n Pawhut kommer i en modern design och passar bra in i moderna inredningar. Insidan av hundgallerburen erbjuder din hund en skyddad plats att sova och vila, och l\u00e5set p\u00e5 hundburen skyddar effektivt din \u00e4lskling n\u00e4r du vill h\u00e5lla den p\u00e5 plats eller transportera den f\u00f6r en kort tid.<\/p>\n<p>Beskrivning:<\/p>\n<ul>\n<li> Hundgallerbur i en modern design<\/li>\n<li> En solid konstruktion av metall och sp\u00e5nskiva<\/li>\n<li> L\u00e5sbar d\u00f6rr p\u00e5 hundburen f\u00f6r hemmet f\u00f6r \u00f6kad s\u00e4kerhet<\/li>\n<li> L\u00e4mplig f\u00f6r stora hundar med en skulderh\u00f6jd upp till 60 cm och en maximal vikt p\u00e5 30 kg<\/li>\n<li> Montering kr\u00e4vs<\/li>\n<li> Obs: Med st\u00e4ngda d\u00f6rrar \u00e4r denna hundgallerbur endast l\u00e4mplig f\u00f6r kortvarig inkvartering eller transport av din hund. Hundar b\u00f6r aldrig h\u00e5llas i en st\u00e4ngd bur under en l\u00e4ngre tid. V\u00e4nj ditt djur l\u00e5ngsamt och varsamt till den tillf\u00e4lliga inkvarteringen i buren. B\u00f6rja med att ditt djur vilar avslappnat i buren med \u00f6ppen d\u00f6rr. V\u00e4nj hunden till inkvarteringen i den st\u00e4ngda buren f\u00f6rst efter det och f\u00f6rl\u00e4ng vistelsetiden. Buren b\u00f6r aldrig anv\u00e4ndas som straff, eftersom den ska representera en skyddad och positiv plats f\u00f6r din fyrbenta v\u00e4n<\/li>\n<\/ul>\n<p> Tekniska data:<\/p>\n<ul>\n<li> F\u00e4rg: Ek<\/li>\n<li> Material: St\u00e5l, MDF<\/li>\n<li> Totala m\u00e5tt: 106L x 60B x 76H cm<\/li>\n<li> Inre m\u00e5tt p\u00e5 buren: 99,4L x 53,8B x 72,4H cm<\/li>\n<li> D\u00f6rrstorlek: 44,9B x 71,8H cm<\/li>\n<li> Metallr\u00f6rsavst\u00e5nd: 5,7 cm<\/li>\n<li> H\u00f6jd fr\u00e5n botten till golvet: 3,8 cm<\/li>\n<\/ul>\n<p>Leverans inneh\u00e5ller:<\/p>\n<ul>\n<li> 1\u00d7 Hundbur<\/li>\n<li> 1\u00d7 Handbok<\/li>\n<\/ul>\n","protected":false},"excerpt":{"rendered":"<p>Denna hundbur f\u00f6r hemmet fr\u00e5n Pawhut kommer i en modern design och passar bra in i moderna inredningar. Insidan av&#8230;<\/p>\n","protected":false},"featured_media":68200,"template":"","meta":[],"product_brand":[],"product_cat":[878,583,574],"product_tag":[],"class_list":{"0":"post-68209","1":"product","2":"type-product","3":"status-publish","4":"has-post-thumbnail","6":"product_cat-djurbehov","7":"product_cat-hundburar","8":"product_cat-hundtillbehor","10":"first","11":"instock","12":"sale","13":"taxable","14":"shipping-taxable","15":"purchasable","16":"product-type-simple"},"yoast_head":"<!-- This site is optimized with the Yoast SEO plugin v25.4 - https:\/\/yoast.com\/wordpress\/plugins\/seo\/ -->\n<title>TRUUSK Hundbur M\u00f6bel - Med D\u00f6rr och F\u00f6nster - Sidobord f\u00f6r Hemmet - St\u00e5l - 106 x 60 x 76 cm - F\u00f6r Stora Hundar under 30 kg - Ek - TRUUSK - Hem, Tr\u00e4dg\u00e5rd &amp; Fritid<\/title>\n<meta name=\"robots\" content=\"index, follow, max-snippet:-1, max-image-preview:large, max-video-preview:-1\" \/>\n<link rel=\"canonical\" href=\"https:\/\/truusk.store\/sv\/produkt\/truusk-hundbur-mobel-med-dorr-och-fonster-sidobord-for-hemmet-stal-106-x-60-x-76-cm-for-stora-hundar-under-30-kg-ek\/\" \/>\n<meta property=\"og:locale\" content=\"sv_SE\" \/>\n<meta property=\"og:type\" content=\"article\" \/>\n<meta property=\"og:title\" content=\"TRUUSK Hundbur M\u00f6bel - Med D\u00f6rr och F\u00f6nster - Sidobord f\u00f6r Hemmet - St\u00e5l - 106 x 60 x 76 cm - F\u00f6r Stora Hundar under 30 kg - Ek - TRUUSK - Hem, Tr\u00e4dg\u00e5rd &amp; Fritid\" \/>\n<meta property=\"og:description\" content=\"Denna hundbur f\u00f6r hemmet fr\u00e5n Pawhut kommer i en modern design och passar bra in i moderna inredningar. Insidan av...\" \/>\n<meta property=\"og:url\" content=\"https:\/\/truusk.store\/sv\/produkt\/truusk-hundbur-mobel-med-dorr-och-fonster-sidobord-for-hemmet-stal-106-x-60-x-76-cm-for-stora-hundar-under-30-kg-ek\/\" \/>\n<meta property=\"og:site_name\" content=\"TRUUSK - Hem, Tr\u00e4dg\u00e5rd &amp; Fritid\" \/>\n<meta property=\"article:modified_time\" content=\"2026-03-12T08:41:32+00:00\" \/>\n<meta property=\"og:image\" content=\"https:\/\/i0.wp.com\/truusk.se\/wp-content\/uploads\/2025\/06\/hundbur-mobel-hundbur-med-dorr-och-fonster-sidobord-for-hemmet-hundhus-for-stora-hundar-under-30-kg-stal-106-x-60-x-76-cm-ek-1.webp?fit=2000%2C2000&ssl=1\" \/>\n\t<meta property=\"og:image:width\" content=\"2000\" \/>\n\t<meta property=\"og:image:height\" content=\"2000\" \/>\n\t<meta property=\"og:image:type\" content=\"image\/webp\" \/>\n<meta name=\"twitter:card\" content=\"summary_large_image\" \/>\n<meta name=\"twitter:label1\" content=\"Ber\u00e4knad l\u00e4stid\" \/>\n\t<meta name=\"twitter:data1\" content=\"1 minut\" \/>\n<!-- \/ Yoast SEO plugin. -->","yoast_head_json":{"title":"TRUUSK Hundbur M\u00f6bel - Med D\u00f6rr och F\u00f6nster - Sidobord f\u00f6r Hemmet - St\u00e5l - 106 x 60 x 76 cm - F\u00f6r Stora Hundar under 30 kg - Ek - TRUUSK - Hem, Tr\u00e4dg\u00e5rd &amp; Fritid","robots":{"index":"index","follow":"follow","max-snippet":"max-snippet:-1","max-image-preview":"max-image-preview:large","max-video-preview":"max-video-preview:-1"},"canonical":"https:\/\/truusk.store\/sv\/produkt\/truusk-hundbur-mobel-med-dorr-och-fonster-sidobord-for-hemmet-stal-106-x-60-x-76-cm-for-stora-hundar-under-30-kg-ek\/","og_locale":"sv_SE","og_type":"article","og_title":"TRUUSK Hundbur M\u00f6bel - Med D\u00f6rr och F\u00f6nster - Sidobord f\u00f6r Hemmet - St\u00e5l - 106 x 60 x 76 cm - F\u00f6r Stora Hundar under 30 kg - Ek - TRUUSK - Hem, Tr\u00e4dg\u00e5rd &amp; Fritid","og_description":"Denna hundbur f\u00f6r hemmet fr\u00e5n Pawhut kommer i en modern design och passar bra in i moderna inredningar. Insidan av...","og_url":"https:\/\/truusk.store\/sv\/produkt\/truusk-hundbur-mobel-med-dorr-och-fonster-sidobord-for-hemmet-stal-106-x-60-x-76-cm-for-stora-hundar-under-30-kg-ek\/","og_site_name":"TRUUSK - Hem, Tr\u00e4dg\u00e5rd &amp; Fritid","article_modified_time":"2026-03-12T08:41:32+00:00","og_image":[{"width":2000,"height":2000,"url":"https:\/\/i0.wp.com\/truusk.se\/wp-content\/uploads\/2025\/06\/hundbur-mobel-hundbur-med-dorr-och-fonster-sidobord-for-hemmet-hundhus-for-stora-hundar-under-30-kg-stal-106-x-60-x-76-cm-ek-1.webp?fit=2000%2C2000&ssl=1","type":"image\/webp"}],"twitter_card":"summary_large_image","twitter_misc":{"Ber\u00e4knad l\u00e4stid":"1 minut"},"schema":{"@context":"https:\/\/schema.org","@graph":[{"@type":"WebPage","@id":"https:\/\/truusk.store\/sv\/produkt\/truusk-hundbur-mobel-med-dorr-och-fonster-sidobord-for-hemmet-stal-106-x-60-x-76-cm-for-stora-hundar-under-30-kg-ek\/","url":"https:\/\/truusk.store\/sv\/produkt\/truusk-hundbur-mobel-med-dorr-och-fonster-sidobord-for-hemmet-stal-106-x-60-x-76-cm-for-stora-hundar-under-30-kg-ek\/","name":"TRUUSK Hundbur M\u00f6bel - Med D\u00f6rr och F\u00f6nster - Sidobord f\u00f6r Hemmet - St\u00e5l - 106 x 60 x 76 cm - F\u00f6r Stora Hundar under 30 kg - Ek - TRUUSK - Hem, Tr\u00e4dg\u00e5rd &amp; Fritid","isPartOf":{"@id":"https:\/\/truusk.store\/sv\/#website"},"primaryImageOfPage":{"@id":"https:\/\/truusk.store\/sv\/produkt\/truusk-hundbur-mobel-med-dorr-och-fonster-sidobord-for-hemmet-stal-106-x-60-x-76-cm-for-stora-hundar-under-30-kg-ek\/#primaryimage"},"image":{"@id":"https:\/\/truusk.store\/sv\/produkt\/truusk-hundbur-mobel-med-dorr-och-fonster-sidobord-for-hemmet-stal-106-x-60-x-76-cm-for-stora-hundar-under-30-kg-ek\/#primaryimage"},"thumbnailUrl":"https:\/\/i0.wp.com\/truusk.store\/wp-content\/uploads\/2025\/06\/hundbur-mobel-hundbur-med-dorr-och-fonster-sidobord-for-hemmet-hundhus-for-stora-hundar-under-30-kg-stal-106-x-60-x-76-cm-ek-1.webp?fit=2000%2C2000&ssl=1","datePublished":"2025-06-05T14:43:49+00:00","dateModified":"2026-03-12T08:41:32+00:00","breadcrumb":{"@id":"https:\/\/truusk.store\/sv\/produkt\/truusk-hundbur-mobel-med-dorr-och-fonster-sidobord-for-hemmet-stal-106-x-60-x-76-cm-for-stora-hundar-under-30-kg-ek\/#breadcrumb"},"inLanguage":"sv-SE","potentialAction":[{"@type":"ReadAction","target":["https:\/\/truusk.store\/sv\/produkt\/truusk-hundbur-mobel-med-dorr-och-fonster-sidobord-for-hemmet-stal-106-x-60-x-76-cm-for-stora-hundar-under-30-kg-ek\/"]}]},{"@type":"ImageObject","inLanguage":"sv-SE","@id":"https:\/\/truusk.store\/sv\/produkt\/truusk-hundbur-mobel-med-dorr-och-fonster-sidobord-for-hemmet-stal-106-x-60-x-76-cm-for-stora-hundar-under-30-kg-ek\/#primaryimage","url":"https:\/\/i0.wp.com\/truusk.store\/wp-content\/uploads\/2025\/06\/hundbur-mobel-hundbur-med-dorr-och-fonster-sidobord-for-hemmet-hundhus-for-stora-hundar-under-30-kg-stal-106-x-60-x-76-cm-ek-1.webp?fit=2000%2C2000&ssl=1","contentUrl":"https:\/\/i0.wp.com\/truusk.store\/wp-content\/uploads\/2025\/06\/hundbur-mobel-hundbur-med-dorr-och-fonster-sidobord-for-hemmet-hundhus-for-stora-hundar-under-30-kg-stal-106-x-60-x-76-cm-ek-1.webp?fit=2000%2C2000&ssl=1","width":2000,"height":2000},{"@type":"BreadcrumbList","@id":"https:\/\/truusk.store\/sv\/produkt\/truusk-hundbur-mobel-med-dorr-och-fonster-sidobord-for-hemmet-stal-106-x-60-x-76-cm-for-stora-hundar-under-30-kg-ek\/#breadcrumb","itemListElement":[{"@type":"ListItem","position":1,"name":"Home","item":"https:\/\/truusk.store\/sv\/"},{"@type":"ListItem","position":2,"name":"Shop","item":"https:\/\/truusk.store\/shop\/"},{"@type":"ListItem","position":3,"name":"TRUUSK Hundbur M\u00f6bel &#8211; Med D\u00f6rr och F\u00f6nster &#8211; Sidobord f\u00f6r Hemmet &#8211; St\u00e5l &#8211; 106 x 60 x 76 cm &#8211; F\u00f6r Stora Hundar under 30 kg &#8211; Ek"}]},{"@type":"WebSite","@id":"https:\/\/truusk.store\/sv\/#website","url":"https:\/\/truusk.store\/sv\/","name":"TRUUSK - Hem, Tr\u00e4dg\u00e5rd & Fritid","description":"","publisher":{"@id":"https:\/\/truusk.store\/sv\/#organization"},"potentialAction":[{"@type":"SearchAction","target":{"@type":"EntryPoint","urlTemplate":"https:\/\/truusk.store\/sv\/?s={search_term_string}"},"query-input":{"@type":"PropertyValueSpecification","valueRequired":true,"valueName":"search_term_string"}}],"inLanguage":"sv-SE"},{"@type":"Organization","@id":"https:\/\/truusk.store\/sv\/#organization","name":"TRUUSK - Hem, Tr\u00e4dg\u00e5rd & Fritid","url":"https:\/\/truusk.store\/sv\/","logo":{"@type":"ImageObject","inLanguage":"sv-SE","@id":"https:\/\/truusk.store\/sv\/#\/schema\/logo\/image\/","url":"https:\/\/i0.wp.com\/truusk.store\/wp-content\/uploads\/2026\/03\/cropped-TRUUSK.png?fit=2032%2C917&ssl=1","contentUrl":"https:\/\/i0.wp.com\/truusk.store\/wp-content\/uploads\/2026\/03\/cropped-TRUUSK.png?fit=2032%2C917&ssl=1","width":2032,"height":917,"caption":"TRUUSK - Hem, Tr\u00e4dg\u00e5rd & Fritid"},"image":{"@id":"https:\/\/truusk.store\/sv\/#\/schema\/logo\/image\/"}}]}},"jetpack_sharing_enabled":true,"_links":{"self":[{"href":"https:\/\/truusk.store\/sv\/wp-json\/wp\/v2\/product\/68209","targetHints":{"allow":["GET"]}}],"collection":[{"href":"https:\/\/truusk.store\/sv\/wp-json\/wp\/v2\/product"}],"about":[{"href":"https:\/\/truusk.store\/sv\/wp-json\/wp\/v2\/types\/product"}],"wp:featuredmedia":[{"embeddable":true,"href":"https:\/\/truusk.store\/sv\/wp-json\/wp\/v2\/media\/68200"}],"wp:attachment":[{"href":"https:\/\/truusk.store\/sv\/wp-json\/wp\/v2\/media?parent=68209"}],"wp:term":[{"taxonomy":"product_brand","embeddable":true,"href":"https:\/\/truusk.store\/sv\/wp-json\/wp\/v2\/product_brand?post=68209"},{"taxonomy":"product_cat","embeddable":true,"href":"https:\/\/truusk.store\/sv\/wp-json\/wp\/v2\/product_cat?post=68209"},{"taxonomy":"product_tag","embeddable":true,"href":"https:\/\/truusk.store\/sv\/wp-json\/wp\/v2\/product_tag?post=68209"}],"curies":[{"name":"wp","href":"https:\/\/api.w.org\/{rel}","templated":true}]}}