{"id":68239,"date":"2025-06-05T15:46:41","date_gmt":"2025-06-05T14:46:41","guid":{"rendered":"https:\/\/truusk.store\/product\/sidobord-i-c-form-soffbord-med-hjul-kaffebord-barbar-soffbord-for-sma-omraden-45-x-35-x-58-cm-vit\/"},"modified":"2026-03-12T08:41:04","modified_gmt":"2026-03-12T07:41:04","slug":"truusk-sidobord-i-c-form-soffbord-med-hjul-kaffebord-barbar-for-sma-omraden-45-x-35-x-58-cm-vit","status":"publish","type":"product","link":"https:\/\/truusk.store\/sv\/produkt\/truusk-sidobord-i-c-form-soffbord-med-hjul-kaffebord-barbar-for-sma-omraden-45-x-35-x-58-cm-vit\/","title":{"rendered":"TRUUSK Sidobord i C-form &#8211; Soffbord med hjul &#8211; Kaffebord &#8211; B\u00e4rbar &#8211; F\u00f6r sm\u00e5 omr\u00e5den &#8211; 45 x 35 x 58 cm &#8211; Vit"},"content":{"rendered":"<p>V\u00e5r C-formade sidobord med hjul \u00e4r inte bara praktiskt, utan ocks\u00e5 dekorativt. De f\u00e4sta hjulen g\u00f6r att du enkelt kan flytta soffbordet till vilken plats som helst. Oavsett om det \u00e4r som soffbord i vardagsrummet eller som nattduksbord i sovrummet: Anv\u00e4nd denna flexibla m\u00f6bel d\u00e4r du beh\u00f6ver den just nu.<\/p>\n<p>Beskrivning:<\/p>\n<ul>\n<li> Enkel och elegant design av soffbordet f\u00f6r olika rum<\/li>\n<li> Tv\u00e5 \u00f6ppna sk\u00e5p och en \u00f6ppen hylla f\u00f6r att organisera dina personliga saker<\/li>\n<li> H\u00f6gkvalitativt material av sidobordet garanterar h\u00f6g stabilitet och l\u00e5ng h\u00e5llbarhet<\/li>\n<li> B\u00e4rkapacitet upp till 20 kg<\/li>\n<li> 4 rullande hjul p\u00e5 soffbordet lovar flexibel r\u00f6relse<\/li>\n<li> Tv\u00e5 hjul kan l\u00e5sas<\/li>\n<li> Sp\u00e5nskiva med melamin yta f\u00f6r enkel reng\u00f6ring<\/li>\n<li> Enkel montering kr\u00e4vs<\/li>\n<\/ul>\n<p> Tekniska data:<\/p>\n<ul>\n<li> F\u00e4rg: Vit<\/li>\n<li> Material: Sp\u00e5nskiva<\/li>\n<li> Totala m\u00e5tt: 45L x 35B x 58H cm<\/li>\n<li> Sk\u00e5pm\u00e5tt: 21L x 35B x 24,5H cm<\/li>\n<li> Hyllm\u00e5tt: 21,5L x 35B x 50H cm<\/li>\n<li> B\u00e4rkapacitet: 20 kg (totalt), 5 kg (sk\u00e5p)<\/li>\n<\/ul>\n<p>Leveransinneh\u00e5ll:<\/p>\n<ul>\n<li> 1 x Sidobord<\/li>\n<li> 1 x Monteringsanvisning<\/li>\n<\/ul>\n","protected":false},"excerpt":{"rendered":"<p>V\u00e5r C-formade sidobord med hjul \u00e4r inte bara praktiskt, utan ocks\u00e5 dekorativt. De f\u00e4sta hjulen g\u00f6r att du enkelt kan&#8230;<\/p>\n","protected":false},"featured_media":68230,"template":"","meta":[],"product_brand":[],"product_cat":[871,957,910],"product_tag":[],"class_list":{"0":"post-68239","1":"product","2":"type-product","3":"status-publish","4":"has-post-thumbnail","6":"product_cat-hus-hem","7":"product_cat-sidobord","8":"product_cat-vardagsrum","10":"first","11":"instock","12":"sale","13":"taxable","14":"shipping-taxable","15":"purchasable","16":"product-type-simple"},"yoast_head":"<!-- This site is optimized with the Yoast SEO plugin v25.4 - https:\/\/yoast.com\/wordpress\/plugins\/seo\/ -->\n<title>TRUUSK Sidobord i C-form - Soffbord med hjul - Kaffebord - B\u00e4rbar - F\u00f6r sm\u00e5 omr\u00e5den - 45 x 35 x 58 cm - Vit - TRUUSK - Hem, Tr\u00e4dg\u00e5rd &amp; Fritid<\/title>\n<meta name=\"robots\" content=\"index, follow, max-snippet:-1, max-image-preview:large, max-video-preview:-1\" \/>\n<link rel=\"canonical\" href=\"https:\/\/truusk.store\/sv\/produkt\/truusk-sidobord-i-c-form-soffbord-med-hjul-kaffebord-barbar-for-sma-omraden-45-x-35-x-58-cm-vit\/\" \/>\n<meta property=\"og:locale\" content=\"sv_SE\" \/>\n<meta property=\"og:type\" content=\"article\" \/>\n<meta property=\"og:title\" content=\"TRUUSK Sidobord i C-form - Soffbord med hjul - Kaffebord - B\u00e4rbar - F\u00f6r sm\u00e5 omr\u00e5den - 45 x 35 x 58 cm - Vit - TRUUSK - Hem, Tr\u00e4dg\u00e5rd &amp; Fritid\" \/>\n<meta property=\"og:description\" content=\"V\u00e5r C-formade sidobord med hjul \u00e4r inte bara praktiskt, utan ocks\u00e5 dekorativt. De f\u00e4sta hjulen g\u00f6r att du enkelt kan...\" \/>\n<meta property=\"og:url\" content=\"https:\/\/truusk.store\/sv\/produkt\/truusk-sidobord-i-c-form-soffbord-med-hjul-kaffebord-barbar-for-sma-omraden-45-x-35-x-58-cm-vit\/\" \/>\n<meta property=\"og:site_name\" content=\"TRUUSK - Hem, Tr\u00e4dg\u00e5rd &amp; Fritid\" \/>\n<meta property=\"article:modified_time\" content=\"2026-03-12T07:41:04+00:00\" \/>\n<meta property=\"og:image\" content=\"https:\/\/i0.wp.com\/truusk.se\/wp-content\/uploads\/2025\/06\/sidobord-i-c-form-soffbord-med-hjul-kaffebord-barbar-soffbord-for-sma-omraden-45-x-35-x-58-cm-vit-1.webp?fit=2000%2C2000&ssl=1\" \/>\n\t<meta property=\"og:image:width\" content=\"2000\" \/>\n\t<meta property=\"og:image:height\" content=\"2000\" \/>\n\t<meta property=\"og:image:type\" content=\"image\/webp\" \/>\n<meta name=\"twitter:card\" content=\"summary_large_image\" \/>\n<meta name=\"twitter:label1\" content=\"Ber\u00e4knad l\u00e4stid\" \/>\n\t<meta name=\"twitter:data1\" content=\"1 minut\" \/>\n<!-- \/ Yoast SEO plugin. -->","yoast_head_json":{"title":"TRUUSK Sidobord i C-form - Soffbord med hjul - Kaffebord - B\u00e4rbar - F\u00f6r sm\u00e5 omr\u00e5den - 45 x 35 x 58 cm - Vit - TRUUSK - Hem, Tr\u00e4dg\u00e5rd &amp; Fritid","robots":{"index":"index","follow":"follow","max-snippet":"max-snippet:-1","max-image-preview":"max-image-preview:large","max-video-preview":"max-video-preview:-1"},"canonical":"https:\/\/truusk.store\/sv\/produkt\/truusk-sidobord-i-c-form-soffbord-med-hjul-kaffebord-barbar-for-sma-omraden-45-x-35-x-58-cm-vit\/","og_locale":"sv_SE","og_type":"article","og_title":"TRUUSK Sidobord i C-form - Soffbord med hjul - Kaffebord - B\u00e4rbar - F\u00f6r sm\u00e5 omr\u00e5den - 45 x 35 x 58 cm - Vit - TRUUSK - Hem, Tr\u00e4dg\u00e5rd &amp; Fritid","og_description":"V\u00e5r C-formade sidobord med hjul \u00e4r inte bara praktiskt, utan ocks\u00e5 dekorativt. De f\u00e4sta hjulen g\u00f6r att du enkelt kan...","og_url":"https:\/\/truusk.store\/sv\/produkt\/truusk-sidobord-i-c-form-soffbord-med-hjul-kaffebord-barbar-for-sma-omraden-45-x-35-x-58-cm-vit\/","og_site_name":"TRUUSK - Hem, Tr\u00e4dg\u00e5rd &amp; Fritid","article_modified_time":"2026-03-12T07:41:04+00:00","og_image":[{"width":2000,"height":2000,"url":"https:\/\/i0.wp.com\/truusk.se\/wp-content\/uploads\/2025\/06\/sidobord-i-c-form-soffbord-med-hjul-kaffebord-barbar-soffbord-for-sma-omraden-45-x-35-x-58-cm-vit-1.webp?fit=2000%2C2000&ssl=1","type":"image\/webp"}],"twitter_card":"summary_large_image","twitter_misc":{"Ber\u00e4knad l\u00e4stid":"1 minut"},"schema":{"@context":"https:\/\/schema.org","@graph":[{"@type":"WebPage","@id":"https:\/\/truusk.store\/sv\/produkt\/truusk-sidobord-i-c-form-soffbord-med-hjul-kaffebord-barbar-for-sma-omraden-45-x-35-x-58-cm-vit\/","url":"https:\/\/truusk.store\/sv\/produkt\/truusk-sidobord-i-c-form-soffbord-med-hjul-kaffebord-barbar-for-sma-omraden-45-x-35-x-58-cm-vit\/","name":"TRUUSK Sidobord i C-form - Soffbord med hjul - Kaffebord - B\u00e4rbar - F\u00f6r sm\u00e5 omr\u00e5den - 45 x 35 x 58 cm - Vit - TRUUSK - Hem, Tr\u00e4dg\u00e5rd &amp; Fritid","isPartOf":{"@id":"https:\/\/truusk.store\/sv\/#website"},"primaryImageOfPage":{"@id":"https:\/\/truusk.store\/sv\/produkt\/truusk-sidobord-i-c-form-soffbord-med-hjul-kaffebord-barbar-for-sma-omraden-45-x-35-x-58-cm-vit\/#primaryimage"},"image":{"@id":"https:\/\/truusk.store\/sv\/produkt\/truusk-sidobord-i-c-form-soffbord-med-hjul-kaffebord-barbar-for-sma-omraden-45-x-35-x-58-cm-vit\/#primaryimage"},"thumbnailUrl":"https:\/\/i0.wp.com\/truusk.store\/wp-content\/uploads\/2025\/06\/sidobord-i-c-form-soffbord-med-hjul-kaffebord-barbar-soffbord-for-sma-omraden-45-x-35-x-58-cm-vit-1.webp?fit=2000%2C2000&ssl=1","datePublished":"2025-06-05T14:46:41+00:00","dateModified":"2026-03-12T07:41:04+00:00","breadcrumb":{"@id":"https:\/\/truusk.store\/sv\/produkt\/truusk-sidobord-i-c-form-soffbord-med-hjul-kaffebord-barbar-for-sma-omraden-45-x-35-x-58-cm-vit\/#breadcrumb"},"inLanguage":"sv-SE","potentialAction":[{"@type":"ReadAction","target":["https:\/\/truusk.store\/sv\/produkt\/truusk-sidobord-i-c-form-soffbord-med-hjul-kaffebord-barbar-for-sma-omraden-45-x-35-x-58-cm-vit\/"]}]},{"@type":"ImageObject","inLanguage":"sv-SE","@id":"https:\/\/truusk.store\/sv\/produkt\/truusk-sidobord-i-c-form-soffbord-med-hjul-kaffebord-barbar-for-sma-omraden-45-x-35-x-58-cm-vit\/#primaryimage","url":"https:\/\/i0.wp.com\/truusk.store\/wp-content\/uploads\/2025\/06\/sidobord-i-c-form-soffbord-med-hjul-kaffebord-barbar-soffbord-for-sma-omraden-45-x-35-x-58-cm-vit-1.webp?fit=2000%2C2000&ssl=1","contentUrl":"https:\/\/i0.wp.com\/truusk.store\/wp-content\/uploads\/2025\/06\/sidobord-i-c-form-soffbord-med-hjul-kaffebord-barbar-soffbord-for-sma-omraden-45-x-35-x-58-cm-vit-1.webp?fit=2000%2C2000&ssl=1","width":2000,"height":2000},{"@type":"BreadcrumbList","@id":"https:\/\/truusk.store\/sv\/produkt\/truusk-sidobord-i-c-form-soffbord-med-hjul-kaffebord-barbar-for-sma-omraden-45-x-35-x-58-cm-vit\/#breadcrumb","itemListElement":[{"@type":"ListItem","position":1,"name":"Home","item":"https:\/\/truusk.store\/sv\/"},{"@type":"ListItem","position":2,"name":"Shop","item":"https:\/\/truusk.store\/shop\/"},{"@type":"ListItem","position":3,"name":"TRUUSK Sidobord i C-form &#8211; Soffbord med hjul &#8211; Kaffebord &#8211; B\u00e4rbar &#8211; F\u00f6r sm\u00e5 omr\u00e5den &#8211; 45 x 35 x 58 cm &#8211; Vit"}]},{"@type":"WebSite","@id":"https:\/\/truusk.store\/sv\/#website","url":"https:\/\/truusk.store\/sv\/","name":"TRUUSK - Hem, Tr\u00e4dg\u00e5rd & Fritid","description":"","publisher":{"@id":"https:\/\/truusk.store\/sv\/#organization"},"potentialAction":[{"@type":"SearchAction","target":{"@type":"EntryPoint","urlTemplate":"https:\/\/truusk.store\/sv\/?s={search_term_string}"},"query-input":{"@type":"PropertyValueSpecification","valueRequired":true,"valueName":"search_term_string"}}],"inLanguage":"sv-SE"},{"@type":"Organization","@id":"https:\/\/truusk.store\/sv\/#organization","name":"TRUUSK - Hem, Tr\u00e4dg\u00e5rd & Fritid","url":"https:\/\/truusk.store\/sv\/","logo":{"@type":"ImageObject","inLanguage":"sv-SE","@id":"https:\/\/truusk.store\/sv\/#\/schema\/logo\/image\/","url":"https:\/\/i0.wp.com\/truusk.store\/wp-content\/uploads\/2026\/03\/cropped-TRUUSK.png?fit=2032%2C917&ssl=1","contentUrl":"https:\/\/i0.wp.com\/truusk.store\/wp-content\/uploads\/2026\/03\/cropped-TRUUSK.png?fit=2032%2C917&ssl=1","width":2032,"height":917,"caption":"TRUUSK - Hem, Tr\u00e4dg\u00e5rd & Fritid"},"image":{"@id":"https:\/\/truusk.store\/sv\/#\/schema\/logo\/image\/"}}]}},"jetpack_sharing_enabled":true,"_links":{"self":[{"href":"https:\/\/truusk.store\/sv\/wp-json\/wp\/v2\/product\/68239","targetHints":{"allow":["GET"]}}],"collection":[{"href":"https:\/\/truusk.store\/sv\/wp-json\/wp\/v2\/product"}],"about":[{"href":"https:\/\/truusk.store\/sv\/wp-json\/wp\/v2\/types\/product"}],"wp:featuredmedia":[{"embeddable":true,"href":"https:\/\/truusk.store\/sv\/wp-json\/wp\/v2\/media\/68230"}],"wp:attachment":[{"href":"https:\/\/truusk.store\/sv\/wp-json\/wp\/v2\/media?parent=68239"}],"wp:term":[{"taxonomy":"product_brand","embeddable":true,"href":"https:\/\/truusk.store\/sv\/wp-json\/wp\/v2\/product_brand?post=68239"},{"taxonomy":"product_cat","embeddable":true,"href":"https:\/\/truusk.store\/sv\/wp-json\/wp\/v2\/product_cat?post=68239"},{"taxonomy":"product_tag","embeddable":true,"href":"https:\/\/truusk.store\/sv\/wp-json\/wp\/v2\/product_tag?post=68239"}],"curies":[{"name":"wp","href":"https:\/\/api.w.org\/{rel}","templated":true}]}}