{"id":68249,"date":"2025-06-05T15:47:53","date_gmt":"2025-06-05T14:47:53","guid":{"rendered":"https:\/\/truusk.store\/product\/vaxthus-med-hyllor-fonster-vinterbestandigt-folievaxthus-av-stal-vaggmonterat-vaxthus-for-balkong-tradgard-tomatvaxthus-300x150x213cm-tomatvaxthus-for-gronsaker-blommor-vaxter-gron\/"},"modified":"2026-03-12T09:11:21","modified_gmt":"2026-03-12T08:11:21","slug":"truusk-vaxthus-med-hyllor-och-fonster-vinterbestandigt-folievaxthus-av-stal-vaggmonterat-for-balkong-och-tradgard","status":"publish","type":"product","link":"https:\/\/truusk.store\/sv\/produkt\/truusk-vaxthus-med-hyllor-och-fonster-vinterbestandigt-folievaxthus-av-stal-vaggmonterat-for-balkong-och-tradgard\/","title":{"rendered":"TRUUSK V\u00e4xthus Med Hyllor och F\u00f6nster &#8211; Vinterbest\u00e4ndigt Foliev\u00e4xthus av St\u00e5l &#8211; V\u00e4ggmonterat &#8211; F\u00f6r Balkong och Tr\u00e4dg\u00e5rd &#8211;"},"content":{"rendered":"<p>Det g\u00e5ngbara TRUUSK tr\u00e4dg\u00e5rdsv\u00e4xthuset \u00e4r idealiskt f\u00f6r hobbytr\u00e4dg\u00e5rdsm\u00e4stare. Det skyddar dina v\u00e4xter optimalt och fr\u00e4mjar deras tillv\u00e4xt. Med en stabil ram och plast\u00f6verdrag skyddar v\u00e4xthuset dina v\u00e4xter och gr\u00f6nsaker s\u00e4kert mot v\u00e4derp\u00e5verkan. Ventilationsn\u00e4t p\u00e5 f\u00f6nstren i v\u00e4xthuset s\u00e4kerst\u00e4ller ocks\u00e5 optimal luftcirkulation. Njut av att se dina v\u00e4xter frodas under hela \u00e5ret.<\/p>\n<p>Beskrivning:<\/p>\n<ul>\n<li> L\u00e4mplig f\u00f6r att f\u00f6rl\u00e4nga odlings\u00e4songen och skydda dina v\u00e4xter<\/li>\n<li> Utformad f\u00f6r att placeras p\u00e5 olika platser<\/li>\n<li> F\u00f6rst\u00e4rkt, pulverlackerad st\u00e5lram<\/li>\n<li> UV-resistent plast\u00f6verdrag p\u00e5 v\u00e4xthuset sl\u00e4pper igenom solljus<\/li>\n<li> 3 v\u00e5ningar med 6 tr\u00e5dpaneler i tomatv\u00e4xthuset erbjuder gott om plats f\u00f6r v\u00e4xter<\/li>\n<li> F\u00f6nster med n\u00e4t i tomatv\u00e4xthuset f\u00f6r ventilation<\/li>\n<li> D\u00f6rrar p\u00e5 b\u00e5da sidor<\/li>\n<li> 2 dragkedjed\u00f6rrar<\/li>\n<li> Montering kr\u00e4vs<\/li>\n<\/ul>\n<p> Tekniska data:<\/p>\n<ul>\n<li> F\u00e4rg: Gr\u00f6n<\/li>\n<li> Material: Plast, St\u00e5l<\/li>\n<li> Totala dimensioner: 300L x 150B x 213H cm<\/li>\n<li> F\u00f6nsterstorlek: 35B x 35H cm<\/li>\n<li> D\u00f6rrstorlek: 123B x 195H cm<\/li>\n<li> Gallerpanelstorlek: 87L x 28,5B cm<\/li>\n<li> Belastningskapacitet: 10 kg (varje gallerpanel)<\/li>\n<li> Vindt\u00e5lig: Niv\u00e5 4 (vindhastighet under 28 km\/h)<\/li>\n<li> Obs: Inte l\u00e4mplig f\u00f6r extrema v\u00e4derf\u00f6rh\u00e5llanden<\/li>\n<\/ul>\n<p>Leveransinneh\u00e5ll:<\/p>\n<ul>\n<li> 1 x Tunnelv\u00e4xthus<\/li>\n<li> 1 x Bruksanvisning<\/li>\n<li> 4 x Markankare<\/li>\n<li> 4 x F\u00f6rankringslinor<\/li>\n<\/ul>\n","protected":false},"excerpt":{"rendered":"<p>Det g\u00e5ngbara TRUUSK tr\u00e4dg\u00e5rdsv\u00e4xthuset \u00e4r idealiskt f\u00f6r hobbytr\u00e4dg\u00e5rdsm\u00e4stare. Det skyddar dina v\u00e4xter optimalt och fr\u00e4mjar deras tillv\u00e4xt. Med en stabil&#8230;<\/p>\n","protected":false},"featured_media":68240,"template":"","meta":[],"product_brand":[],"product_cat":[923,858,443],"product_tag":[],"class_list":{"0":"post-68249","1":"product","2":"type-product","3":"status-publish","4":"has-post-thumbnail","6":"product_cat-plastfilm-vaxthus","7":"product_cat-tradgard-terrass","8":"product_cat-vaxthus-tradgardsskotsel","10":"first","11":"instock","12":"sale","13":"taxable","14":"shipping-taxable","15":"purchasable","16":"product-type-simple"},"yoast_head":"<!-- This site is optimized with the Yoast SEO plugin v25.4 - https:\/\/yoast.com\/wordpress\/plugins\/seo\/ -->\n<title>TRUUSK V\u00e4xthus Med Hyllor och F\u00f6nster - Vinterbest\u00e4ndigt Foliev\u00e4xthus av St\u00e5l - V\u00e4ggmonterat - F\u00f6r Balkong och Tr\u00e4dg\u00e5rd - TRUUSK - Hem, Tr\u00e4dg\u00e5rd &amp; Fritid<\/title>\n<meta name=\"robots\" content=\"index, follow, max-snippet:-1, max-image-preview:large, max-video-preview:-1\" \/>\n<link rel=\"canonical\" href=\"https:\/\/truusk.store\/sv\/produkt\/truusk-vaxthus-med-hyllor-och-fonster-vinterbestandigt-folievaxthus-av-stal-vaggmonterat-for-balkong-och-tradgard\/\" \/>\n<meta property=\"og:locale\" content=\"sv_SE\" \/>\n<meta property=\"og:type\" content=\"article\" \/>\n<meta property=\"og:title\" content=\"TRUUSK V\u00e4xthus Med Hyllor och F\u00f6nster - Vinterbest\u00e4ndigt Foliev\u00e4xthus av St\u00e5l - V\u00e4ggmonterat - F\u00f6r Balkong och Tr\u00e4dg\u00e5rd - TRUUSK - Hem, Tr\u00e4dg\u00e5rd &amp; Fritid\" \/>\n<meta property=\"og:description\" content=\"Det g\u00e5ngbara TRUUSK tr\u00e4dg\u00e5rdsv\u00e4xthuset \u00e4r idealiskt f\u00f6r hobbytr\u00e4dg\u00e5rdsm\u00e4stare. Det skyddar dina v\u00e4xter optimalt och fr\u00e4mjar deras tillv\u00e4xt. Med en stabil...\" \/>\n<meta property=\"og:url\" content=\"https:\/\/truusk.store\/sv\/produkt\/truusk-vaxthus-med-hyllor-och-fonster-vinterbestandigt-folievaxthus-av-stal-vaggmonterat-for-balkong-och-tradgard\/\" \/>\n<meta property=\"og:site_name\" content=\"TRUUSK - Hem, Tr\u00e4dg\u00e5rd &amp; Fritid\" \/>\n<meta property=\"article:modified_time\" content=\"2026-03-12T08:11:21+00:00\" \/>\n<meta property=\"og:image\" content=\"https:\/\/i0.wp.com\/truusk.se\/wp-content\/uploads\/2025\/06\/vaxthus-med-hyllor-fonster-vinterbestandigt-folievaxthus-av-stal-vaggmonterat-vaxthus-for-balkong-tradgard-tomatvaxthus-300x150x213cm-tomatvaxthus-for-gronsaker-blommor-vaxter-gron-1.webp?fit=2000%2C2000&ssl=1\" \/>\n\t<meta property=\"og:image:width\" content=\"2000\" \/>\n\t<meta property=\"og:image:height\" content=\"2000\" \/>\n\t<meta property=\"og:image:type\" content=\"image\/webp\" \/>\n<meta name=\"twitter:card\" content=\"summary_large_image\" \/>\n<meta name=\"twitter:label1\" content=\"Ber\u00e4knad l\u00e4stid\" \/>\n\t<meta name=\"twitter:data1\" content=\"1 minut\" \/>\n<!-- \/ Yoast SEO plugin. -->","yoast_head_json":{"title":"TRUUSK V\u00e4xthus Med Hyllor och F\u00f6nster - Vinterbest\u00e4ndigt Foliev\u00e4xthus av St\u00e5l - V\u00e4ggmonterat - F\u00f6r Balkong och Tr\u00e4dg\u00e5rd - TRUUSK - Hem, Tr\u00e4dg\u00e5rd &amp; Fritid","robots":{"index":"index","follow":"follow","max-snippet":"max-snippet:-1","max-image-preview":"max-image-preview:large","max-video-preview":"max-video-preview:-1"},"canonical":"https:\/\/truusk.store\/sv\/produkt\/truusk-vaxthus-med-hyllor-och-fonster-vinterbestandigt-folievaxthus-av-stal-vaggmonterat-for-balkong-och-tradgard\/","og_locale":"sv_SE","og_type":"article","og_title":"TRUUSK V\u00e4xthus Med Hyllor och F\u00f6nster - Vinterbest\u00e4ndigt Foliev\u00e4xthus av St\u00e5l - V\u00e4ggmonterat - F\u00f6r Balkong och Tr\u00e4dg\u00e5rd - TRUUSK - Hem, Tr\u00e4dg\u00e5rd &amp; Fritid","og_description":"Det g\u00e5ngbara TRUUSK tr\u00e4dg\u00e5rdsv\u00e4xthuset \u00e4r idealiskt f\u00f6r hobbytr\u00e4dg\u00e5rdsm\u00e4stare. Det skyddar dina v\u00e4xter optimalt och fr\u00e4mjar deras tillv\u00e4xt. Med en stabil...","og_url":"https:\/\/truusk.store\/sv\/produkt\/truusk-vaxthus-med-hyllor-och-fonster-vinterbestandigt-folievaxthus-av-stal-vaggmonterat-for-balkong-och-tradgard\/","og_site_name":"TRUUSK - Hem, Tr\u00e4dg\u00e5rd &amp; Fritid","article_modified_time":"2026-03-12T08:11:21+00:00","og_image":[{"width":2000,"height":2000,"url":"https:\/\/i0.wp.com\/truusk.se\/wp-content\/uploads\/2025\/06\/vaxthus-med-hyllor-fonster-vinterbestandigt-folievaxthus-av-stal-vaggmonterat-vaxthus-for-balkong-tradgard-tomatvaxthus-300x150x213cm-tomatvaxthus-for-gronsaker-blommor-vaxter-gron-1.webp?fit=2000%2C2000&ssl=1","type":"image\/webp"}],"twitter_card":"summary_large_image","twitter_misc":{"Ber\u00e4knad l\u00e4stid":"1 minut"},"schema":{"@context":"https:\/\/schema.org","@graph":[{"@type":"WebPage","@id":"https:\/\/truusk.store\/sv\/produkt\/truusk-vaxthus-med-hyllor-och-fonster-vinterbestandigt-folievaxthus-av-stal-vaggmonterat-for-balkong-och-tradgard\/","url":"https:\/\/truusk.store\/sv\/produkt\/truusk-vaxthus-med-hyllor-och-fonster-vinterbestandigt-folievaxthus-av-stal-vaggmonterat-for-balkong-och-tradgard\/","name":"TRUUSK V\u00e4xthus Med Hyllor och F\u00f6nster - Vinterbest\u00e4ndigt Foliev\u00e4xthus av St\u00e5l - V\u00e4ggmonterat - F\u00f6r Balkong och Tr\u00e4dg\u00e5rd - TRUUSK - Hem, Tr\u00e4dg\u00e5rd &amp; Fritid","isPartOf":{"@id":"https:\/\/truusk.store\/sv\/#website"},"primaryImageOfPage":{"@id":"https:\/\/truusk.store\/sv\/produkt\/truusk-vaxthus-med-hyllor-och-fonster-vinterbestandigt-folievaxthus-av-stal-vaggmonterat-for-balkong-och-tradgard\/#primaryimage"},"image":{"@id":"https:\/\/truusk.store\/sv\/produkt\/truusk-vaxthus-med-hyllor-och-fonster-vinterbestandigt-folievaxthus-av-stal-vaggmonterat-for-balkong-och-tradgard\/#primaryimage"},"thumbnailUrl":"https:\/\/i0.wp.com\/truusk.store\/wp-content\/uploads\/2025\/06\/vaxthus-med-hyllor-fonster-vinterbestandigt-folievaxthus-av-stal-vaggmonterat-vaxthus-for-balkong-tradgard-tomatvaxthus-300x150x213cm-tomatvaxthus-for-gronsaker-blommor-vaxter-gron-1.webp?fit=2000%2C2000&ssl=1","datePublished":"2025-06-05T14:47:53+00:00","dateModified":"2026-03-12T08:11:21+00:00","breadcrumb":{"@id":"https:\/\/truusk.store\/sv\/produkt\/truusk-vaxthus-med-hyllor-och-fonster-vinterbestandigt-folievaxthus-av-stal-vaggmonterat-for-balkong-och-tradgard\/#breadcrumb"},"inLanguage":"sv-SE","potentialAction":[{"@type":"ReadAction","target":["https:\/\/truusk.store\/sv\/produkt\/truusk-vaxthus-med-hyllor-och-fonster-vinterbestandigt-folievaxthus-av-stal-vaggmonterat-for-balkong-och-tradgard\/"]}]},{"@type":"ImageObject","inLanguage":"sv-SE","@id":"https:\/\/truusk.store\/sv\/produkt\/truusk-vaxthus-med-hyllor-och-fonster-vinterbestandigt-folievaxthus-av-stal-vaggmonterat-for-balkong-och-tradgard\/#primaryimage","url":"https:\/\/i0.wp.com\/truusk.store\/wp-content\/uploads\/2025\/06\/vaxthus-med-hyllor-fonster-vinterbestandigt-folievaxthus-av-stal-vaggmonterat-vaxthus-for-balkong-tradgard-tomatvaxthus-300x150x213cm-tomatvaxthus-for-gronsaker-blommor-vaxter-gron-1.webp?fit=2000%2C2000&ssl=1","contentUrl":"https:\/\/i0.wp.com\/truusk.store\/wp-content\/uploads\/2025\/06\/vaxthus-med-hyllor-fonster-vinterbestandigt-folievaxthus-av-stal-vaggmonterat-vaxthus-for-balkong-tradgard-tomatvaxthus-300x150x213cm-tomatvaxthus-for-gronsaker-blommor-vaxter-gron-1.webp?fit=2000%2C2000&ssl=1","width":2000,"height":2000},{"@type":"BreadcrumbList","@id":"https:\/\/truusk.store\/sv\/produkt\/truusk-vaxthus-med-hyllor-och-fonster-vinterbestandigt-folievaxthus-av-stal-vaggmonterat-for-balkong-och-tradgard\/#breadcrumb","itemListElement":[{"@type":"ListItem","position":1,"name":"Home","item":"https:\/\/truusk.store\/sv\/"},{"@type":"ListItem","position":2,"name":"Shop","item":"https:\/\/truusk.store\/shop\/"},{"@type":"ListItem","position":3,"name":"TRUUSK V\u00e4xthus Med Hyllor och F\u00f6nster &#8211; Vinterbest\u00e4ndigt Foliev\u00e4xthus av St\u00e5l &#8211; V\u00e4ggmonterat &#8211; F\u00f6r Balkong och Tr\u00e4dg\u00e5rd &#8211;"}]},{"@type":"WebSite","@id":"https:\/\/truusk.store\/sv\/#website","url":"https:\/\/truusk.store\/sv\/","name":"TRUUSK - Hem, Tr\u00e4dg\u00e5rd & Fritid","description":"","publisher":{"@id":"https:\/\/truusk.store\/sv\/#organization"},"potentialAction":[{"@type":"SearchAction","target":{"@type":"EntryPoint","urlTemplate":"https:\/\/truusk.store\/sv\/?s={search_term_string}"},"query-input":{"@type":"PropertyValueSpecification","valueRequired":true,"valueName":"search_term_string"}}],"inLanguage":"sv-SE"},{"@type":"Organization","@id":"https:\/\/truusk.store\/sv\/#organization","name":"TRUUSK - Hem, Tr\u00e4dg\u00e5rd & Fritid","url":"https:\/\/truusk.store\/sv\/","logo":{"@type":"ImageObject","inLanguage":"sv-SE","@id":"https:\/\/truusk.store\/sv\/#\/schema\/logo\/image\/","url":"https:\/\/i0.wp.com\/truusk.store\/wp-content\/uploads\/2026\/03\/cropped-TRUUSK.png?fit=2032%2C917&ssl=1","contentUrl":"https:\/\/i0.wp.com\/truusk.store\/wp-content\/uploads\/2026\/03\/cropped-TRUUSK.png?fit=2032%2C917&ssl=1","width":2032,"height":917,"caption":"TRUUSK - Hem, Tr\u00e4dg\u00e5rd & Fritid"},"image":{"@id":"https:\/\/truusk.store\/sv\/#\/schema\/logo\/image\/"}}]}},"jetpack_sharing_enabled":true,"_links":{"self":[{"href":"https:\/\/truusk.store\/sv\/wp-json\/wp\/v2\/product\/68249","targetHints":{"allow":["GET"]}}],"collection":[{"href":"https:\/\/truusk.store\/sv\/wp-json\/wp\/v2\/product"}],"about":[{"href":"https:\/\/truusk.store\/sv\/wp-json\/wp\/v2\/types\/product"}],"wp:featuredmedia":[{"embeddable":true,"href":"https:\/\/truusk.store\/sv\/wp-json\/wp\/v2\/media\/68240"}],"wp:attachment":[{"href":"https:\/\/truusk.store\/sv\/wp-json\/wp\/v2\/media?parent=68249"}],"wp:term":[{"taxonomy":"product_brand","embeddable":true,"href":"https:\/\/truusk.store\/sv\/wp-json\/wp\/v2\/product_brand?post=68249"},{"taxonomy":"product_cat","embeddable":true,"href":"https:\/\/truusk.store\/sv\/wp-json\/wp\/v2\/product_cat?post=68249"},{"taxonomy":"product_tag","embeddable":true,"href":"https:\/\/truusk.store\/sv\/wp-json\/wp\/v2\/product_tag?post=68249"}],"curies":[{"name":"wp","href":"https:\/\/api.w.org\/{rel}","templated":true}]}}