{"id":68259,"date":"2025-06-05T15:48:51","date_gmt":"2025-06-05T14:48:51","guid":{"rendered":"https:\/\/truusk.store\/product\/paviljong-ca-3x3m-vattenavvisande-stabil-vinterbestandig-pop-up-fallpaviljong-med-2-sidovaggar-uv-skydd-30-hopfallbart-partytalt-tradgardstalt-med-vaska-tradgardspaviljong-for-camping-tradgard\/"},"modified":"2026-03-12T09:18:35","modified_gmt":"2026-03-12T08:18:35","slug":"truusk-pop-up-paviljong-3x3m-vattenavvisande-vinterbestandig-2-sidovaggar-uv-skydd-30-hopfallbar-partytalt-med-vaska","status":"publish","type":"product","link":"https:\/\/truusk.store\/sv\/produkt\/truusk-pop-up-paviljong-3x3m-vattenavvisande-vinterbestandig-2-sidovaggar-uv-skydd-30-hopfallbar-partytalt-med-vaska\/","title":{"rendered":"TRUUSK Pop-up Paviljong 3x3m &#8211; Vattenavvisande &#8211; Vinterbest\u00e4ndig &#8211; 2 Sidov\u00e4ggar &#8211; UV-skydd 30+ &#8211; Hopf\u00e4llbar &#8211; Partyt\u00e4lt Med V\u00e4ska"},"content":{"rendered":"<p>Oavsett om det \u00e4r f\u00f6r en campingresa, en grillfest eller bara som skydd f\u00f6r dina tr\u00e4dg\u00e5rdsm\u00f6bler: Denna hopf\u00e4llbara paviljong med sidov\u00e4ggar fr\u00e5n TRUUSK kan s\u00e4ttas upp p\u00e5 n\u00e5gra f\u00e5 steg. Pop-up paviljongen levereras ocks\u00e5 med en b\u00e4rv\u00e4ska s\u00e5 att du enkelt kan ta med den \u00f6verallt. Det robusta t\u00e4ltduken erbjuder UV-skydd p\u00e5 30+, s\u00e5 att du och din familj \u00e4r skyddade fr\u00e5n solen. Flera dr\u00e4neringsh\u00e5l l\u00e5ter ocks\u00e5 regnvatten rinna av.<\/p>\n<p>Beskrivning:<\/p>\n<ul>\n<li> Tack vare f\u00e4llkonstruktionen kan denna paviljong s\u00e4ttas upp och tas ner p\u00e5 n\u00e5gra minuter<\/li>\n<li> Tv\u00e5 avtagbara v\u00e4ggar p\u00e5 f\u00e4llpaviljongen f\u00f6r skydd mot vind och regn och som insynsskydd<\/li>\n<li> Tr\u00e4dg\u00e5rdspaviljongens tre-stegs justerbara ben m\u00f6jligg\u00f6r snabb h\u00f6jdjustering<\/li>\n<li> Utrustad med en praktisk b\u00e4rv\u00e4ska f\u00f6r enkel transport<\/li>\n<li> Sp\u00e4nnlinor, markpinnar och sands\u00e4ckar f\u00f6r extra stabilitet<\/li>\n<li> Montering kr\u00e4vs<\/li>\n<\/ul>\n<p> Tekniska data:<\/p>\n<ul>\n<li> F\u00e4rg: Gr\u00f6n<\/li>\n<li> Material: St\u00e5l, Oxfordtyg (100% polyester)<\/li>\n<li> Totala m\u00e5tt: 297L x 297B x 288H cm<\/li>\n<li> St\u00f6davst\u00e5nd: 291L x 291B cm<\/li>\n<li> M\u00e5tt per v\u00e4gg: 297B x 197H cm<\/li>\n<li> M\u00e5tt per sands\u00e4ck: 33L x 38B cm<\/li>\n<li> Hopf\u00e4llda m\u00e5tt: 115L x 18B x 18H cm<\/li>\n<li> Takfotsh\u00f6jd: 210 cm<\/li>\n<li> Obs: L\u00e4mna aldrig ditt skydd obevakat. Ta ner det vid hotande ov\u00e4der. Anv\u00e4nd alltid b\u00e5de de medf\u00f6ljande markpinnarna och sp\u00e4nnlinorna n\u00e4r du s\u00e4tter upp din paviljong<\/li>\n<\/ul>\n<p>Leveransinneh\u00e5ll:<\/p>\n<ul>\n<li> 1 x Hopf\u00e4llbar paviljong<\/li>\n<li> 4 x Sands\u00e4ck<\/li>\n<li> 4 x Sp\u00e4nnlina<\/li>\n<li> 12 x Markpinne<\/li>\n<li> 1 x B\u00e4rv\u00e4ska<\/li>\n<li> 1 x Instruktioner<\/li>\n<\/ul>\n","protected":false},"excerpt":{"rendered":"<p>Oavsett om det \u00e4r f\u00f6r en campingresa, en grillfest eller bara som skydd f\u00f6r dina tr\u00e4dg\u00e5rdsm\u00f6bler: Denna hopf\u00e4llbara paviljong med&#8230;<\/p>\n","protected":false},"featured_media":68250,"template":"","meta":[],"product_brand":[],"product_cat":[477,858,476],"product_tag":[],"class_list":{"0":"post-68259","1":"product","2":"type-product","3":"status-publish","4":"has-post-thumbnail","6":"product_cat-paviljonger-partytalt","7":"product_cat-tradgard-terrass","8":"product_cat-tradgardspaviljonger","10":"first","11":"instock","12":"sale","13":"taxable","14":"shipping-taxable","15":"purchasable","16":"product-type-simple"},"yoast_head":"<!-- This site is optimized with the Yoast SEO plugin v25.4 - https:\/\/yoast.com\/wordpress\/plugins\/seo\/ -->\n<title>TRUUSK Pop-up Paviljong 3x3m - Vattenavvisande - Vinterbest\u00e4ndig - 2 Sidov\u00e4ggar - UV-skydd 30+ - Hopf\u00e4llbar - Partyt\u00e4lt Med V\u00e4ska - TRUUSK - Hem, Tr\u00e4dg\u00e5rd &amp; Fritid<\/title>\n<meta name=\"robots\" content=\"index, follow, max-snippet:-1, max-image-preview:large, max-video-preview:-1\" \/>\n<link rel=\"canonical\" href=\"https:\/\/truusk.store\/sv\/produkt\/truusk-pop-up-paviljong-3x3m-vattenavvisande-vinterbestandig-2-sidovaggar-uv-skydd-30-hopfallbar-partytalt-med-vaska\/\" \/>\n<meta property=\"og:locale\" content=\"sv_SE\" \/>\n<meta property=\"og:type\" content=\"article\" \/>\n<meta property=\"og:title\" content=\"TRUUSK Pop-up Paviljong 3x3m - Vattenavvisande - Vinterbest\u00e4ndig - 2 Sidov\u00e4ggar - UV-skydd 30+ - Hopf\u00e4llbar - Partyt\u00e4lt Med V\u00e4ska - TRUUSK - Hem, Tr\u00e4dg\u00e5rd &amp; Fritid\" \/>\n<meta property=\"og:description\" content=\"Oavsett om det \u00e4r f\u00f6r en campingresa, en grillfest eller bara som skydd f\u00f6r dina tr\u00e4dg\u00e5rdsm\u00f6bler: Denna hopf\u00e4llbara paviljong med...\" \/>\n<meta property=\"og:url\" content=\"https:\/\/truusk.store\/sv\/produkt\/truusk-pop-up-paviljong-3x3m-vattenavvisande-vinterbestandig-2-sidovaggar-uv-skydd-30-hopfallbar-partytalt-med-vaska\/\" \/>\n<meta property=\"og:site_name\" content=\"TRUUSK - Hem, Tr\u00e4dg\u00e5rd &amp; Fritid\" \/>\n<meta property=\"article:modified_time\" content=\"2026-03-12T08:18:35+00:00\" \/>\n<meta property=\"og:image\" content=\"https:\/\/i0.wp.com\/truusk.se\/wp-content\/uploads\/2025\/06\/paviljong-ca-3x3m-vattenavvisande-stabil-vinterbestandig-pop-up-fallpaviljong-med-2-sidovaggar-uv-skydd-30-hopfallbart-partytalt-tradgardstalt-med-vaska-tradgardspaviljong-for-camping-tradgard-1.webp?fit=2000%2C2000&ssl=1\" \/>\n\t<meta property=\"og:image:width\" content=\"2000\" \/>\n\t<meta property=\"og:image:height\" content=\"2000\" \/>\n\t<meta property=\"og:image:type\" content=\"image\/webp\" \/>\n<meta name=\"twitter:card\" content=\"summary_large_image\" \/>\n<meta name=\"twitter:label1\" content=\"Ber\u00e4knad l\u00e4stid\" \/>\n\t<meta name=\"twitter:data1\" content=\"1 minut\" \/>\n<!-- \/ Yoast SEO plugin. -->","yoast_head_json":{"title":"TRUUSK Pop-up Paviljong 3x3m - Vattenavvisande - Vinterbest\u00e4ndig - 2 Sidov\u00e4ggar - UV-skydd 30+ - Hopf\u00e4llbar - Partyt\u00e4lt Med V\u00e4ska - TRUUSK - Hem, Tr\u00e4dg\u00e5rd &amp; Fritid","robots":{"index":"index","follow":"follow","max-snippet":"max-snippet:-1","max-image-preview":"max-image-preview:large","max-video-preview":"max-video-preview:-1"},"canonical":"https:\/\/truusk.store\/sv\/produkt\/truusk-pop-up-paviljong-3x3m-vattenavvisande-vinterbestandig-2-sidovaggar-uv-skydd-30-hopfallbar-partytalt-med-vaska\/","og_locale":"sv_SE","og_type":"article","og_title":"TRUUSK Pop-up Paviljong 3x3m - Vattenavvisande - Vinterbest\u00e4ndig - 2 Sidov\u00e4ggar - UV-skydd 30+ - Hopf\u00e4llbar - Partyt\u00e4lt Med V\u00e4ska - TRUUSK - Hem, Tr\u00e4dg\u00e5rd &amp; Fritid","og_description":"Oavsett om det \u00e4r f\u00f6r en campingresa, en grillfest eller bara som skydd f\u00f6r dina tr\u00e4dg\u00e5rdsm\u00f6bler: Denna hopf\u00e4llbara paviljong med...","og_url":"https:\/\/truusk.store\/sv\/produkt\/truusk-pop-up-paviljong-3x3m-vattenavvisande-vinterbestandig-2-sidovaggar-uv-skydd-30-hopfallbar-partytalt-med-vaska\/","og_site_name":"TRUUSK - Hem, Tr\u00e4dg\u00e5rd &amp; Fritid","article_modified_time":"2026-03-12T08:18:35+00:00","og_image":[{"width":2000,"height":2000,"url":"https:\/\/i0.wp.com\/truusk.se\/wp-content\/uploads\/2025\/06\/paviljong-ca-3x3m-vattenavvisande-stabil-vinterbestandig-pop-up-fallpaviljong-med-2-sidovaggar-uv-skydd-30-hopfallbart-partytalt-tradgardstalt-med-vaska-tradgardspaviljong-for-camping-tradgard-1.webp?fit=2000%2C2000&ssl=1","type":"image\/webp"}],"twitter_card":"summary_large_image","twitter_misc":{"Ber\u00e4knad l\u00e4stid":"1 minut"},"schema":{"@context":"https:\/\/schema.org","@graph":[{"@type":"WebPage","@id":"https:\/\/truusk.store\/sv\/produkt\/truusk-pop-up-paviljong-3x3m-vattenavvisande-vinterbestandig-2-sidovaggar-uv-skydd-30-hopfallbar-partytalt-med-vaska\/","url":"https:\/\/truusk.store\/sv\/produkt\/truusk-pop-up-paviljong-3x3m-vattenavvisande-vinterbestandig-2-sidovaggar-uv-skydd-30-hopfallbar-partytalt-med-vaska\/","name":"TRUUSK Pop-up Paviljong 3x3m - Vattenavvisande - Vinterbest\u00e4ndig - 2 Sidov\u00e4ggar - UV-skydd 30+ - Hopf\u00e4llbar - Partyt\u00e4lt Med V\u00e4ska - TRUUSK - Hem, Tr\u00e4dg\u00e5rd &amp; Fritid","isPartOf":{"@id":"https:\/\/truusk.store\/sv\/#website"},"primaryImageOfPage":{"@id":"https:\/\/truusk.store\/sv\/produkt\/truusk-pop-up-paviljong-3x3m-vattenavvisande-vinterbestandig-2-sidovaggar-uv-skydd-30-hopfallbar-partytalt-med-vaska\/#primaryimage"},"image":{"@id":"https:\/\/truusk.store\/sv\/produkt\/truusk-pop-up-paviljong-3x3m-vattenavvisande-vinterbestandig-2-sidovaggar-uv-skydd-30-hopfallbar-partytalt-med-vaska\/#primaryimage"},"thumbnailUrl":"https:\/\/i0.wp.com\/truusk.store\/wp-content\/uploads\/2025\/06\/paviljong-ca-3x3m-vattenavvisande-stabil-vinterbestandig-pop-up-fallpaviljong-med-2-sidovaggar-uv-skydd-30-hopfallbart-partytalt-tradgardstalt-med-vaska-tradgardspaviljong-for-camping-tradgard-1.webp?fit=2000%2C2000&ssl=1","datePublished":"2025-06-05T14:48:51+00:00","dateModified":"2026-03-12T08:18:35+00:00","breadcrumb":{"@id":"https:\/\/truusk.store\/sv\/produkt\/truusk-pop-up-paviljong-3x3m-vattenavvisande-vinterbestandig-2-sidovaggar-uv-skydd-30-hopfallbar-partytalt-med-vaska\/#breadcrumb"},"inLanguage":"sv-SE","potentialAction":[{"@type":"ReadAction","target":["https:\/\/truusk.store\/sv\/produkt\/truusk-pop-up-paviljong-3x3m-vattenavvisande-vinterbestandig-2-sidovaggar-uv-skydd-30-hopfallbar-partytalt-med-vaska\/"]}]},{"@type":"ImageObject","inLanguage":"sv-SE","@id":"https:\/\/truusk.store\/sv\/produkt\/truusk-pop-up-paviljong-3x3m-vattenavvisande-vinterbestandig-2-sidovaggar-uv-skydd-30-hopfallbar-partytalt-med-vaska\/#primaryimage","url":"https:\/\/i0.wp.com\/truusk.store\/wp-content\/uploads\/2025\/06\/paviljong-ca-3x3m-vattenavvisande-stabil-vinterbestandig-pop-up-fallpaviljong-med-2-sidovaggar-uv-skydd-30-hopfallbart-partytalt-tradgardstalt-med-vaska-tradgardspaviljong-for-camping-tradgard-1.webp?fit=2000%2C2000&ssl=1","contentUrl":"https:\/\/i0.wp.com\/truusk.store\/wp-content\/uploads\/2025\/06\/paviljong-ca-3x3m-vattenavvisande-stabil-vinterbestandig-pop-up-fallpaviljong-med-2-sidovaggar-uv-skydd-30-hopfallbart-partytalt-tradgardstalt-med-vaska-tradgardspaviljong-for-camping-tradgard-1.webp?fit=2000%2C2000&ssl=1","width":2000,"height":2000},{"@type":"BreadcrumbList","@id":"https:\/\/truusk.store\/sv\/produkt\/truusk-pop-up-paviljong-3x3m-vattenavvisande-vinterbestandig-2-sidovaggar-uv-skydd-30-hopfallbar-partytalt-med-vaska\/#breadcrumb","itemListElement":[{"@type":"ListItem","position":1,"name":"Home","item":"https:\/\/truusk.store\/sv\/"},{"@type":"ListItem","position":2,"name":"Shop","item":"https:\/\/truusk.store\/shop\/"},{"@type":"ListItem","position":3,"name":"TRUUSK Pop-up Paviljong 3x3m &#8211; Vattenavvisande &#8211; Vinterbest\u00e4ndig &#8211; 2 Sidov\u00e4ggar &#8211; UV-skydd 30+ &#8211; Hopf\u00e4llbar &#8211; Partyt\u00e4lt Med V\u00e4ska"}]},{"@type":"WebSite","@id":"https:\/\/truusk.store\/sv\/#website","url":"https:\/\/truusk.store\/sv\/","name":"TRUUSK - Hem, Tr\u00e4dg\u00e5rd & Fritid","description":"","publisher":{"@id":"https:\/\/truusk.store\/sv\/#organization"},"potentialAction":[{"@type":"SearchAction","target":{"@type":"EntryPoint","urlTemplate":"https:\/\/truusk.store\/sv\/?s={search_term_string}"},"query-input":{"@type":"PropertyValueSpecification","valueRequired":true,"valueName":"search_term_string"}}],"inLanguage":"sv-SE"},{"@type":"Organization","@id":"https:\/\/truusk.store\/sv\/#organization","name":"TRUUSK - Hem, Tr\u00e4dg\u00e5rd & Fritid","url":"https:\/\/truusk.store\/sv\/","logo":{"@type":"ImageObject","inLanguage":"sv-SE","@id":"https:\/\/truusk.store\/sv\/#\/schema\/logo\/image\/","url":"https:\/\/i0.wp.com\/truusk.store\/wp-content\/uploads\/2026\/03\/cropped-TRUUSK.png?fit=2032%2C917&ssl=1","contentUrl":"https:\/\/i0.wp.com\/truusk.store\/wp-content\/uploads\/2026\/03\/cropped-TRUUSK.png?fit=2032%2C917&ssl=1","width":2032,"height":917,"caption":"TRUUSK - Hem, Tr\u00e4dg\u00e5rd & Fritid"},"image":{"@id":"https:\/\/truusk.store\/sv\/#\/schema\/logo\/image\/"}}]}},"jetpack_sharing_enabled":true,"_links":{"self":[{"href":"https:\/\/truusk.store\/sv\/wp-json\/wp\/v2\/product\/68259","targetHints":{"allow":["GET"]}}],"collection":[{"href":"https:\/\/truusk.store\/sv\/wp-json\/wp\/v2\/product"}],"about":[{"href":"https:\/\/truusk.store\/sv\/wp-json\/wp\/v2\/types\/product"}],"wp:featuredmedia":[{"embeddable":true,"href":"https:\/\/truusk.store\/sv\/wp-json\/wp\/v2\/media\/68250"}],"wp:attachment":[{"href":"https:\/\/truusk.store\/sv\/wp-json\/wp\/v2\/media?parent=68259"}],"wp:term":[{"taxonomy":"product_brand","embeddable":true,"href":"https:\/\/truusk.store\/sv\/wp-json\/wp\/v2\/product_brand?post=68259"},{"taxonomy":"product_cat","embeddable":true,"href":"https:\/\/truusk.store\/sv\/wp-json\/wp\/v2\/product_cat?post=68259"},{"taxonomy":"product_tag","embeddable":true,"href":"https:\/\/truusk.store\/sv\/wp-json\/wp\/v2\/product_tag?post=68259"}],"curies":[{"name":"wp","href":"https:\/\/api.w.org\/{rel}","templated":true}]}}