{"id":68299,"date":"2025-06-05T15:52:47","date_gmt":"2025-06-05T14:52:47","guid":{"rendered":"https:\/\/truusk.store\/product\/2-delat-set-med-soffbord-sidobord-kaffebord-i-olika-former-multifunktionellt-elegant-enkelt-med-metallfot-svart-brun\/"},"modified":"2026-03-12T08:41:05","modified_gmt":"2026-03-12T07:41:05","slug":"truusk-2-delat-set-med-soffbord-sidobord-kaffebord-multifunktionellt-elegant-design-metallfot-svart-brun","status":"publish","type":"product","link":"https:\/\/truusk.store\/sv\/produkt\/truusk-2-delat-set-med-soffbord-sidobord-kaffebord-multifunktionellt-elegant-design-metallfot-svart-brun\/","title":{"rendered":"TRUUSK 2-delat Set Med Soffbord, Sidobord, Kaffebord &#8211; Multifunktionellt &#8211; Elegant Design &#8211; Metallfot &#8211; Svart + Brun"},"content":{"rendered":"<p>Inf\u00f6r modern stil i ditt hem med TRUUSK soffbordssats. Satsen kan anv\u00e4ndas separat som sidobord i sovrummet och som l\u00e4sbord i arbetsrummet, eller kombinerat som soffbord i vardagsrummet. Soffbordets konstruktion av MDF-skiva och metall \u00e4r h\u00e5llbar och s\u00e4kerst\u00e4ller att du kommer att ha gl\u00e4dje av denna upps\u00e4ttning under l\u00e5ng tid.<\/p>\n<p>Beskrivning:<\/p>\n<ul>\n<li> Elegant och enkel stil passar till alla heminredningar. Perfekt att anv\u00e4nda som soffbord, snacksbord, sidobord, l\u00e4sbord och mer<\/li>\n<li> 2-delad soffbordssats kan anv\u00e4ndas separat eller tillsammans<\/li>\n<li> L\u00e4tt och kompakt design, enkel att flytta och b\u00e4ra<\/li>\n<li> Vardagsrumsbordet \u00e4r tillverkat av tjocka, stabila MDF-skivor och metall<\/li>\n<li> Det mindre soffbordet kan f\u00f6rvaras platsbesparande inuti det st\u00f6rre bordet<\/li>\n<\/ul>\n<p> Tekniska data:<\/p>\n<ul>\n<li> F\u00e4rg: Svart+brun<\/li>\n<li> Material: MDF, metall<\/li>\n<li> Stort soffbord: 90B x 48T x 42H cm<\/li>\n<li> Mindre soffbord: 59B x 42T x 36H cm<\/li>\n<li> B\u00e4rkapacitet: 15 kg<\/li>\n<\/ul>\n<p>Leveransinneh\u00e5ll:<\/p>\n<ul>\n<li> 1 x Mindre bord<\/li>\n<li> 1 x St\u00f6rre bord<\/li>\n<li> 1 x Instruktioner<\/li>\n<\/ul>\n","protected":false},"excerpt":{"rendered":"<p>Inf\u00f6r modern stil i ditt hem med TRUUSK soffbordssats. Satsen kan anv\u00e4ndas separat som sidobord i sovrummet och som l\u00e4sbord&#8230;<\/p>\n","protected":false},"featured_media":68290,"template":"","meta":[],"product_brand":[],"product_cat":[871,929,910],"product_tag":[],"class_list":{"0":"post-68299","1":"product","2":"type-product","3":"status-publish","4":"has-post-thumbnail","6":"product_cat-hus-hem","7":"product_cat-soffbord","8":"product_cat-vardagsrum","10":"first","11":"instock","12":"sale","13":"taxable","14":"shipping-taxable","15":"purchasable","16":"product-type-simple"},"yoast_head":"<!-- This site is optimized with the Yoast SEO plugin v25.4 - https:\/\/yoast.com\/wordpress\/plugins\/seo\/ -->\n<title>TRUUSK 2-delat Set Med Soffbord, Sidobord, Kaffebord - Multifunktionellt - Elegant Design - Metallfot - Svart + Brun - TRUUSK - Hem, Tr\u00e4dg\u00e5rd &amp; Fritid<\/title>\n<meta name=\"robots\" content=\"index, follow, max-snippet:-1, max-image-preview:large, max-video-preview:-1\" \/>\n<link rel=\"canonical\" href=\"https:\/\/truusk.store\/sv\/produkt\/truusk-2-delat-set-med-soffbord-sidobord-kaffebord-multifunktionellt-elegant-design-metallfot-svart-brun\/\" \/>\n<meta property=\"og:locale\" content=\"sv_SE\" \/>\n<meta property=\"og:type\" content=\"article\" \/>\n<meta property=\"og:title\" content=\"TRUUSK 2-delat Set Med Soffbord, Sidobord, Kaffebord - Multifunktionellt - Elegant Design - Metallfot - Svart + Brun - TRUUSK - Hem, Tr\u00e4dg\u00e5rd &amp; Fritid\" \/>\n<meta property=\"og:description\" content=\"Inf\u00f6r modern stil i ditt hem med TRUUSK soffbordssats. Satsen kan anv\u00e4ndas separat som sidobord i sovrummet och som l\u00e4sbord...\" \/>\n<meta property=\"og:url\" content=\"https:\/\/truusk.store\/sv\/produkt\/truusk-2-delat-set-med-soffbord-sidobord-kaffebord-multifunktionellt-elegant-design-metallfot-svart-brun\/\" \/>\n<meta property=\"og:site_name\" content=\"TRUUSK - Hem, Tr\u00e4dg\u00e5rd &amp; Fritid\" \/>\n<meta property=\"article:modified_time\" content=\"2026-03-12T07:41:05+00:00\" \/>\n<meta property=\"og:image\" content=\"https:\/\/i0.wp.com\/truusk.se\/wp-content\/uploads\/2025\/06\/2-delat-set-med-soffbord-sidobord-kaffebord-i-olika-former-multifunktionellt-elegant-enkelt-med-metallfot-svart-brun-1.webp?fit=2000%2C2000&ssl=1\" \/>\n\t<meta property=\"og:image:width\" content=\"2000\" \/>\n\t<meta property=\"og:image:height\" content=\"2000\" \/>\n\t<meta property=\"og:image:type\" content=\"image\/webp\" \/>\n<meta name=\"twitter:card\" content=\"summary_large_image\" \/>\n<meta name=\"twitter:label1\" content=\"Ber\u00e4knad l\u00e4stid\" \/>\n\t<meta name=\"twitter:data1\" content=\"1 minut\" \/>\n<!-- \/ Yoast SEO plugin. -->","yoast_head_json":{"title":"TRUUSK 2-delat Set Med Soffbord, Sidobord, Kaffebord - Multifunktionellt - Elegant Design - Metallfot - Svart + Brun - TRUUSK - Hem, Tr\u00e4dg\u00e5rd &amp; Fritid","robots":{"index":"index","follow":"follow","max-snippet":"max-snippet:-1","max-image-preview":"max-image-preview:large","max-video-preview":"max-video-preview:-1"},"canonical":"https:\/\/truusk.store\/sv\/produkt\/truusk-2-delat-set-med-soffbord-sidobord-kaffebord-multifunktionellt-elegant-design-metallfot-svart-brun\/","og_locale":"sv_SE","og_type":"article","og_title":"TRUUSK 2-delat Set Med Soffbord, Sidobord, Kaffebord - Multifunktionellt - Elegant Design - Metallfot - Svart + Brun - TRUUSK - Hem, Tr\u00e4dg\u00e5rd &amp; Fritid","og_description":"Inf\u00f6r modern stil i ditt hem med TRUUSK soffbordssats. Satsen kan anv\u00e4ndas separat som sidobord i sovrummet och som l\u00e4sbord...","og_url":"https:\/\/truusk.store\/sv\/produkt\/truusk-2-delat-set-med-soffbord-sidobord-kaffebord-multifunktionellt-elegant-design-metallfot-svart-brun\/","og_site_name":"TRUUSK - Hem, Tr\u00e4dg\u00e5rd &amp; Fritid","article_modified_time":"2026-03-12T07:41:05+00:00","og_image":[{"width":2000,"height":2000,"url":"https:\/\/i0.wp.com\/truusk.se\/wp-content\/uploads\/2025\/06\/2-delat-set-med-soffbord-sidobord-kaffebord-i-olika-former-multifunktionellt-elegant-enkelt-med-metallfot-svart-brun-1.webp?fit=2000%2C2000&ssl=1","type":"image\/webp"}],"twitter_card":"summary_large_image","twitter_misc":{"Ber\u00e4knad l\u00e4stid":"1 minut"},"schema":{"@context":"https:\/\/schema.org","@graph":[{"@type":"WebPage","@id":"https:\/\/truusk.store\/sv\/produkt\/truusk-2-delat-set-med-soffbord-sidobord-kaffebord-multifunktionellt-elegant-design-metallfot-svart-brun\/","url":"https:\/\/truusk.store\/sv\/produkt\/truusk-2-delat-set-med-soffbord-sidobord-kaffebord-multifunktionellt-elegant-design-metallfot-svart-brun\/","name":"TRUUSK 2-delat Set Med Soffbord, Sidobord, Kaffebord - Multifunktionellt - Elegant Design - Metallfot - Svart + Brun - TRUUSK - Hem, Tr\u00e4dg\u00e5rd &amp; Fritid","isPartOf":{"@id":"https:\/\/truusk.store\/sv\/#website"},"primaryImageOfPage":{"@id":"https:\/\/truusk.store\/sv\/produkt\/truusk-2-delat-set-med-soffbord-sidobord-kaffebord-multifunktionellt-elegant-design-metallfot-svart-brun\/#primaryimage"},"image":{"@id":"https:\/\/truusk.store\/sv\/produkt\/truusk-2-delat-set-med-soffbord-sidobord-kaffebord-multifunktionellt-elegant-design-metallfot-svart-brun\/#primaryimage"},"thumbnailUrl":"https:\/\/i0.wp.com\/truusk.store\/wp-content\/uploads\/2025\/06\/2-delat-set-med-soffbord-sidobord-kaffebord-i-olika-former-multifunktionellt-elegant-enkelt-med-metallfot-svart-brun-1.webp?fit=2000%2C2000&ssl=1","datePublished":"2025-06-05T14:52:47+00:00","dateModified":"2026-03-12T07:41:05+00:00","breadcrumb":{"@id":"https:\/\/truusk.store\/sv\/produkt\/truusk-2-delat-set-med-soffbord-sidobord-kaffebord-multifunktionellt-elegant-design-metallfot-svart-brun\/#breadcrumb"},"inLanguage":"sv-SE","potentialAction":[{"@type":"ReadAction","target":["https:\/\/truusk.store\/sv\/produkt\/truusk-2-delat-set-med-soffbord-sidobord-kaffebord-multifunktionellt-elegant-design-metallfot-svart-brun\/"]}]},{"@type":"ImageObject","inLanguage":"sv-SE","@id":"https:\/\/truusk.store\/sv\/produkt\/truusk-2-delat-set-med-soffbord-sidobord-kaffebord-multifunktionellt-elegant-design-metallfot-svart-brun\/#primaryimage","url":"https:\/\/i0.wp.com\/truusk.store\/wp-content\/uploads\/2025\/06\/2-delat-set-med-soffbord-sidobord-kaffebord-i-olika-former-multifunktionellt-elegant-enkelt-med-metallfot-svart-brun-1.webp?fit=2000%2C2000&ssl=1","contentUrl":"https:\/\/i0.wp.com\/truusk.store\/wp-content\/uploads\/2025\/06\/2-delat-set-med-soffbord-sidobord-kaffebord-i-olika-former-multifunktionellt-elegant-enkelt-med-metallfot-svart-brun-1.webp?fit=2000%2C2000&ssl=1","width":2000,"height":2000},{"@type":"BreadcrumbList","@id":"https:\/\/truusk.store\/sv\/produkt\/truusk-2-delat-set-med-soffbord-sidobord-kaffebord-multifunktionellt-elegant-design-metallfot-svart-brun\/#breadcrumb","itemListElement":[{"@type":"ListItem","position":1,"name":"Home","item":"https:\/\/truusk.store\/sv\/"},{"@type":"ListItem","position":2,"name":"Shop","item":"https:\/\/truusk.store\/shop\/"},{"@type":"ListItem","position":3,"name":"TRUUSK 2-delat Set Med Soffbord, Sidobord, Kaffebord &#8211; Multifunktionellt &#8211; Elegant Design &#8211; Metallfot &#8211; Svart + Brun"}]},{"@type":"WebSite","@id":"https:\/\/truusk.store\/sv\/#website","url":"https:\/\/truusk.store\/sv\/","name":"TRUUSK - Hem, Tr\u00e4dg\u00e5rd & Fritid","description":"","publisher":{"@id":"https:\/\/truusk.store\/sv\/#organization"},"potentialAction":[{"@type":"SearchAction","target":{"@type":"EntryPoint","urlTemplate":"https:\/\/truusk.store\/sv\/?s={search_term_string}"},"query-input":{"@type":"PropertyValueSpecification","valueRequired":true,"valueName":"search_term_string"}}],"inLanguage":"sv-SE"},{"@type":"Organization","@id":"https:\/\/truusk.store\/sv\/#organization","name":"TRUUSK - Hem, Tr\u00e4dg\u00e5rd & Fritid","url":"https:\/\/truusk.store\/sv\/","logo":{"@type":"ImageObject","inLanguage":"sv-SE","@id":"https:\/\/truusk.store\/sv\/#\/schema\/logo\/image\/","url":"https:\/\/i0.wp.com\/truusk.store\/wp-content\/uploads\/2026\/03\/cropped-TRUUSK.png?fit=2032%2C917&ssl=1","contentUrl":"https:\/\/i0.wp.com\/truusk.store\/wp-content\/uploads\/2026\/03\/cropped-TRUUSK.png?fit=2032%2C917&ssl=1","width":2032,"height":917,"caption":"TRUUSK - Hem, Tr\u00e4dg\u00e5rd & Fritid"},"image":{"@id":"https:\/\/truusk.store\/sv\/#\/schema\/logo\/image\/"}}]}},"jetpack_sharing_enabled":true,"_links":{"self":[{"href":"https:\/\/truusk.store\/sv\/wp-json\/wp\/v2\/product\/68299","targetHints":{"allow":["GET"]}}],"collection":[{"href":"https:\/\/truusk.store\/sv\/wp-json\/wp\/v2\/product"}],"about":[{"href":"https:\/\/truusk.store\/sv\/wp-json\/wp\/v2\/types\/product"}],"wp:featuredmedia":[{"embeddable":true,"href":"https:\/\/truusk.store\/sv\/wp-json\/wp\/v2\/media\/68290"}],"wp:attachment":[{"href":"https:\/\/truusk.store\/sv\/wp-json\/wp\/v2\/media?parent=68299"}],"wp:term":[{"taxonomy":"product_brand","embeddable":true,"href":"https:\/\/truusk.store\/sv\/wp-json\/wp\/v2\/product_brand?post=68299"},{"taxonomy":"product_cat","embeddable":true,"href":"https:\/\/truusk.store\/sv\/wp-json\/wp\/v2\/product_cat?post=68299"},{"taxonomy":"product_tag","embeddable":true,"href":"https:\/\/truusk.store\/sv\/wp-json\/wp\/v2\/product_tag?post=68299"}],"curies":[{"name":"wp","href":"https:\/\/api.w.org\/{rel}","templated":true}]}}