{"id":68329,"date":"2025-06-05T15:55:42","date_gmt":"2025-06-05T14:55:42","guid":{"rendered":"https:\/\/truusk.store\/product\/vaggsspegel-i-tre-delar-bagformad-spegel-med-metallram-dekorativ-fonsterspegel-hangande-spegel-for-badrum-vardagsrum-svart\/"},"modified":"2026-03-12T08:40:56","modified_gmt":"2026-03-12T07:40:56","slug":"truusk-bagformad-vaggsspegel-i-metallram-dekorativ-fonsterspegel-for-badrum-och-vardagsrum-svart","status":"publish","type":"product","link":"https:\/\/truusk.store\/sv\/produkt\/truusk-bagformad-vaggsspegel-i-metallram-dekorativ-fonsterspegel-for-badrum-och-vardagsrum-svart\/","title":{"rendered":"TRUUSK B\u00e5gformad V\u00e4ggsspegel i Metallram &#8211; Dekorativ F\u00f6nsterspegel &#8211; F\u00f6r Badrum och Vardagsrum &#8211; Svart"},"content":{"rendered":"<p>Den h\u00e4r tredelade v\u00e4ggspegeln fr\u00e5n TRUUSK, best\u00e5ende av ett b\u00e5gsegment och tv\u00e5 rektangul\u00e4ra segment, tillf\u00f6r mer ljus och storlek till varje rum. Den robusta metallramen garanterar h\u00e5llbarhet och klara reflektioner, medan det charmiga f\u00f6nsterdesignen ger stilfulla accenter. Idealisk f\u00f6r sovrum, vardagsrum och korridorer &#8211; denna dekorativa v\u00e4ggspegel \u00e4r inte bara ett praktiskt element, utan ocks\u00e5 en riktig blickf\u00e5ngare som perfekt kompletterar din inredning.<\/p>\n<p>Beskrivning:<\/p>\n<ul>\n<li> Den dekorativa v\u00e4ggspegeln imiterar ett f\u00f6nster och f\u00e5r rum att se st\u00f6rre ut<\/li>\n<li> Tredelat set: b\u00e5gsegment, rektangul\u00e4rt mitten- och underssegment<\/li>\n<li> Metallramen kombinerar h\u00e5llbarhet med skydd<\/li>\n<li> Reflekterande glas garanterar en klar, of\u00f6rvr\u00e4ngd sj\u00e4lvvy<\/li>\n<li> Krok, skruvar f\u00f6r v\u00e4ggspegeln ing\u00e5r f\u00f6r enkel installation<\/li>\n<li> M\u00e5ngsidig anv\u00e4ndning: sovrum, vardagsrum, korridorer<\/li>\n<li> Enkel montering kr\u00e4vs<\/li>\n<\/ul>\n<p> Tekniska data:<\/p>\n<ul>\n<li> F\u00e4rg: Svart<\/li>\n<li> Material: Metall, Glas, MDF<\/li>\n<li> M\u00e5tt p\u00e5 b\u00e5gpanel: 76B x 2T x 43H cm<\/li>\n<li> M\u00e5tt p\u00e5 rektangul\u00e4r panel: 76B x 2T x 53H cm<\/li>\n<li> M\u00e5tt p\u00e5 b\u00e5gad spegel: 73B x 40H cm<\/li>\n<li> M\u00e5tt p\u00e5 rektangul\u00e4r spegel: 73B x 50H cm<\/li>\n<li> Glasstjocklek: 4 mm<\/li>\n<\/ul>\n<p>Leveransinneh\u00e5ll:<\/p>\n<ul>\n<li> 1 x v\u00e4ggspegel;<\/li>\n<\/ul>\n","protected":false},"excerpt":{"rendered":"<p>Den h\u00e4r tredelade v\u00e4ggspegeln fr\u00e5n TRUUSK, best\u00e5ende av ett b\u00e5gsegment och tv\u00e5 rektangul\u00e4ra segment, tillf\u00f6r mer ljus och storlek till&#8230;<\/p>\n","protected":false},"featured_media":68320,"template":"","meta":[],"product_brand":[],"product_cat":[962,871,721],"product_tag":[],"class_list":{"0":"post-68329","1":"product","2":"type-product","3":"status-publish","4":"has-post-thumbnail","6":"product_cat-dekoration","7":"product_cat-hus-hem","8":"product_cat-spegel","10":"first","11":"instock","12":"sale","13":"taxable","14":"shipping-taxable","15":"purchasable","16":"product-type-simple"},"yoast_head":"<!-- This site is optimized with the Yoast SEO plugin v25.4 - https:\/\/yoast.com\/wordpress\/plugins\/seo\/ -->\n<title>TRUUSK B\u00e5gformad V\u00e4ggsspegel i Metallram - Dekorativ F\u00f6nsterspegel - F\u00f6r Badrum och Vardagsrum - Svart - TRUUSK - Hem, Tr\u00e4dg\u00e5rd &amp; Fritid<\/title>\n<meta name=\"robots\" content=\"index, follow, max-snippet:-1, max-image-preview:large, max-video-preview:-1\" \/>\n<link rel=\"canonical\" href=\"https:\/\/truusk.store\/sv\/produkt\/truusk-bagformad-vaggsspegel-i-metallram-dekorativ-fonsterspegel-for-badrum-och-vardagsrum-svart\/\" \/>\n<meta property=\"og:locale\" content=\"sv_SE\" \/>\n<meta property=\"og:type\" content=\"article\" \/>\n<meta property=\"og:title\" content=\"TRUUSK B\u00e5gformad V\u00e4ggsspegel i Metallram - Dekorativ F\u00f6nsterspegel - F\u00f6r Badrum och Vardagsrum - Svart - TRUUSK - Hem, Tr\u00e4dg\u00e5rd &amp; Fritid\" \/>\n<meta property=\"og:description\" content=\"Den h\u00e4r tredelade v\u00e4ggspegeln fr\u00e5n TRUUSK, best\u00e5ende av ett b\u00e5gsegment och tv\u00e5 rektangul\u00e4ra segment, tillf\u00f6r mer ljus och storlek till...\" \/>\n<meta property=\"og:url\" content=\"https:\/\/truusk.store\/sv\/produkt\/truusk-bagformad-vaggsspegel-i-metallram-dekorativ-fonsterspegel-for-badrum-och-vardagsrum-svart\/\" \/>\n<meta property=\"og:site_name\" content=\"TRUUSK - Hem, Tr\u00e4dg\u00e5rd &amp; Fritid\" \/>\n<meta property=\"article:modified_time\" content=\"2026-03-12T07:40:56+00:00\" \/>\n<meta property=\"og:image\" content=\"https:\/\/i0.wp.com\/truusk.se\/wp-content\/uploads\/2025\/06\/vaggsspegel-i-tre-delar-bagformad-spegel-med-metallram-dekorativ-fonsterspegel-hangande-spegel-for-badrum-vardagsrum-svart-1.webp?fit=2000%2C2000&ssl=1\" \/>\n\t<meta property=\"og:image:width\" content=\"2000\" \/>\n\t<meta property=\"og:image:height\" content=\"2000\" \/>\n\t<meta property=\"og:image:type\" content=\"image\/webp\" \/>\n<meta name=\"twitter:card\" content=\"summary_large_image\" \/>\n<meta name=\"twitter:label1\" content=\"Ber\u00e4knad l\u00e4stid\" \/>\n\t<meta name=\"twitter:data1\" content=\"1 minut\" \/>\n<!-- \/ Yoast SEO plugin. -->","yoast_head_json":{"title":"TRUUSK B\u00e5gformad V\u00e4ggsspegel i Metallram - Dekorativ F\u00f6nsterspegel - F\u00f6r Badrum och Vardagsrum - Svart - TRUUSK - Hem, Tr\u00e4dg\u00e5rd &amp; Fritid","robots":{"index":"index","follow":"follow","max-snippet":"max-snippet:-1","max-image-preview":"max-image-preview:large","max-video-preview":"max-video-preview:-1"},"canonical":"https:\/\/truusk.store\/sv\/produkt\/truusk-bagformad-vaggsspegel-i-metallram-dekorativ-fonsterspegel-for-badrum-och-vardagsrum-svart\/","og_locale":"sv_SE","og_type":"article","og_title":"TRUUSK B\u00e5gformad V\u00e4ggsspegel i Metallram - Dekorativ F\u00f6nsterspegel - F\u00f6r Badrum och Vardagsrum - Svart - TRUUSK - Hem, Tr\u00e4dg\u00e5rd &amp; Fritid","og_description":"Den h\u00e4r tredelade v\u00e4ggspegeln fr\u00e5n TRUUSK, best\u00e5ende av ett b\u00e5gsegment och tv\u00e5 rektangul\u00e4ra segment, tillf\u00f6r mer ljus och storlek till...","og_url":"https:\/\/truusk.store\/sv\/produkt\/truusk-bagformad-vaggsspegel-i-metallram-dekorativ-fonsterspegel-for-badrum-och-vardagsrum-svart\/","og_site_name":"TRUUSK - Hem, Tr\u00e4dg\u00e5rd &amp; Fritid","article_modified_time":"2026-03-12T07:40:56+00:00","og_image":[{"width":2000,"height":2000,"url":"https:\/\/i0.wp.com\/truusk.se\/wp-content\/uploads\/2025\/06\/vaggsspegel-i-tre-delar-bagformad-spegel-med-metallram-dekorativ-fonsterspegel-hangande-spegel-for-badrum-vardagsrum-svart-1.webp?fit=2000%2C2000&ssl=1","type":"image\/webp"}],"twitter_card":"summary_large_image","twitter_misc":{"Ber\u00e4knad l\u00e4stid":"1 minut"},"schema":{"@context":"https:\/\/schema.org","@graph":[{"@type":"WebPage","@id":"https:\/\/truusk.store\/sv\/produkt\/truusk-bagformad-vaggsspegel-i-metallram-dekorativ-fonsterspegel-for-badrum-och-vardagsrum-svart\/","url":"https:\/\/truusk.store\/sv\/produkt\/truusk-bagformad-vaggsspegel-i-metallram-dekorativ-fonsterspegel-for-badrum-och-vardagsrum-svart\/","name":"TRUUSK B\u00e5gformad V\u00e4ggsspegel i Metallram - Dekorativ F\u00f6nsterspegel - F\u00f6r Badrum och Vardagsrum - Svart - TRUUSK - Hem, Tr\u00e4dg\u00e5rd &amp; Fritid","isPartOf":{"@id":"https:\/\/truusk.store\/sv\/#website"},"primaryImageOfPage":{"@id":"https:\/\/truusk.store\/sv\/produkt\/truusk-bagformad-vaggsspegel-i-metallram-dekorativ-fonsterspegel-for-badrum-och-vardagsrum-svart\/#primaryimage"},"image":{"@id":"https:\/\/truusk.store\/sv\/produkt\/truusk-bagformad-vaggsspegel-i-metallram-dekorativ-fonsterspegel-for-badrum-och-vardagsrum-svart\/#primaryimage"},"thumbnailUrl":"https:\/\/i0.wp.com\/truusk.store\/wp-content\/uploads\/2025\/06\/vaggsspegel-i-tre-delar-bagformad-spegel-med-metallram-dekorativ-fonsterspegel-hangande-spegel-for-badrum-vardagsrum-svart-1.webp?fit=2000%2C2000&ssl=1","datePublished":"2025-06-05T14:55:42+00:00","dateModified":"2026-03-12T07:40:56+00:00","breadcrumb":{"@id":"https:\/\/truusk.store\/sv\/produkt\/truusk-bagformad-vaggsspegel-i-metallram-dekorativ-fonsterspegel-for-badrum-och-vardagsrum-svart\/#breadcrumb"},"inLanguage":"sv-SE","potentialAction":[{"@type":"ReadAction","target":["https:\/\/truusk.store\/sv\/produkt\/truusk-bagformad-vaggsspegel-i-metallram-dekorativ-fonsterspegel-for-badrum-och-vardagsrum-svart\/"]}]},{"@type":"ImageObject","inLanguage":"sv-SE","@id":"https:\/\/truusk.store\/sv\/produkt\/truusk-bagformad-vaggsspegel-i-metallram-dekorativ-fonsterspegel-for-badrum-och-vardagsrum-svart\/#primaryimage","url":"https:\/\/i0.wp.com\/truusk.store\/wp-content\/uploads\/2025\/06\/vaggsspegel-i-tre-delar-bagformad-spegel-med-metallram-dekorativ-fonsterspegel-hangande-spegel-for-badrum-vardagsrum-svart-1.webp?fit=2000%2C2000&ssl=1","contentUrl":"https:\/\/i0.wp.com\/truusk.store\/wp-content\/uploads\/2025\/06\/vaggsspegel-i-tre-delar-bagformad-spegel-med-metallram-dekorativ-fonsterspegel-hangande-spegel-for-badrum-vardagsrum-svart-1.webp?fit=2000%2C2000&ssl=1","width":2000,"height":2000},{"@type":"BreadcrumbList","@id":"https:\/\/truusk.store\/sv\/produkt\/truusk-bagformad-vaggsspegel-i-metallram-dekorativ-fonsterspegel-for-badrum-och-vardagsrum-svart\/#breadcrumb","itemListElement":[{"@type":"ListItem","position":1,"name":"Home","item":"https:\/\/truusk.store\/sv\/"},{"@type":"ListItem","position":2,"name":"Shop","item":"https:\/\/truusk.store\/shop\/"},{"@type":"ListItem","position":3,"name":"TRUUSK B\u00e5gformad V\u00e4ggsspegel i Metallram &#8211; Dekorativ F\u00f6nsterspegel &#8211; F\u00f6r Badrum och Vardagsrum &#8211; Svart"}]},{"@type":"WebSite","@id":"https:\/\/truusk.store\/sv\/#website","url":"https:\/\/truusk.store\/sv\/","name":"TRUUSK - Hem, Tr\u00e4dg\u00e5rd & Fritid","description":"","publisher":{"@id":"https:\/\/truusk.store\/sv\/#organization"},"potentialAction":[{"@type":"SearchAction","target":{"@type":"EntryPoint","urlTemplate":"https:\/\/truusk.store\/sv\/?s={search_term_string}"},"query-input":{"@type":"PropertyValueSpecification","valueRequired":true,"valueName":"search_term_string"}}],"inLanguage":"sv-SE"},{"@type":"Organization","@id":"https:\/\/truusk.store\/sv\/#organization","name":"TRUUSK - Hem, Tr\u00e4dg\u00e5rd & Fritid","url":"https:\/\/truusk.store\/sv\/","logo":{"@type":"ImageObject","inLanguage":"sv-SE","@id":"https:\/\/truusk.store\/sv\/#\/schema\/logo\/image\/","url":"https:\/\/i0.wp.com\/truusk.store\/wp-content\/uploads\/2026\/03\/cropped-TRUUSK.png?fit=2032%2C917&ssl=1","contentUrl":"https:\/\/i0.wp.com\/truusk.store\/wp-content\/uploads\/2026\/03\/cropped-TRUUSK.png?fit=2032%2C917&ssl=1","width":2032,"height":917,"caption":"TRUUSK - Hem, Tr\u00e4dg\u00e5rd & Fritid"},"image":{"@id":"https:\/\/truusk.store\/sv\/#\/schema\/logo\/image\/"}}]}},"jetpack_sharing_enabled":true,"_links":{"self":[{"href":"https:\/\/truusk.store\/sv\/wp-json\/wp\/v2\/product\/68329","targetHints":{"allow":["GET"]}}],"collection":[{"href":"https:\/\/truusk.store\/sv\/wp-json\/wp\/v2\/product"}],"about":[{"href":"https:\/\/truusk.store\/sv\/wp-json\/wp\/v2\/types\/product"}],"wp:featuredmedia":[{"embeddable":true,"href":"https:\/\/truusk.store\/sv\/wp-json\/wp\/v2\/media\/68320"}],"wp:attachment":[{"href":"https:\/\/truusk.store\/sv\/wp-json\/wp\/v2\/media?parent=68329"}],"wp:term":[{"taxonomy":"product_brand","embeddable":true,"href":"https:\/\/truusk.store\/sv\/wp-json\/wp\/v2\/product_brand?post=68329"},{"taxonomy":"product_cat","embeddable":true,"href":"https:\/\/truusk.store\/sv\/wp-json\/wp\/v2\/product_cat?post=68329"},{"taxonomy":"product_tag","embeddable":true,"href":"https:\/\/truusk.store\/sv\/wp-json\/wp\/v2\/product_tag?post=68329"}],"curies":[{"name":"wp","href":"https:\/\/api.w.org\/{rel}","templated":true}]}}