{"id":68339,"date":"2025-06-05T15:56:42","date_gmt":"2025-06-05T14:56:42","guid":{"rendered":"https:\/\/truusk.store\/product\/2-delat-set-med-bordslampor-bordslampa-med-app-och-fjarrkontroll-musiksynchronisering-farglagen-timer-smart-nattbordslampa-for-vardagsrum-spelrum-vit\/"},"modified":"2026-03-12T09:46:37","modified_gmt":"2026-03-12T08:46:37","slug":"truusk-2-delat-set-med-bordslampor-smart-nattbordslampa-med-app-och-fjarrkontroll-musiksynchronisering-farglagen-timer","status":"publish","type":"product","link":"https:\/\/truusk.store\/sv\/produkt\/truusk-2-delat-set-med-bordslampor-smart-nattbordslampa-med-app-och-fjarrkontroll-musiksynchronisering-farglagen-timer\/","title":{"rendered":"TRUUSK 2-delat Set Med Bordslampor &#8211; Smart Nattbordslampa Med App- Och Fj\u00e4rrkontroll &#8211; Musiksynchronisering &#8211; F\u00e4rgl\u00e4gen &#8211; Timer &#8211;"},"content":{"rendered":"<p>F\u00f6rvandla din atmosf\u00e4r med dessa tv\u00e5 TRUUSK LED-bordslampor, som inte bara f\u00f6rb\u00e4ttrar belysningen utan ocks\u00e5 erbjuder otaliga f\u00e4rger och dynamiska scenarier. Styrbar via knapptryckning, Bluetooth-app eller fj\u00e4rrkontroll, dessa dimbara nattdukslampor synkroniserar s\u00f6ml\u00f6st med musik, filmer och spel och berikar varje \u00f6gonblick. Perfekt f\u00f6r moderna utrymmen.<\/p>\n<p>Beskrivning:<\/p>\n<ul>\n<li> 2-pack f\u00f6rb\u00e4ttrar omgivningsbelysningen<\/li>\n<li> Otaliga f\u00e4rger och dynamiska scenarier av bordslampan skapar fantastiska ljuseffekter<\/li>\n<li> Enkel styrning av bordslampan via knappar, Bluetooth-app eller fj\u00e4rrkontroll<\/li>\n<li> Har intelligent tidkontroll och minnesfunktion f\u00f6r \u00f6kad komfort<\/li>\n<li> Ljuslisten synkroniserar belysningen med musik, filmer och spel<\/li>\n<li> L\u00e4mplig f\u00f6r placering bredvid tv-apparater, h\u00f6gtalare, datorer eller p\u00e5 nattduksbord<\/li>\n<li> Flera ljusl\u00e4gen erbjuder individuella anpassningsm\u00f6jligheter<\/li>\n<li> Tillverkad av robusta material<\/li>\n<\/ul>\n<p>Tekniska data:<\/p>\n<ul>\n<li> F\u00e4rg: Vit<\/li>\n<li> Material: Plast<\/li>\n<li> Totala dimensioner: 6L x 6B x 32,5H cm<\/li>\n<li> Lampsk\u00e4rm: \u00d83 x 32H cm<\/li>\n<li> Basstorlek: \u00d86 x 4H cm<\/li>\n<li> Kontrollmetod: App, fj\u00e4rrkontroll, knappkontroll<\/li>\n<li> Sp\u00e4nning: 5V<\/li>\n<li> Maximal effekt: 8W<\/li>\n<\/ul>\n<p>Leveransinneh\u00e5ll:<\/p>\n<ul>\n<li> 2 x Bordslampa<\/li>\n<li> 1 x Bruksanvisning<\/li>\n<\/ul>\n","protected":false},"excerpt":{"rendered":"<p>F\u00f6rvandla din atmosf\u00e4r med dessa tv\u00e5 TRUUSK LED-bordslampor, som inte bara f\u00f6rb\u00e4ttrar belysningen utan ocks\u00e5 erbjuder otaliga f\u00e4rger och dynamiska&#8230;<\/p>\n","protected":false},"featured_media":68330,"template":"","meta":[],"product_brand":[],"product_cat":[486,960,871],"product_tag":[],"class_list":{"0":"post-68339","1":"product","2":"type-product","3":"status-publish","4":"has-post-thumbnail","6":"product_cat-belysning","7":"product_cat-bordlampor","8":"product_cat-hus-hem","10":"first","11":"instock","12":"sale","13":"taxable","14":"shipping-taxable","15":"purchasable","16":"product-type-simple"},"yoast_head":"<!-- This site is optimized with the Yoast SEO plugin v25.4 - https:\/\/yoast.com\/wordpress\/plugins\/seo\/ -->\n<title>TRUUSK 2-delat Set Med Bordslampor - Smart Nattbordslampa Med App- Och Fj\u00e4rrkontroll - Musiksynchronisering - F\u00e4rgl\u00e4gen - Timer - TRUUSK - Hem, Tr\u00e4dg\u00e5rd &amp; Fritid<\/title>\n<meta name=\"robots\" content=\"index, follow, max-snippet:-1, max-image-preview:large, max-video-preview:-1\" \/>\n<link rel=\"canonical\" href=\"https:\/\/truusk.store\/sv\/produkt\/truusk-2-delat-set-med-bordslampor-smart-nattbordslampa-med-app-och-fjarrkontroll-musiksynchronisering-farglagen-timer\/\" \/>\n<meta property=\"og:locale\" content=\"sv_SE\" \/>\n<meta property=\"og:type\" content=\"article\" \/>\n<meta property=\"og:title\" content=\"TRUUSK 2-delat Set Med Bordslampor - Smart Nattbordslampa Med App- Och Fj\u00e4rrkontroll - Musiksynchronisering - F\u00e4rgl\u00e4gen - Timer - TRUUSK - Hem, Tr\u00e4dg\u00e5rd &amp; Fritid\" \/>\n<meta property=\"og:description\" content=\"F\u00f6rvandla din atmosf\u00e4r med dessa tv\u00e5 TRUUSK LED-bordslampor, som inte bara f\u00f6rb\u00e4ttrar belysningen utan ocks\u00e5 erbjuder otaliga f\u00e4rger och dynamiska...\" \/>\n<meta property=\"og:url\" content=\"https:\/\/truusk.store\/sv\/produkt\/truusk-2-delat-set-med-bordslampor-smart-nattbordslampa-med-app-och-fjarrkontroll-musiksynchronisering-farglagen-timer\/\" \/>\n<meta property=\"og:site_name\" content=\"TRUUSK - Hem, Tr\u00e4dg\u00e5rd &amp; Fritid\" \/>\n<meta property=\"article:modified_time\" content=\"2026-03-12T08:46:37+00:00\" \/>\n<meta property=\"og:image\" content=\"https:\/\/i0.wp.com\/truusk.se\/wp-content\/uploads\/2025\/06\/2-delat-set-med-bordslampor-bordslampa-med-app-och-fjarrkontroll-musiksynchronisering-farglagen-timer-smart-nattbordslampa-for-vardagsrum-spelrum-vit-1.webp?fit=2000%2C2000&ssl=1\" \/>\n\t<meta property=\"og:image:width\" content=\"2000\" \/>\n\t<meta property=\"og:image:height\" content=\"2000\" \/>\n\t<meta property=\"og:image:type\" content=\"image\/webp\" \/>\n<meta name=\"twitter:card\" content=\"summary_large_image\" \/>\n<meta name=\"twitter:label1\" content=\"Ber\u00e4knad l\u00e4stid\" \/>\n\t<meta name=\"twitter:data1\" content=\"1 minut\" \/>\n<!-- \/ Yoast SEO plugin. -->","yoast_head_json":{"title":"TRUUSK 2-delat Set Med Bordslampor - Smart Nattbordslampa Med App- Och Fj\u00e4rrkontroll - Musiksynchronisering - F\u00e4rgl\u00e4gen - Timer - TRUUSK - Hem, Tr\u00e4dg\u00e5rd &amp; Fritid","robots":{"index":"index","follow":"follow","max-snippet":"max-snippet:-1","max-image-preview":"max-image-preview:large","max-video-preview":"max-video-preview:-1"},"canonical":"https:\/\/truusk.store\/sv\/produkt\/truusk-2-delat-set-med-bordslampor-smart-nattbordslampa-med-app-och-fjarrkontroll-musiksynchronisering-farglagen-timer\/","og_locale":"sv_SE","og_type":"article","og_title":"TRUUSK 2-delat Set Med Bordslampor - Smart Nattbordslampa Med App- Och Fj\u00e4rrkontroll - Musiksynchronisering - F\u00e4rgl\u00e4gen - Timer - TRUUSK - Hem, Tr\u00e4dg\u00e5rd &amp; Fritid","og_description":"F\u00f6rvandla din atmosf\u00e4r med dessa tv\u00e5 TRUUSK LED-bordslampor, som inte bara f\u00f6rb\u00e4ttrar belysningen utan ocks\u00e5 erbjuder otaliga f\u00e4rger och dynamiska...","og_url":"https:\/\/truusk.store\/sv\/produkt\/truusk-2-delat-set-med-bordslampor-smart-nattbordslampa-med-app-och-fjarrkontroll-musiksynchronisering-farglagen-timer\/","og_site_name":"TRUUSK - Hem, Tr\u00e4dg\u00e5rd &amp; Fritid","article_modified_time":"2026-03-12T08:46:37+00:00","og_image":[{"width":2000,"height":2000,"url":"https:\/\/i0.wp.com\/truusk.se\/wp-content\/uploads\/2025\/06\/2-delat-set-med-bordslampor-bordslampa-med-app-och-fjarrkontroll-musiksynchronisering-farglagen-timer-smart-nattbordslampa-for-vardagsrum-spelrum-vit-1.webp?fit=2000%2C2000&ssl=1","type":"image\/webp"}],"twitter_card":"summary_large_image","twitter_misc":{"Ber\u00e4knad l\u00e4stid":"1 minut"},"schema":{"@context":"https:\/\/schema.org","@graph":[{"@type":"WebPage","@id":"https:\/\/truusk.store\/sv\/produkt\/truusk-2-delat-set-med-bordslampor-smart-nattbordslampa-med-app-och-fjarrkontroll-musiksynchronisering-farglagen-timer\/","url":"https:\/\/truusk.store\/sv\/produkt\/truusk-2-delat-set-med-bordslampor-smart-nattbordslampa-med-app-och-fjarrkontroll-musiksynchronisering-farglagen-timer\/","name":"TRUUSK 2-delat Set Med Bordslampor - Smart Nattbordslampa Med App- Och Fj\u00e4rrkontroll - Musiksynchronisering - F\u00e4rgl\u00e4gen - Timer - TRUUSK - Hem, Tr\u00e4dg\u00e5rd &amp; Fritid","isPartOf":{"@id":"https:\/\/truusk.store\/sv\/#website"},"primaryImageOfPage":{"@id":"https:\/\/truusk.store\/sv\/produkt\/truusk-2-delat-set-med-bordslampor-smart-nattbordslampa-med-app-och-fjarrkontroll-musiksynchronisering-farglagen-timer\/#primaryimage"},"image":{"@id":"https:\/\/truusk.store\/sv\/produkt\/truusk-2-delat-set-med-bordslampor-smart-nattbordslampa-med-app-och-fjarrkontroll-musiksynchronisering-farglagen-timer\/#primaryimage"},"thumbnailUrl":"https:\/\/i0.wp.com\/truusk.store\/wp-content\/uploads\/2025\/06\/2-delat-set-med-bordslampor-bordslampa-med-app-och-fjarrkontroll-musiksynchronisering-farglagen-timer-smart-nattbordslampa-for-vardagsrum-spelrum-vit-1.webp?fit=2000%2C2000&ssl=1","datePublished":"2025-06-05T14:56:42+00:00","dateModified":"2026-03-12T08:46:37+00:00","breadcrumb":{"@id":"https:\/\/truusk.store\/sv\/produkt\/truusk-2-delat-set-med-bordslampor-smart-nattbordslampa-med-app-och-fjarrkontroll-musiksynchronisering-farglagen-timer\/#breadcrumb"},"inLanguage":"sv-SE","potentialAction":[{"@type":"ReadAction","target":["https:\/\/truusk.store\/sv\/produkt\/truusk-2-delat-set-med-bordslampor-smart-nattbordslampa-med-app-och-fjarrkontroll-musiksynchronisering-farglagen-timer\/"]}]},{"@type":"ImageObject","inLanguage":"sv-SE","@id":"https:\/\/truusk.store\/sv\/produkt\/truusk-2-delat-set-med-bordslampor-smart-nattbordslampa-med-app-och-fjarrkontroll-musiksynchronisering-farglagen-timer\/#primaryimage","url":"https:\/\/i0.wp.com\/truusk.store\/wp-content\/uploads\/2025\/06\/2-delat-set-med-bordslampor-bordslampa-med-app-och-fjarrkontroll-musiksynchronisering-farglagen-timer-smart-nattbordslampa-for-vardagsrum-spelrum-vit-1.webp?fit=2000%2C2000&ssl=1","contentUrl":"https:\/\/i0.wp.com\/truusk.store\/wp-content\/uploads\/2025\/06\/2-delat-set-med-bordslampor-bordslampa-med-app-och-fjarrkontroll-musiksynchronisering-farglagen-timer-smart-nattbordslampa-for-vardagsrum-spelrum-vit-1.webp?fit=2000%2C2000&ssl=1","width":2000,"height":2000},{"@type":"BreadcrumbList","@id":"https:\/\/truusk.store\/sv\/produkt\/truusk-2-delat-set-med-bordslampor-smart-nattbordslampa-med-app-och-fjarrkontroll-musiksynchronisering-farglagen-timer\/#breadcrumb","itemListElement":[{"@type":"ListItem","position":1,"name":"Home","item":"https:\/\/truusk.store\/sv\/"},{"@type":"ListItem","position":2,"name":"Shop","item":"https:\/\/truusk.store\/shop\/"},{"@type":"ListItem","position":3,"name":"TRUUSK 2-delat Set Med Bordslampor &#8211; Smart Nattbordslampa Med App- Och Fj\u00e4rrkontroll &#8211; Musiksynchronisering &#8211; F\u00e4rgl\u00e4gen &#8211; Timer &#8211;"}]},{"@type":"WebSite","@id":"https:\/\/truusk.store\/sv\/#website","url":"https:\/\/truusk.store\/sv\/","name":"TRUUSK - Hem, Tr\u00e4dg\u00e5rd & Fritid","description":"","publisher":{"@id":"https:\/\/truusk.store\/sv\/#organization"},"potentialAction":[{"@type":"SearchAction","target":{"@type":"EntryPoint","urlTemplate":"https:\/\/truusk.store\/sv\/?s={search_term_string}"},"query-input":{"@type":"PropertyValueSpecification","valueRequired":true,"valueName":"search_term_string"}}],"inLanguage":"sv-SE"},{"@type":"Organization","@id":"https:\/\/truusk.store\/sv\/#organization","name":"TRUUSK - Hem, Tr\u00e4dg\u00e5rd & Fritid","url":"https:\/\/truusk.store\/sv\/","logo":{"@type":"ImageObject","inLanguage":"sv-SE","@id":"https:\/\/truusk.store\/sv\/#\/schema\/logo\/image\/","url":"https:\/\/i0.wp.com\/truusk.store\/wp-content\/uploads\/2026\/03\/cropped-TRUUSK.png?fit=2032%2C917&ssl=1","contentUrl":"https:\/\/i0.wp.com\/truusk.store\/wp-content\/uploads\/2026\/03\/cropped-TRUUSK.png?fit=2032%2C917&ssl=1","width":2032,"height":917,"caption":"TRUUSK - Hem, Tr\u00e4dg\u00e5rd & Fritid"},"image":{"@id":"https:\/\/truusk.store\/sv\/#\/schema\/logo\/image\/"}}]}},"jetpack_sharing_enabled":true,"_links":{"self":[{"href":"https:\/\/truusk.store\/sv\/wp-json\/wp\/v2\/product\/68339","targetHints":{"allow":["GET"]}}],"collection":[{"href":"https:\/\/truusk.store\/sv\/wp-json\/wp\/v2\/product"}],"about":[{"href":"https:\/\/truusk.store\/sv\/wp-json\/wp\/v2\/types\/product"}],"wp:featuredmedia":[{"embeddable":true,"href":"https:\/\/truusk.store\/sv\/wp-json\/wp\/v2\/media\/68330"}],"wp:attachment":[{"href":"https:\/\/truusk.store\/sv\/wp-json\/wp\/v2\/media?parent=68339"}],"wp:term":[{"taxonomy":"product_brand","embeddable":true,"href":"https:\/\/truusk.store\/sv\/wp-json\/wp\/v2\/product_brand?post=68339"},{"taxonomy":"product_cat","embeddable":true,"href":"https:\/\/truusk.store\/sv\/wp-json\/wp\/v2\/product_cat?post=68339"},{"taxonomy":"product_tag","embeddable":true,"href":"https:\/\/truusk.store\/sv\/wp-json\/wp\/v2\/product_tag?post=68339"}],"curies":[{"name":"wp","href":"https:\/\/api.w.org\/{rel}","templated":true}]}}