{"id":68349,"date":"2025-06-05T15:57:43","date_gmt":"2025-06-05T14:57:43","guid":{"rendered":"https:\/\/truusk.store\/product\/skoskap-skohylla-med-dorrar-och-hyllor-for-12-skor-modern-skokommod-skohyllor-for-hall-och-entre-massivt-tra-60-x-30-x-92-cm-vit\/"},"modified":"2026-03-12T08:41:05","modified_gmt":"2026-03-12T07:41:05","slug":"truusk-skohylla-for-12-skor-modern-skokommod-i-massivt-tra-med-dorrar-och-hyllor-for-hall-och-entre-60-x-30-x-92-cm-vit","status":"publish","type":"product","link":"https:\/\/truusk.store\/sv\/produkt\/truusk-skohylla-for-12-skor-modern-skokommod-i-massivt-tra-med-dorrar-och-hyllor-for-hall-och-entre-60-x-30-x-92-cm-vit\/","title":{"rendered":"TRUUSK Skohylla f\u00f6r 12 Skor &#8211; Modern Skokommod i Massivt Tr\u00e4 &#8211; Med D\u00f6rrar och Hyllor &#8211; F\u00f6r Hall och Entr\u00e9 &#8211; 60 x 30 x 92 cm &#8211; Vit"},"content":{"rendered":"<p>Med sin enkla, smala och moderna utseende passar TRUUSK skosk\u00e5pet f\u00f6r olika inredningsstilar. Med ett dolt sk\u00e5p och tv\u00e5 \u00f6ppna hyllor f\u00f6r f\u00f6rvaring av dina skor och tillbeh\u00f6r, \u00e4r skost\u00e4llet en praktisk l\u00f6sning i mindre entr\u00e9er eller korridorer.<\/p>\n<p>Beskrivning:<\/p>\n<ul>\n<li> Enkelt modernt design, passar in i de flesta inomhusmilj\u00f6er<\/li>\n<li> Har ett dolt sk\u00e5p med 3 inre fack, varje fack rymmer upp till 3 par skor<\/li>\n<li> Det \u00f6vre hyllan p\u00e5 skost\u00e4llet \u00e4r rymligt nog att rymma nycklar, hattar och andra sm\u00e5 tillbeh\u00f6r<\/li>\n<li> Det nedre \u00f6ppna hyllan p\u00e5 skosk\u00e5pet ger enkel tillg\u00e5ng till skorna<\/li>\n<li> Skof\u00f6rvaringen \u00e4r tillverkad av sp\u00e5nskiva f\u00f6r enkel reng\u00f6ring, medan ben och handtag av h\u00e5rdtr\u00e4 \u00f6kar h\u00e5llbarheten<\/li>\n<li> Designen med upph\u00f6jda ben f\u00f6rhindrar fuktskador underifr\u00e5n<\/li>\n<li> Montering kr\u00e4vs<\/li>\n<\/ul>\n<p> Tekniska data:<\/p>\n<ul>\n<li> F\u00e4rg: Vit<\/li>\n<li> Material: Sp\u00e5nskiva, massivt tr\u00e4<\/li>\n<li> Totala m\u00e5tt: 60L x 30B x 92H cm<\/li>\n<li> Storlek p\u00e5 \u00f6vre hyllplan: 57L x 28,3B x 7,5H cm<\/li>\n<li> Storlek p\u00e5 inre hylla: 57L x 26B x 16,7H cm<\/li>\n<li> Storlek p\u00e5 nedre hyllplan: 57L x 26B x 16,5H cm<\/li>\n<li> Benstorlek: \u00d83 x 11H cm<\/li>\n<li> B\u00e4rkapacitet: 25 kg (totalt), 5 kg (hylla)<\/li>\n<\/ul>\n<p>Leveransinneh\u00e5ll:<\/p>\n<ul>\n<li> 1 x Skosk\u00e5p<\/li>\n<li> 1 x Instruktioner<\/li>\n<\/ul>\n","protected":false},"excerpt":{"rendered":"<p>Med sin enkla, smala och moderna utseende passar TRUUSK skosk\u00e5pet f\u00f6r olika inredningsstilar. Med ett dolt sk\u00e5p och tv\u00e5 \u00f6ppna&#8230;<\/p>\n","protected":false},"featured_media":68340,"template":"","meta":[],"product_brand":[],"product_cat":[893,871,530],"product_tag":[],"class_list":{"0":"post-68349","1":"product","2":"type-product","3":"status-publish","4":"has-post-thumbnail","6":"product_cat-garderob-hall","7":"product_cat-hus-hem","8":"product_cat-skoskap","10":"first","11":"instock","12":"sale","13":"taxable","14":"shipping-taxable","15":"purchasable","16":"product-type-simple"},"yoast_head":"<!-- This site is optimized with the Yoast SEO plugin v25.4 - https:\/\/yoast.com\/wordpress\/plugins\/seo\/ -->\n<title>TRUUSK Skohylla f\u00f6r 12 Skor - Modern Skokommod i Massivt Tr\u00e4 - Med D\u00f6rrar och Hyllor - F\u00f6r Hall och Entr\u00e9 - 60 x 30 x 92 cm - Vit - TRUUSK - Hem, Tr\u00e4dg\u00e5rd &amp; Fritid<\/title>\n<meta name=\"robots\" content=\"index, follow, max-snippet:-1, max-image-preview:large, max-video-preview:-1\" \/>\n<link rel=\"canonical\" href=\"https:\/\/truusk.store\/sv\/produkt\/truusk-skohylla-for-12-skor-modern-skokommod-i-massivt-tra-med-dorrar-och-hyllor-for-hall-och-entre-60-x-30-x-92-cm-vit\/\" \/>\n<meta property=\"og:locale\" content=\"sv_SE\" \/>\n<meta property=\"og:type\" content=\"article\" \/>\n<meta property=\"og:title\" content=\"TRUUSK Skohylla f\u00f6r 12 Skor - Modern Skokommod i Massivt Tr\u00e4 - Med D\u00f6rrar och Hyllor - F\u00f6r Hall och Entr\u00e9 - 60 x 30 x 92 cm - Vit - TRUUSK - Hem, Tr\u00e4dg\u00e5rd &amp; Fritid\" \/>\n<meta property=\"og:description\" content=\"Med sin enkla, smala och moderna utseende passar TRUUSK skosk\u00e5pet f\u00f6r olika inredningsstilar. Med ett dolt sk\u00e5p och tv\u00e5 \u00f6ppna...\" \/>\n<meta property=\"og:url\" content=\"https:\/\/truusk.store\/sv\/produkt\/truusk-skohylla-for-12-skor-modern-skokommod-i-massivt-tra-med-dorrar-och-hyllor-for-hall-och-entre-60-x-30-x-92-cm-vit\/\" \/>\n<meta property=\"og:site_name\" content=\"TRUUSK - Hem, Tr\u00e4dg\u00e5rd &amp; Fritid\" \/>\n<meta property=\"article:modified_time\" content=\"2026-03-12T07:41:05+00:00\" \/>\n<meta property=\"og:image\" content=\"https:\/\/i0.wp.com\/truusk.se\/wp-content\/uploads\/2025\/06\/skoskap-skohylla-med-dorrar-och-hyllor-for-12-skor-modern-skokommod-skohyllor-for-hall-och-entre-massivt-tra-60-x-30-x-92-cm-vit-1.webp?fit=2000%2C2000&ssl=1\" \/>\n\t<meta property=\"og:image:width\" content=\"2000\" \/>\n\t<meta property=\"og:image:height\" content=\"2000\" \/>\n\t<meta property=\"og:image:type\" content=\"image\/webp\" \/>\n<meta name=\"twitter:card\" content=\"summary_large_image\" \/>\n<meta name=\"twitter:label1\" content=\"Ber\u00e4knad l\u00e4stid\" \/>\n\t<meta name=\"twitter:data1\" content=\"1 minut\" \/>\n<!-- \/ Yoast SEO plugin. -->","yoast_head_json":{"title":"TRUUSK Skohylla f\u00f6r 12 Skor - Modern Skokommod i Massivt Tr\u00e4 - Med D\u00f6rrar och Hyllor - F\u00f6r Hall och Entr\u00e9 - 60 x 30 x 92 cm - Vit - TRUUSK - Hem, Tr\u00e4dg\u00e5rd &amp; Fritid","robots":{"index":"index","follow":"follow","max-snippet":"max-snippet:-1","max-image-preview":"max-image-preview:large","max-video-preview":"max-video-preview:-1"},"canonical":"https:\/\/truusk.store\/sv\/produkt\/truusk-skohylla-for-12-skor-modern-skokommod-i-massivt-tra-med-dorrar-och-hyllor-for-hall-och-entre-60-x-30-x-92-cm-vit\/","og_locale":"sv_SE","og_type":"article","og_title":"TRUUSK Skohylla f\u00f6r 12 Skor - Modern Skokommod i Massivt Tr\u00e4 - Med D\u00f6rrar och Hyllor - F\u00f6r Hall och Entr\u00e9 - 60 x 30 x 92 cm - Vit - TRUUSK - Hem, Tr\u00e4dg\u00e5rd &amp; Fritid","og_description":"Med sin enkla, smala och moderna utseende passar TRUUSK skosk\u00e5pet f\u00f6r olika inredningsstilar. Med ett dolt sk\u00e5p och tv\u00e5 \u00f6ppna...","og_url":"https:\/\/truusk.store\/sv\/produkt\/truusk-skohylla-for-12-skor-modern-skokommod-i-massivt-tra-med-dorrar-och-hyllor-for-hall-och-entre-60-x-30-x-92-cm-vit\/","og_site_name":"TRUUSK - Hem, Tr\u00e4dg\u00e5rd &amp; Fritid","article_modified_time":"2026-03-12T07:41:05+00:00","og_image":[{"width":2000,"height":2000,"url":"https:\/\/i0.wp.com\/truusk.se\/wp-content\/uploads\/2025\/06\/skoskap-skohylla-med-dorrar-och-hyllor-for-12-skor-modern-skokommod-skohyllor-for-hall-och-entre-massivt-tra-60-x-30-x-92-cm-vit-1.webp?fit=2000%2C2000&ssl=1","type":"image\/webp"}],"twitter_card":"summary_large_image","twitter_misc":{"Ber\u00e4knad l\u00e4stid":"1 minut"},"schema":{"@context":"https:\/\/schema.org","@graph":[{"@type":"WebPage","@id":"https:\/\/truusk.store\/sv\/produkt\/truusk-skohylla-for-12-skor-modern-skokommod-i-massivt-tra-med-dorrar-och-hyllor-for-hall-och-entre-60-x-30-x-92-cm-vit\/","url":"https:\/\/truusk.store\/sv\/produkt\/truusk-skohylla-for-12-skor-modern-skokommod-i-massivt-tra-med-dorrar-och-hyllor-for-hall-och-entre-60-x-30-x-92-cm-vit\/","name":"TRUUSK Skohylla f\u00f6r 12 Skor - Modern Skokommod i Massivt Tr\u00e4 - Med D\u00f6rrar och Hyllor - F\u00f6r Hall och Entr\u00e9 - 60 x 30 x 92 cm - Vit - TRUUSK - Hem, Tr\u00e4dg\u00e5rd &amp; Fritid","isPartOf":{"@id":"https:\/\/truusk.store\/sv\/#website"},"primaryImageOfPage":{"@id":"https:\/\/truusk.store\/sv\/produkt\/truusk-skohylla-for-12-skor-modern-skokommod-i-massivt-tra-med-dorrar-och-hyllor-for-hall-och-entre-60-x-30-x-92-cm-vit\/#primaryimage"},"image":{"@id":"https:\/\/truusk.store\/sv\/produkt\/truusk-skohylla-for-12-skor-modern-skokommod-i-massivt-tra-med-dorrar-och-hyllor-for-hall-och-entre-60-x-30-x-92-cm-vit\/#primaryimage"},"thumbnailUrl":"https:\/\/i0.wp.com\/truusk.store\/wp-content\/uploads\/2025\/06\/skoskap-skohylla-med-dorrar-och-hyllor-for-12-skor-modern-skokommod-skohyllor-for-hall-och-entre-massivt-tra-60-x-30-x-92-cm-vit-1.webp?fit=2000%2C2000&ssl=1","datePublished":"2025-06-05T14:57:43+00:00","dateModified":"2026-03-12T07:41:05+00:00","breadcrumb":{"@id":"https:\/\/truusk.store\/sv\/produkt\/truusk-skohylla-for-12-skor-modern-skokommod-i-massivt-tra-med-dorrar-och-hyllor-for-hall-och-entre-60-x-30-x-92-cm-vit\/#breadcrumb"},"inLanguage":"sv-SE","potentialAction":[{"@type":"ReadAction","target":["https:\/\/truusk.store\/sv\/produkt\/truusk-skohylla-for-12-skor-modern-skokommod-i-massivt-tra-med-dorrar-och-hyllor-for-hall-och-entre-60-x-30-x-92-cm-vit\/"]}]},{"@type":"ImageObject","inLanguage":"sv-SE","@id":"https:\/\/truusk.store\/sv\/produkt\/truusk-skohylla-for-12-skor-modern-skokommod-i-massivt-tra-med-dorrar-och-hyllor-for-hall-och-entre-60-x-30-x-92-cm-vit\/#primaryimage","url":"https:\/\/i0.wp.com\/truusk.store\/wp-content\/uploads\/2025\/06\/skoskap-skohylla-med-dorrar-och-hyllor-for-12-skor-modern-skokommod-skohyllor-for-hall-och-entre-massivt-tra-60-x-30-x-92-cm-vit-1.webp?fit=2000%2C2000&ssl=1","contentUrl":"https:\/\/i0.wp.com\/truusk.store\/wp-content\/uploads\/2025\/06\/skoskap-skohylla-med-dorrar-och-hyllor-for-12-skor-modern-skokommod-skohyllor-for-hall-och-entre-massivt-tra-60-x-30-x-92-cm-vit-1.webp?fit=2000%2C2000&ssl=1","width":2000,"height":2000},{"@type":"BreadcrumbList","@id":"https:\/\/truusk.store\/sv\/produkt\/truusk-skohylla-for-12-skor-modern-skokommod-i-massivt-tra-med-dorrar-och-hyllor-for-hall-och-entre-60-x-30-x-92-cm-vit\/#breadcrumb","itemListElement":[{"@type":"ListItem","position":1,"name":"Home","item":"https:\/\/truusk.store\/sv\/"},{"@type":"ListItem","position":2,"name":"Shop","item":"https:\/\/truusk.store\/shop\/"},{"@type":"ListItem","position":3,"name":"TRUUSK Skohylla f\u00f6r 12 Skor &#8211; Modern Skokommod i Massivt Tr\u00e4 &#8211; Med D\u00f6rrar och Hyllor &#8211; F\u00f6r Hall och Entr\u00e9 &#8211; 60 x 30 x 92 cm &#8211; Vit"}]},{"@type":"WebSite","@id":"https:\/\/truusk.store\/sv\/#website","url":"https:\/\/truusk.store\/sv\/","name":"TRUUSK - Hem, Tr\u00e4dg\u00e5rd & Fritid","description":"","publisher":{"@id":"https:\/\/truusk.store\/sv\/#organization"},"potentialAction":[{"@type":"SearchAction","target":{"@type":"EntryPoint","urlTemplate":"https:\/\/truusk.store\/sv\/?s={search_term_string}"},"query-input":{"@type":"PropertyValueSpecification","valueRequired":true,"valueName":"search_term_string"}}],"inLanguage":"sv-SE"},{"@type":"Organization","@id":"https:\/\/truusk.store\/sv\/#organization","name":"TRUUSK - Hem, Tr\u00e4dg\u00e5rd & Fritid","url":"https:\/\/truusk.store\/sv\/","logo":{"@type":"ImageObject","inLanguage":"sv-SE","@id":"https:\/\/truusk.store\/sv\/#\/schema\/logo\/image\/","url":"https:\/\/i0.wp.com\/truusk.store\/wp-content\/uploads\/2026\/03\/cropped-TRUUSK.png?fit=2032%2C917&ssl=1","contentUrl":"https:\/\/i0.wp.com\/truusk.store\/wp-content\/uploads\/2026\/03\/cropped-TRUUSK.png?fit=2032%2C917&ssl=1","width":2032,"height":917,"caption":"TRUUSK - Hem, Tr\u00e4dg\u00e5rd & Fritid"},"image":{"@id":"https:\/\/truusk.store\/sv\/#\/schema\/logo\/image\/"}}]}},"jetpack_sharing_enabled":true,"_links":{"self":[{"href":"https:\/\/truusk.store\/sv\/wp-json\/wp\/v2\/product\/68349","targetHints":{"allow":["GET"]}}],"collection":[{"href":"https:\/\/truusk.store\/sv\/wp-json\/wp\/v2\/product"}],"about":[{"href":"https:\/\/truusk.store\/sv\/wp-json\/wp\/v2\/types\/product"}],"wp:featuredmedia":[{"embeddable":true,"href":"https:\/\/truusk.store\/sv\/wp-json\/wp\/v2\/media\/68340"}],"wp:attachment":[{"href":"https:\/\/truusk.store\/sv\/wp-json\/wp\/v2\/media?parent=68349"}],"wp:term":[{"taxonomy":"product_brand","embeddable":true,"href":"https:\/\/truusk.store\/sv\/wp-json\/wp\/v2\/product_brand?post=68349"},{"taxonomy":"product_cat","embeddable":true,"href":"https:\/\/truusk.store\/sv\/wp-json\/wp\/v2\/product_cat?post=68349"},{"taxonomy":"product_tag","embeddable":true,"href":"https:\/\/truusk.store\/sv\/wp-json\/wp\/v2\/product_tag?post=68349"}],"curies":[{"name":"wp","href":"https:\/\/api.w.org\/{rel}","templated":true}]}}