{"id":68359,"date":"2025-06-05T15:58:43","date_gmt":"2025-06-05T14:58:43","guid":{"rendered":"https:\/\/truusk.store\/product\/garderob-pa-hjul-mobil-garderob-1-kladstang-3-hyllor-garderobsskap-rullbar-kladstallning-for-hall-sovrum-80-x-40-x-128-cm-vit\/"},"modified":"2026-03-12T08:41:06","modified_gmt":"2026-03-12T07:41:06","slug":"truusk-mobil-garderob-pa-hjul-1-kladstang-3-hyllor-garderobsskap-rullbar-kladstallning-vit-80-x-40-x-128-cm","status":"publish","type":"product","link":"https:\/\/truusk.store\/sv\/produkt\/truusk-mobil-garderob-pa-hjul-1-kladstang-3-hyllor-garderobsskap-rullbar-kladstallning-vit-80-x-40-x-128-cm\/","title":{"rendered":"TRUUSK Mobil Garderob P\u00e5 Hjul &#8211; 1 Kl\u00e4dst\u00e5ng &#8211; 3 Hyllor &#8211; Garderobssk\u00e5p &#8211; Rullbar Kl\u00e4dst\u00e4llning &#8211; Vit &#8211; 80 x 40 x 128 cm"},"content":{"rendered":"<p>Detta h\u00f6gkvalitativa, mobila, \u00f6ppna sk\u00e5p fr\u00e5n TRUUSK \u00e4r perfekt f\u00f6r f\u00f6rvaring och organisering av dina kl\u00e4der. Det levereras med en kl\u00e4dst\u00e5ng och tre hyllor och erbjuder gott om plats f\u00f6r kl\u00e4der, skor och accessoarer. Hjulen under sk\u00e5pet g\u00f6r det m\u00f6jligt f\u00f6r dig att enkelt skjuta kl\u00e4dst\u00e4llet dit du beh\u00f6ver det.<\/p>\n<p>Beskrivning:<\/p>\n<ul>\n<li> Elegant, modern design<\/li>\n<li> Idealisk f\u00f6r sovrum, k\u00e4llare, g\u00e4strum eller hall<\/li>\n<li> Det \u00f6ppna kl\u00e4dsk\u00e5pet best\u00e5r av en kl\u00e4dst\u00e5ng och tre fack<\/li>\n<li> Fyra hjul g\u00f6r det m\u00f6jligt f\u00f6r dig att enkelt flytta ditt sk\u00e5p dit du beh\u00f6ver det<\/li>\n<li> Tillverkat av h\u00f6gkvalitativt tr\u00e4material. Melaminytan \u00e4r vatten- och repfast<\/li>\n<li> L\u00e4tt att reng\u00f6ra och smutsavvisande<\/li>\n<li> Levereras med monteringsanvisningar och \u00e4r platt f\u00f6rpackad<\/li>\n<\/ul>\n<p> Tekniska data:<\/p>\n<ul>\n<li> F\u00e4rg: Vit<\/li>\n<li> Material: Sp\u00e5nskiva, metall<\/li>\n<li> Totala m\u00e5tt: 80L x 40B x 128H cm<\/li>\n<li> Hyllstorlek: 30B x 40T x 39H cm<\/li>\n<li> Maximal belastningskapacitet f\u00f6r garderoben: 15 kg<\/li>\n<li> Belastningskapacitet f\u00f6r st\u00e5ngen: 10 kg<\/li>\n<\/ul>\n<p>Leveransinneh\u00e5ll:<\/p>\n<ul>\n<li> 1 x Garderob<\/li>\n<li> 1 x Instruktioner<\/li>\n<\/ul>\n","protected":false},"excerpt":{"rendered":"<p>Detta h\u00f6gkvalitativa, mobila, \u00f6ppna sk\u00e5p fr\u00e5n TRUUSK \u00e4r perfekt f\u00f6r f\u00f6rvaring och organisering av dina kl\u00e4der. Det levereras med en&#8230;<\/p>\n","protected":false},"featured_media":68350,"template":"","meta":[],"product_brand":[],"product_cat":[558,871,897],"product_tag":[],"class_list":{"0":"post-68359","1":"product","2":"type-product","3":"status-publish","4":"has-post-thumbnail","6":"product_cat-garderober","7":"product_cat-hus-hem","8":"product_cat-sovrum","10":"first","11":"instock","12":"sale","13":"taxable","14":"shipping-taxable","15":"purchasable","16":"product-type-simple"},"yoast_head":"<!-- This site is optimized with the Yoast SEO plugin v25.4 - https:\/\/yoast.com\/wordpress\/plugins\/seo\/ -->\n<title>TRUUSK Mobil Garderob P\u00e5 Hjul - 1 Kl\u00e4dst\u00e5ng - 3 Hyllor - Garderobssk\u00e5p - Rullbar Kl\u00e4dst\u00e4llning - Vit - 80 x 40 x 128 cm - TRUUSK - Hem, Tr\u00e4dg\u00e5rd &amp; Fritid<\/title>\n<meta name=\"robots\" content=\"index, follow, max-snippet:-1, max-image-preview:large, max-video-preview:-1\" \/>\n<link rel=\"canonical\" href=\"https:\/\/truusk.store\/sv\/produkt\/truusk-mobil-garderob-pa-hjul-1-kladstang-3-hyllor-garderobsskap-rullbar-kladstallning-vit-80-x-40-x-128-cm\/\" \/>\n<meta property=\"og:locale\" content=\"sv_SE\" \/>\n<meta property=\"og:type\" content=\"article\" \/>\n<meta property=\"og:title\" content=\"TRUUSK Mobil Garderob P\u00e5 Hjul - 1 Kl\u00e4dst\u00e5ng - 3 Hyllor - Garderobssk\u00e5p - Rullbar Kl\u00e4dst\u00e4llning - Vit - 80 x 40 x 128 cm - TRUUSK - Hem, Tr\u00e4dg\u00e5rd &amp; Fritid\" \/>\n<meta property=\"og:description\" content=\"Detta h\u00f6gkvalitativa, mobila, \u00f6ppna sk\u00e5p fr\u00e5n TRUUSK \u00e4r perfekt f\u00f6r f\u00f6rvaring och organisering av dina kl\u00e4der. Det levereras med en...\" \/>\n<meta property=\"og:url\" content=\"https:\/\/truusk.store\/sv\/produkt\/truusk-mobil-garderob-pa-hjul-1-kladstang-3-hyllor-garderobsskap-rullbar-kladstallning-vit-80-x-40-x-128-cm\/\" \/>\n<meta property=\"og:site_name\" content=\"TRUUSK - Hem, Tr\u00e4dg\u00e5rd &amp; Fritid\" \/>\n<meta property=\"article:modified_time\" content=\"2026-03-12T07:41:06+00:00\" \/>\n<meta property=\"og:image\" content=\"https:\/\/i0.wp.com\/truusk.se\/wp-content\/uploads\/2025\/06\/garderob-pa-hjul-mobil-garderob-1-kladstang-3-hyllor-garderobsskap-rullbar-kladstallning-for-hall-sovrum-80-x-40-x-128-cm-vit-1.webp?fit=2000%2C2000&ssl=1\" \/>\n\t<meta property=\"og:image:width\" content=\"2000\" \/>\n\t<meta property=\"og:image:height\" content=\"2000\" \/>\n\t<meta property=\"og:image:type\" content=\"image\/webp\" \/>\n<meta name=\"twitter:card\" content=\"summary_large_image\" \/>\n<meta name=\"twitter:label1\" content=\"Ber\u00e4knad l\u00e4stid\" \/>\n\t<meta name=\"twitter:data1\" content=\"1 minut\" \/>\n<!-- \/ Yoast SEO plugin. -->","yoast_head_json":{"title":"TRUUSK Mobil Garderob P\u00e5 Hjul - 1 Kl\u00e4dst\u00e5ng - 3 Hyllor - Garderobssk\u00e5p - Rullbar Kl\u00e4dst\u00e4llning - Vit - 80 x 40 x 128 cm - TRUUSK - Hem, Tr\u00e4dg\u00e5rd &amp; Fritid","robots":{"index":"index","follow":"follow","max-snippet":"max-snippet:-1","max-image-preview":"max-image-preview:large","max-video-preview":"max-video-preview:-1"},"canonical":"https:\/\/truusk.store\/sv\/produkt\/truusk-mobil-garderob-pa-hjul-1-kladstang-3-hyllor-garderobsskap-rullbar-kladstallning-vit-80-x-40-x-128-cm\/","og_locale":"sv_SE","og_type":"article","og_title":"TRUUSK Mobil Garderob P\u00e5 Hjul - 1 Kl\u00e4dst\u00e5ng - 3 Hyllor - Garderobssk\u00e5p - Rullbar Kl\u00e4dst\u00e4llning - Vit - 80 x 40 x 128 cm - TRUUSK - Hem, Tr\u00e4dg\u00e5rd &amp; Fritid","og_description":"Detta h\u00f6gkvalitativa, mobila, \u00f6ppna sk\u00e5p fr\u00e5n TRUUSK \u00e4r perfekt f\u00f6r f\u00f6rvaring och organisering av dina kl\u00e4der. Det levereras med en...","og_url":"https:\/\/truusk.store\/sv\/produkt\/truusk-mobil-garderob-pa-hjul-1-kladstang-3-hyllor-garderobsskap-rullbar-kladstallning-vit-80-x-40-x-128-cm\/","og_site_name":"TRUUSK - Hem, Tr\u00e4dg\u00e5rd &amp; Fritid","article_modified_time":"2026-03-12T07:41:06+00:00","og_image":[{"width":2000,"height":2000,"url":"https:\/\/i0.wp.com\/truusk.se\/wp-content\/uploads\/2025\/06\/garderob-pa-hjul-mobil-garderob-1-kladstang-3-hyllor-garderobsskap-rullbar-kladstallning-for-hall-sovrum-80-x-40-x-128-cm-vit-1.webp?fit=2000%2C2000&ssl=1","type":"image\/webp"}],"twitter_card":"summary_large_image","twitter_misc":{"Ber\u00e4knad l\u00e4stid":"1 minut"},"schema":{"@context":"https:\/\/schema.org","@graph":[{"@type":"WebPage","@id":"https:\/\/truusk.store\/sv\/produkt\/truusk-mobil-garderob-pa-hjul-1-kladstang-3-hyllor-garderobsskap-rullbar-kladstallning-vit-80-x-40-x-128-cm\/","url":"https:\/\/truusk.store\/sv\/produkt\/truusk-mobil-garderob-pa-hjul-1-kladstang-3-hyllor-garderobsskap-rullbar-kladstallning-vit-80-x-40-x-128-cm\/","name":"TRUUSK Mobil Garderob P\u00e5 Hjul - 1 Kl\u00e4dst\u00e5ng - 3 Hyllor - Garderobssk\u00e5p - Rullbar Kl\u00e4dst\u00e4llning - Vit - 80 x 40 x 128 cm - TRUUSK - Hem, Tr\u00e4dg\u00e5rd &amp; Fritid","isPartOf":{"@id":"https:\/\/truusk.store\/sv\/#website"},"primaryImageOfPage":{"@id":"https:\/\/truusk.store\/sv\/produkt\/truusk-mobil-garderob-pa-hjul-1-kladstang-3-hyllor-garderobsskap-rullbar-kladstallning-vit-80-x-40-x-128-cm\/#primaryimage"},"image":{"@id":"https:\/\/truusk.store\/sv\/produkt\/truusk-mobil-garderob-pa-hjul-1-kladstang-3-hyllor-garderobsskap-rullbar-kladstallning-vit-80-x-40-x-128-cm\/#primaryimage"},"thumbnailUrl":"https:\/\/i0.wp.com\/truusk.store\/wp-content\/uploads\/2025\/06\/garderob-pa-hjul-mobil-garderob-1-kladstang-3-hyllor-garderobsskap-rullbar-kladstallning-for-hall-sovrum-80-x-40-x-128-cm-vit-1.webp?fit=2000%2C2000&ssl=1","datePublished":"2025-06-05T14:58:43+00:00","dateModified":"2026-03-12T07:41:06+00:00","breadcrumb":{"@id":"https:\/\/truusk.store\/sv\/produkt\/truusk-mobil-garderob-pa-hjul-1-kladstang-3-hyllor-garderobsskap-rullbar-kladstallning-vit-80-x-40-x-128-cm\/#breadcrumb"},"inLanguage":"sv-SE","potentialAction":[{"@type":"ReadAction","target":["https:\/\/truusk.store\/sv\/produkt\/truusk-mobil-garderob-pa-hjul-1-kladstang-3-hyllor-garderobsskap-rullbar-kladstallning-vit-80-x-40-x-128-cm\/"]}]},{"@type":"ImageObject","inLanguage":"sv-SE","@id":"https:\/\/truusk.store\/sv\/produkt\/truusk-mobil-garderob-pa-hjul-1-kladstang-3-hyllor-garderobsskap-rullbar-kladstallning-vit-80-x-40-x-128-cm\/#primaryimage","url":"https:\/\/i0.wp.com\/truusk.store\/wp-content\/uploads\/2025\/06\/garderob-pa-hjul-mobil-garderob-1-kladstang-3-hyllor-garderobsskap-rullbar-kladstallning-for-hall-sovrum-80-x-40-x-128-cm-vit-1.webp?fit=2000%2C2000&ssl=1","contentUrl":"https:\/\/i0.wp.com\/truusk.store\/wp-content\/uploads\/2025\/06\/garderob-pa-hjul-mobil-garderob-1-kladstang-3-hyllor-garderobsskap-rullbar-kladstallning-for-hall-sovrum-80-x-40-x-128-cm-vit-1.webp?fit=2000%2C2000&ssl=1","width":2000,"height":2000},{"@type":"BreadcrumbList","@id":"https:\/\/truusk.store\/sv\/produkt\/truusk-mobil-garderob-pa-hjul-1-kladstang-3-hyllor-garderobsskap-rullbar-kladstallning-vit-80-x-40-x-128-cm\/#breadcrumb","itemListElement":[{"@type":"ListItem","position":1,"name":"Home","item":"https:\/\/truusk.store\/sv\/"},{"@type":"ListItem","position":2,"name":"Shop","item":"https:\/\/truusk.store\/shop\/"},{"@type":"ListItem","position":3,"name":"TRUUSK Mobil Garderob P\u00e5 Hjul &#8211; 1 Kl\u00e4dst\u00e5ng &#8211; 3 Hyllor &#8211; Garderobssk\u00e5p &#8211; Rullbar Kl\u00e4dst\u00e4llning &#8211; Vit &#8211; 80 x 40 x 128 cm"}]},{"@type":"WebSite","@id":"https:\/\/truusk.store\/sv\/#website","url":"https:\/\/truusk.store\/sv\/","name":"TRUUSK - Hem, Tr\u00e4dg\u00e5rd & Fritid","description":"","publisher":{"@id":"https:\/\/truusk.store\/sv\/#organization"},"potentialAction":[{"@type":"SearchAction","target":{"@type":"EntryPoint","urlTemplate":"https:\/\/truusk.store\/sv\/?s={search_term_string}"},"query-input":{"@type":"PropertyValueSpecification","valueRequired":true,"valueName":"search_term_string"}}],"inLanguage":"sv-SE"},{"@type":"Organization","@id":"https:\/\/truusk.store\/sv\/#organization","name":"TRUUSK - Hem, Tr\u00e4dg\u00e5rd & Fritid","url":"https:\/\/truusk.store\/sv\/","logo":{"@type":"ImageObject","inLanguage":"sv-SE","@id":"https:\/\/truusk.store\/sv\/#\/schema\/logo\/image\/","url":"https:\/\/i0.wp.com\/truusk.store\/wp-content\/uploads\/2026\/03\/cropped-TRUUSK.png?fit=2032%2C917&ssl=1","contentUrl":"https:\/\/i0.wp.com\/truusk.store\/wp-content\/uploads\/2026\/03\/cropped-TRUUSK.png?fit=2032%2C917&ssl=1","width":2032,"height":917,"caption":"TRUUSK - Hem, Tr\u00e4dg\u00e5rd & Fritid"},"image":{"@id":"https:\/\/truusk.store\/sv\/#\/schema\/logo\/image\/"}}]}},"jetpack_sharing_enabled":true,"_links":{"self":[{"href":"https:\/\/truusk.store\/sv\/wp-json\/wp\/v2\/product\/68359","targetHints":{"allow":["GET"]}}],"collection":[{"href":"https:\/\/truusk.store\/sv\/wp-json\/wp\/v2\/product"}],"about":[{"href":"https:\/\/truusk.store\/sv\/wp-json\/wp\/v2\/types\/product"}],"wp:featuredmedia":[{"embeddable":true,"href":"https:\/\/truusk.store\/sv\/wp-json\/wp\/v2\/media\/68350"}],"wp:attachment":[{"href":"https:\/\/truusk.store\/sv\/wp-json\/wp\/v2\/media?parent=68359"}],"wp:term":[{"taxonomy":"product_brand","embeddable":true,"href":"https:\/\/truusk.store\/sv\/wp-json\/wp\/v2\/product_brand?post=68359"},{"taxonomy":"product_cat","embeddable":true,"href":"https:\/\/truusk.store\/sv\/wp-json\/wp\/v2\/product_cat?post=68359"},{"taxonomy":"product_tag","embeddable":true,"href":"https:\/\/truusk.store\/sv\/wp-json\/wp\/v2\/product_tag?post=68359"}],"curies":[{"name":"wp","href":"https:\/\/api.w.org\/{rel}","templated":true}]}}