{"id":68389,"date":"2025-06-05T16:02:00","date_gmt":"2025-06-05T15:02:00","guid":{"rendered":"https:\/\/truusk.store\/product\/3-vanings-vaxtstall-med-hangstang-krokar-blomstall-for-inomhus-metallvaxthylla-flervanings-blomhylla-137cm-hog-blomtrappa-for-vardagsrum-tradgard-balkong-svart\/"},"modified":"2026-03-12T09:45:32","modified_gmt":"2026-03-12T08:45:32","slug":"truusk-3-vanings-vaxtstall-med-hangstang-krokar-blomstall-for-inomhus-metallvaxthylla-flervanings-blomhylla-137cm-hog","status":"publish","type":"product","link":"https:\/\/truusk.store\/sv\/produkt\/truusk-3-vanings-vaxtstall-med-hangstang-krokar-blomstall-for-inomhus-metallvaxthylla-flervanings-blomhylla-137cm-hog\/","title":{"rendered":"TRUUSK 3-v\u00e5nings V\u00e4xtst\u00e4ll Med H\u00e4ngst\u00e5ng &#8211; Krokar &#8211; Blomst\u00e4ll F\u00f6r Inomhus &#8211; Metallv\u00e4xthylla &#8211; Flerv\u00e5nings Blomhylla &#8211; 137cm H\u00f6g"},"content":{"rendered":"<p>F\u00f6rh\u00f6j din v\u00e4xtv\u00e4rlds flair med TRUUSK blomst\u00e4ll! Denna trestegskonstruktion av blomstertrappan presenterar inte bara dina v\u00e4xter stilfullt, utan inneh\u00e5ller ocks\u00e5 anv\u00e4ndbara h\u00e4ngkrokar f\u00f6r krukor och verktyg. Tillverkad av rostfritt, pulverlackerat metall, \u00e4r blomstertrappan l\u00e4mplig b\u00e5de f\u00f6r inomhus och utomhus. De \u00f6ppna gitterna f\u00f6rhindrar vattenstagnation och g\u00f6r den till det idealiska valet i alla omr\u00e5den.<\/p>\n<p>Beskrivning:<\/p>\n<ul>\n<li> Det trestegsdesign av blomstertrappan maximerar utrymmet f\u00f6r v\u00e4xter och dekorationer<\/li>\n<li> Inneh\u00e5ller tre h\u00e4ngkrokar f\u00f6r krukor och tr\u00e4dg\u00e5rdsverktyg<\/li>\n<li> Pulverlackerat metall av blomstertrappan \u00e4r rostbest\u00e4ndigt och l\u00e4mpligt f\u00f6r utomhusbruk<\/li>\n<li> H\u00e5lgitter av blomstertrappan m\u00f6jligg\u00f6r vattenavlopp f\u00f6r att f\u00f6rhindra r\u00f6ta<\/li>\n<li> M\u00e5ngsidigt anv\u00e4ndbar som v\u00e4xt- eller skohylla<\/li>\n<li> Enkel montering<\/li>\n<\/ul>\n<p> Tekniska data:<\/p>\n<ul>\n<li> F\u00e4rg: Svart<\/li>\n<li> Material: Metall<\/li>\n<li> Totala dimensioner: 75L x 25B x 137H cm<\/li>\n<li> Hyllstorlek: 68L x 24B x 29H cm, 68L x 24B x 24H cm, 68L x 19B cm<\/li>\n<li> H\u00f6jd p\u00e5 den l\u00e4gsta hyllan: 6 cm (till golvet)<\/li>\n<li> Max. belastning: 20 kg (varje niv\u00e5), 3 kg (varje krok)<\/li>\n<\/ul>\n<p>Leveransinneh\u00e5ll:<\/p>\n<ul>\n<li> 1 x Blomst\u00e4ll<\/li>\n<li> 3 x Krok<\/li>\n<li> 1 x Handbok<\/li>\n<\/ul>\n","protected":false},"excerpt":{"rendered":"<p>F\u00f6rh\u00f6j din v\u00e4xtv\u00e4rlds flair med TRUUSK blomst\u00e4ll! Denna trestegskonstruktion av blomstertrappan presenterar inte bara dina v\u00e4xter stilfullt, utan inneh\u00e5ller ocks\u00e5&#8230;<\/p>\n","protected":false},"featured_media":68380,"template":"","meta":[],"product_brand":[],"product_cat":[1022,448,858,443],"product_tag":[],"class_list":{"0":"post-68389","1":"product","2":"type-product","3":"status-publish","4":"has-post-thumbnail","6":"product_cat-pflanzenregale","7":"product_cat-plantera-trappor-hyllor","8":"product_cat-tradgard-terrass","9":"product_cat-vaxthus-tradgardsskotsel","11":"first","12":"instock","13":"sale","14":"taxable","15":"shipping-taxable","16":"purchasable","17":"product-type-simple"},"yoast_head":"<!-- This site is optimized with the Yoast SEO plugin v25.4 - https:\/\/yoast.com\/wordpress\/plugins\/seo\/ -->\n<title>TRUUSK 3-v\u00e5nings V\u00e4xtst\u00e4ll Med H\u00e4ngst\u00e5ng - Krokar - Blomst\u00e4ll F\u00f6r Inomhus - Metallv\u00e4xthylla - Flerv\u00e5nings Blomhylla - 137cm H\u00f6g - TRUUSK - Hem, Tr\u00e4dg\u00e5rd &amp; Fritid<\/title>\n<meta name=\"robots\" content=\"index, follow, max-snippet:-1, max-image-preview:large, max-video-preview:-1\" \/>\n<link rel=\"canonical\" href=\"https:\/\/truusk.store\/sv\/produkt\/truusk-3-vanings-vaxtstall-med-hangstang-krokar-blomstall-for-inomhus-metallvaxthylla-flervanings-blomhylla-137cm-hog\/\" \/>\n<meta property=\"og:locale\" content=\"sv_SE\" \/>\n<meta property=\"og:type\" content=\"article\" \/>\n<meta property=\"og:title\" content=\"TRUUSK 3-v\u00e5nings V\u00e4xtst\u00e4ll Med H\u00e4ngst\u00e5ng - Krokar - Blomst\u00e4ll F\u00f6r Inomhus - Metallv\u00e4xthylla - Flerv\u00e5nings Blomhylla - 137cm H\u00f6g - TRUUSK - Hem, Tr\u00e4dg\u00e5rd &amp; Fritid\" \/>\n<meta property=\"og:description\" content=\"F\u00f6rh\u00f6j din v\u00e4xtv\u00e4rlds flair med TRUUSK blomst\u00e4ll! Denna trestegskonstruktion av blomstertrappan presenterar inte bara dina v\u00e4xter stilfullt, utan inneh\u00e5ller ocks\u00e5...\" \/>\n<meta property=\"og:url\" content=\"https:\/\/truusk.store\/sv\/produkt\/truusk-3-vanings-vaxtstall-med-hangstang-krokar-blomstall-for-inomhus-metallvaxthylla-flervanings-blomhylla-137cm-hog\/\" \/>\n<meta property=\"og:site_name\" content=\"TRUUSK - Hem, Tr\u00e4dg\u00e5rd &amp; Fritid\" \/>\n<meta property=\"article:modified_time\" content=\"2026-03-12T08:45:32+00:00\" \/>\n<meta property=\"og:image\" content=\"https:\/\/i0.wp.com\/truusk.se\/wp-content\/uploads\/2025\/06\/3-vanings-vaxtstall-med-hangstang-krokar-blomstall-for-inomhus-metallvaxthylla-flervanings-blomhylla-137cm-hog-blomtrappa-for-vardagsrum-tradgard-balkong-svart-1.webp?fit=2000%2C2000&ssl=1\" \/>\n\t<meta property=\"og:image:width\" content=\"2000\" \/>\n\t<meta property=\"og:image:height\" content=\"2000\" \/>\n\t<meta property=\"og:image:type\" content=\"image\/webp\" \/>\n<meta name=\"twitter:card\" content=\"summary_large_image\" \/>\n<meta name=\"twitter:label1\" content=\"Ber\u00e4knad l\u00e4stid\" \/>\n\t<meta name=\"twitter:data1\" content=\"1 minut\" \/>\n<!-- \/ Yoast SEO plugin. -->","yoast_head_json":{"title":"TRUUSK 3-v\u00e5nings V\u00e4xtst\u00e4ll Med H\u00e4ngst\u00e5ng - Krokar - Blomst\u00e4ll F\u00f6r Inomhus - Metallv\u00e4xthylla - Flerv\u00e5nings Blomhylla - 137cm H\u00f6g - TRUUSK - Hem, Tr\u00e4dg\u00e5rd &amp; Fritid","robots":{"index":"index","follow":"follow","max-snippet":"max-snippet:-1","max-image-preview":"max-image-preview:large","max-video-preview":"max-video-preview:-1"},"canonical":"https:\/\/truusk.store\/sv\/produkt\/truusk-3-vanings-vaxtstall-med-hangstang-krokar-blomstall-for-inomhus-metallvaxthylla-flervanings-blomhylla-137cm-hog\/","og_locale":"sv_SE","og_type":"article","og_title":"TRUUSK 3-v\u00e5nings V\u00e4xtst\u00e4ll Med H\u00e4ngst\u00e5ng - Krokar - Blomst\u00e4ll F\u00f6r Inomhus - Metallv\u00e4xthylla - Flerv\u00e5nings Blomhylla - 137cm H\u00f6g - TRUUSK - Hem, Tr\u00e4dg\u00e5rd &amp; Fritid","og_description":"F\u00f6rh\u00f6j din v\u00e4xtv\u00e4rlds flair med TRUUSK blomst\u00e4ll! Denna trestegskonstruktion av blomstertrappan presenterar inte bara dina v\u00e4xter stilfullt, utan inneh\u00e5ller ocks\u00e5...","og_url":"https:\/\/truusk.store\/sv\/produkt\/truusk-3-vanings-vaxtstall-med-hangstang-krokar-blomstall-for-inomhus-metallvaxthylla-flervanings-blomhylla-137cm-hog\/","og_site_name":"TRUUSK - Hem, Tr\u00e4dg\u00e5rd &amp; Fritid","article_modified_time":"2026-03-12T08:45:32+00:00","og_image":[{"width":2000,"height":2000,"url":"https:\/\/i0.wp.com\/truusk.se\/wp-content\/uploads\/2025\/06\/3-vanings-vaxtstall-med-hangstang-krokar-blomstall-for-inomhus-metallvaxthylla-flervanings-blomhylla-137cm-hog-blomtrappa-for-vardagsrum-tradgard-balkong-svart-1.webp?fit=2000%2C2000&ssl=1","type":"image\/webp"}],"twitter_card":"summary_large_image","twitter_misc":{"Ber\u00e4knad l\u00e4stid":"1 minut"},"schema":{"@context":"https:\/\/schema.org","@graph":[{"@type":"WebPage","@id":"https:\/\/truusk.store\/sv\/produkt\/truusk-3-vanings-vaxtstall-med-hangstang-krokar-blomstall-for-inomhus-metallvaxthylla-flervanings-blomhylla-137cm-hog\/","url":"https:\/\/truusk.store\/sv\/produkt\/truusk-3-vanings-vaxtstall-med-hangstang-krokar-blomstall-for-inomhus-metallvaxthylla-flervanings-blomhylla-137cm-hog\/","name":"TRUUSK 3-v\u00e5nings V\u00e4xtst\u00e4ll Med H\u00e4ngst\u00e5ng - Krokar - Blomst\u00e4ll F\u00f6r Inomhus - Metallv\u00e4xthylla - Flerv\u00e5nings Blomhylla - 137cm H\u00f6g - TRUUSK - Hem, Tr\u00e4dg\u00e5rd &amp; Fritid","isPartOf":{"@id":"https:\/\/truusk.store\/sv\/#website"},"primaryImageOfPage":{"@id":"https:\/\/truusk.store\/sv\/produkt\/truusk-3-vanings-vaxtstall-med-hangstang-krokar-blomstall-for-inomhus-metallvaxthylla-flervanings-blomhylla-137cm-hog\/#primaryimage"},"image":{"@id":"https:\/\/truusk.store\/sv\/produkt\/truusk-3-vanings-vaxtstall-med-hangstang-krokar-blomstall-for-inomhus-metallvaxthylla-flervanings-blomhylla-137cm-hog\/#primaryimage"},"thumbnailUrl":"https:\/\/i0.wp.com\/truusk.store\/wp-content\/uploads\/2025\/06\/3-vanings-vaxtstall-med-hangstang-krokar-blomstall-for-inomhus-metallvaxthylla-flervanings-blomhylla-137cm-hog-blomtrappa-for-vardagsrum-tradgard-balkong-svart-1.webp?fit=2000%2C2000&ssl=1","datePublished":"2025-06-05T15:02:00+00:00","dateModified":"2026-03-12T08:45:32+00:00","breadcrumb":{"@id":"https:\/\/truusk.store\/sv\/produkt\/truusk-3-vanings-vaxtstall-med-hangstang-krokar-blomstall-for-inomhus-metallvaxthylla-flervanings-blomhylla-137cm-hog\/#breadcrumb"},"inLanguage":"sv-SE","potentialAction":[{"@type":"ReadAction","target":["https:\/\/truusk.store\/sv\/produkt\/truusk-3-vanings-vaxtstall-med-hangstang-krokar-blomstall-for-inomhus-metallvaxthylla-flervanings-blomhylla-137cm-hog\/"]}]},{"@type":"ImageObject","inLanguage":"sv-SE","@id":"https:\/\/truusk.store\/sv\/produkt\/truusk-3-vanings-vaxtstall-med-hangstang-krokar-blomstall-for-inomhus-metallvaxthylla-flervanings-blomhylla-137cm-hog\/#primaryimage","url":"https:\/\/i0.wp.com\/truusk.store\/wp-content\/uploads\/2025\/06\/3-vanings-vaxtstall-med-hangstang-krokar-blomstall-for-inomhus-metallvaxthylla-flervanings-blomhylla-137cm-hog-blomtrappa-for-vardagsrum-tradgard-balkong-svart-1.webp?fit=2000%2C2000&ssl=1","contentUrl":"https:\/\/i0.wp.com\/truusk.store\/wp-content\/uploads\/2025\/06\/3-vanings-vaxtstall-med-hangstang-krokar-blomstall-for-inomhus-metallvaxthylla-flervanings-blomhylla-137cm-hog-blomtrappa-for-vardagsrum-tradgard-balkong-svart-1.webp?fit=2000%2C2000&ssl=1","width":2000,"height":2000},{"@type":"BreadcrumbList","@id":"https:\/\/truusk.store\/sv\/produkt\/truusk-3-vanings-vaxtstall-med-hangstang-krokar-blomstall-for-inomhus-metallvaxthylla-flervanings-blomhylla-137cm-hog\/#breadcrumb","itemListElement":[{"@type":"ListItem","position":1,"name":"Home","item":"https:\/\/truusk.store\/sv\/"},{"@type":"ListItem","position":2,"name":"Shop","item":"https:\/\/truusk.store\/shop\/"},{"@type":"ListItem","position":3,"name":"TRUUSK 3-v\u00e5nings V\u00e4xtst\u00e4ll Med H\u00e4ngst\u00e5ng &#8211; Krokar &#8211; Blomst\u00e4ll F\u00f6r Inomhus &#8211; Metallv\u00e4xthylla &#8211; Flerv\u00e5nings Blomhylla &#8211; 137cm H\u00f6g"}]},{"@type":"WebSite","@id":"https:\/\/truusk.store\/sv\/#website","url":"https:\/\/truusk.store\/sv\/","name":"TRUUSK - Hem, Tr\u00e4dg\u00e5rd & Fritid","description":"","publisher":{"@id":"https:\/\/truusk.store\/sv\/#organization"},"potentialAction":[{"@type":"SearchAction","target":{"@type":"EntryPoint","urlTemplate":"https:\/\/truusk.store\/sv\/?s={search_term_string}"},"query-input":{"@type":"PropertyValueSpecification","valueRequired":true,"valueName":"search_term_string"}}],"inLanguage":"sv-SE"},{"@type":"Organization","@id":"https:\/\/truusk.store\/sv\/#organization","name":"TRUUSK - Hem, Tr\u00e4dg\u00e5rd & Fritid","url":"https:\/\/truusk.store\/sv\/","logo":{"@type":"ImageObject","inLanguage":"sv-SE","@id":"https:\/\/truusk.store\/sv\/#\/schema\/logo\/image\/","url":"https:\/\/i0.wp.com\/truusk.store\/wp-content\/uploads\/2026\/03\/cropped-TRUUSK.png?fit=2032%2C917&ssl=1","contentUrl":"https:\/\/i0.wp.com\/truusk.store\/wp-content\/uploads\/2026\/03\/cropped-TRUUSK.png?fit=2032%2C917&ssl=1","width":2032,"height":917,"caption":"TRUUSK - Hem, Tr\u00e4dg\u00e5rd & Fritid"},"image":{"@id":"https:\/\/truusk.store\/sv\/#\/schema\/logo\/image\/"}}]}},"jetpack_sharing_enabled":true,"_links":{"self":[{"href":"https:\/\/truusk.store\/sv\/wp-json\/wp\/v2\/product\/68389","targetHints":{"allow":["GET"]}}],"collection":[{"href":"https:\/\/truusk.store\/sv\/wp-json\/wp\/v2\/product"}],"about":[{"href":"https:\/\/truusk.store\/sv\/wp-json\/wp\/v2\/types\/product"}],"wp:featuredmedia":[{"embeddable":true,"href":"https:\/\/truusk.store\/sv\/wp-json\/wp\/v2\/media\/68380"}],"wp:attachment":[{"href":"https:\/\/truusk.store\/sv\/wp-json\/wp\/v2\/media?parent=68389"}],"wp:term":[{"taxonomy":"product_brand","embeddable":true,"href":"https:\/\/truusk.store\/sv\/wp-json\/wp\/v2\/product_brand?post=68389"},{"taxonomy":"product_cat","embeddable":true,"href":"https:\/\/truusk.store\/sv\/wp-json\/wp\/v2\/product_cat?post=68389"},{"taxonomy":"product_tag","embeddable":true,"href":"https:\/\/truusk.store\/sv\/wp-json\/wp\/v2\/product_tag?post=68389"}],"curies":[{"name":"wp","href":"https:\/\/api.w.org\/{rel}","templated":true}]}}