{"id":68429,"date":"2025-06-05T16:05:56","date_gmt":"2025-06-05T15:05:56","guid":{"rendered":"https:\/\/truusk.store\/product\/outsuuny-2-i-1-hollywood-svang-med-liggfunktion-3-sits-tradgardssvang-med-justerbart-solskydd-svangbank-belastar-upp-till-240kg-tradgardsstol-for-tradgard-terrass-200x125x170-cm-kramvit\/"},"modified":"2026-03-12T09:38:32","modified_gmt":"2026-03-12T08:38:32","slug":"truusk-hollywood-svang-2-i-1-med-liggfunktion-justerbart-solskydd-belastar-upp-till-240kg-tradgardsstol-for-tradgard-och","status":"publish","type":"product","link":"https:\/\/truusk.store\/sv\/produkt\/truusk-hollywood-svang-2-i-1-med-liggfunktion-justerbart-solskydd-belastar-upp-till-240kg-tradgardsstol-for-tradgard-och\/","title":{"rendered":"TRUUSK Hollywood-sv\u00e4ng 2 i 1 med Liggfunktion &#8211; Justerbart Solskydd &#8211; Belastar Upp Till 240kg &#8211; Tr\u00e4dg\u00e5rdsstol f\u00f6r Tr\u00e4dg\u00e5rd och"},"content":{"rendered":"<p>Luta dig tillbaka och njut av soliga timmar i din tr\u00e4dg\u00e5rd p\u00e5 v\u00e5r TRUUSK Hollywood-sv\u00e4ng med ligfunktion. Tr\u00e4dg\u00e5rdssvingen f\u00f6r vuxna rymmer upp till 3 personer och erbjuder f\u00f6rstklassig sittkomfort tack vare den tjockt vadderade sittytan och ryggst\u00f6det. Ramen \u00e4r gjord av robust metall och \u00f6verdraget till sittdynorna \u00e4r gjort av slitstark polyester. Ryggst\u00f6det p\u00e5 sv\u00e4ngs\u00e4ngen \u00e4r justerbart, s\u00e5 att b\u00e4nken enkelt kan omvandlas till en sv\u00e4ngs\u00e4ng.<\/p>\n<p>Beskrivning:<\/p>\n<ul>\n<li> Hollywood-sv\u00e4ng f\u00f6r upp till 3 personer<\/li>\n<li> L\u00e4mplig f\u00f6r utomhusbruk som tr\u00e4dg\u00e5rd, terrass eller balkong<\/li>\n<li> Stabil konstruktion av Hollywood-sv\u00e4ngen gjord av pulverlackerat metall<\/li>\n<li> Genom det justerbara ryggst\u00f6det kan sv\u00e4ngen enkelt omvandlas till en sv\u00e4ngs\u00e4ng<\/li>\n<li> lutningsjusterbart tak p\u00e5 tr\u00e4dg\u00e5rdssvingen gjord av vattenavvisande 180g\/m\u00b2 polyester ger tillr\u00e4ckligt med solskydd<\/li>\n<li> Inkl. 2 mjuka, bekv\u00e4ma kuddar<\/li>\n<li> F\u00f6tter med halkskydd<\/li>\n<li> Kan belastas upp till max. 240 kg<\/li>\n<li> Snabb och enkel montering<\/li>\n<\/ul>\n<p>Tekniska data:<\/p>\n<ul>\n<li> F\u00e4rg: Kr\u00e4mvit<\/li>\n<li> Material: Metall, Polyester<\/li>\n<li> M\u00e5tt: 200L x 125B x 170H cm<\/li>\n<li> Sittyta: 161B x 51T cm<\/li>\n<li> Liggyta: 160B x 100T cm<\/li>\n<li> Sitth\u00f6jd (utan sittdyna): 47 cm<\/li>\n<li> M\u00e5tt p\u00e5 taket: 210L x 118B cm<\/li>\n<li> Tjocklek p\u00e5 stoppning: 7 cm<\/li>\n<li> Max. Belastningskapacitet: 240 kg<\/li>\n<\/ul>\n<p>Leveransinneh\u00e5ll:<\/p>\n<ul>\n<li> 1 x Hollywood-sv\u00e4ng<\/li>\n<li> 2 x Kuddar<\/li>\n<\/ul>\n","protected":false},"excerpt":{"rendered":"<p>Luta dig tillbaka och njut av soliga timmar i din tr\u00e4dg\u00e5rd p\u00e5 v\u00e5r TRUUSK Hollywood-sv\u00e4ng med ligfunktion. Tr\u00e4dg\u00e5rdssvingen f\u00f6r vuxna&#8230;<\/p>\n","protected":false},"featured_media":68420,"template":"","meta":[],"product_brand":[],"product_cat":[453,858,450],"product_tag":[],"class_list":{"0":"post-68429","1":"product","2":"type-product","3":"status-publish","4":"has-post-thumbnail","6":"product_cat-hollywood-gungor","7":"product_cat-tradgard-terrass","8":"product_cat-tradgardsmobler","10":"first","11":"instock","12":"sale","13":"taxable","14":"shipping-taxable","15":"purchasable","16":"product-type-simple"},"yoast_head":"<!-- This site is optimized with the Yoast SEO plugin v25.4 - https:\/\/yoast.com\/wordpress\/plugins\/seo\/ -->\n<title>TRUUSK Hollywood-sv\u00e4ng 2 i 1 med Liggfunktion - Justerbart Solskydd - Belastar Upp Till 240kg - Tr\u00e4dg\u00e5rdsstol f\u00f6r Tr\u00e4dg\u00e5rd och - TRUUSK - Hem, Tr\u00e4dg\u00e5rd &amp; Fritid<\/title>\n<meta name=\"robots\" content=\"index, follow, max-snippet:-1, max-image-preview:large, max-video-preview:-1\" \/>\n<link rel=\"canonical\" href=\"https:\/\/truusk.store\/sv\/produkt\/truusk-hollywood-svang-2-i-1-med-liggfunktion-justerbart-solskydd-belastar-upp-till-240kg-tradgardsstol-for-tradgard-och\/\" \/>\n<meta property=\"og:locale\" content=\"sv_SE\" \/>\n<meta property=\"og:type\" content=\"article\" \/>\n<meta property=\"og:title\" content=\"TRUUSK Hollywood-sv\u00e4ng 2 i 1 med Liggfunktion - Justerbart Solskydd - Belastar Upp Till 240kg - Tr\u00e4dg\u00e5rdsstol f\u00f6r Tr\u00e4dg\u00e5rd och - TRUUSK - Hem, Tr\u00e4dg\u00e5rd &amp; Fritid\" \/>\n<meta property=\"og:description\" content=\"Luta dig tillbaka och njut av soliga timmar i din tr\u00e4dg\u00e5rd p\u00e5 v\u00e5r TRUUSK Hollywood-sv\u00e4ng med ligfunktion. Tr\u00e4dg\u00e5rdssvingen f\u00f6r vuxna...\" \/>\n<meta property=\"og:url\" content=\"https:\/\/truusk.store\/sv\/produkt\/truusk-hollywood-svang-2-i-1-med-liggfunktion-justerbart-solskydd-belastar-upp-till-240kg-tradgardsstol-for-tradgard-och\/\" \/>\n<meta property=\"og:site_name\" content=\"TRUUSK - Hem, Tr\u00e4dg\u00e5rd &amp; Fritid\" \/>\n<meta property=\"article:modified_time\" content=\"2026-03-12T08:38:32+00:00\" \/>\n<meta property=\"og:image\" content=\"https:\/\/i0.wp.com\/truusk.se\/wp-content\/uploads\/2025\/06\/outsuuny-2-i-1-hollywood-svang-med-liggfunktion-3-sits-tradgardssvang-med-justerbart-solskydd-svangbank-belastar-upp-till-240kg-tradgardsstol-for-tradgard-terrass-200x125x170-cm-kramvit-1.webp?fit=2000%2C2000&ssl=1\" \/>\n\t<meta property=\"og:image:width\" content=\"2000\" \/>\n\t<meta property=\"og:image:height\" content=\"2000\" \/>\n\t<meta property=\"og:image:type\" content=\"image\/webp\" \/>\n<meta name=\"twitter:card\" content=\"summary_large_image\" \/>\n<meta name=\"twitter:label1\" content=\"Ber\u00e4knad l\u00e4stid\" \/>\n\t<meta name=\"twitter:data1\" content=\"1 minut\" \/>\n<!-- \/ Yoast SEO plugin. -->","yoast_head_json":{"title":"TRUUSK Hollywood-sv\u00e4ng 2 i 1 med Liggfunktion - Justerbart Solskydd - Belastar Upp Till 240kg - Tr\u00e4dg\u00e5rdsstol f\u00f6r Tr\u00e4dg\u00e5rd och - TRUUSK - Hem, Tr\u00e4dg\u00e5rd &amp; Fritid","robots":{"index":"index","follow":"follow","max-snippet":"max-snippet:-1","max-image-preview":"max-image-preview:large","max-video-preview":"max-video-preview:-1"},"canonical":"https:\/\/truusk.store\/sv\/produkt\/truusk-hollywood-svang-2-i-1-med-liggfunktion-justerbart-solskydd-belastar-upp-till-240kg-tradgardsstol-for-tradgard-och\/","og_locale":"sv_SE","og_type":"article","og_title":"TRUUSK Hollywood-sv\u00e4ng 2 i 1 med Liggfunktion - Justerbart Solskydd - Belastar Upp Till 240kg - Tr\u00e4dg\u00e5rdsstol f\u00f6r Tr\u00e4dg\u00e5rd och - TRUUSK - Hem, Tr\u00e4dg\u00e5rd &amp; Fritid","og_description":"Luta dig tillbaka och njut av soliga timmar i din tr\u00e4dg\u00e5rd p\u00e5 v\u00e5r TRUUSK Hollywood-sv\u00e4ng med ligfunktion. Tr\u00e4dg\u00e5rdssvingen f\u00f6r vuxna...","og_url":"https:\/\/truusk.store\/sv\/produkt\/truusk-hollywood-svang-2-i-1-med-liggfunktion-justerbart-solskydd-belastar-upp-till-240kg-tradgardsstol-for-tradgard-och\/","og_site_name":"TRUUSK - Hem, Tr\u00e4dg\u00e5rd &amp; Fritid","article_modified_time":"2026-03-12T08:38:32+00:00","og_image":[{"width":2000,"height":2000,"url":"https:\/\/i0.wp.com\/truusk.se\/wp-content\/uploads\/2025\/06\/outsuuny-2-i-1-hollywood-svang-med-liggfunktion-3-sits-tradgardssvang-med-justerbart-solskydd-svangbank-belastar-upp-till-240kg-tradgardsstol-for-tradgard-terrass-200x125x170-cm-kramvit-1.webp?fit=2000%2C2000&ssl=1","type":"image\/webp"}],"twitter_card":"summary_large_image","twitter_misc":{"Ber\u00e4knad l\u00e4stid":"1 minut"},"schema":{"@context":"https:\/\/schema.org","@graph":[{"@type":"WebPage","@id":"https:\/\/truusk.store\/sv\/produkt\/truusk-hollywood-svang-2-i-1-med-liggfunktion-justerbart-solskydd-belastar-upp-till-240kg-tradgardsstol-for-tradgard-och\/","url":"https:\/\/truusk.store\/sv\/produkt\/truusk-hollywood-svang-2-i-1-med-liggfunktion-justerbart-solskydd-belastar-upp-till-240kg-tradgardsstol-for-tradgard-och\/","name":"TRUUSK Hollywood-sv\u00e4ng 2 i 1 med Liggfunktion - Justerbart Solskydd - Belastar Upp Till 240kg - Tr\u00e4dg\u00e5rdsstol f\u00f6r Tr\u00e4dg\u00e5rd och - TRUUSK - Hem, Tr\u00e4dg\u00e5rd &amp; Fritid","isPartOf":{"@id":"https:\/\/truusk.store\/sv\/#website"},"primaryImageOfPage":{"@id":"https:\/\/truusk.store\/sv\/produkt\/truusk-hollywood-svang-2-i-1-med-liggfunktion-justerbart-solskydd-belastar-upp-till-240kg-tradgardsstol-for-tradgard-och\/#primaryimage"},"image":{"@id":"https:\/\/truusk.store\/sv\/produkt\/truusk-hollywood-svang-2-i-1-med-liggfunktion-justerbart-solskydd-belastar-upp-till-240kg-tradgardsstol-for-tradgard-och\/#primaryimage"},"thumbnailUrl":"https:\/\/i0.wp.com\/truusk.store\/wp-content\/uploads\/2025\/06\/outsuuny-2-i-1-hollywood-svang-med-liggfunktion-3-sits-tradgardssvang-med-justerbart-solskydd-svangbank-belastar-upp-till-240kg-tradgardsstol-for-tradgard-terrass-200x125x170-cm-kramvit-1.webp?fit=2000%2C2000&ssl=1","datePublished":"2025-06-05T15:05:56+00:00","dateModified":"2026-03-12T08:38:32+00:00","breadcrumb":{"@id":"https:\/\/truusk.store\/sv\/produkt\/truusk-hollywood-svang-2-i-1-med-liggfunktion-justerbart-solskydd-belastar-upp-till-240kg-tradgardsstol-for-tradgard-och\/#breadcrumb"},"inLanguage":"sv-SE","potentialAction":[{"@type":"ReadAction","target":["https:\/\/truusk.store\/sv\/produkt\/truusk-hollywood-svang-2-i-1-med-liggfunktion-justerbart-solskydd-belastar-upp-till-240kg-tradgardsstol-for-tradgard-och\/"]}]},{"@type":"ImageObject","inLanguage":"sv-SE","@id":"https:\/\/truusk.store\/sv\/produkt\/truusk-hollywood-svang-2-i-1-med-liggfunktion-justerbart-solskydd-belastar-upp-till-240kg-tradgardsstol-for-tradgard-och\/#primaryimage","url":"https:\/\/i0.wp.com\/truusk.store\/wp-content\/uploads\/2025\/06\/outsuuny-2-i-1-hollywood-svang-med-liggfunktion-3-sits-tradgardssvang-med-justerbart-solskydd-svangbank-belastar-upp-till-240kg-tradgardsstol-for-tradgard-terrass-200x125x170-cm-kramvit-1.webp?fit=2000%2C2000&ssl=1","contentUrl":"https:\/\/i0.wp.com\/truusk.store\/wp-content\/uploads\/2025\/06\/outsuuny-2-i-1-hollywood-svang-med-liggfunktion-3-sits-tradgardssvang-med-justerbart-solskydd-svangbank-belastar-upp-till-240kg-tradgardsstol-for-tradgard-terrass-200x125x170-cm-kramvit-1.webp?fit=2000%2C2000&ssl=1","width":2000,"height":2000},{"@type":"BreadcrumbList","@id":"https:\/\/truusk.store\/sv\/produkt\/truusk-hollywood-svang-2-i-1-med-liggfunktion-justerbart-solskydd-belastar-upp-till-240kg-tradgardsstol-for-tradgard-och\/#breadcrumb","itemListElement":[{"@type":"ListItem","position":1,"name":"Home","item":"https:\/\/truusk.store\/sv\/"},{"@type":"ListItem","position":2,"name":"Shop","item":"https:\/\/truusk.store\/shop\/"},{"@type":"ListItem","position":3,"name":"TRUUSK Hollywood-sv\u00e4ng 2 i 1 med Liggfunktion &#8211; Justerbart Solskydd &#8211; Belastar Upp Till 240kg &#8211; Tr\u00e4dg\u00e5rdsstol f\u00f6r Tr\u00e4dg\u00e5rd och"}]},{"@type":"WebSite","@id":"https:\/\/truusk.store\/sv\/#website","url":"https:\/\/truusk.store\/sv\/","name":"TRUUSK - Hem, Tr\u00e4dg\u00e5rd & Fritid","description":"","publisher":{"@id":"https:\/\/truusk.store\/sv\/#organization"},"potentialAction":[{"@type":"SearchAction","target":{"@type":"EntryPoint","urlTemplate":"https:\/\/truusk.store\/sv\/?s={search_term_string}"},"query-input":{"@type":"PropertyValueSpecification","valueRequired":true,"valueName":"search_term_string"}}],"inLanguage":"sv-SE"},{"@type":"Organization","@id":"https:\/\/truusk.store\/sv\/#organization","name":"TRUUSK - Hem, Tr\u00e4dg\u00e5rd & Fritid","url":"https:\/\/truusk.store\/sv\/","logo":{"@type":"ImageObject","inLanguage":"sv-SE","@id":"https:\/\/truusk.store\/sv\/#\/schema\/logo\/image\/","url":"https:\/\/i0.wp.com\/truusk.store\/wp-content\/uploads\/2026\/03\/cropped-TRUUSK.png?fit=2032%2C917&ssl=1","contentUrl":"https:\/\/i0.wp.com\/truusk.store\/wp-content\/uploads\/2026\/03\/cropped-TRUUSK.png?fit=2032%2C917&ssl=1","width":2032,"height":917,"caption":"TRUUSK - Hem, Tr\u00e4dg\u00e5rd & Fritid"},"image":{"@id":"https:\/\/truusk.store\/sv\/#\/schema\/logo\/image\/"}}]}},"jetpack_sharing_enabled":true,"_links":{"self":[{"href":"https:\/\/truusk.store\/sv\/wp-json\/wp\/v2\/product\/68429","targetHints":{"allow":["GET"]}}],"collection":[{"href":"https:\/\/truusk.store\/sv\/wp-json\/wp\/v2\/product"}],"about":[{"href":"https:\/\/truusk.store\/sv\/wp-json\/wp\/v2\/types\/product"}],"wp:featuredmedia":[{"embeddable":true,"href":"https:\/\/truusk.store\/sv\/wp-json\/wp\/v2\/media\/68420"}],"wp:attachment":[{"href":"https:\/\/truusk.store\/sv\/wp-json\/wp\/v2\/media?parent=68429"}],"wp:term":[{"taxonomy":"product_brand","embeddable":true,"href":"https:\/\/truusk.store\/sv\/wp-json\/wp\/v2\/product_brand?post=68429"},{"taxonomy":"product_cat","embeddable":true,"href":"https:\/\/truusk.store\/sv\/wp-json\/wp\/v2\/product_cat?post=68429"},{"taxonomy":"product_tag","embeddable":true,"href":"https:\/\/truusk.store\/sv\/wp-json\/wp\/v2\/product_tag?post=68429"}],"curies":[{"name":"wp","href":"https:\/\/api.w.org\/{rel}","templated":true}]}}