{"id":68459,"date":"2025-06-05T16:08:40","date_gmt":"2025-06-05T15:08:40","guid":{"rendered":"https:\/\/truusk.store\/product\/vaggsspegel-55-x-555-cm-hall-spegel-med-hylla-i-tra-rektangular-spegel-dekorationsspegel-for-sovrum-badrum-svart\/"},"modified":"2026-03-12T08:40:55","modified_gmt":"2026-03-12T07:40:55","slug":"truusk-vaggsspegel-55-x-555-cm-hall-spegel-med-hylla-i-tra-rektangular-spegel-dekorationsspegel-for-sovrum-badrum-svart","status":"publish","type":"product","link":"https:\/\/truusk.store\/sv\/produkt\/truusk-vaggsspegel-55-x-555-cm-hall-spegel-med-hylla-i-tra-rektangular-spegel-dekorationsspegel-for-sovrum-badrum-svart\/","title":{"rendered":"TRUUSK V\u00e4ggsspegel 55 x 55,5 cm &#8211; Hall Spegel med Hylla i Tr\u00e4 &#8211; Rektangul\u00e4r Spegel &#8211; Dekorationsspegel f\u00f6r Sovrum, Badrum &#8211; Svart"},"content":{"rendered":"<p>Uppt\u00e4ck den stilfulla accenten som ditt hem har saknat med TRUUSK v\u00e4ggspegeln. Denna eleganta bit kombinerar vintage charm med funktionell design och ger varje rum en speciell touch. Den praktiska hyllan av Kiri-tr\u00e4 erbjuder extra f\u00f6rvaringsutrymme och omges av en slank metallram. Perfekt f\u00f6r att fr\u00e4scha upp ditt vardagsrum, sovrum eller hall. Satsa p\u00e5 funktionalitet och estetik &#8211; denna spegel \u00e4r det perfekta tillskottet till ditt hem.<\/p>\n<p>Beskrivning:<\/p>\n<ul>\n<li> V\u00e4ggspegelns vintage design ger varje rum en speciell charm<\/li>\n<li> Paulownia tr\u00e4hylla p\u00e5 v\u00e4ggspegeln f\u00f6r extra f\u00f6rvaringsutrymme<\/li>\n<li> Robust metallram garanterar l\u00e5ngvarig anv\u00e4ndning<\/li>\n<li> Inbyggd krok underl\u00e4ttar montering<\/li>\n<li> Idealisk f\u00f6r olika rumsbegrepp<\/li>\n<li> Montering kr\u00e4vs<\/li>\n<\/ul>\n<p> Tekniska data:<\/p>\n<ul>\n<li> F\u00e4rg: Svart<\/li>\n<li> Material: Metall, Glas, Paulownia-tr\u00e4<\/li>\n<li> Totala dimensioner: 55B x 10T x 55,5H cm<\/li>\n<li> Spegelstorlek: 54,5B x 2T x 50,5H cm<\/li>\n<li> Hyllstorlek: 55B x 10T cm<\/li>\n<li> Glasstjocklek: 4 mm<\/li>\n<li> Hyllans b\u00e4rkapacitet: 2 kg<\/li>\n<\/ul>\n<p>Leverans inneh\u00e5ller:<\/p>\n<ul>\n<li> 1 x V\u00e4ggspegel;<\/li>\n<\/ul>\n","protected":false},"excerpt":{"rendered":"<p>Uppt\u00e4ck den stilfulla accenten som ditt hem har saknat med TRUUSK v\u00e4ggspegeln. Denna eleganta bit kombinerar vintage charm med funktionell&#8230;<\/p>\n","protected":false},"featured_media":68450,"template":"","meta":[],"product_brand":[],"product_cat":[962,871,721],"product_tag":[],"class_list":{"0":"post-68459","1":"product","2":"type-product","3":"status-publish","4":"has-post-thumbnail","6":"product_cat-dekoration","7":"product_cat-hus-hem","8":"product_cat-spegel","10":"first","11":"instock","12":"sale","13":"taxable","14":"shipping-taxable","15":"purchasable","16":"product-type-simple"},"yoast_head":"<!-- This site is optimized with the Yoast SEO plugin v25.4 - https:\/\/yoast.com\/wordpress\/plugins\/seo\/ -->\n<title>TRUUSK V\u00e4ggsspegel 55 x 55,5 cm - Hall Spegel med Hylla i Tr\u00e4 - Rektangul\u00e4r Spegel - Dekorationsspegel f\u00f6r Sovrum, Badrum - Svart - TRUUSK - Hem, Tr\u00e4dg\u00e5rd &amp; Fritid<\/title>\n<meta name=\"robots\" content=\"index, follow, max-snippet:-1, max-image-preview:large, max-video-preview:-1\" \/>\n<link rel=\"canonical\" href=\"https:\/\/truusk.store\/sv\/produkt\/truusk-vaggsspegel-55-x-555-cm-hall-spegel-med-hylla-i-tra-rektangular-spegel-dekorationsspegel-for-sovrum-badrum-svart\/\" \/>\n<meta property=\"og:locale\" content=\"sv_SE\" \/>\n<meta property=\"og:type\" content=\"article\" \/>\n<meta property=\"og:title\" content=\"TRUUSK V\u00e4ggsspegel 55 x 55,5 cm - Hall Spegel med Hylla i Tr\u00e4 - Rektangul\u00e4r Spegel - Dekorationsspegel f\u00f6r Sovrum, Badrum - Svart - TRUUSK - Hem, Tr\u00e4dg\u00e5rd &amp; Fritid\" \/>\n<meta property=\"og:description\" content=\"Uppt\u00e4ck den stilfulla accenten som ditt hem har saknat med TRUUSK v\u00e4ggspegeln. Denna eleganta bit kombinerar vintage charm med funktionell...\" \/>\n<meta property=\"og:url\" content=\"https:\/\/truusk.store\/sv\/produkt\/truusk-vaggsspegel-55-x-555-cm-hall-spegel-med-hylla-i-tra-rektangular-spegel-dekorationsspegel-for-sovrum-badrum-svart\/\" \/>\n<meta property=\"og:site_name\" content=\"TRUUSK - Hem, Tr\u00e4dg\u00e5rd &amp; Fritid\" \/>\n<meta property=\"article:modified_time\" content=\"2026-03-12T07:40:55+00:00\" \/>\n<meta property=\"og:image\" content=\"https:\/\/i0.wp.com\/truusk.se\/wp-content\/uploads\/2025\/06\/vaggsspegel-55-x-555-cm-hall-spegel-med-hylla-i-tra-rektangular-spegel-dekorationsspegel-for-sovrum-badrum-svart-1.webp?fit=2000%2C2000&ssl=1\" \/>\n\t<meta property=\"og:image:width\" content=\"2000\" \/>\n\t<meta property=\"og:image:height\" content=\"2000\" \/>\n\t<meta property=\"og:image:type\" content=\"image\/webp\" \/>\n<meta name=\"twitter:card\" content=\"summary_large_image\" \/>\n<meta name=\"twitter:label1\" content=\"Ber\u00e4knad l\u00e4stid\" \/>\n\t<meta name=\"twitter:data1\" content=\"1 minut\" \/>\n<!-- \/ Yoast SEO plugin. -->","yoast_head_json":{"title":"TRUUSK V\u00e4ggsspegel 55 x 55,5 cm - Hall Spegel med Hylla i Tr\u00e4 - Rektangul\u00e4r Spegel - Dekorationsspegel f\u00f6r Sovrum, Badrum - Svart - TRUUSK - Hem, Tr\u00e4dg\u00e5rd &amp; Fritid","robots":{"index":"index","follow":"follow","max-snippet":"max-snippet:-1","max-image-preview":"max-image-preview:large","max-video-preview":"max-video-preview:-1"},"canonical":"https:\/\/truusk.store\/sv\/produkt\/truusk-vaggsspegel-55-x-555-cm-hall-spegel-med-hylla-i-tra-rektangular-spegel-dekorationsspegel-for-sovrum-badrum-svart\/","og_locale":"sv_SE","og_type":"article","og_title":"TRUUSK V\u00e4ggsspegel 55 x 55,5 cm - Hall Spegel med Hylla i Tr\u00e4 - Rektangul\u00e4r Spegel - Dekorationsspegel f\u00f6r Sovrum, Badrum - Svart - TRUUSK - Hem, Tr\u00e4dg\u00e5rd &amp; Fritid","og_description":"Uppt\u00e4ck den stilfulla accenten som ditt hem har saknat med TRUUSK v\u00e4ggspegeln. Denna eleganta bit kombinerar vintage charm med funktionell...","og_url":"https:\/\/truusk.store\/sv\/produkt\/truusk-vaggsspegel-55-x-555-cm-hall-spegel-med-hylla-i-tra-rektangular-spegel-dekorationsspegel-for-sovrum-badrum-svart\/","og_site_name":"TRUUSK - Hem, Tr\u00e4dg\u00e5rd &amp; Fritid","article_modified_time":"2026-03-12T07:40:55+00:00","og_image":[{"width":2000,"height":2000,"url":"https:\/\/i0.wp.com\/truusk.se\/wp-content\/uploads\/2025\/06\/vaggsspegel-55-x-555-cm-hall-spegel-med-hylla-i-tra-rektangular-spegel-dekorationsspegel-for-sovrum-badrum-svart-1.webp?fit=2000%2C2000&ssl=1","type":"image\/webp"}],"twitter_card":"summary_large_image","twitter_misc":{"Ber\u00e4knad l\u00e4stid":"1 minut"},"schema":{"@context":"https:\/\/schema.org","@graph":[{"@type":"WebPage","@id":"https:\/\/truusk.store\/sv\/produkt\/truusk-vaggsspegel-55-x-555-cm-hall-spegel-med-hylla-i-tra-rektangular-spegel-dekorationsspegel-for-sovrum-badrum-svart\/","url":"https:\/\/truusk.store\/sv\/produkt\/truusk-vaggsspegel-55-x-555-cm-hall-spegel-med-hylla-i-tra-rektangular-spegel-dekorationsspegel-for-sovrum-badrum-svart\/","name":"TRUUSK V\u00e4ggsspegel 55 x 55,5 cm - Hall Spegel med Hylla i Tr\u00e4 - Rektangul\u00e4r Spegel - Dekorationsspegel f\u00f6r Sovrum, Badrum - Svart - TRUUSK - Hem, Tr\u00e4dg\u00e5rd &amp; Fritid","isPartOf":{"@id":"https:\/\/truusk.store\/sv\/#website"},"primaryImageOfPage":{"@id":"https:\/\/truusk.store\/sv\/produkt\/truusk-vaggsspegel-55-x-555-cm-hall-spegel-med-hylla-i-tra-rektangular-spegel-dekorationsspegel-for-sovrum-badrum-svart\/#primaryimage"},"image":{"@id":"https:\/\/truusk.store\/sv\/produkt\/truusk-vaggsspegel-55-x-555-cm-hall-spegel-med-hylla-i-tra-rektangular-spegel-dekorationsspegel-for-sovrum-badrum-svart\/#primaryimage"},"thumbnailUrl":"https:\/\/i0.wp.com\/truusk.store\/wp-content\/uploads\/2025\/06\/vaggsspegel-55-x-555-cm-hall-spegel-med-hylla-i-tra-rektangular-spegel-dekorationsspegel-for-sovrum-badrum-svart-1.webp?fit=2000%2C2000&ssl=1","datePublished":"2025-06-05T15:08:40+00:00","dateModified":"2026-03-12T07:40:55+00:00","breadcrumb":{"@id":"https:\/\/truusk.store\/sv\/produkt\/truusk-vaggsspegel-55-x-555-cm-hall-spegel-med-hylla-i-tra-rektangular-spegel-dekorationsspegel-for-sovrum-badrum-svart\/#breadcrumb"},"inLanguage":"sv-SE","potentialAction":[{"@type":"ReadAction","target":["https:\/\/truusk.store\/sv\/produkt\/truusk-vaggsspegel-55-x-555-cm-hall-spegel-med-hylla-i-tra-rektangular-spegel-dekorationsspegel-for-sovrum-badrum-svart\/"]}]},{"@type":"ImageObject","inLanguage":"sv-SE","@id":"https:\/\/truusk.store\/sv\/produkt\/truusk-vaggsspegel-55-x-555-cm-hall-spegel-med-hylla-i-tra-rektangular-spegel-dekorationsspegel-for-sovrum-badrum-svart\/#primaryimage","url":"https:\/\/i0.wp.com\/truusk.store\/wp-content\/uploads\/2025\/06\/vaggsspegel-55-x-555-cm-hall-spegel-med-hylla-i-tra-rektangular-spegel-dekorationsspegel-for-sovrum-badrum-svart-1.webp?fit=2000%2C2000&ssl=1","contentUrl":"https:\/\/i0.wp.com\/truusk.store\/wp-content\/uploads\/2025\/06\/vaggsspegel-55-x-555-cm-hall-spegel-med-hylla-i-tra-rektangular-spegel-dekorationsspegel-for-sovrum-badrum-svart-1.webp?fit=2000%2C2000&ssl=1","width":2000,"height":2000},{"@type":"BreadcrumbList","@id":"https:\/\/truusk.store\/sv\/produkt\/truusk-vaggsspegel-55-x-555-cm-hall-spegel-med-hylla-i-tra-rektangular-spegel-dekorationsspegel-for-sovrum-badrum-svart\/#breadcrumb","itemListElement":[{"@type":"ListItem","position":1,"name":"Home","item":"https:\/\/truusk.store\/sv\/"},{"@type":"ListItem","position":2,"name":"Shop","item":"https:\/\/truusk.store\/shop\/"},{"@type":"ListItem","position":3,"name":"TRUUSK V\u00e4ggsspegel 55 x 55,5 cm &#8211; Hall Spegel med Hylla i Tr\u00e4 &#8211; Rektangul\u00e4r Spegel &#8211; Dekorationsspegel f\u00f6r Sovrum, Badrum &#8211; Svart"}]},{"@type":"WebSite","@id":"https:\/\/truusk.store\/sv\/#website","url":"https:\/\/truusk.store\/sv\/","name":"TRUUSK - Hem, Tr\u00e4dg\u00e5rd & Fritid","description":"","publisher":{"@id":"https:\/\/truusk.store\/sv\/#organization"},"potentialAction":[{"@type":"SearchAction","target":{"@type":"EntryPoint","urlTemplate":"https:\/\/truusk.store\/sv\/?s={search_term_string}"},"query-input":{"@type":"PropertyValueSpecification","valueRequired":true,"valueName":"search_term_string"}}],"inLanguage":"sv-SE"},{"@type":"Organization","@id":"https:\/\/truusk.store\/sv\/#organization","name":"TRUUSK - Hem, Tr\u00e4dg\u00e5rd & Fritid","url":"https:\/\/truusk.store\/sv\/","logo":{"@type":"ImageObject","inLanguage":"sv-SE","@id":"https:\/\/truusk.store\/sv\/#\/schema\/logo\/image\/","url":"https:\/\/i0.wp.com\/truusk.store\/wp-content\/uploads\/2026\/03\/cropped-TRUUSK.png?fit=2032%2C917&ssl=1","contentUrl":"https:\/\/i0.wp.com\/truusk.store\/wp-content\/uploads\/2026\/03\/cropped-TRUUSK.png?fit=2032%2C917&ssl=1","width":2032,"height":917,"caption":"TRUUSK - Hem, Tr\u00e4dg\u00e5rd & Fritid"},"image":{"@id":"https:\/\/truusk.store\/sv\/#\/schema\/logo\/image\/"}}]}},"jetpack_sharing_enabled":true,"_links":{"self":[{"href":"https:\/\/truusk.store\/sv\/wp-json\/wp\/v2\/product\/68459","targetHints":{"allow":["GET"]}}],"collection":[{"href":"https:\/\/truusk.store\/sv\/wp-json\/wp\/v2\/product"}],"about":[{"href":"https:\/\/truusk.store\/sv\/wp-json\/wp\/v2\/types\/product"}],"wp:featuredmedia":[{"embeddable":true,"href":"https:\/\/truusk.store\/sv\/wp-json\/wp\/v2\/media\/68450"}],"wp:attachment":[{"href":"https:\/\/truusk.store\/sv\/wp-json\/wp\/v2\/media?parent=68459"}],"wp:term":[{"taxonomy":"product_brand","embeddable":true,"href":"https:\/\/truusk.store\/sv\/wp-json\/wp\/v2\/product_brand?post=68459"},{"taxonomy":"product_cat","embeddable":true,"href":"https:\/\/truusk.store\/sv\/wp-json\/wp\/v2\/product_cat?post=68459"},{"taxonomy":"product_tag","embeddable":true,"href":"https:\/\/truusk.store\/sv\/wp-json\/wp\/v2\/product_tag?post=68459"}],"curies":[{"name":"wp","href":"https:\/\/api.w.org\/{rel}","templated":true}]}}