{"id":68489,"date":"2025-06-05T16:11:49","date_gmt":"2025-06-05T15:11:49","guid":{"rendered":"https:\/\/truusk.store\/product\/vaxthus-med-rullande-dorr-hyllor-vinterbestandigt-stalvaxthus-drivhus-for-balkong-tradgard-tomatvaxthus-69-x-49-x-193-cm-tomatvaxthus-for-tomater-gronsaker-blommor-gront\/"},"modified":"2026-03-12T09:45:25","modified_gmt":"2026-03-12T08:45:25","slug":"truusk-vaxthus-med-rullande-dorr-hyllor-vinterbestandigt-stalvaxthus-drivhus-for-balkong-tomatvaxthus-69-x-49-x-193-cm","status":"publish","type":"product","link":"https:\/\/truusk.store\/sv\/produkt\/truusk-vaxthus-med-rullande-dorr-hyllor-vinterbestandigt-stalvaxthus-drivhus-for-balkong-tomatvaxthus-69-x-49-x-193-cm\/","title":{"rendered":"TRUUSK V\u00e4xthus Med Rullande D\u00f6rr &#8211; Hyllor &#8211; Vinterbest\u00e4ndigt St\u00e5lv\u00e4xthus &#8211; Drivhus F\u00f6r Balkong &#8211; Tomatv\u00e4xthus 69 X 49 X 193 Cm &#8211;"},"content":{"rendered":"<p>Letar du efter ett litet v\u00e4xthus som du kan st\u00e4lla upp i din tr\u00e4dg\u00e5rd eller p\u00e5 din terrass? Detta TRUUSK-foliev\u00e4xthus \u00e4r ett idealiskt val: Det kompakta designen av tomatv\u00e4xthuset tar bara lite plats och dina v\u00e4xter kan v\u00e4xa och frodas p\u00e5 hela fem niv\u00e5er<\/p>\n<p>Beskrivning:<\/p>\n<ul>\n<li> Liten storlek, idealiskt tomatv\u00e4xthus f\u00f6r anv\u00e4ndning p\u00e5 olika platser<\/li>\n<li> 5 niv\u00e5er av tomatv\u00e4xthuset f\u00f6r olika v\u00e4xter<\/li>\n<li> Tack vare det transparenta plast\u00f6verdraget p\u00e5 v\u00e4xthuset kan v\u00e4xterna njuta av solsken<\/li>\n<li> H\u00e5llbara st\u00e5lr\u00f6r<\/li>\n<li> Montering kr\u00e4vs, pluggbar struktur<\/li>\n<\/ul>\n<p> Tekniska data:<\/p>\n<ul>\n<li> F\u00e4rg: Gr\u00f6n<\/li>\n<li> Material: St\u00e5l, plast<\/li>\n<li> Totala m\u00e5tt: 69L x 49B x 193H cm<\/li>\n<li> D\u00f6rrstorlek: 51B x 168H cm<\/li>\n<li> Plattstorlek: 60L x 46B cm<\/li>\n<li> H\u00f6jd p\u00e5 varje v\u00e5ning: 32 cm<\/li>\n<li> Belastningskapacitet f\u00f6r varje v\u00e5ning: 15 kg<\/li>\n<li> Obs: Liten storlek, idealisk f\u00f6r anv\u00e4ndning p\u00e5 olika platser<\/li>\n<\/ul>\n<p>Leveransinneh\u00e5ll:<\/p>\n<ul>\n<li> 1 x v\u00e4xthus;<\/li>\n<\/ul>\n","protected":false},"excerpt":{"rendered":"<p>Letar du efter ett litet v\u00e4xthus som du kan st\u00e4lla upp i din tr\u00e4dg\u00e5rd eller p\u00e5 din terrass? Detta TRUUSK-foliev\u00e4xthus&#8230;<\/p>\n","protected":false},"featured_media":68480,"template":"","meta":[],"product_brand":[],"product_cat":[923,858,443],"product_tag":[],"class_list":{"0":"post-68489","1":"product","2":"type-product","3":"status-publish","4":"has-post-thumbnail","6":"product_cat-plastfilm-vaxthus","7":"product_cat-tradgard-terrass","8":"product_cat-vaxthus-tradgardsskotsel","10":"first","11":"instock","12":"sale","13":"taxable","14":"shipping-taxable","15":"purchasable","16":"product-type-simple"},"yoast_head":"<!-- This site is optimized with the Yoast SEO plugin v25.4 - https:\/\/yoast.com\/wordpress\/plugins\/seo\/ -->\n<title>TRUUSK V\u00e4xthus Med Rullande D\u00f6rr - Hyllor - Vinterbest\u00e4ndigt St\u00e5lv\u00e4xthus - Drivhus F\u00f6r Balkong - Tomatv\u00e4xthus 69 X 49 X 193 Cm - TRUUSK - Hem, Tr\u00e4dg\u00e5rd &amp; Fritid<\/title>\n<meta name=\"robots\" content=\"index, follow, max-snippet:-1, max-image-preview:large, max-video-preview:-1\" \/>\n<link rel=\"canonical\" href=\"https:\/\/truusk.store\/sv\/produkt\/truusk-vaxthus-med-rullande-dorr-hyllor-vinterbestandigt-stalvaxthus-drivhus-for-balkong-tomatvaxthus-69-x-49-x-193-cm\/\" \/>\n<meta property=\"og:locale\" content=\"sv_SE\" \/>\n<meta property=\"og:type\" content=\"article\" \/>\n<meta property=\"og:title\" content=\"TRUUSK V\u00e4xthus Med Rullande D\u00f6rr - Hyllor - Vinterbest\u00e4ndigt St\u00e5lv\u00e4xthus - Drivhus F\u00f6r Balkong - Tomatv\u00e4xthus 69 X 49 X 193 Cm - TRUUSK - Hem, Tr\u00e4dg\u00e5rd &amp; Fritid\" \/>\n<meta property=\"og:description\" content=\"Letar du efter ett litet v\u00e4xthus som du kan st\u00e4lla upp i din tr\u00e4dg\u00e5rd eller p\u00e5 din terrass? Detta TRUUSK-foliev\u00e4xthus...\" \/>\n<meta property=\"og:url\" content=\"https:\/\/truusk.store\/sv\/produkt\/truusk-vaxthus-med-rullande-dorr-hyllor-vinterbestandigt-stalvaxthus-drivhus-for-balkong-tomatvaxthus-69-x-49-x-193-cm\/\" \/>\n<meta property=\"og:site_name\" content=\"TRUUSK - Hem, Tr\u00e4dg\u00e5rd &amp; Fritid\" \/>\n<meta property=\"article:modified_time\" content=\"2026-03-12T08:45:25+00:00\" \/>\n<meta property=\"og:image\" content=\"https:\/\/i0.wp.com\/truusk.se\/wp-content\/uploads\/2025\/06\/vaxthus-med-rullande-dorr-hyllor-vinterbestandigt-stalvaxthus-drivhus-for-balkong-tradgard-tomatvaxthus-69-x-49-x-193-cm-tomatvaxthus-for-tomater-gronsaker-blommor-gront-1.webp?fit=2000%2C2000&ssl=1\" \/>\n\t<meta property=\"og:image:width\" content=\"2000\" \/>\n\t<meta property=\"og:image:height\" content=\"2000\" \/>\n\t<meta property=\"og:image:type\" content=\"image\/webp\" \/>\n<meta name=\"twitter:card\" content=\"summary_large_image\" \/>\n<meta name=\"twitter:label1\" content=\"Ber\u00e4knad l\u00e4stid\" \/>\n\t<meta name=\"twitter:data1\" content=\"1 minut\" \/>\n<!-- \/ Yoast SEO plugin. -->","yoast_head_json":{"title":"TRUUSK V\u00e4xthus Med Rullande D\u00f6rr - Hyllor - Vinterbest\u00e4ndigt St\u00e5lv\u00e4xthus - Drivhus F\u00f6r Balkong - Tomatv\u00e4xthus 69 X 49 X 193 Cm - TRUUSK - Hem, Tr\u00e4dg\u00e5rd &amp; Fritid","robots":{"index":"index","follow":"follow","max-snippet":"max-snippet:-1","max-image-preview":"max-image-preview:large","max-video-preview":"max-video-preview:-1"},"canonical":"https:\/\/truusk.store\/sv\/produkt\/truusk-vaxthus-med-rullande-dorr-hyllor-vinterbestandigt-stalvaxthus-drivhus-for-balkong-tomatvaxthus-69-x-49-x-193-cm\/","og_locale":"sv_SE","og_type":"article","og_title":"TRUUSK V\u00e4xthus Med Rullande D\u00f6rr - Hyllor - Vinterbest\u00e4ndigt St\u00e5lv\u00e4xthus - Drivhus F\u00f6r Balkong - Tomatv\u00e4xthus 69 X 49 X 193 Cm - TRUUSK - Hem, Tr\u00e4dg\u00e5rd &amp; Fritid","og_description":"Letar du efter ett litet v\u00e4xthus som du kan st\u00e4lla upp i din tr\u00e4dg\u00e5rd eller p\u00e5 din terrass? Detta TRUUSK-foliev\u00e4xthus...","og_url":"https:\/\/truusk.store\/sv\/produkt\/truusk-vaxthus-med-rullande-dorr-hyllor-vinterbestandigt-stalvaxthus-drivhus-for-balkong-tomatvaxthus-69-x-49-x-193-cm\/","og_site_name":"TRUUSK - Hem, Tr\u00e4dg\u00e5rd &amp; Fritid","article_modified_time":"2026-03-12T08:45:25+00:00","og_image":[{"width":2000,"height":2000,"url":"https:\/\/i0.wp.com\/truusk.se\/wp-content\/uploads\/2025\/06\/vaxthus-med-rullande-dorr-hyllor-vinterbestandigt-stalvaxthus-drivhus-for-balkong-tradgard-tomatvaxthus-69-x-49-x-193-cm-tomatvaxthus-for-tomater-gronsaker-blommor-gront-1.webp?fit=2000%2C2000&ssl=1","type":"image\/webp"}],"twitter_card":"summary_large_image","twitter_misc":{"Ber\u00e4knad l\u00e4stid":"1 minut"},"schema":{"@context":"https:\/\/schema.org","@graph":[{"@type":"WebPage","@id":"https:\/\/truusk.store\/sv\/produkt\/truusk-vaxthus-med-rullande-dorr-hyllor-vinterbestandigt-stalvaxthus-drivhus-for-balkong-tomatvaxthus-69-x-49-x-193-cm\/","url":"https:\/\/truusk.store\/sv\/produkt\/truusk-vaxthus-med-rullande-dorr-hyllor-vinterbestandigt-stalvaxthus-drivhus-for-balkong-tomatvaxthus-69-x-49-x-193-cm\/","name":"TRUUSK V\u00e4xthus Med Rullande D\u00f6rr - Hyllor - Vinterbest\u00e4ndigt St\u00e5lv\u00e4xthus - Drivhus F\u00f6r Balkong - Tomatv\u00e4xthus 69 X 49 X 193 Cm - TRUUSK - Hem, Tr\u00e4dg\u00e5rd &amp; Fritid","isPartOf":{"@id":"https:\/\/truusk.store\/sv\/#website"},"primaryImageOfPage":{"@id":"https:\/\/truusk.store\/sv\/produkt\/truusk-vaxthus-med-rullande-dorr-hyllor-vinterbestandigt-stalvaxthus-drivhus-for-balkong-tomatvaxthus-69-x-49-x-193-cm\/#primaryimage"},"image":{"@id":"https:\/\/truusk.store\/sv\/produkt\/truusk-vaxthus-med-rullande-dorr-hyllor-vinterbestandigt-stalvaxthus-drivhus-for-balkong-tomatvaxthus-69-x-49-x-193-cm\/#primaryimage"},"thumbnailUrl":"https:\/\/i0.wp.com\/truusk.store\/wp-content\/uploads\/2025\/06\/vaxthus-med-rullande-dorr-hyllor-vinterbestandigt-stalvaxthus-drivhus-for-balkong-tradgard-tomatvaxthus-69-x-49-x-193-cm-tomatvaxthus-for-tomater-gronsaker-blommor-gront-1.webp?fit=2000%2C2000&ssl=1","datePublished":"2025-06-05T15:11:49+00:00","dateModified":"2026-03-12T08:45:25+00:00","breadcrumb":{"@id":"https:\/\/truusk.store\/sv\/produkt\/truusk-vaxthus-med-rullande-dorr-hyllor-vinterbestandigt-stalvaxthus-drivhus-for-balkong-tomatvaxthus-69-x-49-x-193-cm\/#breadcrumb"},"inLanguage":"sv-SE","potentialAction":[{"@type":"ReadAction","target":["https:\/\/truusk.store\/sv\/produkt\/truusk-vaxthus-med-rullande-dorr-hyllor-vinterbestandigt-stalvaxthus-drivhus-for-balkong-tomatvaxthus-69-x-49-x-193-cm\/"]}]},{"@type":"ImageObject","inLanguage":"sv-SE","@id":"https:\/\/truusk.store\/sv\/produkt\/truusk-vaxthus-med-rullande-dorr-hyllor-vinterbestandigt-stalvaxthus-drivhus-for-balkong-tomatvaxthus-69-x-49-x-193-cm\/#primaryimage","url":"https:\/\/i0.wp.com\/truusk.store\/wp-content\/uploads\/2025\/06\/vaxthus-med-rullande-dorr-hyllor-vinterbestandigt-stalvaxthus-drivhus-for-balkong-tradgard-tomatvaxthus-69-x-49-x-193-cm-tomatvaxthus-for-tomater-gronsaker-blommor-gront-1.webp?fit=2000%2C2000&ssl=1","contentUrl":"https:\/\/i0.wp.com\/truusk.store\/wp-content\/uploads\/2025\/06\/vaxthus-med-rullande-dorr-hyllor-vinterbestandigt-stalvaxthus-drivhus-for-balkong-tradgard-tomatvaxthus-69-x-49-x-193-cm-tomatvaxthus-for-tomater-gronsaker-blommor-gront-1.webp?fit=2000%2C2000&ssl=1","width":2000,"height":2000},{"@type":"BreadcrumbList","@id":"https:\/\/truusk.store\/sv\/produkt\/truusk-vaxthus-med-rullande-dorr-hyllor-vinterbestandigt-stalvaxthus-drivhus-for-balkong-tomatvaxthus-69-x-49-x-193-cm\/#breadcrumb","itemListElement":[{"@type":"ListItem","position":1,"name":"Home","item":"https:\/\/truusk.store\/sv\/"},{"@type":"ListItem","position":2,"name":"Shop","item":"https:\/\/truusk.store\/shop\/"},{"@type":"ListItem","position":3,"name":"TRUUSK V\u00e4xthus Med Rullande D\u00f6rr &#8211; Hyllor &#8211; Vinterbest\u00e4ndigt St\u00e5lv\u00e4xthus &#8211; Drivhus F\u00f6r Balkong &#8211; Tomatv\u00e4xthus 69 X 49 X 193 Cm &#8211;"}]},{"@type":"WebSite","@id":"https:\/\/truusk.store\/sv\/#website","url":"https:\/\/truusk.store\/sv\/","name":"TRUUSK - Hem, Tr\u00e4dg\u00e5rd & Fritid","description":"","publisher":{"@id":"https:\/\/truusk.store\/sv\/#organization"},"potentialAction":[{"@type":"SearchAction","target":{"@type":"EntryPoint","urlTemplate":"https:\/\/truusk.store\/sv\/?s={search_term_string}"},"query-input":{"@type":"PropertyValueSpecification","valueRequired":true,"valueName":"search_term_string"}}],"inLanguage":"sv-SE"},{"@type":"Organization","@id":"https:\/\/truusk.store\/sv\/#organization","name":"TRUUSK - Hem, Tr\u00e4dg\u00e5rd & Fritid","url":"https:\/\/truusk.store\/sv\/","logo":{"@type":"ImageObject","inLanguage":"sv-SE","@id":"https:\/\/truusk.store\/sv\/#\/schema\/logo\/image\/","url":"https:\/\/i0.wp.com\/truusk.store\/wp-content\/uploads\/2026\/03\/cropped-TRUUSK.png?fit=2032%2C917&ssl=1","contentUrl":"https:\/\/i0.wp.com\/truusk.store\/wp-content\/uploads\/2026\/03\/cropped-TRUUSK.png?fit=2032%2C917&ssl=1","width":2032,"height":917,"caption":"TRUUSK - Hem, Tr\u00e4dg\u00e5rd & Fritid"},"image":{"@id":"https:\/\/truusk.store\/sv\/#\/schema\/logo\/image\/"}}]}},"jetpack_sharing_enabled":true,"_links":{"self":[{"href":"https:\/\/truusk.store\/sv\/wp-json\/wp\/v2\/product\/68489","targetHints":{"allow":["GET"]}}],"collection":[{"href":"https:\/\/truusk.store\/sv\/wp-json\/wp\/v2\/product"}],"about":[{"href":"https:\/\/truusk.store\/sv\/wp-json\/wp\/v2\/types\/product"}],"wp:featuredmedia":[{"embeddable":true,"href":"https:\/\/truusk.store\/sv\/wp-json\/wp\/v2\/media\/68480"}],"wp:attachment":[{"href":"https:\/\/truusk.store\/sv\/wp-json\/wp\/v2\/media?parent=68489"}],"wp:term":[{"taxonomy":"product_brand","embeddable":true,"href":"https:\/\/truusk.store\/sv\/wp-json\/wp\/v2\/product_brand?post=68489"},{"taxonomy":"product_cat","embeddable":true,"href":"https:\/\/truusk.store\/sv\/wp-json\/wp\/v2\/product_cat?post=68489"},{"taxonomy":"product_tag","embeddable":true,"href":"https:\/\/truusk.store\/sv\/wp-json\/wp\/v2\/product_tag?post=68489"}],"curies":[{"name":"wp","href":"https:\/\/api.w.org\/{rel}","templated":true}]}}