{"id":68519,"date":"2025-06-05T16:14:51","date_gmt":"2025-06-05T15:14:51","guid":{"rendered":"https:\/\/truusk.store\/product\/vaxthus-med-rullande-dorr-2-fonster-vinterbestandigt-folievaxthus-av-stal-drivhus-for-balkong-tradgard-tomatvaxthus-180-x-180-x-200-cm-tomatvaxthus-for-tomater-gronsaker-blommor-vit\/"},"modified":"2026-03-12T09:46:28","modified_gmt":"2026-03-12T08:46:28","slug":"truusk-vaxthus-med-rullande-dorr-2-fonster-vinterbestandigt-folievaxthus-av-stal-for-balkong-tradgard-tomatvaxthus-180-x","status":"publish","type":"product","link":"https:\/\/truusk.store\/sv\/produkt\/truusk-vaxthus-med-rullande-dorr-2-fonster-vinterbestandigt-folievaxthus-av-stal-for-balkong-tradgard-tomatvaxthus-180-x\/","title":{"rendered":"TRUUSK V\u00e4xthus Med Rullande D\u00f6rr &#8211; 2 F\u00f6nster &#8211; Vinterbest\u00e4ndigt Foliev\u00e4xthus Av St\u00e5l &#8211; F\u00f6r Balkong, Tr\u00e4dg\u00e5rd &#8211; Tomatv\u00e4xthus 180 X"},"content":{"rendered":"<p>Uppt\u00e4ck TRUUSK v\u00e4xthus med dess unika gotiska b\u00e5ge, som l\u00e5ter regn och sn\u00f6 glida l\u00e4tt och f\u00f6rhindrar kollaps. Med extra sands\u00e4ckar och fasta f\u00f6rankringslinor erbjuder det \u00f6kad stabilitet. De tv\u00e5 dragkedjed\u00f6rrarna och sidof\u00f6nstren f\u00f6r ventilation i tomatv\u00e4xthuset s\u00e4kerst\u00e4ller optimal tillg\u00e5ng och h\u00e4lsosam v\u00e4xttillv\u00e4xt. Det \u00e4r det perfekta v\u00e4xthuset f\u00f6r tomatodling \u00e5ret runt, det skyddar dina v\u00e4xter p\u00e5litligt mot v\u00e4derp\u00e5verkan.<\/p>\n<p>Beskrivning:<\/p>\n<ul>\n<li> Det unika gotiska b\u00e5gtaket p\u00e5 tomatv\u00e4xthuset \u00e4r elegant och l\u00e5ter regn och sn\u00f6 glida l\u00e4tt<\/li>\n<li> Plast\u00f6verdrag med f\u00e5llade kanter f\u00f6r att f\u00f6rhindra rivning<\/li>\n<li> Sands\u00e4ckar p\u00e5 sidorna av v\u00e4xthuset f\u00f6r extra vikt och stabilitet<\/li>\n<li> Tv\u00e5 rullande d\u00f6rrar f\u00f6r enkel tillg\u00e5ng och sidof\u00f6nster f\u00f6r optimal ventilation<\/li>\n<li> Det perfekta v\u00e4xthuset f\u00f6r tomatodling \u00e5ret runt, skyddar v\u00e4xter mot elementen<\/li>\n<li> Enkel montering med plastkopplingar<\/li>\n<\/ul>\n<p> Tekniska data:<\/p>\n<ul>\n<li> F\u00e4rg: Vit<\/li>\n<li> Material: Plast, St\u00e5l<\/li>\n<li> Totala dimensioner: 180L x 180B x 200H cm<\/li>\n<li> F\u00f6nsterstorlek: 36B x 36H cm<\/li>\n<li> Sidviktsp\u00e5se: 180L x 18B cm<\/li>\n<li> Kantbredd: 10 cm<\/li>\n<li> Vindt\u00e4t: Niv\u00e5 4 (vindhastighet under 28 km\/h)<\/li>\n<li> F\u00f6r montering: 1-2 personer rekommenderas<\/li>\n<\/ul>\n<p>Leveransinneh\u00e5ll:<\/p>\n<ul>\n<li> 1 x V\u00e4xthus<\/li>\n<li> 4 x Markspik<\/li>\n<li> 4 x F\u00f6rankringslina<\/li>\n<li> 1 x Bruksanvisning<\/li>\n<\/ul>\n","protected":false},"excerpt":{"rendered":"<p>Uppt\u00e4ck TRUUSK v\u00e4xthus med dess unika gotiska b\u00e5ge, som l\u00e5ter regn och sn\u00f6 glida l\u00e4tt och f\u00f6rhindrar kollaps. Med extra&#8230;<\/p>\n","protected":false},"featured_media":68510,"template":"","meta":[],"product_brand":[],"product_cat":[1024,858,443],"product_tag":[],"class_list":{"0":"post-68519","1":"product","2":"type-product","3":"status-publish","4":"has-post-thumbnail","6":"product_cat-plastfilm-vaxthus-vaxthus-tradgardsskotsel","7":"product_cat-tradgard-terrass","8":"product_cat-vaxthus-tradgardsskotsel","10":"first","11":"instock","12":"sale","13":"taxable","14":"shipping-taxable","15":"purchasable","16":"product-type-simple"},"yoast_head":"<!-- This site is optimized with the Yoast SEO plugin v25.4 - https:\/\/yoast.com\/wordpress\/plugins\/seo\/ -->\n<title>TRUUSK V\u00e4xthus Med Rullande D\u00f6rr - 2 F\u00f6nster - Vinterbest\u00e4ndigt Foliev\u00e4xthus Av St\u00e5l - F\u00f6r Balkong, Tr\u00e4dg\u00e5rd - Tomatv\u00e4xthus 180 X - TRUUSK - Hem, Tr\u00e4dg\u00e5rd &amp; Fritid<\/title>\n<meta name=\"robots\" content=\"index, follow, max-snippet:-1, max-image-preview:large, max-video-preview:-1\" \/>\n<link rel=\"canonical\" href=\"https:\/\/truusk.store\/sv\/produkt\/truusk-vaxthus-med-rullande-dorr-2-fonster-vinterbestandigt-folievaxthus-av-stal-for-balkong-tradgard-tomatvaxthus-180-x\/\" \/>\n<meta property=\"og:locale\" content=\"sv_SE\" \/>\n<meta property=\"og:type\" content=\"article\" \/>\n<meta property=\"og:title\" content=\"TRUUSK V\u00e4xthus Med Rullande D\u00f6rr - 2 F\u00f6nster - Vinterbest\u00e4ndigt Foliev\u00e4xthus Av St\u00e5l - F\u00f6r Balkong, Tr\u00e4dg\u00e5rd - Tomatv\u00e4xthus 180 X - TRUUSK - Hem, Tr\u00e4dg\u00e5rd &amp; Fritid\" \/>\n<meta property=\"og:description\" content=\"Uppt\u00e4ck TRUUSK v\u00e4xthus med dess unika gotiska b\u00e5ge, som l\u00e5ter regn och sn\u00f6 glida l\u00e4tt och f\u00f6rhindrar kollaps. Med extra...\" \/>\n<meta property=\"og:url\" content=\"https:\/\/truusk.store\/sv\/produkt\/truusk-vaxthus-med-rullande-dorr-2-fonster-vinterbestandigt-folievaxthus-av-stal-for-balkong-tradgard-tomatvaxthus-180-x\/\" \/>\n<meta property=\"og:site_name\" content=\"TRUUSK - Hem, Tr\u00e4dg\u00e5rd &amp; Fritid\" \/>\n<meta property=\"article:modified_time\" content=\"2026-03-12T08:46:28+00:00\" \/>\n<meta property=\"og:image\" content=\"https:\/\/i0.wp.com\/truusk.se\/wp-content\/uploads\/2025\/06\/vaxthus-med-rullande-dorr-2-fonster-vinterbestandigt-folievaxthus-av-stal-drivhus-for-balkong-tradgard-tomatvaxthus-180-x-180-x-200-cm-tomatvaxthus-for-tomater-gronsaker-blommor-vit-1.webp?fit=2000%2C2000&ssl=1\" \/>\n\t<meta property=\"og:image:width\" content=\"2000\" \/>\n\t<meta property=\"og:image:height\" content=\"2000\" \/>\n\t<meta property=\"og:image:type\" content=\"image\/webp\" \/>\n<meta name=\"twitter:card\" content=\"summary_large_image\" \/>\n<meta name=\"twitter:label1\" content=\"Ber\u00e4knad l\u00e4stid\" \/>\n\t<meta name=\"twitter:data1\" content=\"1 minut\" \/>\n<!-- \/ Yoast SEO plugin. -->","yoast_head_json":{"title":"TRUUSK V\u00e4xthus Med Rullande D\u00f6rr - 2 F\u00f6nster - Vinterbest\u00e4ndigt Foliev\u00e4xthus Av St\u00e5l - F\u00f6r Balkong, Tr\u00e4dg\u00e5rd - Tomatv\u00e4xthus 180 X - TRUUSK - Hem, Tr\u00e4dg\u00e5rd &amp; Fritid","robots":{"index":"index","follow":"follow","max-snippet":"max-snippet:-1","max-image-preview":"max-image-preview:large","max-video-preview":"max-video-preview:-1"},"canonical":"https:\/\/truusk.store\/sv\/produkt\/truusk-vaxthus-med-rullande-dorr-2-fonster-vinterbestandigt-folievaxthus-av-stal-for-balkong-tradgard-tomatvaxthus-180-x\/","og_locale":"sv_SE","og_type":"article","og_title":"TRUUSK V\u00e4xthus Med Rullande D\u00f6rr - 2 F\u00f6nster - Vinterbest\u00e4ndigt Foliev\u00e4xthus Av St\u00e5l - F\u00f6r Balkong, Tr\u00e4dg\u00e5rd - Tomatv\u00e4xthus 180 X - TRUUSK - Hem, Tr\u00e4dg\u00e5rd &amp; Fritid","og_description":"Uppt\u00e4ck TRUUSK v\u00e4xthus med dess unika gotiska b\u00e5ge, som l\u00e5ter regn och sn\u00f6 glida l\u00e4tt och f\u00f6rhindrar kollaps. Med extra...","og_url":"https:\/\/truusk.store\/sv\/produkt\/truusk-vaxthus-med-rullande-dorr-2-fonster-vinterbestandigt-folievaxthus-av-stal-for-balkong-tradgard-tomatvaxthus-180-x\/","og_site_name":"TRUUSK - Hem, Tr\u00e4dg\u00e5rd &amp; Fritid","article_modified_time":"2026-03-12T08:46:28+00:00","og_image":[{"width":2000,"height":2000,"url":"https:\/\/i0.wp.com\/truusk.se\/wp-content\/uploads\/2025\/06\/vaxthus-med-rullande-dorr-2-fonster-vinterbestandigt-folievaxthus-av-stal-drivhus-for-balkong-tradgard-tomatvaxthus-180-x-180-x-200-cm-tomatvaxthus-for-tomater-gronsaker-blommor-vit-1.webp?fit=2000%2C2000&ssl=1","type":"image\/webp"}],"twitter_card":"summary_large_image","twitter_misc":{"Ber\u00e4knad l\u00e4stid":"1 minut"},"schema":{"@context":"https:\/\/schema.org","@graph":[{"@type":"WebPage","@id":"https:\/\/truusk.store\/sv\/produkt\/truusk-vaxthus-med-rullande-dorr-2-fonster-vinterbestandigt-folievaxthus-av-stal-for-balkong-tradgard-tomatvaxthus-180-x\/","url":"https:\/\/truusk.store\/sv\/produkt\/truusk-vaxthus-med-rullande-dorr-2-fonster-vinterbestandigt-folievaxthus-av-stal-for-balkong-tradgard-tomatvaxthus-180-x\/","name":"TRUUSK V\u00e4xthus Med Rullande D\u00f6rr - 2 F\u00f6nster - Vinterbest\u00e4ndigt Foliev\u00e4xthus Av St\u00e5l - F\u00f6r Balkong, Tr\u00e4dg\u00e5rd - Tomatv\u00e4xthus 180 X - TRUUSK - Hem, Tr\u00e4dg\u00e5rd &amp; Fritid","isPartOf":{"@id":"https:\/\/truusk.store\/sv\/#website"},"primaryImageOfPage":{"@id":"https:\/\/truusk.store\/sv\/produkt\/truusk-vaxthus-med-rullande-dorr-2-fonster-vinterbestandigt-folievaxthus-av-stal-for-balkong-tradgard-tomatvaxthus-180-x\/#primaryimage"},"image":{"@id":"https:\/\/truusk.store\/sv\/produkt\/truusk-vaxthus-med-rullande-dorr-2-fonster-vinterbestandigt-folievaxthus-av-stal-for-balkong-tradgard-tomatvaxthus-180-x\/#primaryimage"},"thumbnailUrl":"https:\/\/i0.wp.com\/truusk.store\/wp-content\/uploads\/2025\/06\/vaxthus-med-rullande-dorr-2-fonster-vinterbestandigt-folievaxthus-av-stal-drivhus-for-balkong-tradgard-tomatvaxthus-180-x-180-x-200-cm-tomatvaxthus-for-tomater-gronsaker-blommor-vit-1.webp?fit=2000%2C2000&ssl=1","datePublished":"2025-06-05T15:14:51+00:00","dateModified":"2026-03-12T08:46:28+00:00","breadcrumb":{"@id":"https:\/\/truusk.store\/sv\/produkt\/truusk-vaxthus-med-rullande-dorr-2-fonster-vinterbestandigt-folievaxthus-av-stal-for-balkong-tradgard-tomatvaxthus-180-x\/#breadcrumb"},"inLanguage":"sv-SE","potentialAction":[{"@type":"ReadAction","target":["https:\/\/truusk.store\/sv\/produkt\/truusk-vaxthus-med-rullande-dorr-2-fonster-vinterbestandigt-folievaxthus-av-stal-for-balkong-tradgard-tomatvaxthus-180-x\/"]}]},{"@type":"ImageObject","inLanguage":"sv-SE","@id":"https:\/\/truusk.store\/sv\/produkt\/truusk-vaxthus-med-rullande-dorr-2-fonster-vinterbestandigt-folievaxthus-av-stal-for-balkong-tradgard-tomatvaxthus-180-x\/#primaryimage","url":"https:\/\/i0.wp.com\/truusk.store\/wp-content\/uploads\/2025\/06\/vaxthus-med-rullande-dorr-2-fonster-vinterbestandigt-folievaxthus-av-stal-drivhus-for-balkong-tradgard-tomatvaxthus-180-x-180-x-200-cm-tomatvaxthus-for-tomater-gronsaker-blommor-vit-1.webp?fit=2000%2C2000&ssl=1","contentUrl":"https:\/\/i0.wp.com\/truusk.store\/wp-content\/uploads\/2025\/06\/vaxthus-med-rullande-dorr-2-fonster-vinterbestandigt-folievaxthus-av-stal-drivhus-for-balkong-tradgard-tomatvaxthus-180-x-180-x-200-cm-tomatvaxthus-for-tomater-gronsaker-blommor-vit-1.webp?fit=2000%2C2000&ssl=1","width":2000,"height":2000},{"@type":"BreadcrumbList","@id":"https:\/\/truusk.store\/sv\/produkt\/truusk-vaxthus-med-rullande-dorr-2-fonster-vinterbestandigt-folievaxthus-av-stal-for-balkong-tradgard-tomatvaxthus-180-x\/#breadcrumb","itemListElement":[{"@type":"ListItem","position":1,"name":"Home","item":"https:\/\/truusk.store\/sv\/"},{"@type":"ListItem","position":2,"name":"Shop","item":"https:\/\/truusk.store\/shop\/"},{"@type":"ListItem","position":3,"name":"TRUUSK V\u00e4xthus Med Rullande D\u00f6rr &#8211; 2 F\u00f6nster &#8211; Vinterbest\u00e4ndigt Foliev\u00e4xthus Av St\u00e5l &#8211; F\u00f6r Balkong, Tr\u00e4dg\u00e5rd &#8211; Tomatv\u00e4xthus 180 X"}]},{"@type":"WebSite","@id":"https:\/\/truusk.store\/sv\/#website","url":"https:\/\/truusk.store\/sv\/","name":"TRUUSK - Hem, Tr\u00e4dg\u00e5rd & Fritid","description":"","publisher":{"@id":"https:\/\/truusk.store\/sv\/#organization"},"potentialAction":[{"@type":"SearchAction","target":{"@type":"EntryPoint","urlTemplate":"https:\/\/truusk.store\/sv\/?s={search_term_string}"},"query-input":{"@type":"PropertyValueSpecification","valueRequired":true,"valueName":"search_term_string"}}],"inLanguage":"sv-SE"},{"@type":"Organization","@id":"https:\/\/truusk.store\/sv\/#organization","name":"TRUUSK - Hem, Tr\u00e4dg\u00e5rd & Fritid","url":"https:\/\/truusk.store\/sv\/","logo":{"@type":"ImageObject","inLanguage":"sv-SE","@id":"https:\/\/truusk.store\/sv\/#\/schema\/logo\/image\/","url":"https:\/\/i0.wp.com\/truusk.store\/wp-content\/uploads\/2026\/03\/cropped-TRUUSK.png?fit=2032%2C917&ssl=1","contentUrl":"https:\/\/i0.wp.com\/truusk.store\/wp-content\/uploads\/2026\/03\/cropped-TRUUSK.png?fit=2032%2C917&ssl=1","width":2032,"height":917,"caption":"TRUUSK - Hem, Tr\u00e4dg\u00e5rd & Fritid"},"image":{"@id":"https:\/\/truusk.store\/sv\/#\/schema\/logo\/image\/"}}]}},"jetpack_sharing_enabled":true,"_links":{"self":[{"href":"https:\/\/truusk.store\/sv\/wp-json\/wp\/v2\/product\/68519","targetHints":{"allow":["GET"]}}],"collection":[{"href":"https:\/\/truusk.store\/sv\/wp-json\/wp\/v2\/product"}],"about":[{"href":"https:\/\/truusk.store\/sv\/wp-json\/wp\/v2\/types\/product"}],"wp:featuredmedia":[{"embeddable":true,"href":"https:\/\/truusk.store\/sv\/wp-json\/wp\/v2\/media\/68510"}],"wp:attachment":[{"href":"https:\/\/truusk.store\/sv\/wp-json\/wp\/v2\/media?parent=68519"}],"wp:term":[{"taxonomy":"product_brand","embeddable":true,"href":"https:\/\/truusk.store\/sv\/wp-json\/wp\/v2\/product_brand?post=68519"},{"taxonomy":"product_cat","embeddable":true,"href":"https:\/\/truusk.store\/sv\/wp-json\/wp\/v2\/product_cat?post=68519"},{"taxonomy":"product_tag","embeddable":true,"href":"https:\/\/truusk.store\/sv\/wp-json\/wp\/v2\/product_tag?post=68519"}],"curies":[{"name":"wp","href":"https:\/\/api.w.org\/{rel}","templated":true}]}}