{"id":68529,"date":"2025-06-05T16:15:42","date_gmt":"2025-06-05T15:15:42","guid":{"rendered":"https:\/\/truusk.store\/product\/sittkudde-120x100-cm-stolskudde-med-ryggstod-8cm-tjock-kuddoverdrag-vattenavvisande-sittkudde-for-gungstolar-och-hangkorgar-beige\/"},"modified":"2026-03-12T09:47:15","modified_gmt":"2026-03-12T08:47:15","slug":"truusk-sittkudde-120x100-cm-med-ryggstod-8-cm-tjock-kuddoverdrag-vattenavvisande-for-gungstolar-och-hangkorgar-beige","status":"publish","type":"product","link":"https:\/\/truusk.store\/sv\/produkt\/truusk-sittkudde-120x100-cm-med-ryggstod-8-cm-tjock-kuddoverdrag-vattenavvisande-for-gungstolar-och-hangkorgar-beige\/","title":{"rendered":"TRUUSK Sittkudde, 120&#215;100 cm &#8211; Med ryggst\u00f6d &#8211; 8 cm tjock kudd\u00f6verdrag &#8211; Vattenavvisande &#8211; F\u00f6r gungstolar och h\u00e4ngkorgar &#8211; Beige"},"content":{"rendered":"<p>Njut av optimal sittkomfort med TRUUSK utomhuskudde. Denna stolsdyna f\u00f6r olika stolar och h\u00e4ngkorgar erbjuder komfort f\u00f6r hela kroppen. Den eleganta \u00f6verdraget p\u00e5 sittkudden k\u00e4nns behagligt mot huden och \u00e4r dessutom andningsbart. Dekorativa knappar h\u00e5ller fyllningen stabil. Koppla av med v\u00e5r h\u00e5llbara och bekv\u00e4ma stolsdyna p\u00e5 varma dagar och milda kv\u00e4llar.<\/p>\n<p>Beskrivning:<\/p>\n<ul>\n<li> L\u00e4mplig f\u00f6r gungstolar och h\u00e4ngkorgar b\u00e5de inomhus och utomhus<\/li>\n<li> Elegant design<\/li>\n<li> Tjock sittkudde med konstgjord bomullsfyllning f\u00f6r l\u00e5ngvarig komfort<\/li>\n<li> Polyester\u00f6verdraget p\u00e5 sittkudden \u00e4r fl\u00e4ckresistent och l\u00e4tt att sk\u00f6ta<\/li>\n<li> Knappdekoration p\u00e5 stolsdynan f\u00f6rhindrar att fyllningen glider<\/li>\n<li> Kan enkelt reng\u00f6ras med en fuktig trasa<\/li>\n<li> OBS 1: Skaka kudden kraftigt efter att ha \u00f6ppnat den komprimerade f\u00f6rpackningen f\u00f6r att \u00e5terst\u00e4lla dess form. L\u00e5t den sedan vila i 3-4 timmar innan du anv\u00e4nder den f\u00f6r att s\u00e4kerst\u00e4lla optimala f\u00f6rh\u00e5llanden<\/li>\n<li> OBS 2: M\u00e4t noggrant dina m\u00f6belstorlekar innan du k\u00f6per f\u00f6r att s\u00e4kerst\u00e4lla att v\u00e5rt kuddset passar bra<\/li>\n<\/ul>\n<p> Tekniska data:<\/p>\n<ul>\n<li> F\u00e4rg: Beige<\/li>\n<li> Material: Polyester, skum<\/li>\n<li> Totala dimensioner: 120L x 100B x 8T cm<\/li>\n<li> Obs: Kudd\u00f6verdraget \u00e4r inte avtagbart och inte tv\u00e4ttbart. M\u00e4t dina kuddm\u00e5tt innan du k\u00f6per<\/li>\n<\/ul>\n<p>Leveransinneh\u00e5ll:<\/p>\n<ul>\n<li> 1 x utomhus sittkudde;<\/li>\n<\/ul>\n","protected":false},"excerpt":{"rendered":"<p>Njut av optimal sittkomfort med TRUUSK utomhuskudde. Denna stolsdyna f\u00f6r olika stolar och h\u00e4ngkorgar erbjuder komfort f\u00f6r hela kroppen. Den&#8230;<\/p>\n","protected":false},"featured_media":68520,"template":"","meta":[],"product_brand":[],"product_cat":[858,450,1021],"product_tag":[],"class_list":{"0":"post-68529","1":"product","2":"type-product","3":"status-publish","4":"has-post-thumbnail","6":"product_cat-tradgard-terrass","7":"product_cat-tradgardsmobler","8":"product_cat-tradgardssitskuddar","10":"first","11":"instock","12":"sale","13":"taxable","14":"shipping-taxable","15":"purchasable","16":"product-type-simple"},"yoast_head":"<!-- This site is optimized with the Yoast SEO plugin v25.4 - https:\/\/yoast.com\/wordpress\/plugins\/seo\/ -->\n<title>TRUUSK Sittkudde, 120x100 cm - Med ryggst\u00f6d - 8 cm tjock kudd\u00f6verdrag - Vattenavvisande - F\u00f6r gungstolar och h\u00e4ngkorgar - Beige - TRUUSK - Hem, Tr\u00e4dg\u00e5rd &amp; Fritid<\/title>\n<meta name=\"robots\" content=\"index, follow, max-snippet:-1, max-image-preview:large, max-video-preview:-1\" \/>\n<link rel=\"canonical\" href=\"https:\/\/truusk.store\/sv\/produkt\/truusk-sittkudde-120x100-cm-med-ryggstod-8-cm-tjock-kuddoverdrag-vattenavvisande-for-gungstolar-och-hangkorgar-beige\/\" \/>\n<meta property=\"og:locale\" content=\"sv_SE\" \/>\n<meta property=\"og:type\" content=\"article\" \/>\n<meta property=\"og:title\" content=\"TRUUSK Sittkudde, 120x100 cm - Med ryggst\u00f6d - 8 cm tjock kudd\u00f6verdrag - Vattenavvisande - F\u00f6r gungstolar och h\u00e4ngkorgar - Beige - TRUUSK - Hem, Tr\u00e4dg\u00e5rd &amp; Fritid\" \/>\n<meta property=\"og:description\" content=\"Njut av optimal sittkomfort med TRUUSK utomhuskudde. Denna stolsdyna f\u00f6r olika stolar och h\u00e4ngkorgar erbjuder komfort f\u00f6r hela kroppen. Den...\" \/>\n<meta property=\"og:url\" content=\"https:\/\/truusk.store\/sv\/produkt\/truusk-sittkudde-120x100-cm-med-ryggstod-8-cm-tjock-kuddoverdrag-vattenavvisande-for-gungstolar-och-hangkorgar-beige\/\" \/>\n<meta property=\"og:site_name\" content=\"TRUUSK - Hem, Tr\u00e4dg\u00e5rd &amp; Fritid\" \/>\n<meta property=\"article:modified_time\" content=\"2026-03-12T08:47:15+00:00\" \/>\n<meta property=\"og:image\" content=\"https:\/\/i0.wp.com\/truusk.se\/wp-content\/uploads\/2025\/06\/sittkudde-120x100-cm-stolskudde-med-ryggstod-8cm-tjock-kuddoverdrag-vattenavvisande-sittkudde-for-gungstolar-och-hangkorgar-beige-1.webp?fit=2000%2C2000&ssl=1\" \/>\n\t<meta property=\"og:image:width\" content=\"2000\" \/>\n\t<meta property=\"og:image:height\" content=\"2000\" \/>\n\t<meta property=\"og:image:type\" content=\"image\/webp\" \/>\n<meta name=\"twitter:card\" content=\"summary_large_image\" \/>\n<meta name=\"twitter:label1\" content=\"Ber\u00e4knad l\u00e4stid\" \/>\n\t<meta name=\"twitter:data1\" content=\"1 minut\" \/>\n<!-- \/ Yoast SEO plugin. -->","yoast_head_json":{"title":"TRUUSK Sittkudde, 120x100 cm - Med ryggst\u00f6d - 8 cm tjock kudd\u00f6verdrag - Vattenavvisande - F\u00f6r gungstolar och h\u00e4ngkorgar - Beige - TRUUSK - Hem, Tr\u00e4dg\u00e5rd &amp; Fritid","robots":{"index":"index","follow":"follow","max-snippet":"max-snippet:-1","max-image-preview":"max-image-preview:large","max-video-preview":"max-video-preview:-1"},"canonical":"https:\/\/truusk.store\/sv\/produkt\/truusk-sittkudde-120x100-cm-med-ryggstod-8-cm-tjock-kuddoverdrag-vattenavvisande-for-gungstolar-och-hangkorgar-beige\/","og_locale":"sv_SE","og_type":"article","og_title":"TRUUSK Sittkudde, 120x100 cm - Med ryggst\u00f6d - 8 cm tjock kudd\u00f6verdrag - Vattenavvisande - F\u00f6r gungstolar och h\u00e4ngkorgar - Beige - TRUUSK - Hem, Tr\u00e4dg\u00e5rd &amp; Fritid","og_description":"Njut av optimal sittkomfort med TRUUSK utomhuskudde. Denna stolsdyna f\u00f6r olika stolar och h\u00e4ngkorgar erbjuder komfort f\u00f6r hela kroppen. Den...","og_url":"https:\/\/truusk.store\/sv\/produkt\/truusk-sittkudde-120x100-cm-med-ryggstod-8-cm-tjock-kuddoverdrag-vattenavvisande-for-gungstolar-och-hangkorgar-beige\/","og_site_name":"TRUUSK - Hem, Tr\u00e4dg\u00e5rd &amp; Fritid","article_modified_time":"2026-03-12T08:47:15+00:00","og_image":[{"width":2000,"height":2000,"url":"https:\/\/i0.wp.com\/truusk.se\/wp-content\/uploads\/2025\/06\/sittkudde-120x100-cm-stolskudde-med-ryggstod-8cm-tjock-kuddoverdrag-vattenavvisande-sittkudde-for-gungstolar-och-hangkorgar-beige-1.webp?fit=2000%2C2000&ssl=1","type":"image\/webp"}],"twitter_card":"summary_large_image","twitter_misc":{"Ber\u00e4knad l\u00e4stid":"1 minut"},"schema":{"@context":"https:\/\/schema.org","@graph":[{"@type":"WebPage","@id":"https:\/\/truusk.store\/sv\/produkt\/truusk-sittkudde-120x100-cm-med-ryggstod-8-cm-tjock-kuddoverdrag-vattenavvisande-for-gungstolar-och-hangkorgar-beige\/","url":"https:\/\/truusk.store\/sv\/produkt\/truusk-sittkudde-120x100-cm-med-ryggstod-8-cm-tjock-kuddoverdrag-vattenavvisande-for-gungstolar-och-hangkorgar-beige\/","name":"TRUUSK Sittkudde, 120x100 cm - Med ryggst\u00f6d - 8 cm tjock kudd\u00f6verdrag - Vattenavvisande - F\u00f6r gungstolar och h\u00e4ngkorgar - Beige - TRUUSK - Hem, Tr\u00e4dg\u00e5rd &amp; Fritid","isPartOf":{"@id":"https:\/\/truusk.store\/sv\/#website"},"primaryImageOfPage":{"@id":"https:\/\/truusk.store\/sv\/produkt\/truusk-sittkudde-120x100-cm-med-ryggstod-8-cm-tjock-kuddoverdrag-vattenavvisande-for-gungstolar-och-hangkorgar-beige\/#primaryimage"},"image":{"@id":"https:\/\/truusk.store\/sv\/produkt\/truusk-sittkudde-120x100-cm-med-ryggstod-8-cm-tjock-kuddoverdrag-vattenavvisande-for-gungstolar-och-hangkorgar-beige\/#primaryimage"},"thumbnailUrl":"https:\/\/i0.wp.com\/truusk.store\/wp-content\/uploads\/2025\/06\/sittkudde-120x100-cm-stolskudde-med-ryggstod-8cm-tjock-kuddoverdrag-vattenavvisande-sittkudde-for-gungstolar-och-hangkorgar-beige-1.webp?fit=2000%2C2000&ssl=1","datePublished":"2025-06-05T15:15:42+00:00","dateModified":"2026-03-12T08:47:15+00:00","breadcrumb":{"@id":"https:\/\/truusk.store\/sv\/produkt\/truusk-sittkudde-120x100-cm-med-ryggstod-8-cm-tjock-kuddoverdrag-vattenavvisande-for-gungstolar-och-hangkorgar-beige\/#breadcrumb"},"inLanguage":"sv-SE","potentialAction":[{"@type":"ReadAction","target":["https:\/\/truusk.store\/sv\/produkt\/truusk-sittkudde-120x100-cm-med-ryggstod-8-cm-tjock-kuddoverdrag-vattenavvisande-for-gungstolar-och-hangkorgar-beige\/"]}]},{"@type":"ImageObject","inLanguage":"sv-SE","@id":"https:\/\/truusk.store\/sv\/produkt\/truusk-sittkudde-120x100-cm-med-ryggstod-8-cm-tjock-kuddoverdrag-vattenavvisande-for-gungstolar-och-hangkorgar-beige\/#primaryimage","url":"https:\/\/i0.wp.com\/truusk.store\/wp-content\/uploads\/2025\/06\/sittkudde-120x100-cm-stolskudde-med-ryggstod-8cm-tjock-kuddoverdrag-vattenavvisande-sittkudde-for-gungstolar-och-hangkorgar-beige-1.webp?fit=2000%2C2000&ssl=1","contentUrl":"https:\/\/i0.wp.com\/truusk.store\/wp-content\/uploads\/2025\/06\/sittkudde-120x100-cm-stolskudde-med-ryggstod-8cm-tjock-kuddoverdrag-vattenavvisande-sittkudde-for-gungstolar-och-hangkorgar-beige-1.webp?fit=2000%2C2000&ssl=1","width":2000,"height":2000},{"@type":"BreadcrumbList","@id":"https:\/\/truusk.store\/sv\/produkt\/truusk-sittkudde-120x100-cm-med-ryggstod-8-cm-tjock-kuddoverdrag-vattenavvisande-for-gungstolar-och-hangkorgar-beige\/#breadcrumb","itemListElement":[{"@type":"ListItem","position":1,"name":"Home","item":"https:\/\/truusk.store\/sv\/"},{"@type":"ListItem","position":2,"name":"Shop","item":"https:\/\/truusk.store\/shop\/"},{"@type":"ListItem","position":3,"name":"TRUUSK Sittkudde, 120&#215;100 cm &#8211; Med ryggst\u00f6d &#8211; 8 cm tjock kudd\u00f6verdrag &#8211; Vattenavvisande &#8211; F\u00f6r gungstolar och h\u00e4ngkorgar &#8211; Beige"}]},{"@type":"WebSite","@id":"https:\/\/truusk.store\/sv\/#website","url":"https:\/\/truusk.store\/sv\/","name":"TRUUSK - Hem, Tr\u00e4dg\u00e5rd & Fritid","description":"","publisher":{"@id":"https:\/\/truusk.store\/sv\/#organization"},"potentialAction":[{"@type":"SearchAction","target":{"@type":"EntryPoint","urlTemplate":"https:\/\/truusk.store\/sv\/?s={search_term_string}"},"query-input":{"@type":"PropertyValueSpecification","valueRequired":true,"valueName":"search_term_string"}}],"inLanguage":"sv-SE"},{"@type":"Organization","@id":"https:\/\/truusk.store\/sv\/#organization","name":"TRUUSK - Hem, Tr\u00e4dg\u00e5rd & Fritid","url":"https:\/\/truusk.store\/sv\/","logo":{"@type":"ImageObject","inLanguage":"sv-SE","@id":"https:\/\/truusk.store\/sv\/#\/schema\/logo\/image\/","url":"https:\/\/i0.wp.com\/truusk.store\/wp-content\/uploads\/2026\/03\/cropped-TRUUSK.png?fit=2032%2C917&ssl=1","contentUrl":"https:\/\/i0.wp.com\/truusk.store\/wp-content\/uploads\/2026\/03\/cropped-TRUUSK.png?fit=2032%2C917&ssl=1","width":2032,"height":917,"caption":"TRUUSK - Hem, Tr\u00e4dg\u00e5rd & Fritid"},"image":{"@id":"https:\/\/truusk.store\/sv\/#\/schema\/logo\/image\/"}}]}},"jetpack_sharing_enabled":true,"_links":{"self":[{"href":"https:\/\/truusk.store\/sv\/wp-json\/wp\/v2\/product\/68529","targetHints":{"allow":["GET"]}}],"collection":[{"href":"https:\/\/truusk.store\/sv\/wp-json\/wp\/v2\/product"}],"about":[{"href":"https:\/\/truusk.store\/sv\/wp-json\/wp\/v2\/types\/product"}],"wp:featuredmedia":[{"embeddable":true,"href":"https:\/\/truusk.store\/sv\/wp-json\/wp\/v2\/media\/68520"}],"wp:attachment":[{"href":"https:\/\/truusk.store\/sv\/wp-json\/wp\/v2\/media?parent=68529"}],"wp:term":[{"taxonomy":"product_brand","embeddable":true,"href":"https:\/\/truusk.store\/sv\/wp-json\/wp\/v2\/product_brand?post=68529"},{"taxonomy":"product_cat","embeddable":true,"href":"https:\/\/truusk.store\/sv\/wp-json\/wp\/v2\/product_cat?post=68529"},{"taxonomy":"product_tag","embeddable":true,"href":"https:\/\/truusk.store\/sv\/wp-json\/wp\/v2\/product_tag?post=68529"}],"curies":[{"name":"wp","href":"https:\/\/api.w.org\/{rel}","templated":true}]}}