{"id":68539,"date":"2025-06-05T16:17:01","date_gmt":"2025-06-05T15:17:01","guid":{"rendered":"https:\/\/truusk.store\/product\/vaxthus-med-sadeltak-dubbla-dorrar-hyllor-vinterfast-folievaxthus-av-stal-drivhus-for-balkong-tradgard-tomatvaxthus-144-x-48-x-152-cm-tomatvaxthus-for-tomater-gronsaker-vit\/"},"modified":"2026-03-12T09:46:31","modified_gmt":"2026-03-12T08:46:31","slug":"truusk-vinterfast-folievaxthus-av-stal-dubbla-dorrar-hyllor-tomatvaxthus-144-x-48-x-152-cm-vit-for-balkong-och-tradgard","status":"publish","type":"product","link":"https:\/\/truusk.store\/sv\/produkt\/truusk-vinterfast-folievaxthus-av-stal-dubbla-dorrar-hyllor-tomatvaxthus-144-x-48-x-152-cm-vit-for-balkong-och-tradgard\/","title":{"rendered":"TRUUSK Vinterfast Foliev\u00e4xthus av St\u00e5l &#8211; Dubbla D\u00f6rrar &#8211; Hyllor &#8211; Tomatv\u00e4xthus 144 x 48 x 152 cm &#8211; Vit &#8211; F\u00f6r Balkong och Tr\u00e4dg\u00e5rd"},"content":{"rendered":"<p>Detta TRUUSK v\u00e4xthus med tre niv\u00e5er och hyllor erbjuder gott om utrymme f\u00f6r blomkrukor och odlingsbrickor, skyddade av en 140g\/m\u00b2 plasth\u00f6lje mot UV-skador och f\u00f6r optimalt utnyttjande av solljus. Den upprullbara d\u00f6rren till foliev\u00e4xthuset med dragkedja m\u00f6jligg\u00f6r l\u00e4tt tillg\u00e5ng och perfekt ventilation. Perfekt tomatv\u00e4xthus f\u00f6r alla som g\u00e4rna vill skapa ett gr\u00f6nt och dessutom portabelt v\u00e4xtparadis!<\/p>\n<p>Beskrivning:<\/p>\n<ul>\n<li> Det trestegs v\u00e4xtst\u00e4llet i tomatv\u00e4xthuset maximerar lagringsutrymmet f\u00f6r tr\u00e4dg\u00e5rdstillbeh\u00f6r<\/li>\n<li> 140g\/m\u00b2 plast\u00f6verdraget p\u00e5 foliev\u00e4xthuset skyddar v\u00e4xterna mot UV-str\u00e5lar och \u00f6kar livsl\u00e4ngden<\/li>\n<li> Den upprullbara dragkedjed\u00f6rren till v\u00e4xthuset m\u00f6jligg\u00f6r enkel tillg\u00e5ng och optimal ventilation<\/li>\n<li> Det lutande takdesignen f\u00f6rhindrar vattenansamlingar och skyddar strukturen<\/li>\n<li> Pulverlackerad st\u00e5lram erbjuder robust, stabil st\u00f6d<\/li>\n<li> Extra l\u00e5ng presenning f\u00f6r att gr\u00e4va in i marken f\u00f6r t\u00e4tning och stabilitet<\/li>\n<li> Placera tunga f\u00f6rem\u00e5l i de nedre sidofickorna f\u00f6r att \u00f6ka stabiliteten<\/li>\n<li> Montering kr\u00e4vs<\/li>\n<\/ul>\n<p>Tekniska data:<\/p>\n<ul>\n<li> F\u00e4rg: Vit<\/li>\n<li> Material: St\u00e5l, Plast<\/li>\n<li> Totala dimensioner: 144L x 48B x 152\/142H cm<\/li>\n<li> D\u00f6rrdimension: 54B x 145H cm<\/li>\n<li> Dimensioner p\u00e5 tr\u00e5dhyllan: 58L x 46,5B x 45H cm<\/li>\n<li> Storlek p\u00e5 sidoficka: 50B x 18T cm<\/li>\n<li> Kantbredd: 10 cm<\/li>\n<li> B\u00e4rkapacitet: 8 kg<\/li>\n<li> Montering kr\u00e4vs: 1-2 personer rekommenderas<\/li>\n<\/ul>\n<p>Leveransinneh\u00e5ll:<\/p>\n<ul>\n<li> 1 x V\u00e4xthus<\/li>\n<li> 1 x Bruksanvisning<\/li>\n<\/ul>\n","protected":false},"excerpt":{"rendered":"<p>Detta TRUUSK v\u00e4xthus med tre niv\u00e5er och hyllor erbjuder gott om utrymme f\u00f6r blomkrukor och odlingsbrickor, skyddade av en 140g\/m\u00b2&#8230;<\/p>\n","protected":false},"featured_media":68530,"template":"","meta":[],"product_brand":[],"product_cat":[923,858,443],"product_tag":[],"class_list":{"0":"post-68539","1":"product","2":"type-product","3":"status-publish","4":"has-post-thumbnail","6":"product_cat-plastfilm-vaxthus","7":"product_cat-tradgard-terrass","8":"product_cat-vaxthus-tradgardsskotsel","10":"first","11":"instock","12":"sale","13":"taxable","14":"shipping-taxable","15":"purchasable","16":"product-type-simple"},"yoast_head":"<!-- This site is optimized with the Yoast SEO plugin v25.4 - https:\/\/yoast.com\/wordpress\/plugins\/seo\/ -->\n<title>TRUUSK Vinterfast Foliev\u00e4xthus av St\u00e5l - Dubbla D\u00f6rrar - Hyllor - Tomatv\u00e4xthus 144 x 48 x 152 cm - Vit - F\u00f6r Balkong och Tr\u00e4dg\u00e5rd - TRUUSK - Hem, Tr\u00e4dg\u00e5rd &amp; Fritid<\/title>\n<meta name=\"robots\" content=\"index, follow, max-snippet:-1, max-image-preview:large, max-video-preview:-1\" \/>\n<link rel=\"canonical\" href=\"https:\/\/truusk.store\/sv\/produkt\/truusk-vinterfast-folievaxthus-av-stal-dubbla-dorrar-hyllor-tomatvaxthus-144-x-48-x-152-cm-vit-for-balkong-och-tradgard\/\" \/>\n<meta property=\"og:locale\" content=\"sv_SE\" \/>\n<meta property=\"og:type\" content=\"article\" \/>\n<meta property=\"og:title\" content=\"TRUUSK Vinterfast Foliev\u00e4xthus av St\u00e5l - Dubbla D\u00f6rrar - Hyllor - Tomatv\u00e4xthus 144 x 48 x 152 cm - Vit - F\u00f6r Balkong och Tr\u00e4dg\u00e5rd - TRUUSK - Hem, Tr\u00e4dg\u00e5rd &amp; Fritid\" \/>\n<meta property=\"og:description\" content=\"Detta TRUUSK v\u00e4xthus med tre niv\u00e5er och hyllor erbjuder gott om utrymme f\u00f6r blomkrukor och odlingsbrickor, skyddade av en 140g\/m\u00b2...\" \/>\n<meta property=\"og:url\" content=\"https:\/\/truusk.store\/sv\/produkt\/truusk-vinterfast-folievaxthus-av-stal-dubbla-dorrar-hyllor-tomatvaxthus-144-x-48-x-152-cm-vit-for-balkong-och-tradgard\/\" \/>\n<meta property=\"og:site_name\" content=\"TRUUSK - Hem, Tr\u00e4dg\u00e5rd &amp; Fritid\" \/>\n<meta property=\"article:modified_time\" content=\"2026-03-12T08:46:31+00:00\" \/>\n<meta property=\"og:image\" content=\"https:\/\/i0.wp.com\/truusk.se\/wp-content\/uploads\/2025\/06\/vaxthus-med-sadeltak-dubbla-dorrar-hyllor-vinterfast-folievaxthus-av-stal-drivhus-for-balkong-tradgard-tomatvaxthus-144-x-48-x-152-cm-tomatvaxthus-for-tomater-gronsaker-vit-1.webp?fit=2000%2C2000&ssl=1\" \/>\n\t<meta property=\"og:image:width\" content=\"2000\" \/>\n\t<meta property=\"og:image:height\" content=\"2000\" \/>\n\t<meta property=\"og:image:type\" content=\"image\/webp\" \/>\n<meta name=\"twitter:card\" content=\"summary_large_image\" \/>\n<meta name=\"twitter:label1\" content=\"Ber\u00e4knad l\u00e4stid\" \/>\n\t<meta name=\"twitter:data1\" content=\"1 minut\" \/>\n<!-- \/ Yoast SEO plugin. -->","yoast_head_json":{"title":"TRUUSK Vinterfast Foliev\u00e4xthus av St\u00e5l - Dubbla D\u00f6rrar - Hyllor - Tomatv\u00e4xthus 144 x 48 x 152 cm - Vit - F\u00f6r Balkong och Tr\u00e4dg\u00e5rd - TRUUSK - Hem, Tr\u00e4dg\u00e5rd &amp; Fritid","robots":{"index":"index","follow":"follow","max-snippet":"max-snippet:-1","max-image-preview":"max-image-preview:large","max-video-preview":"max-video-preview:-1"},"canonical":"https:\/\/truusk.store\/sv\/produkt\/truusk-vinterfast-folievaxthus-av-stal-dubbla-dorrar-hyllor-tomatvaxthus-144-x-48-x-152-cm-vit-for-balkong-och-tradgard\/","og_locale":"sv_SE","og_type":"article","og_title":"TRUUSK Vinterfast Foliev\u00e4xthus av St\u00e5l - Dubbla D\u00f6rrar - Hyllor - Tomatv\u00e4xthus 144 x 48 x 152 cm - Vit - F\u00f6r Balkong och Tr\u00e4dg\u00e5rd - TRUUSK - Hem, Tr\u00e4dg\u00e5rd &amp; Fritid","og_description":"Detta TRUUSK v\u00e4xthus med tre niv\u00e5er och hyllor erbjuder gott om utrymme f\u00f6r blomkrukor och odlingsbrickor, skyddade av en 140g\/m\u00b2...","og_url":"https:\/\/truusk.store\/sv\/produkt\/truusk-vinterfast-folievaxthus-av-stal-dubbla-dorrar-hyllor-tomatvaxthus-144-x-48-x-152-cm-vit-for-balkong-och-tradgard\/","og_site_name":"TRUUSK - Hem, Tr\u00e4dg\u00e5rd &amp; Fritid","article_modified_time":"2026-03-12T08:46:31+00:00","og_image":[{"width":2000,"height":2000,"url":"https:\/\/i0.wp.com\/truusk.se\/wp-content\/uploads\/2025\/06\/vaxthus-med-sadeltak-dubbla-dorrar-hyllor-vinterfast-folievaxthus-av-stal-drivhus-for-balkong-tradgard-tomatvaxthus-144-x-48-x-152-cm-tomatvaxthus-for-tomater-gronsaker-vit-1.webp?fit=2000%2C2000&ssl=1","type":"image\/webp"}],"twitter_card":"summary_large_image","twitter_misc":{"Ber\u00e4knad l\u00e4stid":"1 minut"},"schema":{"@context":"https:\/\/schema.org","@graph":[{"@type":"WebPage","@id":"https:\/\/truusk.store\/sv\/produkt\/truusk-vinterfast-folievaxthus-av-stal-dubbla-dorrar-hyllor-tomatvaxthus-144-x-48-x-152-cm-vit-for-balkong-och-tradgard\/","url":"https:\/\/truusk.store\/sv\/produkt\/truusk-vinterfast-folievaxthus-av-stal-dubbla-dorrar-hyllor-tomatvaxthus-144-x-48-x-152-cm-vit-for-balkong-och-tradgard\/","name":"TRUUSK Vinterfast Foliev\u00e4xthus av St\u00e5l - Dubbla D\u00f6rrar - Hyllor - Tomatv\u00e4xthus 144 x 48 x 152 cm - Vit - F\u00f6r Balkong och Tr\u00e4dg\u00e5rd - TRUUSK - Hem, Tr\u00e4dg\u00e5rd &amp; Fritid","isPartOf":{"@id":"https:\/\/truusk.store\/sv\/#website"},"primaryImageOfPage":{"@id":"https:\/\/truusk.store\/sv\/produkt\/truusk-vinterfast-folievaxthus-av-stal-dubbla-dorrar-hyllor-tomatvaxthus-144-x-48-x-152-cm-vit-for-balkong-och-tradgard\/#primaryimage"},"image":{"@id":"https:\/\/truusk.store\/sv\/produkt\/truusk-vinterfast-folievaxthus-av-stal-dubbla-dorrar-hyllor-tomatvaxthus-144-x-48-x-152-cm-vit-for-balkong-och-tradgard\/#primaryimage"},"thumbnailUrl":"https:\/\/i0.wp.com\/truusk.store\/wp-content\/uploads\/2025\/06\/vaxthus-med-sadeltak-dubbla-dorrar-hyllor-vinterfast-folievaxthus-av-stal-drivhus-for-balkong-tradgard-tomatvaxthus-144-x-48-x-152-cm-tomatvaxthus-for-tomater-gronsaker-vit-1.webp?fit=2000%2C2000&ssl=1","datePublished":"2025-06-05T15:17:01+00:00","dateModified":"2026-03-12T08:46:31+00:00","breadcrumb":{"@id":"https:\/\/truusk.store\/sv\/produkt\/truusk-vinterfast-folievaxthus-av-stal-dubbla-dorrar-hyllor-tomatvaxthus-144-x-48-x-152-cm-vit-for-balkong-och-tradgard\/#breadcrumb"},"inLanguage":"sv-SE","potentialAction":[{"@type":"ReadAction","target":["https:\/\/truusk.store\/sv\/produkt\/truusk-vinterfast-folievaxthus-av-stal-dubbla-dorrar-hyllor-tomatvaxthus-144-x-48-x-152-cm-vit-for-balkong-och-tradgard\/"]}]},{"@type":"ImageObject","inLanguage":"sv-SE","@id":"https:\/\/truusk.store\/sv\/produkt\/truusk-vinterfast-folievaxthus-av-stal-dubbla-dorrar-hyllor-tomatvaxthus-144-x-48-x-152-cm-vit-for-balkong-och-tradgard\/#primaryimage","url":"https:\/\/i0.wp.com\/truusk.store\/wp-content\/uploads\/2025\/06\/vaxthus-med-sadeltak-dubbla-dorrar-hyllor-vinterfast-folievaxthus-av-stal-drivhus-for-balkong-tradgard-tomatvaxthus-144-x-48-x-152-cm-tomatvaxthus-for-tomater-gronsaker-vit-1.webp?fit=2000%2C2000&ssl=1","contentUrl":"https:\/\/i0.wp.com\/truusk.store\/wp-content\/uploads\/2025\/06\/vaxthus-med-sadeltak-dubbla-dorrar-hyllor-vinterfast-folievaxthus-av-stal-drivhus-for-balkong-tradgard-tomatvaxthus-144-x-48-x-152-cm-tomatvaxthus-for-tomater-gronsaker-vit-1.webp?fit=2000%2C2000&ssl=1","width":2000,"height":2000},{"@type":"BreadcrumbList","@id":"https:\/\/truusk.store\/sv\/produkt\/truusk-vinterfast-folievaxthus-av-stal-dubbla-dorrar-hyllor-tomatvaxthus-144-x-48-x-152-cm-vit-for-balkong-och-tradgard\/#breadcrumb","itemListElement":[{"@type":"ListItem","position":1,"name":"Home","item":"https:\/\/truusk.store\/sv\/"},{"@type":"ListItem","position":2,"name":"Shop","item":"https:\/\/truusk.store\/shop\/"},{"@type":"ListItem","position":3,"name":"TRUUSK Vinterfast Foliev\u00e4xthus av St\u00e5l &#8211; Dubbla D\u00f6rrar &#8211; Hyllor &#8211; Tomatv\u00e4xthus 144 x 48 x 152 cm &#8211; Vit &#8211; F\u00f6r Balkong och Tr\u00e4dg\u00e5rd"}]},{"@type":"WebSite","@id":"https:\/\/truusk.store\/sv\/#website","url":"https:\/\/truusk.store\/sv\/","name":"TRUUSK - Hem, Tr\u00e4dg\u00e5rd & Fritid","description":"","publisher":{"@id":"https:\/\/truusk.store\/sv\/#organization"},"potentialAction":[{"@type":"SearchAction","target":{"@type":"EntryPoint","urlTemplate":"https:\/\/truusk.store\/sv\/?s={search_term_string}"},"query-input":{"@type":"PropertyValueSpecification","valueRequired":true,"valueName":"search_term_string"}}],"inLanguage":"sv-SE"},{"@type":"Organization","@id":"https:\/\/truusk.store\/sv\/#organization","name":"TRUUSK - Hem, Tr\u00e4dg\u00e5rd & Fritid","url":"https:\/\/truusk.store\/sv\/","logo":{"@type":"ImageObject","inLanguage":"sv-SE","@id":"https:\/\/truusk.store\/sv\/#\/schema\/logo\/image\/","url":"https:\/\/i0.wp.com\/truusk.store\/wp-content\/uploads\/2026\/03\/cropped-TRUUSK.png?fit=2032%2C917&ssl=1","contentUrl":"https:\/\/i0.wp.com\/truusk.store\/wp-content\/uploads\/2026\/03\/cropped-TRUUSK.png?fit=2032%2C917&ssl=1","width":2032,"height":917,"caption":"TRUUSK - Hem, Tr\u00e4dg\u00e5rd & Fritid"},"image":{"@id":"https:\/\/truusk.store\/sv\/#\/schema\/logo\/image\/"}}]}},"jetpack_sharing_enabled":true,"_links":{"self":[{"href":"https:\/\/truusk.store\/sv\/wp-json\/wp\/v2\/product\/68539","targetHints":{"allow":["GET"]}}],"collection":[{"href":"https:\/\/truusk.store\/sv\/wp-json\/wp\/v2\/product"}],"about":[{"href":"https:\/\/truusk.store\/sv\/wp-json\/wp\/v2\/types\/product"}],"wp:featuredmedia":[{"embeddable":true,"href":"https:\/\/truusk.store\/sv\/wp-json\/wp\/v2\/media\/68530"}],"wp:attachment":[{"href":"https:\/\/truusk.store\/sv\/wp-json\/wp\/v2\/media?parent=68539"}],"wp:term":[{"taxonomy":"product_brand","embeddable":true,"href":"https:\/\/truusk.store\/sv\/wp-json\/wp\/v2\/product_brand?post=68539"},{"taxonomy":"product_cat","embeddable":true,"href":"https:\/\/truusk.store\/sv\/wp-json\/wp\/v2\/product_cat?post=68539"},{"taxonomy":"product_tag","embeddable":true,"href":"https:\/\/truusk.store\/sv\/wp-json\/wp\/v2\/product_tag?post=68539"}],"curies":[{"name":"wp","href":"https:\/\/api.w.org\/{rel}","templated":true}]}}